{"id":4352,"date":"2022-08-10T18:12:22","date_gmt":"2022-08-10T18:12:22","guid":{"rendered":"https:\/\/starlediluminacion.com\/?post_type=product&#038;p=4352"},"modified":"2022-08-19T20:36:43","modified_gmt":"2022-08-19T20:36:43","slug":"barra-lineal-led-integrado-superficie-texas-plata-24v-05m-1m-15m-2m","status":"publish","type":"product","link":"https:\/\/starlediluminacion.com\/fr\/product\/led-linear-bar-integrated-surface-texas-silver-24v-05m-1m-15m-2m\/","title":{"rendered":"<p>Barre lin\u00e9aire LED int\u00e9gr\u00e9e - Surface - TEXAS SILVER -24V- 0,5m - 1m - 1,5m - 2m<\/p>"},"content":{"rendered":"<div class=\"product-info-line\">\n<p id=\"product_reference\"><label>R\u00c9F\u00c9RENCE : SL<span style=\"font-size: 16px;\">05015-P<\/span><\/label><\/p>\n<p>Notre&nbsp;<strong>Luminaire professionnel<\/strong>&nbsp;lin\u00e9aire&nbsp;<strong>24V<\/strong>.<strong>&nbsp;<\/strong><strong>- TEXAS - ARGENT ANODIS\u00c9 -<\/strong>&nbsp;est con\u00e7u pour une utilisation intensive et ininterrompue de 24 heures. Nos&nbsp;<strong>barre de surface<\/strong>&nbsp;est&nbsp;<strong>fabriqu\u00e9 en Europe<\/strong>La source lumineuse est adapt\u00e9e \u00e0 vos besoins. En aluminium extrud\u00e9 d'une puret\u00e9 de 98%, la source lumineuse professionnelle est - - -.&nbsp;<strong>SMD2010 12W\/M -<\/strong>&nbsp;livraison<strong>&nbsp;1188 lumens par m\u00e8tre<\/strong>&nbsp;-&nbsp;<strong>266 Leds\/m\u00e8tre<\/strong>. Le luminaire LED int\u00e9gr\u00e9 comprend des clips de fixation, l'alimentation \u00e9lectrique n'est pas incluse. 2 m\u00e8tres de c\u00e2ble.<strong>&nbsp;3 ans de garantie.&nbsp;<\/strong><\/p>\n<p><strong>Le d\u00e9lai de production est de 5 \u00e0 7 jours ouvrables.<\/strong><strong>&nbsp;<\/strong>(du lundi au vendredi).<\/p>\n<p>Notre diffuseur est blanc opale.<\/p>\n<h1>Barre lin\u00e9aire \u00e0 LED int\u00e9gr\u00e9e 24V TEXAS Silver - Surface<\/h1>\n<p>&nbsp;<\/p>\n<p>Notre&nbsp;<strong>barre LED int\u00e9gr\u00e9e<\/strong>&nbsp;est con\u00e7u pour un usage professionnel intensif n\u00e9cessitant une haute qualit\u00e9 de lumi\u00e8re.&nbsp;<strong>- INDICE DE PERFORMANCE CHROMATIQUE +90<\/strong>-et en m\u00eame temps une bonne dur\u00e9e de vie.<\/p>\n<p>Notre gamme LED linear est polyvalente et intemporelle, elle peut \u00eatre le protagoniste de la d\u00e9coration int\u00e9rieure d'un espace ou s'y adapter. Gr\u00e2ce aux diff\u00e9rentes tailles et couleurs disponibles, il peut offrir une grande vari\u00e9t\u00e9 de sensations visuelles qui d\u00e9finiront l'espace d'une nouvelle perspective.<\/p>\n<p>Disponibles en diff\u00e9rentes longueurs et en versions suspendues ou mont\u00e9es au plafond pour r\u00e9pondre aux diff\u00e9rents besoins et hauteurs d'installation. Les luminaires, qui peuvent atteindre 2 m\u00e8tres de long, deviennent de belles traces de lumi\u00e8re qui fa\u00e7onnent l'espace.<\/p>\n<p>Notre&nbsp;<strong>profil\u00e9 LED int\u00e9gr\u00e9<\/strong>&nbsp;dessine des lignes lumineuses homog\u00e8nes qui s'adaptent \u00e0 une grande vari\u00e9t\u00e9 d'espaces avec un impact visuel minimal, r\u00e9pondant \u00e0 la fois aux besoins d'\u00e9clairage g\u00e9n\u00e9ral et \u00e0 l'\u00e9clairage par projecteurs des plans verticaux et horizontaux.<\/p>\n<p>Sa conception combine des diffuseurs \u00e0 haute transmission qui offrent un confort visuel \u00e9lev\u00e9 et une grande efficacit\u00e9 \u00e9nerg\u00e9tique.<\/p>\n<p>Notre<strong>&nbsp;luminaire lin\u00e9aire professionnel \u00e0 LED<\/strong>&nbsp;a une puissance de&nbsp;<strong>12W\/m\u00e8tre.<\/strong><\/p>\n<p>La source lumineuse de notre luminaire lin\u00e9aire \u00e0 LED comprend 266 Leds\/m\u00e8tre de&nbsp;<strong>forte luminosit\u00e9<\/strong>&nbsp;SMD2010 d\u00e9livrant 1188Lm\/m\u00e8tre ; les LED int\u00e8grent une soudure au fil d'or pour une plus longue dur\u00e9e de vie.<strong><br>\n<\/strong><\/p>\n<p>Le luminaire LED int\u00e9gr\u00e9 comprend 2 m\u00e8tres de c\u00e2ble pour un raccordement facile. La consommation du luminaire est de 6W pour 50cm ; 12W pour 100cm ; 18W pour 150cm ; et 24W pour 200cm. Le luminaire LED est fabriqu\u00e9 en aluminium 6063\/6060 de grande puret\u00e9 (98%), avec traitement thermique UNE EN 755 et UNE EN 12020-1.<\/p>\n<p>Le rev\u00eatement du luminaire est en&nbsp;<strong>haute r\u00e9sistance et qualit\u00e9<\/strong>Le rev\u00eatement argent\u00e9 est en Qualanod, d'une \u00e9paisseur de 15 microns, pour une longue dur\u00e9e de vie. Diffuseur \u00e0 haute transmission pour minimiser la perte de lumi\u00e8re.<\/p>\n<p>Notre&nbsp;<strong>barre lin\u00e9aire LED int\u00e9gr\u00e9e<\/strong>&nbsp; comme il est fabriqu\u00e9 sur mesure, il offre plusieurs possibilit\u00e9s de choisir entre un \u00e9clairage plus chaud, plus neutre ou plus froid, et plusieurs couleurs au choix.<\/p>\n<p>Le luminaire est fabriqu\u00e9 en Europe aux dimensions souhait\u00e9es par le client. Ce produit ne peut donc pas faire l'objet d'un retour, puisqu'il s'agit d'un produit sur mesure.<\/p>\n<p><strong>Le d\u00e9lai de production est de 5 \u00e0 7 jours ouvrables.<\/strong><\/p>\n<p>&nbsp;<\/p>\n<h2>Utilisations de la barre lin\u00e9aire \u00e0 LED int\u00e9gr\u00e9e - Surface - TEXAS SILVER<\/h2>\n<ul>\n<li>Magasins<\/li>\n<li>Expositions<\/li>\n<li>Industries<\/li>\n<li>Bureaux<\/li>\n<li>M\u00e9nages<\/li>\n<\/ul>\n<h3 class=\"page-product-heading\">DONN\u00c9ES TECHNIQUES<\/h3>\n<div class=\"col-xs-12 col-md-6\">\n<table class=\"table table-data-sheet 1\">\n<tbody>\n<tr class=\"odd\">\n<td valign=\"middle\" width=\"32\"><\/td>\n<td valign=\"middle\">REFERENCE :<\/td>\n<td valign=\"middle\">SL05015-P<\/td>\n<\/tr>\n<tr class=\"even\">\n<td valign=\"middle\" width=\"32\"><\/td>\n<td valign=\"middle\">Puissance nominale :<\/td>\n<td valign=\"middle\">6W 0,5m -12W 1m -18W 1,5m-24W 2m<\/td>\n<\/tr>\n<tr class=\"odd\">\n<td valign=\"middle\" width=\"32\"><\/td>\n<td valign=\"middle\">Tension nominale :<\/td>\n<td valign=\"middle\">24V DC<\/td>\n<\/tr>\n<tr class=\"even\">\n<td valign=\"middle\" width=\"32\"><\/td>\n<td valign=\"middle\">Temp\u00e9rature de la lumi\u00e8re :<\/td>\n<td valign=\"middle\">3000K-4000K-6000K -RED-GREEN-BLUE<\/td>\n<\/tr>\n<tr class=\"odd\">\n<td valign=\"middle\" width=\"32\"><\/td>\n<td valign=\"middle\">CRI - Indice de rendu des couleurs :<\/td>\n<td valign=\"middle\">90<\/td>\n<\/tr>\n<tr class=\"even\">\n<td valign=\"middle\" width=\"32\"><\/td>\n<td valign=\"middle\">Mat\u00e9riaux de construction :<\/td>\n<td valign=\"middle\">Aluminium +PC<\/td>\n<\/tr>\n<tr class=\"odd\">\n<td valign=\"middle\" width=\"32\"><\/td>\n<td valign=\"middle\">Luminosit\u00e9-Lm :<\/td>\n<td valign=\"middle\">1M:1188Lm\/2M : 2376Lm<\/td>\n<\/tr>\n<tr class=\"even\">\n<td valign=\"middle\" width=\"32\"><\/td>\n<td valign=\"middle\">Type de DEL :<\/td>\n<td valign=\"middle\">SMD2010 - 266 Chips\/M<\/td>\n<\/tr>\n<tr class=\"odd\">\n<td valign=\"middle\" width=\"32\"><\/td>\n<td valign=\"middle\">Angle d'ouverture (\u00ba) :<\/td>\n<td valign=\"middle\">120\u00ba<\/td>\n<\/tr>\n<tr class=\"even\">\n<td valign=\"middle\" width=\"32\"><\/td>\n<td valign=\"middle\">Efficacit\u00e9 de la diode LED (Lm\/W) :<\/td>\n<td valign=\"middle\">150Lm\/W<\/td>\n<\/tr>\n<tr class=\"odd\">\n<td valign=\"middle\" width=\"32\"><\/td>\n<td valign=\"middle\">Efficacit\u00e9 lumineuse (Lm\/W) :<\/td>\n<td valign=\"middle\">100 Lm\/W<\/td>\n<\/tr>\n<tr class=\"even\">\n<td valign=\"middle\" width=\"32\"><\/td>\n<td valign=\"middle\">Certificats :<\/td>\n<td valign=\"middle\">CE - ROHS<\/td>\n<\/tr>\n<\/tbody>\n<\/table>\n<\/div>\n<div class=\"col-xs-12 col-md-6 2\">\n<table class=\"table table-data-sheet 2\">\n<tbody>\n<tr class=\"odd\">\n<td valign=\"middle\" width=\"32\"><\/td>\n<td valign=\"middle\">Indice de protection IP :<\/td>\n<td valign=\"middle\">IP54<\/td>\n<\/tr>\n<tr class=\"even\">\n<td valign=\"middle\" width=\"32\"><\/td>\n<td valign=\"middle\">Dur\u00e9e de vie estim\u00e9e de la diode LED (H) :<\/td>\n<td valign=\"middle\">50.000<\/td>\n<\/tr>\n<tr class=\"odd\">\n<td valign=\"middle\" width=\"32\"><\/td>\n<td valign=\"middle\">Dimensions (mm) :<\/td>\n<td valign=\"middle\">L : 0,50m - 1m - 1,5m - 2m<\/td>\n<\/tr>\n<tr class=\"even\">\n<td valign=\"middle\" width=\"32\"><\/td>\n<td valign=\"middle\">Facteur de puissance (PF) :<\/td>\n<td valign=\"middle\">0.97<\/td>\n<\/tr>\n<tr class=\"odd\">\n<td valign=\"middle\" width=\"32\"><\/td>\n<td valign=\"middle\">Fr\u00e9quence de travail (Hz) :<\/td>\n<td valign=\"middle\">50\/60Hz<\/td>\n<\/tr>\n<tr class=\"even\">\n<td valign=\"middle\" width=\"32\"><\/td>\n<td valign=\"middle\">Plage de temp\u00e9rature (\u00baC) :<\/td>\n<td valign=\"middle\">-20\u00b0C ~ +55\u00b0C<\/td>\n<\/tr>\n<tr class=\"odd\">\n<td valign=\"middle\" width=\"32\"><\/td>\n<td valign=\"middle\">Cycles d'allumage :<\/td>\n<td valign=\"middle\">100.000<\/td>\n<\/tr>\n<tr class=\"even\">\n<td valign=\"middle\" width=\"32\"><\/td>\n<td valign=\"middle\">Temps de d\u00e9marrage (s) :<\/td>\n<td valign=\"middle\">0,2s<\/td>\n<\/tr>\n<tr class=\"even\">\n<td valign=\"middle\" width=\"32\"><\/td>\n<td valign=\"middle\">Classe \u00e9nerg\u00e9tique (2021-EU-2019\/2015) :<\/td>\n<td valign=\"middle\">A+<\/td>\n<\/tr>\n<tr class=\"odd\">\n<td valign=\"middle\" width=\"32\"><\/td>\n<td valign=\"middle\">Ann\u00e9es de garantie :<\/td>\n<td valign=\"middle\">3<\/td>\n<\/tr>\n<\/tbody>\n<\/table>\n<p>&nbsp;<\/p>\n<\/div>\n<\/div>","protected":false},"excerpt":{"rendered":"<div class=\"col-md-12\"><i class=\"fa fa-truck\"><\/i>&nbsp;<span class=\"text-muted textprop\">Livraison dans les 24\/48 heures<\/span><div class=\"col-md-12\"><i class=\"fa fa-exchange\"><\/i>&nbsp;<span class=\"text-muted textprop\">Garantie assur\u00e9e<\/span><\/div><div class=\"col-md-12\"><i class=\"fa fa-box\"><\/i>&nbsp;<span class=\"text-muted textprop\">50 unit\u00e9(s) par bo\u00eete \u00e0 outils<\/span><\/div><div><strong>TEMP\u00c9RATURE DE COULEUR : 3000K\/4000K\/6000K (BLEU\/ROUGE\/VERT)<\/strong><\/div><div><strong>LONGUEUR : 0,5M\/1M\/1,5\/2M<\/strong><\/div><\/div>","protected":false},"featured_media":4353,"template":"","meta":{"site-sidebar-layout":"default","site-content-layout":"default","ast-global-header-display":"","ast-main-header-display":"","ast-hfb-above-header-display":"","ast-hfb-below-header-display":"","ast-hfb-mobile-header-display":"","site-post-title":"","ast-breadcrumbs-content":"","ast-featured-img":"","footer-sml-layout":"","theme-transparent-header-meta":"default","adv-header-id-meta":"","stick-header-meta":"","header-above-stick-meta":"","header-main-stick-meta":"","header-below-stick-meta":""},"product_cat":[33,94,45],"product_tag":[],"class_list":["post-4352","product","type-product","status-publish","has-post-thumbnail","hentry","product_cat-barras-lineales-led","product_cat-perfiles-de-aluminio-led","product_cat-tiras-led-y-neon-flexible"],"yoast_head":"<!-- This site is optimized with the Yoast SEO plugin v27.4 - https:\/\/yoast.com\/product\/yoast-seo-wordpress\/ -->\n<title>Barra Lineal LED Integrado - Superficie - TEXAS PLATA -24V- 0,5m - 1m - 1,5m - 2m - STARLED Iluminacion<\/title>\n<meta name=\"robots\" content=\"index, follow, max-snippet:-1, max-image-preview:large, max-video-preview:-1\" \/>\n<link rel=\"canonical\" href=\"https:\/\/starlediluminacion.com\/fr\/product\/led-linear-bar-integrated-surface-texas-silver-24v-05m-1m-15m-2m\/\" \/>\n<meta property=\"og:locale\" content=\"fr_FR\" \/>\n<meta property=\"og:type\" content=\"article\" \/>\n<meta property=\"og:title\" content=\"Barra Lineal LED Integrado - Superficie - TEXAS PLATA -24V- 0,5m - 1m - 1,5m - 2m - STARLED Iluminacion\" \/>\n<meta property=\"og:description\" content=\"\u00a0Entrega en 24\/48 horas \u00a0Garant\u00eda asegurada \u00a050 unidad(es) por Masterbox TEMPERATURA DE COLOR: 3000K\/4000K\/6000K ( AZUL\/ROJO\/VERDE ) LARGO : 0.5M\/1M\/1.5\/2M\" \/>\n<meta property=\"og:url\" content=\"https:\/\/starlediluminacion.com\/fr\/product\/led-linear-bar-integrated-surface-texas-silver-24v-05m-1m-15m-2m\/\" \/>\n<meta property=\"og:site_name\" content=\"STARLED Iluminacion\" \/>\n<meta property=\"article:modified_time\" content=\"2022-08-19T20:36:43+00:00\" \/>\n<meta property=\"og:image\" content=\"https:\/\/starlediluminacion.com\/wp-content\/uploads\/2022\/08\/barra-lineal-led-integrado-superficie-texas-plata-24v-factorled-1.jpg\" \/>\n\t<meta property=\"og:image:width\" content=\"1000\" \/>\n\t<meta property=\"og:image:height\" content=\"1000\" \/>\n\t<meta property=\"og:image:type\" content=\"image\/jpeg\" \/>\n<meta name=\"twitter:card\" content=\"summary_large_image\" \/>\n<meta name=\"twitter:label1\" content=\"Dur\u00e9e de lecture estim\u00e9e\" \/>\n\t<meta name=\"twitter:data1\" content=\"3 minutes\" \/>\n<script type=\"application\/ld+json\" class=\"yoast-schema-graph\">{\"@context\":\"https:\\\/\\\/schema.org\",\"@graph\":[{\"@type\":\"WebPage\",\"@id\":\"https:\\\/\\\/starlediluminacion.com\\\/producto\\\/barra-lineal-led-integrado-superficie-texas-plata-24v-05m-1m-15m-2m\\\/\",\"url\":\"https:\\\/\\\/starlediluminacion.com\\\/producto\\\/barra-lineal-led-integrado-superficie-texas-plata-24v-05m-1m-15m-2m\\\/\",\"name\":\"Barra Lineal LED Integrado - Superficie - TEXAS PLATA -24V- 0,5m - 1m - 1,5m - 2m - STARLED Iluminacion\",\"isPartOf\":{\"@id\":\"https:\\\/\\\/starlediluminacion.com\\\/#website\"},\"primaryImageOfPage\":{\"@id\":\"https:\\\/\\\/starlediluminacion.com\\\/producto\\\/barra-lineal-led-integrado-superficie-texas-plata-24v-05m-1m-15m-2m\\\/#primaryimage\"},\"image\":{\"@id\":\"https:\\\/\\\/starlediluminacion.com\\\/producto\\\/barra-lineal-led-integrado-superficie-texas-plata-24v-05m-1m-15m-2m\\\/#primaryimage\"},\"thumbnailUrl\":\"https:\\\/\\\/starlediluminacion.com\\\/wp-content\\\/uploads\\\/2022\\\/08\\\/barra-lineal-led-integrado-superficie-texas-plata-24v-factorled-1.jpg\",\"datePublished\":\"2022-08-10T18:12:22+00:00\",\"dateModified\":\"2022-08-19T20:36:43+00:00\",\"breadcrumb\":{\"@id\":\"https:\\\/\\\/starlediluminacion.com\\\/producto\\\/barra-lineal-led-integrado-superficie-texas-plata-24v-05m-1m-15m-2m\\\/#breadcrumb\"},\"inLanguage\":\"fr-FR\",\"potentialAction\":[{\"@type\":\"ReadAction\",\"target\":[\"https:\\\/\\\/starlediluminacion.com\\\/producto\\\/barra-lineal-led-integrado-superficie-texas-plata-24v-05m-1m-15m-2m\\\/\"]}]},{\"@type\":\"ImageObject\",\"inLanguage\":\"fr-FR\",\"@id\":\"https:\\\/\\\/starlediluminacion.com\\\/producto\\\/barra-lineal-led-integrado-superficie-texas-plata-24v-05m-1m-15m-2m\\\/#primaryimage\",\"url\":\"https:\\\/\\\/starlediluminacion.com\\\/wp-content\\\/uploads\\\/2022\\\/08\\\/barra-lineal-led-integrado-superficie-texas-plata-24v-factorled-1.jpg\",\"contentUrl\":\"https:\\\/\\\/starlediluminacion.com\\\/wp-content\\\/uploads\\\/2022\\\/08\\\/barra-lineal-led-integrado-superficie-texas-plata-24v-factorled-1.jpg\",\"width\":1000,\"height\":1000},{\"@type\":\"BreadcrumbList\",\"@id\":\"https:\\\/\\\/starlediluminacion.com\\\/producto\\\/barra-lineal-led-integrado-superficie-texas-plata-24v-05m-1m-15m-2m\\\/#breadcrumb\",\"itemListElement\":[{\"@type\":\"ListItem\",\"position\":1,\"name\":\"Portada\",\"item\":\"https:\\\/\\\/starlediluminacion.com\\\/\"},{\"@type\":\"ListItem\",\"position\":2,\"name\":\"Shop\",\"item\":\"https:\\\/\\\/starlediluminacion.com\\\/shop-2\\\/\"},{\"@type\":\"ListItem\",\"position\":3,\"name\":\"Barra Lineal LED Integrado &#8211; Superficie &#8211; TEXAS PLATA -24V- 0,5m &#8211; 1m &#8211; 1,5m &#8211; 2m\"}]},{\"@type\":\"WebSite\",\"@id\":\"https:\\\/\\\/starlediluminacion.com\\\/#website\",\"url\":\"https:\\\/\\\/starlediluminacion.com\\\/\",\"name\":\"STARLED Iluminacion\",\"description\":\"\",\"potentialAction\":[{\"@type\":\"SearchAction\",\"target\":{\"@type\":\"EntryPoint\",\"urlTemplate\":\"https:\\\/\\\/starlediluminacion.com\\\/?s={search_term_string}\"},\"query-input\":{\"@type\":\"PropertyValueSpecification\",\"valueRequired\":true,\"valueName\":\"search_term_string\"}}],\"inLanguage\":\"fr-FR\"}]}<\/script>\n<!-- \/ Yoast SEO plugin. -->","yoast_head_json":{"title":"Barra Lineal LED Integrado - Superficie - TEXAS PLATA -24V- 0,5m - 1m - 1,5m - 2m - STARLED Iluminacion","robots":{"index":"index","follow":"follow","max-snippet":"max-snippet:-1","max-image-preview":"max-image-preview:large","max-video-preview":"max-video-preview:-1"},"canonical":"https:\/\/starlediluminacion.com\/fr\/product\/led-linear-bar-integrated-surface-texas-silver-24v-05m-1m-15m-2m\/","og_locale":"fr_FR","og_type":"article","og_title":"Barra Lineal LED Integrado - Superficie - TEXAS PLATA -24V- 0,5m - 1m - 1,5m - 2m - STARLED Iluminacion","og_description":"\u00a0Entrega en 24\/48 horas \u00a0Garant\u00eda asegurada \u00a050 unidad(es) por Masterbox TEMPERATURA DE COLOR: 3000K\/4000K\/6000K ( AZUL\/ROJO\/VERDE ) LARGO : 0.5M\/1M\/1.5\/2M","og_url":"https:\/\/starlediluminacion.com\/fr\/product\/led-linear-bar-integrated-surface-texas-silver-24v-05m-1m-15m-2m\/","og_site_name":"STARLED Iluminacion","article_modified_time":"2022-08-19T20:36:43+00:00","og_image":[{"width":1000,"height":1000,"url":"https:\/\/starlediluminacion.com\/wp-content\/uploads\/2022\/08\/barra-lineal-led-integrado-superficie-texas-plata-24v-factorled-1.jpg","type":"image\/jpeg"}],"twitter_card":"summary_large_image","twitter_misc":{"Dur\u00e9e de lecture estim\u00e9e":"3 minutes"},"schema":{"@context":"https:\/\/schema.org","@graph":[{"@type":"WebPage","@id":"https:\/\/starlediluminacion.com\/producto\/barra-lineal-led-integrado-superficie-texas-plata-24v-05m-1m-15m-2m\/","url":"https:\/\/starlediluminacion.com\/producto\/barra-lineal-led-integrado-superficie-texas-plata-24v-05m-1m-15m-2m\/","name":"Barra Lineal LED Integrado - Superficie - TEXAS PLATA -24V- 0,5m - 1m - 1,5m - 2m - STARLED Iluminacion","isPartOf":{"@id":"https:\/\/starlediluminacion.com\/#website"},"primaryImageOfPage":{"@id":"https:\/\/starlediluminacion.com\/producto\/barra-lineal-led-integrado-superficie-texas-plata-24v-05m-1m-15m-2m\/#primaryimage"},"image":{"@id":"https:\/\/starlediluminacion.com\/producto\/barra-lineal-led-integrado-superficie-texas-plata-24v-05m-1m-15m-2m\/#primaryimage"},"thumbnailUrl":"https:\/\/starlediluminacion.com\/wp-content\/uploads\/2022\/08\/barra-lineal-led-integrado-superficie-texas-plata-24v-factorled-1.jpg","datePublished":"2022-08-10T18:12:22+00:00","dateModified":"2022-08-19T20:36:43+00:00","breadcrumb":{"@id":"https:\/\/starlediluminacion.com\/producto\/barra-lineal-led-integrado-superficie-texas-plata-24v-05m-1m-15m-2m\/#breadcrumb"},"inLanguage":"fr-FR","potentialAction":[{"@type":"ReadAction","target":["https:\/\/starlediluminacion.com\/producto\/barra-lineal-led-integrado-superficie-texas-plata-24v-05m-1m-15m-2m\/"]}]},{"@type":"ImageObject","inLanguage":"fr-FR","@id":"https:\/\/starlediluminacion.com\/producto\/barra-lineal-led-integrado-superficie-texas-plata-24v-05m-1m-15m-2m\/#primaryimage","url":"https:\/\/starlediluminacion.com\/wp-content\/uploads\/2022\/08\/barra-lineal-led-integrado-superficie-texas-plata-24v-factorled-1.jpg","contentUrl":"https:\/\/starlediluminacion.com\/wp-content\/uploads\/2022\/08\/barra-lineal-led-integrado-superficie-texas-plata-24v-factorled-1.jpg","width":1000,"height":1000},{"@type":"BreadcrumbList","@id":"https:\/\/starlediluminacion.com\/producto\/barra-lineal-led-integrado-superficie-texas-plata-24v-05m-1m-15m-2m\/#breadcrumb","itemListElement":[{"@type":"ListItem","position":1,"name":"Portada","item":"https:\/\/starlediluminacion.com\/"},{"@type":"ListItem","position":2,"name":"Shop","item":"https:\/\/starlediluminacion.com\/shop-2\/"},{"@type":"ListItem","position":3,"name":"Barra Lineal LED Integrado &#8211; Superficie &#8211; TEXAS PLATA -24V- 0,5m &#8211; 1m &#8211; 1,5m &#8211; 2m"}]},{"@type":"WebSite","@id":"https:\/\/starlediluminacion.com\/#website","url":"https:\/\/starlediluminacion.com\/","name":"STARLED Iluminacion","description":"","potentialAction":[{"@type":"SearchAction","target":{"@type":"EntryPoint","urlTemplate":"https:\/\/starlediluminacion.com\/?s={search_term_string}"},"query-input":{"@type":"PropertyValueSpecification","valueRequired":true,"valueName":"search_term_string"}}],"inLanguage":"fr-FR"}]}},"_links":{"self":[{"href":"https:\/\/starlediluminacion.com\/fr\/wp-json\/wp\/v3\/product\/4352","targetHints":{"allow":["GET"]}}],"collection":[{"href":"https:\/\/starlediluminacion.com\/fr\/wp-json\/wp\/v3\/product"}],"about":[{"href":"https:\/\/starlediluminacion.com\/fr\/wp-json\/wp\/v2\/types\/product"}],"wp:featuredmedia":[{"embeddable":true,"href":"https:\/\/starlediluminacion.com\/fr\/wp-json\/wp\/v2\/media\/4353"}],"wp:attachment":[{"href":"https:\/\/starlediluminacion.com\/fr\/wp-json\/wp\/v2\/media?parent=4352"}],"wp:term":[{"taxonomy":"product_cat","embeddable":true,"href":"https:\/\/starlediluminacion.com\/fr\/wp-json\/wp\/v2\/product_cat?post=4352"},{"taxonomy":"product_tag","embeddable":true,"href":"https:\/\/starlediluminacion.com\/fr\/wp-json\/wp\/v2\/product_tag?post=4352"}],"curies":[{"name":"wp","href":"https:\/\/api.w.org\/{rel}","templated":true}]}}