{"id":4189,"date":"2022-08-09T16:07:26","date_gmt":"2022-08-09T16:07:26","guid":{"rendered":"https:\/\/starlediluminacion.com\/?post_type=product&#038;p=4189"},"modified":"2025-10-18T10:02:02","modified_gmt":"2025-10-18T10:02:02","slug":"campana-led-200w-180lm-ufo-italy-philips-xitanium-1-10v-dim","status":"publish","type":"product","link":"https:\/\/starlediluminacion.com\/fr\/product\/campana-led-200w-180lm-ufo-italy-philips-xitanium-1-10v-dim\/","title":{"rendered":"<p>hotte led 200w 180lm ufo italy xitanium - 1-10v dim<\/p>"},"content":{"rendered":"<div class=\"product-info-line\">\n<p id=\"product_reference\"><label>referencia: sl<span style=\"font-size: 16px;\">hb200w-italy-90603<\/span><\/label><\/p>\n<div class=\"hidden-xs parrafo\">\n<p>nueva generaci&oacute;n de&nbsp;<strong>campana led ufo italy 200w&nbsp;<\/strong>con diodos de alta luminosidad smd 2835<strong>.<\/strong>&nbsp;la campana tiene&nbsp;<strong>6 a&ntilde;os de garant&iacute;a. dimable 1-10v<\/strong>. se puede utilizar tanto en interior como en exterior gracias a su protecci&oacute;n&nbsp;<strong>ip65.<\/strong><\/p>\n<\/div>\n<div id=\"views_block\" class=\"clearfix\">\n<div id=\"thumbs_list\">\n<h1><strong>campana industrial led 200w ufo italy  xitanium dimable<\/strong><\/h1>\n<p>la serie&nbsp;<strong>&ndash; ufo italy&nbsp;<\/strong>- de<strong>&nbsp;campanas led industriales<\/strong>&nbsp;integran el diodo&nbsp;2835&nbsp;con 195lm\/w y un rendimiento de 130lm\/w de alta calidad y fiabilidad. con dise&ntilde;o patentado exclusivo, compacto y elegante cuenta con un disipador de aluminio de alta calidad para mejorar la disipaci&oacute;n del calor que por efecto convecci&oacute;n de alta eficacia.<\/p>\n<p>a&nbsp;<strong>driver xitanium dimable 1-10v<\/strong>&nbsp;Cela vous permet de faire varier l'\u00e9clairage \u00e0 votre guise pour cr\u00e9er l'ambiance souhait\u00e9e.<\/p>\n<p>la campana &ndash;<strong>ufo italy&nbsp;dimable<\/strong>- a&nbsp;<strong>6 ans de garantie<\/strong><\/p>\n<p>les&nbsp;<strong>cloche&nbsp;<\/strong>led&nbsp;italy<strong>&nbsp;<\/strong>a&nbsp;<strong>200w<\/strong>&nbsp;de potencia y una gran eficiencia lum&iacute;nica. su encendido instant&aacute;neo permite un arranque r&aacute;pido y un m&aacute;ximo ahorro en el consumo.<\/p>\n<p>es muy f&aacute;cil de instalar la ufo porque incorpora una argolla de sujeci&oacute;n. la campana permite su limpieza con agua gracias a su alto grado de&nbsp;<strong>protecci&oacute;n ip65.<\/strong><\/p>\n<p>disponemos de distintos tipos de temperatura, que te proporcionar&aacute; distintos tonos de luz; blanco neutro (4000k), blanco fr&iacute;o (6000k).<\/p>\n<p>&nbsp;<\/p>\n<h2><strong>usos de la&nbsp;campana led 200w ufo&nbsp;italy  xitanium &ndash; dimable<\/strong><\/h2>\n<ul>\n<li>entrep\u00f4ts industriels<\/li>\n<li>oficinas industriales<\/li>\n<li>entornos industriales de trabajos de precisi&oacute;n<\/li>\n<li>talleres<\/li>\n<li>gasolineras<\/li>\n<li>f&aacute;bricas<\/li>\n<\/ul>\n<h3 class=\"page-product-heading\">d\u00e9tails techniques<\/h3>\n<div class=\"col-xs-12 col-md-6\">\n<table class=\"table table-data-sheet 1\">\n<tbody>\n<tr class=\"odd\">\n<td valign=\"middle\" width=\"32\"><\/td>\n<td valign=\"middle\">r\u00e9f\u00e9rence :<\/td>\n<td valign=\"middle\">slhb200w-italy<\/td>\n<\/tr>\n<tr class=\"even\">\n<td valign=\"middle\" width=\"32\"><\/td>\n<td valign=\"middle\">Puissance nominale :<\/td>\n<td valign=\"middle\">200w<\/td>\n<\/tr>\n<tr class=\"odd\">\n<td valign=\"middle\" width=\"32\"><\/td>\n<td valign=\"middle\">tension nominale :<\/td>\n<td valign=\"middle\">175-265v<\/td>\n<\/tr>\n<tr class=\"even\">\n<td valign=\"middle\" width=\"32\"><\/td>\n<td valign=\"middle\">la temp\u00e9rature de la lumi\u00e8re :<\/td>\n<td valign=\"middle\">4000k-5700k<\/td>\n<\/tr>\n<tr class=\"odd\">\n<td valign=\"middle\" width=\"32\"><\/td>\n<td valign=\"middle\">cri -index de reproduction chromatique :<\/td>\n<td valign=\"middle\">70<\/td>\n<\/tr>\n<tr class=\"even\">\n<td valign=\"middle\" width=\"32\"><\/td>\n<td valign=\"middle\">mat\u00e9riau de construction :<\/td>\n<td valign=\"middle\">aluminio +cristal<\/td>\n<\/tr>\n<tr class=\"odd\">\n<td valign=\"middle\" width=\"32\"><\/td>\n<td valign=\"middle\">luminosit\u00e9-lm :<\/td>\n<td valign=\"middle\">34000lm<\/td>\n<\/tr>\n<tr class=\"even\">\n<td valign=\"middle\" width=\"32\"><\/td>\n<td valign=\"middle\">type de LED :<\/td>\n<td valign=\"middle\">smd 2835<\/td>\n<\/tr>\n<tr class=\"odd\">\n<td valign=\"middle\" width=\"32\"><\/td>\n<td valign=\"middle\">angle d'ouverture (\u00ba) :<\/td>\n<td valign=\"middle\">90\u00b0<\/td>\n<\/tr>\n<tr class=\"even\">\n<td valign=\"middle\" width=\"32\"><\/td>\n<td valign=\"middle\">efficacit\u00e9 des diodes LED (lm\/w) :<\/td>\n<td valign=\"middle\">195lm\/w<\/td>\n<\/tr>\n<tr class=\"odd\">\n<td valign=\"middle\" width=\"32\"><\/td>\n<td valign=\"middle\">efficacit\u00e9 lumineuse (lm\/w) :<\/td>\n<td valign=\"middle\">170 lm\/w<\/td>\n<\/tr>\n<tr class=\"even\">\n<td valign=\"middle\" width=\"32\"><\/td>\n<td valign=\"middle\">dimable :<\/td>\n<td valign=\"middle\">1-10v<\/td>\n<\/tr>\n<tr class=\"odd\">\n<td valign=\"middle\" width=\"32\"><\/td>\n<td valign=\"middle\">certificats :<\/td>\n<td valign=\"middle\">ce - rohs<\/td>\n<\/tr>\n<\/tbody>\n<\/table>\n<\/div>\n<div class=\"col-xs-12 col-md-6 2\">\n<table class=\"table table-data-sheet 2\">\n<tbody>\n<tr class=\"odd\">\n<td valign=\"middle\" width=\"32\"><\/td>\n<td valign=\"middle\">degr\u00e9 d'ip :<\/td>\n<td valign=\"middle\">ip65-externe<\/td>\n<\/tr>\n<tr class=\"even\">\n<td valign=\"middle\" width=\"32\"><\/td>\n<td valign=\"middle\">dur\u00e9e de vie estim\u00e9e de la diode LED (h) :<\/td>\n<td valign=\"middle\">35.000<\/td>\n<\/tr>\n<tr class=\"odd\">\n<td valign=\"middle\" width=\"32\"><\/td>\n<td valign=\"middle\">dimensions (mm) :<\/td>\n<td valign=\"middle\">&oslash;305xh175mm<\/td>\n<\/tr>\n<tr class=\"even\">\n<td valign=\"middle\" width=\"32\"><\/td>\n<td valign=\"middle\">facteur de puissance (pf) :<\/td>\n<td valign=\"middle\">0.95<\/td>\n<\/tr>\n<tr class=\"odd\">\n<td valign=\"middle\" width=\"32\"><\/td>\n<td valign=\"middle\">fr\u00e9quence de travail (hz) :<\/td>\n<td valign=\"middle\">50\/60hz<\/td>\n<\/tr>\n<tr class=\"even\">\n<td valign=\"middle\" width=\"32\"><\/td>\n<td valign=\"middle\">plage de temp\u00e9rature (\u00baC) :<\/td>\n<td valign=\"middle\">-20\u00b0c ~ +55\u00b0c<\/td>\n<\/tr>\n<tr class=\"odd\">\n<td valign=\"middle\" width=\"32\"><\/td>\n<td valign=\"middle\">les cycles d'allumage :<\/td>\n<td valign=\"middle\">100.000<\/td>\n<\/tr>\n<tr class=\"even\">\n<td valign=\"middle\" width=\"32\"><\/td>\n<td valign=\"middle\">temps de d\u00e9marrage (s) :<\/td>\n<td valign=\"middle\">0,2s<\/td>\n<\/tr>\n<tr class=\"odd\">\n<td valign=\"middle\" width=\"32\"><\/td>\n<td valign=\"middle\">protection contre les chocs (ik) :<\/td>\n<td valign=\"middle\">ik08<\/td>\n<\/tr>\n<tr class=\"even\">\n<td valign=\"middle\" width=\"32\"><\/td>\n<td valign=\"middle\">conducteur inclus :<\/td>\n<td valign=\"middle\">conducteur sans scintillement - sans scintillement<\/td>\n<\/tr>\n<tr class=\"odd\">\n<td valign=\"middle\" width=\"32\"><\/td>\n<td valign=\"middle\">classe \u00e9nerg\u00e9tique (2021-EU-2019\/2015) :<\/td>\n<td valign=\"middle\">a+<\/td>\n<\/tr>\n<tr class=\"even\">\n<td valign=\"middle\" width=\"32\"><\/td>\n<td valign=\"middle\">classe \u00e9nerg\u00e9tique (2023 - eu-2019\/2015) :<\/td>\n<td valign=\"middle\">b<\/td>\n<\/tr>\n<tr class=\"odd\">\n<td valign=\"middle\" width=\"32\"><\/td>\n<td valign=\"middle\">ann\u00e9es de garantie :<\/td>\n<td valign=\"middle\">6<\/td>\n<\/tr>\n<\/tbody>\n<\/table>\n<p>&nbsp;<\/p>\n<\/div>\n<\/div>\n<\/div>\n<\/div>","protected":false},"excerpt":{"rendered":"<div class=\"col-md-12\"><i class=\"fa fa-truck\"><\/i>&nbsp;<span class=\"text-muted textprop\">Livraison dans les 24\/48 heures<\/span><div class=\"col-md-12\"><i class=\"fa fa-exchange\"><\/i>&nbsp;<span class=\"text-muted textprop\">Garantie assur\u00e9e<\/span><\/div><div class=\"col-md-12\"><i class=\"fa fa-box\"><\/i>&nbsp;<span class=\"text-muted textprop\">1 unit\u00e9(s) par bo\u00eete \u00e0 outils<\/span><\/div><div><strong>TEMP\u00c9RATURE DE COULEUR : 4000K\/6000K<\/strong><\/div><\/div>","protected":false},"featured_media":0,"template":"","meta":{"site-sidebar-layout":"default","site-content-layout":"default","ast-global-header-display":"","ast-main-header-display":"","ast-hfb-above-header-display":"","ast-hfb-below-header-display":"","ast-hfb-mobile-header-display":"","site-post-title":"","ast-breadcrumbs-content":"","ast-featured-img":"","footer-sml-layout":"","theme-transparent-header-meta":"default","adv-header-id-meta":"","stick-header-meta":"","header-above-stick-meta":"","header-main-stick-meta":"","header-below-stick-meta":""},"product_cat":[100,29],"product_tag":[],"class_list":["post-4189","product","type-product","status-publish","hentry","product_cat-campanas-industriales-pro-led-ufo","product_cat-iluminacion-industrial-led"],"yoast_head":"<!-- This site is optimized with the Yoast SEO plugin v27.4 - https:\/\/yoast.com\/product\/yoast-seo-wordpress\/ -->\n<title>campana led 200w 180lm ufo italy xitanium - 1-10v dim - STARLED Iluminacion<\/title>\n<meta name=\"robots\" content=\"index, follow, max-snippet:-1, max-image-preview:large, max-video-preview:-1\" \/>\n<link rel=\"canonical\" href=\"https:\/\/starlediluminacion.com\/fr\/product\/campana-led-200w-180lm-ufo-italy-philips-xitanium-1-10v-dim\/\" \/>\n<meta property=\"og:locale\" content=\"fr_FR\" \/>\n<meta property=\"og:type\" content=\"article\" \/>\n<meta property=\"og:title\" content=\"campana led 200w 180lm ufo italy xitanium - 1-10v dim - STARLED Iluminacion\" \/>\n<meta property=\"og:description\" content=\"\u00a0Entrega en 24\/48 horas \u00a0Garant\u00eda asegurada \u00a01 unidad(es) por Masterbox TEMPERATURA DE COLOR: 4000K\/6000K\" \/>\n<meta property=\"og:url\" content=\"https:\/\/starlediluminacion.com\/fr\/product\/campana-led-200w-180lm-ufo-italy-philips-xitanium-1-10v-dim\/\" \/>\n<meta property=\"og:site_name\" content=\"STARLED Iluminacion\" \/>\n<meta property=\"article:modified_time\" content=\"2025-10-18T10:02:02+00:00\" \/>\n<meta name=\"twitter:card\" content=\"summary_large_image\" \/>\n<meta name=\"twitter:label1\" content=\"Dur\u00e9e de lecture estim\u00e9e\" \/>\n\t<meta name=\"twitter:data1\" content=\"2 minutes\" \/>\n<script type=\"application\/ld+json\" class=\"yoast-schema-graph\">{\"@context\":\"https:\\\/\\\/schema.org\",\"@graph\":[{\"@type\":\"WebPage\",\"@id\":\"https:\\\/\\\/starlediluminacion.com\\\/producto\\\/campana-led-200w-180lm-ufo-italy-philips-xitanium-1-10v-dim\\\/\",\"url\":\"https:\\\/\\\/starlediluminacion.com\\\/producto\\\/campana-led-200w-180lm-ufo-italy-philips-xitanium-1-10v-dim\\\/\",\"name\":\"campana led 200w 180lm ufo italy xitanium - 1-10v dim - STARLED Iluminacion\",\"isPartOf\":{\"@id\":\"https:\\\/\\\/starlediluminacion.com\\\/#website\"},\"datePublished\":\"2022-08-09T16:07:26+00:00\",\"dateModified\":\"2025-10-18T10:02:02+00:00\",\"breadcrumb\":{\"@id\":\"https:\\\/\\\/starlediluminacion.com\\\/producto\\\/campana-led-200w-180lm-ufo-italy-philips-xitanium-1-10v-dim\\\/#breadcrumb\"},\"inLanguage\":\"fr-FR\",\"potentialAction\":[{\"@type\":\"ReadAction\",\"target\":[\"https:\\\/\\\/starlediluminacion.com\\\/producto\\\/campana-led-200w-180lm-ufo-italy-philips-xitanium-1-10v-dim\\\/\"]}]},{\"@type\":\"BreadcrumbList\",\"@id\":\"https:\\\/\\\/starlediluminacion.com\\\/producto\\\/campana-led-200w-180lm-ufo-italy-philips-xitanium-1-10v-dim\\\/#breadcrumb\",\"itemListElement\":[{\"@type\":\"ListItem\",\"position\":1,\"name\":\"Portada\",\"item\":\"https:\\\/\\\/starlediluminacion.com\\\/\"},{\"@type\":\"ListItem\",\"position\":2,\"name\":\"Shop\",\"item\":\"https:\\\/\\\/starlediluminacion.com\\\/shop-2\\\/\"},{\"@type\":\"ListItem\",\"position\":3,\"name\":\"campana led 200w 180lm ufo italy xitanium &#8211; 1-10v dim\"}]},{\"@type\":\"WebSite\",\"@id\":\"https:\\\/\\\/starlediluminacion.com\\\/#website\",\"url\":\"https:\\\/\\\/starlediluminacion.com\\\/\",\"name\":\"STARLED Iluminacion\",\"description\":\"\",\"potentialAction\":[{\"@type\":\"SearchAction\",\"target\":{\"@type\":\"EntryPoint\",\"urlTemplate\":\"https:\\\/\\\/starlediluminacion.com\\\/?s={search_term_string}\"},\"query-input\":{\"@type\":\"PropertyValueSpecification\",\"valueRequired\":true,\"valueName\":\"search_term_string\"}}],\"inLanguage\":\"fr-FR\"}]}<\/script>\n<!-- \/ Yoast SEO plugin. -->","yoast_head_json":{"title":"campana led 200w 180lm ufo italy xitanium - 1-10v dim - STARLED Iluminacion","robots":{"index":"index","follow":"follow","max-snippet":"max-snippet:-1","max-image-preview":"max-image-preview:large","max-video-preview":"max-video-preview:-1"},"canonical":"https:\/\/starlediluminacion.com\/fr\/product\/campana-led-200w-180lm-ufo-italy-philips-xitanium-1-10v-dim\/","og_locale":"fr_FR","og_type":"article","og_title":"campana led 200w 180lm ufo italy xitanium - 1-10v dim - STARLED Iluminacion","og_description":"\u00a0Entrega en 24\/48 horas \u00a0Garant\u00eda asegurada \u00a01 unidad(es) por Masterbox TEMPERATURA DE COLOR: 4000K\/6000K","og_url":"https:\/\/starlediluminacion.com\/fr\/product\/campana-led-200w-180lm-ufo-italy-philips-xitanium-1-10v-dim\/","og_site_name":"STARLED Iluminacion","article_modified_time":"2025-10-18T10:02:02+00:00","twitter_card":"summary_large_image","twitter_misc":{"Dur\u00e9e de lecture estim\u00e9e":"2 minutes"},"schema":{"@context":"https:\/\/schema.org","@graph":[{"@type":"WebPage","@id":"https:\/\/starlediluminacion.com\/producto\/campana-led-200w-180lm-ufo-italy-philips-xitanium-1-10v-dim\/","url":"https:\/\/starlediluminacion.com\/producto\/campana-led-200w-180lm-ufo-italy-philips-xitanium-1-10v-dim\/","name":"campana led 200w 180lm ufo italy xitanium - 1-10v dim - STARLED Iluminacion","isPartOf":{"@id":"https:\/\/starlediluminacion.com\/#website"},"datePublished":"2022-08-09T16:07:26+00:00","dateModified":"2025-10-18T10:02:02+00:00","breadcrumb":{"@id":"https:\/\/starlediluminacion.com\/producto\/campana-led-200w-180lm-ufo-italy-philips-xitanium-1-10v-dim\/#breadcrumb"},"inLanguage":"fr-FR","potentialAction":[{"@type":"ReadAction","target":["https:\/\/starlediluminacion.com\/producto\/campana-led-200w-180lm-ufo-italy-philips-xitanium-1-10v-dim\/"]}]},{"@type":"BreadcrumbList","@id":"https:\/\/starlediluminacion.com\/producto\/campana-led-200w-180lm-ufo-italy-philips-xitanium-1-10v-dim\/#breadcrumb","itemListElement":[{"@type":"ListItem","position":1,"name":"Portada","item":"https:\/\/starlediluminacion.com\/"},{"@type":"ListItem","position":2,"name":"Shop","item":"https:\/\/starlediluminacion.com\/shop-2\/"},{"@type":"ListItem","position":3,"name":"campana led 200w 180lm ufo italy xitanium &#8211; 1-10v dim"}]},{"@type":"WebSite","@id":"https:\/\/starlediluminacion.com\/#website","url":"https:\/\/starlediluminacion.com\/","name":"STARLED Iluminacion","description":"","potentialAction":[{"@type":"SearchAction","target":{"@type":"EntryPoint","urlTemplate":"https:\/\/starlediluminacion.com\/?s={search_term_string}"},"query-input":{"@type":"PropertyValueSpecification","valueRequired":true,"valueName":"search_term_string"}}],"inLanguage":"fr-FR"}]}},"_links":{"self":[{"href":"https:\/\/starlediluminacion.com\/fr\/wp-json\/wp\/v3\/product\/4189","targetHints":{"allow":["GET"]}}],"collection":[{"href":"https:\/\/starlediluminacion.com\/fr\/wp-json\/wp\/v3\/product"}],"about":[{"href":"https:\/\/starlediluminacion.com\/fr\/wp-json\/wp\/v2\/types\/product"}],"wp:attachment":[{"href":"https:\/\/starlediluminacion.com\/fr\/wp-json\/wp\/v2\/media?parent=4189"}],"wp:term":[{"taxonomy":"product_cat","embeddable":true,"href":"https:\/\/starlediluminacion.com\/fr\/wp-json\/wp\/v2\/product_cat?post=4189"},{"taxonomy":"product_tag","embeddable":true,"href":"https:\/\/starlediluminacion.com\/fr\/wp-json\/wp\/v2\/product_tag?post=4189"}],"curies":[{"name":"wp","href":"https:\/\/api.w.org\/{rel}","templated":true}]}}