{"id":4049,"date":"2022-08-09T13:24:27","date_gmt":"2022-08-09T13:24:27","guid":{"rendered":"https:\/\/starlediluminacion.com\/?post_type=product&#038;p=4049"},"modified":"2022-08-15T11:20:25","modified_gmt":"2022-08-15T11:20:25","slug":"farola-led-100w-solar-profesional-ultra-slim-con-sensor-de-movimiento-150lm-w","status":"publish","type":"product","link":"https:\/\/starlediluminacion.com\/fr\/product\/street-led-lamp-100w-solar-professional-ultra-slim-avec-detecteur-de-mouvement-150lm-w\/","title":{"rendered":"<p>Projecteur solaire \u00e0 LED 100W PROFESSIONNEL - ULTRA SLIM - avec d\u00e9tecteur de mouvement 150lm\/W<\/p>"},"content":{"rendered":"<div class=\"product-info-line\">\n<p id=\"product_reference\"><label>R\u00c9F\u00c9RENCE : SL<span style=\"font-size: 16px;\">90455<\/span><\/label><\/p>\n<div class=\"hidden-xs parrafo\">\n<p>Les&nbsp;<strong>Lanterne solaire aluminium 100W Bridgelux Chip High Power.&nbsp;<\/strong>Il est \u00e9quip\u00e9 d'un d\u00e9tecteur de mouvement<strong>&nbsp;<\/strong>est parfait pour l'\u00e9clairage public de tous les types de routes, en particulier celles qui ne sont pas aliment\u00e9es par le r\u00e9seau \u00e9lectrique. Il n'est pas n\u00e9cessaire de le raccorder au r\u00e9seau \u00e9lectrique. Contr\u00f4leur MPPT.&nbsp;<strong>Fonctionnement du capteur radar :<\/strong>&nbsp;100% lors de la d\u00e9tection de 20 secondes, 20% lorsqu'aucun mouvement n'est d\u00e9tect\u00e9. Bouton de commande inclus. Couleur&nbsp;<strong>5000K.<br>\n<\/strong><\/p>\n<\/div>\n<div id=\"views_block-1\" class=\"clearfix\">\n<div id=\"thumbs_list\">\n<h1>Projecteur LED 100W SOLAR CHIP PROFESSIONNEL - ULTRA SLIM - Technologie MPPT -<br>\navec d\u00e9tecteur de mouvement. Bouton de commande - ALUMINIUM<\/h1>\n<p>Si vous avez besoin d'acheter un magnifique&nbsp;<strong>SOLAR LED Streetlight 100w Chip&nbsp;<\/strong>haute luminosit\u00e9 avec&nbsp;<strong>d\u00e9tecteur de mouvement<\/strong>&nbsp;Pour \u00e9clairer une grande partie de votre jardin ext\u00e9rieur ou l'entr\u00e9e de votre maison, sans avoir \u00e0 le brancher sur le secteur, ce lampadaire vous sera d'une grande utilit\u00e9.<\/p>\n<p>Les&nbsp;<strong>lampadaire solaire professionnel<\/strong>&nbsp;dispose d'un panneau solaire&nbsp;<strong>Monocristallin<\/strong>&nbsp;et&nbsp;<strong>Batterie<\/strong>&nbsp;d'une longue dur\u00e9e de vie et d'une&nbsp;<strong>Lithium Ion (Li Fepo4)&nbsp;<\/strong>avec des cellules 32650 de haute puissance de 6,4 volts et 12Ah.<\/p>\n<p>Les panneaux solaires monocristallins sont les plus efficaces sur le march\u00e9, atteignant 20% de collecte, contre 15% pour les panneaux polycristallins.<\/p>\n<p>Le luminaire est \u00e9quip\u00e9 d'un syst\u00e8me de gestion de la gradation.&nbsp;<strong>MPPT<\/strong>&nbsp;<strong>Suivi du point de puissance maximale (Maximum Power Point Tracker),&nbsp;<\/strong>qui est le syst\u00e8me de contr\u00f4le de la batterie le plus efficace, \u00e0 la fois pour la protection de la batterie, l'allongement de la dur\u00e9e de vie de la batterie, et pour le syst\u00e8me de performance le plus efficace afin d'obtenir plus de lumens du luminaire.<\/p>\n<p>EL&nbsp;<strong>Contr\u00f4leur MPPT<\/strong>&nbsp;est capable de s\u00e9parer la tension de fonctionnement du panneau solaire de la tension de la batterie. Cela vous permet de r\u00e9gler la tension des panneaux solaires au point optimal pour obtenir la puissance maximale \u00e0 chaque moment d'utilisation du luminaire solaire.<\/p>\n<p><strong>Gr\u00e2ce au r\u00e9gulateur MPPT, le luminaire solaire \u00e0 LED peut se charger m\u00eame par temps nuageux.<\/strong><\/p>\n<p>Le lampadaire a \u00e9galement&nbsp;<strong>t\u00e9l\u00e9commande<\/strong>&nbsp;Le syst\u00e8me est contr\u00f4l\u00e9 par radiofr\u00e9quence, ce qui permet de le programmer en fonction des besoins de la saison.<\/p>\n<p>En outre, vous pouvez b\u00e9n\u00e9ficier des avantages de la&nbsp;<strong>Lanterne Slim Professional,<\/strong>&nbsp;Gr\u00e2ce \u00e0 sa technologie LED avanc\u00e9e, vous obtiendrez une grande luminosit\u00e9.<\/p>\n<ol>\n<li>\u00c9conomies sur les co\u00fbts de maintenance.<\/li>\n<li>Id\u00e9al pour remplacer les anciens lampadaires.<\/li>\n<li>Il dispose d'une protection&nbsp;<strong>IP65.<\/strong><\/li>\n<li>Aucune alimentation externe n'est n\u00e9cessaire.<\/li>\n<li>Aucun c\u00e2blage n'est n\u00e9cessaire.<\/li>\n<\/ol>\n<p>Utiliser un&nbsp;<strong>l'\u00e9nergie<\/strong>&nbsp;propre et&nbsp;<strong>renouvelable<\/strong>&nbsp;car ce panneau capte la chaleur produite par le soleil pendant la journ\u00e9e et la convertit en \u00e9nergie, chargeant ainsi sa batterie, et la nuit, le module LED s'allume en utilisant l'\u00e9nergie stock\u00e9e.<\/p>\n<p>L'installation est tr\u00e8s simple.<\/p>\n<p>Une fois install\u00e9, il suffit d'attendre que le soleil charge ses batteries et la nuit, il s'allume automatiquement, afin de vous offrir la lumi\u00e8re dont vous avez besoin \u00e0 l'endroit o\u00f9 vous l'avez install\u00e9. Il s'\u00e9teint \u00e9galement automatiquement lorsqu'il d\u00e9tecte le lever du soleil.<\/p>\n<h3><strong>Fonctionnement du lampadaire solaire :<\/strong><\/h3>\n<ul>\n<li>Fonctionnement normal \u00e0 20% et, en cas de d\u00e9tection de pr\u00e9sence, fonctionnement \u00e0 100% pendant environ 20 secondes.<\/li>\n<li>T\u00e9l\u00e9commande PIR programmable.<\/li>\n<\/ul>\n<h2>Utilisations du produit<\/h2>\n<ul>\n<li>Jardins<\/li>\n<li>Parcs publics<\/li>\n<li>Routes<\/li>\n<li>Rues<\/li>\n<li>Lieux ?<\/li>\n<\/ul>\n<h3 class=\"page-product-heading\">DONN\u00c9ES TECHNIQUES<\/h3>\n<div class=\"col-xs-12 col-md-6\">\n<table class=\"table table-data-sheet 1\">\n<tbody>\n<tr class=\"odd\">\n<td valign=\"middle\" width=\"32\"><\/td>\n<td valign=\"middle\">REFERENCE :<\/td>\n<td valign=\"middle\">SL90455<\/td>\n<\/tr>\n<tr class=\"even\">\n<td valign=\"middle\" width=\"32\"><\/td>\n<td valign=\"middle\">Puissance nominale :<\/td>\n<td valign=\"middle\">Puce Bridgelux 100W<\/td>\n<\/tr>\n<tr class=\"odd\">\n<td valign=\"middle\" width=\"32\"><\/td>\n<td valign=\"middle\">Temp\u00e9rature de la lumi\u00e8re :<\/td>\n<td valign=\"middle\">5000K<\/td>\n<\/tr>\n<tr class=\"even\">\n<td valign=\"middle\" width=\"32\"><\/td>\n<td valign=\"middle\">CRI - Indice de rendu des couleurs :<\/td>\n<td valign=\"middle\">80<\/td>\n<\/tr>\n<tr class=\"odd\">\n<td valign=\"middle\" width=\"32\"><\/td>\n<td valign=\"middle\">Mat\u00e9riaux de construction :<\/td>\n<td valign=\"middle\">Aluminium +PMMA<\/td>\n<\/tr>\n<tr class=\"even\">\n<td valign=\"middle\" width=\"32\"><\/td>\n<td valign=\"middle\">Luminosit\u00e9-Lm :<\/td>\n<td valign=\"middle\">1600<\/td>\n<\/tr>\n<tr class=\"odd\">\n<td valign=\"middle\" width=\"32\"><\/td>\n<td valign=\"middle\">Type de DEL :<\/td>\n<td valign=\"middle\">SMD 2835 Bridgelux Chip 2240 DS-C30<\/td>\n<\/tr>\n<tr class=\"even\">\n<td valign=\"middle\" width=\"32\"><\/td>\n<td valign=\"middle\">Angle d'ouverture (\u00ba) :<\/td>\n<td valign=\"middle\">80\u00bax80\u00ba.<\/td>\n<\/tr>\n<tr class=\"odd\">\n<td valign=\"middle\" width=\"32\"><\/td>\n<td valign=\"middle\">Efficacit\u00e9 de la diode LED (Lm\/W) :<\/td>\n<td valign=\"middle\">160 Lm\/w<\/td>\n<\/tr>\n<tr class=\"even\">\n<td valign=\"middle\" width=\"32\"><\/td>\n<td valign=\"middle\">Efficacit\u00e9 lumineuse (Lm\/W) :<\/td>\n<td valign=\"middle\">150 Lm\/W<\/td>\n<\/tr>\n<tr class=\"odd\">\n<td valign=\"middle\" width=\"32\"><\/td>\n<td valign=\"middle\">Dimmable :<\/td>\n<td valign=\"middle\">OUI<\/td>\n<\/tr>\n<tr class=\"even\">\n<td valign=\"middle\" width=\"32\"><\/td>\n<td valign=\"middle\">Certificats :<\/td>\n<td valign=\"middle\">CE - ROHS<\/td>\n<\/tr>\n<tr class=\"odd\">\n<td valign=\"middle\" width=\"32\"><\/td>\n<td valign=\"middle\">Indice de protection IP :<\/td>\n<td valign=\"middle\">IP65-Ext\u00e9rieur<\/td>\n<\/tr>\n<\/tbody>\n<\/table>\n<\/div>\n<div class=\"col-xs-12 col-md-6 2\">\n<table class=\"table table-data-sheet 2\">\n<tbody>\n<tr class=\"odd\">\n<td valign=\"middle\" width=\"32\"><\/td>\n<td valign=\"middle\">Dur\u00e9e de vie estim\u00e9e de la diode LED (H) :<\/td>\n<td valign=\"middle\">100.000<\/td>\n<\/tr>\n<tr class=\"even\">\n<td valign=\"middle\" width=\"32\"><\/td>\n<td valign=\"middle\">Dimensions (mm) :<\/td>\n<td valign=\"middle\">658x234xH61<\/td>\n<\/tr>\n<tr class=\"odd\">\n<td valign=\"middle\" width=\"32\"><\/td>\n<td valign=\"middle\">Plage de temp\u00e9rature (\u00baC) :<\/td>\n<td valign=\"middle\">-10\u00baC - +60\u00baC<\/td>\n<\/tr>\n<tr class=\"even\">\n<td valign=\"middle\" width=\"32\"><\/td>\n<td valign=\"middle\">Temps de d\u00e9marrage (s) :<\/td>\n<td valign=\"middle\">0,2s<\/td>\n<\/tr>\n<tr class=\"odd\">\n<td valign=\"middle\" width=\"32\"><\/td>\n<td valign=\"middle\">Informations compl\u00e9mentaires :<\/td>\n<td valign=\"middle\">Panneau solaire : Silicium monocristallin 12V 20W<\/td>\n<\/tr>\n<tr class=\"even\">\n<td valign=\"middle\" width=\"32\"><\/td>\n<td valign=\"middle\">Mat\u00e9riau de la batterie :<\/td>\n<td valign=\"middle\">6.4V - 12 Ah Lithium-ion Li Fepo4 (32650)<\/td>\n<\/tr>\n<tr class=\"odd\">\n<td valign=\"middle\" width=\"32\"><\/td>\n<td valign=\"middle\">Temps de d\u00e9chargement (h) :<\/td>\n<td valign=\"middle\">24h (2 jours)<\/td>\n<\/tr>\n<tr class=\"even\">\n<td valign=\"middle\" width=\"32\"><\/td>\n<td valign=\"middle\">Modes de contr\u00f4le :<\/td>\n<td valign=\"middle\">RADAR<\/td>\n<\/tr>\n<tr class=\"odd\">\n<td valign=\"middle\" width=\"32\"><\/td>\n<td valign=\"middle\">Classe \u00e9nerg\u00e9tique (2021-EU-2019\/2015) :<\/td>\n<td valign=\"middle\">A++<\/td>\n<\/tr>\n<tr class=\"even\">\n<td valign=\"middle\" width=\"32\"><\/td>\n<td valign=\"middle\">Ann\u00e9es de garantie :<\/td>\n<td valign=\"middle\">Panneau solaire : 15 ans - Batterie : 2 ans<\/td>\n<\/tr>\n<tr class=\"odd\">\n<td valign=\"middle\" width=\"32\"><\/td>\n<td valign=\"middle\">Port\u00e9e (m) :<\/td>\n<td valign=\"middle\">6 m.<\/td>\n<\/tr>\n<tr class=\"even\">\n<td valign=\"middle\" width=\"32\"><\/td>\n<td valign=\"middle\">Dur\u00e9e de mise en marche :<\/td>\n<td valign=\"middle\">D\u00e9tecteur Normal : 20% - Avec personnes : 100% 20s.<\/td>\n<\/tr>\n<\/tbody>\n<\/table>\n<\/div>\n<\/div>\n<\/div>\n<\/div>","protected":false},"excerpt":{"rendered":"<div class=\"col-md-12\"><i class=\"fa fa-truck\"><\/i>&nbsp;<span class=\"text-muted textprop\">Livraison dans les 24\/48 heures<\/span><div class=\"col-md-12\"><i class=\"fa fa-exchange\"><\/i>&nbsp;<span class=\"text-muted textprop\">Garantie assur\u00e9e<\/span><\/div><div class=\"col-md-12\"><i class=\"fa fa-box\"><\/i>&nbsp;<span class=\"text-muted textprop\">4 unit\u00e9(s) par bo\u00eete \u00e0 outils<\/span><\/div><\/div>","protected":false},"featured_media":4065,"template":"","meta":{"site-sidebar-layout":"default","site-content-layout":"default","ast-global-header-display":"","ast-main-header-display":"","ast-hfb-above-header-display":"","ast-hfb-below-header-display":"","ast-hfb-mobile-header-display":"","site-post-title":"","ast-breadcrumbs-content":"","ast-featured-img":"","footer-sml-layout":"","theme-transparent-header-meta":"default","adv-header-id-meta":"","stick-header-meta":"","header-above-stick-meta":"","header-main-stick-meta":"","header-below-stick-meta":""},"product_cat":[97,30,37],"product_tag":[],"class_list":["post-4049","product","type-product","status-publish","has-post-thumbnail","hentry","product_cat-farolas-led-solares","product_cat-iluminacion-publica-y-vial","product_cat-iluminacion-solar-led"],"_links":{"self":[{"href":"https:\/\/starlediluminacion.com\/fr\/wp-json\/wp\/v3\/product\/4049","targetHints":{"allow":["GET"]}}],"collection":[{"href":"https:\/\/starlediluminacion.com\/fr\/wp-json\/wp\/v3\/product"}],"about":[{"href":"https:\/\/starlediluminacion.com\/fr\/wp-json\/wp\/v2\/types\/product"}],"wp:featuredmedia":[{"embeddable":true,"href":"https:\/\/starlediluminacion.com\/fr\/wp-json\/wp\/v2\/media\/4065"}],"wp:attachment":[{"href":"https:\/\/starlediluminacion.com\/fr\/wp-json\/wp\/v2\/media?parent=4049"}],"wp:term":[{"taxonomy":"product_cat","embeddable":true,"href":"https:\/\/starlediluminacion.com\/fr\/wp-json\/wp\/v2\/product_cat?post=4049"},{"taxonomy":"product_tag","embeddable":true,"href":"https:\/\/starlediluminacion.com\/fr\/wp-json\/wp\/v2\/product_tag?post=4049"}],"curies":[{"name":"wp","href":"https:\/\/api.w.org\/{rel}","templated":true}]}}