{"id":3878,"date":"2022-08-08T20:59:22","date_gmt":"2022-08-08T20:59:22","guid":{"rendered":"https:\/\/starlediluminacion.com\/?post_type=product&#038;p=3878"},"modified":"2022-08-08T20:59:22","modified_gmt":"2022-08-08T20:59:22","slug":"sensor-de-puertas-y-ventanas-smart-wifi","status":"publish","type":"product","link":"https:\/\/starlediluminacion.com\/fr\/product\/capteur-de-porte-et-de-fenetre-intelligente-wifi\/","title":{"rendered":"<p>Capteur de porte et de fen\u00eatre SMART Wifi<\/p>"},"content":{"rendered":"<div class=\"product-info-line\">\n<p id=\"product_reference\"><label>R\u00c9F\u00c9RENCE : SL<span style=\"font-size: 16px;\">IWDWS90500<\/span><\/label><\/p>\n<div class=\"hidden-xs parrafo\">\n<p>Notre&nbsp;<strong>D\u00e9tecteurs de porte et de fen\u00eatre SMART WIFI<\/strong>vous permet de cr\u00e9er des sc\u00e8nes personnalis\u00e9es lorsque vous ouvrez ou fermez votre porte ou votre fen\u00eatre. Par la voix avec Google Home et\/ou Alexa ou avec notre application TUYA, d\u00e9finissez diff\u00e9rentes actions dans votre maison.&nbsp;<strong>Par exemple, l'ouverture d'une fen\u00eatre coupe l'air conditionn\u00e9, active une alarme ou une cam\u00e9ra,...<br>\n<\/strong><\/p>\n<\/div>\n<div id=\"views_block-1\" class=\"clearfix\">\n<div id=\"thumbs_list\">\n<p>Avec le capteur d'ouverture de porte et de fen\u00eatre, vous pouvez regrouper diff\u00e9rents appareils intelligents et les int\u00e9grer dans un groupe de sorte que lorsque vous ouvrez ou fermez votre porte ou votre fen\u00eatre, ils ex\u00e9cutent la sc\u00e8ne que vous avez programm\u00e9e.<\/p>\n<p>Il est enti\u00e8rement compatible avec Amazon Alexa, Google Home et Smart life ainsi qu'avec les syst\u00e8mes d'exploitation IOS et Android. Sa mise en \u0153uvre est tr\u00e8s simple et intuitive gr\u00e2ce \u00e0 notre application gratuite TUYA. Vous pouvez la trouver sur les places de march\u00e9 Apple Store et Google Play.<\/p>\n<p>Transformez votre maison en une maison intelligente gr\u00e2ce aux produits Smart WIFI IWIIK que vous trouverez dans notre boutique en ligne.<\/p>\n<p>&nbsp;<\/p>\n<\/div>\n<\/div>\n<\/div>","protected":false},"excerpt":{"rendered":"<div class=\"col-md-12\"><i class=\"fa fa-truck\"><\/i>&nbsp;<span class=\"text-muted textprop\">Livraison dans les 24\/48 heures<\/span><div class=\"col-md-12\"><i class=\"fa fa-exchange\"><\/i>&nbsp;<span class=\"text-muted textprop\">Garantie assur\u00e9e<\/span><\/div><div class=\"col-md-12\"><i class=\"fa fa-box\"><\/i>&nbsp;<span class=\"text-muted textprop\">90 unit\u00e9(s) par bo\u00eete \u00e0 outils<\/span><\/div><div class=\"col-md-12 certificados\"><\/div><\/div>","protected":false},"featured_media":3879,"template":"","meta":{"site-sidebar-layout":"default","site-content-layout":"default","ast-global-header-display":"","ast-main-header-display":"","ast-hfb-above-header-display":"","ast-hfb-below-header-display":"","ast-hfb-mobile-header-display":"","site-post-title":"","ast-breadcrumbs-content":"","ast-featured-img":"","footer-sml-layout":"","theme-transparent-header-meta":"default","adv-header-id-meta":"","stick-header-meta":"","header-above-stick-meta":"","header-main-stick-meta":"","header-below-stick-meta":""},"product_cat":[39],"product_tag":[],"class_list":["post-3878","product","type-product","status-publish","has-post-thumbnail","hentry","product_cat-smart-led-domotica"],"_links":{"self":[{"href":"https:\/\/starlediluminacion.com\/fr\/wp-json\/wp\/v3\/product\/3878","targetHints":{"allow":["GET"]}}],"collection":[{"href":"https:\/\/starlediluminacion.com\/fr\/wp-json\/wp\/v3\/product"}],"about":[{"href":"https:\/\/starlediluminacion.com\/fr\/wp-json\/wp\/v2\/types\/product"}],"wp:featuredmedia":[{"embeddable":true,"href":"https:\/\/starlediluminacion.com\/fr\/wp-json\/wp\/v2\/media\/3879"}],"wp:attachment":[{"href":"https:\/\/starlediluminacion.com\/fr\/wp-json\/wp\/v2\/media?parent=3878"}],"wp:term":[{"taxonomy":"product_cat","embeddable":true,"href":"https:\/\/starlediluminacion.com\/fr\/wp-json\/wp\/v2\/product_cat?post=3878"},{"taxonomy":"product_tag","embeddable":true,"href":"https:\/\/starlediluminacion.com\/fr\/wp-json\/wp\/v2\/product_tag?post=3878"}],"curies":[{"name":"wp","href":"https:\/\/api.w.org\/{rel}","templated":true}]}}