{"id":3795,"date":"2022-08-07T11:24:43","date_gmt":"2022-08-07T11:24:43","guid":{"rendered":"https:\/\/starlediluminacion.com\/?post_type=product&#038;p=3795"},"modified":"2022-08-27T13:55:44","modified_gmt":"2022-08-27T13:55:44","slug":"kit-de-superficie-de-panel-120x60-blanco","status":"publish","type":"product","link":"https:\/\/starlediluminacion.com\/fr\/product\/kit-de-superficie-de-panel-120x60-blanco\/","title":{"rendered":"<p>Kit de superficie de Panel 120&times;60 blanco<\/p>"},"content":{"rendered":"<div class=\"product-info-line\">\n<p id=\"product_reference\"><label>R\u00c9F\u00c9RENCE : SL<span style=\"font-size: 16px;\">4337<\/span><\/label><\/p>\n<p>Kit de superficie de Panel led de&nbsp; 120&times;60 blanco,fabricado en aluminio. Dise&ntilde;ado para ofrecer la posibilidad de instalar paneles LED 120&times;60 en lugares en los que el techo no es desmontable.<\/p>\n<h1>Kit de superficie de Panel 120&times;60 blanco<\/h1>\n<p>Notre<strong>&nbsp;Kit de surface<\/strong>&nbsp;est&aacute; dise&ntilde;ado para ofrecer la posibilidad de instalar paneles<strong>&nbsp;LED<\/strong>&nbsp;de&nbsp;<strong>120&times;60<\/strong>&nbsp;en espacios que no disponen del techo desmontable en el que se suele instalar este tipo de iluminaci&oacute;n LED<\/p>\n<p>Este kit de superficie est&aacute; compuesto por 4 piezas de aluminio de alta calidad, de 5 cent&iacute;metros de alto que remarcan el panel convirti&eacute;ndolo en un plaf&oacute;n de superficie, que permite alojar el panel LED, el&nbsp;<strong>driver,<\/strong>&nbsp;y el cableado en su interior para fijarlo c&oacute;modamente en cualquier habitaci&oacute;n o sala, sin tener que renunciar a una iluminaci&oacute;n moderna y de muy bajo consumo.<\/p>\n<p>Achetez le Kit et le Panneau Led dans notre boutique, et profitez du meilleur \u00e9clairage, tous nos produits offrent une garantie de 2 ans. Obtenez-le maintenant de mani\u00e8re simple, par le biais de notre boutique en ligne.<\/p>\n<p>&nbsp;<\/p>\n<h2>Utilisations du kit de surface pour panneaux 120\u00d730 blanc<\/h2>\n<p>Bureaux<br>\nSupermarch\u00e9s<br>\nH\u00f4pitaux<br>\nChambres<br>\nChambres<\/p>\n<h3 class=\"page-product-heading\">DONN\u00c9ES TECHNIQUES<\/h3><div class=\"col-xs-12 col-md-6\">\n<table class=\"table table-data-sheet 1\">\n<tbody>\n<tr class=\"odd\">\n<td valign=\"middle\" width=\"32\"><\/td>\n<td valign=\"middle\">REFERENCE :<\/td>\n<td valign=\"middle\">SL4337<\/td>\n<\/tr>\n<tr class=\"even\">\n<td valign=\"middle\" width=\"32\"><\/td>\n<td valign=\"middle\">Mat\u00e9riaux de construction :<\/td>\n<td valign=\"middle\">Aluminium<\/td>\n<\/tr>\n<\/tbody>\n<\/table>\n<\/div><div class=\"col-xs-12 col-md-6 2\">\n<table class=\"table table-data-sheet 2\">\n<tbody>\n<tr class=\"odd\">\n<td valign=\"middle\" width=\"32\"><\/td>\n<td valign=\"middle\">Certificats :<\/td>\n<td valign=\"middle\">CE - ROHS<\/td>\n<\/tr>\n<tr class=\"even\">\n<td valign=\"middle\" width=\"32\"><\/td>\n<td valign=\"middle\">Dimensions (mm) :<\/td>\n<td valign=\"middle\">120cm x 60cm x 50cm<\/td>\n<\/tr>\n<\/tbody>\n<\/table>\n<\/div><\/div>","protected":false},"excerpt":{"rendered":"<div class=\"col-md-12\"><i class=\"fa fa-truck\"><\/i>&nbsp;<span class=\"text-muted textprop\">Livraison dans les 24\/48 heures<\/span><div class=\"col-md-12\"><i class=\"fa fa-exchange\"><\/i>&nbsp;<span class=\"text-muted textprop\">Garantie assur\u00e9e<\/span><\/div><div class=\"col-md-12\"><i class=\"fa fa-box\"><\/i>&nbsp;<span class=\"text-muted textprop\">1 unit\u00e9(s) par bo\u00eete \u00e0 outils<\/span><\/div><\/div>","protected":false},"featured_media":3798,"template":"","meta":{"site-sidebar-layout":"default","site-content-layout":"default","ast-global-header-display":"","ast-main-header-display":"","ast-hfb-above-header-display":"","ast-hfb-below-header-display":"","ast-hfb-mobile-header-display":"","site-post-title":"","ast-breadcrumbs-content":"","ast-featured-img":"","footer-sml-layout":"","theme-transparent-header-meta":"default","adv-header-id-meta":"","stick-header-meta":"","header-above-stick-meta":"","header-main-stick-meta":"","header-below-stick-meta":""},"product_cat":[105,31],"product_tag":[],"class_list":["post-3795","product","type-product","status-publish","has-post-thumbnail","hentry","product_cat-accesorios-paneles","product_cat-paneles-led"],"_links":{"self":[{"href":"https:\/\/starlediluminacion.com\/fr\/wp-json\/wp\/v3\/product\/3795","targetHints":{"allow":["GET"]}}],"collection":[{"href":"https:\/\/starlediluminacion.com\/fr\/wp-json\/wp\/v3\/product"}],"about":[{"href":"https:\/\/starlediluminacion.com\/fr\/wp-json\/wp\/v2\/types\/product"}],"wp:featuredmedia":[{"embeddable":true,"href":"https:\/\/starlediluminacion.com\/fr\/wp-json\/wp\/v2\/media\/3798"}],"wp:attachment":[{"href":"https:\/\/starlediluminacion.com\/fr\/wp-json\/wp\/v2\/media?parent=3795"}],"wp:term":[{"taxonomy":"product_cat","embeddable":true,"href":"https:\/\/starlediluminacion.com\/fr\/wp-json\/wp\/v2\/product_cat?post=3795"},{"taxonomy":"product_tag","embeddable":true,"href":"https:\/\/starlediluminacion.com\/fr\/wp-json\/wp\/v2\/product_tag?post=3795"}],"curies":[{"name":"wp","href":"https:\/\/api.w.org\/{rel}","templated":true}]}}