{"id":3687,"date":"2022-08-07T10:27:51","date_gmt":"2022-08-07T10:27:51","guid":{"rendered":"https:\/\/starlediluminacion.com\/?post_type=product&#038;p=3687"},"modified":"2022-08-27T13:46:12","modified_gmt":"2022-08-27T13:46:12","slug":"panel-led-60x30-24w-marco-blanco-cct","status":"publish","type":"product","link":"https:\/\/starlediluminacion.com\/fr\/product\/panel-led-60x30-24w-marco-blanco-cct\/","title":{"rendered":"<p>Panneau LED 60X30 24W Cadre blanc - CCT<\/p>"},"content":{"rendered":"<div class=\"product-info-line\">\n<p id=\"product_reference\"><label>R\u00c9F\u00c9RENCE : SL<span style=\"font-size: 16px;\">PN24W60X30<\/span><\/label><\/p>\n<p><strong>LA BO\u00ceTE DOIT CONTENIR 2 UNIT\u00c9S AFIN D'\u00c9VITER LES DOMMAGES DUS AU TRANSPORT.<\/strong><\/p>\n<p><strong>Panel Led 60&times;30 24W CCT&nbsp;<\/strong>que<strong>&nbsp;permite ajustar la luz&nbsp;<\/strong>et cr\u00e9er des environnements personnalis\u00e9s dans<strong>&nbsp;3000k-4000k-6000k.&nbsp;<\/strong>Mesures<strong>&nbsp;Pantalla LED: 295mm x 595mm&nbsp;<\/strong>para falsos techos. Tambi&eacute;n puede ser instalado de forma empotrable con el convertidor, o inst&aacute;lala en suspensi&oacute;n con nuestro<strong> kit de suspension<\/strong>.<\/p>\n<h1><strong>Panel LED 60X30 cm 24W Marco Blanco&nbsp;&nbsp;&ndash; CCT<\/strong><\/h1>\n<p><strong>Panneau LED 60\u00d730 24W CCT WHITE FRAME<\/strong>&nbsp;<strong>Slim 295mm x 595mm&nbsp;<\/strong>a une finition \u00e9l\u00e9gante et un design moderne.<\/p>\n<p>Sa diode efficace&nbsp;<strong>SMD 2835<\/strong>&nbsp;<strong>SANAN<\/strong>&nbsp;luminosit\u00e9 \u00e9lev\u00e9e et son&nbsp;<strong>factor de potencia de 0.96<\/strong>Ceci, associ\u00e9 \u00e0 son PC optique hautement r\u00e9fl\u00e9chissant, permet de d\u00e9livrer une lumi\u00e8re uniforme sur l'ensemble du panneau, ce qui, associ\u00e9 \u00e0 son PC optique hautement r\u00e9fl\u00e9chissant, maximise la luminosit\u00e9 \u00e9mise par l'ensemble des diodes LED ; ceci permet de le comparer aux panneaux fluorescents conventionnels jusqu'\u00e0 85W, en r\u00e9alisant d'\u00e9normes \u00e9conomies d'\u00e9nergie.<\/p>\n<p>Con su sistema de un arranque inmediato y sin parpadeos gracias este&nbsp;<strong>Panneau LED<\/strong>&nbsp;est id\u00e9al pour les endroits o\u00f9 l'on souhaite maximiser l'espace \u00e9clair\u00e9, en projetant la lumi\u00e8re de mani\u00e8re uniforme et sans \u00e9blouissement. Son angle d'ouverture de&nbsp;<strong>120\u00ba<\/strong>&nbsp;Il est parfait pour une utilisation dans les espaces int\u00e9rieurs professionnels, ainsi que dans les cuisines et les salles de bains, car il s'agit d'un produit de qualit\u00e9 sup\u00e9rieure.&nbsp;<strong>IP40.<\/strong><\/p>\n<p>&nbsp;<\/p>\n<p>Les<strong>&nbsp;Pantalla LED 60&times;30<\/strong>&nbsp;CCT de&nbsp;<strong>24W&nbsp;permite ajustar la luz&nbsp;<\/strong>et cr\u00e9er des environnements personnalis\u00e9s dans<strong>&nbsp;3000k-4000k-6000k<\/strong>peut \u00e9galement \u00eatre suspendu.  Pour \u00eatre install\u00e9 au plafond, le panneau a besoin des \u00e9l\u00e9ments suivants&nbsp;<strong>kit de superficie o el kit de suspensi&oacute;n.<\/strong><\/p>\n<h2>Usos del&nbsp;Panel LED 60X30 cm 24W Marco Blanco &ndash; CCT<\/h2>\n<ul>\n<li>Bureaux<\/li>\n<li>Centres commerciaux<\/li>\n<li>Mus\u00e9es<\/li>\n<li>H\u00f4pitaux<\/li>\n<li>Coll\u00e8ges ou universit\u00e9s<\/li>\n<li>Entrep\u00f4ts<\/li>\n<li>Restaurants<\/li>\n<\/ul>\n<h3 class=\"page-product-heading\">DONN\u00c9ES TECHNIQUES<\/h3>\n<div class=\"col-xs-12 col-md-6\">\n<table class=\"table table-data-sheet 1\">\n<tbody>\n<tr class=\"odd\">\n<td valign=\"middle\" width=\"32\"><\/td>\n<td valign=\"middle\">REFERENCE :<\/td>\n<td valign=\"middle\">SLPN24W60X30<\/td>\n<\/tr>\n<tr class=\"even\">\n<td valign=\"middle\" width=\"32\"><\/td>\n<td valign=\"middle\">Puissance nominale :<\/td>\n<td valign=\"middle\">24w<\/td>\n<\/tr>\n<tr class=\"odd\">\n<td valign=\"middle\" width=\"32\"><\/td>\n<td valign=\"middle\">Tension nominale :<\/td>\n<td valign=\"middle\">175-265V<\/td>\n<\/tr>\n<tr class=\"even\">\n<td valign=\"middle\" width=\"32\"><\/td>\n<td valign=\"middle\">Temp\u00e9rature de la lumi\u00e8re :<\/td>\n<td valign=\"middle\">COULEUR S\u00c9LECTIONNABLE : 3000K-4000K-6000K<\/td>\n<\/tr>\n<tr class=\"odd\">\n<td valign=\"middle\" width=\"32\"><\/td>\n<td valign=\"middle\">CRI - Indice de rendu des couleurs :<\/td>\n<td valign=\"middle\">82<\/td>\n<\/tr>\n<tr class=\"even\">\n<td valign=\"middle\" width=\"32\"><\/td>\n<td valign=\"middle\">Mat\u00e9riaux de construction :<\/td>\n<td valign=\"middle\">Aluminium +PC<\/td>\n<\/tr>\n<tr class=\"odd\">\n<td valign=\"middle\" width=\"32\"><\/td>\n<td valign=\"middle\">Luminosit\u00e9-Lm :<\/td>\n<td valign=\"middle\">2760<\/td>\n<\/tr>\n<tr class=\"even\">\n<td valign=\"middle\" width=\"32\"><\/td>\n<td valign=\"middle\">Type de DEL :<\/td>\n<td valign=\"middle\">SMD 2835<\/td>\n<\/tr>\n<tr class=\"odd\">\n<td valign=\"middle\" width=\"32\"><\/td>\n<td valign=\"middle\">Angle d'ouverture (\u00ba) :<\/td>\n<td valign=\"middle\">120\u00ba<\/td>\n<\/tr>\n<tr class=\"even\">\n<td valign=\"middle\" width=\"32\"><\/td>\n<td valign=\"middle\">Efficacit\u00e9 de la diode LED (Lm\/W) :<\/td>\n<td valign=\"middle\">160 Lm\/w<\/td>\n<\/tr>\n<tr class=\"odd\">\n<td valign=\"middle\" width=\"32\"><\/td>\n<td valign=\"middle\">Efficacit\u00e9 lumineuse (Lm\/W) :<\/td>\n<td valign=\"middle\">115 Lm\/W<\/td>\n<\/tr>\n<tr class=\"even\">\n<td valign=\"middle\" width=\"32\"><\/td>\n<td valign=\"middle\">Certificats :<\/td>\n<td valign=\"middle\">CE - ROHS<\/td>\n<\/tr>\n<\/tbody>\n<\/table>\n<\/div>\n<div class=\"col-xs-12 col-md-6 2\">\n<table class=\"table table-data-sheet 2\">\n<tbody>\n<tr class=\"odd\">\n<td valign=\"middle\" width=\"32\"><\/td>\n<td valign=\"middle\">Indice de protection IP :<\/td>\n<td valign=\"middle\">IP40<\/td>\n<\/tr>\n<tr class=\"even\">\n<td valign=\"middle\" width=\"32\"><\/td>\n<td valign=\"middle\">Dur\u00e9e de vie estim\u00e9e de la diode LED (H) :<\/td>\n<td valign=\"middle\">50.000<\/td>\n<\/tr>\n<tr class=\"odd\">\n<td valign=\"middle\" width=\"32\"><\/td>\n<td valign=\"middle\">Dimensions (mm) :<\/td>\n<td valign=\"middle\">595x295x30<\/td>\n<\/tr>\n<tr class=\"even\">\n<td valign=\"middle\" width=\"32\"><\/td>\n<td valign=\"middle\">Facteur de puissance (PF) :<\/td>\n<td valign=\"middle\">0.96<\/td>\n<\/tr>\n<tr class=\"odd\">\n<td valign=\"middle\" width=\"32\"><\/td>\n<td valign=\"middle\">Fr\u00e9quence de travail (Hz) :<\/td>\n<td valign=\"middle\">50\/60Hz<\/td>\n<\/tr>\n<tr class=\"even\">\n<td valign=\"middle\" width=\"32\"><\/td>\n<td valign=\"middle\">Plage de temp\u00e9rature (\u00baC) :<\/td>\n<td valign=\"middle\">-20\u00b0C ~ +55\u00b0C<\/td>\n<\/tr>\n<tr class=\"odd\">\n<td valign=\"middle\" width=\"32\"><\/td>\n<td valign=\"middle\">Cycles d'allumage :<\/td>\n<td valign=\"middle\">100.000<\/td>\n<\/tr>\n<tr class=\"even\">\n<td valign=\"middle\" width=\"32\"><\/td>\n<td valign=\"middle\">Temps de d\u00e9marrage (s) :<\/td>\n<td valign=\"middle\">0,2s<\/td>\n<\/tr>\n<tr class=\"odd\">\n<td valign=\"middle\" width=\"32\"><\/td>\n<td valign=\"middle\">Pilote inclus :<\/td>\n<td valign=\"middle\">OUI<\/td>\n<\/tr>\n<tr class=\"even\">\n<td valign=\"middle\" width=\"32\"><\/td>\n<td valign=\"middle\">Classe \u00e9nerg\u00e9tique (2021-EU-2019\/2015) :<\/td>\n<td valign=\"middle\">A+<\/td>\n<\/tr>\n<tr class=\"odd\">\n<td valign=\"middle\" width=\"32\"><\/td>\n<td valign=\"middle\">Ann\u00e9es de garantie :<\/td>\n<td valign=\"middle\">3<\/td>\n<\/tr>\n<\/tbody>\n<\/table>\n<p>&nbsp;<\/p>\n<\/div>\n<\/div>","protected":false},"excerpt":{"rendered":"<div class=\"col-md-12\"><i class=\"fa fa-truck\"><\/i>&nbsp;<span class=\"text-muted textprop\">Livraison dans les 24\/48 heures<\/span><div class=\"col-md-12\"><i class=\"fa fa-exchange\"><\/i>&nbsp;<span class=\"text-muted textprop\">Garantie assur\u00e9e<\/span><\/div><div class=\"col-md-12\"><i class=\"fa fa-box\"><\/i>&nbsp;<span class=\"text-muted textprop\">8 unit\u00e9(s) par Masterbox<\/span><\/div><\/div>","protected":false},"featured_media":3688,"template":"","meta":{"site-sidebar-layout":"default","site-content-layout":"default","ast-global-header-display":"","ast-main-header-display":"","ast-hfb-above-header-display":"","ast-hfb-below-header-display":"","ast-hfb-mobile-header-display":"","site-post-title":"","ast-breadcrumbs-content":"","ast-featured-img":"","footer-sml-layout":"","theme-transparent-header-meta":"default","adv-header-id-meta":"","stick-header-meta":"","header-above-stick-meta":"","header-main-stick-meta":"","header-below-stick-meta":""},"product_cat":[31,104],"product_tag":[],"class_list":["post-3687","product","type-product","status-publish","has-post-thumbnail","hentry","product_cat-paneles-led","product_cat-paneles-led-paneles-led"],"_links":{"self":[{"href":"https:\/\/starlediluminacion.com\/fr\/wp-json\/wp\/v3\/product\/3687","targetHints":{"allow":["GET"]}}],"collection":[{"href":"https:\/\/starlediluminacion.com\/fr\/wp-json\/wp\/v3\/product"}],"about":[{"href":"https:\/\/starlediluminacion.com\/fr\/wp-json\/wp\/v2\/types\/product"}],"wp:featuredmedia":[{"embeddable":true,"href":"https:\/\/starlediluminacion.com\/fr\/wp-json\/wp\/v2\/media\/3688"}],"wp:attachment":[{"href":"https:\/\/starlediluminacion.com\/fr\/wp-json\/wp\/v2\/media?parent=3687"}],"wp:term":[{"taxonomy":"product_cat","embeddable":true,"href":"https:\/\/starlediluminacion.com\/fr\/wp-json\/wp\/v2\/product_cat?post=3687"},{"taxonomy":"product_tag","embeddable":true,"href":"https:\/\/starlediluminacion.com\/fr\/wp-json\/wp\/v2\/product_tag?post=3687"}],"curies":[{"name":"wp","href":"https:\/\/api.w.org\/{rel}","templated":true}]}}