{"id":3625,"date":"2022-08-07T09:58:49","date_gmt":"2022-08-07T09:58:49","guid":{"rendered":"https:\/\/starlediluminacion.com\/?post_type=product&#038;p=3625"},"modified":"2025-10-18T10:21:57","modified_gmt":"2025-10-18T10:21:57","slug":"pack-10-panel-led-60x60-44w-philips-certadrive-cri92-enec05","status":"publish","type":"product","link":"https:\/\/starlediluminacion.com\/fr\/product\/pack-10-panel-led-60x60-44w-philips-certadrive-cri92-enec05\/","title":{"rendered":"<p>pack 10 led panel 60\u00d760 44w - certadrive - cri+92- enec05<\/p>"},"content":{"rendered":"<div class=\"product-info-line\">\n<p id=\"product_reference\"><label>referencia: sl<span style=\"font-size: 16px;\">pn44wphl-pack10-57k<\/span><\/label><\/p>\n<h3>este producto se vende en cajas completas de 10 unidades.<strong>&nbsp;1 bo\u00eete = 10 panneaux LED<\/strong><\/h3>\n<p>sur<strong>&nbsp;panneau<\/strong>&nbsp;<strong>led&nbsp;&nbsp; certa driver 44w<\/strong>&nbsp;con&nbsp;diodos de alta luminosidad y medida de&nbsp;<strong>60\u00d760<\/strong>&nbsp;(595\u00d7595 mm) est le produit parfait pour les&nbsp;<strong>plafonds<\/strong>&nbsp;desmontables. la luminaria puede ser instalada de forma&nbsp;<strong>encastr\u00e9<\/strong>&nbsp;avec le convertisseur, en&nbsp;<strong>surface<\/strong>&nbsp;et en suspension avec notre<strong>&nbsp;<\/strong>kit de suspensi&oacute;n. 3 a&ntilde;os garantia + 2 a&ntilde;os adicionales =<strong>&nbsp;5 a&ntilde;os garantia.<\/strong><\/p>\n<p><strong>&nbsp;opci&oacute;n unidades = 1 caja de 10 paneles led de 44wn&nbsp;<\/strong><\/p>\n<p><strong>opci&oacute;n pack pro 9 = 9 cajas de 10 paneles de 44w&nbsp;<\/strong><\/p>\n<p><strong>opci&oacute;n pack pro 12 = 12 cajas de 10 paneles de 44w&nbsp;&nbsp;<\/strong><\/p>\n<h1>pack 10 panel led 60&times;60&nbsp;44w &ndash;  certadrive &ndash; marco blanco- enec<\/h1>\n<p><strong>panel led marco blanco<\/strong>&nbsp;<strong>44w<\/strong>&nbsp;595mm x 595mm<strong>&nbsp;<\/strong>a une \u00e9l\u00e9gante finition en aluminium laqu\u00e9 au four.<\/p>\n<p>su eficaz diodo de alta luminosidad, le permite entregar una luz uniforme en todo el panel&nbsp; led; esto le permite compararse con los paneles convencionales de fluorescencia de hasta 90w, consiguiendo un enorme&nbsp;<strong>les \u00e9conomies d'\u00e9nergie.<\/strong><\/p>\n<p>con su sistema de un arranque inmediato y sin parpadeos gracias al<strong>&nbsp;driver certa de ,<\/strong>&nbsp;este pantalla led es ideal para lugares en donde se quiere maximizar el espacio iluminado, proyectando la luz de manera uniforme y sin deslumbramiento. su &aacute;ngulo de apertura de 120&ordm; lo hace perfecto para su uso en zonas de interior profesionales, ya que es un producto ip40.<\/p>\n<p><strong>la pantalla led 60&times;60<\/strong>&nbsp;de<strong>&nbsp;44w &ndash;  certa driver-&nbsp;<\/strong>&nbsp;marco blanco, tambi&eacute;n puede ser suspendido o colocado en superficie. para ser instalado en techo, el panel necesita el kit de superficie o el kit de suspensi&oacute;n (ver accesorios kits).<\/p>\n<p>&nbsp;<\/p>\n<h2><strong>usos del&nbsp;pack 10 panel led 60&times;60 44w &ndash;  certadrive-<\/strong>enec<\/h2>\n<h2><\/h2>\n<ul>\n<li>bureaux<\/li>\n<li>centros comerciales<\/li>\n<li>mus\u00e9es<\/li>\n<li>hospitales<\/li>\n<li>facultades y universidades<\/li>\n<li>almacenes<\/li>\n<li>restaurants<\/li>\n<li>tiendas comerciales<\/li>\n<\/ul>\n<h3 class=\"page-product-heading\">d\u00e9tails techniques<\/h3>\n<div class=\"col-xs-12 col-md-6\">\n<table class=\"table table-data-sheet 1\">\n<tbody>\n<tr class=\"odd\">\n<td valign=\"middle\" width=\"32\"><\/td>\n<td valign=\"middle\">r\u00e9f\u00e9rence :<\/td>\n<td valign=\"middle\">slpn44w-pack10-phil<\/td>\n<\/tr>\n<tr class=\"even\">\n<td valign=\"middle\" width=\"32\"><\/td>\n<td valign=\"middle\">Puissance nominale :<\/td>\n<td valign=\"middle\">44w<\/td>\n<\/tr>\n<tr class=\"odd\">\n<td valign=\"middle\" width=\"32\"><\/td>\n<td valign=\"middle\">tension nominale :<\/td>\n<td valign=\"middle\">220-265v<\/td>\n<\/tr>\n<tr class=\"even\">\n<td valign=\"middle\" width=\"32\"><\/td>\n<td valign=\"middle\">la temp\u00e9rature de la lumi\u00e8re :<\/td>\n<td valign=\"middle\">4000k-6000k<\/td>\n<\/tr>\n<tr class=\"odd\">\n<td valign=\"middle\" width=\"32\"><\/td>\n<td valign=\"middle\">cri -index de reproduction chromatique :<\/td>\n<td valign=\"middle\">92<\/td>\n<\/tr>\n<tr class=\"even\">\n<td valign=\"middle\" width=\"32\"><\/td>\n<td valign=\"middle\">mat\u00e9riau de construction :<\/td>\n<td valign=\"middle\">aluminium +pc<\/td>\n<\/tr>\n<tr class=\"odd\">\n<td valign=\"middle\" width=\"32\"><\/td>\n<td valign=\"middle\">luminosit\u00e9-lm :<\/td>\n<td valign=\"middle\">5280<\/td>\n<\/tr>\n<tr class=\"even\">\n<td valign=\"middle\" width=\"32\"><\/td>\n<td valign=\"middle\">type de LED :<\/td>\n<td valign=\"middle\">smd 2835<\/td>\n<\/tr>\n<tr class=\"odd\">\n<td valign=\"middle\" width=\"32\"><\/td>\n<td valign=\"middle\">angle d'ouverture (\u00ba) :<\/td>\n<td valign=\"middle\">120\u00ba<\/td>\n<\/tr>\n<tr class=\"even\">\n<td valign=\"middle\" width=\"32\"><\/td>\n<td valign=\"middle\">efficacit\u00e9 des diodes LED (lm\/w) :<\/td>\n<td valign=\"middle\">160 lm\/w<\/td>\n<\/tr>\n<tr class=\"odd\">\n<td valign=\"middle\" width=\"32\"><\/td>\n<td valign=\"middle\">efficacit\u00e9 lumineuse (lm\/w) :<\/td>\n<td valign=\"middle\">120 lm\/w<\/td>\n<\/tr>\n<tr class=\"even\">\n<td valign=\"middle\" width=\"32\"><\/td>\n<td valign=\"middle\">certificats :<\/td>\n<td valign=\"middle\">ce-rosh-t\u00fcv-enec<\/td>\n<\/tr>\n<\/tbody>\n<\/table>\n<\/div>\n<div class=\"col-xs-12 col-md-6 2\">\n<table class=\"table table-data-sheet 2\">\n<tbody>\n<tr class=\"odd\">\n<td valign=\"middle\" width=\"32\"><\/td>\n<td valign=\"middle\">degr\u00e9 d'ip :<\/td>\n<td valign=\"middle\">ip40<\/td>\n<\/tr>\n<tr class=\"even\">\n<td valign=\"middle\" width=\"32\"><\/td>\n<td valign=\"middle\">dimensions (mm) :<\/td>\n<td valign=\"middle\">595x595mmh30mm<\/td>\n<\/tr>\n<tr class=\"odd\">\n<td valign=\"middle\" width=\"32\"><\/td>\n<td valign=\"middle\">facteur de puissance (pf) :<\/td>\n<td valign=\"middle\">0,95<\/td>\n<\/tr>\n<tr class=\"even\">\n<td valign=\"middle\" width=\"32\"><\/td>\n<td valign=\"middle\">fr\u00e9quence de travail (hz) :<\/td>\n<td valign=\"middle\">50\/60hz<\/td>\n<\/tr>\n<tr class=\"odd\">\n<td valign=\"middle\" width=\"32\"><\/td>\n<td valign=\"middle\">plage de temp\u00e9rature (\u00baC) :<\/td>\n<td valign=\"middle\">-20\u00b0c ~ +55\u00b0c<\/td>\n<\/tr>\n<tr class=\"even\">\n<td valign=\"middle\" width=\"32\"><\/td>\n<td valign=\"middle\">les cycles d'allumage :<\/td>\n<td valign=\"middle\">100.000<\/td>\n<\/tr>\n<tr class=\"odd\">\n<td valign=\"middle\" width=\"32\"><\/td>\n<td valign=\"middle\">temps de d\u00e9marrage (s) :<\/td>\n<td valign=\"middle\">0,2s<\/td>\n<\/tr>\n<tr class=\"even\">\n<td valign=\"middle\" width=\"32\"><\/td>\n<td valign=\"middle\">protection contre les chocs (ik) :<\/td>\n<td valign=\"middle\">ik05<\/td>\n<\/tr>\n<tr class=\"odd\">\n<td valign=\"middle\" width=\"32\"><\/td>\n<td valign=\"middle\">conducteur inclus :<\/td>\n<td valign=\"middle\"> certadrive no flick<\/td>\n<\/tr>\n<tr class=\"even\">\n<td valign=\"middle\" width=\"32\"><\/td>\n<td valign=\"middle\">classe \u00e9nerg\u00e9tique (2021-EU-2019\/2015) :<\/td>\n<td valign=\"middle\">a+<\/td>\n<\/tr>\n<tr class=\"odd\">\n<td valign=\"middle\" width=\"32\"><\/td>\n<td valign=\"middle\">ann\u00e9es de garantie :<\/td>\n<td valign=\"middle\">5<\/td>\n<\/tr>\n<\/tbody>\n<\/table>\n<p>&nbsp;<\/p>\n<\/div>\n<\/div>","protected":false},"excerpt":{"rendered":"<div class=\"col-md-12\"><i class=\"fa fa-truck\"><\/i>&nbsp;<span class=\"text-muted textprop\">Livraison dans les 24\/48 heures<\/span><div class=\"col-md-12\"><i class=\"fa fa-exchange\"><\/i>&nbsp;<span class=\"text-muted textprop\">Garantie assur\u00e9e<\/span><\/div><div class=\"col-md-12\"><i class=\"fa fa-box\"><\/i>&nbsp;<span class=\"text-muted textprop\">1 unit\u00e9(s) par bo\u00eete \u00e0 outils<\/span><\/div><div><strong>TEMP\u00c9RATURE DE COULEUR : 4000K\/5700K<\/strong><\/div><\/div>","protected":false},"featured_media":0,"template":"","meta":{"site-sidebar-layout":"default","site-content-layout":"default","ast-global-header-display":"","ast-main-header-display":"","ast-hfb-above-header-display":"","ast-hfb-below-header-display":"","ast-hfb-mobile-header-display":"","site-post-title":"","ast-breadcrumbs-content":"","ast-featured-img":"","footer-sml-layout":"","theme-transparent-header-meta":"default","adv-header-id-meta":"","stick-header-meta":"","header-above-stick-meta":"","header-main-stick-meta":"","header-below-stick-meta":""},"product_cat":[42,41,31,104],"product_tag":[106],"class_list":["post-3625","product","type-product","status-publish","hentry","product_cat-mas-vendidos","product_cat-ofertas","product_cat-paneles-led","product_cat-paneles-led-paneles-led","product_tag-oferta"],"_links":{"self":[{"href":"https:\/\/starlediluminacion.com\/fr\/wp-json\/wp\/v3\/product\/3625","targetHints":{"allow":["GET"]}}],"collection":[{"href":"https:\/\/starlediluminacion.com\/fr\/wp-json\/wp\/v3\/product"}],"about":[{"href":"https:\/\/starlediluminacion.com\/fr\/wp-json\/wp\/v2\/types\/product"}],"wp:attachment":[{"href":"https:\/\/starlediluminacion.com\/fr\/wp-json\/wp\/v2\/media?parent=3625"}],"wp:term":[{"taxonomy":"product_cat","embeddable":true,"href":"https:\/\/starlediluminacion.com\/fr\/wp-json\/wp\/v2\/product_cat?post=3625"},{"taxonomy":"product_tag","embeddable":true,"href":"https:\/\/starlediluminacion.com\/fr\/wp-json\/wp\/v2\/product_tag?post=3625"}],"curies":[{"name":"wp","href":"https:\/\/api.w.org\/{rel}","templated":true}]}}