{"id":3568,"date":"2022-08-06T20:07:22","date_gmt":"2022-08-06T20:07:22","guid":{"rendered":"https:\/\/starlediluminacion.com\/?post_type=product&#038;p=3568"},"modified":"2022-10-23T08:29:02","modified_gmt":"2022-10-23T08:29:02","slug":"reflector-para-modelo-lucerna-oro","status":"publish","type":"product","link":"https:\/\/starlediluminacion.com\/fr\/product\/reflecteur-pour-modele-lucerna-or\/","title":{"rendered":"<p>R\u00e9flecteur pour le mod\u00e8le LUCERNA ORO<\/p>"},"content":{"rendered":"<div class=\"product-info-line\">\n<p id=\"product_reference\"><label>R\u00c9F\u00c9RENCE : SL<span style=\"font-size: 16px;\">L304<\/span><\/label><\/p>\n<div class=\"hidden-xs parrafo\">\n<p><strong>R\u00e9flecteur&nbsp;<\/strong>termin\u00e9&nbsp;<strong>OR&nbsp;<\/strong><strong>POUR LE MOD\u00c8LE LUCERNA 18W.&nbsp;<\/strong>Avec cette bague, vous pouvez cr\u00e9er une atmosph\u00e8re \u00e9l\u00e9gante et exclusive gr\u00e2ce \u00e0 son design.<\/p>\n<\/div>\n<div id=\"views_block-1\" class=\"clearfix\">\n<div id=\"thumbs_list\">\n<h1>R\u00e9flecteur circulaire pour le mod\u00e8le LUCERNA en couleur GOLD - UGR11<\/h1>\n<p>&nbsp;<\/p>\n<p><strong>R\u00e9flecteur circulaire encastr\u00e9<\/strong>&nbsp;pour remplacer le mod\u00e8le Lucerna 18W, il est con\u00e7u pour obtenir une d\u00e9coration attrayante et raffin\u00e9e, avec laquelle vous pourrez cr\u00e9er des atmosph\u00e8res tr\u00e8s exclusives.<\/p>\n<p>Tous ses mat\u00e9riaux sont en&nbsp;<strong>thermoplastique<\/strong>&nbsp;La finition de ce cerceau en fait un produit tr\u00e8s r\u00e9sistant, ce qui lui conf\u00e8re une grande durabilit\u00e9 et en fait un excellent produit.&nbsp;<strong>anneau en acier inoxydable<\/strong>.<\/p>\n<p>Il est id\u00e9al pour les espaces domestiques tels que les magasins, les bureaux, les hypermarch\u00e9s, les restaurants, les salons ou tout espace \u00e9v\u00e9nementiel o\u00f9 il est n\u00e9cessaire de recr\u00e9er des atmosph\u00e8res s\u00e9lectionn\u00e9es.<\/p>\n<h3 class=\"page-product-heading\">DONN\u00c9ES TECHNIQUES<\/h3>\n<div class=\"col-xs-12 col-md-6\">\n<table class=\"table table-data-sheet 1\">\n<tbody>\n<tr class=\"odd\">\n<td valign=\"middle\" width=\"32\"><\/td>\n<td valign=\"middle\">REFERENCE :<\/td>\n<td valign=\"middle\">SLL304<\/td>\n<\/tr>\n<tr class=\"even\">\n<td valign=\"middle\" width=\"32\"><\/td>\n<td valign=\"middle\">Mat\u00e9riaux de construction :<\/td>\n<td valign=\"middle\">Thermoplastique<\/td>\n<\/tr>\n<tr class=\"odd\">\n<td valign=\"middle\" width=\"32\"><\/td>\n<td valign=\"middle\">Certificats :<\/td>\n<td valign=\"middle\">CE<\/td>\n<\/tr>\n<\/tbody>\n<\/table>\n<\/div>\n<div class=\"col-xs-12 col-md-6 2\">\n<table class=\"table table-data-sheet 2\">\n<tbody>\n<tr class=\"odd\">\n<td valign=\"middle\" width=\"32\"><\/td>\n<td valign=\"middle\">Dimensions (mm) :<\/td>\n<td valign=\"middle\">\u00d883<\/td>\n<\/tr>\n<tr class=\"even\">\n<td valign=\"middle\" width=\"32\"><\/td>\n<td valign=\"middle\">Coupe au plafond (mm) :<\/td>\n<td valign=\"middle\">\u00d875<\/td>\n<\/tr>\n<tr class=\"odd\">\n<td valign=\"middle\" width=\"32\"><\/td>\n<td valign=\"middle\">Indice d'\u00e9blouissement (UGR) :<\/td>\n<td valign=\"middle\">11<\/td>\n<\/tr>\n<\/tbody>\n<\/table>\n<\/div>\n<\/div>\n<\/div>\n<\/div>","protected":false},"excerpt":{"rendered":"<div class=\"col-md-12\"><i class=\"fa fa-truck\"><\/i>&nbsp;<span class=\"text-muted textprop\">Livraison dans les 24\/48 heures<\/span><div class=\"col-md-12\"><i class=\"fa fa-exchange\"><\/i>&nbsp;<span class=\"text-muted textprop\">Garantie assur\u00e9e<\/span><\/div><div class=\"col-md-12\"><i class=\"fa fa-box\"><\/i>&nbsp;<span class=\"text-muted textprop\">1 unit\u00e9(s) par bo\u00eete \u00e0 outils<\/span><\/div><\/div>","protected":false},"featured_media":3571,"template":"","meta":{"site-sidebar-layout":"default","site-content-layout":"default","ast-global-header-display":"","ast-main-header-display":"","ast-hfb-above-header-display":"","ast-hfb-below-header-display":"","ast-hfb-mobile-header-display":"","site-post-title":"","ast-breadcrumbs-content":"","ast-featured-img":"","footer-sml-layout":"","theme-transparent-header-meta":"default","adv-header-id-meta":"","stick-header-meta":"","header-above-stick-meta":"","header-main-stick-meta":"","header-below-stick-meta":""},"product_cat":[71,27],"product_tag":[],"class_list":["post-3568","product","type-product","status-publish","has-post-thumbnail","hentry","product_cat-accesorios-downlight-led","product_cat-downlight-plafones-y-placas-led"],"yoast_head":"<!-- This site is optimized with the Yoast SEO plugin v27.4 - https:\/\/yoast.com\/product\/yoast-seo-wordpress\/ -->\n<title>Reflector para Modelo LUCERNA ORO - STARLED Iluminacion<\/title>\n<meta name=\"robots\" content=\"index, follow, max-snippet:-1, max-image-preview:large, max-video-preview:-1\" \/>\n<link rel=\"canonical\" href=\"https:\/\/starlediluminacion.com\/fr\/product\/refletor-para-modelo-lucerna-dourado\/\" \/>\n<meta property=\"og:locale\" content=\"fr_FR\" \/>\n<meta property=\"og:type\" content=\"article\" \/>\n<meta property=\"og:title\" content=\"Reflector para Modelo LUCERNA ORO - STARLED Iluminacion\" \/>\n<meta property=\"og:description\" content=\"\u00a0Entrega en 24\/48 horas \u00a0Garant\u00eda asegurada \u00a01 unidad(es) por Masterbox\" \/>\n<meta property=\"og:url\" content=\"https:\/\/starlediluminacion.com\/fr\/product\/refletor-para-modelo-lucerna-dourado\/\" \/>\n<meta property=\"og:site_name\" content=\"STARLED Iluminacion\" \/>\n<meta property=\"article:modified_time\" content=\"2022-10-23T08:29:02+00:00\" \/>\n<meta property=\"og:image\" content=\"https:\/\/starlediluminacion.com\/wp-content\/uploads\/2022\/08\/aro-circular-para-modelo-lucerna-oro-cromo-aluminio-factorled.jpg\" \/>\n\t<meta property=\"og:image:width\" content=\"1000\" \/>\n\t<meta property=\"og:image:height\" content=\"1000\" \/>\n\t<meta property=\"og:image:type\" content=\"image\/jpeg\" \/>\n<meta name=\"twitter:card\" content=\"summary_large_image\" \/>\n<meta name=\"twitter:label1\" content=\"Dur\u00e9e de lecture estim\u00e9e\" \/>\n\t<meta name=\"twitter:data1\" content=\"1 minute\" \/>\n<script type=\"application\/ld+json\" class=\"yoast-schema-graph\">{\"@context\":\"https:\\\/\\\/schema.org\",\"@graph\":[{\"@type\":\"WebPage\",\"@id\":\"https:\\\/\\\/starlediluminacion.com\\\/pt\\\/product\\\/refletor-para-modelo-lucerna-dourado\\\/\",\"url\":\"https:\\\/\\\/starlediluminacion.com\\\/pt\\\/product\\\/refletor-para-modelo-lucerna-dourado\\\/\",\"name\":\"Reflector para Modelo LUCERNA ORO - STARLED Iluminacion\",\"isPartOf\":{\"@id\":\"https:\\\/\\\/starlediluminacion.com\\\/#website\"},\"primaryImageOfPage\":{\"@id\":\"https:\\\/\\\/starlediluminacion.com\\\/pt\\\/product\\\/refletor-para-modelo-lucerna-dourado\\\/#primaryimage\"},\"image\":{\"@id\":\"https:\\\/\\\/starlediluminacion.com\\\/pt\\\/product\\\/refletor-para-modelo-lucerna-dourado\\\/#primaryimage\"},\"thumbnailUrl\":\"https:\\\/\\\/starlediluminacion.com\\\/wp-content\\\/uploads\\\/2022\\\/08\\\/aro-circular-para-modelo-lucerna-oro-cromo-aluminio-factorled.jpg\",\"datePublished\":\"2022-08-06T20:07:22+00:00\",\"dateModified\":\"2022-10-23T08:29:02+00:00\",\"breadcrumb\":{\"@id\":\"https:\\\/\\\/starlediluminacion.com\\\/pt\\\/product\\\/refletor-para-modelo-lucerna-dourado\\\/#breadcrumb\"},\"inLanguage\":\"fr-FR\",\"potentialAction\":[{\"@type\":\"ReadAction\",\"target\":[\"https:\\\/\\\/starlediluminacion.com\\\/pt\\\/product\\\/refletor-para-modelo-lucerna-dourado\\\/\"]}]},{\"@type\":\"ImageObject\",\"inLanguage\":\"fr-FR\",\"@id\":\"https:\\\/\\\/starlediluminacion.com\\\/pt\\\/product\\\/refletor-para-modelo-lucerna-dourado\\\/#primaryimage\",\"url\":\"https:\\\/\\\/starlediluminacion.com\\\/wp-content\\\/uploads\\\/2022\\\/08\\\/aro-circular-para-modelo-lucerna-oro-cromo-aluminio-factorled.jpg\",\"contentUrl\":\"https:\\\/\\\/starlediluminacion.com\\\/wp-content\\\/uploads\\\/2022\\\/08\\\/aro-circular-para-modelo-lucerna-oro-cromo-aluminio-factorled.jpg\",\"width\":1000,\"height\":1000},{\"@type\":\"BreadcrumbList\",\"@id\":\"https:\\\/\\\/starlediluminacion.com\\\/pt\\\/product\\\/refletor-para-modelo-lucerna-dourado\\\/#breadcrumb\",\"itemListElement\":[{\"@type\":\"ListItem\",\"position\":1,\"name\":\"Portada\",\"item\":\"https:\\\/\\\/starlediluminacion.com\\\/\"},{\"@type\":\"ListItem\",\"position\":2,\"name\":\"Shop\",\"item\":\"https:\\\/\\\/starlediluminacion.com\\\/shop-2\\\/\"},{\"@type\":\"ListItem\",\"position\":3,\"name\":\"Reflector para Modelo LUCERNA ORO\"}]},{\"@type\":\"WebSite\",\"@id\":\"https:\\\/\\\/starlediluminacion.com\\\/#website\",\"url\":\"https:\\\/\\\/starlediluminacion.com\\\/\",\"name\":\"STARLED Iluminacion\",\"description\":\"\",\"potentialAction\":[{\"@type\":\"SearchAction\",\"target\":{\"@type\":\"EntryPoint\",\"urlTemplate\":\"https:\\\/\\\/starlediluminacion.com\\\/?s={search_term_string}\"},\"query-input\":{\"@type\":\"PropertyValueSpecification\",\"valueRequired\":true,\"valueName\":\"search_term_string\"}}],\"inLanguage\":\"fr-FR\"}]}<\/script>\n<!-- \/ Yoast SEO plugin. -->","yoast_head_json":{"title":"Reflector para Modelo LUCERNA ORO - STARLED Iluminacion","robots":{"index":"index","follow":"follow","max-snippet":"max-snippet:-1","max-image-preview":"max-image-preview:large","max-video-preview":"max-video-preview:-1"},"canonical":"https:\/\/starlediluminacion.com\/fr\/product\/refletor-para-modelo-lucerna-dourado\/","og_locale":"fr_FR","og_type":"article","og_title":"Reflector para Modelo LUCERNA ORO - STARLED Iluminacion","og_description":"\u00a0Entrega en 24\/48 horas \u00a0Garant\u00eda asegurada \u00a01 unidad(es) por Masterbox","og_url":"https:\/\/starlediluminacion.com\/fr\/product\/refletor-para-modelo-lucerna-dourado\/","og_site_name":"STARLED Iluminacion","article_modified_time":"2022-10-23T08:29:02+00:00","og_image":[{"width":1000,"height":1000,"url":"https:\/\/starlediluminacion.com\/wp-content\/uploads\/2022\/08\/aro-circular-para-modelo-lucerna-oro-cromo-aluminio-factorled.jpg","type":"image\/jpeg"}],"twitter_card":"summary_large_image","twitter_misc":{"Dur\u00e9e de lecture estim\u00e9e":"1 minute"},"schema":{"@context":"https:\/\/schema.org","@graph":[{"@type":"WebPage","@id":"https:\/\/starlediluminacion.com\/pt\/product\/refletor-para-modelo-lucerna-dourado\/","url":"https:\/\/starlediluminacion.com\/pt\/product\/refletor-para-modelo-lucerna-dourado\/","name":"Reflector para Modelo LUCERNA ORO - STARLED Iluminacion","isPartOf":{"@id":"https:\/\/starlediluminacion.com\/#website"},"primaryImageOfPage":{"@id":"https:\/\/starlediluminacion.com\/pt\/product\/refletor-para-modelo-lucerna-dourado\/#primaryimage"},"image":{"@id":"https:\/\/starlediluminacion.com\/pt\/product\/refletor-para-modelo-lucerna-dourado\/#primaryimage"},"thumbnailUrl":"https:\/\/starlediluminacion.com\/wp-content\/uploads\/2022\/08\/aro-circular-para-modelo-lucerna-oro-cromo-aluminio-factorled.jpg","datePublished":"2022-08-06T20:07:22+00:00","dateModified":"2022-10-23T08:29:02+00:00","breadcrumb":{"@id":"https:\/\/starlediluminacion.com\/pt\/product\/refletor-para-modelo-lucerna-dourado\/#breadcrumb"},"inLanguage":"fr-FR","potentialAction":[{"@type":"ReadAction","target":["https:\/\/starlediluminacion.com\/pt\/product\/refletor-para-modelo-lucerna-dourado\/"]}]},{"@type":"ImageObject","inLanguage":"fr-FR","@id":"https:\/\/starlediluminacion.com\/pt\/product\/refletor-para-modelo-lucerna-dourado\/#primaryimage","url":"https:\/\/starlediluminacion.com\/wp-content\/uploads\/2022\/08\/aro-circular-para-modelo-lucerna-oro-cromo-aluminio-factorled.jpg","contentUrl":"https:\/\/starlediluminacion.com\/wp-content\/uploads\/2022\/08\/aro-circular-para-modelo-lucerna-oro-cromo-aluminio-factorled.jpg","width":1000,"height":1000},{"@type":"BreadcrumbList","@id":"https:\/\/starlediluminacion.com\/pt\/product\/refletor-para-modelo-lucerna-dourado\/#breadcrumb","itemListElement":[{"@type":"ListItem","position":1,"name":"Portada","item":"https:\/\/starlediluminacion.com\/"},{"@type":"ListItem","position":2,"name":"Shop","item":"https:\/\/starlediluminacion.com\/shop-2\/"},{"@type":"ListItem","position":3,"name":"Reflector para Modelo LUCERNA ORO"}]},{"@type":"WebSite","@id":"https:\/\/starlediluminacion.com\/#website","url":"https:\/\/starlediluminacion.com\/","name":"STARLED Iluminacion","description":"","potentialAction":[{"@type":"SearchAction","target":{"@type":"EntryPoint","urlTemplate":"https:\/\/starlediluminacion.com\/?s={search_term_string}"},"query-input":{"@type":"PropertyValueSpecification","valueRequired":true,"valueName":"search_term_string"}}],"inLanguage":"fr-FR"}]}},"_links":{"self":[{"href":"https:\/\/starlediluminacion.com\/fr\/wp-json\/wp\/v3\/product\/3568","targetHints":{"allow":["GET"]}}],"collection":[{"href":"https:\/\/starlediluminacion.com\/fr\/wp-json\/wp\/v3\/product"}],"about":[{"href":"https:\/\/starlediluminacion.com\/fr\/wp-json\/wp\/v2\/types\/product"}],"wp:featuredmedia":[{"embeddable":true,"href":"https:\/\/starlediluminacion.com\/fr\/wp-json\/wp\/v2\/media\/3571"}],"wp:attachment":[{"href":"https:\/\/starlediluminacion.com\/fr\/wp-json\/wp\/v2\/media?parent=3568"}],"wp:term":[{"taxonomy":"product_cat","embeddable":true,"href":"https:\/\/starlediluminacion.com\/fr\/wp-json\/wp\/v2\/product_cat?post=3568"},{"taxonomy":"product_tag","embeddable":true,"href":"https:\/\/starlediluminacion.com\/fr\/wp-json\/wp\/v2\/product_tag?post=3568"}],"curies":[{"name":"wp","href":"https:\/\/api.w.org\/{rel}","templated":true}]}}