{"id":3538,"date":"2022-08-06T19:55:51","date_gmt":"2022-08-06T19:55:51","guid":{"rendered":"https:\/\/starlediluminacion.com\/?post_type=product&#038;p=3538"},"modified":"2022-10-23T08:24:15","modified_gmt":"2022-10-23T08:24:15","slug":"aro-supletorio-cubre-hueco-para-downlight-205cm","status":"publish","type":"product","link":"https:\/\/starlediluminacion.com\/fr\/product\/cerceau-supplementaire-couverture-couverture-cercle-creux-pour-lumiere-du-bas-205cm\/","title":{"rendered":"<p>Anneau suppl\u00e9mentaire pour cache-trou de downlight - 20,5cm<\/p>"},"content":{"rendered":"<div class=\"product-info-line\">\n<p id=\"product_reference\"><label>R\u00c9F\u00c9RENCE :<span style=\"font-size: 16px;\"> SL<\/span><span class=\"editable\" style=\"font-size: 16px;\">IL003<\/span><\/label><\/p>\n<p>Les&nbsp;<strong>Anneau suppl\u00e9mentaire<\/strong>&nbsp;est id\u00e9al&nbsp;<strong>couverture<\/strong>&nbsp;les&nbsp;<strong>trous<\/strong>&nbsp;des d\u00e9coupes de plafond laiss\u00e9es avec un \u00f8 sup\u00e9rieur \u00e0 la d\u00e9coupe du spot, afin de ne pas perdre le design de votre espace.  Vous pourrez \u00e9galement personnaliser vos luminaires et cr\u00e9er votre propre design, adapt\u00e9 \u00e0 vos besoins.<\/p>\n<h1>L'anneau suppl\u00e9mentaire couvre l'\u00e9videment pour les downlights<\/h1>\n<p><strong>Cerceau blanc<\/strong>&nbsp;D'un design \u00e9l\u00e9gant, il est recommand\u00e9 pour les assiettes ou les plats.&nbsp;<strong>projecteur<\/strong>&nbsp;mince,&nbsp;<strong>couverture<\/strong>&nbsp;a&nbsp;<strong>creux<\/strong>&nbsp;plus grand que ce que le projecteur peut couvrir. Ses dimensions sont les suivantes<\/p>\n<p>- Coupe int\u00e9rieure : \u00f8152mm<\/p>\n<p>- Coupe ext\u00e9rieure : \u00f8204mm<\/p>\n<p>&nbsp;<\/p>\n<p>Ce produit permet de couvrir des espaces trop grands pour la plaque ou le downlight, de sorte que des d\u00e9coupes de plafond jusqu'\u00e0 \u00f8205 mm sont couvertes par l'anneau.<\/p>\n<p>Il est parfait pour un nouveau chantier de construction. Il b\u00e9n\u00e9ficie d'un indice de protection IP20, ce qui le rend id\u00e9al pour une utilisation \u00e0 l'int\u00e9rieur.<\/p>\n<h2>Utilisations du cache-trou suppl\u00e9mentaire \u00e0 anneau blanc pour Downlights<\/h2>\n<ul>\n<li>Domestique<\/li>\n<li>Professionnel<\/li>\n<\/ul>\n<h3 class=\"page-product-heading\">DONN\u00c9ES TECHNIQUES<\/h3>\n<div class=\"col-xs-12 col-md-6\">\n<table class=\"table table-data-sheet 1\">\n<tbody>\n<tr class=\"odd\">\n<td valign=\"middle\" width=\"32\"><\/td>\n<td valign=\"middle\">REFERENCE :<\/td>\n<td valign=\"middle\">SLIL003<\/td>\n<\/tr>\n<tr class=\"even\">\n<td valign=\"middle\" width=\"32\"><\/td>\n<td valign=\"middle\">Mat\u00e9riaux de construction :<\/td>\n<td valign=\"middle\">PMMA<\/td>\n<\/tr>\n<tr class=\"odd\">\n<td valign=\"middle\" width=\"32\"><\/td>\n<td valign=\"middle\">Indice de protection IP :<\/td>\n<td valign=\"middle\">IP20<\/td>\n<\/tr>\n<\/tbody>\n<\/table>\n<\/div>\n<div class=\"col-xs-12 col-md-6 2\">\n<table class=\"table table-data-sheet 2\">\n<tbody>\n<tr class=\"odd\">\n<td valign=\"middle\" width=\"32\"><\/td>\n<td valign=\"middle\">Dimensions (mm) :<\/td>\n<td valign=\"middle\">int\u00e9rieur : \u00f8152mm ext\u00e9rieur : \u00f8204mm<\/td>\n<\/tr>\n<tr class=\"even\">\n<td valign=\"middle\" width=\"32\"><\/td>\n<td valign=\"middle\">Ann\u00e9es de garantie :<\/td>\n<td valign=\"middle\">2<\/td>\n<\/tr>\n<\/tbody>\n<\/table>\n<\/div>\n<p>&nbsp;<\/p>\n<\/div>","protected":false},"excerpt":{"rendered":"<div class=\"col-md-12\"><i class=\"fa fa-truck\"><\/i>&nbsp;<span class=\"text-muted textprop\">Livraison dans les 24\/48 heures<\/span><div class=\"col-md-12\"><i class=\"fa fa-exchange\"><\/i>&nbsp;<span class=\"text-muted textprop\">Garantie assur\u00e9e<\/span><\/div><div class=\"col-md-12\"><i class=\"fa fa-box\"><\/i>&nbsp;<span class=\"text-muted textprop\">50 unit\u00e9(s) par bo\u00eete \u00e0 outils<\/span><\/div><div class=\"col-md-12 certificados\"><\/div><\/div>","protected":false},"featured_media":3547,"template":"","meta":{"site-sidebar-layout":"default","site-content-layout":"default","ast-global-header-display":"","ast-main-header-display":"","ast-hfb-above-header-display":"","ast-hfb-below-header-display":"","ast-hfb-mobile-header-display":"","site-post-title":"","ast-breadcrumbs-content":"","ast-featured-img":"","footer-sml-layout":"","theme-transparent-header-meta":"default","adv-header-id-meta":"","stick-header-meta":"","header-above-stick-meta":"","header-main-stick-meta":"","header-below-stick-meta":""},"product_cat":[71,27],"product_tag":[],"class_list":["post-3538","product","type-product","status-publish","has-post-thumbnail","hentry","product_cat-accesorios-downlight-led","product_cat-downlight-plafones-y-placas-led"],"yoast_head":"<!-- This site is optimized with the Yoast SEO plugin v27.4 - https:\/\/yoast.com\/product\/yoast-seo-wordpress\/ -->\n<title>Aro Supletorio cubre hueco para Downlight - 20,5cm - STARLED Iluminacion<\/title>\n<meta name=\"robots\" content=\"index, follow, max-snippet:-1, max-image-preview:large, max-video-preview:-1\" \/>\n<link rel=\"canonical\" href=\"https:\/\/starlediluminacion.com\/fr\/product\/cerceau-supplementaire-couverture-couverture-cercle-creux-pour-lumiere-du-bas-205cm\/\" \/>\n<meta property=\"og:locale\" content=\"fr_FR\" \/>\n<meta property=\"og:type\" content=\"article\" \/>\n<meta property=\"og:title\" content=\"Aro Supletorio cubre hueco para Downlight - 20,5cm - STARLED Iluminacion\" \/>\n<meta property=\"og:description\" content=\"\u00a0Entrega en 24\/48 horas \u00a0Garant\u00eda asegurada \u00a050 unidad(es) por Masterbox\" \/>\n<meta property=\"og:url\" content=\"https:\/\/starlediluminacion.com\/fr\/product\/cerceau-supplementaire-couverture-couverture-cercle-creux-pour-lumiere-du-bas-205cm\/\" \/>\n<meta property=\"og:site_name\" content=\"STARLED Iluminacion\" \/>\n<meta property=\"article:modified_time\" content=\"2022-10-23T08:24:15+00:00\" \/>\n<meta property=\"og:image\" content=\"https:\/\/starlediluminacion.com\/wp-content\/uploads\/2022\/08\/aro-supletorio-cubre-hueco-downlight-205mm-factorled-6.webp\" \/>\n\t<meta property=\"og:image:width\" content=\"250\" \/>\n\t<meta property=\"og:image:height\" content=\"250\" \/>\n\t<meta property=\"og:image:type\" content=\"image\/webp\" \/>\n<meta name=\"twitter:card\" content=\"summary_large_image\" \/>\n<meta name=\"twitter:label1\" content=\"Dur\u00e9e de lecture estim\u00e9e\" \/>\n\t<meta name=\"twitter:data1\" content=\"1 minute\" \/>\n<script type=\"application\/ld+json\" class=\"yoast-schema-graph\">{\"@context\":\"https:\\\/\\\/schema.org\",\"@graph\":[{\"@type\":\"WebPage\",\"@id\":\"https:\\\/\\\/starlediluminacion.com\\\/producto\\\/aro-supletorio-cubre-hueco-para-downlight-205cm\\\/\",\"url\":\"https:\\\/\\\/starlediluminacion.com\\\/producto\\\/aro-supletorio-cubre-hueco-para-downlight-205cm\\\/\",\"name\":\"Aro Supletorio cubre hueco para Downlight - 20,5cm - STARLED Iluminacion\",\"isPartOf\":{\"@id\":\"https:\\\/\\\/starlediluminacion.com\\\/#website\"},\"primaryImageOfPage\":{\"@id\":\"https:\\\/\\\/starlediluminacion.com\\\/producto\\\/aro-supletorio-cubre-hueco-para-downlight-205cm\\\/#primaryimage\"},\"image\":{\"@id\":\"https:\\\/\\\/starlediluminacion.com\\\/producto\\\/aro-supletorio-cubre-hueco-para-downlight-205cm\\\/#primaryimage\"},\"thumbnailUrl\":\"https:\\\/\\\/starlediluminacion.com\\\/wp-content\\\/uploads\\\/2022\\\/08\\\/aro-supletorio-cubre-hueco-downlight-205mm-factorled-6.webp\",\"datePublished\":\"2022-08-06T19:55:51+00:00\",\"dateModified\":\"2022-10-23T08:24:15+00:00\",\"breadcrumb\":{\"@id\":\"https:\\\/\\\/starlediluminacion.com\\\/producto\\\/aro-supletorio-cubre-hueco-para-downlight-205cm\\\/#breadcrumb\"},\"inLanguage\":\"fr-FR\",\"potentialAction\":[{\"@type\":\"ReadAction\",\"target\":[\"https:\\\/\\\/starlediluminacion.com\\\/producto\\\/aro-supletorio-cubre-hueco-para-downlight-205cm\\\/\"]}]},{\"@type\":\"ImageObject\",\"inLanguage\":\"fr-FR\",\"@id\":\"https:\\\/\\\/starlediluminacion.com\\\/producto\\\/aro-supletorio-cubre-hueco-para-downlight-205cm\\\/#primaryimage\",\"url\":\"https:\\\/\\\/starlediluminacion.com\\\/wp-content\\\/uploads\\\/2022\\\/08\\\/aro-supletorio-cubre-hueco-downlight-205mm-factorled-6.webp\",\"contentUrl\":\"https:\\\/\\\/starlediluminacion.com\\\/wp-content\\\/uploads\\\/2022\\\/08\\\/aro-supletorio-cubre-hueco-downlight-205mm-factorled-6.webp\",\"width\":250,\"height\":250},{\"@type\":\"BreadcrumbList\",\"@id\":\"https:\\\/\\\/starlediluminacion.com\\\/producto\\\/aro-supletorio-cubre-hueco-para-downlight-205cm\\\/#breadcrumb\",\"itemListElement\":[{\"@type\":\"ListItem\",\"position\":1,\"name\":\"Portada\",\"item\":\"https:\\\/\\\/starlediluminacion.com\\\/\"},{\"@type\":\"ListItem\",\"position\":2,\"name\":\"Shop\",\"item\":\"https:\\\/\\\/starlediluminacion.com\\\/shop-2\\\/\"},{\"@type\":\"ListItem\",\"position\":3,\"name\":\"Aro Supletorio cubre hueco para Downlight &#8211; 20,5cm\"}]},{\"@type\":\"WebSite\",\"@id\":\"https:\\\/\\\/starlediluminacion.com\\\/#website\",\"url\":\"https:\\\/\\\/starlediluminacion.com\\\/\",\"name\":\"STARLED Iluminacion\",\"description\":\"\",\"potentialAction\":[{\"@type\":\"SearchAction\",\"target\":{\"@type\":\"EntryPoint\",\"urlTemplate\":\"https:\\\/\\\/starlediluminacion.com\\\/?s={search_term_string}\"},\"query-input\":{\"@type\":\"PropertyValueSpecification\",\"valueRequired\":true,\"valueName\":\"search_term_string\"}}],\"inLanguage\":\"fr-FR\"}]}<\/script>\n<!-- \/ Yoast SEO plugin. -->","yoast_head_json":{"title":"Aro Supletorio cubre hueco para Downlight - 20,5cm - STARLED Iluminacion","robots":{"index":"index","follow":"follow","max-snippet":"max-snippet:-1","max-image-preview":"max-image-preview:large","max-video-preview":"max-video-preview:-1"},"canonical":"https:\/\/starlediluminacion.com\/fr\/product\/cerceau-supplementaire-couverture-couverture-cercle-creux-pour-lumiere-du-bas-205cm\/","og_locale":"fr_FR","og_type":"article","og_title":"Aro Supletorio cubre hueco para Downlight - 20,5cm - STARLED Iluminacion","og_description":"\u00a0Entrega en 24\/48 horas \u00a0Garant\u00eda asegurada \u00a050 unidad(es) por Masterbox","og_url":"https:\/\/starlediluminacion.com\/fr\/product\/cerceau-supplementaire-couverture-couverture-cercle-creux-pour-lumiere-du-bas-205cm\/","og_site_name":"STARLED Iluminacion","article_modified_time":"2022-10-23T08:24:15+00:00","og_image":[{"width":250,"height":250,"url":"https:\/\/starlediluminacion.com\/wp-content\/uploads\/2022\/08\/aro-supletorio-cubre-hueco-downlight-205mm-factorled-6.webp","type":"image\/webp"}],"twitter_card":"summary_large_image","twitter_misc":{"Dur\u00e9e de lecture estim\u00e9e":"1 minute"},"schema":{"@context":"https:\/\/schema.org","@graph":[{"@type":"WebPage","@id":"https:\/\/starlediluminacion.com\/producto\/aro-supletorio-cubre-hueco-para-downlight-205cm\/","url":"https:\/\/starlediluminacion.com\/producto\/aro-supletorio-cubre-hueco-para-downlight-205cm\/","name":"Aro Supletorio cubre hueco para Downlight - 20,5cm - STARLED Iluminacion","isPartOf":{"@id":"https:\/\/starlediluminacion.com\/#website"},"primaryImageOfPage":{"@id":"https:\/\/starlediluminacion.com\/producto\/aro-supletorio-cubre-hueco-para-downlight-205cm\/#primaryimage"},"image":{"@id":"https:\/\/starlediluminacion.com\/producto\/aro-supletorio-cubre-hueco-para-downlight-205cm\/#primaryimage"},"thumbnailUrl":"https:\/\/starlediluminacion.com\/wp-content\/uploads\/2022\/08\/aro-supletorio-cubre-hueco-downlight-205mm-factorled-6.webp","datePublished":"2022-08-06T19:55:51+00:00","dateModified":"2022-10-23T08:24:15+00:00","breadcrumb":{"@id":"https:\/\/starlediluminacion.com\/producto\/aro-supletorio-cubre-hueco-para-downlight-205cm\/#breadcrumb"},"inLanguage":"fr-FR","potentialAction":[{"@type":"ReadAction","target":["https:\/\/starlediluminacion.com\/producto\/aro-supletorio-cubre-hueco-para-downlight-205cm\/"]}]},{"@type":"ImageObject","inLanguage":"fr-FR","@id":"https:\/\/starlediluminacion.com\/producto\/aro-supletorio-cubre-hueco-para-downlight-205cm\/#primaryimage","url":"https:\/\/starlediluminacion.com\/wp-content\/uploads\/2022\/08\/aro-supletorio-cubre-hueco-downlight-205mm-factorled-6.webp","contentUrl":"https:\/\/starlediluminacion.com\/wp-content\/uploads\/2022\/08\/aro-supletorio-cubre-hueco-downlight-205mm-factorled-6.webp","width":250,"height":250},{"@type":"BreadcrumbList","@id":"https:\/\/starlediluminacion.com\/producto\/aro-supletorio-cubre-hueco-para-downlight-205cm\/#breadcrumb","itemListElement":[{"@type":"ListItem","position":1,"name":"Portada","item":"https:\/\/starlediluminacion.com\/"},{"@type":"ListItem","position":2,"name":"Shop","item":"https:\/\/starlediluminacion.com\/shop-2\/"},{"@type":"ListItem","position":3,"name":"Aro Supletorio cubre hueco para Downlight &#8211; 20,5cm"}]},{"@type":"WebSite","@id":"https:\/\/starlediluminacion.com\/#website","url":"https:\/\/starlediluminacion.com\/","name":"STARLED Iluminacion","description":"","potentialAction":[{"@type":"SearchAction","target":{"@type":"EntryPoint","urlTemplate":"https:\/\/starlediluminacion.com\/?s={search_term_string}"},"query-input":{"@type":"PropertyValueSpecification","valueRequired":true,"valueName":"search_term_string"}}],"inLanguage":"fr-FR"}]}},"_links":{"self":[{"href":"https:\/\/starlediluminacion.com\/fr\/wp-json\/wp\/v3\/product\/3538","targetHints":{"allow":["GET"]}}],"collection":[{"href":"https:\/\/starlediluminacion.com\/fr\/wp-json\/wp\/v3\/product"}],"about":[{"href":"https:\/\/starlediluminacion.com\/fr\/wp-json\/wp\/v2\/types\/product"}],"wp:featuredmedia":[{"embeddable":true,"href":"https:\/\/starlediluminacion.com\/fr\/wp-json\/wp\/v2\/media\/3547"}],"wp:attachment":[{"href":"https:\/\/starlediluminacion.com\/fr\/wp-json\/wp\/v2\/media?parent=3538"}],"wp:term":[{"taxonomy":"product_cat","embeddable":true,"href":"https:\/\/starlediluminacion.com\/fr\/wp-json\/wp\/v2\/product_cat?post=3538"},{"taxonomy":"product_tag","embeddable":true,"href":"https:\/\/starlediluminacion.com\/fr\/wp-json\/wp\/v2\/product_tag?post=3538"}],"curies":[{"name":"wp","href":"https:\/\/api.w.org\/{rel}","templated":true}]}}