{"id":34427,"date":"2025-08-24T17:48:58","date_gmt":"2025-08-24T17:48:58","guid":{"rendered":"https:\/\/starlediluminacion.com\/?post_type=product&#038;p=34427"},"modified":"2025-10-16T09:13:05","modified_gmt":"2025-10-16T09:13:05","slug":"baliza-led-cuadrada-9w-garden-5cct-exterior-56-5cm","status":"publish","type":"product","link":"https:\/\/starlediluminacion.com\/fr\/product\/baliza-led-cuadrada-9w-garden-5cct-exterior-56-5cm\/","title":{"rendered":"<p>Balise LED carr\u00e9e 9W - JARDIN - 5CCT - Ext\u00e9rieur 56.5cm<\/p>"},"content":{"rendered":"<h1>Balise LED 9W - JARDIN - 5CCT - Ext\u00e9rieur 57cm<p>Les&nbsp;<strong>Baliza LED&nbsp;<\/strong><strong>Cuadrada&nbsp;<\/strong><strong>9W para Exterior<\/strong>&nbsp;est une solution d'\u00e9clairage moderne, efficace et polyvalente, con\u00e7ue pour offrir des performances et une esth\u00e9tique \u00e9lev\u00e9es dans une grande vari\u00e9t\u00e9 d'espaces ext\u00e9rieurs. Avec une puissance de 9W et une capacit\u00e9 de s\u00e9lection de&nbsp;<strong>5CCT (2700K, 3000K, 4000K, 5000K, 6500K)<\/strong>Cette balise permet de r\u00e9gler la temp\u00e9rature de couleur de la lumi\u00e8re en fonction des besoins et de l'ambiance souhait\u00e9e. Son design \u00e9pur\u00e9 et minimaliste apporte une touche d\u00e9corative, tandis que sa construction robuste lui assure une longue dur\u00e9e de vie et une r\u00e9sistance aux intemp\u00e9ries.<\/p><p><strong>Caract\u00e9ristiques principales :<\/strong><\/p><ul>\n<li><strong>LED 9W int\u00e9gr\u00e9e<\/strong>Une ampoule LED E27 est incluse pour fournir un \u00e9clairage efficace et \u00e9conome en \u00e9nergie.<\/li>\n<li><strong>S\u00e9lecteur 5CCT<\/strong>: Permet de s\u00e9lectionner la temp\u00e9rature de couleur id\u00e9ale pour chaque environnement,&nbsp;<strong>2700K, 3000K, 4000K, 5000K, 6500K<\/strong>Le syst\u00e8me s'adapte parfaitement aux besoins de l'espace.<\/li>\n<li><strong>IP65<\/strong>Certification de protection contre l'eau et la poussi\u00e8re, ce qui rend cette balise id\u00e9ale pour une utilisation en ext\u00e9rieur, m\u00eame dans des conditions m\u00e9t\u00e9orologiques d\u00e9favorables.<\/li>\n<li><strong>Design moderne et minimaliste<\/strong>Le style contemporain s'int\u00e8gre parfaitement \u00e0 tout type de d\u00e9coration ext\u00e9rieure.<\/li>\n<li><strong>Durabilit\u00e9 et r\u00e9sistance<\/strong>Fabriqu\u00e9 \u00e0 partir de mat\u00e9riaux de haute qualit\u00e9, il garantit une longue dur\u00e9e de vie.<\/li>\n<\/ul><h2>Usos y aplicaciones de la&nbsp;Baliza LED Cuadrada 9W GARDEN 5CCT &ndash; Exterior 56.5cm<\/h2><p>Les&nbsp;<strong>Baliza LED&nbsp;<\/strong><strong>Cuadrada&nbsp;<\/strong><strong>9W para Exterior<\/strong>&nbsp;est le choix id\u00e9al pour l'\u00e9clairage d'une grande vari\u00e9t\u00e9 d'espaces ext\u00e9rieurs. Sa conception compacte et efficace le rend parfait pour une vari\u00e9t\u00e9 d'applications :<\/p><ol>\n<li><strong>Jardins et terrasses<\/strong>Id\u00e9al pour cr\u00e9er un \u00e9clairage d'ambiance qui met en valeur le paysage et la v\u00e9g\u00e9tation de votre jardin ou de votre terrasse. Vous pouvez l'utiliser pour d\u00e9limiter des all\u00e9es, cr\u00e9er des zones de repos ou simplement pour mettre en valeur des \u00e9l\u00e9ments d\u00e9coratifs tels que des plantes ou des sculptures.<\/li>\n<li><strong>Balcons et patios<\/strong>La temp\u00e9rature de couleur peut \u00eatre r\u00e9gl\u00e9e pour cr\u00e9er diff\u00e9rentes ambiances en fonction de l'occasion, et peut \u00e9galement \u00eatre utilis\u00e9e pour cr\u00e9er diff\u00e9rentes ambiances. La possibilit\u00e9 de r\u00e9gler la temp\u00e9rature de couleur permet de cr\u00e9er diff\u00e9rentes atmosph\u00e8res en fonction de l'occasion.<\/li>\n<li><strong>Auvents et entr\u00e9es de maison<\/strong>La protection IP65 garantit que la balise r\u00e9sistera aux \u00e9l\u00e9ments, ce qui la rend id\u00e9ale pour \u00e9clairer les entr\u00e9es de maison, les auvents ou les porches. Elle offre une excellente visibilit\u00e9 et une s\u00e9curit\u00e9 accrue lors de l'acc\u00e8s \u00e0 votre maison la nuit.<\/li>\n<li><strong>Passages couverts<\/strong>Parfait pour \u00e9clairer les all\u00e9es ext\u00e9rieures couvertes, les chemins pi\u00e9tonniers ou les passerelles. Gr\u00e2ce \u00e0 sa conception compacte, il ne d\u00e9passe pas et ne g\u00eane pas la marche, mais fournit la bonne quantit\u00e9 de lumi\u00e8re pour une marche en toute s\u00e9curit\u00e9.<\/li>\n<li><strong>Zones commerciales ext\u00e9rieures<\/strong>La balise convient \u00e9galement \u00e0 l'\u00e9clairage de vitrines, de zones d'exposition ext\u00e9rieures ou d'installations commerciales, fournissant un \u00e9clairage efficace et esth\u00e9tique qui attire l'attention sans \u00eatre \u00e9blouissant.<\/li>\n<li><strong>\u00c9clairage d\u00e9coratif<\/strong>Son design \u00e9l\u00e9gant et moderne en fait un excellent choix pour les projets d'\u00e9clairage d\u00e9coratif dans les espaces ext\u00e9rieurs, tels que les jardins verticaux, les patios d'exposition ou les espaces \u00e9v\u00e9nementiels.<\/li>\n<\/ol><div class=\"product-reference\"><label class=\"label\">R\u00e9f\u00e9rence<\/label>&nbsp;GL9W-CCT-91297<\/div><div class=\"product-out-of-stock\"><\/div><section class=\"product-features\">\n<h3 class=\"h6\">Fiche technique du produit<\/h3>\n<dl class=\"data-sheet\">\n<dt class=\"name\"><img loading=\"lazy\" decoding=\"async\" src=\"https:\/\/www.factorled.com\/modules\/oa_features\/img\/2-default.jpg\" width=\"32\" height=\"32\">&nbsp;R\u00c9F\u00c9RENCE<\/dt>\n<dd class=\"value\">GL9W-CCT-91297<\/dd>\n<dt class=\"name\"><img loading=\"lazy\" decoding=\"async\" src=\"https:\/\/www.factorled.com\/modules\/oa_features\/img\/3-default.jpg\" width=\"32\" height=\"32\">&nbsp;Puissance nominale<\/dt>\n<dd class=\"value\">9W<\/dd>\n<dt class=\"name\"><img loading=\"lazy\" decoding=\"async\" src=\"https:\/\/www.factorled.com\/modules\/oa_features\/img\/5-default.jpg\" width=\"32\" height=\"32\">&nbsp;Temp\u00e9rature de la lumi\u00e8re<\/dt>\n<dd class=\"value\">5CCT - 2700K-3000K-4000K-5000K-6000K<\/dd>\n<dt class=\"name\"><img loading=\"lazy\" decoding=\"async\" src=\"https:\/\/www.factorled.com\/modules\/oa_features\/img\/6-default.jpg\" width=\"32\" height=\"32\">&nbsp;CRI - Indice de rendu des couleurs<\/dt>\n<dd class=\"value\">80<\/dd>\n<dt class=\"name\"><img loading=\"lazy\" decoding=\"async\" src=\"https:\/\/www.factorled.com\/modules\/oa_features\/img\/25-default.jpg\" width=\"32\" height=\"32\">&nbsp;Mat\u00e9riaux de construction<\/dt>\n<dd class=\"value\">Polycarbonate<\/dd>\n<dt class=\"name\"><img loading=\"lazy\" decoding=\"async\" src=\"https:\/\/www.factorled.com\/modules\/oa_features\/img\/8-default.jpg\" width=\"32\" height=\"32\">&nbsp;Luminosit\u00e9-Lm<\/dt>\n<dd class=\"value\">900<\/dd>\n<dt class=\"name\"><img loading=\"lazy\" decoding=\"async\" src=\"https:\/\/www.factorled.com\/modules\/oa_features\/img\/9-default.jpg\" width=\"32\" height=\"32\">&nbsp;Type de LED<\/dt>\n<dd class=\"value\">SMD 2835<\/dd>\n<dt class=\"name\"><img loading=\"lazy\" decoding=\"async\" src=\"https:\/\/www.factorled.com\/modules\/oa_features\/img\/10-default.jpg\" width=\"32\" height=\"32\">&nbsp;Angle d'ouverture (\u00ba)<\/dt>\n<dd class=\"value\">360\u00ba<\/dd>\n<dt class=\"name\"><img loading=\"lazy\" decoding=\"async\" src=\"https:\/\/www.factorled.com\/modules\/oa_features\/img\/12-default.jpg\" width=\"32\" height=\"32\">&nbsp;Efficacit\u00e9 de la diode LED (Lm\/W)<\/dt>\n<dd class=\"value\">110 Lm\/W<\/dd>\n<dt class=\"name\"><img loading=\"lazy\" decoding=\"async\" src=\"https:\/\/www.factorled.com\/modules\/oa_features\/img\/13-default.jpg\" width=\"32\" height=\"32\">&nbsp;Efficacit\u00e9 lumineuse (Lm\/W)<\/dt>\n<dd class=\"value\">100Lm\/W<\/dd>\n<dt class=\"name\"><img loading=\"lazy\" decoding=\"async\" src=\"https:\/\/www.factorled.com\/modules\/oa_features\/img\/15-default.jpg\" width=\"32\" height=\"32\">&nbsp;Certificats<\/dt>\n<dd class=\"value\">CE, CMIM, RoHS<\/dd>\n<dt class=\"name\"><img loading=\"lazy\" decoding=\"async\" src=\"https:\/\/www.factorled.com\/modules\/oa_features\/img\/16-default.jpg\" width=\"32\" height=\"32\">&nbsp;Indice de protection IP<\/dt>\n<dd class=\"value\">IP65-Ext\u00e9rieur<\/dd>\n<dt class=\"name\"><img loading=\"lazy\" decoding=\"async\" src=\"https:\/\/www.factorled.com\/modules\/oa_features\/img\/17-default.jpg\" width=\"32\" height=\"32\">&nbsp;Dur\u00e9e de vie estim\u00e9e Diode LED (H)<\/dt>\n<dd class=\"value\">30.000<\/dd>\n<dt class=\"name\"><img loading=\"lazy\" decoding=\"async\" src=\"https:\/\/www.factorled.com\/modules\/oa_features\/img\/18-default.jpg\" width=\"32\" height=\"32\">&nbsp;Dimensions (mm)<\/dt>\n<dd class=\"value\">148x175xH565mm<\/dd>\n<dt class=\"name\"><img loading=\"lazy\" decoding=\"async\" src=\"https:\/\/www.factorled.com\/modules\/oa_features\/img\/20-default.jpg\" width=\"32\" height=\"32\">&nbsp;Facteur de puissance (PF)<\/dt>\n<dd class=\"value\">0.91<\/dd>\n<dt class=\"name\"><img loading=\"lazy\" decoding=\"async\" src=\"https:\/\/www.factorled.com\/modules\/oa_features\/img\/21-default.jpg\" width=\"32\" height=\"32\">&nbsp;Fr\u00e9quence de travail (Hz)<\/dt>\n<dd class=\"value\">50\/60Hz<\/dd>\n<dt class=\"name\"><img loading=\"lazy\" decoding=\"async\" src=\"https:\/\/www.factorled.com\/modules\/oa_features\/img\/22-default.jpg\" width=\"32\" height=\"32\">&nbsp;Plage de temp\u00e9rature (\u00baC)<\/dt>\n<dd class=\"value\">+40\u00baC ~ -20\u00baC<\/dd>\n<dt class=\"name\"><img loading=\"lazy\" decoding=\"async\" src=\"https:\/\/www.factorled.com\/modules\/oa_features\/img\/23-default.jpg\" width=\"32\" height=\"32\">&nbsp;Cycles d'allumage<\/dt>\n<dd class=\"value\">100.000<\/dd>\n<dt class=\"name\"><img loading=\"lazy\" decoding=\"async\" src=\"https:\/\/www.factorled.com\/modules\/oa_features\/img\/24-default.jpg\" width=\"32\" height=\"32\">&nbsp;Temps de d\u00e9marrage (s)<\/dt>\n<dd class=\"value\">0,2s<\/dd>\n<dt class=\"name\"><img loading=\"lazy\" decoding=\"async\" src=\"https:\/\/www.factorled.com\/modules\/oa_features\/img\/7-default.jpg\" width=\"32\" height=\"32\">&nbsp;Classe \u00e9nerg\u00e9tique (2021-UE-2019\/2015)<\/dt>\n<dd class=\"value\">A+<\/dd>\n<dt class=\"name\"><img loading=\"lazy\" decoding=\"async\" src=\"https:\/\/www.factorled.com\/modules\/oa_features\/img\/75-default.jpg\" width=\"32\" height=\"32\">&nbsp;Ann\u00e9es de garantie<\/dt>\n<dd class=\"value\">3<\/dd>\n<dt class=\"name\"><img loading=\"lazy\" decoding=\"async\" src=\"https:\/\/www.factorled.com\/modules\/oa_features\/img\/133-default.jpg\" width=\"32\" height=\"32\">&nbsp;Unit\u00e9s par bo\u00eete \u00e0 outils<\/dt>\n<dd class=\"value\">1<\/dd>\n<\/dl>\n<\/section><\/h1>","protected":false},"excerpt":{"rendered":"<div class=\"product-reference\"><strong><label class=\"label\">R\u00e9f\u00e9rence :<\/label> SLGL9W-CCT-91297<\/strong>\n<div><\/div>\n<div class=\"product-description-short\">\n<div id=\"product-description-short-3784\">\n<p><strong>Baliza LED Cuadrada 9W para Exterior &ndash; Dise&ntilde;o Moderno y Elegante<\/strong>&nbsp;pour usage ext\u00e9rieur avec&nbsp;<strong>LED 9W int\u00e9gr\u00e9e<\/strong>&nbsp;y&nbsp;<strong>S\u00e9lecteur 5CCT (2700K-3000K-4000K-5000K-6500K)<\/strong>&nbsp;est la solution id\u00e9ale pour \u00e9clairer les espaces ext\u00e9rieurs avec style et fonctionnalit\u00e9. Son design moderne et minimaliste ajoute une touche d\u00e9corative aux jardins, balcons, auvents ou all\u00e9es couvertes.<\/p>\n<p>Avec une protection&nbsp;<strong>IP65<\/strong>r\u00e9siste aux intemp\u00e9ries et offre un \u00e9clairage efficace et personnalisable pour tout environnement ext\u00e9rieur.<\/p>\n<\/div>\n<\/div><\/div>","protected":false},"featured_media":34432,"template":"","meta":{"site-sidebar-layout":"default","site-content-layout":"default","ast-global-header-display":"","ast-main-header-display":"","ast-hfb-above-header-display":"","ast-hfb-below-header-display":"","ast-hfb-mobile-header-display":"","site-post-title":"","ast-breadcrumbs-content":"","ast-featured-img":"","footer-sml-layout":"","theme-transparent-header-meta":"default","adv-header-id-meta":"","stick-header-meta":"","header-above-stick-meta":"","header-main-stick-meta":"","header-below-stick-meta":""},"product_cat":[103,38],"product_tag":[],"class_list":["post-34427","product","type-product","status-publish","has-post-thumbnail","hentry","product_cat-balizas-led","product_cat-senalizacion-y-emergencias-led"],"yoast_head":"<!-- This site is optimized with the Yoast SEO plugin v27.4 - https:\/\/yoast.com\/product\/yoast-seo-wordpress\/ -->\n<title>Baliza LED Cuadrada 9W - GARDEN - 5CCT - Exterior 56.5cm - STARLED Iluminacion<\/title>\n<meta name=\"robots\" content=\"index, follow, max-snippet:-1, max-image-preview:large, max-video-preview:-1\" \/>\n<link rel=\"canonical\" href=\"https:\/\/starlediluminacion.com\/fr\/product\/baliza-led-cuadrada-9w-garden-5cct-exterior-56-5cm\/\" \/>\n<meta property=\"og:locale\" content=\"fr_FR\" \/>\n<meta property=\"og:type\" content=\"article\" \/>\n<meta property=\"og:title\" content=\"Baliza LED Cuadrada 9W - GARDEN - 5CCT - Exterior 56.5cm - STARLED Iluminacion\" \/>\n<meta property=\"og:description\" content=\"Referencia: SLGL9W-CCT-91297      Baliza LED Cuadrada 9W para Exterior - Dise\u00f1o Moderno y Elegante\u00a0para exterior con\u00a0LED integrado de 9W\u00a0y\u00a0selector 5CCT (2700K-3000K-4000K-5000K-6500K)\u00a0es la soluci\u00f3n ideal para iluminar espacios exteriores con estilo y funcionalidad. Su dise\u00f1o moderno y minimalista aporta un toque decorativo que se adapta a jardines, balcones, marquesinas o zonas de paso cubiertas.  Con una protecci\u00f3n\u00a0IP65, es resistente a las inclemencias del tiempo, ofreciendo una iluminaci\u00f3n eficiente y personalizable para cualquier ambiente exterior.\" \/>\n<meta property=\"og:url\" content=\"https:\/\/starlediluminacion.com\/fr\/product\/baliza-led-cuadrada-9w-garden-5cct-exterior-56-5cm\/\" \/>\n<meta property=\"og:site_name\" content=\"STARLED Iluminacion\" \/>\n<meta property=\"article:modified_time\" content=\"2025-10-16T09:13:05+00:00\" \/>\n<meta property=\"og:image\" content=\"https:\/\/starlediluminacion.com\/wp-content\/uploads\/2025\/08\/baliza-led-cuadrada-9w-garden-5cct-exterior-565cm.jpg\" \/>\n\t<meta property=\"og:image:width\" content=\"744\" \/>\n\t<meta property=\"og:image:height\" content=\"800\" \/>\n\t<meta property=\"og:image:type\" content=\"image\/jpeg\" \/>\n<meta name=\"twitter:card\" content=\"summary_large_image\" \/>\n<meta name=\"twitter:label1\" content=\"Dur\u00e9e de lecture estim\u00e9e\" \/>\n\t<meta name=\"twitter:data1\" content=\"3 minutes\" \/>\n<script type=\"application\/ld+json\" class=\"yoast-schema-graph\">{\"@context\":\"https:\\\/\\\/schema.org\",\"@graph\":[{\"@type\":\"WebPage\",\"@id\":\"https:\\\/\\\/starlediluminacion.com\\\/producto\\\/baliza-led-cuadrada-9w-garden-5cct-exterior-56-5cm\\\/\",\"url\":\"https:\\\/\\\/starlediluminacion.com\\\/producto\\\/baliza-led-cuadrada-9w-garden-5cct-exterior-56-5cm\\\/\",\"name\":\"Baliza LED Cuadrada 9W - GARDEN - 5CCT - Exterior 56.5cm - STARLED Iluminacion\",\"isPartOf\":{\"@id\":\"https:\\\/\\\/starlediluminacion.com\\\/#website\"},\"primaryImageOfPage\":{\"@id\":\"https:\\\/\\\/starlediluminacion.com\\\/producto\\\/baliza-led-cuadrada-9w-garden-5cct-exterior-56-5cm\\\/#primaryimage\"},\"image\":{\"@id\":\"https:\\\/\\\/starlediluminacion.com\\\/producto\\\/baliza-led-cuadrada-9w-garden-5cct-exterior-56-5cm\\\/#primaryimage\"},\"thumbnailUrl\":\"https:\\\/\\\/starlediluminacion.com\\\/wp-content\\\/uploads\\\/2025\\\/08\\\/baliza-led-cuadrada-9w-garden-5cct-exterior-565cm.jpg\",\"datePublished\":\"2025-08-24T17:48:58+00:00\",\"dateModified\":\"2025-10-16T09:13:05+00:00\",\"breadcrumb\":{\"@id\":\"https:\\\/\\\/starlediluminacion.com\\\/producto\\\/baliza-led-cuadrada-9w-garden-5cct-exterior-56-5cm\\\/#breadcrumb\"},\"inLanguage\":\"fr-FR\",\"potentialAction\":[{\"@type\":\"ReadAction\",\"target\":[\"https:\\\/\\\/starlediluminacion.com\\\/producto\\\/baliza-led-cuadrada-9w-garden-5cct-exterior-56-5cm\\\/\"]}]},{\"@type\":\"ImageObject\",\"inLanguage\":\"fr-FR\",\"@id\":\"https:\\\/\\\/starlediluminacion.com\\\/producto\\\/baliza-led-cuadrada-9w-garden-5cct-exterior-56-5cm\\\/#primaryimage\",\"url\":\"https:\\\/\\\/starlediluminacion.com\\\/wp-content\\\/uploads\\\/2025\\\/08\\\/baliza-led-cuadrada-9w-garden-5cct-exterior-565cm.jpg\",\"contentUrl\":\"https:\\\/\\\/starlediluminacion.com\\\/wp-content\\\/uploads\\\/2025\\\/08\\\/baliza-led-cuadrada-9w-garden-5cct-exterior-565cm.jpg\",\"width\":744,\"height\":800},{\"@type\":\"BreadcrumbList\",\"@id\":\"https:\\\/\\\/starlediluminacion.com\\\/producto\\\/baliza-led-cuadrada-9w-garden-5cct-exterior-56-5cm\\\/#breadcrumb\",\"itemListElement\":[{\"@type\":\"ListItem\",\"position\":1,\"name\":\"Portada\",\"item\":\"https:\\\/\\\/starlediluminacion.com\\\/\"},{\"@type\":\"ListItem\",\"position\":2,\"name\":\"Shop\",\"item\":\"https:\\\/\\\/starlediluminacion.com\\\/shop-2\\\/\"},{\"@type\":\"ListItem\",\"position\":3,\"name\":\"Baliza LED Cuadrada 9W &#8211; GARDEN &#8211; 5CCT &#8211; Exterior 56.5cm\"}]},{\"@type\":\"WebSite\",\"@id\":\"https:\\\/\\\/starlediluminacion.com\\\/#website\",\"url\":\"https:\\\/\\\/starlediluminacion.com\\\/\",\"name\":\"STARLED Iluminacion\",\"description\":\"\",\"potentialAction\":[{\"@type\":\"SearchAction\",\"target\":{\"@type\":\"EntryPoint\",\"urlTemplate\":\"https:\\\/\\\/starlediluminacion.com\\\/?s={search_term_string}\"},\"query-input\":{\"@type\":\"PropertyValueSpecification\",\"valueRequired\":true,\"valueName\":\"search_term_string\"}}],\"inLanguage\":\"fr-FR\"}]}<\/script>\n<!-- \/ Yoast SEO plugin. -->","yoast_head_json":{"title":"Baliza LED Cuadrada 9W - GARDEN - 5CCT - Exterior 56.5cm - STARLED Iluminacion","robots":{"index":"index","follow":"follow","max-snippet":"max-snippet:-1","max-image-preview":"max-image-preview:large","max-video-preview":"max-video-preview:-1"},"canonical":"https:\/\/starlediluminacion.com\/fr\/product\/baliza-led-cuadrada-9w-garden-5cct-exterior-56-5cm\/","og_locale":"fr_FR","og_type":"article","og_title":"Baliza LED Cuadrada 9W - GARDEN - 5CCT - Exterior 56.5cm - STARLED Iluminacion","og_description":"Referencia: SLGL9W-CCT-91297      Baliza LED Cuadrada 9W para Exterior - Dise\u00f1o Moderno y Elegante\u00a0para exterior con\u00a0LED integrado de 9W\u00a0y\u00a0selector 5CCT (2700K-3000K-4000K-5000K-6500K)\u00a0es la soluci\u00f3n ideal para iluminar espacios exteriores con estilo y funcionalidad. Su dise\u00f1o moderno y minimalista aporta un toque decorativo que se adapta a jardines, balcones, marquesinas o zonas de paso cubiertas.  Con una protecci\u00f3n\u00a0IP65, es resistente a las inclemencias del tiempo, ofreciendo una iluminaci\u00f3n eficiente y personalizable para cualquier ambiente exterior.","og_url":"https:\/\/starlediluminacion.com\/fr\/product\/baliza-led-cuadrada-9w-garden-5cct-exterior-56-5cm\/","og_site_name":"STARLED Iluminacion","article_modified_time":"2025-10-16T09:13:05+00:00","og_image":[{"width":744,"height":800,"url":"https:\/\/starlediluminacion.com\/wp-content\/uploads\/2025\/08\/baliza-led-cuadrada-9w-garden-5cct-exterior-565cm.jpg","type":"image\/jpeg"}],"twitter_card":"summary_large_image","twitter_misc":{"Dur\u00e9e de lecture estim\u00e9e":"3 minutes"},"schema":{"@context":"https:\/\/schema.org","@graph":[{"@type":"WebPage","@id":"https:\/\/starlediluminacion.com\/producto\/baliza-led-cuadrada-9w-garden-5cct-exterior-56-5cm\/","url":"https:\/\/starlediluminacion.com\/producto\/baliza-led-cuadrada-9w-garden-5cct-exterior-56-5cm\/","name":"Baliza LED Cuadrada 9W - GARDEN - 5CCT - Exterior 56.5cm - STARLED Iluminacion","isPartOf":{"@id":"https:\/\/starlediluminacion.com\/#website"},"primaryImageOfPage":{"@id":"https:\/\/starlediluminacion.com\/producto\/baliza-led-cuadrada-9w-garden-5cct-exterior-56-5cm\/#primaryimage"},"image":{"@id":"https:\/\/starlediluminacion.com\/producto\/baliza-led-cuadrada-9w-garden-5cct-exterior-56-5cm\/#primaryimage"},"thumbnailUrl":"https:\/\/starlediluminacion.com\/wp-content\/uploads\/2025\/08\/baliza-led-cuadrada-9w-garden-5cct-exterior-565cm.jpg","datePublished":"2025-08-24T17:48:58+00:00","dateModified":"2025-10-16T09:13:05+00:00","breadcrumb":{"@id":"https:\/\/starlediluminacion.com\/producto\/baliza-led-cuadrada-9w-garden-5cct-exterior-56-5cm\/#breadcrumb"},"inLanguage":"fr-FR","potentialAction":[{"@type":"ReadAction","target":["https:\/\/starlediluminacion.com\/producto\/baliza-led-cuadrada-9w-garden-5cct-exterior-56-5cm\/"]}]},{"@type":"ImageObject","inLanguage":"fr-FR","@id":"https:\/\/starlediluminacion.com\/producto\/baliza-led-cuadrada-9w-garden-5cct-exterior-56-5cm\/#primaryimage","url":"https:\/\/starlediluminacion.com\/wp-content\/uploads\/2025\/08\/baliza-led-cuadrada-9w-garden-5cct-exterior-565cm.jpg","contentUrl":"https:\/\/starlediluminacion.com\/wp-content\/uploads\/2025\/08\/baliza-led-cuadrada-9w-garden-5cct-exterior-565cm.jpg","width":744,"height":800},{"@type":"BreadcrumbList","@id":"https:\/\/starlediluminacion.com\/producto\/baliza-led-cuadrada-9w-garden-5cct-exterior-56-5cm\/#breadcrumb","itemListElement":[{"@type":"ListItem","position":1,"name":"Portada","item":"https:\/\/starlediluminacion.com\/"},{"@type":"ListItem","position":2,"name":"Shop","item":"https:\/\/starlediluminacion.com\/shop-2\/"},{"@type":"ListItem","position":3,"name":"Baliza LED Cuadrada 9W &#8211; GARDEN &#8211; 5CCT &#8211; Exterior 56.5cm"}]},{"@type":"WebSite","@id":"https:\/\/starlediluminacion.com\/#website","url":"https:\/\/starlediluminacion.com\/","name":"STARLED Iluminacion","description":"","potentialAction":[{"@type":"SearchAction","target":{"@type":"EntryPoint","urlTemplate":"https:\/\/starlediluminacion.com\/?s={search_term_string}"},"query-input":{"@type":"PropertyValueSpecification","valueRequired":true,"valueName":"search_term_string"}}],"inLanguage":"fr-FR"}]}},"_links":{"self":[{"href":"https:\/\/starlediluminacion.com\/fr\/wp-json\/wp\/v3\/product\/34427","targetHints":{"allow":["GET"]}}],"collection":[{"href":"https:\/\/starlediluminacion.com\/fr\/wp-json\/wp\/v3\/product"}],"about":[{"href":"https:\/\/starlediluminacion.com\/fr\/wp-json\/wp\/v2\/types\/product"}],"wp:featuredmedia":[{"embeddable":true,"href":"https:\/\/starlediluminacion.com\/fr\/wp-json\/wp\/v2\/media\/34432"}],"wp:attachment":[{"href":"https:\/\/starlediluminacion.com\/fr\/wp-json\/wp\/v2\/media?parent=34427"}],"wp:term":[{"taxonomy":"product_cat","embeddable":true,"href":"https:\/\/starlediluminacion.com\/fr\/wp-json\/wp\/v2\/product_cat?post=34427"},{"taxonomy":"product_tag","embeddable":true,"href":"https:\/\/starlediluminacion.com\/fr\/wp-json\/wp\/v2\/product_tag?post=34427"}],"curies":[{"name":"wp","href":"https:\/\/api.w.org\/{rel}","templated":true}]}}