{"id":3396,"date":"2022-08-06T17:19:54","date_gmt":"2022-08-06T17:19:54","guid":{"rendered":"https:\/\/starlediluminacion.com\/?post_type=product&#038;p=3396"},"modified":"2022-10-23T09:31:56","modified_gmt":"2022-10-23T09:31:56","slug":"downlight-led-12w-frameless-quasar-osram-chip-duris-e-2835-cct","status":"publish","type":"product","link":"https:\/\/starlediluminacion.com\/fr\/product\/downlight-led-12w-frameless-quasar-osram-chip-duris-e-2835-cct\/","title":{"rendered":"<p>Downlight LED 12W sans cadre QUASAR - OSRAM CHIP DURIS E 2835 - CCT<\/p>"},"content":{"rendered":"<div class=\"product-info-line\">\n<p id=\"product_reference\"><label>R\u00c9F\u00c9RENCE : SL<span style=\"font-size: 16px;\">90801<\/span><\/label><\/p>\n<div class=\"hidden-xs parrafo\">\n<p><strong>COULEUR AU CHOIX :<\/strong>&nbsp;Notre&nbsp;<strong>Downlight - Sans cadre QUASAR - OSRAM&nbsp;<\/strong>DURIS E 2835 CHIP&nbsp;<strong>luminaire encastr\u00e9 circulaire<\/strong>&nbsp;<strong>LED<\/strong>&nbsp;de&nbsp;<strong>12W<\/strong>&nbsp;dispose d'un s\u00e9lecteur de temp\u00e9rature de couleur, avec un choix de blanc froid, blanc neutre et blanc chaud. L'angle d'ouverture du luminaire est de 120\u00ba. Il peut \u00eatre transform\u00e9 en plafonnier apparent gr\u00e2ce \u00e0 l'anneau d'\u00e9clairage vers le bas :<\/p>\n<h1>Downlight LED 12W sans cadre QUASAR - OSRAM CHIP DURIS E 2835 - CCT<\/h1>\n<p>Notre&nbsp;<strong>Downlight<\/strong>&nbsp;<strong>LED<\/strong>&nbsp;Sans cadre avec puissance de&nbsp;<strong>8W<\/strong>&nbsp;se caract\u00e9rise par sa simplicit\u00e9 d'utilisation, permettant d'obtenir un \u00e9clairage pr\u00e9cis et personnalis\u00e9 dans n'importe quel espace int\u00e9rieur. Ce type de luminaire LED permet d'obtenir un \u00e9clairage personnalis\u00e9 pour tout type d'entreprise.<\/p>\n<p>Vous \u00eates \u00e0<strong>&nbsp;\u00e9clairage encastr\u00e9<\/strong>&nbsp;Elles sont d\u00e9pourvues de cadre, de sorte que leur design moderne se d\u00e9marque et leur conf\u00e8re un style avant-gardiste.<\/p>\n<p>Gr\u00e2ce \u00e0 son syst\u00e8me de s\u00e9lection des couleurs, vous pouvez l'adapter aux besoins de votre entreprise ou de votre maison, en choisissant la couleur souhait\u00e9e pour chaque pi\u00e8ce ou chaque hall.<\/p>\n<p>La source lumineuse \u00e0 haut rendement avec&nbsp;<strong>Puce OSRAM SMD2835<\/strong>&nbsp;Le 80% fournit une luminance \u00e9lev\u00e9e et remplacera parfaitement les spots traditionnels avec une \u00e9conomie plus importante que le 80%.<\/p>\n<p>Gr\u00e2ce \u00e0 son design fonctionnel et fin, l'installation est beaucoup plus facile.<\/p>\n<p>Son indice de rendu des couleurs \u00e9lev\u00e9, sup\u00e9rieur \u00e0 85, garantit une reproduction naturelle des couleurs.<\/p>\n<h2>Utilisations du Downlight LED 8W sans cadre QUASAR - OSRAM CHIP DURIS E 2835 - CCT<\/h2>\n<ul>\n<li>&nbsp;Magasins<\/li>\n<li>&nbsp;Restaurants<\/li>\n<li>&nbsp;Mus\u00e9es<\/li>\n<li>&nbsp;Galeries marchandes<\/li>\n<li>&nbsp;Centres commerciaux<\/li>\n<li>&nbsp;Bureaux<\/li>\n<li>&nbsp;Corridors<\/li>\n<li>&nbsp;Vitrine<\/li>\n<\/ul>\n<h3 class=\"page-product-heading\">DONN\u00c9ES TECHNIQUES<\/h3>\n<div class=\"col-xs-12 col-md-6\">\n<table class=\"table table-data-sheet 1\">\n<tbody>\n<tr class=\"odd\">\n<td valign=\"middle\" width=\"32\"><\/td>\n<td valign=\"middle\">REFERENCE :<\/td>\n<td valign=\"middle\">SL90801<\/td>\n<\/tr>\n<tr class=\"even\">\n<td valign=\"middle\" width=\"32\"><\/td>\n<td valign=\"middle\">Puissance nominale :<\/td>\n<td valign=\"middle\">12w<\/td>\n<\/tr>\n<tr class=\"odd\">\n<td valign=\"middle\" width=\"32\"><\/td>\n<td valign=\"middle\">Tension nominale :<\/td>\n<td valign=\"middle\">85V-265V<\/td>\n<\/tr>\n<tr class=\"even\">\n<td valign=\"middle\" width=\"32\"><\/td>\n<td valign=\"middle\">Temp\u00e9rature de la lumi\u00e8re :<\/td>\n<td valign=\"middle\">COULEUR S\u00c9LECTIONNABLE : 3000K-4000K-6000K<\/td>\n<\/tr>\n<tr class=\"odd\">\n<td valign=\"middle\" width=\"32\"><\/td>\n<td valign=\"middle\">CRI - Indice de rendu des couleurs :<\/td>\n<td valign=\"middle\">85<\/td>\n<\/tr>\n<tr class=\"even\">\n<td valign=\"middle\" width=\"32\"><\/td>\n<td valign=\"middle\">Mat\u00e9riaux de construction :<\/td>\n<td valign=\"middle\">Aluminium +PC<\/td>\n<\/tr>\n<tr class=\"odd\">\n<td valign=\"middle\" width=\"32\"><\/td>\n<td valign=\"middle\">Luminosit\u00e9-Lm :<\/td>\n<td valign=\"middle\">1440Lm<\/td>\n<\/tr>\n<tr class=\"even\">\n<td valign=\"middle\" width=\"32\"><\/td>\n<td valign=\"middle\">Type de DEL :<\/td>\n<td valign=\"middle\">SMD 2835 OSRAM CHIP<\/td>\n<\/tr>\n<tr class=\"odd\">\n<td valign=\"middle\" width=\"32\"><\/td>\n<td valign=\"middle\">Angle d'ouverture (\u00ba) :<\/td>\n<td valign=\"middle\">120\u00ba<\/td>\n<\/tr>\n<tr class=\"even\">\n<td valign=\"middle\" width=\"32\"><\/td>\n<td valign=\"middle\">Efficacit\u00e9 de la diode LED (Lm\/W) :<\/td>\n<td valign=\"middle\">140 Lm\/W<\/td>\n<\/tr>\n<tr class=\"odd\">\n<td valign=\"middle\" width=\"32\"><\/td>\n<td valign=\"middle\">Efficacit\u00e9 lumineuse (Lm\/W) :<\/td>\n<td valign=\"middle\">120 Lm\/W<\/td>\n<\/tr>\n<\/tbody>\n<\/table>\n<\/div>\n<div class=\"col-xs-12 col-md-6 2\">\n<table class=\"table table-data-sheet 2\">\n<tbody>\n<tr class=\"odd\">\n<td valign=\"middle\" width=\"32\"><\/td>\n<td valign=\"middle\">Certificats :<\/td>\n<td valign=\"middle\">CE - ROHS<\/td>\n<\/tr>\n<tr class=\"even\">\n<td valign=\"middle\" width=\"32\"><\/td>\n<td valign=\"middle\">Indice de protection IP :<\/td>\n<td valign=\"middle\">IP44<\/td>\n<\/tr>\n<tr class=\"odd\">\n<td valign=\"middle\" width=\"32\"><\/td>\n<td valign=\"middle\">Dur\u00e9e de vie estim\u00e9e de la diode LED (H) :<\/td>\n<td valign=\"middle\">40.000<\/td>\n<\/tr>\n<tr class=\"even\">\n<td valign=\"middle\" width=\"32\"><\/td>\n<td valign=\"middle\">Dimensions (mm) :<\/td>\n<td valign=\"middle\">?145mm H15mm<\/td>\n<\/tr>\n<tr class=\"odd\">\n<td valign=\"middle\" width=\"32\"><\/td>\n<td valign=\"middle\">Fr\u00e9quence de travail (Hz) :<\/td>\n<td valign=\"middle\">50\/60Hz<\/td>\n<\/tr>\n<tr class=\"even\">\n<td valign=\"middle\" width=\"32\"><\/td>\n<td valign=\"middle\">Plage de temp\u00e9rature (\u00baC) :<\/td>\n<td valign=\"middle\">-20\u00b0C ~ +55\u00b0C<\/td>\n<\/tr>\n<tr class=\"odd\">\n<td valign=\"middle\" width=\"32\"><\/td>\n<td valign=\"middle\">Cycles d'allumage :<\/td>\n<td valign=\"middle\">100.000<\/td>\n<\/tr>\n<tr class=\"even\">\n<td valign=\"middle\" width=\"32\"><\/td>\n<td valign=\"middle\">Temps de d\u00e9marrage (s) :<\/td>\n<td valign=\"middle\">0,2s<\/td>\n<\/tr>\n<tr class=\"odd\">\n<td valign=\"middle\" width=\"32\"><\/td>\n<td valign=\"middle\">Coupe au plafond (mm) :<\/td>\n<td valign=\"middle\">?135mm H15mm<\/td>\n<\/tr>\n<tr class=\"even\">\n<td valign=\"middle\" width=\"32\"><\/td>\n<td valign=\"middle\">Classe \u00e9nerg\u00e9tique (2021-EU-2019\/2015) :<\/td>\n<td valign=\"middle\">A+<\/td>\n<\/tr>\n<tr class=\"odd\">\n<td valign=\"middle\" width=\"32\"><\/td>\n<td valign=\"middle\">Ann\u00e9es de garantie :<\/td>\n<td valign=\"middle\">3<\/td>\n<\/tr>\n<\/tbody>\n<\/table>\n<\/div>\n<\/div>\n<\/div>","protected":false},"excerpt":{"rendered":"<div class=\"col-md-12\"><i class=\"fa fa-truck\"><\/i>&nbsp;<span class=\"text-muted textprop\">Livraison dans les 24\/48 heures<\/span><div class=\"col-md-12\"><i class=\"fa fa-exchange\"><\/i>&nbsp;<span class=\"text-muted textprop\">Garantie assur\u00e9e<\/span><\/div><div class=\"col-md-12\"><i class=\"fa fa-box\"><\/i>&nbsp;<span class=\"text-muted textprop\">20 unit\u00e9(s) par bo\u00eete \u00e0 outils<\/span><\/div><\/div>","protected":false},"featured_media":3398,"template":"","meta":{"site-sidebar-layout":"default","site-content-layout":"default","ast-global-header-display":"","ast-main-header-display":"","ast-hfb-above-header-display":"","ast-hfb-below-header-display":"","ast-hfb-mobile-header-display":"","site-post-title":"","ast-breadcrumbs-content":"","ast-featured-img":"","footer-sml-layout":"","theme-transparent-header-meta":"default","adv-header-id-meta":"","stick-header-meta":"","header-above-stick-meta":"","header-main-stick-meta":"","header-below-stick-meta":""},"product_cat":[27,70],"product_tag":[],"class_list":["post-3396","product","type-product","status-publish","has-post-thumbnail","hentry","product_cat-downlight-plafones-y-placas-led","product_cat-focos-downlight-led"],"_links":{"self":[{"href":"https:\/\/starlediluminacion.com\/fr\/wp-json\/wp\/v3\/product\/3396","targetHints":{"allow":["GET"]}}],"collection":[{"href":"https:\/\/starlediluminacion.com\/fr\/wp-json\/wp\/v3\/product"}],"about":[{"href":"https:\/\/starlediluminacion.com\/fr\/wp-json\/wp\/v2\/types\/product"}],"wp:featuredmedia":[{"embeddable":true,"href":"https:\/\/starlediluminacion.com\/fr\/wp-json\/wp\/v2\/media\/3398"}],"wp:attachment":[{"href":"https:\/\/starlediluminacion.com\/fr\/wp-json\/wp\/v2\/media?parent=3396"}],"wp:term":[{"taxonomy":"product_cat","embeddable":true,"href":"https:\/\/starlediluminacion.com\/fr\/wp-json\/wp\/v2\/product_cat?post=3396"},{"taxonomy":"product_tag","embeddable":true,"href":"https:\/\/starlediluminacion.com\/fr\/wp-json\/wp\/v2\/product_tag?post=3396"}],"curies":[{"name":"wp","href":"https:\/\/api.w.org\/{rel}","templated":true}]}}