{"id":3170,"date":"2022-08-06T14:39:56","date_gmt":"2022-08-06T14:39:56","guid":{"rendered":"https:\/\/starlediluminacion.com\/?post_type=product&#038;p=3170"},"modified":"2022-10-23T09:07:01","modified_gmt":"2022-10-23T09:07:01","slug":"empotrable-led-5w-8w-12w-cuadrado-blanco-bridgelux-chip-ugr11-cct-cri-92","status":"publish","type":"product","link":"https:\/\/starlediluminacion.com\/fr\/product\/empotrable-led-5w-8w-12w-cuadrado-blanco-bridgelux-chip-ugr11-cct-cri-92\/","title":{"rendered":"<p>LED encastr\u00e9es 5W - 8W - 12W Square White Bridgelux Chip - UGR11- CCT- CRI +92<\/p>"},"content":{"rendered":"<div class=\"product-info-line\">\n<p id=\"product_reference\"><label>R\u00c9F\u00c9RENCE : SL<span style=\"font-size: 16px;\">90610<\/span><\/label><\/p>\n<div class=\"hidden-xs parrafo\">\n<p><strong>Spot encastr\u00e9 LED<\/strong>&nbsp;<strong>Carr\u00e9<\/strong>&nbsp;<strong>BLANC&nbsp;<\/strong>aluminium avec&nbsp;<strong>5W - 8W - 12W (puissance s\u00e9lectionnable sur le conducteur)<\/strong>. Avec un angle d'ouverture de&nbsp;<strong>40\u00ba<\/strong>L'\u00e9clairage est plus direct pour focaliser la lumi\u00e8re sur des points pr\u00e9cis. Montage et installation faciles. Indice de rendu des couleurs \u00e9lev\u00e9 +92<strong>- Expert Color-&nbsp;<\/strong>. Faible \u00e9blouissement&nbsp;<strong>UGR&lt;11<\/strong>.&nbsp;<strong>CCT : COULEUR S\u00c9LECTIONNABLE : 3000K-4000K-6000K<\/strong>.<\/p>\n<\/div>\n<div id=\"views_block-1\" class=\"clearfix\">\n<div id=\"thumbs_list\">\n<h1>LED encastr\u00e9es 5W - 8W - 12W Blanc Bridgelux Chip - UGR11 - CCT - CRI +92<\/h1>\n<p>Notre nouvelle<strong>&nbsp;Spot encastr\u00e9 led 12w square 40<\/strong>\u00ba est compos\u00e9 de<strong>&nbsp;Aluminium<\/strong>a une tr\u00e8s&nbsp;<strong>moderne<\/strong>&nbsp;avec un r\u00e9sultat de&nbsp;<strong>haute qualit\u00e9<\/strong>. Il a un angle d'ouverture de&nbsp;<strong>40\u00ba<\/strong>&nbsp;en font un luminaire id\u00e9al pour \u00e9clairer des zones tr\u00e8s sp\u00e9cifiques dans le cadre d'un \u00e9clairage professionnel. Son mat\u00e9riau, l'aluminium, pr\u00e9sente de grands avantages, puisqu'il&nbsp;<strong>emp\u00eache la rouille<\/strong>&nbsp;\u00e0 long terme, il est tr\u00e8s&nbsp;<strong>r\u00e9sistant<\/strong>&nbsp;aux zones humides ou aux environnements salins.<\/p>\n<p>Le luminaire \u00e0 LED monte un&nbsp;<strong>COB avec puces Bridgelux 2630 DS-C30<\/strong>forte luminosit\u00e9, avec un indice de&nbsp;<strong>rendu des couleurs de +93,<\/strong>&nbsp;Il en r\u00e9sulte une reproduction des couleurs de haute qualit\u00e9. Il convient de mentionner la&nbsp;<strong>niveau tr\u00e8s \u00e9lev\u00e9 du CRL<\/strong>&nbsp;(indice de rendu des couleurs) de plus de 92, ce qui permet d'obtenir une qualit\u00e9 de lumi\u00e8re avec un rendu des couleurs parfait.<\/p>\n<p>Le diffuseur et sa conception assurent un \u00e9clairage uniforme et non \u00e9blouissant. Le facteur d'\u00e9blouissement est faible (UGR&lt;11), ce qui la rend id\u00e9ale pour les espaces de travail dans les bureaux, les salles de conf\u00e9rence, les salles de classe, les biblioth\u00e8ques, etc.<\/p>\n<p>L'\u00e9blouissement caus\u00e9 par l'\u00e9clairage peut avoir une influence n\u00e9gative sur les personnes, car un environnement lumineux confortable est n\u00e9cessaire pour nous aider dans nos t\u00e2ches,&nbsp;<strong>un bon niveau d'\u00e9clairement associ\u00e9 \u00e0 un faible niveau d'UGR<\/strong>&nbsp;(indice d'\u00e9blouissement) augmente le sentiment de bien-\u00eatre des travailleurs, ce qui contribue directement au niveau de productivit\u00e9.<\/p>\n<p><strong><br>\n<\/strong>Les r\u00e9glementations relatives aux zones de travail exigent de faibles niveaux d'\u00e9blouissement dans tous les endroits o\u00f9 l'on passe de longues p\u00e9riodes de temps expos\u00e9 \u00e0 la lumi\u00e8re artificielle, ce qui est tr\u00e8s important dans les bureaux, les centres \u00e9ducatifs, les zones de travail, etc.<\/p>\n<p>L'installation est tr\u00e8s simple et ne n\u00e9cessite qu'une d\u00e9coupe \u00e0 la taille du produit sur la surface o\u00f9 il sera encastr\u00e9. En choisissant l'\u00e9clairage LED, nous ne choisissons pas seulement d'\u00e9conomiser sur nos factures d'\u00e9lectricit\u00e9, mais nous optons \u00e9galement pour une technologie plus respectueuse de l'environnement, de meilleure qualit\u00e9 et qui dure 10 fois plus longtemps que les syst\u00e8mes d'\u00e9clairage traditionnels.<\/p>\n<p>D\u00e9corez vos espaces int\u00e9rieurs et commencez \u00e0 \u00e9conomiser sur votre facture d'\u00e9lectricit\u00e9. Gr\u00e2ce \u00e0 la technologie LED, vous pouvez&nbsp;<strong>r\u00e9duire<\/strong>&nbsp;jusqu'\u00e0&nbsp;<strong>80%<\/strong>&nbsp;\u00e0&nbsp;<strong>l'\u00e9nergie<\/strong>. En plus d'\u00e9conomiser de l'argent, vous contribuez \u00e0 la protection de la plan\u00e8te car il s'agit de produits non polluants.<\/p>\n<p>&nbsp;<\/p>\n<h2>Applications du Downlight LED 5W - 8W - 12W Blanc Bridgelux Chip - UGR11- CCT- CRI +92<\/h2>\n<ul>\n<li>Cuisines<\/li>\n<li>Toilettes<\/li>\n<li>Corridors<\/li>\n<li>Salons<\/li>\n<li>Magasins<\/li>\n<li>Testeurs<\/li>\n<\/ul>\n<h3 class=\"page-product-heading\">DONN\u00c9ES TECHNIQUES<\/h3>\n<div class=\"col-xs-12 col-md-6\">\n<table class=\"table table-data-sheet 1\">\n<tbody>\n<tr class=\"odd\">\n<td valign=\"middle\" width=\"32\"><\/td>\n<td valign=\"middle\">REFERENCE :<\/td>\n<td valign=\"middle\">SL90610<\/td>\n<\/tr>\n<tr class=\"even\">\n<td valign=\"middle\" width=\"32\"><\/td>\n<td valign=\"middle\">Puissance nominale :<\/td>\n<td valign=\"middle\">5W - 8W -12W<\/td>\n<\/tr>\n<tr class=\"odd\">\n<td valign=\"middle\" width=\"32\"><\/td>\n<td valign=\"middle\">Tension nominale :<\/td>\n<td valign=\"middle\">85V-265V<\/td>\n<\/tr>\n<tr class=\"even\">\n<td valign=\"middle\" width=\"32\"><\/td>\n<td valign=\"middle\">Temp\u00e9rature de la lumi\u00e8re :<\/td>\n<td valign=\"middle\">COULEUR S\u00c9LECTIONNABLE : 3000K-4000K-6000K<\/td>\n<\/tr>\n<tr class=\"odd\">\n<td valign=\"middle\" width=\"32\"><\/td>\n<td valign=\"middle\">CRI - Indice de rendu des couleurs :<\/td>\n<td valign=\"middle\">92<\/td>\n<\/tr>\n<tr class=\"even\">\n<td valign=\"middle\" width=\"32\"><\/td>\n<td valign=\"middle\">Mat\u00e9riaux de construction :<\/td>\n<td valign=\"middle\">Aluminium +PC<\/td>\n<\/tr>\n<tr class=\"odd\">\n<td valign=\"middle\" width=\"32\"><\/td>\n<td valign=\"middle\">Luminosit\u00e9-Lm :<\/td>\n<td valign=\"middle\">1200Lm<\/td>\n<\/tr>\n<tr class=\"even\">\n<td valign=\"middle\" width=\"32\"><\/td>\n<td valign=\"middle\">Type de DEL :<\/td>\n<td valign=\"middle\">COB Bridgelux Chip 2630 DS-C30<\/td>\n<\/tr>\n<tr class=\"odd\">\n<td valign=\"middle\" width=\"32\"><\/td>\n<td valign=\"middle\">Angle d'ouverture (\u00ba) :<\/td>\n<td valign=\"middle\">40\u00ba<\/td>\n<\/tr>\n<tr class=\"even\">\n<td valign=\"middle\" width=\"32\"><\/td>\n<td valign=\"middle\">Efficacit\u00e9 de la diode LED (Lm\/W) :<\/td>\n<td valign=\"middle\">130Lm\/W<\/td>\n<\/tr>\n<tr class=\"odd\">\n<td valign=\"middle\" width=\"32\"><\/td>\n<td valign=\"middle\">Efficacit\u00e9 lumineuse (Lm\/W) :<\/td>\n<td valign=\"middle\">100 Lm\/W<\/td>\n<\/tr>\n<tr class=\"even\">\n<td valign=\"middle\" width=\"32\"><\/td>\n<td valign=\"middle\">Certificats :<\/td>\n<td valign=\"middle\">CE - ROHS<\/td>\n<\/tr>\n<tr class=\"odd\">\n<td valign=\"middle\" width=\"32\"><\/td>\n<td valign=\"middle\">Indice de protection IP :<\/td>\n<td valign=\"middle\">IP20<\/td>\n<\/tr>\n<\/tbody>\n<\/table>\n<\/div>\n<div class=\"col-xs-12 col-md-6 2\">\n<table class=\"table table-data-sheet 2\">\n<tbody>\n<tr class=\"odd\">\n<td valign=\"middle\" width=\"32\"><\/td>\n<td valign=\"middle\">Dur\u00e9e de vie estim\u00e9e de la diode LED (H) :<\/td>\n<td valign=\"middle\">35.000<\/td>\n<\/tr>\n<tr class=\"even\">\n<td valign=\"middle\" width=\"32\"><\/td>\n<td valign=\"middle\">Dimensions (mm) :<\/td>\n<td valign=\"middle\">90x84x66mm<\/td>\n<\/tr>\n<tr class=\"odd\">\n<td valign=\"middle\" width=\"32\"><\/td>\n<td valign=\"middle\">Fr\u00e9quence de travail (Hz) :<\/td>\n<td valign=\"middle\">50\/60Hz<\/td>\n<\/tr>\n<tr class=\"even\">\n<td valign=\"middle\" width=\"32\"><\/td>\n<td valign=\"middle\">Plage de temp\u00e9rature (\u00baC) :<\/td>\n<td valign=\"middle\">-20\u00b0C ~ +55\u00b0C<\/td>\n<\/tr>\n<tr class=\"odd\">\n<td valign=\"middle\" width=\"32\"><\/td>\n<td valign=\"middle\">Cycles d'allumage :<\/td>\n<td valign=\"middle\">100.000<\/td>\n<\/tr>\n<tr class=\"even\">\n<td valign=\"middle\" width=\"32\"><\/td>\n<td valign=\"middle\">Temps de d\u00e9marrage (s) :<\/td>\n<td valign=\"middle\">0,2s<\/td>\n<\/tr>\n<tr class=\"odd\">\n<td valign=\"middle\" width=\"32\"><\/td>\n<td valign=\"middle\">Coupe au plafond (mm) :<\/td>\n<td valign=\"middle\">\u00d875mm<\/td>\n<\/tr>\n<tr class=\"even\">\n<td valign=\"middle\" width=\"32\"><\/td>\n<td valign=\"middle\">Indice d'\u00e9blouissement (UGR) :<\/td>\n<td valign=\"middle\">11<\/td>\n<\/tr>\n<tr class=\"odd\">\n<td valign=\"middle\" width=\"32\"><\/td>\n<td valign=\"middle\">Protection contre les chocs (IK) :<\/td>\n<td valign=\"middle\">IK10<\/td>\n<\/tr>\n<tr class=\"even\">\n<td valign=\"middle\" width=\"32\"><\/td>\n<td valign=\"middle\">Pilote inclus :<\/td>\n<td valign=\"middle\">OUI<\/td>\n<\/tr>\n<tr class=\"odd\">\n<td valign=\"middle\" width=\"32\"><\/td>\n<td valign=\"middle\">Classe \u00e9nerg\u00e9tique (2021-EU-2019\/2015) :<\/td>\n<td valign=\"middle\">A+<\/td>\n<\/tr>\n<tr class=\"even\">\n<td valign=\"middle\" width=\"32\"><\/td>\n<td valign=\"middle\">Classe \u00e9nerg\u00e9tique (2023 - EU-2019\/2015) :<\/td>\n<td valign=\"middle\">F<\/td>\n<\/tr>\n<tr class=\"odd\">\n<td valign=\"middle\" width=\"32\"><\/td>\n<td valign=\"middle\">Ann\u00e9es de garantie :<\/td>\n<td valign=\"middle\">3<\/td>\n<\/tr>\n<\/tbody>\n<\/table>\n<\/div>\n<\/div>\n<\/div>\n<\/div>","protected":false},"excerpt":{"rendered":"<div class=\"col-md-12\"><i class=\"fa fa-truck\"><\/i>&nbsp;<span class=\"text-muted textprop\">Livraison dans les 24\/48 heures<\/span><div class=\"col-md-12\"><i class=\"fa fa-exchange\"><\/i>&nbsp;<span class=\"text-muted textprop\">Garantie assur\u00e9e<\/span><\/div><div class=\"col-md-12\"><i class=\"fa fa-box\"><\/i>&nbsp;<span class=\"text-muted textprop\">26 unit\u00e9(s) par bo\u00eete \u00e0 outils<\/span><\/div><div class=\"col-md-12 certificados\"><\/div><\/div>","protected":false},"featured_media":3171,"template":"","meta":{"site-sidebar-layout":"default","site-content-layout":"default","ast-global-header-display":"","ast-main-header-display":"","ast-hfb-above-header-display":"","ast-hfb-below-header-display":"","ast-hfb-mobile-header-display":"","site-post-title":"","ast-breadcrumbs-content":"","ast-featured-img":"","footer-sml-layout":"","theme-transparent-header-meta":"default","adv-header-id-meta":"","stick-header-meta":"","header-above-stick-meta":"","header-main-stick-meta":"","header-below-stick-meta":""},"product_cat":[27,70],"product_tag":[],"class_list":["post-3170","product","type-product","status-publish","has-post-thumbnail","hentry","product_cat-downlight-plafones-y-placas-led","product_cat-focos-downlight-led"],"_links":{"self":[{"href":"https:\/\/starlediluminacion.com\/fr\/wp-json\/wp\/v3\/product\/3170","targetHints":{"allow":["GET"]}}],"collection":[{"href":"https:\/\/starlediluminacion.com\/fr\/wp-json\/wp\/v3\/product"}],"about":[{"href":"https:\/\/starlediluminacion.com\/fr\/wp-json\/wp\/v2\/types\/product"}],"wp:featuredmedia":[{"embeddable":true,"href":"https:\/\/starlediluminacion.com\/fr\/wp-json\/wp\/v2\/media\/3171"}],"wp:attachment":[{"href":"https:\/\/starlediluminacion.com\/fr\/wp-json\/wp\/v2\/media?parent=3170"}],"wp:term":[{"taxonomy":"product_cat","embeddable":true,"href":"https:\/\/starlediluminacion.com\/fr\/wp-json\/wp\/v2\/product_cat?post=3170"},{"taxonomy":"product_tag","embeddable":true,"href":"https:\/\/starlediluminacion.com\/fr\/wp-json\/wp\/v2\/product_tag?post=3170"}],"curies":[{"name":"wp","href":"https:\/\/api.w.org\/{rel}","templated":true}]}}