{"id":3060,"date":"2022-08-06T13:01:09","date_gmt":"2022-08-06T13:01:09","guid":{"rendered":"https:\/\/starlediluminacion.com\/?post_type=product&#038;p=3060"},"modified":"2022-12-18T10:56:32","modified_gmt":"2022-12-18T10:56:32","slug":"empotrable-led-8w-ip65-circular-blanco-dimable-cct-especial-banos-exterior-2","status":"publish","type":"product","link":"https:\/\/starlediluminacion.com\/fr\/product\/empotrable-led-8w-ip65-circular-blanco-dimable-cct-especial-banos-exterior-2\/","title":{"rendered":"<p>LED encastr\u00e9e 8W - IP65 - Blanc circulaire - Dimmable - CCT- Sp\u00e9cial salles de bains - Ext\u00e9rieur<\/p>"},"content":{"rendered":"<div class=\"product-info-line\">\n<p id=\"product_reference\"><label>R\u00c9F\u00c9RENCE : SL<span style=\"font-size: 16px;\">90884-CCT-A<\/span><\/label><\/p>\n<div class=\"hidden-xs parrafo\">\n<p>Spot encastr\u00e9 circulaire \u00e0 LED<strong>&nbsp;IP65- Resistente al agua,&nbsp;<\/strong>&nbsp;avec 8<strong>W&nbsp;<\/strong>de puissance, et avec une couleur s\u00e9lectionnable. Avec un angle d'ouverture de<strong>&nbsp;60\u00ba<\/strong>L'\u00e9clairage est plus direct afin de concentrer la lumi\u00e8re sur des points pr\u00e9cis. La technologie&nbsp;<strong>TDC<\/strong>&nbsp; les&nbsp;<strong>lumi\u00e8re<\/strong>&nbsp;peut \u00eatre s\u00e9lectionn\u00e9 dans&nbsp;<strong>3000K- Blanco C&aacute;lido, 4000K- Blanco Neutro- Blanco Frio 6000K<\/strong>. Assemblage et installation faciles<\/p>\n<h1>Empotrable LED 8W &ndash; IP65 &ndash; Circular Blanco &ndash; CCT- Especial Ba&ntilde;os &ndash; Exterior &ndash;&nbsp; Regulable- Dimable-<\/h1>\n<p>Notre nouvelle<strong>&nbsp;led encastr\u00e9e 8W&nbsp;&nbsp;<\/strong>circulaire<strong>&nbsp;TDC<\/strong>&nbsp;Il pr\u00e9sente un design tr\u00e8s moderne avec une finition blanche de haute qualit\u00e9. Son angle d'ouverture est de 60<strong>\u00ba<\/strong>&nbsp;en font un luminaire id\u00e9al pour se concentrer sur des zones tr\u00e8s sp\u00e9cifiques.<\/p>\n<p>Su grado de proteccion es IP65, con lo que se puede colocar en todo tipo de instalaciones de exterior y en zonas de alta humedas.<\/p>\n<p>Le produit est \u00e9quip\u00e9 de&nbsp;<strong>TDC<\/strong>Vous pouvez ensuite s\u00e9lectionner la couleur de la&nbsp;<strong>lumi\u00e8re<\/strong>&nbsp;que vous souhaitez : vous pouvez s\u00e9lectionner dans&nbsp;<strong>3000K- Blanco C&aacute;lido, 4000K- Blanco Neutro &ndash; Blanco Frio 6000K<\/strong><\/p>\n<p>&nbsp;<\/p>\n<p>Votre sujet de&nbsp;<strong>thermoplastique<\/strong>&nbsp;pr\u00e9sente de grands avantages, car il emp\u00eache l'oxydation \u00e0 long terme, il est tr\u00e8s r\u00e9sistant aux zones humides ou aux environnements salins. Il se caract\u00e9rise \u00e9galement par le fait qu'il s'agit d'un produit l\u00e9ger, flexible et non toxique, ce qui le rend facile et l\u00e9ger \u00e0 transporter. Il contribue m\u00eame \u00e0 l'\u00e9conomie d'\u00e9nergie pour plusieurs raisons :<\/p>\n<p>- Plus facile \u00e0 transporter gr\u00e2ce \u00e0 sa l\u00e9g\u00e8ret\u00e9<\/p>\n<p>- Peut r\u00e9duire l'\u00e9nergie de chauffage et de refroidissement gr\u00e2ce \u00e0 son pouvoir isolant<\/p>\n<p>- Gr\u00e2ce \u00e0 sa r\u00e9sistance et \u00e0 sa polyvalence, il est capable de remplacer d'autres mat\u00e9riaux, \u00e9vitant ainsi la d\u00e9forestation et la pollution.<\/p>\n<p>D\u00e9corez vos espaces int\u00e9rieurs et commencez \u00e0 \u00e9conomiser sur vos factures d'\u00e9lectricit\u00e9. Gr\u00e2ce \u00e0 la technologie LED, vous pouvez&nbsp;<strong>r\u00e9duire<\/strong>&nbsp;jusqu'\u00e0&nbsp;<strong>80%<\/strong>&nbsp;\u00e0&nbsp;<strong>l'\u00e9nergie<\/strong>. De plus, vous contribuez \u00e0 la protection de la plan\u00e8te car il s'agit de produits non polluants.<\/p>\n<p>&nbsp;<\/p>\n<h2>Utilise des LED encastr\u00e9es 8W - IP65 - blanc circulaire - CCT- Sp\u00e9cial salles de bains - Ext\u00e9rieur - Dimmable- Dimmable :<\/h2>\n<p>&nbsp;<\/p>\n<ul>\n<li>Cuisines<\/li>\n<li>Toilettes<\/li>\n<li>Corridors<\/li>\n<li>Salons<\/li>\n<li>Testeurs<\/li>\n<\/ul>\n<h3 class=\"page-product-heading\">DONN\u00c9ES TECHNIQUES<\/h3>\n<div class=\"col-xs-12 col-md-6\">\n<table class=\"table table-data-sheet 1\">\n<tbody>\n<tr class=\"odd\">\n<td valign=\"middle\" width=\"32\"><\/td>\n<td valign=\"middle\">REFERENCE :<\/td>\n<td valign=\"middle\">SL90884-CCT-A<\/td>\n<\/tr>\n<tr class=\"even\">\n<td valign=\"middle\" width=\"32\"><\/td>\n<td valign=\"middle\">Puissance nominale :<\/td>\n<td valign=\"middle\">8w<\/td>\n<\/tr>\n<tr class=\"odd\">\n<td valign=\"middle\" width=\"32\"><\/td>\n<td valign=\"middle\">Tension nominale :<\/td>\n<td valign=\"middle\">220-240v<\/td>\n<\/tr>\n<tr class=\"even\">\n<td valign=\"middle\" width=\"32\"><\/td>\n<td valign=\"middle\">Temp\u00e9rature de la lumi\u00e8re :<\/td>\n<td valign=\"middle\">3000K - 4000K<\/td>\n<\/tr>\n<tr class=\"odd\">\n<td valign=\"middle\" width=\"32\"><\/td>\n<td valign=\"middle\">CRI - Indice de rendu des couleurs :<\/td>\n<td valign=\"middle\">85<\/td>\n<\/tr>\n<tr class=\"even\">\n<td valign=\"middle\" width=\"32\"><\/td>\n<td valign=\"middle\">Mat\u00e9riaux de construction :<\/td>\n<td valign=\"middle\">Thermoplastique<\/td>\n<\/tr>\n<tr class=\"odd\">\n<td valign=\"middle\" width=\"32\"><\/td>\n<td valign=\"middle\">Luminosit\u00e9-Lm :<\/td>\n<td valign=\"middle\">800Lm<\/td>\n<\/tr>\n<tr class=\"even\">\n<td valign=\"middle\" width=\"32\"><\/td>\n<td valign=\"middle\">Type de DEL :<\/td>\n<td valign=\"middle\">SMD 2835<\/td>\n<\/tr>\n<tr class=\"odd\">\n<td valign=\"middle\" width=\"32\"><\/td>\n<td valign=\"middle\">Angle d'ouverture (\u00ba) :<\/td>\n<td valign=\"middle\">60\u00ba<\/td>\n<\/tr>\n<tr class=\"even\">\n<td valign=\"middle\" width=\"32\"><\/td>\n<td valign=\"middle\">Efficacit\u00e9 de la diode LED (Lm\/W) :<\/td>\n<td valign=\"middle\">130Lm\/W<\/td>\n<\/tr>\n<tr class=\"odd\">\n<td valign=\"middle\" width=\"32\"><\/td>\n<td valign=\"middle\">Efficacit\u00e9 lumineuse (Lm\/W) :<\/td>\n<td valign=\"middle\">100 Lm\/W<\/td>\n<\/tr>\n<tr class=\"even\">\n<td valign=\"middle\" width=\"32\"><\/td>\n<td valign=\"middle\">Dimmable :<\/td>\n<td valign=\"middle\">TRIAC<\/td>\n<\/tr>\n<tr class=\"odd\">\n<td valign=\"middle\" width=\"32\"><\/td>\n<td valign=\"middle\">Certificats :<\/td>\n<td valign=\"middle\">CE - ROHS<\/td>\n<\/tr>\n<tr class=\"even\">\n<td valign=\"middle\" width=\"32\"><\/td>\n<td valign=\"middle\">Indice de protection IP :<\/td>\n<td valign=\"middle\">IP65-Ext\u00e9rieur<\/td>\n<\/tr>\n<\/tbody>\n<\/table>\n<\/div>\n<div class=\"col-xs-12 col-md-6 2\">\n<table class=\"table table-data-sheet 2\">\n<tbody>\n<tr class=\"odd\">\n<td valign=\"middle\" width=\"32\"><\/td>\n<td valign=\"middle\">Dur\u00e9e de vie estim\u00e9e de la diode LED (H) :<\/td>\n<td valign=\"middle\">35.000<\/td>\n<\/tr>\n<tr class=\"even\">\n<td valign=\"middle\" width=\"32\"><\/td>\n<td valign=\"middle\">Dimensions (mm) :<\/td>\n<td valign=\"middle\">&Oslash;85xH48mm<\/td>\n<\/tr>\n<tr class=\"odd\">\n<td valign=\"middle\" width=\"32\"><\/td>\n<td valign=\"middle\">Facteur de puissance (PF) :<\/td>\n<td valign=\"middle\">0.93<\/td>\n<\/tr>\n<tr class=\"even\">\n<td valign=\"middle\" width=\"32\"><\/td>\n<td valign=\"middle\">Fr\u00e9quence de travail (Hz) :<\/td>\n<td valign=\"middle\">50\/60Hz<\/td>\n<\/tr>\n<tr class=\"odd\">\n<td valign=\"middle\" width=\"32\"><\/td>\n<td valign=\"middle\">Plage de temp\u00e9rature (\u00baC) :<\/td>\n<td valign=\"middle\">-10\u00baC ~ +45\u00baC<\/td>\n<\/tr>\n<tr class=\"even\">\n<td valign=\"middle\" width=\"32\"><\/td>\n<td valign=\"middle\">Cycles d'allumage :<\/td>\n<td valign=\"middle\">100.000<\/td>\n<\/tr>\n<tr class=\"odd\">\n<td valign=\"middle\" width=\"32\"><\/td>\n<td valign=\"middle\">Temps de d\u00e9marrage (s) :<\/td>\n<td valign=\"middle\">0,2s<\/td>\n<\/tr>\n<tr class=\"even\">\n<td valign=\"middle\" width=\"32\"><\/td>\n<td valign=\"middle\">Coupe au plafond (mm) :<\/td>\n<td valign=\"middle\">\u00d8 70mm<\/td>\n<\/tr>\n<tr class=\"odd\">\n<td valign=\"middle\" width=\"32\"><\/td>\n<td valign=\"middle\">Protection contre les chocs (IK) :<\/td>\n<td valign=\"middle\">IK05<\/td>\n<\/tr>\n<tr class=\"even\">\n<td valign=\"middle\" width=\"32\"><\/td>\n<td valign=\"middle\">Pilote inclus :<\/td>\n<td valign=\"middle\">OUI<\/td>\n<\/tr>\n<tr class=\"odd\">\n<td valign=\"middle\" width=\"32\"><\/td>\n<td valign=\"middle\">Classe \u00e9nerg\u00e9tique (2021-EU-2019\/2015) :<\/td>\n<td valign=\"middle\">A+<\/td>\n<\/tr>\n<tr class=\"even\">\n<td valign=\"middle\" width=\"32\"><\/td>\n<td valign=\"middle\">Classe \u00e9nerg\u00e9tique (2023 - EU-2019\/2015) :<\/td>\n<td valign=\"middle\">D<\/td>\n<\/tr>\n<tr class=\"odd\">\n<td valign=\"middle\" width=\"32\"><\/td>\n<td valign=\"middle\">Ann\u00e9es de garantie :<\/td>\n<td valign=\"middle\">3<\/td>\n<\/tr>\n<\/tbody>\n<\/table>\n<\/div>\n<\/div>\n<\/div>","protected":false},"excerpt":{"rendered":"<div class=\"col-md-12\"><i class=\"fa fa-truck\"><\/i>&nbsp;<span class=\"text-muted textprop\">Livraison dans les 24\/48 heures<\/span><div class=\"col-md-12\"><i class=\"fa fa-exchange\"><\/i>&nbsp;<span class=\"text-muted textprop\">Garantie assur\u00e9e<\/span><\/div><div class=\"col-md-12\"><i class=\"fa fa-box\"><\/i>&nbsp;<span class=\"text-muted textprop\">20 unit\u00e9(s) par bo\u00eete \u00e0 outils<\/span><\/div><\/div>","protected":false},"featured_media":3067,"template":"","meta":{"site-sidebar-layout":"default","site-content-layout":"default","ast-global-header-display":"","ast-main-header-display":"","ast-hfb-above-header-display":"","ast-hfb-below-header-display":"","ast-hfb-mobile-header-display":"","site-post-title":"","ast-breadcrumbs-content":"","ast-featured-img":"","footer-sml-layout":"","theme-transparent-header-meta":"default","adv-header-id-meta":"","stick-header-meta":"","header-above-stick-meta":"","header-main-stick-meta":"","header-below-stick-meta":""},"product_cat":[27,70],"product_tag":[],"class_list":["post-3060","product","type-product","status-publish","has-post-thumbnail","hentry","product_cat-downlight-plafones-y-placas-led","product_cat-focos-downlight-led"],"yoast_head":"<!-- This site is optimized with the Yoast SEO plugin v27.4 - https:\/\/yoast.com\/product\/yoast-seo-wordpress\/ -->\n<title>Empotrable LED 8W - IP65 - Circular Blanco - Dimable - CCT- Especial Ba\u00f1os - Exterior - STARLED Iluminacion<\/title>\n<meta name=\"robots\" content=\"index, follow, max-snippet:-1, max-image-preview:large, max-video-preview:-1\" \/>\n<link rel=\"canonical\" href=\"https:\/\/starlediluminacion.com\/fr\/product\/empotrable-led-8w-ip65-circular-blanco-dimable-cct-especial-banos-exterior-2\/\" \/>\n<meta property=\"og:locale\" content=\"fr_FR\" \/>\n<meta property=\"og:type\" content=\"article\" \/>\n<meta property=\"og:title\" content=\"Empotrable LED 8W - IP65 - Circular Blanco - Dimable - CCT- Especial Ba\u00f1os - Exterior - STARLED Iluminacion\" \/>\n<meta property=\"og:description\" content=\"\u00a0Entrega en 24\/48 horas \u00a0Garant\u00eda asegurada \u00a020 unidad(es) por Masterbox\" \/>\n<meta property=\"og:url\" content=\"https:\/\/starlediluminacion.com\/fr\/product\/empotrable-led-8w-ip65-circular-blanco-dimable-cct-especial-banos-exterior-2\/\" \/>\n<meta property=\"og:site_name\" content=\"STARLED Iluminacion\" \/>\n<meta property=\"article:modified_time\" content=\"2022-12-18T10:56:32+00:00\" \/>\n<meta property=\"og:image\" content=\"https:\/\/starlediluminacion.com\/wp-content\/uploads\/2022\/08\/empotrable-led-8w-ip65-circular-blanco-dimable-cct-especial-banos-exterior-factorled-8.jpg\" \/>\n\t<meta property=\"og:image:width\" content=\"1000\" \/>\n\t<meta property=\"og:image:height\" content=\"1000\" \/>\n\t<meta property=\"og:image:type\" content=\"image\/jpeg\" \/>\n<meta name=\"twitter:card\" content=\"summary_large_image\" \/>\n<meta name=\"twitter:label1\" content=\"Dur\u00e9e de lecture estim\u00e9e\" \/>\n\t<meta name=\"twitter:data1\" content=\"2 minutes\" \/>\n<script type=\"application\/ld+json\" class=\"yoast-schema-graph\">{\"@context\":\"https:\\\/\\\/schema.org\",\"@graph\":[{\"@type\":\"WebPage\",\"@id\":\"https:\\\/\\\/starlediluminacion.com\\\/producto\\\/empotrable-led-8w-ip65-circular-blanco-dimable-cct-especial-banos-exterior-2\\\/\",\"url\":\"https:\\\/\\\/starlediluminacion.com\\\/producto\\\/empotrable-led-8w-ip65-circular-blanco-dimable-cct-especial-banos-exterior-2\\\/\",\"name\":\"Empotrable LED 8W - IP65 - Circular Blanco - Dimable - CCT- Especial Ba\u00f1os - Exterior - STARLED Iluminacion\",\"isPartOf\":{\"@id\":\"https:\\\/\\\/starlediluminacion.com\\\/#website\"},\"primaryImageOfPage\":{\"@id\":\"https:\\\/\\\/starlediluminacion.com\\\/producto\\\/empotrable-led-8w-ip65-circular-blanco-dimable-cct-especial-banos-exterior-2\\\/#primaryimage\"},\"image\":{\"@id\":\"https:\\\/\\\/starlediluminacion.com\\\/producto\\\/empotrable-led-8w-ip65-circular-blanco-dimable-cct-especial-banos-exterior-2\\\/#primaryimage\"},\"thumbnailUrl\":\"https:\\\/\\\/starlediluminacion.com\\\/wp-content\\\/uploads\\\/2022\\\/08\\\/empotrable-led-8w-ip65-circular-blanco-dimable-cct-especial-banos-exterior-factorled-8.jpg\",\"datePublished\":\"2022-08-06T13:01:09+00:00\",\"dateModified\":\"2022-12-18T10:56:32+00:00\",\"breadcrumb\":{\"@id\":\"https:\\\/\\\/starlediluminacion.com\\\/producto\\\/empotrable-led-8w-ip65-circular-blanco-dimable-cct-especial-banos-exterior-2\\\/#breadcrumb\"},\"inLanguage\":\"fr-FR\",\"potentialAction\":[{\"@type\":\"ReadAction\",\"target\":[\"https:\\\/\\\/starlediluminacion.com\\\/producto\\\/empotrable-led-8w-ip65-circular-blanco-dimable-cct-especial-banos-exterior-2\\\/\"]}]},{\"@type\":\"ImageObject\",\"inLanguage\":\"fr-FR\",\"@id\":\"https:\\\/\\\/starlediluminacion.com\\\/producto\\\/empotrable-led-8w-ip65-circular-blanco-dimable-cct-especial-banos-exterior-2\\\/#primaryimage\",\"url\":\"https:\\\/\\\/starlediluminacion.com\\\/wp-content\\\/uploads\\\/2022\\\/08\\\/empotrable-led-8w-ip65-circular-blanco-dimable-cct-especial-banos-exterior-factorled-8.jpg\",\"contentUrl\":\"https:\\\/\\\/starlediluminacion.com\\\/wp-content\\\/uploads\\\/2022\\\/08\\\/empotrable-led-8w-ip65-circular-blanco-dimable-cct-especial-banos-exterior-factorled-8.jpg\",\"width\":1000,\"height\":1000},{\"@type\":\"BreadcrumbList\",\"@id\":\"https:\\\/\\\/starlediluminacion.com\\\/producto\\\/empotrable-led-8w-ip65-circular-blanco-dimable-cct-especial-banos-exterior-2\\\/#breadcrumb\",\"itemListElement\":[{\"@type\":\"ListItem\",\"position\":1,\"name\":\"Portada\",\"item\":\"https:\\\/\\\/starlediluminacion.com\\\/\"},{\"@type\":\"ListItem\",\"position\":2,\"name\":\"Shop\",\"item\":\"https:\\\/\\\/starlediluminacion.com\\\/shop-2\\\/\"},{\"@type\":\"ListItem\",\"position\":3,\"name\":\"Empotrable LED 8W &#8211; IP65 &#8211; Circular Blanco &#8211; Dimable &#8211; CCT- Especial Ba\u00f1os &#8211; Exterior\"}]},{\"@type\":\"WebSite\",\"@id\":\"https:\\\/\\\/starlediluminacion.com\\\/#website\",\"url\":\"https:\\\/\\\/starlediluminacion.com\\\/\",\"name\":\"STARLED Iluminacion\",\"description\":\"\",\"potentialAction\":[{\"@type\":\"SearchAction\",\"target\":{\"@type\":\"EntryPoint\",\"urlTemplate\":\"https:\\\/\\\/starlediluminacion.com\\\/?s={search_term_string}\"},\"query-input\":{\"@type\":\"PropertyValueSpecification\",\"valueRequired\":true,\"valueName\":\"search_term_string\"}}],\"inLanguage\":\"fr-FR\"}]}<\/script>\n<!-- \/ Yoast SEO plugin. -->","yoast_head_json":{"title":"Empotrable LED 8W - IP65 - Circular Blanco - Dimable - CCT- Especial Ba\u00f1os - Exterior - STARLED Iluminacion","robots":{"index":"index","follow":"follow","max-snippet":"max-snippet:-1","max-image-preview":"max-image-preview:large","max-video-preview":"max-video-preview:-1"},"canonical":"https:\/\/starlediluminacion.com\/fr\/product\/empotrable-led-8w-ip65-circular-blanco-dimable-cct-especial-banos-exterior-2\/","og_locale":"fr_FR","og_type":"article","og_title":"Empotrable LED 8W - IP65 - Circular Blanco - Dimable - CCT- Especial Ba\u00f1os - Exterior - STARLED Iluminacion","og_description":"\u00a0Entrega en 24\/48 horas \u00a0Garant\u00eda asegurada \u00a020 unidad(es) por Masterbox","og_url":"https:\/\/starlediluminacion.com\/fr\/product\/empotrable-led-8w-ip65-circular-blanco-dimable-cct-especial-banos-exterior-2\/","og_site_name":"STARLED Iluminacion","article_modified_time":"2022-12-18T10:56:32+00:00","og_image":[{"width":1000,"height":1000,"url":"https:\/\/starlediluminacion.com\/wp-content\/uploads\/2022\/08\/empotrable-led-8w-ip65-circular-blanco-dimable-cct-especial-banos-exterior-factorled-8.jpg","type":"image\/jpeg"}],"twitter_card":"summary_large_image","twitter_misc":{"Dur\u00e9e de lecture estim\u00e9e":"2 minutes"},"schema":{"@context":"https:\/\/schema.org","@graph":[{"@type":"WebPage","@id":"https:\/\/starlediluminacion.com\/producto\/empotrable-led-8w-ip65-circular-blanco-dimable-cct-especial-banos-exterior-2\/","url":"https:\/\/starlediluminacion.com\/producto\/empotrable-led-8w-ip65-circular-blanco-dimable-cct-especial-banos-exterior-2\/","name":"Empotrable LED 8W - IP65 - Circular Blanco - Dimable - CCT- Especial Ba\u00f1os - Exterior - STARLED Iluminacion","isPartOf":{"@id":"https:\/\/starlediluminacion.com\/#website"},"primaryImageOfPage":{"@id":"https:\/\/starlediluminacion.com\/producto\/empotrable-led-8w-ip65-circular-blanco-dimable-cct-especial-banos-exterior-2\/#primaryimage"},"image":{"@id":"https:\/\/starlediluminacion.com\/producto\/empotrable-led-8w-ip65-circular-blanco-dimable-cct-especial-banos-exterior-2\/#primaryimage"},"thumbnailUrl":"https:\/\/starlediluminacion.com\/wp-content\/uploads\/2022\/08\/empotrable-led-8w-ip65-circular-blanco-dimable-cct-especial-banos-exterior-factorled-8.jpg","datePublished":"2022-08-06T13:01:09+00:00","dateModified":"2022-12-18T10:56:32+00:00","breadcrumb":{"@id":"https:\/\/starlediluminacion.com\/producto\/empotrable-led-8w-ip65-circular-blanco-dimable-cct-especial-banos-exterior-2\/#breadcrumb"},"inLanguage":"fr-FR","potentialAction":[{"@type":"ReadAction","target":["https:\/\/starlediluminacion.com\/producto\/empotrable-led-8w-ip65-circular-blanco-dimable-cct-especial-banos-exterior-2\/"]}]},{"@type":"ImageObject","inLanguage":"fr-FR","@id":"https:\/\/starlediluminacion.com\/producto\/empotrable-led-8w-ip65-circular-blanco-dimable-cct-especial-banos-exterior-2\/#primaryimage","url":"https:\/\/starlediluminacion.com\/wp-content\/uploads\/2022\/08\/empotrable-led-8w-ip65-circular-blanco-dimable-cct-especial-banos-exterior-factorled-8.jpg","contentUrl":"https:\/\/starlediluminacion.com\/wp-content\/uploads\/2022\/08\/empotrable-led-8w-ip65-circular-blanco-dimable-cct-especial-banos-exterior-factorled-8.jpg","width":1000,"height":1000},{"@type":"BreadcrumbList","@id":"https:\/\/starlediluminacion.com\/producto\/empotrable-led-8w-ip65-circular-blanco-dimable-cct-especial-banos-exterior-2\/#breadcrumb","itemListElement":[{"@type":"ListItem","position":1,"name":"Portada","item":"https:\/\/starlediluminacion.com\/"},{"@type":"ListItem","position":2,"name":"Shop","item":"https:\/\/starlediluminacion.com\/shop-2\/"},{"@type":"ListItem","position":3,"name":"Empotrable LED 8W &#8211; IP65 &#8211; Circular Blanco &#8211; Dimable &#8211; CCT- Especial Ba\u00f1os &#8211; Exterior"}]},{"@type":"WebSite","@id":"https:\/\/starlediluminacion.com\/#website","url":"https:\/\/starlediluminacion.com\/","name":"STARLED Iluminacion","description":"","potentialAction":[{"@type":"SearchAction","target":{"@type":"EntryPoint","urlTemplate":"https:\/\/starlediluminacion.com\/?s={search_term_string}"},"query-input":{"@type":"PropertyValueSpecification","valueRequired":true,"valueName":"search_term_string"}}],"inLanguage":"fr-FR"}]}},"_links":{"self":[{"href":"https:\/\/starlediluminacion.com\/fr\/wp-json\/wp\/v3\/product\/3060","targetHints":{"allow":["GET"]}}],"collection":[{"href":"https:\/\/starlediluminacion.com\/fr\/wp-json\/wp\/v3\/product"}],"about":[{"href":"https:\/\/starlediluminacion.com\/fr\/wp-json\/wp\/v2\/types\/product"}],"wp:featuredmedia":[{"embeddable":true,"href":"https:\/\/starlediluminacion.com\/fr\/wp-json\/wp\/v2\/media\/3067"}],"wp:attachment":[{"href":"https:\/\/starlediluminacion.com\/fr\/wp-json\/wp\/v2\/media?parent=3060"}],"wp:term":[{"taxonomy":"product_cat","embeddable":true,"href":"https:\/\/starlediluminacion.com\/fr\/wp-json\/wp\/v2\/product_cat?post=3060"},{"taxonomy":"product_tag","embeddable":true,"href":"https:\/\/starlediluminacion.com\/fr\/wp-json\/wp\/v2\/product_tag?post=3060"}],"curies":[{"name":"wp","href":"https:\/\/api.w.org\/{rel}","templated":true}]}}