{"id":3042,"date":"2022-08-06T12:47:31","date_gmt":"2022-08-06T12:47:31","guid":{"rendered":"https:\/\/starlediluminacion.com\/?post_type=product&#038;p=3042"},"modified":"2022-11-23T09:34:58","modified_gmt":"2022-11-23T09:34:58","slug":"downlight-led-12w-8w-5w-circular-osram-chip-duris-e-2835-cct-ugr17","status":"publish","type":"product","link":"https:\/\/starlediluminacion.com\/fr\/product\/downlight-led-12w-8w-5w-circular-osram-chip-duris-e-2835-cct-ugr17\/","title":{"rendered":"<p>Downlight LED 12W - 8W- 5W Circulaire - OSRAM CHIP DURIS E 2835 - CCT - UGR17<\/p>"},"content":{"rendered":"<div class=\"product-info-line\">\n<p id=\"product_reference\"><label>R\u00c9F\u00c9RENCE : SL<span style=\"font-size: 16px;\">90777<\/span><\/label><\/p>\n<div class=\"hidden-xs parrafo\">\n<p><strong>COULEUR AU CHOIX :<\/strong>&nbsp;Notre&nbsp;<strong>Downlight<\/strong>&nbsp;<strong>OSRAM&nbsp;<\/strong>DURIS E 2835 CHIP&nbsp;<strong>LED circulaire encastr\u00e9e<\/strong>&nbsp;de&nbsp;<strong>12W<\/strong>&nbsp;dispose d'un s\u00e9lecteur de temp\u00e9rature de couleur, avec un choix de blanc froid, blanc neutre et blanc chaud. L'angle d'ouverture du luminaire est de 120\u00ba. Puissance r\u00e9glable sur le s\u00e9lecteur du driver. 5w-8w-12w<\/p>\n<\/div>\n<div id=\"views_block-1\" class=\"clearfix\">\n<div id=\"thumbs_list\">\n<h1>Downlight LED 12W circulaire - OSRAM CHIP DURIS E 2835 - CCT - UGR17<\/h1>\n<p>Notre&nbsp;<strong>Downlight<\/strong>&nbsp;avec le pouvoir de&nbsp;<strong>12W<\/strong>&nbsp;se caract\u00e9rise par sa simplicit\u00e9 d'utilisation, permettant d'obtenir un \u00e9clairage pr\u00e9cis et personnalis\u00e9 dans n'importe quel espace int\u00e9rieur. Avec ce type de&nbsp;<strong>Luminaire LED<\/strong>&nbsp;vous pouvez obtenir un \u00e9clairage sur mesure pour tout type d'entreprise.<\/p>\n<p>De plus, gr\u00e2ce \u00e0 son UGR \u00e9lev\u00e9, vous n'aurez pas de probl\u00e8mes d'\u00e9blouissement, car il est dot\u00e9 d'un filtre \u00e0 particules.&nbsp;<strong>UGR17.<\/strong><\/p>\n<p>Gr\u00e2ce \u00e0 son syst\u00e8me de s\u00e9lection des couleurs, vous pouvez l'adapter aux besoins de votre entreprise ou de votre maison, en choisissant la couleur souhait\u00e9e pour chaque pi\u00e8ce ou chaque hall.<\/p>\n<p>La source lumineuse \u00e0 haut rendement avec&nbsp;<strong>SMD2835 OSRAM CHIP&nbsp;<\/strong>Le 80% fournit une luminance \u00e9lev\u00e9e et remplacera parfaitement les spots traditionnels avec une \u00e9conomie plus importante que le 80%.<\/p>\n<p>Gr\u00e2ce \u00e0 son design fonctionnel et fin, l'installation est beaucoup plus facile.<\/p>\n<p>Son indice de rendu des couleurs \u00e9lev\u00e9, sup\u00e9rieur \u00e0 85, garantit une reproduction naturelle des couleurs.<\/p>\n<h2>Utilisations du Downlight LED 120W circulaire - OSRAM CHIP DURIS E 2835 - CCT - UGR17<\/h2>\n<ul>\n<li>&nbsp;Magasins<\/li>\n<li>&nbsp;Restaurants<\/li>\n<li>&nbsp;Mus\u00e9es<\/li>\n<li>&nbsp;Galeries marchandes<\/li>\n<li>&nbsp;Centres commerciaux<\/li>\n<li>&nbsp;Bureaux<\/li>\n<li>&nbsp;Corridors<\/li>\n<li>&nbsp;Vitrine<\/li>\n<\/ul>\n<h3 class=\"page-product-heading\">DONN\u00c9ES TECHNIQUES<\/h3>\n<div class=\"col-xs-12 col-md-6\">\n<table class=\"table table-data-sheet 1\">\n<tbody>\n<tr class=\"odd\">\n<td valign=\"middle\" width=\"32\"><\/td>\n<td valign=\"middle\">REFERENCE :<\/td>\n<td valign=\"middle\">SL90777<\/td>\n<\/tr>\n<tr class=\"even\">\n<td valign=\"middle\" width=\"32\"><\/td>\n<td valign=\"middle\">Puissance nominale :<\/td>\n<td valign=\"middle\">12W-8W-5W<\/td>\n<\/tr>\n<tr class=\"odd\">\n<td valign=\"middle\" width=\"32\"><\/td>\n<td valign=\"middle\">Tension nominale :<\/td>\n<td valign=\"middle\">85V-265V<\/td>\n<\/tr>\n<tr class=\"even\">\n<td valign=\"middle\" width=\"32\"><\/td>\n<td valign=\"middle\">Temp\u00e9rature de la lumi\u00e8re :<\/td>\n<td valign=\"middle\">COULEUR S\u00c9LECTIONNABLE : 3000K-4000K-6000K<\/td>\n<\/tr>\n<tr class=\"odd\">\n<td valign=\"middle\" width=\"32\"><\/td>\n<td valign=\"middle\">CRI - Indice de rendu des couleurs :<\/td>\n<td valign=\"middle\">82<\/td>\n<\/tr>\n<tr class=\"even\">\n<td valign=\"middle\" width=\"32\"><\/td>\n<td valign=\"middle\">Mat\u00e9riaux de construction :<\/td>\n<td valign=\"middle\">Aluminium +PC<\/td>\n<\/tr>\n<tr class=\"odd\">\n<td valign=\"middle\" width=\"32\"><\/td>\n<td valign=\"middle\">Luminosit\u00e9-Lm :<\/td>\n<td valign=\"middle\">1440<\/td>\n<\/tr>\n<tr class=\"even\">\n<td valign=\"middle\" width=\"32\"><\/td>\n<td valign=\"middle\">Type de DEL :<\/td>\n<td valign=\"middle\">SMD 2835 OSRAM CHIP<\/td>\n<\/tr>\n<tr class=\"odd\">\n<td valign=\"middle\" width=\"32\"><\/td>\n<td valign=\"middle\">Angle d'ouverture (\u00ba) :<\/td>\n<td valign=\"middle\">120\u00ba<\/td>\n<\/tr>\n<tr class=\"even\">\n<td valign=\"middle\" width=\"32\"><\/td>\n<td valign=\"middle\">Efficacit\u00e9 de la diode LED (Lm\/W) :<\/td>\n<td valign=\"middle\">140 Lm\/W<\/td>\n<\/tr>\n<tr class=\"odd\">\n<td valign=\"middle\" width=\"32\"><\/td>\n<td valign=\"middle\">Efficacit\u00e9 lumineuse (Lm\/W) :<\/td>\n<td valign=\"middle\">120 Lm\/W<\/td>\n<\/tr>\n<tr class=\"even\">\n<td valign=\"middle\" width=\"32\"><\/td>\n<td valign=\"middle\">Certificats :<\/td>\n<td valign=\"middle\">CE - ROHS<\/td>\n<\/tr>\n<\/tbody>\n<\/table>\n<\/div>\n<div class=\"col-xs-12 col-md-6 2\">\n<table class=\"table table-data-sheet 2\">\n<tbody>\n<tr class=\"odd\">\n<td valign=\"middle\" width=\"32\"><\/td>\n<td valign=\"middle\">Indice de protection IP :<\/td>\n<td valign=\"middle\">IP44<\/td>\n<\/tr>\n<tr class=\"even\">\n<td valign=\"middle\" width=\"32\"><\/td>\n<td valign=\"middle\">Dur\u00e9e de vie estim\u00e9e de la diode LED (H) :<\/td>\n<td valign=\"middle\">40.000<\/td>\n<\/tr>\n<tr class=\"odd\">\n<td valign=\"middle\" width=\"32\"><\/td>\n<td valign=\"middle\">Dimensions (mm) :<\/td>\n<td valign=\"middle\">\u00d890mm * H36mm<\/td>\n<\/tr>\n<tr class=\"even\">\n<td valign=\"middle\" width=\"32\"><\/td>\n<td valign=\"middle\">Fr\u00e9quence de travail (Hz) :<\/td>\n<td valign=\"middle\">50\/60Hz<\/td>\n<\/tr>\n<tr class=\"odd\">\n<td valign=\"middle\" width=\"32\"><\/td>\n<td valign=\"middle\">Plage de temp\u00e9rature (\u00baC) :<\/td>\n<td valign=\"middle\">-20\u00b0C ~ +55\u00b0C<\/td>\n<\/tr>\n<tr class=\"even\">\n<td valign=\"middle\" width=\"32\"><\/td>\n<td valign=\"middle\">Cycles d'allumage :<\/td>\n<td valign=\"middle\">100.000<\/td>\n<\/tr>\n<tr class=\"odd\">\n<td valign=\"middle\" width=\"32\"><\/td>\n<td valign=\"middle\">Temps de d\u00e9marrage (s) :<\/td>\n<td valign=\"middle\">0,2s<\/td>\n<\/tr>\n<tr class=\"even\">\n<td valign=\"middle\" width=\"32\"><\/td>\n<td valign=\"middle\">Coupe au plafond (mm) :<\/td>\n<td valign=\"middle\">\u00d872mm<\/td>\n<\/tr>\n<tr class=\"odd\">\n<td valign=\"middle\" width=\"32\"><\/td>\n<td valign=\"middle\">Indice d'\u00e9blouissement (UGR) :<\/td>\n<td valign=\"middle\">17<\/td>\n<\/tr>\n<tr class=\"even\">\n<td valign=\"middle\" width=\"32\"><\/td>\n<td valign=\"middle\">Pilote inclus :<\/td>\n<td valign=\"middle\">Pilote GXTronic<\/td>\n<\/tr>\n<tr class=\"odd\">\n<td valign=\"middle\" width=\"32\"><\/td>\n<td valign=\"middle\">Classe \u00e9nerg\u00e9tique (2021-EU-2019\/2015) :<\/td>\n<td valign=\"middle\">A+<\/td>\n<\/tr>\n<tr class=\"even\">\n<td valign=\"middle\" width=\"32\"><\/td>\n<td valign=\"middle\">Ann\u00e9es de garantie :<\/td>\n<td valign=\"middle\">3<\/td>\n<\/tr>\n<\/tbody>\n<\/table>\n<p>&nbsp;<\/p>\n<\/div>\n<\/div>\n<\/div>\n<\/div>","protected":false},"excerpt":{"rendered":"<div class=\"col-md-12\"><i class=\"fa fa-truck\"><\/i>&nbsp;<span class=\"text-muted textprop\">Livraison dans les 24\/48 heures<\/span><div class=\"col-md-12\"><i class=\"fa fa-exchange\"><\/i>&nbsp;<span class=\"text-muted textprop\">Garantie assur\u00e9e<\/span><\/div><div class=\"col-md-12\"><i class=\"fa fa-box\"><\/i>&nbsp;<span class=\"text-muted textprop\">30 unit\u00e9(s) par bo\u00eete \u00e0 outils<\/span><\/div><div><\/div><\/div>","protected":false},"featured_media":3050,"template":"","meta":{"site-sidebar-layout":"default","site-content-layout":"default","ast-global-header-display":"","ast-main-header-display":"","ast-hfb-above-header-display":"","ast-hfb-below-header-display":"","ast-hfb-mobile-header-display":"","site-post-title":"","ast-breadcrumbs-content":"","ast-featured-img":"","footer-sml-layout":"","theme-transparent-header-meta":"default","adv-header-id-meta":"","stick-header-meta":"","header-above-stick-meta":"","header-main-stick-meta":"","header-below-stick-meta":""},"product_cat":[27,70],"product_tag":[],"class_list":["post-3042","product","type-product","status-publish","has-post-thumbnail","hentry","product_cat-downlight-plafones-y-placas-led","product_cat-focos-downlight-led"],"yoast_head":"<!-- This site is optimized with the Yoast SEO plugin v27.4 - https:\/\/yoast.com\/product\/yoast-seo-wordpress\/ -->\n<title>Downlight LED 12W - 8W- 5W Circular - OSRAM CHIP DURIS E 2835 - CCT - UGR17 - STARLED Iluminacion<\/title>\n<meta name=\"robots\" content=\"index, follow, max-snippet:-1, max-image-preview:large, max-video-preview:-1\" \/>\n<link rel=\"canonical\" href=\"https:\/\/starlediluminacion.com\/fr\/product\/downlight-led-12w-8w-5w-circular-osram-chip-duris-e-2835-cct-ugr17\/\" \/>\n<meta property=\"og:locale\" content=\"fr_FR\" \/>\n<meta property=\"og:type\" content=\"article\" \/>\n<meta property=\"og:title\" content=\"Downlight LED 12W - 8W- 5W Circular - OSRAM CHIP DURIS E 2835 - CCT - UGR17 - STARLED Iluminacion\" \/>\n<meta property=\"og:description\" content=\"\u00a0Entrega en 24\/48 horas \u00a0Garant\u00eda asegurada \u00a030 unidad(es) por Masterbox\" \/>\n<meta property=\"og:url\" content=\"https:\/\/starlediluminacion.com\/fr\/product\/downlight-led-12w-8w-5w-circular-osram-chip-duris-e-2835-cct-ugr17\/\" \/>\n<meta property=\"og:site_name\" content=\"STARLED Iluminacion\" \/>\n<meta property=\"article:modified_time\" content=\"2022-11-23T09:34:58+00:00\" \/>\n<meta property=\"og:image\" content=\"https:\/\/starlediluminacion.com\/wp-content\/uploads\/2022\/08\/downlight-led-10w-circular-osram-chip-cct-ugr17-factorled.jpg\" \/>\n\t<meta property=\"og:image:width\" content=\"1000\" \/>\n\t<meta property=\"og:image:height\" content=\"1000\" \/>\n\t<meta property=\"og:image:type\" content=\"image\/jpeg\" \/>\n<meta name=\"twitter:card\" content=\"summary_large_image\" \/>\n<meta name=\"twitter:label1\" content=\"Dur\u00e9e de lecture estim\u00e9e\" \/>\n\t<meta name=\"twitter:data1\" content=\"2 minutes\" \/>\n<script type=\"application\/ld+json\" class=\"yoast-schema-graph\">{\"@context\":\"https:\\\/\\\/schema.org\",\"@graph\":[{\"@type\":\"WebPage\",\"@id\":\"https:\\\/\\\/starlediluminacion.com\\\/en\\\/product\\\/downlight-led-12w-8w-5w-circular-osram-chip-duris-e-2835-cct-ugr17\\\/\",\"url\":\"https:\\\/\\\/starlediluminacion.com\\\/en\\\/product\\\/downlight-led-12w-8w-5w-circular-osram-chip-duris-e-2835-cct-ugr17\\\/\",\"name\":\"Downlight LED 12W - 8W- 5W Circular - OSRAM CHIP DURIS E 2835 - CCT - UGR17 - STARLED Iluminacion\",\"isPartOf\":{\"@id\":\"https:\\\/\\\/starlediluminacion.com\\\/#website\"},\"primaryImageOfPage\":{\"@id\":\"https:\\\/\\\/starlediluminacion.com\\\/en\\\/product\\\/downlight-led-12w-8w-5w-circular-osram-chip-duris-e-2835-cct-ugr17\\\/#primaryimage\"},\"image\":{\"@id\":\"https:\\\/\\\/starlediluminacion.com\\\/en\\\/product\\\/downlight-led-12w-8w-5w-circular-osram-chip-duris-e-2835-cct-ugr17\\\/#primaryimage\"},\"thumbnailUrl\":\"https:\\\/\\\/starlediluminacion.com\\\/wp-content\\\/uploads\\\/2022\\\/08\\\/downlight-led-10w-circular-osram-chip-cct-ugr17-factorled.jpg\",\"datePublished\":\"2022-08-06T12:47:31+00:00\",\"dateModified\":\"2022-11-23T09:34:58+00:00\",\"breadcrumb\":{\"@id\":\"https:\\\/\\\/starlediluminacion.com\\\/en\\\/product\\\/downlight-led-12w-8w-5w-circular-osram-chip-duris-e-2835-cct-ugr17\\\/#breadcrumb\"},\"inLanguage\":\"fr-FR\",\"potentialAction\":[{\"@type\":\"ReadAction\",\"target\":[\"https:\\\/\\\/starlediluminacion.com\\\/en\\\/product\\\/downlight-led-12w-8w-5w-circular-osram-chip-duris-e-2835-cct-ugr17\\\/\"]}]},{\"@type\":\"ImageObject\",\"inLanguage\":\"fr-FR\",\"@id\":\"https:\\\/\\\/starlediluminacion.com\\\/en\\\/product\\\/downlight-led-12w-8w-5w-circular-osram-chip-duris-e-2835-cct-ugr17\\\/#primaryimage\",\"url\":\"https:\\\/\\\/starlediluminacion.com\\\/wp-content\\\/uploads\\\/2022\\\/08\\\/downlight-led-10w-circular-osram-chip-cct-ugr17-factorled.jpg\",\"contentUrl\":\"https:\\\/\\\/starlediluminacion.com\\\/wp-content\\\/uploads\\\/2022\\\/08\\\/downlight-led-10w-circular-osram-chip-cct-ugr17-factorled.jpg\",\"width\":1000,\"height\":1000},{\"@type\":\"BreadcrumbList\",\"@id\":\"https:\\\/\\\/starlediluminacion.com\\\/en\\\/product\\\/downlight-led-12w-8w-5w-circular-osram-chip-duris-e-2835-cct-ugr17\\\/#breadcrumb\",\"itemListElement\":[{\"@type\":\"ListItem\",\"position\":1,\"name\":\"Portada\",\"item\":\"https:\\\/\\\/starlediluminacion.com\\\/\"},{\"@type\":\"ListItem\",\"position\":2,\"name\":\"Shop\",\"item\":\"https:\\\/\\\/starlediluminacion.com\\\/shop-2\\\/\"},{\"@type\":\"ListItem\",\"position\":3,\"name\":\"Downlight LED 12W &#8211; 8W- 5W Circular &#8211; OSRAM CHIP DURIS E 2835 &#8211; CCT &#8211; UGR17\"}]},{\"@type\":\"WebSite\",\"@id\":\"https:\\\/\\\/starlediluminacion.com\\\/#website\",\"url\":\"https:\\\/\\\/starlediluminacion.com\\\/\",\"name\":\"STARLED Iluminacion\",\"description\":\"\",\"potentialAction\":[{\"@type\":\"SearchAction\",\"target\":{\"@type\":\"EntryPoint\",\"urlTemplate\":\"https:\\\/\\\/starlediluminacion.com\\\/?s={search_term_string}\"},\"query-input\":{\"@type\":\"PropertyValueSpecification\",\"valueRequired\":true,\"valueName\":\"search_term_string\"}}],\"inLanguage\":\"fr-FR\"}]}<\/script>\n<!-- \/ Yoast SEO plugin. -->","yoast_head_json":{"title":"Downlight LED 12W - 8W- 5W Circular - OSRAM CHIP DURIS E 2835 - CCT - UGR17 - STARLED Iluminacion","robots":{"index":"index","follow":"follow","max-snippet":"max-snippet:-1","max-image-preview":"max-image-preview:large","max-video-preview":"max-video-preview:-1"},"canonical":"https:\/\/starlediluminacion.com\/fr\/product\/downlight-led-12w-8w-5w-circular-osram-chip-duris-e-2835-cct-ugr17\/","og_locale":"fr_FR","og_type":"article","og_title":"Downlight LED 12W - 8W- 5W Circular - OSRAM CHIP DURIS E 2835 - CCT - UGR17 - STARLED Iluminacion","og_description":"\u00a0Entrega en 24\/48 horas \u00a0Garant\u00eda asegurada \u00a030 unidad(es) por Masterbox","og_url":"https:\/\/starlediluminacion.com\/fr\/product\/downlight-led-12w-8w-5w-circular-osram-chip-duris-e-2835-cct-ugr17\/","og_site_name":"STARLED Iluminacion","article_modified_time":"2022-11-23T09:34:58+00:00","og_image":[{"width":1000,"height":1000,"url":"https:\/\/starlediluminacion.com\/wp-content\/uploads\/2022\/08\/downlight-led-10w-circular-osram-chip-cct-ugr17-factorled.jpg","type":"image\/jpeg"}],"twitter_card":"summary_large_image","twitter_misc":{"Dur\u00e9e de lecture estim\u00e9e":"2 minutes"},"schema":{"@context":"https:\/\/schema.org","@graph":[{"@type":"WebPage","@id":"https:\/\/starlediluminacion.com\/en\/product\/downlight-led-12w-8w-5w-circular-osram-chip-duris-e-2835-cct-ugr17\/","url":"https:\/\/starlediluminacion.com\/en\/product\/downlight-led-12w-8w-5w-circular-osram-chip-duris-e-2835-cct-ugr17\/","name":"Downlight LED 12W - 8W- 5W Circular - OSRAM CHIP DURIS E 2835 - CCT - UGR17 - STARLED Iluminacion","isPartOf":{"@id":"https:\/\/starlediluminacion.com\/#website"},"primaryImageOfPage":{"@id":"https:\/\/starlediluminacion.com\/en\/product\/downlight-led-12w-8w-5w-circular-osram-chip-duris-e-2835-cct-ugr17\/#primaryimage"},"image":{"@id":"https:\/\/starlediluminacion.com\/en\/product\/downlight-led-12w-8w-5w-circular-osram-chip-duris-e-2835-cct-ugr17\/#primaryimage"},"thumbnailUrl":"https:\/\/starlediluminacion.com\/wp-content\/uploads\/2022\/08\/downlight-led-10w-circular-osram-chip-cct-ugr17-factorled.jpg","datePublished":"2022-08-06T12:47:31+00:00","dateModified":"2022-11-23T09:34:58+00:00","breadcrumb":{"@id":"https:\/\/starlediluminacion.com\/en\/product\/downlight-led-12w-8w-5w-circular-osram-chip-duris-e-2835-cct-ugr17\/#breadcrumb"},"inLanguage":"fr-FR","potentialAction":[{"@type":"ReadAction","target":["https:\/\/starlediluminacion.com\/en\/product\/downlight-led-12w-8w-5w-circular-osram-chip-duris-e-2835-cct-ugr17\/"]}]},{"@type":"ImageObject","inLanguage":"fr-FR","@id":"https:\/\/starlediluminacion.com\/en\/product\/downlight-led-12w-8w-5w-circular-osram-chip-duris-e-2835-cct-ugr17\/#primaryimage","url":"https:\/\/starlediluminacion.com\/wp-content\/uploads\/2022\/08\/downlight-led-10w-circular-osram-chip-cct-ugr17-factorled.jpg","contentUrl":"https:\/\/starlediluminacion.com\/wp-content\/uploads\/2022\/08\/downlight-led-10w-circular-osram-chip-cct-ugr17-factorled.jpg","width":1000,"height":1000},{"@type":"BreadcrumbList","@id":"https:\/\/starlediluminacion.com\/en\/product\/downlight-led-12w-8w-5w-circular-osram-chip-duris-e-2835-cct-ugr17\/#breadcrumb","itemListElement":[{"@type":"ListItem","position":1,"name":"Portada","item":"https:\/\/starlediluminacion.com\/"},{"@type":"ListItem","position":2,"name":"Shop","item":"https:\/\/starlediluminacion.com\/shop-2\/"},{"@type":"ListItem","position":3,"name":"Downlight LED 12W &#8211; 8W- 5W Circular &#8211; OSRAM CHIP DURIS E 2835 &#8211; CCT &#8211; UGR17"}]},{"@type":"WebSite","@id":"https:\/\/starlediluminacion.com\/#website","url":"https:\/\/starlediluminacion.com\/","name":"STARLED Iluminacion","description":"","potentialAction":[{"@type":"SearchAction","target":{"@type":"EntryPoint","urlTemplate":"https:\/\/starlediluminacion.com\/?s={search_term_string}"},"query-input":{"@type":"PropertyValueSpecification","valueRequired":true,"valueName":"search_term_string"}}],"inLanguage":"fr-FR"}]}},"_links":{"self":[{"href":"https:\/\/starlediluminacion.com\/fr\/wp-json\/wp\/v3\/product\/3042","targetHints":{"allow":["GET"]}}],"collection":[{"href":"https:\/\/starlediluminacion.com\/fr\/wp-json\/wp\/v3\/product"}],"about":[{"href":"https:\/\/starlediluminacion.com\/fr\/wp-json\/wp\/v2\/types\/product"}],"wp:featuredmedia":[{"embeddable":true,"href":"https:\/\/starlediluminacion.com\/fr\/wp-json\/wp\/v2\/media\/3050"}],"wp:attachment":[{"href":"https:\/\/starlediluminacion.com\/fr\/wp-json\/wp\/v2\/media?parent=3042"}],"wp:term":[{"taxonomy":"product_cat","embeddable":true,"href":"https:\/\/starlediluminacion.com\/fr\/wp-json\/wp\/v2\/product_cat?post=3042"},{"taxonomy":"product_tag","embeddable":true,"href":"https:\/\/starlediluminacion.com\/fr\/wp-json\/wp\/v2\/product_tag?post=3042"}],"curies":[{"name":"wp","href":"https:\/\/api.w.org\/{rel}","templated":true}]}}