{"id":2864,"date":"2022-08-06T10:56:03","date_gmt":"2022-08-06T10:56:03","guid":{"rendered":"https:\/\/starlediluminacion.com\/?post_type=product&#038;p=2864"},"modified":"2022-10-23T08:48:25","modified_gmt":"2022-10-23T08:48:25","slug":"plafon-led-36w-oulu-dimable-cct-mando-control","status":"publish","type":"product","link":"https:\/\/starlediluminacion.com\/fr\/product\/ceiling-led-36w-oulu-dimable-cct-control-controller\/","title":{"rendered":"<p>OULU Plafonnier LED 36W - Dimmable - CCT + T\u00e9l\u00e9commande<\/p>"},"content":{"rendered":"<div class=\"product-info-line\">\n<p id=\"product_reference\"><label>REFERENCE : SL9<span style=\"font-size: 16px;\">0448<\/span><\/label><\/p>\n<p><strong>Plafond<\/strong>&nbsp;<strong>36W OULU&nbsp;<\/strong>de&nbsp;<strong>Surface LED<\/strong>&nbsp;<strong>r\u00e9glable<\/strong>La lumi\u00e8re se diffuse uniform\u00e9ment dans l'espace. Le luminaire pr\u00e9sente toutes les temp\u00e9ratures de lumi\u00e8re dans le m\u00eame spot (lumi\u00e8re chaude, naturelle et froide), ce qui vous permet de le s\u00e9lectionner en fonction de vos besoins.<\/p>\n<p>Notre&nbsp;<strong>Plafonnier 36w CCT<\/strong>&nbsp;est accompagn\u00e9 d'un&nbsp;<strong>t\u00e9l\u00e9commande avec t\u00e9l\u00e9commande<\/strong>&nbsp;avec une fr\u00e9quence de&nbsp;<strong>2.4G&nbsp;<\/strong>avec lequel vous pouvez changer de couleur \u00e0 tout moment.<\/p>\n<h1>Plafonnier LED en saillie - Dimmable36W OULU - CCT (Selectable colour) + T\u00e9l\u00e9commande.<\/h1>\n<p>Notre&nbsp;<strong>Plafond<\/strong>&nbsp;<strong>Circulaire LAHTI<\/strong>&nbsp;<strong>dimable<\/strong>&nbsp;se distingue par son aspect \u00e9l\u00e9gant et moderne. Il a une puissance de&nbsp;<strong>36W,&nbsp;<\/strong>est un produit particuli\u00e8rement adapt\u00e9 pour se distinguer dans n'importe quel espace gr\u00e2ce \u00e0 son design \u00e9l\u00e9gant. Gr\u00e2ce \u00e0 sa t\u00e9l\u00e9commande, vous pouvez choisir la temp\u00e9rature de couleur de votre choix.&nbsp;<strong>(3000k - 4000k - 6000k)<\/strong>&nbsp;au moment de votre choix.<\/p>\n<p>Il reproduit des ambiances id\u00e9ales avec un \u00e9clairage \u00e0 haute luminosit\u00e9, de froid \u00e0 chaud.<\/p>\n<p>Avec cette&nbsp;<strong>Lampe<\/strong>&nbsp;<strong>plafond<\/strong>&nbsp;peut r\u00e9duire les \u00e9conomies d'\u00e9nergie jusqu'\u00e0 80%. Il est consid\u00e9r\u00e9 comme un produit non polluant, puisqu'il a une classe \u00e9nerg\u00e9tique de&nbsp;<strong>A+.<\/strong><\/p>\n<p>La lumi\u00e8re est r\u00e9partie uniform\u00e9ment sur toute la surface gr\u00e2ce au bo\u00eetier opale et \u00e0 l'angle du faisceau lumineux.&nbsp;<strong>120\u00ba<\/strong>. Gr\u00e2ce \u00e0 son design avant-gardiste et s\u00e9lect, il permet de cr\u00e9er des atmosph\u00e8res sophistiqu\u00e9es et des \u00e9clairages remarquables.<\/p>\n<h2>Installation du projecteur et configuration de la t\u00e9l\u00e9commande :<\/h2>\n<ol>\n<li>D\u00e9brancher le syst\u00e8me \u00e9lectrique<\/li>\n<li>Ouvrir le panneau en tournant le couvercle<\/li>\n<li>Raccorder les fils du projecteur \u00e0 ceux du syst\u00e8me \u00e9lectrique.<\/li>\n<li>Installer le projecteur au plafond ou au mur \u00e0 l'aide des outils n\u00e9cessaires.<\/li>\n<li>Raccordement du syst\u00e8me \u00e9lectrique<\/li>\n<li>Allumer\/\u00e9teindre \u00e0 partir de l'interrupteur 3 fois<\/li>\n<li>Appuyez sur la touche \"SETUP\" de la t\u00e9l\u00e9commande et maintenez-la enfonc\u00e9e pour la configurer.<\/li>\n<\/ol>\n<p><strong>Facile \u00e0 installer<\/strong>&nbsp;et d'une qualit\u00e9 garantie. L'installation et la manipulation du produit sont d\u00e9sormais plus confortables, ce qui facilite l'adaptation du produit \u00e0 l'environnement.&nbsp;<strong>surfaces<\/strong>&nbsp;plus pr\u00e9cis et en moins de temps.<\/p>\n<p>&nbsp;<\/p>\n<h2>Utilisations du Plafond LED en saillie - 36W OULU - Dimmable - CCT + T\u00e9l\u00e9commande<\/h2>\n<p>Leurs applications peuvent \u00eatre tr\u00e8s diverses, mais pour en citer quelques-unes, il s'agit de la&nbsp;<strong>l'\u00e9clairage<\/strong>&nbsp;pour :<\/p>\n<ul>\n<li>Entreprises et bureaux<\/li>\n<li>Salles de bains et cuisines<\/li>\n<li>Couloirs, terrasses<\/li>\n<li>Porches ou sous-sols<\/li>\n<li>Couvertures<\/li>\n<\/ul>\n<h3 class=\"page-product-heading\">DONN\u00c9ES TECHNIQUES<\/h3>\n<div class=\"col-xs-12 col-md-6\">\n<table class=\"table table-data-sheet 1\">\n<tbody>\n<tr class=\"odd\">\n<td valign=\"middle\" width=\"32\"><\/td>\n<td valign=\"middle\"><\/td>\n<td valign=\"middle\">SL90448<\/td>\n<\/tr>\n<tr class=\"even\">\n<td valign=\"middle\" width=\"32\"><\/td>\n<td valign=\"middle\">Puissance nominale :<\/td>\n<td valign=\"middle\">36w<\/td>\n<\/tr>\n<tr class=\"odd\">\n<td valign=\"middle\" width=\"32\"><\/td>\n<td valign=\"middle\">Tension nominale :<\/td>\n<td valign=\"middle\">175-265V<\/td>\n<\/tr>\n<tr class=\"even\">\n<td valign=\"middle\" width=\"32\"><\/td>\n<td valign=\"middle\">Temp\u00e9rature de la lumi\u00e8re :<\/td>\n<td valign=\"middle\">COULEUR S\u00c9LECTIONNABLE : 3000K-4000K-6000K<\/td>\n<\/tr>\n<tr class=\"odd\">\n<td valign=\"middle\" width=\"32\"><\/td>\n<td valign=\"middle\">CRI - Indice de rendu des couleurs :<\/td>\n<td valign=\"middle\">80<\/td>\n<\/tr>\n<tr class=\"even\">\n<td valign=\"middle\" width=\"32\"><\/td>\n<td valign=\"middle\">Mat\u00e9riaux de construction :<\/td>\n<td valign=\"middle\">Aluminium +PC<\/td>\n<\/tr>\n<tr class=\"odd\">\n<td valign=\"middle\" width=\"32\"><\/td>\n<td valign=\"middle\">Luminosit\u00e9-Lm :<\/td>\n<td valign=\"middle\">5040Lm<\/td>\n<\/tr>\n<tr class=\"even\">\n<td valign=\"middle\" width=\"32\"><\/td>\n<td valign=\"middle\">Angle d'ouverture (\u00ba) :<\/td>\n<td valign=\"middle\">120\u00ba<\/td>\n<\/tr>\n<tr class=\"odd\">\n<td valign=\"middle\" width=\"32\"><\/td>\n<td valign=\"middle\">Efficacit\u00e9 lumineuse (Lm\/W) :<\/td>\n<td valign=\"middle\">140Lm\/W<\/td>\n<\/tr>\n<tr class=\"even\">\n<td valign=\"middle\" width=\"32\"><\/td>\n<td valign=\"middle\">Certificats :<\/td>\n<td valign=\"middle\">CE - ROHS<\/td>\n<\/tr>\n<tr class=\"odd\">\n<td valign=\"middle\" width=\"32\"><\/td>\n<td valign=\"middle\">Indice de protection IP :<\/td>\n<td valign=\"middle\">IP20<\/td>\n<\/tr>\n<\/tbody>\n<\/table>\n<\/div>\n<div class=\"col-xs-12 col-md-6 2\">\n<table class=\"table table-data-sheet 2\">\n<tbody>\n<tr class=\"odd\">\n<td valign=\"middle\" width=\"32\"><\/td>\n<td valign=\"middle\">Dur\u00e9e de vie estim\u00e9e de la diode LED (H) :<\/td>\n<td valign=\"middle\">50.000<\/td>\n<\/tr>\n<tr class=\"even\">\n<td valign=\"middle\" width=\"32\"><\/td>\n<td valign=\"middle\">Dimensions (mm) :<\/td>\n<td valign=\"middle\">\u00d8500mm H70mm<\/td>\n<\/tr>\n<tr class=\"odd\">\n<td valign=\"middle\" width=\"32\"><\/td>\n<td valign=\"middle\">Facteur de puissance (PF) :<\/td>\n<td valign=\"middle\">0.96<\/td>\n<\/tr>\n<tr class=\"even\">\n<td valign=\"middle\" width=\"32\"><\/td>\n<td valign=\"middle\">Fr\u00e9quence de travail (Hz) :<\/td>\n<td valign=\"middle\">50\/60Hz<\/td>\n<\/tr>\n<tr class=\"odd\">\n<td valign=\"middle\" width=\"32\"><\/td>\n<td valign=\"middle\">Plage de temp\u00e9rature (\u00baC) :<\/td>\n<td valign=\"middle\">-20\u00b0C ~ +55\u00b0C<\/td>\n<\/tr>\n<tr class=\"even\">\n<td valign=\"middle\" width=\"32\"><\/td>\n<td valign=\"middle\">Cycles d'allumage :<\/td>\n<td valign=\"middle\">100.000<\/td>\n<\/tr>\n<tr class=\"odd\">\n<td valign=\"middle\" width=\"32\"><\/td>\n<td valign=\"middle\">Temps de d\u00e9marrage (s) :<\/td>\n<td valign=\"middle\">0,2s<\/td>\n<\/tr>\n<tr class=\"even\">\n<td valign=\"middle\" width=\"32\"><\/td>\n<td valign=\"middle\">Pilote inclus :<\/td>\n<td valign=\"middle\">OUI<\/td>\n<\/tr>\n<tr class=\"odd\">\n<td valign=\"middle\" width=\"32\"><\/td>\n<td valign=\"middle\">Classe \u00e9nerg\u00e9tique (2021-EU-2019\/2015) :<\/td>\n<td valign=\"middle\">A+<\/td>\n<\/tr>\n<tr class=\"even\">\n<td valign=\"middle\" width=\"32\"><\/td>\n<td valign=\"middle\">Ann\u00e9es de garantie :<\/td>\n<td valign=\"middle\">2<\/td>\n<\/tr>\n<\/tbody>\n<\/table>\n<p>&nbsp;<\/p>\n<\/div>\n<\/div>","protected":false},"excerpt":{"rendered":"<div class=\"col-md-12\"><i class=\"fa fa-truck\"><\/i>&nbsp;<span class=\"text-muted textprop\">Livraison dans les 24\/48 heures<\/span><div class=\"col-md-12\"><i class=\"fa fa-exchange\"><\/i>&nbsp;<span class=\"text-muted textprop\">Garantie assur\u00e9e<\/span><\/div><div class=\"col-md-12\"><i class=\"fa fa-box\"><\/i>&nbsp;<span class=\"text-muted textprop\">1 unit\u00e9(s) par bo\u00eete \u00e0 outils<\/span><\/div><\/div>","protected":false},"featured_media":2872,"template":"","meta":{"site-sidebar-layout":"default","site-content-layout":"default","ast-global-header-display":"","ast-main-header-display":"","ast-hfb-above-header-display":"","ast-hfb-below-header-display":"","ast-hfb-mobile-header-display":"","site-post-title":"","ast-breadcrumbs-content":"","ast-featured-img":"","footer-sml-layout":"","theme-transparent-header-meta":"default","adv-header-id-meta":"","stick-header-meta":"","header-above-stick-meta":"","header-main-stick-meta":"","header-below-stick-meta":""},"product_cat":[27,69],"product_tag":[],"class_list":["post-2864","product","type-product","status-publish","has-post-thumbnail","hentry","product_cat-downlight-plafones-y-placas-led","product_cat-plafones-y-superficie-led"],"yoast_head":"<!-- This site is optimized with the Yoast SEO plugin v27.4 - https:\/\/yoast.com\/product\/yoast-seo-wordpress\/ -->\n<title>Plaf\u00f3n LED 36W OULU - Dimable - CCT + Mando Control - STARLED Iluminacion<\/title>\n<meta name=\"robots\" content=\"index, follow, max-snippet:-1, max-image-preview:large, max-video-preview:-1\" \/>\n<link rel=\"canonical\" href=\"https:\/\/starlediluminacion.com\/fr\/product\/decken-led-36w-oulu-dimable-cct-control-steuergerat\/\" \/>\n<meta property=\"og:locale\" content=\"fr_FR\" \/>\n<meta property=\"og:type\" content=\"article\" \/>\n<meta property=\"og:title\" content=\"Plaf\u00f3n LED 36W OULU - Dimable - CCT + Mando Control - STARLED Iluminacion\" \/>\n<meta property=\"og:description\" content=\"\u00a0Entrega en 24\/48 horas \u00a0Garant\u00eda asegurada \u00a01 unidad(es) por Masterbox\" \/>\n<meta property=\"og:url\" content=\"https:\/\/starlediluminacion.com\/fr\/product\/decken-led-36w-oulu-dimable-cct-control-steuergerat\/\" \/>\n<meta property=\"og:site_name\" content=\"STARLED Iluminacion\" \/>\n<meta property=\"article:modified_time\" content=\"2022-10-23T08:48:25+00:00\" \/>\n<meta property=\"og:image\" content=\"https:\/\/starlediluminacion.com\/wp-content\/uploads\/2022\/08\/plafon-led-36w-dimable-cct-mando-control-factorled-9.jpg\" \/>\n\t<meta property=\"og:image:width\" content=\"1000\" \/>\n\t<meta property=\"og:image:height\" content=\"1000\" \/>\n\t<meta property=\"og:image:type\" content=\"image\/jpeg\" \/>\n<meta name=\"twitter:card\" content=\"summary_large_image\" \/>\n<meta name=\"twitter:label1\" content=\"Dur\u00e9e de lecture estim\u00e9e\" \/>\n\t<meta name=\"twitter:data1\" content=\"3 minutes\" \/>\n<script type=\"application\/ld+json\" class=\"yoast-schema-graph\">{\"@context\":\"https:\\\/\\\/schema.org\",\"@graph\":[{\"@type\":\"WebPage\",\"@id\":\"https:\\\/\\\/starlediluminacion.com\\\/de\\\/product\\\/decken-led-36w-oulu-dimable-cct-control-steuergerat\\\/\",\"url\":\"https:\\\/\\\/starlediluminacion.com\\\/de\\\/product\\\/decken-led-36w-oulu-dimable-cct-control-steuergerat\\\/\",\"name\":\"Plaf\u00f3n LED 36W OULU - Dimable - CCT + Mando Control - STARLED Iluminacion\",\"isPartOf\":{\"@id\":\"https:\\\/\\\/starlediluminacion.com\\\/#website\"},\"primaryImageOfPage\":{\"@id\":\"https:\\\/\\\/starlediluminacion.com\\\/de\\\/product\\\/decken-led-36w-oulu-dimable-cct-control-steuergerat\\\/#primaryimage\"},\"image\":{\"@id\":\"https:\\\/\\\/starlediluminacion.com\\\/de\\\/product\\\/decken-led-36w-oulu-dimable-cct-control-steuergerat\\\/#primaryimage\"},\"thumbnailUrl\":\"https:\\\/\\\/starlediluminacion.com\\\/wp-content\\\/uploads\\\/2022\\\/08\\\/plafon-led-36w-dimable-cct-mando-control-factorled-9.jpg\",\"datePublished\":\"2022-08-06T10:56:03+00:00\",\"dateModified\":\"2022-10-23T08:48:25+00:00\",\"breadcrumb\":{\"@id\":\"https:\\\/\\\/starlediluminacion.com\\\/de\\\/product\\\/decken-led-36w-oulu-dimable-cct-control-steuergerat\\\/#breadcrumb\"},\"inLanguage\":\"fr-FR\",\"potentialAction\":[{\"@type\":\"ReadAction\",\"target\":[\"https:\\\/\\\/starlediluminacion.com\\\/de\\\/product\\\/decken-led-36w-oulu-dimable-cct-control-steuergerat\\\/\"]}]},{\"@type\":\"ImageObject\",\"inLanguage\":\"fr-FR\",\"@id\":\"https:\\\/\\\/starlediluminacion.com\\\/de\\\/product\\\/decken-led-36w-oulu-dimable-cct-control-steuergerat\\\/#primaryimage\",\"url\":\"https:\\\/\\\/starlediluminacion.com\\\/wp-content\\\/uploads\\\/2022\\\/08\\\/plafon-led-36w-dimable-cct-mando-control-factorled-9.jpg\",\"contentUrl\":\"https:\\\/\\\/starlediluminacion.com\\\/wp-content\\\/uploads\\\/2022\\\/08\\\/plafon-led-36w-dimable-cct-mando-control-factorled-9.jpg\",\"width\":1000,\"height\":1000},{\"@type\":\"BreadcrumbList\",\"@id\":\"https:\\\/\\\/starlediluminacion.com\\\/de\\\/product\\\/decken-led-36w-oulu-dimable-cct-control-steuergerat\\\/#breadcrumb\",\"itemListElement\":[{\"@type\":\"ListItem\",\"position\":1,\"name\":\"Portada\",\"item\":\"https:\\\/\\\/starlediluminacion.com\\\/\"},{\"@type\":\"ListItem\",\"position\":2,\"name\":\"Shop\",\"item\":\"https:\\\/\\\/starlediluminacion.com\\\/shop-2\\\/\"},{\"@type\":\"ListItem\",\"position\":3,\"name\":\"Plaf\u00f3n LED 36W OULU &#8211; Dimable &#8211; CCT + Mando Control\"}]},{\"@type\":\"WebSite\",\"@id\":\"https:\\\/\\\/starlediluminacion.com\\\/#website\",\"url\":\"https:\\\/\\\/starlediluminacion.com\\\/\",\"name\":\"STARLED Iluminacion\",\"description\":\"\",\"potentialAction\":[{\"@type\":\"SearchAction\",\"target\":{\"@type\":\"EntryPoint\",\"urlTemplate\":\"https:\\\/\\\/starlediluminacion.com\\\/?s={search_term_string}\"},\"query-input\":{\"@type\":\"PropertyValueSpecification\",\"valueRequired\":true,\"valueName\":\"search_term_string\"}}],\"inLanguage\":\"fr-FR\"}]}<\/script>\n<!-- \/ Yoast SEO plugin. -->","yoast_head_json":{"title":"Plaf\u00f3n LED 36W OULU - Dimable - CCT + Mando Control - STARLED Iluminacion","robots":{"index":"index","follow":"follow","max-snippet":"max-snippet:-1","max-image-preview":"max-image-preview:large","max-video-preview":"max-video-preview:-1"},"canonical":"https:\/\/starlediluminacion.com\/fr\/product\/decken-led-36w-oulu-dimable-cct-control-steuergerat\/","og_locale":"fr_FR","og_type":"article","og_title":"Plaf\u00f3n LED 36W OULU - Dimable - CCT + Mando Control - STARLED Iluminacion","og_description":"\u00a0Entrega en 24\/48 horas \u00a0Garant\u00eda asegurada \u00a01 unidad(es) por Masterbox","og_url":"https:\/\/starlediluminacion.com\/fr\/product\/decken-led-36w-oulu-dimable-cct-control-steuergerat\/","og_site_name":"STARLED Iluminacion","article_modified_time":"2022-10-23T08:48:25+00:00","og_image":[{"width":1000,"height":1000,"url":"https:\/\/starlediluminacion.com\/wp-content\/uploads\/2022\/08\/plafon-led-36w-dimable-cct-mando-control-factorled-9.jpg","type":"image\/jpeg"}],"twitter_card":"summary_large_image","twitter_misc":{"Dur\u00e9e de lecture estim\u00e9e":"3 minutes"},"schema":{"@context":"https:\/\/schema.org","@graph":[{"@type":"WebPage","@id":"https:\/\/starlediluminacion.com\/de\/product\/decken-led-36w-oulu-dimable-cct-control-steuergerat\/","url":"https:\/\/starlediluminacion.com\/de\/product\/decken-led-36w-oulu-dimable-cct-control-steuergerat\/","name":"Plaf\u00f3n LED 36W OULU - Dimable - CCT + Mando Control - STARLED Iluminacion","isPartOf":{"@id":"https:\/\/starlediluminacion.com\/#website"},"primaryImageOfPage":{"@id":"https:\/\/starlediluminacion.com\/de\/product\/decken-led-36w-oulu-dimable-cct-control-steuergerat\/#primaryimage"},"image":{"@id":"https:\/\/starlediluminacion.com\/de\/product\/decken-led-36w-oulu-dimable-cct-control-steuergerat\/#primaryimage"},"thumbnailUrl":"https:\/\/starlediluminacion.com\/wp-content\/uploads\/2022\/08\/plafon-led-36w-dimable-cct-mando-control-factorled-9.jpg","datePublished":"2022-08-06T10:56:03+00:00","dateModified":"2022-10-23T08:48:25+00:00","breadcrumb":{"@id":"https:\/\/starlediluminacion.com\/de\/product\/decken-led-36w-oulu-dimable-cct-control-steuergerat\/#breadcrumb"},"inLanguage":"fr-FR","potentialAction":[{"@type":"ReadAction","target":["https:\/\/starlediluminacion.com\/de\/product\/decken-led-36w-oulu-dimable-cct-control-steuergerat\/"]}]},{"@type":"ImageObject","inLanguage":"fr-FR","@id":"https:\/\/starlediluminacion.com\/de\/product\/decken-led-36w-oulu-dimable-cct-control-steuergerat\/#primaryimage","url":"https:\/\/starlediluminacion.com\/wp-content\/uploads\/2022\/08\/plafon-led-36w-dimable-cct-mando-control-factorled-9.jpg","contentUrl":"https:\/\/starlediluminacion.com\/wp-content\/uploads\/2022\/08\/plafon-led-36w-dimable-cct-mando-control-factorled-9.jpg","width":1000,"height":1000},{"@type":"BreadcrumbList","@id":"https:\/\/starlediluminacion.com\/de\/product\/decken-led-36w-oulu-dimable-cct-control-steuergerat\/#breadcrumb","itemListElement":[{"@type":"ListItem","position":1,"name":"Portada","item":"https:\/\/starlediluminacion.com\/"},{"@type":"ListItem","position":2,"name":"Shop","item":"https:\/\/starlediluminacion.com\/shop-2\/"},{"@type":"ListItem","position":3,"name":"Plaf\u00f3n LED 36W OULU &#8211; Dimable &#8211; CCT + Mando Control"}]},{"@type":"WebSite","@id":"https:\/\/starlediluminacion.com\/#website","url":"https:\/\/starlediluminacion.com\/","name":"STARLED Iluminacion","description":"","potentialAction":[{"@type":"SearchAction","target":{"@type":"EntryPoint","urlTemplate":"https:\/\/starlediluminacion.com\/?s={search_term_string}"},"query-input":{"@type":"PropertyValueSpecification","valueRequired":true,"valueName":"search_term_string"}}],"inLanguage":"fr-FR"}]}},"_links":{"self":[{"href":"https:\/\/starlediluminacion.com\/fr\/wp-json\/wp\/v3\/product\/2864","targetHints":{"allow":["GET"]}}],"collection":[{"href":"https:\/\/starlediluminacion.com\/fr\/wp-json\/wp\/v3\/product"}],"about":[{"href":"https:\/\/starlediluminacion.com\/fr\/wp-json\/wp\/v2\/types\/product"}],"wp:featuredmedia":[{"embeddable":true,"href":"https:\/\/starlediluminacion.com\/fr\/wp-json\/wp\/v2\/media\/2872"}],"wp:attachment":[{"href":"https:\/\/starlediluminacion.com\/fr\/wp-json\/wp\/v2\/media?parent=2864"}],"wp:term":[{"taxonomy":"product_cat","embeddable":true,"href":"https:\/\/starlediluminacion.com\/fr\/wp-json\/wp\/v2\/product_cat?post=2864"},{"taxonomy":"product_tag","embeddable":true,"href":"https:\/\/starlediluminacion.com\/fr\/wp-json\/wp\/v2\/product_tag?post=2864"}],"curies":[{"name":"wp","href":"https:\/\/api.w.org\/{rel}","templated":true}]}}