{"id":2645,"date":"2022-08-04T21:10:37","date_gmt":"2022-08-04T21:10:37","guid":{"rendered":"https:\/\/starlediluminacion.com\/?post_type=product&#038;p=2645"},"modified":"2022-08-04T21:10:37","modified_gmt":"2022-08-04T21:10:37","slug":"placa-led-slim-cuadrada-15w-acero-inox-cct-osram-chip-duris-e-2835","status":"publish","type":"product","link":"https:\/\/starlediluminacion.com\/fr\/product\/placa-led-slim-cuadrada-15w-acero-inox-cct-osram-chip-duris-e-2835\/","title":{"rendered":"<p>Slim Square LED Panel 15W Acier inoxydable - CCT - OSRAM CHIP DURIS E 2835<\/p>"},"content":{"rendered":"<div class=\"product-info-line\">\n<p id=\"product_reference\"><label>R\u00c9F\u00c9RENCE : SL<span style=\"font-size: 16px;\">90820<\/span><\/label><\/p>\n<div class=\"hidden-xs parrafo\">\n<p>Le pr\u00e9sent&nbsp;<strong>Placa Led cuadrada LED 15W CCT&nbsp;OSRAM CHIP&nbsp;<\/strong>termin\u00e9 en<strong>&nbsp;Acier inoxydable&nbsp;<\/strong> a un design \u00e9l\u00e9gant. Au niveau domestique, il est parfait pour les cuisines et les salles de bains. Parfait pour les restaurants, les magasins, les entreprises et la maison, o\u00f9 l'\u00e9conomie et un bon \u00e9clairage sont les \u00e9l\u00e9ments les plus importants. Fabriqu\u00e9 en aluminium.<\/p>\n<h1>Slim Square LED Panel 15W Acier inoxydable - CCT - OSRAM CHIP DURIS E 2835<\/h1>\n<p dir=\"ltr\">Le pr\u00e9sent&nbsp;<strong>Lumi\u00e8re encastr\u00e9e LED<\/strong>&nbsp;de&nbsp;<strong>15W&nbsp;OSRAM CHIP<\/strong>&nbsp;a un angle d'ouverture de&nbsp;<strong>120\u00ba<\/strong>&nbsp;id\u00e9al pour l'\u00e9clairage de tous les types d'\u00e9tablissements commerciaux, tant priv\u00e9s que professionnels.<\/p>\n<p dir=\"ltr\">Il est compos\u00e9 de&nbsp;<strong>acier inoxydable<\/strong>&nbsp;ce qui contribue \u00e0 la durabilit\u00e9 du luminaire.<\/p>\n<p dir=\"ltr\">Gr\u00e2ce \u00e0 son design moderne et attrayant, vous pourrez choisir entre diff\u00e9rents types de d\u00e9coration.<\/p>\n<p dir=\"ltr\">Tous les&nbsp;<strong>Panneaux LED minces<\/strong>&nbsp;s'allument instantan\u00e9ment, ce qui vous permet de profiter de leur \u00e9clairage d\u00e8s le d\u00e9but.<\/p>\n<p dir=\"ltr\">Indice de rendu des couleurs du 80%, qui affiche les couleurs de mani\u00e8re tr\u00e8s naturelle.<\/p>\n<p dir=\"ltr\">La conception de ce type de&nbsp;<strong>projecteur<\/strong>&nbsp;permet de l'installer sur des surfaces peu profondes. Des pattes de fixation sont \u00e9galement pr\u00e9vues sur la plaque pour gagner du temps lors de l'installation.<\/p>\n<p dir=\"ltr\">Commencez \u00e0 profiter d'un \u00e9clairage durable, respectueux de l'environnement et de haute qualit\u00e9.<\/p>\n<p dir=\"ltr\">Nous avons 3 types de temp\u00e9ratures, qui vous fourniront diff\u00e9rentes nuances de lumi\u00e8re. Blanc chaud, Blanc naturel, Blanc froid. Obtenez-les maintenant en toute simplicit\u00e9 dans notre boutique.<\/p>\n<p dir=\"ltr\">\n<\/p><h2 dir=\"ltr\">Usos de la&nbsp;Placa LED Slim Cuadrada 15W Acero Inox &ndash; CCT &ndash; OSRAM CHIP DURIS E 2835<\/h2>\n<ul>\n<li>Centres de loisirs<\/li>\n<li>Magasins<\/li>\n<li>Centres commerciaux<\/li>\n<li>H\u00f4tels<\/li>\n<li>Restaurants<\/li>\n<li>Accueil<\/li>\n<\/ul>\n<h3 class=\"page-product-heading\">DONN\u00c9ES TECHNIQUES<\/h3>\n<div class=\"col-xs-12 col-md-6\">\n<table class=\"table table-data-sheet 1\">\n<tbody>\n<tr class=\"odd\">\n<td valign=\"middle\" width=\"32\"><\/td>\n<td valign=\"middle\">REFERENCE :<\/td>\n<td valign=\"middle\">SL90820<\/td>\n<\/tr>\n<tr class=\"even\">\n<td valign=\"middle\" width=\"32\"><\/td>\n<td valign=\"middle\">Puissance nominale :<\/td>\n<td valign=\"middle\">15w<\/td>\n<\/tr>\n<tr class=\"odd\">\n<td valign=\"middle\" width=\"32\"><\/td>\n<td valign=\"middle\">Tension nominale :<\/td>\n<td valign=\"middle\">85V-265V<\/td>\n<\/tr>\n<tr class=\"even\">\n<td valign=\"middle\" width=\"32\"><\/td>\n<td valign=\"middle\">Temp\u00e9rature de la lumi\u00e8re :<\/td>\n<td valign=\"middle\">COULEUR S\u00c9LECTIONNABLE : 3000K-4000K-6000K<\/td>\n<\/tr>\n<tr class=\"odd\">\n<td valign=\"middle\" width=\"32\"><\/td>\n<td valign=\"middle\">CRI - Indice de rendu des couleurs :<\/td>\n<td valign=\"middle\">85<\/td>\n<\/tr>\n<tr class=\"even\">\n<td valign=\"middle\" width=\"32\"><\/td>\n<td valign=\"middle\">Mat\u00e9riaux de construction :<\/td>\n<td valign=\"middle\">Aluminium +PC<\/td>\n<\/tr>\n<tr class=\"odd\">\n<td valign=\"middle\" width=\"32\"><\/td>\n<td valign=\"middle\">Luminosit\u00e9-Lm :<\/td>\n<td valign=\"middle\">1650Lm<\/td>\n<\/tr>\n<tr class=\"even\">\n<td valign=\"middle\" width=\"32\"><\/td>\n<td valign=\"middle\">Type de DEL :<\/td>\n<td valign=\"middle\">SMD 2835<\/td>\n<\/tr>\n<tr class=\"odd\">\n<td valign=\"middle\" width=\"32\"><\/td>\n<td valign=\"middle\">Angle d'ouverture (\u00ba) :<\/td>\n<td valign=\"middle\">120\u00ba<\/td>\n<\/tr>\n<tr class=\"even\">\n<td valign=\"middle\" width=\"32\"><\/td>\n<td valign=\"middle\">Efficacit\u00e9 de la diode LED (Lm\/W) :<\/td>\n<td valign=\"middle\">140 Lm\/W<\/td>\n<\/tr>\n<tr class=\"odd\">\n<td valign=\"middle\" width=\"32\"><\/td>\n<td valign=\"middle\">Efficacit\u00e9 lumineuse (Lm\/W) :<\/td>\n<td valign=\"middle\">110Lm\/W<\/td>\n<\/tr>\n<\/tbody>\n<\/table>\n<\/div>\n<div class=\"col-xs-12 col-md-6 2\">\n<table class=\"table table-data-sheet 2\">\n<tbody>\n<tr class=\"odd\">\n<td valign=\"middle\" width=\"32\"><\/td>\n<td valign=\"middle\">Certificats :<\/td>\n<td valign=\"middle\">CE - ROHS<\/td>\n<\/tr>\n<tr class=\"even\">\n<td valign=\"middle\" width=\"32\"><\/td>\n<td valign=\"middle\">Dur\u00e9e de vie estim\u00e9e de la diode LED (H) :<\/td>\n<td valign=\"middle\">40.000<\/td>\n<\/tr>\n<tr class=\"odd\">\n<td valign=\"middle\" width=\"32\"><\/td>\n<td valign=\"middle\">Dimensions (mm) :<\/td>\n<td valign=\"middle\">175x175mm H25mm<\/td>\n<\/tr>\n<tr class=\"even\">\n<td valign=\"middle\" width=\"32\"><\/td>\n<td valign=\"middle\">Fr\u00e9quence de travail (Hz) :<\/td>\n<td valign=\"middle\">50\/60Hz<\/td>\n<\/tr>\n<tr class=\"odd\">\n<td valign=\"middle\" width=\"32\"><\/td>\n<td valign=\"middle\">Plage de temp\u00e9rature (\u00baC) :<\/td>\n<td valign=\"middle\">-20\u00b0C ~ +55\u00b0C<\/td>\n<\/tr>\n<tr class=\"even\">\n<td valign=\"middle\" width=\"32\"><\/td>\n<td valign=\"middle\">Cycles d'allumage :<\/td>\n<td valign=\"middle\">100.000<\/td>\n<\/tr>\n<tr class=\"odd\">\n<td valign=\"middle\" width=\"32\"><\/td>\n<td valign=\"middle\">Temps de d\u00e9marrage (s) :<\/td>\n<td valign=\"middle\">0,2s<\/td>\n<\/tr>\n<tr class=\"even\">\n<td valign=\"middle\" width=\"32\"><\/td>\n<td valign=\"middle\">Coupe au plafond (mm) :<\/td>\n<td valign=\"middle\">155x155mm<\/td>\n<\/tr>\n<tr class=\"odd\">\n<td valign=\"middle\" width=\"32\"><\/td>\n<td valign=\"middle\">Pilote inclus :<\/td>\n<td valign=\"middle\">OUI<\/td>\n<\/tr>\n<tr class=\"even\">\n<td valign=\"middle\" width=\"32\"><\/td>\n<td valign=\"middle\">Classe \u00e9nerg\u00e9tique (2021-EU-2019\/2015) :<\/td>\n<td valign=\"middle\">A+<\/td>\n<\/tr>\n<tr class=\"odd\">\n<td valign=\"middle\" width=\"32\"><\/td>\n<td valign=\"middle\">Ann\u00e9es de garantie :<\/td>\n<td valign=\"middle\">3<\/td>\n<\/tr>\n<\/tbody>\n<\/table>\n<\/div>\n<\/div>\n<\/div>","protected":false},"excerpt":{"rendered":"<div class=\"col-md-12\"><i class=\"fa fa-truck\"><\/i>&nbsp;<span class=\"text-muted textprop\">Livraison dans les 24\/48 heures<\/span><div class=\"col-md-12\"><i class=\"fa fa-exchange\"><\/i>&nbsp;<span class=\"text-muted textprop\">Garantie assur\u00e9e<\/span><\/div><div class=\"col-md-12\"><i class=\"fa fa-box\"><\/i>&nbsp;<span class=\"text-muted textprop\">20 unit\u00e9(s) par bo\u00eete \u00e0 outils<\/span><\/div><\/div>","protected":false},"featured_media":2646,"template":"","meta":{"site-sidebar-layout":"default","site-content-layout":"default","ast-global-header-display":"","ast-main-header-display":"","ast-hfb-above-header-display":"","ast-hfb-below-header-display":"","ast-hfb-mobile-header-display":"","site-post-title":"","ast-breadcrumbs-content":"","ast-featured-img":"","footer-sml-layout":"","theme-transparent-header-meta":"default","adv-header-id-meta":"","stick-header-meta":"","header-above-stick-meta":"","header-main-stick-meta":"","header-below-stick-meta":""},"product_cat":[27],"product_tag":[],"class_list":["post-2645","product","type-product","status-publish","has-post-thumbnail","hentry","product_cat-downlight-plafones-y-placas-led"],"yoast_head":"<!-- This site is optimized with the Yoast SEO plugin v27.4 - https:\/\/yoast.com\/product\/yoast-seo-wordpress\/ -->\n<title>Placa LED Slim Cuadrada 15W Acero Inox - CCT - OSRAM CHIP DURIS E 2835 - STARLED Iluminacion<\/title>\n<meta name=\"robots\" content=\"index, follow, max-snippet:-1, max-image-preview:large, max-video-preview:-1\" \/>\n<link rel=\"canonical\" href=\"https:\/\/starlediluminacion.com\/fr\/product\/led-platte-led-schlank-quadrat-15w-acero-inox-cct-osram-chip-duris-e-2835\/\" \/>\n<meta property=\"og:locale\" content=\"fr_FR\" \/>\n<meta property=\"og:type\" content=\"article\" \/>\n<meta property=\"og:title\" content=\"Placa LED Slim Cuadrada 15W Acero Inox - CCT - OSRAM CHIP DURIS E 2835 - STARLED Iluminacion\" \/>\n<meta property=\"og:description\" content=\"\u00a0Entrega en 24\/48 horas \u00a0Garant\u00eda asegurada \u00a020 unidad(es) por Masterbox\" \/>\n<meta property=\"og:url\" content=\"https:\/\/starlediluminacion.com\/fr\/product\/led-platte-led-schlank-quadrat-15w-acero-inox-cct-osram-chip-duris-e-2835\/\" \/>\n<meta property=\"og:site_name\" content=\"STARLED Iluminacion\" \/>\n<meta property=\"og:image\" content=\"https:\/\/starlediluminacion.com\/wp-content\/uploads\/2022\/08\/placa-led-slim-cuadrada-20w-acero-inox-cct-osram-chip-factorled-4.jpg\" \/>\n\t<meta property=\"og:image:width\" content=\"1000\" \/>\n\t<meta property=\"og:image:height\" content=\"1000\" \/>\n\t<meta property=\"og:image:type\" content=\"image\/jpeg\" \/>\n<meta name=\"twitter:card\" content=\"summary_large_image\" \/>\n<meta name=\"twitter:label1\" content=\"Dur\u00e9e de lecture estim\u00e9e\" \/>\n\t<meta name=\"twitter:data1\" content=\"2 minutes\" \/>\n<script type=\"application\/ld+json\" class=\"yoast-schema-graph\">{\"@context\":\"https:\\\/\\\/schema.org\",\"@graph\":[{\"@type\":\"WebPage\",\"@id\":\"https:\\\/\\\/starlediluminacion.com\\\/de\\\/product\\\/led-platte-led-schlank-quadrat-15w-acero-inox-cct-osram-chip-duris-e-2835\\\/\",\"url\":\"https:\\\/\\\/starlediluminacion.com\\\/de\\\/product\\\/led-platte-led-schlank-quadrat-15w-acero-inox-cct-osram-chip-duris-e-2835\\\/\",\"name\":\"Placa LED Slim Cuadrada 15W Acero Inox - CCT - OSRAM CHIP DURIS E 2835 - STARLED Iluminacion\",\"isPartOf\":{\"@id\":\"https:\\\/\\\/starlediluminacion.com\\\/#website\"},\"primaryImageOfPage\":{\"@id\":\"https:\\\/\\\/starlediluminacion.com\\\/de\\\/product\\\/led-platte-led-schlank-quadrat-15w-acero-inox-cct-osram-chip-duris-e-2835\\\/#primaryimage\"},\"image\":{\"@id\":\"https:\\\/\\\/starlediluminacion.com\\\/de\\\/product\\\/led-platte-led-schlank-quadrat-15w-acero-inox-cct-osram-chip-duris-e-2835\\\/#primaryimage\"},\"thumbnailUrl\":\"https:\\\/\\\/starlediluminacion.com\\\/wp-content\\\/uploads\\\/2022\\\/08\\\/placa-led-slim-cuadrada-20w-acero-inox-cct-osram-chip-factorled-4.jpg\",\"datePublished\":\"2022-08-04T21:10:37+00:00\",\"breadcrumb\":{\"@id\":\"https:\\\/\\\/starlediluminacion.com\\\/de\\\/product\\\/led-platte-led-schlank-quadrat-15w-acero-inox-cct-osram-chip-duris-e-2835\\\/#breadcrumb\"},\"inLanguage\":\"fr-FR\",\"potentialAction\":[{\"@type\":\"ReadAction\",\"target\":[\"https:\\\/\\\/starlediluminacion.com\\\/de\\\/product\\\/led-platte-led-schlank-quadrat-15w-acero-inox-cct-osram-chip-duris-e-2835\\\/\"]}]},{\"@type\":\"ImageObject\",\"inLanguage\":\"fr-FR\",\"@id\":\"https:\\\/\\\/starlediluminacion.com\\\/de\\\/product\\\/led-platte-led-schlank-quadrat-15w-acero-inox-cct-osram-chip-duris-e-2835\\\/#primaryimage\",\"url\":\"https:\\\/\\\/starlediluminacion.com\\\/wp-content\\\/uploads\\\/2022\\\/08\\\/placa-led-slim-cuadrada-20w-acero-inox-cct-osram-chip-factorled-4.jpg\",\"contentUrl\":\"https:\\\/\\\/starlediluminacion.com\\\/wp-content\\\/uploads\\\/2022\\\/08\\\/placa-led-slim-cuadrada-20w-acero-inox-cct-osram-chip-factorled-4.jpg\",\"width\":1000,\"height\":1000},{\"@type\":\"BreadcrumbList\",\"@id\":\"https:\\\/\\\/starlediluminacion.com\\\/de\\\/product\\\/led-platte-led-schlank-quadrat-15w-acero-inox-cct-osram-chip-duris-e-2835\\\/#breadcrumb\",\"itemListElement\":[{\"@type\":\"ListItem\",\"position\":1,\"name\":\"Portada\",\"item\":\"https:\\\/\\\/starlediluminacion.com\\\/\"},{\"@type\":\"ListItem\",\"position\":2,\"name\":\"Shop\",\"item\":\"https:\\\/\\\/starlediluminacion.com\\\/shop-2\\\/\"},{\"@type\":\"ListItem\",\"position\":3,\"name\":\"Placa LED Slim Cuadrada 15W Acero Inox &#8211; CCT &#8211; OSRAM CHIP DURIS E 2835\"}]},{\"@type\":\"WebSite\",\"@id\":\"https:\\\/\\\/starlediluminacion.com\\\/#website\",\"url\":\"https:\\\/\\\/starlediluminacion.com\\\/\",\"name\":\"STARLED Iluminacion\",\"description\":\"\",\"potentialAction\":[{\"@type\":\"SearchAction\",\"target\":{\"@type\":\"EntryPoint\",\"urlTemplate\":\"https:\\\/\\\/starlediluminacion.com\\\/?s={search_term_string}\"},\"query-input\":{\"@type\":\"PropertyValueSpecification\",\"valueRequired\":true,\"valueName\":\"search_term_string\"}}],\"inLanguage\":\"fr-FR\"}]}<\/script>\n<!-- \/ Yoast SEO plugin. -->","yoast_head_json":{"title":"Placa LED Slim Cuadrada 15W Acero Inox - CCT - OSRAM CHIP DURIS E 2835 - STARLED Iluminacion","robots":{"index":"index","follow":"follow","max-snippet":"max-snippet:-1","max-image-preview":"max-image-preview:large","max-video-preview":"max-video-preview:-1"},"canonical":"https:\/\/starlediluminacion.com\/fr\/product\/led-platte-led-schlank-quadrat-15w-acero-inox-cct-osram-chip-duris-e-2835\/","og_locale":"fr_FR","og_type":"article","og_title":"Placa LED Slim Cuadrada 15W Acero Inox - CCT - OSRAM CHIP DURIS E 2835 - STARLED Iluminacion","og_description":"\u00a0Entrega en 24\/48 horas \u00a0Garant\u00eda asegurada \u00a020 unidad(es) por Masterbox","og_url":"https:\/\/starlediluminacion.com\/fr\/product\/led-platte-led-schlank-quadrat-15w-acero-inox-cct-osram-chip-duris-e-2835\/","og_site_name":"STARLED Iluminacion","og_image":[{"width":1000,"height":1000,"url":"https:\/\/starlediluminacion.com\/wp-content\/uploads\/2022\/08\/placa-led-slim-cuadrada-20w-acero-inox-cct-osram-chip-factorled-4.jpg","type":"image\/jpeg"}],"twitter_card":"summary_large_image","twitter_misc":{"Dur\u00e9e de lecture estim\u00e9e":"2 minutes"},"schema":{"@context":"https:\/\/schema.org","@graph":[{"@type":"WebPage","@id":"https:\/\/starlediluminacion.com\/de\/product\/led-platte-led-schlank-quadrat-15w-acero-inox-cct-osram-chip-duris-e-2835\/","url":"https:\/\/starlediluminacion.com\/de\/product\/led-platte-led-schlank-quadrat-15w-acero-inox-cct-osram-chip-duris-e-2835\/","name":"Placa LED Slim Cuadrada 15W Acero Inox - CCT - OSRAM CHIP DURIS E 2835 - STARLED Iluminacion","isPartOf":{"@id":"https:\/\/starlediluminacion.com\/#website"},"primaryImageOfPage":{"@id":"https:\/\/starlediluminacion.com\/de\/product\/led-platte-led-schlank-quadrat-15w-acero-inox-cct-osram-chip-duris-e-2835\/#primaryimage"},"image":{"@id":"https:\/\/starlediluminacion.com\/de\/product\/led-platte-led-schlank-quadrat-15w-acero-inox-cct-osram-chip-duris-e-2835\/#primaryimage"},"thumbnailUrl":"https:\/\/starlediluminacion.com\/wp-content\/uploads\/2022\/08\/placa-led-slim-cuadrada-20w-acero-inox-cct-osram-chip-factorled-4.jpg","datePublished":"2022-08-04T21:10:37+00:00","breadcrumb":{"@id":"https:\/\/starlediluminacion.com\/de\/product\/led-platte-led-schlank-quadrat-15w-acero-inox-cct-osram-chip-duris-e-2835\/#breadcrumb"},"inLanguage":"fr-FR","potentialAction":[{"@type":"ReadAction","target":["https:\/\/starlediluminacion.com\/de\/product\/led-platte-led-schlank-quadrat-15w-acero-inox-cct-osram-chip-duris-e-2835\/"]}]},{"@type":"ImageObject","inLanguage":"fr-FR","@id":"https:\/\/starlediluminacion.com\/de\/product\/led-platte-led-schlank-quadrat-15w-acero-inox-cct-osram-chip-duris-e-2835\/#primaryimage","url":"https:\/\/starlediluminacion.com\/wp-content\/uploads\/2022\/08\/placa-led-slim-cuadrada-20w-acero-inox-cct-osram-chip-factorled-4.jpg","contentUrl":"https:\/\/starlediluminacion.com\/wp-content\/uploads\/2022\/08\/placa-led-slim-cuadrada-20w-acero-inox-cct-osram-chip-factorled-4.jpg","width":1000,"height":1000},{"@type":"BreadcrumbList","@id":"https:\/\/starlediluminacion.com\/de\/product\/led-platte-led-schlank-quadrat-15w-acero-inox-cct-osram-chip-duris-e-2835\/#breadcrumb","itemListElement":[{"@type":"ListItem","position":1,"name":"Portada","item":"https:\/\/starlediluminacion.com\/"},{"@type":"ListItem","position":2,"name":"Shop","item":"https:\/\/starlediluminacion.com\/shop-2\/"},{"@type":"ListItem","position":3,"name":"Placa LED Slim Cuadrada 15W Acero Inox &#8211; CCT &#8211; OSRAM CHIP DURIS E 2835"}]},{"@type":"WebSite","@id":"https:\/\/starlediluminacion.com\/#website","url":"https:\/\/starlediluminacion.com\/","name":"STARLED Iluminacion","description":"","potentialAction":[{"@type":"SearchAction","target":{"@type":"EntryPoint","urlTemplate":"https:\/\/starlediluminacion.com\/?s={search_term_string}"},"query-input":{"@type":"PropertyValueSpecification","valueRequired":true,"valueName":"search_term_string"}}],"inLanguage":"fr-FR"}]}},"_links":{"self":[{"href":"https:\/\/starlediluminacion.com\/fr\/wp-json\/wp\/v3\/product\/2645","targetHints":{"allow":["GET"]}}],"collection":[{"href":"https:\/\/starlediluminacion.com\/fr\/wp-json\/wp\/v3\/product"}],"about":[{"href":"https:\/\/starlediluminacion.com\/fr\/wp-json\/wp\/v2\/types\/product"}],"wp:featuredmedia":[{"embeddable":true,"href":"https:\/\/starlediluminacion.com\/fr\/wp-json\/wp\/v2\/media\/2646"}],"wp:attachment":[{"href":"https:\/\/starlediluminacion.com\/fr\/wp-json\/wp\/v2\/media?parent=2645"}],"wp:term":[{"taxonomy":"product_cat","embeddable":true,"href":"https:\/\/starlediluminacion.com\/fr\/wp-json\/wp\/v2\/product_cat?post=2645"},{"taxonomy":"product_tag","embeddable":true,"href":"https:\/\/starlediluminacion.com\/fr\/wp-json\/wp\/v2\/product_tag?post=2645"}],"curies":[{"name":"wp","href":"https:\/\/api.w.org\/{rel}","templated":true}]}}