{"id":2609,"date":"2022-08-04T20:49:06","date_gmt":"2022-08-04T20:49:06","guid":{"rendered":"https:\/\/starlediluminacion.com\/?post_type=product&#038;p=2609"},"modified":"2022-08-04T20:49:06","modified_gmt":"2022-08-04T20:49:06","slug":"placa-led-circular-20w-con-detector-de-movimiento-cct-osram-chip","status":"publish","type":"product","link":"https:\/\/starlediluminacion.com\/fr\/product\/led-circular-plate-20w-with-motion-detector-cct-osram-chip\/","title":{"rendered":"<p>Panneau circulaire LED 20W avec d\u00e9tecteur de mouvement - CCT - OSRAM CHIP<\/p>"},"content":{"rendered":"<div class=\"product-info-line\">\n<p id=\"product_reference\"><label>R\u00c9F\u00c9RENCE : SL<span style=\"font-size: 16px;\">90813-CCT<\/span><\/label><\/p>\n<p><strong>OSRAM CHIP LED Board&nbsp;<\/strong>DURIS E 2835 avec<strong>&nbsp;Capteur de mouvement,&nbsp;<\/strong>peut \u00eatre r\u00e9gl\u00e9 pour s'allumer en fonction de la lumi\u00e8re ext\u00e9rieure (toute la journ\u00e9e, au cr\u00e9puscule ou dans l'obscurit\u00e9 totale), en outre, il peut \u00eatre r\u00e9gl\u00e9 pour s'allumer en fonction de la lumi\u00e8re ext\u00e9rieure (toute la journ\u00e9e, au cr\u00e9puscule ou dans l'obscurit\u00e9 totale).&nbsp;<strong>projecteur<\/strong>&nbsp;peut r\u00e9gler le temps d'allumage en fonction des besoins.<\/p>\n<p>Fabriqu\u00e9 en aluminium + PMMA, avec une finition blanche et une puissance de&nbsp;<strong>20W<\/strong>&nbsp;est un produit sp\u00e9cialement con\u00e7u pour les zones de transit. Il a une gamme de&nbsp;<strong>de 6 m\u00e8tres.&nbsp;<\/strong>&nbsp;Il se caract\u00e9rise par&nbsp;<strong>D\u00e9tecteur de pr\u00e9sence<\/strong>&nbsp;et Luminosit\u00e9.<\/p>\n<h1>Panneau circulaire LED 20W avec d\u00e9tecteur de mouvement - CCT - OSRAM CHIP<\/h1>\n<p><strong>Plaque LED CCT avec d\u00e9tecteur de mouvement<\/strong>&nbsp;LED en aluminium + PMMA. Avec une finition blanche et une puissance de&nbsp;<strong>20W<\/strong>&nbsp;est un produit sp\u00e9cialement con\u00e7u pour la d\u00e9tection des passages. Il dispose d'une gamme de&nbsp;<strong>port\u00e9e de 6 m\u00e8tres<\/strong>&nbsp;et une dur\u00e9e de fonctionnement de&nbsp;<strong>D\u00e9tection 30-45-300 secondes<\/strong>. Le capteur est activ\u00e9 d\u00e8s qu'un mouvement est d\u00e9tect\u00e9.<\/p>\n<p>Gr\u00e2ce \u00e0 ses 3 options de&nbsp;<strong>d\u00e9tecteur<\/strong>&nbsp;de&nbsp;<strong>luminosit\u00e9<\/strong>Le d\u00e9tecteur peut \u00eatre r\u00e9gl\u00e9 pour fonctionner selon vos besoins. Le d\u00e9tecteur permet \u00e9galement 3 r\u00e9glages de temps : 15 secondes - 45 secondes - 5 minutes.<\/p>\n<p>L'int\u00e9rieur comprend des LED&nbsp;<strong>Puce OSRAM<\/strong>&nbsp;haute luminosit\u00e9 pour obtenir un \u00e9clairage de qualit\u00e9, gr\u00e2ce \u00e0 sa grande r\u00e9sistance le spot a une plus grande durabilit\u00e9 atteignant 100.000 cycles d'allumage en m\u00eame temps que l'on obtient un grand confort d'utilisation.&nbsp;<strong>\u00e9conomie d'\u00e9nergie<\/strong>&nbsp;sur vos factures d'\u00e9lectricit\u00e9.<\/p>\n<p>Ce produit est dot\u00e9 d'une protection&nbsp;<strong>IP40<\/strong>Il s'agit donc d'un produit destin\u00e9 \u00e0 une utilisation en int\u00e9rieur. Avec son angle primaire de&nbsp;<strong>120\u00ba<\/strong>&nbsp;Une lumi\u00e8re uniforme est obtenue dans n'importe quel espace, cr\u00e9ant une ambiance uniforme.<\/p>\n<p>&nbsp;<\/p>\n<h2>Utilisations du panneau LED circulaire 20W avec d\u00e9tecteur de mouvement - CCT - OSRAM CHIP<\/h2>\n<ul>\n<li>\u00c9clairage domestique : salles de bains, cuisines, couloirs, salons.<\/li>\n<li>\u00c9clairage professionnel : salles de bains, halls, bureaux.<\/li>\n<li>\u00c9clairage commercial : centres commerciaux et petits magasins.<\/li>\n<\/ul>\n<p>Plafond circulaire 20W avec d\u00e9tecteur de mouvement<\/p>\n<h3 class=\"page-product-heading\">DONN\u00c9ES TECHNIQUES<\/h3>\n<div class=\"col-xs-12 col-md-6\">\n<table class=\"table table-data-sheet 1\">\n<tbody>\n<tr class=\"odd\">\n<td valign=\"middle\" width=\"32\"><\/td>\n<td valign=\"middle\">REFERENCE :<\/td>\n<td valign=\"middle\">SL90813-CCT<\/td>\n<\/tr>\n<tr class=\"even\">\n<td valign=\"middle\" width=\"32\"><\/td>\n<td valign=\"middle\">Puissance nominale :<\/td>\n<td valign=\"middle\">20w<\/td>\n<\/tr>\n<tr class=\"odd\">\n<td valign=\"middle\" width=\"32\"><\/td>\n<td valign=\"middle\">Tension nominale :<\/td>\n<td valign=\"middle\">85V-265V<\/td>\n<\/tr>\n<tr class=\"even\">\n<td valign=\"middle\" width=\"32\"><\/td>\n<td valign=\"middle\">Temp\u00e9rature de la lumi\u00e8re :<\/td>\n<td valign=\"middle\">COULEUR S\u00c9LECTIONNABLE : 3000K-4000K-6000K<\/td>\n<\/tr>\n<tr class=\"odd\">\n<td valign=\"middle\" width=\"32\"><\/td>\n<td valign=\"middle\">CRI - Indice de rendu des couleurs :<\/td>\n<td valign=\"middle\">85<\/td>\n<\/tr>\n<tr class=\"even\">\n<td valign=\"middle\" width=\"32\"><\/td>\n<td valign=\"middle\">Mat\u00e9riaux de construction :<\/td>\n<td valign=\"middle\">Aluminium +PC<\/td>\n<\/tr>\n<tr class=\"odd\">\n<td valign=\"middle\" width=\"32\"><\/td>\n<td valign=\"middle\">Luminosit\u00e9-Lm :<\/td>\n<td valign=\"middle\">2200<\/td>\n<\/tr>\n<tr class=\"even\">\n<td valign=\"middle\" width=\"32\"><\/td>\n<td valign=\"middle\">Type de DEL :<\/td>\n<td valign=\"middle\">SMD 2835<\/td>\n<\/tr>\n<tr class=\"odd\">\n<td valign=\"middle\" width=\"32\"><\/td>\n<td valign=\"middle\">Angle d'ouverture (\u00ba) :<\/td>\n<td valign=\"middle\">120\u00ba<\/td>\n<\/tr>\n<tr class=\"even\">\n<td valign=\"middle\" width=\"32\"><\/td>\n<td valign=\"middle\">Efficacit\u00e9 de la diode LED (Lm\/W) :<\/td>\n<td valign=\"middle\">140 Lm\/W<\/td>\n<\/tr>\n<tr class=\"odd\">\n<td valign=\"middle\" width=\"32\"><\/td>\n<td valign=\"middle\">Efficacit\u00e9 lumineuse (Lm\/W) :<\/td>\n<td valign=\"middle\">110 Lm\/W<\/td>\n<\/tr>\n<tr class=\"even\">\n<td valign=\"middle\" width=\"32\"><\/td>\n<td valign=\"middle\">Certificats :<\/td>\n<td valign=\"middle\">CE - ROHS<\/td>\n<\/tr>\n<tr class=\"odd\">\n<td valign=\"middle\" width=\"32\"><\/td>\n<td valign=\"middle\">Dur\u00e9e de vie estim\u00e9e de la diode LED (H) :<\/td>\n<td valign=\"middle\">40.000<\/td>\n<\/tr>\n<\/tbody>\n<\/table>\n<\/div>\n<div class=\"col-xs-12 col-md-6 2\">\n<table class=\"table table-data-sheet 2\">\n<tbody>\n<tr class=\"odd\">\n<td valign=\"middle\" width=\"32\"><\/td>\n<td valign=\"middle\">Dimensions (mm) :<\/td>\n<td valign=\"middle\">\u00d8225mm H25mm<\/td>\n<\/tr>\n<tr class=\"even\">\n<td valign=\"middle\" width=\"32\"><\/td>\n<td valign=\"middle\">Fr\u00e9quence de travail (Hz) :<\/td>\n<td valign=\"middle\">50\/60Hz<\/td>\n<\/tr>\n<tr class=\"odd\">\n<td valign=\"middle\" width=\"32\"><\/td>\n<td valign=\"middle\">Plage de temp\u00e9rature (\u00baC) :<\/td>\n<td valign=\"middle\">-20\u00b0C ~ +55\u00b0C<\/td>\n<\/tr>\n<tr class=\"even\">\n<td valign=\"middle\" width=\"32\"><\/td>\n<td valign=\"middle\">Cycles d'allumage :<\/td>\n<td valign=\"middle\">100.000<\/td>\n<\/tr>\n<tr class=\"odd\">\n<td valign=\"middle\" width=\"32\"><\/td>\n<td valign=\"middle\">Temps de d\u00e9marrage (s) :<\/td>\n<td valign=\"middle\">0,2s<\/td>\n<\/tr>\n<tr class=\"even\">\n<td valign=\"middle\" width=\"32\"><\/td>\n<td valign=\"middle\">Coupe au plafond (mm) :<\/td>\n<td valign=\"middle\">\u00d8210mm<\/td>\n<\/tr>\n<tr class=\"odd\">\n<td valign=\"middle\" width=\"32\"><\/td>\n<td valign=\"middle\">Modes de contr\u00f4le :<\/td>\n<td valign=\"middle\">INFRAROUGE<\/td>\n<\/tr>\n<tr class=\"even\">\n<td valign=\"middle\" width=\"32\"><\/td>\n<td valign=\"middle\">Pilote inclus :<\/td>\n<td valign=\"middle\">OUI<\/td>\n<\/tr>\n<tr class=\"odd\">\n<td valign=\"middle\" width=\"32\"><\/td>\n<td valign=\"middle\">Classe \u00e9nerg\u00e9tique (2021-EU-2019\/2015) :<\/td>\n<td valign=\"middle\">A+<\/td>\n<\/tr>\n<tr class=\"even\">\n<td valign=\"middle\" width=\"32\"><\/td>\n<td valign=\"middle\">Classe \u00e9nerg\u00e9tique (2023 - EU-2019\/2015) :<\/td>\n<td valign=\"middle\">F<\/td>\n<\/tr>\n<tr class=\"odd\">\n<td valign=\"middle\" width=\"32\"><\/td>\n<td valign=\"middle\">Ann\u00e9es de garantie :<\/td>\n<td valign=\"middle\">3<\/td>\n<\/tr>\n<tr class=\"even\">\n<td valign=\"middle\" width=\"32\"><\/td>\n<td valign=\"middle\">Port\u00e9e (m) :<\/td>\n<td valign=\"middle\">6 m.<\/td>\n<\/tr>\n<tr class=\"odd\">\n<td valign=\"middle\" width=\"32\"><\/td>\n<td valign=\"middle\">Dur\u00e9e de mise en marche :<\/td>\n<td valign=\"middle\">Programmable : 15 secondes - 45 secondes - 5 minutes<\/td>\n<\/tr>\n<\/tbody>\n<\/table>\n<\/div>\n<\/div>","protected":false},"excerpt":{"rendered":"<div class=\"col-md-12\"><i class=\"fa fa-truck\"><\/i>&nbsp;<span class=\"text-muted textprop\">Livraison dans les 24\/48 heures<\/span><div class=\"col-md-12\"><i class=\"fa fa-exchange\"><\/i>&nbsp;<span class=\"text-muted textprop\">Garantie assur\u00e9e<\/span><\/div><div class=\"col-md-12\"><i class=\"fa fa-box\"><\/i>&nbsp;<span class=\"text-muted textprop\">20 unit\u00e9(s) par bo\u00eete \u00e0 outils<\/span><\/div><\/div>","protected":false},"featured_media":2620,"template":"","meta":{"site-sidebar-layout":"default","site-content-layout":"default","ast-global-header-display":"","ast-main-header-display":"","ast-hfb-above-header-display":"","ast-hfb-below-header-display":"","ast-hfb-mobile-header-display":"","site-post-title":"","ast-breadcrumbs-content":"","ast-featured-img":"","footer-sml-layout":"","theme-transparent-header-meta":"default","adv-header-id-meta":"","stick-header-meta":"","header-above-stick-meta":"","header-main-stick-meta":"","header-below-stick-meta":""},"product_cat":[27],"product_tag":[],"class_list":["post-2609","product","type-product","status-publish","has-post-thumbnail","hentry","product_cat-downlight-plafones-y-placas-led"],"yoast_head":"<!-- This site is optimized with the Yoast SEO plugin v27.4 - https:\/\/yoast.com\/product\/yoast-seo-wordpress\/ -->\n<title>Placa LED Circular 20W con Detector de Movimiento - CCT - OSRAM CHIP - STARLED Iluminacion<\/title>\n<meta name=\"robots\" content=\"index, follow, max-snippet:-1, max-image-preview:large, max-video-preview:-1\" \/>\n<link rel=\"canonical\" href=\"https:\/\/starlediluminacion.com\/fr\/product\/led-circular-plate-20w-with-motion-detector-cct-osram-chip\/\" \/>\n<meta property=\"og:locale\" content=\"fr_FR\" \/>\n<meta property=\"og:type\" content=\"article\" \/>\n<meta property=\"og:title\" content=\"Placa LED Circular 20W con Detector de Movimiento - CCT - OSRAM CHIP - STARLED Iluminacion\" \/>\n<meta property=\"og:description\" content=\"\u00a0Entrega en 24\/48 horas \u00a0Garant\u00eda asegurada \u00a020 unidad(es) por Masterbox\" \/>\n<meta property=\"og:url\" content=\"https:\/\/starlediluminacion.com\/fr\/product\/led-circular-plate-20w-with-motion-detector-cct-osram-chip\/\" \/>\n<meta property=\"og:site_name\" content=\"STARLED Iluminacion\" \/>\n<meta property=\"og:image\" content=\"https:\/\/starlediluminacion.com\/wp-content\/uploads\/2022\/08\/placa-slim-led-circular-20w-osram-chip-factorled-9.jpg\" \/>\n\t<meta property=\"og:image:width\" content=\"1000\" \/>\n\t<meta property=\"og:image:height\" content=\"1000\" \/>\n\t<meta property=\"og:image:type\" content=\"image\/jpeg\" \/>\n<meta name=\"twitter:card\" content=\"summary_large_image\" \/>\n<meta name=\"twitter:label1\" content=\"Dur\u00e9e de lecture estim\u00e9e\" \/>\n\t<meta name=\"twitter:data1\" content=\"2 minutes\" \/>\n<script type=\"application\/ld+json\" class=\"yoast-schema-graph\">{\"@context\":\"https:\\\/\\\/schema.org\",\"@graph\":[{\"@type\":\"WebPage\",\"@id\":\"https:\\\/\\\/starlediluminacion.com\\\/producto\\\/placa-led-circular-20w-con-detector-de-movimiento-cct-osram-chip\\\/\",\"url\":\"https:\\\/\\\/starlediluminacion.com\\\/producto\\\/placa-led-circular-20w-con-detector-de-movimiento-cct-osram-chip\\\/\",\"name\":\"Placa LED Circular 20W con Detector de Movimiento - CCT - OSRAM CHIP - STARLED Iluminacion\",\"isPartOf\":{\"@id\":\"https:\\\/\\\/starlediluminacion.com\\\/#website\"},\"primaryImageOfPage\":{\"@id\":\"https:\\\/\\\/starlediluminacion.com\\\/producto\\\/placa-led-circular-20w-con-detector-de-movimiento-cct-osram-chip\\\/#primaryimage\"},\"image\":{\"@id\":\"https:\\\/\\\/starlediluminacion.com\\\/producto\\\/placa-led-circular-20w-con-detector-de-movimiento-cct-osram-chip\\\/#primaryimage\"},\"thumbnailUrl\":\"https:\\\/\\\/starlediluminacion.com\\\/wp-content\\\/uploads\\\/2022\\\/08\\\/placa-slim-led-circular-20w-osram-chip-factorled-9.jpg\",\"datePublished\":\"2022-08-04T20:49:06+00:00\",\"breadcrumb\":{\"@id\":\"https:\\\/\\\/starlediluminacion.com\\\/producto\\\/placa-led-circular-20w-con-detector-de-movimiento-cct-osram-chip\\\/#breadcrumb\"},\"inLanguage\":\"fr-FR\",\"potentialAction\":[{\"@type\":\"ReadAction\",\"target\":[\"https:\\\/\\\/starlediluminacion.com\\\/producto\\\/placa-led-circular-20w-con-detector-de-movimiento-cct-osram-chip\\\/\"]}]},{\"@type\":\"ImageObject\",\"inLanguage\":\"fr-FR\",\"@id\":\"https:\\\/\\\/starlediluminacion.com\\\/producto\\\/placa-led-circular-20w-con-detector-de-movimiento-cct-osram-chip\\\/#primaryimage\",\"url\":\"https:\\\/\\\/starlediluminacion.com\\\/wp-content\\\/uploads\\\/2022\\\/08\\\/placa-slim-led-circular-20w-osram-chip-factorled-9.jpg\",\"contentUrl\":\"https:\\\/\\\/starlediluminacion.com\\\/wp-content\\\/uploads\\\/2022\\\/08\\\/placa-slim-led-circular-20w-osram-chip-factorled-9.jpg\",\"width\":1000,\"height\":1000},{\"@type\":\"BreadcrumbList\",\"@id\":\"https:\\\/\\\/starlediluminacion.com\\\/producto\\\/placa-led-circular-20w-con-detector-de-movimiento-cct-osram-chip\\\/#breadcrumb\",\"itemListElement\":[{\"@type\":\"ListItem\",\"position\":1,\"name\":\"Portada\",\"item\":\"https:\\\/\\\/starlediluminacion.com\\\/\"},{\"@type\":\"ListItem\",\"position\":2,\"name\":\"Shop\",\"item\":\"https:\\\/\\\/starlediluminacion.com\\\/shop-2\\\/\"},{\"@type\":\"ListItem\",\"position\":3,\"name\":\"Placa LED Circular 20W con Detector de Movimiento &#8211; CCT &#8211; OSRAM CHIP\"}]},{\"@type\":\"WebSite\",\"@id\":\"https:\\\/\\\/starlediluminacion.com\\\/#website\",\"url\":\"https:\\\/\\\/starlediluminacion.com\\\/\",\"name\":\"STARLED Iluminacion\",\"description\":\"\",\"potentialAction\":[{\"@type\":\"SearchAction\",\"target\":{\"@type\":\"EntryPoint\",\"urlTemplate\":\"https:\\\/\\\/starlediluminacion.com\\\/?s={search_term_string}\"},\"query-input\":{\"@type\":\"PropertyValueSpecification\",\"valueRequired\":true,\"valueName\":\"search_term_string\"}}],\"inLanguage\":\"fr-FR\"}]}<\/script>\n<!-- \/ Yoast SEO plugin. -->","yoast_head_json":{"title":"Placa LED Circular 20W con Detector de Movimiento - CCT - OSRAM CHIP - STARLED Iluminacion","robots":{"index":"index","follow":"follow","max-snippet":"max-snippet:-1","max-image-preview":"max-image-preview:large","max-video-preview":"max-video-preview:-1"},"canonical":"https:\/\/starlediluminacion.com\/fr\/product\/led-circular-plate-20w-with-motion-detector-cct-osram-chip\/","og_locale":"fr_FR","og_type":"article","og_title":"Placa LED Circular 20W con Detector de Movimiento - CCT - OSRAM CHIP - STARLED Iluminacion","og_description":"\u00a0Entrega en 24\/48 horas \u00a0Garant\u00eda asegurada \u00a020 unidad(es) por Masterbox","og_url":"https:\/\/starlediluminacion.com\/fr\/product\/led-circular-plate-20w-with-motion-detector-cct-osram-chip\/","og_site_name":"STARLED Iluminacion","og_image":[{"width":1000,"height":1000,"url":"https:\/\/starlediluminacion.com\/wp-content\/uploads\/2022\/08\/placa-slim-led-circular-20w-osram-chip-factorled-9.jpg","type":"image\/jpeg"}],"twitter_card":"summary_large_image","twitter_misc":{"Dur\u00e9e de lecture estim\u00e9e":"2 minutes"},"schema":{"@context":"https:\/\/schema.org","@graph":[{"@type":"WebPage","@id":"https:\/\/starlediluminacion.com\/producto\/placa-led-circular-20w-con-detector-de-movimiento-cct-osram-chip\/","url":"https:\/\/starlediluminacion.com\/producto\/placa-led-circular-20w-con-detector-de-movimiento-cct-osram-chip\/","name":"Placa LED Circular 20W con Detector de Movimiento - CCT - OSRAM CHIP - STARLED Iluminacion","isPartOf":{"@id":"https:\/\/starlediluminacion.com\/#website"},"primaryImageOfPage":{"@id":"https:\/\/starlediluminacion.com\/producto\/placa-led-circular-20w-con-detector-de-movimiento-cct-osram-chip\/#primaryimage"},"image":{"@id":"https:\/\/starlediluminacion.com\/producto\/placa-led-circular-20w-con-detector-de-movimiento-cct-osram-chip\/#primaryimage"},"thumbnailUrl":"https:\/\/starlediluminacion.com\/wp-content\/uploads\/2022\/08\/placa-slim-led-circular-20w-osram-chip-factorled-9.jpg","datePublished":"2022-08-04T20:49:06+00:00","breadcrumb":{"@id":"https:\/\/starlediluminacion.com\/producto\/placa-led-circular-20w-con-detector-de-movimiento-cct-osram-chip\/#breadcrumb"},"inLanguage":"fr-FR","potentialAction":[{"@type":"ReadAction","target":["https:\/\/starlediluminacion.com\/producto\/placa-led-circular-20w-con-detector-de-movimiento-cct-osram-chip\/"]}]},{"@type":"ImageObject","inLanguage":"fr-FR","@id":"https:\/\/starlediluminacion.com\/producto\/placa-led-circular-20w-con-detector-de-movimiento-cct-osram-chip\/#primaryimage","url":"https:\/\/starlediluminacion.com\/wp-content\/uploads\/2022\/08\/placa-slim-led-circular-20w-osram-chip-factorled-9.jpg","contentUrl":"https:\/\/starlediluminacion.com\/wp-content\/uploads\/2022\/08\/placa-slim-led-circular-20w-osram-chip-factorled-9.jpg","width":1000,"height":1000},{"@type":"BreadcrumbList","@id":"https:\/\/starlediluminacion.com\/producto\/placa-led-circular-20w-con-detector-de-movimiento-cct-osram-chip\/#breadcrumb","itemListElement":[{"@type":"ListItem","position":1,"name":"Portada","item":"https:\/\/starlediluminacion.com\/"},{"@type":"ListItem","position":2,"name":"Shop","item":"https:\/\/starlediluminacion.com\/shop-2\/"},{"@type":"ListItem","position":3,"name":"Placa LED Circular 20W con Detector de Movimiento &#8211; CCT &#8211; OSRAM CHIP"}]},{"@type":"WebSite","@id":"https:\/\/starlediluminacion.com\/#website","url":"https:\/\/starlediluminacion.com\/","name":"STARLED Iluminacion","description":"","potentialAction":[{"@type":"SearchAction","target":{"@type":"EntryPoint","urlTemplate":"https:\/\/starlediluminacion.com\/?s={search_term_string}"},"query-input":{"@type":"PropertyValueSpecification","valueRequired":true,"valueName":"search_term_string"}}],"inLanguage":"fr-FR"}]}},"_links":{"self":[{"href":"https:\/\/starlediluminacion.com\/fr\/wp-json\/wp\/v3\/product\/2609","targetHints":{"allow":["GET"]}}],"collection":[{"href":"https:\/\/starlediluminacion.com\/fr\/wp-json\/wp\/v3\/product"}],"about":[{"href":"https:\/\/starlediluminacion.com\/fr\/wp-json\/wp\/v2\/types\/product"}],"wp:featuredmedia":[{"embeddable":true,"href":"https:\/\/starlediluminacion.com\/fr\/wp-json\/wp\/v2\/media\/2620"}],"wp:attachment":[{"href":"https:\/\/starlediluminacion.com\/fr\/wp-json\/wp\/v2\/media?parent=2609"}],"wp:term":[{"taxonomy":"product_cat","embeddable":true,"href":"https:\/\/starlediluminacion.com\/fr\/wp-json\/wp\/v2\/product_cat?post=2609"},{"taxonomy":"product_tag","embeddable":true,"href":"https:\/\/starlediluminacion.com\/fr\/wp-json\/wp\/v2\/product_tag?post=2609"}],"curies":[{"name":"wp","href":"https:\/\/api.w.org\/{rel}","templated":true}]}}