{"id":2457,"date":"2022-08-03T20:07:49","date_gmt":"2022-08-03T20:07:49","guid":{"rendered":"https:\/\/starlediluminacion.com\/?post_type=product&#038;p=2457"},"modified":"2025-10-18T10:25:29","modified_gmt":"2025-10-18T10:25:29","slug":"regleta-estanca-led-20w-philips-driver-coreplus-cct-60cm","status":"publish","type":"product","link":"https:\/\/starlediluminacion.com\/fr\/product\/regleta-estanca-led-20w-philips-driver-coreplus-cct-60cm\/","title":{"rendered":"<p>bande led \u00e9tanche 20w driver coreplus - cct - 60cm<\/p>"},"content":{"rendered":"<div class=\"product-info-line\">\n<p id=\"product_reference\"><label>referencia: slc<span style=\"font-size: 16px;\">rt60-8022cct<\/span><\/label><\/p>\n<div class=\"hidden-xs parrafo\">\n<p><strong>regleta color seleccionable (cct 3000k-4000k-6000k) led integrado con driver  isolated<\/strong><strong>.&nbsp;<\/strong>la cubierta de la regleta es semi transparente fabricada en policarbonato y abs.<\/p>\n<h1><strong>bande led \u00e9tanche 20w driver coreplus - cct - 60cm<\/strong><\/h1>\n<p><strong>la regleta led de 60cm<\/strong>&nbsp;de longueur et&nbsp;<strong>20w&nbsp;<\/strong>de potencia presenta su conexi&oacute;n a un extremo previamente se&ntilde;alizado. se trata de una regleta opal fabricada en pc. su cobertura evita deslumbramientos.<\/p>\n<p>&aacute;ngulo de&nbsp;<strong>120\u00b0<\/strong>&nbsp;avec projection pour une lumi\u00e8re distribu\u00e9e de haute qualit\u00e9.<\/p>\n<p>el material de la cubierta es&nbsp;<strong>makrolon&reg; 2807<\/strong>. es un material de alt&iacute;sima calidad que aguanta temperaturas extremas (280-320&ordm;c) con&nbsp;<strong>certificado rohs y ul<\/strong>.&nbsp;<strong>cumple con la norma iso 7391-pc<\/strong><\/p>\n<p>su conexi&oacute;n directa a 170-265v permite eliminar el gasto que supone usar reactancia y cebador en los dispositivos de iluminaci&oacute;n tradicionales lo que repercute en un mejor rendimiento y vida &uacute;til m&aacute;s duradera.<\/p>\n<p>la regleta est&aacute; compuesto por el<strong>&nbsp;diodo smalite smd-2835 de alta luminosidad, calidad y eficiencia lm\/w,<\/strong><strong>&nbsp;<\/strong>avec&nbsp;<strong>driver  isolated<\/strong>,&nbsp;es un avance tecnol&oacute;gico en&nbsp;<strong>high efficiency<\/strong>Il s'agit d'une option tr\u00e8s int\u00e9ressante pour toutes sortes d'applications int\u00e9rieures.<\/p>\n<p>consigue un mayor ahorro, evita parpadeos de la luz en el encendido de la luminaria y consigue de este modo un encendido instant&aacute;neo con esta regleta led.<\/p>\n<p>&nbsp;<\/p>\n<h2>usos de la&nbsp;regleta estanca led 20w  driver coreplus &ndash; cct &ndash; 60cm<\/h2>\n<ul>\n<li>garajes<\/li>\n<li>couloirs<\/li>\n<li>centros comerciales<\/li>\n<li>hospitales<\/li>\n<li>f&aacute;bricas<\/li>\n<li>almacenes<\/li>\n<\/ul>\n<h3 class=\"page-product-heading\">d\u00e9tails techniques<\/h3>\n<div class=\"col-xs-12 col-md-6\">\n<table class=\"table table-data-sheet 1\">\n<tbody>\n<tr class=\"odd\">\n<td valign=\"middle\" width=\"32\"><\/td>\n<td valign=\"middle\">r\u00e9f\u00e9rence :<\/td>\n<td valign=\"middle\">slcrt60-8022cct<\/td>\n<\/tr>\n<tr class=\"even\">\n<td valign=\"middle\" width=\"32\"><\/td>\n<td valign=\"middle\">Puissance nominale :<\/td>\n<td valign=\"middle\">20w<\/td>\n<\/tr>\n<tr class=\"odd\">\n<td valign=\"middle\" width=\"32\"><\/td>\n<td valign=\"middle\">tension nominale :<\/td>\n<td valign=\"middle\">170 - 265v<\/td>\n<\/tr>\n<tr class=\"even\">\n<td valign=\"middle\" width=\"32\"><\/td>\n<td valign=\"middle\">la temp\u00e9rature de la lumi\u00e8re :<\/td>\n<td valign=\"middle\">couleur s\u00e9lectionnable : 3000k-4000k-6000k<\/td>\n<\/tr>\n<tr class=\"odd\">\n<td valign=\"middle\" width=\"32\"><\/td>\n<td valign=\"middle\">cri -index de reproduction chromatique :<\/td>\n<td valign=\"middle\">85<\/td>\n<\/tr>\n<tr class=\"even\">\n<td valign=\"middle\" width=\"32\"><\/td>\n<td valign=\"middle\">mat\u00e9riau de construction :<\/td>\n<td valign=\"middle\">abs + makrolon\u00ae 2807<\/td>\n<\/tr>\n<tr class=\"odd\">\n<td valign=\"middle\" width=\"32\"><\/td>\n<td valign=\"middle\">luminosit\u00e9-lm :<\/td>\n<td valign=\"middle\">2800<\/td>\n<\/tr>\n<tr class=\"even\">\n<td valign=\"middle\" width=\"32\"><\/td>\n<td valign=\"middle\">type de LED :<\/td>\n<td valign=\"middle\">smd 2835<\/td>\n<\/tr>\n<tr class=\"odd\">\n<td valign=\"middle\" width=\"32\"><\/td>\n<td valign=\"middle\">angle d'ouverture (\u00ba) :<\/td>\n<td valign=\"middle\">150\u00ba<\/td>\n<\/tr>\n<tr class=\"even\">\n<td valign=\"middle\" width=\"32\"><\/td>\n<td valign=\"middle\">efficacit\u00e9 des diodes LED (lm\/w) :<\/td>\n<td valign=\"middle\">160 lm\/w<\/td>\n<\/tr>\n<tr class=\"odd\">\n<td valign=\"middle\" width=\"32\"><\/td>\n<td valign=\"middle\">efficacit\u00e9 lumineuse (lm\/w) :<\/td>\n<td valign=\"middle\">140lm\/w<\/td>\n<\/tr>\n<tr class=\"even\">\n<td valign=\"middle\" width=\"32\"><\/td>\n<td valign=\"middle\">certificats :<\/td>\n<td valign=\"middle\">ce - rohs - emc - ul<\/td>\n<\/tr>\n<\/tbody>\n<\/table>\n<\/div>\n<div class=\"col-xs-12 col-md-6 2\">\n<table class=\"table table-data-sheet 2\">\n<tbody>\n<tr class=\"odd\">\n<td valign=\"middle\" width=\"32\"><\/td>\n<td valign=\"middle\">degr\u00e9 d'ip :<\/td>\n<td valign=\"middle\">ip65-externe<\/td>\n<\/tr>\n<tr class=\"even\">\n<td valign=\"middle\" width=\"32\"><\/td>\n<td valign=\"middle\">dur\u00e9e de vie estim\u00e9e de la diode LED (h) :<\/td>\n<td valign=\"middle\">100.000<\/td>\n<\/tr>\n<tr class=\"odd\">\n<td valign=\"middle\" width=\"32\"><\/td>\n<td valign=\"middle\">dimensions (mm) :<\/td>\n<td valign=\"middle\">l:600 w:70 h:70 mm<\/td>\n<\/tr>\n<tr class=\"even\">\n<td valign=\"middle\" width=\"32\"><\/td>\n<td valign=\"middle\">facteur de puissance (pf) :<\/td>\n<td valign=\"middle\">0.9<\/td>\n<\/tr>\n<tr class=\"odd\">\n<td valign=\"middle\" width=\"32\"><\/td>\n<td valign=\"middle\">fr\u00e9quence de travail (hz) :<\/td>\n<td valign=\"middle\">50\/60hz<\/td>\n<\/tr>\n<tr class=\"even\">\n<td valign=\"middle\" width=\"32\"><\/td>\n<td valign=\"middle\">plage de temp\u00e9rature (\u00baC) :<\/td>\n<td valign=\"middle\">-20\u00b0c ~ +55\u00b0c<\/td>\n<\/tr>\n<tr class=\"odd\">\n<td valign=\"middle\" width=\"32\"><\/td>\n<td valign=\"middle\">les cycles d'allumage :<\/td>\n<td valign=\"middle\">100.000<\/td>\n<\/tr>\n<tr class=\"even\">\n<td valign=\"middle\" width=\"32\"><\/td>\n<td valign=\"middle\">temps de d\u00e9marrage (s) :<\/td>\n<td valign=\"middle\">0,2s<\/td>\n<\/tr>\n<tr class=\"odd\">\n<td valign=\"middle\" width=\"32\"><\/td>\n<td valign=\"middle\">des informations compl\u00e9mentaires :<\/td>\n<td valign=\"middle\">certadrive linear isolated led drivers<\/td>\n<\/tr>\n<tr class=\"even\">\n<td valign=\"middle\" width=\"32\"><\/td>\n<td valign=\"middle\">protection contre les chocs (ik) :<\/td>\n<td valign=\"middle\">ik08<\/td>\n<\/tr>\n<tr class=\"odd\">\n<td valign=\"middle\" width=\"32\"><\/td>\n<td valign=\"middle\">classe \u00e9nerg\u00e9tique (2021-EU-2019\/2015) :<\/td>\n<td valign=\"middle\">a+<\/td>\n<\/tr>\n<tr class=\"even\">\n<td valign=\"middle\" width=\"32\"><\/td>\n<td valign=\"middle\">ann\u00e9es de garantie :<\/td>\n<td valign=\"middle\">3<\/td>\n<\/tr>\n<\/tbody>\n<\/table>\n<\/div>\n<p>&nbsp;<\/p>\n<\/div>\n<div id=\"views_block-1\" class=\"clearfix\">\n<div id=\"thumbs_list\">\n<p>&nbsp;<\/p>\n<\/div>\n<\/div>\n<\/div>","protected":false},"excerpt":{"rendered":"<div class=\"col-md-12\"><i class=\"fa fa-truck\"><\/i>&nbsp;<span class=\"text-muted textprop\">Livraison dans les 24\/48 heures<\/span><div class=\"col-md-12\"><i class=\"fa fa-exchange\"><\/i>&nbsp;<span class=\"text-muted textprop\">Garantie assur\u00e9e<\/span><\/div><div class=\"col-md-12\"><i class=\"fa fa-box\"><\/i>&nbsp;<span class=\"text-muted textprop\">9 unit\u00e9(s) par Masterbox<\/span><\/div><div><\/div><\/div>","protected":false},"featured_media":0,"template":"","meta":{"site-sidebar-layout":"default","site-content-layout":"default","ast-global-header-display":"","ast-main-header-display":"","ast-hfb-above-header-display":"","ast-hfb-below-header-display":"","ast-hfb-mobile-header-display":"","site-post-title":"","ast-breadcrumbs-content":"","ast-featured-img":"","footer-sml-layout":"","theme-transparent-header-meta":"default","adv-header-id-meta":"","stick-header-meta":"","header-above-stick-meta":"","header-main-stick-meta":"","header-below-stick-meta":""},"product_cat":[50,25],"product_tag":[],"class_list":["post-2457","product","type-product","status-publish","hentry","product_cat-pantallas-estancas-y-regletas","product_cat-tubos"],"_links":{"self":[{"href":"https:\/\/starlediluminacion.com\/fr\/wp-json\/wp\/v3\/product\/2457","targetHints":{"allow":["GET"]}}],"collection":[{"href":"https:\/\/starlediluminacion.com\/fr\/wp-json\/wp\/v3\/product"}],"about":[{"href":"https:\/\/starlediluminacion.com\/fr\/wp-json\/wp\/v2\/types\/product"}],"wp:attachment":[{"href":"https:\/\/starlediluminacion.com\/fr\/wp-json\/wp\/v2\/media?parent=2457"}],"wp:term":[{"taxonomy":"product_cat","embeddable":true,"href":"https:\/\/starlediluminacion.com\/fr\/wp-json\/wp\/v2\/product_cat?post=2457"},{"taxonomy":"product_tag","embeddable":true,"href":"https:\/\/starlediluminacion.com\/fr\/wp-json\/wp\/v2\/product_tag?post=2457"}],"curies":[{"name":"wp","href":"https:\/\/api.w.org\/{rel}","templated":true}]}}