{"id":2374,"date":"2022-08-03T18:42:24","date_gmt":"2022-08-03T18:42:24","guid":{"rendered":"https:\/\/starlediluminacion.com\/?post_type=product&#038;p=2374"},"modified":"2022-08-27T12:57:14","modified_gmt":"2022-08-27T12:57:14","slug":"tubo-led-20w-cristal-150cm-300o-alta-luminosidad-osram-chip-2","status":"publish","type":"product","link":"https:\/\/starlediluminacion.com\/fr\/product\/tubo-led-20w-cristal-150cm-300o-alta-luminosidad-osram-chip-2\/","title":{"rendered":"<p>( OUTLET ) Tube LED 20W Cristal 150cm 300\u00ba - HAUTE LUMINOSITE - OSRAM CHIP<\/p>"},"content":{"rendered":"<p><label>R\u00c9F\u00c9RENCE : SL<span style=\"font-size: 16px;\">TBOSR150<\/span><\/label><p>Les<strong>&nbsp;TUBE LED HAUTE LUMINOSIT\u00c9&nbsp;<\/strong>de SMD 2835<strong>&nbsp;OSRAM&nbsp;<\/strong>CHIP 130 Lm\/W<strong>,<\/strong>&nbsp;avec&nbsp;<strong>Facteur de puissance +0,90<\/strong>&nbsp;y&nbsp;<strong>Potencia de 20W<\/strong>&nbsp;est une solution excellente et \u00e9conomique pour le remplacement des tubes fluorescents T8. Inclut un pont de d\u00e9marrage. Pas besoin de modifier l'\u00e9cran, remplacez le d\u00e9marreur par le \"fusible\". Gain de temps et d'argent. Connexion d'un seul c\u00f4t\u00e9.<\/p><h1>Tube LED 20W Crystal 150cm 300\u00ba - HAUTE LUMINOSITE - OSRAM CHIP<\/h1><p>Les&nbsp;<strong>TUBO LED ALTA LUMINOSIDAD&nbsp;T8 de 150cm<\/strong>&nbsp;SMD 2835<strong>&nbsp;OSRAM<\/strong>&nbsp;CHIP 130 Lm\/W et&nbsp;<strong>potencia de 20W<\/strong>&nbsp;est une solution excellente et rentable pour le remplacement des tubes fluorescents T8. Sa connexion directe au r\u00e9seau \u00e9limine la consommation r\u00e9siduelle des ballasts et des selfs, ce qui permet une dur\u00e9e de vie plus longue, des besoins de maintenance r\u00e9duits, un allumage rapide et un effet sans scintillement.<strong>&nbsp;Comprend un d\u00e9marreur LED.<\/strong><\/p><p>Ce tube T8 a&nbsp;<strong>connexion unique<\/strong>qui est s\u00e9rigraphi\u00e9. Pour optimiser la consommation d'\u00e9nergie, il convient de remplacer le starter et de retirer le ballast des anciens tubes fluorescents. Il a&nbsp;<strong>diode&nbsp;<\/strong>SMD 2835 de<strong>&nbsp;OSRAM CHIP de 130Lm\/W&nbsp;&nbsp;<\/strong>et un rev\u00eatement en verre \u00e0 haute transmission lumineuse pour une distribution uniforme de la lumi\u00e8re.&nbsp;<strong>Angle de 300<\/strong>.<\/p><p>Il dispose d'un&nbsp;<strong>facteur de puissance sup\u00e9rieur \u00e0 0,90.&nbsp;<\/strong>Elle fonctionne \u00e0 175-265V et a un IRC sup\u00e9rieur \u00e0 celui de la 80%. Rev\u00eatement opale qui ne produit pas d'\u00e9blouissement. Il dispose \u00e9galement d'une protection contre les courts-circuits et la surchauffe.<\/p><p>R\u00e9alisez de plus grandes \u00e9conomies, \u00e9vitez le scintillement de la lumi\u00e8re lors de l'allumage du luminaire et obtenez ainsi un allumage instantan\u00e9 gr\u00e2ce \u00e0 ce tube LED.<\/p><h2>Usos del&nbsp;Tubo LED 20W Cristal 150cm 300&ordm; &ndash; ALTA LUMINOSIDAD &ndash; OSRAM CHIP<\/h2><ul>\n<li>Cuisines<\/li>\n<li>Magasins<\/li>\n<li>Bureaux<\/li>\n<li>Garages<\/li>\n<\/ul><h3 class=\"page-product-heading\">DONN\u00c9ES TECHNIQUES<\/h3><div class=\"col-xs-12 col-md-6\">\n<table class=\"table table-data-sheet 1\">\n<tbody>\n<tr class=\"odd\">\n<td valign=\"middle\" width=\"32\"><\/td>\n<td valign=\"middle\">REFERENCE :<\/td>\n<td valign=\"middle\">SLTBOSR150<\/td>\n<\/tr>\n<tr class=\"even\">\n<td valign=\"middle\" width=\"32\"><\/td>\n<td valign=\"middle\">Puissance nominale :<\/td>\n<td valign=\"middle\">20w<\/td>\n<\/tr>\n<tr class=\"odd\">\n<td valign=\"middle\" width=\"32\"><\/td>\n<td valign=\"middle\">Tension nominale :<\/td>\n<td valign=\"middle\">175-265V<\/td>\n<\/tr>\n<tr class=\"even\">\n<td valign=\"middle\" width=\"32\"><\/td>\n<td valign=\"middle\">Temp\u00e9rature de la lumi\u00e8re :<\/td>\n<td valign=\"middle\">3000K - 4000K - 6000K<\/td>\n<\/tr>\n<tr class=\"odd\">\n<td valign=\"middle\" width=\"32\"><\/td>\n<td valign=\"middle\">CRI - Indice de rendu des couleurs :<\/td>\n<td valign=\"middle\">80<\/td>\n<\/tr>\n<tr class=\"even\">\n<td valign=\"middle\" width=\"32\"><\/td>\n<td valign=\"middle\">Mat\u00e9riaux de construction :<\/td>\n<td valign=\"middle\">Verre +PC<\/td>\n<\/tr>\n<tr class=\"odd\">\n<td valign=\"middle\" width=\"32\"><\/td>\n<td valign=\"middle\">Luminosit\u00e9-Lm :<\/td>\n<td valign=\"middle\">2600 Lm<\/td>\n<\/tr>\n<tr class=\"even\">\n<td valign=\"middle\" width=\"32\"><\/td>\n<td valign=\"middle\">Type de DEL :<\/td>\n<td valign=\"middle\">SMD DURIS E 2835 OSRAM CHIPLED<\/td>\n<\/tr>\n<tr class=\"odd\">\n<td valign=\"middle\" width=\"32\"><\/td>\n<td valign=\"middle\">Angle d'ouverture (\u00ba) :<\/td>\n<td valign=\"middle\">300\u00ba<\/td>\n<\/tr>\n<tr class=\"even\">\n<td valign=\"middle\" width=\"32\"><\/td>\n<td valign=\"middle\">Efficacit\u00e9 de la diode LED (Lm\/W) :<\/td>\n<td valign=\"middle\">150Lm\/W<\/td>\n<\/tr>\n<tr class=\"odd\">\n<td valign=\"middle\" width=\"32\"><\/td>\n<td valign=\"middle\">Efficacit\u00e9 lumineuse (Lm\/W) :<\/td>\n<td valign=\"middle\">130Lm\/W<\/td>\n<\/tr>\n<tr class=\"even\">\n<td valign=\"middle\" width=\"32\"><\/td>\n<td valign=\"middle\">Douille :<\/td>\n<td valign=\"middle\">T8<\/td>\n<\/tr>\n<\/tbody>\n<\/table>\n<\/div><div class=\"col-xs-12 col-md-6 2\">\n<table class=\"table table-data-sheet 2\">\n<tbody>\n<tr class=\"odd\">\n<td valign=\"middle\" width=\"32\"><\/td>\n<td valign=\"middle\">Certificats :<\/td>\n<td valign=\"middle\">CE - ROHS<\/td>\n<\/tr>\n<tr class=\"even\">\n<td valign=\"middle\" width=\"32\"><\/td>\n<td valign=\"middle\">Indice de protection IP :<\/td>\n<td valign=\"middle\">IP20<\/td>\n<\/tr>\n<tr class=\"odd\">\n<td valign=\"middle\" width=\"32\"><\/td>\n<td valign=\"middle\">Dur\u00e9e de vie estim\u00e9e de la diode LED (H) :<\/td>\n<td valign=\"middle\">30.000<\/td>\n<\/tr>\n<tr class=\"even\">\n<td valign=\"middle\" width=\"32\"><\/td>\n<td valign=\"middle\">Dimensions (mm) :<\/td>\n<td valign=\"middle\">1200x26mm<\/td>\n<\/tr>\n<tr class=\"odd\">\n<td valign=\"middle\" width=\"32\"><\/td>\n<td valign=\"middle\">Facteur de puissance (PF) :<\/td>\n<td valign=\"middle\">0.9<\/td>\n<\/tr>\n<tr class=\"even\">\n<td valign=\"middle\" width=\"32\"><\/td>\n<td valign=\"middle\">Fr\u00e9quence de travail (Hz) :<\/td>\n<td valign=\"middle\">50\/60Hz<\/td>\n<\/tr>\n<tr class=\"odd\">\n<td valign=\"middle\" width=\"32\"><\/td>\n<td valign=\"middle\">Plage de temp\u00e9rature (\u00baC) :<\/td>\n<td valign=\"middle\">-20\u00b0C ~ +55\u00b0C<\/td>\n<\/tr>\n<tr class=\"even\">\n<td valign=\"middle\" width=\"32\"><\/td>\n<td valign=\"middle\">Cycles d'allumage :<\/td>\n<td valign=\"middle\">100.000<\/td>\n<\/tr>\n<tr class=\"odd\">\n<td valign=\"middle\" width=\"32\"><\/td>\n<td valign=\"middle\">Temps de d\u00e9marrage (s) :<\/td>\n<td valign=\"middle\">0,2s<\/td>\n<\/tr>\n<tr class=\"even\">\n<td valign=\"middle\" width=\"32\"><\/td>\n<td valign=\"middle\">Informations compl\u00e9mentaires :<\/td>\n<td valign=\"middle\">Raccordement d'un c\u00f4t\u00e9<\/td>\n<\/tr>\n<tr class=\"odd\">\n<td valign=\"middle\" width=\"32\"><\/td>\n<td valign=\"middle\">Classe \u00e9nerg\u00e9tique (2021-EU-2019\/2015) :<\/td>\n<td valign=\"middle\">A++<\/td>\n<\/tr>\n<tr class=\"even\">\n<td valign=\"middle\" width=\"32\"><\/td>\n<td valign=\"middle\">Ann\u00e9es de garantie :<\/td>\n<td valign=\"middle\">3<\/td>\n<\/tr>\n<\/tbody>\n<\/table>\n<\/div><\/p>","protected":false},"excerpt":{"rendered":"<div class=\"col-md-12\"><i class=\"fa fa-truck\"><\/i>&nbsp;<span class=\"text-muted textprop\">Livraison dans les 24\/48 heures<\/span><div class=\"col-md-12\"><i class=\"fa fa-exchange\"><\/i>&nbsp;<span class=\"text-muted textprop\">Garantie assur\u00e9e<\/span><\/div><div class=\"col-md-12\"><i class=\"fa fa-box\"><\/i><strong>&nbsp;PACK PRO 1\/<span class=\"text-muted textprop\">25\/50\/100\/500 unit\u00e9(s) par Masterbox<\/span><\/strong><\/div><div><strong>TEMP\u00c9RATURE DE COULEUR : 3000K\/4000K\/6000K<\/strong><\/div><\/div>","protected":false},"featured_media":2379,"template":"","meta":{"site-sidebar-layout":"default","site-content-layout":"default","ast-global-header-display":"","ast-main-header-display":"","ast-hfb-above-header-display":"","ast-hfb-below-header-display":"","ast-hfb-mobile-header-display":"","site-post-title":"","ast-breadcrumbs-content":"","ast-featured-img":"","footer-sml-layout":"","theme-transparent-header-meta":"default","adv-header-id-meta":"","stick-header-meta":"","header-above-stick-meta":"","header-main-stick-meta":"","header-below-stick-meta":""},"product_cat":[49,25],"product_tag":[],"class_list":["post-2374","product","type-product","status-publish","has-post-thumbnail","hentry","product_cat-tubos-led-cristal-t8","product_cat-tubos"],"_links":{"self":[{"href":"https:\/\/starlediluminacion.com\/fr\/wp-json\/wp\/v3\/product\/2374","targetHints":{"allow":["GET"]}}],"collection":[{"href":"https:\/\/starlediluminacion.com\/fr\/wp-json\/wp\/v3\/product"}],"about":[{"href":"https:\/\/starlediluminacion.com\/fr\/wp-json\/wp\/v2\/types\/product"}],"wp:featuredmedia":[{"embeddable":true,"href":"https:\/\/starlediluminacion.com\/fr\/wp-json\/wp\/v2\/media\/2379"}],"wp:attachment":[{"href":"https:\/\/starlediluminacion.com\/fr\/wp-json\/wp\/v2\/media?parent=2374"}],"wp:term":[{"taxonomy":"product_cat","embeddable":true,"href":"https:\/\/starlediluminacion.com\/fr\/wp-json\/wp\/v2\/product_cat?post=2374"},{"taxonomy":"product_tag","embeddable":true,"href":"https:\/\/starlediluminacion.com\/fr\/wp-json\/wp\/v2\/product_tag?post=2374"}],"curies":[{"name":"wp","href":"https:\/\/api.w.org\/{rel}","templated":true}]}}