{"id":2346,"date":"2022-08-03T18:16:28","date_gmt":"2022-08-03T18:16:28","guid":{"rendered":"https:\/\/starlediluminacion.com\/?post_type=product&#038;p=2346"},"modified":"2022-12-18T11:00:38","modified_gmt":"2022-12-18T11:00:38","slug":"pack-10-tubo-led-20w-cristal-120cm-t8-170-lm-w-pro-max-lumens-3400lm-no-flick","status":"publish","type":"product","link":"https:\/\/starlediluminacion.com\/fr\/product\/pack-10-tubo-led-20w-cristal-120cm-t8-170-lm-w-pro-max-lumens-3400lm-no-flick\/","title":{"rendered":"<p>PACK 10 - Tube LED 20W Crystal 120cm T8 - 170 Lm\/W - PRO MAX LUMENS - 3400Lm - NO FLICK<\/p>"},"content":{"rendered":"<p><label>R\u00c9F\u00c9RENCE : <span style=\"font-size: 16px;\">SLTBGH20W-90773<\/span><\/label><p>Les<strong>&nbsp;Tubo LED 120cm &ndash; PROFESIONAL &ndash; 3200Lm-&nbsp;<\/strong>SUPER HAUTE LUMINOSIT\u00c9 du SMD 2835 -190 Lm\/W- avec&nbsp;<strong>Facteur de puissance +0,90<\/strong>&nbsp;et le pouvoir de<strong>&nbsp;20W<\/strong>, entrega un rendimiento de 160Lm\/W, lo que supone una excelente y econ&oacute;mica soluci&oacute;n para la sustituci&oacute;n de tubos fluorescentes T8, pudi&eacute;ndolos dejar a la mitad gracias a sus altos l&uacute;menes entregados.<\/p><p>Comprend un cavalier pour le d\u00e9marreur. Pas besoin de modifier l'\u00e9cran, remplacer le starter par le fusible. Gain de temps et d'argent. Connexion d'un seul c\u00f4t\u00e9.&nbsp;<strong>Driver NO Flick (pas de scintillement).&nbsp;<\/strong><\/p><h1>Tubo LED 20W Cristal 120cm T8 &ndash; 160 Lm\/W &ndash; MAX LUMENS &ndash; 3200Lm<\/h1><p>Les&nbsp;<strong>TUBE LED T8 120cm HAUTE LUMINOSITE<\/strong>&nbsp;SMD 2835 - 190 Lm\/W et une puissance de<strong>&nbsp;20W<\/strong>&nbsp;est une solution excellente et rentable pour le remplacement des tubes fluorescents T8. Sa connexion directe au r\u00e9seau \u00e9limine la consommation r\u00e9siduelle des ballasts et des selfs, ce qui permet une dur\u00e9e de vie plus longue, des besoins de maintenance r\u00e9duits, un allumage rapide et un effet sans scintillement.<strong>&nbsp;Comprend un d\u00e9marreur LED.<\/strong><\/p><p>Ce tube T8 a&nbsp;<strong>connexion unique<\/strong>qui est s\u00e9rigraphi\u00e9. Pour optimiser la consommation d'\u00e9nergie, il convient de remplacer l'allumeur et de retirer le ballast des anciens tubes fluorescents.<\/p><p>Notre tube professionnel permet d'atteindre un haut niveau de performance&nbsp;<strong>de 160 Lm\/W (diodo 190Lm\/W)<\/strong><\/p><p>Il dispose d'un&nbsp;<strong>facteur de puissance sup\u00e9rieur \u00e0 0,90.&nbsp;<\/strong>Elle fonctionne \u00e0 175-265V et a un IRC sup\u00e9rieur \u00e0 celui de la 80%. Rev\u00eatement opale qui ne produit pas d'\u00e9blouissement. Il dispose \u00e9galement d'une protection contre les courts-circuits et la surchauffe.<\/p><p>R\u00e9alisez de plus grandes \u00e9conomies, \u00e9vitez le scintillement (NO FLICK) de la lumi\u00e8re lors de l'allumage du luminaire et obtenez ainsi un allumage instantan\u00e9 gr\u00e2ce \u00e0 ce tube LED.<\/p><h2>Usos del&nbsp;Tubo LED 20W Cristal 120cm 300&ordm; &ndash; ALTA LUMINOSIDAD:<\/h2><ul>\n<li>Cuisines<\/li>\n<li>Magasins<\/li>\n<li>Bureaux<\/li>\n<li>Garages<\/li>\n<\/ul><h3 class=\"page-product-heading\">DONN\u00c9ES TECHNIQUES<\/h3><div class=\"col-xs-12 col-md-6\">\n<table class=\"table table-data-sheet 1\">\n<tbody>\n<tr class=\"odd\">\n<td valign=\"middle\" width=\"32\"><\/td>\n<td valign=\"middle\">REFERENCE :<\/td>\n<td valign=\"middle\">SLTBGHB20W<\/td>\n<\/tr>\n<tr class=\"even\">\n<td valign=\"middle\" width=\"32\"><\/td>\n<td valign=\"middle\">Puissance nominale :<\/td>\n<td valign=\"middle\">20w<\/td>\n<\/tr>\n<tr class=\"odd\">\n<td valign=\"middle\" width=\"32\"><\/td>\n<td valign=\"middle\">Tension nominale :<\/td>\n<td valign=\"middle\">175-265V<\/td>\n<\/tr>\n<tr class=\"even\">\n<td valign=\"middle\" width=\"32\"><\/td>\n<td valign=\"middle\">Temp\u00e9rature de la lumi\u00e8re :<\/td>\n<td valign=\"middle\">4000K - 5700K<\/td>\n<\/tr>\n<tr class=\"odd\">\n<td valign=\"middle\" width=\"32\"><\/td>\n<td valign=\"middle\">CRI - Indice de rendu des couleurs :<\/td>\n<td valign=\"middle\">80<\/td>\n<\/tr>\n<tr class=\"even\">\n<td valign=\"middle\" width=\"32\"><\/td>\n<td valign=\"middle\">Mat\u00e9riaux de construction :<\/td>\n<td valign=\"middle\">Verre +PC<\/td>\n<\/tr>\n<tr class=\"odd\">\n<td valign=\"middle\" width=\"32\"><\/td>\n<td valign=\"middle\">Luminosit\u00e9-Lm :<\/td>\n<td valign=\"middle\">3700Lm<\/td>\n<\/tr>\n<tr class=\"even\">\n<td valign=\"middle\" width=\"32\"><\/td>\n<td valign=\"middle\">Type de DEL :<\/td>\n<td valign=\"middle\">SMD 2835<\/td>\n<\/tr>\n<tr class=\"odd\">\n<td valign=\"middle\" width=\"32\"><\/td>\n<td valign=\"middle\">Angle d'ouverture (\u00ba) :<\/td>\n<td valign=\"middle\">300\u00ba<\/td>\n<\/tr>\n<tr class=\"even\">\n<td valign=\"middle\" width=\"32\"><\/td>\n<td valign=\"middle\">Efficacit\u00e9 de la diode LED (Lm\/W) :<\/td>\n<td valign=\"middle\">190 Lm\/W<\/td>\n<\/tr>\n<tr class=\"odd\">\n<td valign=\"middle\" width=\"32\"><\/td>\n<td valign=\"middle\">Efficacit\u00e9 lumineuse (Lm\/W) :<\/td>\n<td valign=\"middle\">170 Lm\/W<\/td>\n<\/tr>\n<tr class=\"even\">\n<td valign=\"middle\" width=\"32\"><\/td>\n<td valign=\"middle\">Douille :<\/td>\n<td valign=\"middle\">T8<\/td>\n<\/tr>\n<tr class=\"odd\">\n<td valign=\"middle\" width=\"32\"><\/td>\n<td valign=\"middle\">Certificats :<\/td>\n<td valign=\"middle\">CE - ROHS<\/td>\n<\/tr>\n<\/tbody>\n<\/table>\n<\/div><div class=\"col-xs-12 col-md-6 2\">\n<table class=\"table table-data-sheet 2\">\n<tbody>\n<tr class=\"odd\">\n<td valign=\"middle\" width=\"32\"><\/td>\n<td valign=\"middle\">Indice de protection IP :<\/td>\n<td valign=\"middle\">IP20<\/td>\n<\/tr>\n<tr class=\"even\">\n<td valign=\"middle\" width=\"32\"><\/td>\n<td valign=\"middle\">Dur\u00e9e de vie estim\u00e9e de la diode LED (H) :<\/td>\n<td valign=\"middle\">35.000<\/td>\n<\/tr>\n<tr class=\"odd\">\n<td valign=\"middle\" width=\"32\"><\/td>\n<td valign=\"middle\">Dimensions (mm) :<\/td>\n<td valign=\"middle\">1200<\/td>\n<\/tr>\n<tr class=\"even\">\n<td valign=\"middle\" width=\"32\"><\/td>\n<td valign=\"middle\">Facteur de puissance (PF) :<\/td>\n<td valign=\"middle\">0.98<\/td>\n<\/tr>\n<tr class=\"odd\">\n<td valign=\"middle\" width=\"32\"><\/td>\n<td valign=\"middle\">Fr\u00e9quence de travail (Hz) :<\/td>\n<td valign=\"middle\">50\/60Hz<\/td>\n<\/tr>\n<tr class=\"even\">\n<td valign=\"middle\" width=\"32\"><\/td>\n<td valign=\"middle\">Plage de temp\u00e9rature (\u00baC) :<\/td>\n<td valign=\"middle\">-20\u00b0C ~ +55\u00b0C<\/td>\n<\/tr>\n<tr class=\"odd\">\n<td valign=\"middle\" width=\"32\"><\/td>\n<td valign=\"middle\">Cycles d'allumage :<\/td>\n<td valign=\"middle\">100.000<\/td>\n<\/tr>\n<tr class=\"even\">\n<td valign=\"middle\" width=\"32\"><\/td>\n<td valign=\"middle\">Temps de d\u00e9marrage (s) :<\/td>\n<td valign=\"middle\">0,2s<\/td>\n<\/tr>\n<tr class=\"odd\">\n<td valign=\"middle\" width=\"32\"><\/td>\n<td valign=\"middle\">Informations compl\u00e9mentaires :<\/td>\n<td valign=\"middle\">Raccordement d'un c\u00f4t\u00e9<\/td>\n<\/tr>\n<tr class=\"even\">\n<td valign=\"middle\" width=\"32\"><\/td>\n<td valign=\"middle\">Pilote inclus :<\/td>\n<td valign=\"middle\">Driver No Flick<\/td>\n<\/tr>\n<tr class=\"odd\">\n<td valign=\"middle\" width=\"32\"><\/td>\n<td valign=\"middle\">Classe \u00e9nerg\u00e9tique (2021-EU-2019\/2015) :<\/td>\n<td valign=\"middle\">A++<\/td>\n<\/tr>\n<tr class=\"even\">\n<td valign=\"middle\" width=\"32\"><\/td>\n<td valign=\"middle\">Classe \u00e9nerg\u00e9tique (2023 - EU-2019\/2015) :<\/td>\n<td valign=\"middle\">C<\/td>\n<\/tr>\n<tr class=\"odd\">\n<td valign=\"middle\" width=\"32\"><\/td>\n<td valign=\"middle\">Ann\u00e9es de garantie :<\/td>\n<td valign=\"middle\">5<\/td>\n<\/tr>\n<\/tbody>\n<\/table>\n<p>&nbsp;<\/p>\n<\/div><\/p>","protected":false},"excerpt":{"rendered":"<p>Livraison dans les 24\/48 heures<br>\nGarantie assur\u00e9e<br>\n10 unit\u00e9(s) par bo\u00eete \u00e0 outils<p><strong>TEMP\u00c9RATURE DE COULEUR : 4000K\/5700K<\/strong><\/p><\/p>","protected":false},"featured_media":2354,"template":"","meta":{"site-sidebar-layout":"default","site-content-layout":"default","ast-global-header-display":"","ast-main-header-display":"","ast-hfb-above-header-display":"","ast-hfb-below-header-display":"","ast-hfb-mobile-header-display":"","site-post-title":"","ast-breadcrumbs-content":"","ast-featured-img":"","footer-sml-layout":"","theme-transparent-header-meta":"default","adv-header-id-meta":"","stick-header-meta":"","header-above-stick-meta":"","header-main-stick-meta":"","header-below-stick-meta":""},"product_cat":[49,25],"product_tag":[],"class_list":["post-2346","product","type-product","status-publish","has-post-thumbnail","hentry","product_cat-tubos-led-cristal-t8","product_cat-tubos"],"yoast_head":"<!-- This site is optimized with the Yoast SEO plugin v27.4 - https:\/\/yoast.com\/product\/yoast-seo-wordpress\/ -->\n<title>PACK 10 - Tubo LED 20W Cristal 120cm T8 - 170 Lm\/W - PRO MAX LUMENS - 3400Lm - NO FLICK - STARLED Iluminacion<\/title>\n<meta name=\"robots\" content=\"index, follow, max-snippet:-1, max-image-preview:large, max-video-preview:-1\" \/>\n<link rel=\"canonical\" href=\"https:\/\/starlediluminacion.com\/fr\/product\/pack-10-tubo-led-20w-cristal-120cm-t8-170-lm-w-pro-max-lumens-3400lm-no-flick\/\" \/>\n<meta property=\"og:locale\" content=\"fr_FR\" \/>\n<meta property=\"og:type\" content=\"article\" \/>\n<meta property=\"og:title\" content=\"PACK 10 - Tubo LED 20W Cristal 120cm T8 - 170 Lm\/W - PRO MAX LUMENS - 3400Lm - NO FLICK - STARLED Iluminacion\" \/>\n<meta property=\"og:description\" content=\"Entrega en 24\/48 horas Garant\u00eda asegurada 10 unidad(es) por Masterbox  TEMPERATURA DE COLOR: 4000K\/5700K\" \/>\n<meta property=\"og:url\" content=\"https:\/\/starlediluminacion.com\/fr\/product\/pack-10-tubo-led-20w-cristal-120cm-t8-170-lm-w-pro-max-lumens-3400lm-no-flick\/\" \/>\n<meta property=\"og:site_name\" content=\"STARLED Iluminacion\" \/>\n<meta property=\"article:modified_time\" content=\"2022-12-18T11:00:38+00:00\" \/>\n<meta property=\"og:image\" content=\"https:\/\/starlediluminacion.com\/wp-content\/uploads\/2022\/08\/tubo-led-20w-cristal-120cm-t8-160-lmw-max-lumens-3200lm-factorled.jpg\" \/>\n\t<meta property=\"og:image:width\" content=\"1000\" \/>\n\t<meta property=\"og:image:height\" content=\"1000\" \/>\n\t<meta property=\"og:image:type\" content=\"image\/jpeg\" \/>\n<meta name=\"twitter:card\" content=\"summary_large_image\" \/>\n<meta name=\"twitter:label1\" content=\"Dur\u00e9e de lecture estim\u00e9e\" \/>\n\t<meta name=\"twitter:data1\" content=\"2 minutes\" \/>\n<script type=\"application\/ld+json\" class=\"yoast-schema-graph\">{\"@context\":\"https:\\\/\\\/schema.org\",\"@graph\":[{\"@type\":\"WebPage\",\"@id\":\"https:\\\/\\\/starlediluminacion.com\\\/producto\\\/pack-10-tubo-led-20w-cristal-120cm-t8-170-lm-w-pro-max-lumens-3400lm-no-flick\\\/\",\"url\":\"https:\\\/\\\/starlediluminacion.com\\\/producto\\\/pack-10-tubo-led-20w-cristal-120cm-t8-170-lm-w-pro-max-lumens-3400lm-no-flick\\\/\",\"name\":\"PACK 10 - Tubo LED 20W Cristal 120cm T8 - 170 Lm\\\/W - PRO MAX LUMENS - 3400Lm - NO FLICK - STARLED Iluminacion\",\"isPartOf\":{\"@id\":\"https:\\\/\\\/starlediluminacion.com\\\/#website\"},\"primaryImageOfPage\":{\"@id\":\"https:\\\/\\\/starlediluminacion.com\\\/producto\\\/pack-10-tubo-led-20w-cristal-120cm-t8-170-lm-w-pro-max-lumens-3400lm-no-flick\\\/#primaryimage\"},\"image\":{\"@id\":\"https:\\\/\\\/starlediluminacion.com\\\/producto\\\/pack-10-tubo-led-20w-cristal-120cm-t8-170-lm-w-pro-max-lumens-3400lm-no-flick\\\/#primaryimage\"},\"thumbnailUrl\":\"https:\\\/\\\/starlediluminacion.com\\\/wp-content\\\/uploads\\\/2022\\\/08\\\/tubo-led-20w-cristal-120cm-t8-160-lmw-max-lumens-3200lm-factorled.jpg\",\"datePublished\":\"2022-08-03T18:16:28+00:00\",\"dateModified\":\"2022-12-18T11:00:38+00:00\",\"breadcrumb\":{\"@id\":\"https:\\\/\\\/starlediluminacion.com\\\/producto\\\/pack-10-tubo-led-20w-cristal-120cm-t8-170-lm-w-pro-max-lumens-3400lm-no-flick\\\/#breadcrumb\"},\"inLanguage\":\"fr-FR\",\"potentialAction\":[{\"@type\":\"ReadAction\",\"target\":[\"https:\\\/\\\/starlediluminacion.com\\\/producto\\\/pack-10-tubo-led-20w-cristal-120cm-t8-170-lm-w-pro-max-lumens-3400lm-no-flick\\\/\"]}]},{\"@type\":\"ImageObject\",\"inLanguage\":\"fr-FR\",\"@id\":\"https:\\\/\\\/starlediluminacion.com\\\/producto\\\/pack-10-tubo-led-20w-cristal-120cm-t8-170-lm-w-pro-max-lumens-3400lm-no-flick\\\/#primaryimage\",\"url\":\"https:\\\/\\\/starlediluminacion.com\\\/wp-content\\\/uploads\\\/2022\\\/08\\\/tubo-led-20w-cristal-120cm-t8-160-lmw-max-lumens-3200lm-factorled.jpg\",\"contentUrl\":\"https:\\\/\\\/starlediluminacion.com\\\/wp-content\\\/uploads\\\/2022\\\/08\\\/tubo-led-20w-cristal-120cm-t8-160-lmw-max-lumens-3200lm-factorled.jpg\",\"width\":1000,\"height\":1000},{\"@type\":\"BreadcrumbList\",\"@id\":\"https:\\\/\\\/starlediluminacion.com\\\/producto\\\/pack-10-tubo-led-20w-cristal-120cm-t8-170-lm-w-pro-max-lumens-3400lm-no-flick\\\/#breadcrumb\",\"itemListElement\":[{\"@type\":\"ListItem\",\"position\":1,\"name\":\"Portada\",\"item\":\"https:\\\/\\\/starlediluminacion.com\\\/\"},{\"@type\":\"ListItem\",\"position\":2,\"name\":\"Shop\",\"item\":\"https:\\\/\\\/starlediluminacion.com\\\/shop-2\\\/\"},{\"@type\":\"ListItem\",\"position\":3,\"name\":\"PACK 10 &#8211; Tubo LED 20W Cristal 120cm T8 &#8211; 170 Lm\\\/W &#8211; PRO MAX LUMENS &#8211; 3400Lm &#8211; NO FLICK\"}]},{\"@type\":\"WebSite\",\"@id\":\"https:\\\/\\\/starlediluminacion.com\\\/#website\",\"url\":\"https:\\\/\\\/starlediluminacion.com\\\/\",\"name\":\"STARLED Iluminacion\",\"description\":\"\",\"potentialAction\":[{\"@type\":\"SearchAction\",\"target\":{\"@type\":\"EntryPoint\",\"urlTemplate\":\"https:\\\/\\\/starlediluminacion.com\\\/?s={search_term_string}\"},\"query-input\":{\"@type\":\"PropertyValueSpecification\",\"valueRequired\":true,\"valueName\":\"search_term_string\"}}],\"inLanguage\":\"fr-FR\"}]}<\/script>\n<!-- \/ Yoast SEO plugin. -->","yoast_head_json":{"title":"PACK 10 - Tubo LED 20W Cristal 120cm T8 - 170 Lm\/W - PRO MAX LUMENS - 3400Lm - NO FLICK - STARLED Iluminacion","robots":{"index":"index","follow":"follow","max-snippet":"max-snippet:-1","max-image-preview":"max-image-preview:large","max-video-preview":"max-video-preview:-1"},"canonical":"https:\/\/starlediluminacion.com\/fr\/product\/pack-10-tubo-led-20w-cristal-120cm-t8-170-lm-w-pro-max-lumens-3400lm-no-flick\/","og_locale":"fr_FR","og_type":"article","og_title":"PACK 10 - Tubo LED 20W Cristal 120cm T8 - 170 Lm\/W - PRO MAX LUMENS - 3400Lm - NO FLICK - STARLED Iluminacion","og_description":"Entrega en 24\/48 horas Garant\u00eda asegurada 10 unidad(es) por Masterbox  TEMPERATURA DE COLOR: 4000K\/5700K","og_url":"https:\/\/starlediluminacion.com\/fr\/product\/pack-10-tubo-led-20w-cristal-120cm-t8-170-lm-w-pro-max-lumens-3400lm-no-flick\/","og_site_name":"STARLED Iluminacion","article_modified_time":"2022-12-18T11:00:38+00:00","og_image":[{"width":1000,"height":1000,"url":"https:\/\/starlediluminacion.com\/wp-content\/uploads\/2022\/08\/tubo-led-20w-cristal-120cm-t8-160-lmw-max-lumens-3200lm-factorled.jpg","type":"image\/jpeg"}],"twitter_card":"summary_large_image","twitter_misc":{"Dur\u00e9e de lecture estim\u00e9e":"2 minutes"},"schema":{"@context":"https:\/\/schema.org","@graph":[{"@type":"WebPage","@id":"https:\/\/starlediluminacion.com\/producto\/pack-10-tubo-led-20w-cristal-120cm-t8-170-lm-w-pro-max-lumens-3400lm-no-flick\/","url":"https:\/\/starlediluminacion.com\/producto\/pack-10-tubo-led-20w-cristal-120cm-t8-170-lm-w-pro-max-lumens-3400lm-no-flick\/","name":"PACK 10 - Tubo LED 20W Cristal 120cm T8 - 170 Lm\/W - PRO MAX LUMENS - 3400Lm - NO FLICK - STARLED Iluminacion","isPartOf":{"@id":"https:\/\/starlediluminacion.com\/#website"},"primaryImageOfPage":{"@id":"https:\/\/starlediluminacion.com\/producto\/pack-10-tubo-led-20w-cristal-120cm-t8-170-lm-w-pro-max-lumens-3400lm-no-flick\/#primaryimage"},"image":{"@id":"https:\/\/starlediluminacion.com\/producto\/pack-10-tubo-led-20w-cristal-120cm-t8-170-lm-w-pro-max-lumens-3400lm-no-flick\/#primaryimage"},"thumbnailUrl":"https:\/\/starlediluminacion.com\/wp-content\/uploads\/2022\/08\/tubo-led-20w-cristal-120cm-t8-160-lmw-max-lumens-3200lm-factorled.jpg","datePublished":"2022-08-03T18:16:28+00:00","dateModified":"2022-12-18T11:00:38+00:00","breadcrumb":{"@id":"https:\/\/starlediluminacion.com\/producto\/pack-10-tubo-led-20w-cristal-120cm-t8-170-lm-w-pro-max-lumens-3400lm-no-flick\/#breadcrumb"},"inLanguage":"fr-FR","potentialAction":[{"@type":"ReadAction","target":["https:\/\/starlediluminacion.com\/producto\/pack-10-tubo-led-20w-cristal-120cm-t8-170-lm-w-pro-max-lumens-3400lm-no-flick\/"]}]},{"@type":"ImageObject","inLanguage":"fr-FR","@id":"https:\/\/starlediluminacion.com\/producto\/pack-10-tubo-led-20w-cristal-120cm-t8-170-lm-w-pro-max-lumens-3400lm-no-flick\/#primaryimage","url":"https:\/\/starlediluminacion.com\/wp-content\/uploads\/2022\/08\/tubo-led-20w-cristal-120cm-t8-160-lmw-max-lumens-3200lm-factorled.jpg","contentUrl":"https:\/\/starlediluminacion.com\/wp-content\/uploads\/2022\/08\/tubo-led-20w-cristal-120cm-t8-160-lmw-max-lumens-3200lm-factorled.jpg","width":1000,"height":1000},{"@type":"BreadcrumbList","@id":"https:\/\/starlediluminacion.com\/producto\/pack-10-tubo-led-20w-cristal-120cm-t8-170-lm-w-pro-max-lumens-3400lm-no-flick\/#breadcrumb","itemListElement":[{"@type":"ListItem","position":1,"name":"Portada","item":"https:\/\/starlediluminacion.com\/"},{"@type":"ListItem","position":2,"name":"Shop","item":"https:\/\/starlediluminacion.com\/shop-2\/"},{"@type":"ListItem","position":3,"name":"PACK 10 &#8211; Tubo LED 20W Cristal 120cm T8 &#8211; 170 Lm\/W &#8211; PRO MAX LUMENS &#8211; 3400Lm &#8211; NO FLICK"}]},{"@type":"WebSite","@id":"https:\/\/starlediluminacion.com\/#website","url":"https:\/\/starlediluminacion.com\/","name":"STARLED Iluminacion","description":"","potentialAction":[{"@type":"SearchAction","target":{"@type":"EntryPoint","urlTemplate":"https:\/\/starlediluminacion.com\/?s={search_term_string}"},"query-input":{"@type":"PropertyValueSpecification","valueRequired":true,"valueName":"search_term_string"}}],"inLanguage":"fr-FR"}]}},"_links":{"self":[{"href":"https:\/\/starlediluminacion.com\/fr\/wp-json\/wp\/v3\/product\/2346","targetHints":{"allow":["GET"]}}],"collection":[{"href":"https:\/\/starlediluminacion.com\/fr\/wp-json\/wp\/v3\/product"}],"about":[{"href":"https:\/\/starlediluminacion.com\/fr\/wp-json\/wp\/v2\/types\/product"}],"wp:featuredmedia":[{"embeddable":true,"href":"https:\/\/starlediluminacion.com\/fr\/wp-json\/wp\/v2\/media\/2354"}],"wp:attachment":[{"href":"https:\/\/starlediluminacion.com\/fr\/wp-json\/wp\/v2\/media?parent=2346"}],"wp:term":[{"taxonomy":"product_cat","embeddable":true,"href":"https:\/\/starlediluminacion.com\/fr\/wp-json\/wp\/v2\/product_cat?post=2346"},{"taxonomy":"product_tag","embeddable":true,"href":"https:\/\/starlediluminacion.com\/fr\/wp-json\/wp\/v2\/product_tag?post=2346"}],"curies":[{"name":"wp","href":"https:\/\/api.w.org\/{rel}","templated":true}]}}