{"id":2320,"date":"2022-08-02T22:23:55","date_gmt":"2022-08-02T22:23:55","guid":{"rendered":"https:\/\/starlediluminacion.com\/?post_type=product&#038;p=2320"},"modified":"2022-09-03T13:10:13","modified_gmt":"2022-09-03T13:10:13","slug":"casquillo-adaptador-e27-gu10","status":"publish","type":"product","link":"https:\/\/starlediluminacion.com\/fr\/product\/adaptateur-socket-e27-gu10\/","title":{"rendered":"<p>Adaptateur E27-GU10<\/p>"},"content":{"rendered":"<p><label>R\u00c9F\u00c9RENCE : <span style=\"font-size: 16px;\">SL<\/span><span class=\"editable\" style=\"font-size: 16px;\">3238<\/span><\/label><p dir=\"ltr\">Tampon de<strong>&nbsp;Adaptateur<\/strong>&nbsp;avec lesquels vous pouvez transformer votre couverture&nbsp;<strong>E27<\/strong>&nbsp;\u00e0&nbsp;<strong>GU10<\/strong>.<\/p><p dir=\"ltr\">Il est facile et s\u00fbr \u00e0 utiliser.<\/p><p dir=\"ltr\">Adaptateur pour douille E27 \u00e0 GU10.<\/p><p dir=\"ltr\">Base en c\u00e9ramique r\u00e9sistante \u00e0 la chaleur.<\/p><h3 class=\"page-product-heading\">DONN\u00c9ES TECHNIQUES<\/h3><div class=\"col-xs-12 col-md-6\">\n<table class=\"table table-data-sheet 1\">\n<tbody>\n<tr class=\"odd\">\n<td valign=\"middle\" width=\"32\"><\/td>\n<td valign=\"middle\">REFERENCE :<\/td>\n<td valign=\"middle\">SL3238<\/td>\n<\/tr>\n<tr class=\"even\">\n<td valign=\"middle\" width=\"32\"><\/td>\n<td valign=\"middle\">Mat\u00e9riaux de construction :<\/td>\n<td valign=\"middle\">Thermoplastique ignifuge<\/td>\n<\/tr>\n<tr class=\"odd\">\n<td valign=\"middle\" width=\"32\"><\/td>\n<td valign=\"middle\">Douille :<\/td>\n<td valign=\"middle\">E27 - GU10<\/td>\n<\/tr>\n<tr class=\"even\">\n<td valign=\"middle\" width=\"32\"><\/td>\n<td valign=\"middle\">Certificats :<\/td>\n<td valign=\"middle\">CE - ROHS<\/td>\n<\/tr>\n<\/tbody>\n<\/table>\n<\/div><div class=\"col-xs-12 col-md-6 2\">\n<table class=\"table table-data-sheet 2\">\n<tbody>\n<tr class=\"odd\">\n<td valign=\"middle\" width=\"32\"><\/td>\n<td valign=\"middle\">Indice de protection IP :<\/td>\n<td valign=\"middle\">IP20<\/td>\n<\/tr>\n<tr class=\"even\">\n<td valign=\"middle\" width=\"32\"><\/td>\n<td valign=\"middle\">Dimensions (mm) :<\/td>\n<td valign=\"middle\">?30*H40mm<\/td>\n<\/tr>\n<tr class=\"odd\">\n<td valign=\"middle\" width=\"32\"><\/td>\n<td valign=\"middle\">Ann\u00e9es de garantie :<\/td>\n<td valign=\"middle\">2<\/td>\n<\/tr>\n<\/tbody>\n<\/table>\n<\/div><p dir=\"ltr\">\n<\/p><\/p>","protected":false},"excerpt":{"rendered":"<div class=\"col-md-12\"><i class=\"fa fa-truck\"><\/i>&nbsp;<span class=\"text-muted textprop\">Livraison dans les 24\/48 heures<\/span><div class=\"col-md-12\"><i class=\"fa fa-exchange\"><\/i>&nbsp;<span class=\"text-muted textprop\">Garantie assur\u00e9e<\/span><\/div><div class=\"col-md-12\"><i class=\"fa fa-box\"><\/i>&nbsp;<span class=\"text-muted textprop\">100 unit\u00e9(s) par bo\u00eete \u00e0 outils<\/span><\/div><div class=\"col-md-12 certificados\"><\/div><\/div>","protected":false},"featured_media":2323,"template":"","meta":{"site-sidebar-layout":"default","site-content-layout":"default","ast-global-header-display":"","ast-main-header-display":"","ast-hfb-above-header-display":"","ast-hfb-below-header-display":"","ast-hfb-mobile-header-display":"","site-post-title":"","ast-breadcrumbs-content":"","ast-featured-img":"","footer-sml-layout":"","theme-transparent-header-meta":"default","adv-header-id-meta":"","stick-header-meta":"","header-above-stick-meta":"","header-main-stick-meta":"","header-below-stick-meta":""},"product_cat":[62,23],"product_tag":[],"class_list":["post-2320","product","type-product","status-publish","has-post-thumbnail","hentry","product_cat-accesorios-lamparas-led","product_cat-bombillas-y-lamparas-led"],"_links":{"self":[{"href":"https:\/\/starlediluminacion.com\/fr\/wp-json\/wp\/v3\/product\/2320","targetHints":{"allow":["GET"]}}],"collection":[{"href":"https:\/\/starlediluminacion.com\/fr\/wp-json\/wp\/v3\/product"}],"about":[{"href":"https:\/\/starlediluminacion.com\/fr\/wp-json\/wp\/v2\/types\/product"}],"wp:featuredmedia":[{"embeddable":true,"href":"https:\/\/starlediluminacion.com\/fr\/wp-json\/wp\/v2\/media\/2323"}],"wp:attachment":[{"href":"https:\/\/starlediluminacion.com\/fr\/wp-json\/wp\/v2\/media?parent=2320"}],"wp:term":[{"taxonomy":"product_cat","embeddable":true,"href":"https:\/\/starlediluminacion.com\/fr\/wp-json\/wp\/v2\/product_cat?post=2320"},{"taxonomy":"product_tag","embeddable":true,"href":"https:\/\/starlediluminacion.com\/fr\/wp-json\/wp\/v2\/product_tag?post=2320"}],"curies":[{"name":"wp","href":"https:\/\/api.w.org\/{rel}","templated":true}]}}