{"id":2235,"date":"2022-08-02T21:25:54","date_gmt":"2022-08-02T21:25:54","guid":{"rendered":"https:\/\/starlediluminacion.com\/?post_type=product&#038;p=2235"},"modified":"2022-09-03T12:59:38","modified_gmt":"2022-09-03T12:59:38","slug":"aro-cuadrado-orientable-para-dicroica-led-gu10-mr16-84mm-aluminio","status":"publish","type":"product","link":"https:\/\/starlediluminacion.com\/fr\/product\/aro-cuadrado-orientable-para-dicroica-led-gu10-mr16-84mm-aluminio\/","title":{"rendered":"<p>Aro Cuadrado Orientable para dicroica LED GU10 MR16 &ndash; 84mm &ndash; Aluminio<\/p>"},"content":{"rendered":"<p><label>R\u00c9F\u00c9RENCE : SL<span style=\"font-size: 16px;\">90714-WHITE<\/span><\/label><p><strong>Cerceau<\/strong>&nbsp;<strong>orientable<\/strong>&nbsp;cuadrado con acabado <strong>blanco y niquel satinado,<\/strong> dise&ntilde;o elegante y exclusivo. Se aconseja su uso para las l&aacute;mparas&nbsp;<strong>dicroicas<\/strong>&nbsp;<strong>GU10<\/strong>&nbsp;o&nbsp;<strong>MR16<\/strong>. Es perfecto para una nueva obra o para cambiar los focos.<\/p><h1>Aro cuadrado orientable para dicroica LED GU10 &ndash; MR16 &ndash; Aluminio<\/h1><p><strong>Aro empotrable cuadrado<\/strong>&nbsp;pour&nbsp;<strong>LED dichro\u00efque<\/strong>\u00e0 la fois&nbsp;<strong>MR16<\/strong>&nbsp;comme&nbsp;<strong>GU10<\/strong>, esta dise&ntilde;ado para obtener una decoraci&oacute;n atractiva y refinada, gracias a su forma orientable se podr&aacute;n crear ambientes muy exclusivos.<\/p><p>Todo su material esta fabricado con un acabado en color blanco y niquel satinado, lo que hace de este aro un producto muy resistente por lo que&nbsp;tiene una gran durabilidad, lo convierte en un&nbsp;<strong>anneau en acier inoxydable<\/strong>.<\/p><p>Il est id\u00e9al pour les espaces domestiques tels que les cuisines, les salles de bains, les v\u00e9randas, mais aussi pour les bureaux, les hypermarch\u00e9s ou tout espace \u00e9v\u00e9nementiel o\u00f9 il est n\u00e9cessaire de recr\u00e9er des atmosph\u00e8res particuli\u00e8res.<\/p><h3 class=\"page-product-heading\">DONN\u00c9ES TECHNIQUES<\/h3><div class=\"col-xs-12 col-md-6\">\n<table class=\"table table-data-sheet 1\">\n<tbody>\n<tr class=\"odd\">\n<td valign=\"middle\" width=\"32\"><\/td>\n<td valign=\"middle\">REFERENCE :<\/td>\n<td valign=\"middle\">SL90714-WHITE<\/td>\n<\/tr>\n<tr class=\"even\">\n<td valign=\"middle\" width=\"32\"><\/td>\n<td valign=\"middle\">Mat\u00e9riaux de construction :<\/td>\n<td valign=\"middle\">Aluminium<\/td>\n<\/tr>\n<tr class=\"odd\">\n<td valign=\"middle\" width=\"32\"><\/td>\n<td valign=\"middle\">Certificats :<\/td>\n<td valign=\"middle\">CE<\/td>\n<\/tr>\n<\/tbody>\n<\/table>\n<\/div><div class=\"col-xs-12 col-md-6 2\">\n<table class=\"table table-data-sheet 2\">\n<tbody>\n<tr class=\"odd\">\n<td valign=\"middle\" width=\"32\"><\/td>\n<td valign=\"middle\">Indice de protection IP :<\/td>\n<td valign=\"middle\">IP20<\/td>\n<\/tr>\n<tr class=\"even\">\n<td valign=\"middle\" width=\"32\"><\/td>\n<td valign=\"middle\">Dimensions (mm) :<\/td>\n<td valign=\"middle\">84x84mm<\/td>\n<\/tr>\n<tr class=\"odd\">\n<td valign=\"middle\" width=\"32\"><\/td>\n<td valign=\"middle\">Coupe au plafond (mm) :<\/td>\n<td valign=\"middle\">\u00d875mm<\/td>\n<\/tr>\n<\/tbody>\n<\/table>\n<\/div><\/p>","protected":false},"excerpt":{"rendered":"<div class=\"col-md-12\"><i class=\"fa fa-truck\"><\/i>&nbsp;<span class=\"text-muted textprop\">Livraison dans les 24\/48 heures<\/span><div class=\"col-md-12\"><i class=\"fa fa-exchange\"><\/i>&nbsp;<span class=\"text-muted textprop\">Garantie assur\u00e9e<\/span><\/div><div class=\"col-md-12\"><i class=\"fa fa-box\"><\/i>&nbsp;<span class=\"text-muted textprop\">50 unit\u00e9(s) par bo\u00eete \u00e0 outils<\/span><\/div><\/div>","protected":false},"featured_media":2238,"template":"","meta":{"site-sidebar-layout":"default","site-content-layout":"default","ast-global-header-display":"","ast-main-header-display":"","ast-hfb-above-header-display":"","ast-hfb-below-header-display":"","ast-hfb-mobile-header-display":"","site-post-title":"","ast-breadcrumbs-content":"","ast-featured-img":"","footer-sml-layout":"","theme-transparent-header-meta":"default","adv-header-id-meta":"","stick-header-meta":"","header-above-stick-meta":"","header-main-stick-meta":"","header-below-stick-meta":""},"product_cat":[62,23],"product_tag":[],"class_list":["post-2235","product","type-product","status-publish","has-post-thumbnail","hentry","product_cat-accesorios-lamparas-led","product_cat-bombillas-y-lamparas-led"],"_links":{"self":[{"href":"https:\/\/starlediluminacion.com\/fr\/wp-json\/wp\/v3\/product\/2235","targetHints":{"allow":["GET"]}}],"collection":[{"href":"https:\/\/starlediluminacion.com\/fr\/wp-json\/wp\/v3\/product"}],"about":[{"href":"https:\/\/starlediluminacion.com\/fr\/wp-json\/wp\/v2\/types\/product"}],"wp:featuredmedia":[{"embeddable":true,"href":"https:\/\/starlediluminacion.com\/fr\/wp-json\/wp\/v2\/media\/2238"}],"wp:attachment":[{"href":"https:\/\/starlediluminacion.com\/fr\/wp-json\/wp\/v2\/media?parent=2235"}],"wp:term":[{"taxonomy":"product_cat","embeddable":true,"href":"https:\/\/starlediluminacion.com\/fr\/wp-json\/wp\/v2\/product_cat?post=2235"},{"taxonomy":"product_tag","embeddable":true,"href":"https:\/\/starlediluminacion.com\/fr\/wp-json\/wp\/v2\/product_tag?post=2235"}],"curies":[{"name":"wp","href":"https:\/\/api.w.org\/{rel}","templated":true}]}}