{"id":2132,"date":"2022-08-02T20:10:27","date_gmt":"2022-08-02T20:10:27","guid":{"rendered":"https:\/\/starlediluminacion.com\/?post_type=product&#038;p=2132"},"modified":"2022-09-03T12:47:42","modified_gmt":"2022-09-03T12:47:42","slug":"aro-fijo-para-dicroica-circular-gu10-mr16-cromado","status":"publish","type":"product","link":"https:\/\/starlediluminacion.com\/fr\/product\/anneau-fixe-anneau-pour-dicroiculaire-circulaire-gu10-mr16-chrome\/","title":{"rendered":"<p>Anneau fixe pour lampe dichro\u00efque circulaire GU10-MR16 - CHROME<\/p>"},"content":{"rendered":"<p><label>R\u00c9F\u00c9RENCE : SL<span style=\"font-size: 16px;\">NC1860R<\/span><\/label><p><strong>Cerceau<\/strong>&nbsp;<strong>circulaire<\/strong>&nbsp;en aluminium avec une finition&nbsp;<b>chrome<\/b>design \u00e9l\u00e9gant et exclusif. L'anneau est con\u00e7u pour \u00eatre utilis\u00e9 avec des lampes dichro\u00efques LED.&nbsp;<strong>GU10<\/strong>&nbsp;o&nbsp;<strong>MR16<\/strong>. Il est parfait pour un nouveau chantier ou pour changer les projecteurs. Il est fabriqu\u00e9 pour \u00eatre install\u00e9 dans des zones humides car il est r\u00e9sistant \u00e0 tout environnement ext\u00e9rieur.<\/p><h1>Anneau circulaire pour ampoule LED GU10 MR16<\/h1><p><strong>Anneau encastr\u00e9<\/strong>&nbsp;pour&nbsp;<strong>LED dichro\u00efque<\/strong>\u00e0 la fois&nbsp;<strong>MR16<\/strong>&nbsp;comme&nbsp;<strong>GU10<\/strong>est con\u00e7u pour obtenir une d\u00e9coration attrayante et raffin\u00e9e, gr\u00e2ce \u00e0 sa forme.&nbsp;<strong>circulaire<\/strong>&nbsp;des atmosph\u00e8res tr\u00e8s exclusives peuvent \u00eatre cr\u00e9\u00e9es.<\/p><p>Tout le mat\u00e9riel est en aluminium avec une finition color\u00e9e.&nbsp;<b>chrome<\/b>Cela fait de ce cerceau un produit tr\u00e8s r\u00e9sistant, donc d'une grande durabilit\u00e9, ce qui en fait un produit de choix.&nbsp;<strong>anneau en acier inoxydable<\/strong>.<\/p><p>&nbsp;<\/p><h2>Applications de l'anneau fixe pour la lampe dichro\u00efque circulaire GU10-MR16<\/h2><ul>\n<li>Cuisine<\/li>\n<li>Bain<\/li>\n<li>Porches<\/li>\n<li>Bureaux<\/li>\n<li>Hypermarch\u00e9s<\/li>\n<\/ul><p>Il est id\u00e9al pour tout espace \u00e9v\u00e9nementiel o\u00f9 il est n\u00e9cessaire de recr\u00e9er des ambiances particuli\u00e8res. Gr\u00e2ce \u00e0 son mat\u00e9riau, il est \u00e9galement capable de r\u00e9sister aux espaces ext\u00e9rieurs.<\/p><h3 class=\"page-product-heading\">DONN\u00c9ES TECHNIQUES<\/h3><div class=\"col-xs-12 col-md-6\">\n<table class=\"table table-data-sheet 1\">\n<tbody>\n<tr class=\"odd\">\n<td valign=\"middle\" width=\"32\"><\/td>\n<td valign=\"middle\">REFERENCE :<\/td>\n<td valign=\"middle\">SLNC1860R<\/td>\n<\/tr>\n<tr class=\"even\">\n<td valign=\"middle\" width=\"32\"><\/td>\n<td valign=\"middle\">Mat\u00e9riaux de construction :<\/td>\n<td valign=\"middle\">Aluminium<\/td>\n<\/tr>\n<tr class=\"odd\">\n<td valign=\"middle\" width=\"32\"><\/td>\n<td valign=\"middle\">Certificats :<\/td>\n<td valign=\"middle\">CE - ROHS<\/td>\n<\/tr>\n<tr class=\"even\">\n<td valign=\"middle\" width=\"32\"><\/td>\n<td valign=\"middle\">Dimensions (mm) :<\/td>\n<td valign=\"middle\">\u00d898mm x H27mm<\/td>\n<\/tr>\n<\/tbody>\n<\/table>\n<\/div><div class=\"col-xs-12 col-md-6 2\">\n<table class=\"table table-data-sheet 2\">\n<tbody>\n<tr class=\"odd\">\n<td valign=\"middle\" width=\"32\"><\/td>\n<td valign=\"middle\">Coupe au plafond (mm) :<\/td>\n<td valign=\"middle\">\u00d875mm<\/td>\n<\/tr>\n<tr class=\"even\">\n<td valign=\"middle\" width=\"32\"><\/td>\n<td valign=\"middle\">Accessoires et compl\u00e9ments :<\/td>\n<td valign=\"middle\">Support de lampe GU10<\/td>\n<\/tr>\n<tr class=\"odd\">\n<td valign=\"middle\" width=\"32\"><\/td>\n<td valign=\"middle\">Finition :<\/td>\n<td valign=\"middle\">Luminosit\u00e9<\/td>\n<\/tr>\n<tr class=\"even\">\n<td valign=\"middle\" width=\"32\"><\/td>\n<td valign=\"middle\">Ampoule incluse :<\/td>\n<td valign=\"middle\">Non<\/td>\n<\/tr>\n<\/tbody>\n<\/table>\n<\/div><\/p>","protected":false},"excerpt":{"rendered":"<div class=\"col-md-12\"><i class=\"fa fa-truck\"><\/i>&nbsp;<span class=\"text-muted textprop\">Livraison dans les 24\/48 heures<\/span><div class=\"col-md-12\"><i class=\"fa fa-exchange\"><\/i>&nbsp;<span class=\"text-muted textprop\">Garantie assur\u00e9e<\/span><\/div><div class=\"col-md-12\"><i class=\"fa fa-box\"><\/i>&nbsp;<span class=\"text-muted textprop\">1 unit\u00e9(s) par bo\u00eete \u00e0 outils<\/span><\/div><\/div>","protected":false},"featured_media":2137,"template":"","meta":{"site-sidebar-layout":"default","site-content-layout":"default","ast-global-header-display":"","ast-main-header-display":"","ast-hfb-above-header-display":"","ast-hfb-below-header-display":"","ast-hfb-mobile-header-display":"","site-post-title":"","ast-breadcrumbs-content":"","ast-featured-img":"","footer-sml-layout":"","theme-transparent-header-meta":"default","adv-header-id-meta":"","stick-header-meta":"","header-above-stick-meta":"","header-main-stick-meta":"","header-below-stick-meta":""},"product_cat":[62,23],"product_tag":[],"class_list":["post-2132","product","type-product","status-publish","has-post-thumbnail","hentry","product_cat-accesorios-lamparas-led","product_cat-bombillas-y-lamparas-led"],"_links":{"self":[{"href":"https:\/\/starlediluminacion.com\/fr\/wp-json\/wp\/v3\/product\/2132","targetHints":{"allow":["GET"]}}],"collection":[{"href":"https:\/\/starlediluminacion.com\/fr\/wp-json\/wp\/v3\/product"}],"about":[{"href":"https:\/\/starlediluminacion.com\/fr\/wp-json\/wp\/v2\/types\/product"}],"wp:featuredmedia":[{"embeddable":true,"href":"https:\/\/starlediluminacion.com\/fr\/wp-json\/wp\/v2\/media\/2137"}],"wp:attachment":[{"href":"https:\/\/starlediluminacion.com\/fr\/wp-json\/wp\/v2\/media?parent=2132"}],"wp:term":[{"taxonomy":"product_cat","embeddable":true,"href":"https:\/\/starlediluminacion.com\/fr\/wp-json\/wp\/v2\/product_cat?post=2132"},{"taxonomy":"product_tag","embeddable":true,"href":"https:\/\/starlediluminacion.com\/fr\/wp-json\/wp\/v2\/product_tag?post=2132"}],"curies":[{"name":"wp","href":"https:\/\/api.w.org\/{rel}","templated":true}]}}