{"id":2037,"date":"2022-08-02T19:06:23","date_gmt":"2022-08-02T19:06:23","guid":{"rendered":"https:\/\/starlediluminacion.com\/?post_type=product&#038;p=2037"},"modified":"2022-09-03T12:35:33","modified_gmt":"2022-09-03T12:35:33","slug":"lampara-led-sumergible-18w-dc12v-ip68-acero-inoxidable-316","status":"publish","type":"product","link":"https:\/\/starlediluminacion.com\/fr\/product\/lampara-led-sumergible-18w-dc12v-ip68-acero-inoxidable-316\/","title":{"rendered":"<p>Lampe submersible LED 18W - DC12V - IP68 - Acier inoxydable 316<\/p>"},"content":{"rendered":"<p><label>R\u00c9F\u00c9RENCE : SL<span style=\"font-size: 16px;\">POOL6<\/span><\/label><p><strong>Lampe LED 18W submersible<\/strong>&nbsp;con\u00e7u pour remplacer le&nbsp;<strong>projecteurs<\/strong>&nbsp;halog\u00e8nes dans le&nbsp;<strong>piscines<\/strong>. Le projecteur pr\u00e9sente un degr\u00e9 de protection contre l'acc\u00e8s par des particules, des poussi\u00e8res ou des liquides de&nbsp;<strong>IP68<\/strong>Dans ce cas, il peut fonctionner pendant une immersion compl\u00e8te et continue. Acier inoxydable 316<strong>. - IK10- R\u00c9SISTANT AUX CHOCS.<\/strong><\/p><h1>Lampe sous-marine LED DC12V - 18W - IP68- Acier inoxydable 316<\/h1><p>Les&nbsp;<strong>Coup de projecteur sur la piscine<\/strong>&nbsp;de&nbsp;<strong>18w<\/strong>&nbsp;se caract\u00e9rise par sa lentille optique soud\u00e9e par friction, sp\u00e9cialement d\u00e9velopp\u00e9e pour l'\u00e9clairage sous-marin, qui distribue la lumi\u00e8re de mani\u00e8re uniforme et excellente autour de la piscine sans \u00e9blouir les baigneurs, ce qui fait de la lampe un \u00e9clairage fiable et efficace pour votre activit\u00e9.<\/p><p>Corps en acier inoxydable 316 haute r\u00e9sistance et joints d'\u00e9tanch\u00e9it\u00e9.&nbsp;<strong>IP68<\/strong>&nbsp;.<\/p><p>Comprend une longueur de 2 m.<\/p><p>L'acier inoxydable de type 316 est un acier inoxydable aust\u00e9nitique au chrome-nickel contenant du molybd\u00e8ne. Cet ajout augmente la r\u00e9sistance \u00e0 la corrosion de l'acier.<\/p><p><strong>L'un des probl\u00e8mes qui se posent souvent avec les luminaires de surface en plastique est qu'ils ont tendance \u00e0 se briser sous l'eau dans les piscines ; en tant que produit IK10 en acier, ce probl\u00e8me de bris d\u00fb aux chocs est r\u00e9solu.<\/strong>.<\/p><p>Besoin de nourriture&nbsp;<strong>DC12V<\/strong>&nbsp;non inclus.<\/p><p><strong>Technologie LED de pointe<\/strong>&nbsp;qui offrent un excellent \u00e9clairage et permettent d'\u00e9conomiser jusqu'\u00e0 90% de consommation d'\u00e9lectricit\u00e9.<\/p><p>Elles offrent une atmosph\u00e8re lumineuse extraordinaire et constituent le choix id\u00e9al pour remplacer les ampoules \u00e0 incandescence traditionnelles dans les piscines, les fontaines et autres lieux similaires. Elles peuvent \u00e9galement \u00eatre utilis\u00e9es pour \u00e9clairer les aquariums et les espaces humides.<\/p><ul>\n<li>Efficacit\u00e9 \u00e9nerg\u00e9tique sup\u00e9rieure \u00e0 celle de n'importe quel halog\u00e8ne \u00e0 incandescence traditionnel.<\/li>\n<li>Faisceau lumineux exempt de rayons UV et IR.<\/li>\n<li>Faible temp\u00e9rature de fonctionnement.<\/li>\n<\/ul><h2>Applications de la lampe sous-marine \u00e0 LED DC12V - 18W - IP68<\/h2><ul>\n<li>Piscines<\/li>\n<li>Jacuzzi<\/li>\n<li>\u00c9tangs<\/li>\n<li>Sources d'information<\/li>\n<li>Aquariums<\/li>\n<\/ul><div class=\"product-information\">\n<div class=\"tab-content\">\n<div id=\"product-features-tab-content\" class=\"product-features-tab-content tab-pane active\">\n<h3 class=\"page-product-heading\">DONN\u00c9ES TECHNIQUES<\/h3>\n<div class=\"col-xs-12 col-md-6\">\n<table class=\"table table-data-sheet 1\">\n<tbody>\n<tr class=\"odd\">\n<td valign=\"middle\" width=\"32\"><\/td>\n<td valign=\"middle\">REFERENCE :<\/td>\n<td valign=\"middle\">SLPOOL6<\/td>\n<\/tr>\n<tr class=\"even\">\n<td valign=\"middle\" width=\"32\"><\/td>\n<td valign=\"middle\">Puissance nominale :<\/td>\n<td valign=\"middle\">18w<\/td>\n<\/tr>\n<tr class=\"odd\">\n<td valign=\"middle\" width=\"32\"><\/td>\n<td valign=\"middle\">Tension nominale :<\/td>\n<td valign=\"middle\">12V DC<\/td>\n<\/tr>\n<tr class=\"even\">\n<td valign=\"middle\" width=\"32\"><\/td>\n<td valign=\"middle\">Temp\u00e9rature de la lumi\u00e8re :<\/td>\n<td valign=\"middle\">4000K<\/td>\n<\/tr>\n<tr class=\"odd\">\n<td valign=\"middle\" width=\"32\"><\/td>\n<td valign=\"middle\">CRI - Indice de rendu des couleurs :<\/td>\n<td valign=\"middle\">80<\/td>\n<\/tr>\n<tr class=\"even\">\n<td valign=\"middle\" width=\"32\"><\/td>\n<td valign=\"middle\">Mat\u00e9riaux de construction :<\/td>\n<td valign=\"middle\">Acier + PMMA<\/td>\n<\/tr>\n<tr class=\"odd\">\n<td valign=\"middle\" width=\"32\"><\/td>\n<td valign=\"middle\">Luminosit\u00e9-Lm :<\/td>\n<td valign=\"middle\">1800<\/td>\n<\/tr>\n<tr class=\"even\">\n<td valign=\"middle\" width=\"32\"><\/td>\n<td valign=\"middle\">Type de DEL :<\/td>\n<td valign=\"middle\">SMD (6x3W)<\/td>\n<\/tr>\n<tr class=\"odd\">\n<td valign=\"middle\" width=\"32\"><\/td>\n<td valign=\"middle\">Angle d'ouverture (\u00ba) :<\/td>\n<td valign=\"middle\">120\u00b0<\/td>\n<\/tr>\n<tr class=\"even\">\n<td valign=\"middle\" width=\"32\"><\/td>\n<td valign=\"middle\">Efficacit\u00e9 de la diode LED (Lm\/W) :<\/td>\n<td valign=\"middle\">140 Lm\/W<\/td>\n<\/tr>\n<\/tbody>\n<\/table>\n<\/div>\n<div class=\"col-xs-12 col-md-6 2\">\n<table class=\"table table-data-sheet 2\">\n<tbody>\n<tr class=\"odd\">\n<td valign=\"middle\" width=\"32\"><\/td>\n<td valign=\"middle\">Efficacit\u00e9 lumineuse (Lm\/W) :<\/td>\n<td valign=\"middle\">100 Lm\/W<\/td>\n<\/tr>\n<tr class=\"even\">\n<td valign=\"middle\" width=\"32\"><\/td>\n<td valign=\"middle\">Certificats :<\/td>\n<td valign=\"middle\">CE - ROHS<\/td>\n<\/tr>\n<tr class=\"odd\">\n<td valign=\"middle\" width=\"32\"><\/td>\n<td valign=\"middle\">Indice de protection IP :<\/td>\n<td valign=\"middle\">IP68-Ext\u00e9rieur<\/td>\n<\/tr>\n<tr class=\"even\">\n<td valign=\"middle\" width=\"32\"><\/td>\n<td valign=\"middle\">Dimensions (mm) :<\/td>\n<td valign=\"middle\">\u00d8135x21mm<\/td>\n<\/tr>\n<tr class=\"odd\">\n<td valign=\"middle\" width=\"32\"><\/td>\n<td valign=\"middle\">Informations compl\u00e9mentaires :<\/td>\n<td valign=\"middle\">C\u00e2ble de 2 m inclus<\/td>\n<\/tr>\n<tr class=\"even\">\n<td valign=\"middle\" width=\"32\"><\/td>\n<td valign=\"middle\">Protection contre les chocs (IK) :<\/td>\n<td valign=\"middle\">IK10<\/td>\n<\/tr>\n<tr class=\"odd\">\n<td valign=\"middle\" width=\"32\"><\/td>\n<td valign=\"middle\">Classe \u00e9nerg\u00e9tique (2021-EU-2019\/2015) :<\/td>\n<td valign=\"middle\">A+<\/td>\n<\/tr>\n<tr class=\"even\">\n<td valign=\"middle\" width=\"32\"><\/td>\n<td valign=\"middle\">Classe \u00e9nerg\u00e9tique (2023 - EU-2019\/2015) :<\/td>\n<td valign=\"middle\">F<\/td>\n<\/tr>\n<tr class=\"odd\">\n<td valign=\"middle\" width=\"32\"><\/td>\n<td valign=\"middle\">Ann\u00e9es de garantie :<\/td>\n<td valign=\"middle\">3<\/td>\n<\/tr>\n<\/tbody>\n<\/table>\n<\/div>\n<\/div>\n<\/div>\n<\/div><div data-retailrocket-markup-block=\"5e2051b697a528049cb3f087\" data-product-id=\"14310,14340\" data-language=\"es\" data-currency=\"ESP_1\">\n<div class=\"rr-widget rr-widget-5e2051b697a528049cb3f087\" data-algorithm=\"related\" data-algorithm-argument=\"14310,14340\" data-template-param-number-of-items=\"18\" data-template-param-item-image-width=\"187\" data-template-param-item-image-height=\"187\" data-on-pre-render=\"retailrocket['factorled5e2051b697a528049cb3f087'].preRenderFn(this, data, renderFn)\" data-on-post-render=\"retailrocket['factorled5e2051b697a528049cb3f087'].postRenderFn(this)\" data-template-container-id=\"widget-template-5e2051b697a528049cb3f087\" data-s=\"5e2051b697a528049cb3f087\" data-language=\"es\" data-currency=\"ESP_1\" data-header-text-es=\"Productos relacionados\" data-header-text-pt=\"Produtos relacionados\" data-header-text-fr=\"Produits connexes\" data-header-text-en=\"Related products\" data-header-text-de=\"Verwandte Produkte\" data-header-text-it=\"Prodotti correlati\" data-header-text-da=\"Relaterede produkter\" data-header-text-no=\"Relaterte produkter\" data-header-text-se=\"Relaterade produkter\" data-header-text-fi=\"Liittyv&auml;t tuotteet\" data-widget-applied=\"true\"><\/div>\n<\/div><section id=\"accessories\" class=\"page-product-box\">\n<h3 class=\"page-product-heading\"><\/h3>\n<\/section><\/p>","protected":false},"excerpt":{"rendered":"<div class=\"col-md-12\"><i class=\"fa fa-truck\"><\/i>&nbsp;<span class=\"text-muted textprop\">Livraison dans les 24\/48 heures<\/span><div class=\"col-md-12\"><i class=\"fa fa-exchange\"><\/i>&nbsp;<span class=\"text-muted textprop\">Garantie assur\u00e9e<\/span><\/div><div class=\"col-md-12\"><i class=\"fa fa-box\"><\/i>&nbsp;<span class=\"text-muted textprop\">36 unit\u00e9(s) par Masterbox<\/span><\/div><div><strong>TEMP\u00c9RATURE DE COULEUR : 4000K\/6000K<\/strong><\/div><\/div>","protected":false},"featured_media":2049,"template":"","meta":{"site-sidebar-layout":"default","site-content-layout":"default","ast-global-header-display":"","ast-main-header-display":"","ast-hfb-above-header-display":"","ast-hfb-below-header-display":"","ast-hfb-mobile-header-display":"","site-post-title":"","ast-breadcrumbs-content":"","ast-featured-img":"","footer-sml-layout":"","theme-transparent-header-meta":"default","adv-header-id-meta":"","stick-header-meta":"","header-above-stick-meta":"","header-main-stick-meta":"","header-below-stick-meta":""},"product_cat":[15,23],"product_tag":[],"class_list":["post-2037","product","type-product","status-publish","has-post-thumbnail","hentry","product_cat-bombillas-led-par","product_cat-bombillas-y-lamparas-led"],"_links":{"self":[{"href":"https:\/\/starlediluminacion.com\/fr\/wp-json\/wp\/v3\/product\/2037","targetHints":{"allow":["GET"]}}],"collection":[{"href":"https:\/\/starlediluminacion.com\/fr\/wp-json\/wp\/v3\/product"}],"about":[{"href":"https:\/\/starlediluminacion.com\/fr\/wp-json\/wp\/v2\/types\/product"}],"wp:featuredmedia":[{"embeddable":true,"href":"https:\/\/starlediluminacion.com\/fr\/wp-json\/wp\/v2\/media\/2049"}],"wp:attachment":[{"href":"https:\/\/starlediluminacion.com\/fr\/wp-json\/wp\/v2\/media?parent=2037"}],"wp:term":[{"taxonomy":"product_cat","embeddable":true,"href":"https:\/\/starlediluminacion.com\/fr\/wp-json\/wp\/v2\/product_cat?post=2037"},{"taxonomy":"product_tag","embeddable":true,"href":"https:\/\/starlediluminacion.com\/fr\/wp-json\/wp\/v2\/product_tag?post=2037"}],"curies":[{"name":"wp","href":"https:\/\/api.w.org\/{rel}","templated":true}]}}