{"id":1973,"date":"2022-08-01T21:41:46","date_gmt":"2022-08-01T21:41:46","guid":{"rendered":"https:\/\/starlediluminacion.com\/?post_type=product&#038;p=1973"},"modified":"2022-08-27T16:09:38","modified_gmt":"2022-08-27T16:09:38","slug":"lampara-led-ar111-14w-45o-gu10","status":"publish","type":"product","link":"https:\/\/starlediluminacion.com\/fr\/product\/lampara-led-ar111-14w-45o-gu10\/","title":{"rendered":"<p>Lampe LED AR111 14W 45\u00ba GU10<\/p>"},"content":{"rendered":"<p><label>R\u00c9F\u00c9RENCE : SL<span style=\"font-size: 16px;\">4701<\/span><\/label><p>Les&nbsp;<strong>Ampoule LED AR111 220V 14W<\/strong>&nbsp;est l'alternative efficace et de haute qualit\u00e9 aux lampes halog\u00e8nes de 85W. Elle se distingue par les \u00e9conomies d'\u00e9nergie qu'elle permet de r\u00e9aliser et par le fait que les lampes halog\u00e8nes ont une dur\u00e9e de vie plus longue que les lampes halog\u00e8nes.&nbsp;<strong>excellente qualit\u00e9<\/strong>&nbsp;de sa lumi\u00e8re. Int\u00e9grant la technologie LED la plus avanc\u00e9e, elle b\u00e9n\u00e9ficie d'un \u00e9clairage de qualit\u00e9.&nbsp;<strong>longue dur\u00e9e de vie<\/strong>&nbsp;et ne n\u00e9cessite aucun entretien<\/p><h1>Lampe LED AR111 14W 45\u00ba G10<\/h1><p>Notre&nbsp;<strong>Lampe LED AR111<\/strong>&nbsp;de&nbsp;<strong>14w&nbsp;<\/strong>Les \u00e9conomies d'\u00e9nergie pouvant atteindre 80% en font un produit tr\u00e8s respectueux de l'environnement, offrant un d\u00e9marrage instantan\u00e9 et une longue dur\u00e9e de vie.<\/p><p>Vos diodes SMD<strong>&nbsp;<\/strong>Les lampes sont \u00e9quivalentes \u00e0 la luminosit\u00e9 d'une ampoule classique d'environ 85W. Il en r\u00e9sulte une&nbsp;<strong>\u00e9conomies d'\u00e9nergie<\/strong>&nbsp;du 80%. La lumi\u00e8re expos\u00e9e est distribu\u00e9e dans un&nbsp;<strong>Angle de 45<\/strong>&nbsp;et a un indice de&nbsp;<strong>reproduction chromatique de +80<\/strong>La qualit\u00e9 de la lumi\u00e8re fournie par notre syst\u00e8me d'\u00e9clairage&nbsp;<strong>Lampe LED AR111<\/strong>&nbsp;de&nbsp;<strong>14w<\/strong>&nbsp;avec&nbsp;<strong>IP20<\/strong>.<\/p><p>Outre l'efficacit\u00e9 \u00e9nerg\u00e9tique, ce type d'\u00e9clairage se distingue par son&nbsp;<strong>longue dur\u00e9e de vie<\/strong>&nbsp;estim\u00e9e \u00e0 30 000 heures.<\/p><p>Parmi ses avantages, citons son excellente performance LED et son indice de rendu des couleurs \u00e9lev\u00e9, qui permet une reproduction fid\u00e8le des couleurs. Pour ces raisons, il s'agit d'une ampoule id\u00e9ale pour les espaces commerciaux tels que les magasins, les restaurants ou les h\u00f4tels.<\/p><h2>Utilisations de la lampe LED AR111 14W 45\u00ba G10<\/h2><ul>\n<li>Salons<\/li>\n<li>Testeurs<\/li>\n<li>Restaurants<\/li>\n<li>Magasins<\/li>\n<li>H\u00f4tels<\/li>\n<\/ul><h3 class=\"page-product-heading\">DONN\u00c9ES TECHNIQUES<\/h3><div class=\"col-xs-12 col-md-6\">\n<table class=\"table table-data-sheet 1\">\n<tbody>\n<tr class=\"odd\">\n<td valign=\"middle\" width=\"32\"><\/td>\n<td valign=\"middle\">REFERENCE :<\/td>\n<td valign=\"middle\">SL4701<\/td>\n<\/tr>\n<tr class=\"even\">\n<td valign=\"middle\" width=\"32\"><\/td>\n<td valign=\"middle\">Puissance nominale :<\/td>\n<td valign=\"middle\">14W<\/td>\n<\/tr>\n<tr class=\"odd\">\n<td valign=\"middle\" width=\"32\"><\/td>\n<td valign=\"middle\">Tension nominale :<\/td>\n<td valign=\"middle\">220-240V<\/td>\n<\/tr>\n<tr class=\"even\">\n<td valign=\"middle\" width=\"32\"><\/td>\n<td valign=\"middle\">Temp\u00e9rature de la lumi\u00e8re :<\/td>\n<td valign=\"middle\">2800K-4000K<\/td>\n<\/tr>\n<tr class=\"odd\">\n<td valign=\"middle\" width=\"32\"><\/td>\n<td valign=\"middle\">CRI - Indice de rendu des couleurs :<\/td>\n<td valign=\"middle\">80<\/td>\n<\/tr>\n<tr class=\"even\">\n<td valign=\"middle\" width=\"32\"><\/td>\n<td valign=\"middle\">Mat\u00e9riaux de construction :<\/td>\n<td valign=\"middle\">Polycarbonate<\/td>\n<\/tr>\n<tr class=\"odd\">\n<td valign=\"middle\" width=\"32\"><\/td>\n<td valign=\"middle\">Luminosit\u00e9-Lm :<\/td>\n<td valign=\"middle\">1022Lm<\/td>\n<\/tr>\n<tr class=\"even\">\n<td valign=\"middle\" width=\"32\"><\/td>\n<td valign=\"middle\">Type de DEL :<\/td>\n<td valign=\"middle\">SMD<\/td>\n<\/tr>\n<tr class=\"odd\">\n<td valign=\"middle\" width=\"32\"><\/td>\n<td valign=\"middle\">Angle d'ouverture (\u00ba) :<\/td>\n<td valign=\"middle\">45\u00ba<\/td>\n<\/tr>\n<tr class=\"even\">\n<td valign=\"middle\" width=\"32\"><\/td>\n<td valign=\"middle\">Efficacit\u00e9 de la diode LED (Lm\/W) :<\/td>\n<td valign=\"middle\">100LmW<\/td>\n<\/tr>\n<tr class=\"odd\">\n<td valign=\"middle\" width=\"32\"><\/td>\n<td valign=\"middle\">Efficacit\u00e9 lumineuse (Lm\/W) :<\/td>\n<td valign=\"middle\">75Lm\/W<\/td>\n<\/tr>\n<tr class=\"even\">\n<td valign=\"middle\" width=\"32\"><\/td>\n<td valign=\"middle\">Douille :<\/td>\n<td valign=\"middle\">GU10<\/td>\n<\/tr>\n<\/tbody>\n<\/table>\n<\/div><div class=\"col-xs-12 col-md-6 2\">\n<table class=\"table table-data-sheet 2\">\n<tbody>\n<tr class=\"odd\">\n<td valign=\"middle\" width=\"32\"><\/td>\n<td valign=\"middle\">Certificats :<\/td>\n<td valign=\"middle\">CE - ROHS<\/td>\n<\/tr>\n<tr class=\"even\">\n<td valign=\"middle\" width=\"32\"><\/td>\n<td valign=\"middle\">Indice de protection IP :<\/td>\n<td valign=\"middle\">IP20<\/td>\n<\/tr>\n<tr class=\"odd\">\n<td valign=\"middle\" width=\"32\"><\/td>\n<td valign=\"middle\">Dur\u00e9e de vie estim\u00e9e de la diode LED (H) :<\/td>\n<td valign=\"middle\">35.000<\/td>\n<\/tr>\n<tr class=\"even\">\n<td valign=\"middle\" width=\"32\"><\/td>\n<td valign=\"middle\">Dimensions (mm) :<\/td>\n<td valign=\"middle\">\u00d8110mm * 67mm<\/td>\n<\/tr>\n<tr class=\"odd\">\n<td valign=\"middle\" width=\"32\"><\/td>\n<td valign=\"middle\">Fr\u00e9quence de travail (Hz) :<\/td>\n<td valign=\"middle\">50\/60Hz<\/td>\n<\/tr>\n<tr class=\"even\">\n<td valign=\"middle\" width=\"32\"><\/td>\n<td valign=\"middle\">Plage de temp\u00e9rature (\u00baC) :<\/td>\n<td valign=\"middle\">-20\u00b0C ~ +55\u00b0C<\/td>\n<\/tr>\n<tr class=\"odd\">\n<td valign=\"middle\" width=\"32\"><\/td>\n<td valign=\"middle\">Cycles d'allumage :<\/td>\n<td valign=\"middle\">100.000<\/td>\n<\/tr>\n<tr class=\"even\">\n<td valign=\"middle\" width=\"32\"><\/td>\n<td valign=\"middle\">Temps de d\u00e9marrage (s) :<\/td>\n<td valign=\"middle\">0,2s<\/td>\n<\/tr>\n<tr class=\"odd\">\n<td valign=\"middle\" width=\"32\"><\/td>\n<td valign=\"middle\">Pilote inclus :<\/td>\n<td valign=\"middle\">OUI<\/td>\n<\/tr>\n<tr class=\"even\">\n<td valign=\"middle\" width=\"32\"><\/td>\n<td valign=\"middle\">Classe \u00e9nerg\u00e9tique (2021-EU-2019\/2015) :<\/td>\n<td valign=\"middle\">A+<\/td>\n<\/tr>\n<tr class=\"odd\">\n<td valign=\"middle\" width=\"32\"><\/td>\n<td valign=\"middle\">Ann\u00e9es de garantie :<\/td>\n<td valign=\"middle\">2<\/td>\n<\/tr>\n<\/tbody>\n<\/table>\n<\/div><\/p>","protected":false},"excerpt":{"rendered":"<div class=\"col-md-12\"><i class=\"fa fa-truck\"><\/i>&nbsp;<span class=\"text-muted textprop\">Livraison dans les 24\/48 heures<\/span><div class=\"col-md-12\"><i class=\"fa fa-exchange\"><\/i>&nbsp;<span class=\"text-muted textprop\">Garantie assur\u00e9e<\/span><\/div><div class=\"col-md-12\"><i class=\"fa fa-box\"><\/i>&nbsp;<span class=\"text-muted textprop\">50 unit\u00e9(s) par bo\u00eete \u00e0 outils<\/span><\/div><div><strong>TEMP\u00c9RATURE DE COULEUR : 2700K\/4000K<\/strong><\/div><\/div>","protected":false},"featured_media":1980,"template":"","meta":{"site-sidebar-layout":"default","site-content-layout":"default","ast-global-header-display":"","ast-main-header-display":"","ast-hfb-above-header-display":"","ast-hfb-below-header-display":"","ast-hfb-mobile-header-display":"","site-post-title":"","ast-breadcrumbs-content":"","ast-featured-img":"","footer-sml-layout":"","theme-transparent-header-meta":"default","adv-header-id-meta":"","stick-header-meta":"","header-above-stick-meta":"","header-main-stick-meta":"","header-below-stick-meta":""},"product_cat":[61,23],"product_tag":[],"class_list":["post-1973","product","type-product","status-publish","has-post-thumbnail","hentry","product_cat-bombillas-led-ar111","product_cat-bombillas-y-lamparas-led"],"_links":{"self":[{"href":"https:\/\/starlediluminacion.com\/fr\/wp-json\/wp\/v3\/product\/1973","targetHints":{"allow":["GET"]}}],"collection":[{"href":"https:\/\/starlediluminacion.com\/fr\/wp-json\/wp\/v3\/product"}],"about":[{"href":"https:\/\/starlediluminacion.com\/fr\/wp-json\/wp\/v2\/types\/product"}],"wp:featuredmedia":[{"embeddable":true,"href":"https:\/\/starlediluminacion.com\/fr\/wp-json\/wp\/v2\/media\/1980"}],"wp:attachment":[{"href":"https:\/\/starlediluminacion.com\/fr\/wp-json\/wp\/v2\/media?parent=1973"}],"wp:term":[{"taxonomy":"product_cat","embeddable":true,"href":"https:\/\/starlediluminacion.com\/fr\/wp-json\/wp\/v2\/product_cat?post=1973"},{"taxonomy":"product_tag","embeddable":true,"href":"https:\/\/starlediluminacion.com\/fr\/wp-json\/wp\/v2\/product_tag?post=1973"}],"curies":[{"name":"wp","href":"https:\/\/api.w.org\/{rel}","templated":true}]}}