{"id":1924,"date":"2022-08-01T21:11:51","date_gmt":"2022-08-01T21:11:51","guid":{"rendered":"https:\/\/starlediluminacion.com\/?post_type=product&#038;p=1924"},"modified":"2022-08-27T16:05:33","modified_gmt":"2022-08-27T16:05:33","slug":"dicroica-led-5w-gu10-rgbcct-smart-wifi-control-remoto-regulable","status":"publish","type":"product","link":"https:\/\/starlediluminacion.com\/fr\/product\/dichroic-led-5w-gu10-rgbcct-smart-wifi-control-remote-control-adjustable\/","title":{"rendered":"<p>5W GU10 RGB+CCT + SMART Wifi + T\u00e9l\u00e9commande + Dimmable LED Beacon 5W GU10 RGB+CCT + SMART Wifi + T\u00e9l\u00e9commande + Dimmable<\/p>"},"content":{"rendered":"<p><label><label>R\u00c9F\u00c9RENCE : <span style=\"font-size: 16px;\">SL<\/span><span class=\"editable\" style=\"font-size: 16px;\">IWSMGU10<\/span><\/label><\/label><p><strong>WIFI SMART LED 5W dichro\u00efque + T\u00c9L\u00c9COMMANDE&nbsp;<\/strong>GU10 avec fonction de s\u00e9lection de la couleur&nbsp;<strong>RVB + blanc.<\/strong> Il est facilement programmable via notre application gratuite IWIIK et\/ou vocalement avec Google Home et Alexa. Avec diff\u00e9rentes nuances de couleurs et de luminosit\u00e9, vous pouvez cr\u00e9er des atmosph\u00e8res uniques. Et si vous souhaitez simplement le contr\u00f4ler avec la t\u00e9l\u00e9commande, c'est \u00e9galement possible.<strong>50xH56mm<\/strong><\/p><h1>5W GU10 RGB+CCT + SMART Wifi + T\u00e9l\u00e9commande + Dimmable LED Beacon 5W GU10 RGB+CCT + SMART Wifi + T\u00e9l\u00e9commande + Dimmable<\/h1><p>Notre Dicroica 5W LED SMART WIFI+ REMOTE CONTROL, offre la possibilit\u00e9 de r\u00e9gler la couleur de chaque diode (RGB) ainsi que la luminosit\u00e9 et sa temp\u00e9rature de couleur, \u00e9tant possible de r\u00e9gler des couleurs chaudes (2700K) \u00e0 des couleurs plus froides (6500K) s'adaptant ainsi aux besoins de tous les utilisateurs. Associez-le \u00e0 d'autres appareils SMART et cr\u00e9ez des moments uniques dans votre maison.<\/p><h2>Configuration LED Dichroic 5W GU10 RGB+CCT :<\/h2><ul>\n<li>Branchez l'ampoule sur le secteur.<\/li>\n<li>Allumer et \u00e9teindre de mani\u00e8re r\u00e9p\u00e9t\u00e9e 3 fois<\/li>\n<li>L'ampoule doit commencer \u00e0 clignoter.<\/li>\n<li>Si l'ampoule ne clignote pas, attendez 10 secondes et recommencez la s\u00e9quence.<\/li>\n<li>D\u00e9sormais, vous pouvez le relier \u00e0 l'APP.<\/li>\n<\/ul><p>La lampe \u00e0 douille GU10 peut \u00e9galement \u00eatre contr\u00f4l\u00e9e \u00e0 l'aide de la t\u00e9l\u00e9commande infrarouge int\u00e9gr\u00e9e, sans qu'il soit n\u00e9cessaire de la relier au r\u00e9seau WIFI.<\/p><p>Il dispose d'un total de&nbsp;<strong>la compatibilit\u00e9<\/strong>&nbsp; avec&nbsp;<strong>Amazon Alexa, Google Home et la vie intelligente<\/strong>&nbsp;ainsi que les syst\u00e8mes d'exploitation IOs et Android. Sa mise en \u0153uvre est tr\u00e8s simple et intuitive gr\u00e2ce \u00e0 notre application gratuite IWIIK ou TUYA.<\/p><p>Transformez votre maison en une maison intelligente gr\u00e2ce aux produits Smart WIFI IWIIK que vous trouverez dans notre boutique en ligne.<\/p><h3 class=\"page-product-heading\">DONN\u00c9ES TECHNIQUES<\/h3><div class=\"col-xs-12 col-md-6\">\n<table class=\"table table-data-sheet 1\">\n<tbody>\n<tr class=\"odd\">\n<td valign=\"middle\" width=\"32\"><\/td>\n<td valign=\"middle\">REFERENCE :<\/td>\n<td valign=\"middle\">SLIWSMGU10<\/td>\n<\/tr>\n<tr class=\"even\">\n<td valign=\"middle\" width=\"32\"><\/td>\n<td valign=\"middle\">Puissance nominale :<\/td>\n<td valign=\"middle\">5w<\/td>\n<\/tr>\n<tr class=\"odd\">\n<td valign=\"middle\" width=\"32\"><\/td>\n<td valign=\"middle\">Tension nominale :<\/td>\n<td valign=\"middle\">220-240V<\/td>\n<\/tr>\n<tr class=\"even\">\n<td valign=\"middle\" width=\"32\"><\/td>\n<td valign=\"middle\">Temp\u00e9rature de la lumi\u00e8re :<\/td>\n<td valign=\"middle\">RVB + CCT<\/td>\n<\/tr>\n<tr class=\"odd\">\n<td valign=\"middle\" width=\"32\"><\/td>\n<td valign=\"middle\">CRI - Indice de rendu des couleurs :<\/td>\n<td valign=\"middle\">80<\/td>\n<\/tr>\n<tr class=\"even\">\n<td valign=\"middle\" width=\"32\"><\/td>\n<td valign=\"middle\">Mat\u00e9riaux de construction :<\/td>\n<td valign=\"middle\">Aluminium +PC<\/td>\n<\/tr>\n<tr class=\"odd\">\n<td valign=\"middle\" width=\"32\"><\/td>\n<td valign=\"middle\">Luminosit\u00e9-Lm :<\/td>\n<td valign=\"middle\">400<\/td>\n<\/tr>\n<tr class=\"even\">\n<td valign=\"middle\" width=\"32\"><\/td>\n<td valign=\"middle\">Type de DEL :<\/td>\n<td valign=\"middle\">SMD<\/td>\n<\/tr>\n<tr class=\"odd\">\n<td valign=\"middle\" width=\"32\"><\/td>\n<td valign=\"middle\">Angle d'ouverture (\u00ba) :<\/td>\n<td valign=\"middle\">120\u00b0<\/td>\n<\/tr>\n<tr class=\"even\">\n<td valign=\"middle\" width=\"32\"><\/td>\n<td valign=\"middle\">Efficacit\u00e9 de la diode LED (Lm\/W) :<\/td>\n<td valign=\"middle\">120Lm\/W<\/td>\n<\/tr>\n<tr class=\"odd\">\n<td valign=\"middle\" width=\"32\"><\/td>\n<td valign=\"middle\">Efficacit\u00e9 lumineuse (Lm\/W) :<\/td>\n<td valign=\"middle\">80 Lm\/W<\/td>\n<\/tr>\n<\/tbody>\n<\/table>\n<\/div><div class=\"col-xs-12 col-md-6 2\">\n<table class=\"table table-data-sheet 2\">\n<tbody>\n<tr class=\"odd\">\n<td valign=\"middle\" width=\"32\"><\/td>\n<td valign=\"middle\">Douille :<\/td>\n<td valign=\"middle\">GU10<\/td>\n<\/tr>\n<tr class=\"even\">\n<td valign=\"middle\" width=\"32\"><\/td>\n<td valign=\"middle\">Certificats :<\/td>\n<td valign=\"middle\">CE - ROHS<\/td>\n<\/tr>\n<tr class=\"odd\">\n<td valign=\"middle\" width=\"32\"><\/td>\n<td valign=\"middle\">Dur\u00e9e de vie estim\u00e9e de la diode LED (H) :<\/td>\n<td valign=\"middle\">30.000<\/td>\n<\/tr>\n<tr class=\"even\">\n<td valign=\"middle\" width=\"32\"><\/td>\n<td valign=\"middle\">Dimensions (mm) :<\/td>\n<td valign=\"middle\">\u00d850xH56mm<\/td>\n<\/tr>\n<tr class=\"odd\">\n<td valign=\"middle\" width=\"32\"><\/td>\n<td valign=\"middle\">Fr\u00e9quence de travail (Hz) :<\/td>\n<td valign=\"middle\">50\/60Hz<\/td>\n<\/tr>\n<tr class=\"even\">\n<td valign=\"middle\" width=\"32\"><\/td>\n<td valign=\"middle\">Plage de temp\u00e9rature (\u00baC) :<\/td>\n<td valign=\"middle\">-20\u00b0C ~ +55\u00b0C<\/td>\n<\/tr>\n<tr class=\"odd\">\n<td valign=\"middle\" width=\"32\"><\/td>\n<td valign=\"middle\">Temps de d\u00e9marrage (s) :<\/td>\n<td valign=\"middle\">0,2s<\/td>\n<\/tr>\n<tr class=\"even\">\n<td valign=\"middle\" width=\"32\"><\/td>\n<td valign=\"middle\">Modes de contr\u00f4le :<\/td>\n<td valign=\"middle\">T\u00c9L\u00c9COMMANDE + WIFI<\/td>\n<\/tr>\n<tr class=\"odd\">\n<td valign=\"middle\" width=\"32\"><\/td>\n<td valign=\"middle\">Classe \u00e9nerg\u00e9tique (2021-EU-2019\/2015) :<\/td>\n<td valign=\"middle\">A+<\/td>\n<\/tr>\n<tr class=\"even\">\n<td valign=\"middle\" width=\"32\"><\/td>\n<td valign=\"middle\">Ann\u00e9es de garantie :<\/td>\n<td valign=\"middle\">2<\/td>\n<\/tr>\n<\/tbody>\n<\/table>\n<\/div><\/p>","protected":false},"excerpt":{"rendered":"<div class=\"col-md-12\">&nbsp;<span class=\"text-muted textprop\">Livraison dans les 24\/48 heures<\/span><div class=\"col-md-12\"><i class=\"fa fa-exchange\"><\/i>&nbsp;<span class=\"text-muted textprop\">Garantie assur\u00e9e<\/span><\/div><div class=\"col-md-12\"><i class=\"fa fa-box\"><\/i>&nbsp;<span class=\"text-muted textprop\">200 unit\u00e9(s) par bo\u00eete \u00e0 outils<\/span><\/div><div class=\"col-md-12\"><\/div><\/div>","protected":false},"featured_media":1925,"template":"","meta":{"site-sidebar-layout":"default","site-content-layout":"default","ast-global-header-display":"","ast-main-header-display":"","ast-hfb-above-header-display":"","ast-hfb-below-header-display":"","ast-hfb-mobile-header-display":"","site-post-title":"","ast-breadcrumbs-content":"","ast-featured-img":"","footer-sml-layout":"","theme-transparent-header-meta":"default","adv-header-id-meta":"","stick-header-meta":"","header-above-stick-meta":"","header-main-stick-meta":"","header-below-stick-meta":""},"product_cat":[48,23,39],"product_tag":[],"class_list":["post-1924","product","type-product","status-publish","has-post-thumbnail","hentry","product_cat-bombillas-led-gu10-mr16-g4","product_cat-bombillas-y-lamparas-led","product_cat-smart-led-domotica"],"yoast_head":"<!-- This site is optimized with the Yoast SEO plugin v27.4 - https:\/\/yoast.com\/product\/yoast-seo-wordpress\/ -->\n<title>Dicroica LED 5W GU10 RGB+CCT + SMART Wifi + Control Remoto + Regulable - STARLED Iluminacion<\/title>\n<meta name=\"robots\" content=\"index, follow, max-snippet:-1, max-image-preview:large, max-video-preview:-1\" \/>\n<link rel=\"canonical\" href=\"https:\/\/starlediluminacion.com\/fr\/product\/dicroica-led-5w-gu10-rgbcct-smart-wifi-control-remote-controlado-ajustavel\/\" \/>\n<meta property=\"og:locale\" content=\"fr_FR\" \/>\n<meta property=\"og:type\" content=\"article\" \/>\n<meta property=\"og:title\" content=\"Dicroica LED 5W GU10 RGB+CCT + SMART Wifi + Control Remoto + Regulable - STARLED Iluminacion\" \/>\n<meta property=\"og:description\" content=\"\u00a0Entrega en 24\/48 horas \u00a0Garant\u00eda asegurada \u00a0200 unidad(es) por Masterbox\" \/>\n<meta property=\"og:url\" content=\"https:\/\/starlediluminacion.com\/fr\/product\/dicroica-led-5w-gu10-rgbcct-smart-wifi-control-remote-controlado-ajustavel\/\" \/>\n<meta property=\"og:site_name\" content=\"STARLED Iluminacion\" \/>\n<meta property=\"article:modified_time\" content=\"2022-08-27T16:05:33+00:00\" \/>\n<meta property=\"og:image\" content=\"https:\/\/starlediluminacion.com\/wp-content\/uploads\/2022\/08\/dicroica-led-5w-gu10-rgbcct-smart-wifi-control-remoto-regulable-factorled-1.jpg\" \/>\n\t<meta property=\"og:image:width\" content=\"1000\" \/>\n\t<meta property=\"og:image:height\" content=\"1000\" \/>\n\t<meta property=\"og:image:type\" content=\"image\/jpeg\" \/>\n<meta name=\"twitter:card\" content=\"summary_large_image\" \/>\n<meta name=\"twitter:label1\" content=\"Dur\u00e9e de lecture estim\u00e9e\" \/>\n\t<meta name=\"twitter:data1\" content=\"2 minutes\" \/>\n<script type=\"application\/ld+json\" class=\"yoast-schema-graph\">{\"@context\":\"https:\\\/\\\/schema.org\",\"@graph\":[{\"@type\":\"WebPage\",\"@id\":\"https:\\\/\\\/starlediluminacion.com\\\/pt\\\/product\\\/dicroica-led-5w-gu10-rgbcct-smart-wifi-control-remote-controlado-ajustavel\\\/\",\"url\":\"https:\\\/\\\/starlediluminacion.com\\\/pt\\\/product\\\/dicroica-led-5w-gu10-rgbcct-smart-wifi-control-remote-controlado-ajustavel\\\/\",\"name\":\"Dicroica LED 5W GU10 RGB+CCT + SMART Wifi + Control Remoto + Regulable - STARLED Iluminacion\",\"isPartOf\":{\"@id\":\"https:\\\/\\\/starlediluminacion.com\\\/#website\"},\"primaryImageOfPage\":{\"@id\":\"https:\\\/\\\/starlediluminacion.com\\\/pt\\\/product\\\/dicroica-led-5w-gu10-rgbcct-smart-wifi-control-remote-controlado-ajustavel\\\/#primaryimage\"},\"image\":{\"@id\":\"https:\\\/\\\/starlediluminacion.com\\\/pt\\\/product\\\/dicroica-led-5w-gu10-rgbcct-smart-wifi-control-remote-controlado-ajustavel\\\/#primaryimage\"},\"thumbnailUrl\":\"https:\\\/\\\/starlediluminacion.com\\\/wp-content\\\/uploads\\\/2022\\\/08\\\/dicroica-led-5w-gu10-rgbcct-smart-wifi-control-remoto-regulable-factorled-1.jpg\",\"datePublished\":\"2022-08-01T21:11:51+00:00\",\"dateModified\":\"2022-08-27T16:05:33+00:00\",\"breadcrumb\":{\"@id\":\"https:\\\/\\\/starlediluminacion.com\\\/pt\\\/product\\\/dicroica-led-5w-gu10-rgbcct-smart-wifi-control-remote-controlado-ajustavel\\\/#breadcrumb\"},\"inLanguage\":\"fr-FR\",\"potentialAction\":[{\"@type\":\"ReadAction\",\"target\":[\"https:\\\/\\\/starlediluminacion.com\\\/pt\\\/product\\\/dicroica-led-5w-gu10-rgbcct-smart-wifi-control-remote-controlado-ajustavel\\\/\"]}]},{\"@type\":\"ImageObject\",\"inLanguage\":\"fr-FR\",\"@id\":\"https:\\\/\\\/starlediluminacion.com\\\/pt\\\/product\\\/dicroica-led-5w-gu10-rgbcct-smart-wifi-control-remote-controlado-ajustavel\\\/#primaryimage\",\"url\":\"https:\\\/\\\/starlediluminacion.com\\\/wp-content\\\/uploads\\\/2022\\\/08\\\/dicroica-led-5w-gu10-rgbcct-smart-wifi-control-remoto-regulable-factorled-1.jpg\",\"contentUrl\":\"https:\\\/\\\/starlediluminacion.com\\\/wp-content\\\/uploads\\\/2022\\\/08\\\/dicroica-led-5w-gu10-rgbcct-smart-wifi-control-remoto-regulable-factorled-1.jpg\",\"width\":1000,\"height\":1000},{\"@type\":\"BreadcrumbList\",\"@id\":\"https:\\\/\\\/starlediluminacion.com\\\/pt\\\/product\\\/dicroica-led-5w-gu10-rgbcct-smart-wifi-control-remote-controlado-ajustavel\\\/#breadcrumb\",\"itemListElement\":[{\"@type\":\"ListItem\",\"position\":1,\"name\":\"Portada\",\"item\":\"https:\\\/\\\/starlediluminacion.com\\\/\"},{\"@type\":\"ListItem\",\"position\":2,\"name\":\"Shop\",\"item\":\"https:\\\/\\\/starlediluminacion.com\\\/shop-2\\\/\"},{\"@type\":\"ListItem\",\"position\":3,\"name\":\"Dicroica LED 5W GU10 RGB+CCT + SMART Wifi + Control Remoto + Regulable\"}]},{\"@type\":\"WebSite\",\"@id\":\"https:\\\/\\\/starlediluminacion.com\\\/#website\",\"url\":\"https:\\\/\\\/starlediluminacion.com\\\/\",\"name\":\"STARLED Iluminacion\",\"description\":\"\",\"potentialAction\":[{\"@type\":\"SearchAction\",\"target\":{\"@type\":\"EntryPoint\",\"urlTemplate\":\"https:\\\/\\\/starlediluminacion.com\\\/?s={search_term_string}\"},\"query-input\":{\"@type\":\"PropertyValueSpecification\",\"valueRequired\":true,\"valueName\":\"search_term_string\"}}],\"inLanguage\":\"fr-FR\"}]}<\/script>\n<!-- \/ Yoast SEO plugin. -->","yoast_head_json":{"title":"Dicroica LED 5W GU10 RGB+CCT + SMART Wifi + Control Remoto + Regulable - STARLED Iluminacion","robots":{"index":"index","follow":"follow","max-snippet":"max-snippet:-1","max-image-preview":"max-image-preview:large","max-video-preview":"max-video-preview:-1"},"canonical":"https:\/\/starlediluminacion.com\/fr\/product\/dicroica-led-5w-gu10-rgbcct-smart-wifi-control-remote-controlado-ajustavel\/","og_locale":"fr_FR","og_type":"article","og_title":"Dicroica LED 5W GU10 RGB+CCT + SMART Wifi + Control Remoto + Regulable - STARLED Iluminacion","og_description":"\u00a0Entrega en 24\/48 horas \u00a0Garant\u00eda asegurada \u00a0200 unidad(es) por Masterbox","og_url":"https:\/\/starlediluminacion.com\/fr\/product\/dicroica-led-5w-gu10-rgbcct-smart-wifi-control-remote-controlado-ajustavel\/","og_site_name":"STARLED Iluminacion","article_modified_time":"2022-08-27T16:05:33+00:00","og_image":[{"width":1000,"height":1000,"url":"https:\/\/starlediluminacion.com\/wp-content\/uploads\/2022\/08\/dicroica-led-5w-gu10-rgbcct-smart-wifi-control-remoto-regulable-factorled-1.jpg","type":"image\/jpeg"}],"twitter_card":"summary_large_image","twitter_misc":{"Dur\u00e9e de lecture estim\u00e9e":"2 minutes"},"schema":{"@context":"https:\/\/schema.org","@graph":[{"@type":"WebPage","@id":"https:\/\/starlediluminacion.com\/pt\/product\/dicroica-led-5w-gu10-rgbcct-smart-wifi-control-remote-controlado-ajustavel\/","url":"https:\/\/starlediluminacion.com\/pt\/product\/dicroica-led-5w-gu10-rgbcct-smart-wifi-control-remote-controlado-ajustavel\/","name":"Dicroica LED 5W GU10 RGB+CCT + SMART Wifi + Control Remoto + Regulable - STARLED Iluminacion","isPartOf":{"@id":"https:\/\/starlediluminacion.com\/#website"},"primaryImageOfPage":{"@id":"https:\/\/starlediluminacion.com\/pt\/product\/dicroica-led-5w-gu10-rgbcct-smart-wifi-control-remote-controlado-ajustavel\/#primaryimage"},"image":{"@id":"https:\/\/starlediluminacion.com\/pt\/product\/dicroica-led-5w-gu10-rgbcct-smart-wifi-control-remote-controlado-ajustavel\/#primaryimage"},"thumbnailUrl":"https:\/\/starlediluminacion.com\/wp-content\/uploads\/2022\/08\/dicroica-led-5w-gu10-rgbcct-smart-wifi-control-remoto-regulable-factorled-1.jpg","datePublished":"2022-08-01T21:11:51+00:00","dateModified":"2022-08-27T16:05:33+00:00","breadcrumb":{"@id":"https:\/\/starlediluminacion.com\/pt\/product\/dicroica-led-5w-gu10-rgbcct-smart-wifi-control-remote-controlado-ajustavel\/#breadcrumb"},"inLanguage":"fr-FR","potentialAction":[{"@type":"ReadAction","target":["https:\/\/starlediluminacion.com\/pt\/product\/dicroica-led-5w-gu10-rgbcct-smart-wifi-control-remote-controlado-ajustavel\/"]}]},{"@type":"ImageObject","inLanguage":"fr-FR","@id":"https:\/\/starlediluminacion.com\/pt\/product\/dicroica-led-5w-gu10-rgbcct-smart-wifi-control-remote-controlado-ajustavel\/#primaryimage","url":"https:\/\/starlediluminacion.com\/wp-content\/uploads\/2022\/08\/dicroica-led-5w-gu10-rgbcct-smart-wifi-control-remoto-regulable-factorled-1.jpg","contentUrl":"https:\/\/starlediluminacion.com\/wp-content\/uploads\/2022\/08\/dicroica-led-5w-gu10-rgbcct-smart-wifi-control-remoto-regulable-factorled-1.jpg","width":1000,"height":1000},{"@type":"BreadcrumbList","@id":"https:\/\/starlediluminacion.com\/pt\/product\/dicroica-led-5w-gu10-rgbcct-smart-wifi-control-remote-controlado-ajustavel\/#breadcrumb","itemListElement":[{"@type":"ListItem","position":1,"name":"Portada","item":"https:\/\/starlediluminacion.com\/"},{"@type":"ListItem","position":2,"name":"Shop","item":"https:\/\/starlediluminacion.com\/shop-2\/"},{"@type":"ListItem","position":3,"name":"Dicroica LED 5W GU10 RGB+CCT + SMART Wifi + Control Remoto + Regulable"}]},{"@type":"WebSite","@id":"https:\/\/starlediluminacion.com\/#website","url":"https:\/\/starlediluminacion.com\/","name":"STARLED Iluminacion","description":"","potentialAction":[{"@type":"SearchAction","target":{"@type":"EntryPoint","urlTemplate":"https:\/\/starlediluminacion.com\/?s={search_term_string}"},"query-input":{"@type":"PropertyValueSpecification","valueRequired":true,"valueName":"search_term_string"}}],"inLanguage":"fr-FR"}]}},"_links":{"self":[{"href":"https:\/\/starlediluminacion.com\/fr\/wp-json\/wp\/v3\/product\/1924","targetHints":{"allow":["GET"]}}],"collection":[{"href":"https:\/\/starlediluminacion.com\/fr\/wp-json\/wp\/v3\/product"}],"about":[{"href":"https:\/\/starlediluminacion.com\/fr\/wp-json\/wp\/v2\/types\/product"}],"wp:featuredmedia":[{"embeddable":true,"href":"https:\/\/starlediluminacion.com\/fr\/wp-json\/wp\/v2\/media\/1925"}],"wp:attachment":[{"href":"https:\/\/starlediluminacion.com\/fr\/wp-json\/wp\/v2\/media?parent=1924"}],"wp:term":[{"taxonomy":"product_cat","embeddable":true,"href":"https:\/\/starlediluminacion.com\/fr\/wp-json\/wp\/v2\/product_cat?post=1924"},{"taxonomy":"product_tag","embeddable":true,"href":"https:\/\/starlediluminacion.com\/fr\/wp-json\/wp\/v2\/product_tag?post=1924"}],"curies":[{"name":"wp","href":"https:\/\/api.w.org\/{rel}","templated":true}]}}