{"id":1911,"date":"2022-08-01T20:52:28","date_gmt":"2022-08-01T20:52:28","guid":{"rendered":"https:\/\/starlediluminacion.com\/?post_type=product&#038;p=1911"},"modified":"2022-08-27T15:58:36","modified_gmt":"2022-08-27T15:58:36","slug":"bombilla-led-de-filamento-4w-e14-p45","status":"publish","type":"product","link":"https:\/\/starlediluminacion.com\/fr\/product\/bombilla-led-de-filamento-4w-e14-p45\/","title":{"rendered":"<p>Bombilla LED de Filamento 4W E14 P45<\/p>"},"content":{"rendered":"<p><label>R\u00c9F\u00c9RENCE : SL<span style=\"font-size: 16px;\">B8003<\/span><\/label><p>Notre&nbsp;<strong>Ampoule LED<\/strong>&nbsp;de&nbsp;<strong>Filament<\/strong>Il se caract\u00e9rise par son caract\u00e8re tr\u00e8s d\u00e9coratif car il offre une lumi\u00e8re chaude et est id\u00e9al pour l'\u00e9clairage des lieux de loisirs, des int\u00e9rieurs, des espaces classiques.&nbsp;<strong>P<\/strong><strong>45<\/strong><strong>&nbsp;<\/strong>de&nbsp;<strong>4w<\/strong>&nbsp;se puede instalar en cualquier tipo de l&aacute;mpara debido a su peque&ntilde;o tama&ntilde;o, ya que tiene 45mm de di&aacute;metro..<strong>45&times;73 mm<\/strong><\/p><h1 dir=\"ltr\">Bombilla LED de Filamento 4W E14 P45<\/h1><p dir=\"ltr\">Vous \u00eates \u00e0&nbsp;<strong>Ampoule LED<\/strong>&nbsp;de&nbsp;<strong>Filament<\/strong>&nbsp;de<strong>&nbsp;4W<\/strong>&nbsp;La puissance \u00e9lev\u00e9e fournit une lumi\u00e8re chaude pouvant atteindre 400 lumens, son efficacit\u00e9 lumineuse \u00e9lev\u00e9e la rend respectueuse de l'environnement gr\u00e2ce \u00e0 l'utilisation d'une lampe \u00e0 incandescence.&nbsp;<strong>LED<\/strong>.<\/p><p dir=\"ltr\">La forme de cette ampoule permet de r\u00e9partir uniform\u00e9ment la lumi\u00e8re, \u00e9vitant ainsi la formation d'ombres dues \u00e0 l'angle de l'ampoule.&nbsp;<strong>360\u00b0<\/strong>&nbsp;et fournit ainsi une lumi\u00e8re blanche d\u00e9corative et \u00e9l\u00e9gante.<\/p><p dir=\"ltr\">Avec ce type d'ampoule, on peut&nbsp;<strong>\u00e9conomiser jusqu'\u00e0 90%<\/strong>&nbsp;dans notre&nbsp;<strong>la consommation<\/strong>&nbsp;et l'entretien contrairement aux ampoules \u00e0 incandescence, nous pouvons contribuer \u00e0 l'environnement car ces ampoules ne sont pas compos\u00e9es de mat\u00e9riaux nocifs. De plus, ce mod\u00e8le remplace parfaitement les ampoules \u00e0 incandescence.<\/p><h2>Usos de la&nbsp;Bombilla LED de Filamento 4W&nbsp; E14 P45<\/h2><ul>\n<li>\u00c9clairage d\u00e9coratif<\/li>\n<li>Restaurants<\/li>\n<li>H\u00f4tels<\/li>\n<li>Chambre<\/li>\n<li>Lampes de bureau ou de chevet<\/li>\n<li>Salons<\/li>\n<li>Chillout<\/li>\n<\/ul><h3 class=\"page-product-heading\">DONN\u00c9ES TECHNIQUES<\/h3><div class=\"col-xs-12 col-md-6\">\n<table class=\"table table-data-sheet 1\">\n<tbody>\n<tr class=\"odd\">\n<td valign=\"middle\" width=\"32\"><\/td>\n<td valign=\"middle\">REFERENCE :<\/td>\n<td valign=\"middle\">SLB8003<\/td>\n<\/tr>\n<tr class=\"even\">\n<td valign=\"middle\" width=\"32\"><\/td>\n<td valign=\"middle\">Puissance nominale :<\/td>\n<td valign=\"middle\">4W<\/td>\n<\/tr>\n<tr class=\"odd\">\n<td valign=\"middle\" width=\"32\"><\/td>\n<td valign=\"middle\">Tension nominale :<\/td>\n<td valign=\"middle\">220-240V<\/td>\n<\/tr>\n<tr class=\"even\">\n<td valign=\"middle\" width=\"32\"><\/td>\n<td valign=\"middle\">Temp\u00e9rature de la lumi\u00e8re :<\/td>\n<td valign=\"middle\">2700K<\/td>\n<\/tr>\n<tr class=\"odd\">\n<td valign=\"middle\" width=\"32\"><\/td>\n<td valign=\"middle\">Mat\u00e9riaux de construction :<\/td>\n<td valign=\"middle\">Verre<\/td>\n<\/tr>\n<tr class=\"even\">\n<td valign=\"middle\" width=\"32\"><\/td>\n<td valign=\"middle\">Luminosit\u00e9-Lm :<\/td>\n<td valign=\"middle\">480<\/td>\n<\/tr>\n<tr class=\"odd\">\n<td valign=\"middle\" width=\"32\"><\/td>\n<td valign=\"middle\">Angle d'ouverture (\u00ba) :<\/td>\n<td valign=\"middle\">360\u00ba<\/td>\n<\/tr>\n<tr class=\"even\">\n<td valign=\"middle\" width=\"32\"><\/td>\n<td valign=\"middle\">Efficacit\u00e9 de la diode LED (Lm\/W) :<\/td>\n<td valign=\"middle\">125Lm\/W<\/td>\n<\/tr>\n<tr class=\"odd\">\n<td valign=\"middle\" width=\"32\"><\/td>\n<td valign=\"middle\">Efficacit\u00e9 lumineuse (Lm\/W) :<\/td>\n<td valign=\"middle\">120 Lm\/W<\/td>\n<\/tr>\n<\/tbody>\n<\/table>\n<\/div><div class=\"col-xs-12 col-md-6 2\">\n<table class=\"table table-data-sheet 2\">\n<tbody>\n<tr class=\"odd\">\n<td valign=\"middle\" width=\"32\"><\/td>\n<td valign=\"middle\">Douille :<\/td>\n<td valign=\"middle\">E14<\/td>\n<\/tr>\n<tr class=\"even\">\n<td valign=\"middle\" width=\"32\"><\/td>\n<td valign=\"middle\">Indice de protection IP :<\/td>\n<td valign=\"middle\">IP20<\/td>\n<\/tr>\n<tr class=\"odd\">\n<td valign=\"middle\" width=\"32\"><\/td>\n<td valign=\"middle\">Dimensions (mm) :<\/td>\n<td valign=\"middle\">\u00d845\u00d773 mm<\/td>\n<\/tr>\n<tr class=\"even\">\n<td valign=\"middle\" width=\"32\"><\/td>\n<td valign=\"middle\">Fr\u00e9quence de travail (Hz) :<\/td>\n<td valign=\"middle\">50\/60Hz<\/td>\n<\/tr>\n<tr class=\"odd\">\n<td valign=\"middle\" width=\"32\"><\/td>\n<td valign=\"middle\">Plage de temp\u00e9rature (\u00baC) :<\/td>\n<td valign=\"middle\">-20\u00b0C ~ +55\u00b0C<\/td>\n<\/tr>\n<tr class=\"even\">\n<td valign=\"middle\" width=\"32\"><\/td>\n<td valign=\"middle\">Cycles d'allumage :<\/td>\n<td valign=\"middle\">100.000<\/td>\n<\/tr>\n<tr class=\"odd\">\n<td valign=\"middle\" width=\"32\"><\/td>\n<td valign=\"middle\">Temps de d\u00e9marrage (s) :<\/td>\n<td valign=\"middle\">0,2s<\/td>\n<\/tr>\n<tr class=\"even\">\n<td valign=\"middle\" width=\"32\"><\/td>\n<td valign=\"middle\">Classe \u00e9nerg\u00e9tique (2021-EU-2019\/2015) :<\/td>\n<td valign=\"middle\">A+<\/td>\n<\/tr>\n<tr class=\"odd\">\n<td valign=\"middle\" width=\"32\"><\/td>\n<td valign=\"middle\">Ann\u00e9es de garantie :<\/td>\n<td valign=\"middle\">2<\/td>\n<\/tr>\n<\/tbody>\n<\/table>\n<\/div><\/p>","protected":false},"excerpt":{"rendered":"<div class=\"col-md-12\"><i class=\"fa fa-truck\"><\/i>&nbsp;<span class=\"text-muted textprop\">Livraison dans les 24\/48 heures<\/span><div class=\"col-md-12\"><i class=\"fa fa-exchange\"><\/i>&nbsp;<span class=\"text-muted textprop\">Garantie assur\u00e9e<\/span><\/div><div class=\"col-md-12\"><i class=\"fa fa-box\"><\/i>&nbsp;<span class=\"text-muted textprop\">200 unit\u00e9(s) par bo\u00eete \u00e0 outils<\/span><\/div><div class=\"col-md-12 certificados\"><strong>TEMP\u00c9RATURE DE COULEUR : 2700K<\/strong><\/div><\/div>","protected":false},"featured_media":1913,"template":"","meta":{"site-sidebar-layout":"default","site-content-layout":"default","ast-global-header-display":"","ast-main-header-display":"","ast-hfb-above-header-display":"","ast-hfb-below-header-display":"","ast-hfb-mobile-header-display":"","site-post-title":"","ast-breadcrumbs-content":"","ast-featured-img":"","footer-sml-layout":"","theme-transparent-header-meta":"default","adv-header-id-meta":"","stick-header-meta":"","header-above-stick-meta":"","header-main-stick-meta":"","header-below-stick-meta":""},"product_cat":[47,23],"product_tag":[],"class_list":["post-1911","product","type-product","status-publish","has-post-thumbnail","hentry","product_cat-bombillas-led-e14","product_cat-bombillas-y-lamparas-led"],"yoast_head":"<!-- This site is optimized with the Yoast SEO plugin v27.4 - https:\/\/yoast.com\/product\/yoast-seo-wordpress\/ -->\n<title>Bombilla LED de Filamento 4W E14 P45 - STARLED Iluminacion<\/title>\n<meta name=\"robots\" content=\"index, follow, max-snippet:-1, max-image-preview:large, max-video-preview:-1\" \/>\n<link rel=\"canonical\" href=\"https:\/\/starlediluminacion.com\/fr\/product\/bombilla-led-de-filamento-4w-e14-p45\/\" \/>\n<meta property=\"og:locale\" content=\"fr_FR\" \/>\n<meta property=\"og:type\" content=\"article\" \/>\n<meta property=\"og:title\" content=\"Bombilla LED de Filamento 4W E14 P45 - STARLED Iluminacion\" \/>\n<meta property=\"og:description\" content=\"\u00a0Entrega en 24\/48 horas \u00a0Garant\u00eda asegurada \u00a0200 unidad(es) por Masterbox TEMPERATURA DE COLOR: 2700K\" \/>\n<meta property=\"og:url\" content=\"https:\/\/starlediluminacion.com\/fr\/product\/bombilla-led-de-filamento-4w-e14-p45\/\" \/>\n<meta property=\"og:site_name\" content=\"STARLED Iluminacion\" \/>\n<meta property=\"article:modified_time\" content=\"2022-08-27T15:58:36+00:00\" \/>\n<meta property=\"og:image\" content=\"https:\/\/starlediluminacion.com\/wp-content\/uploads\/2022\/08\/bombilla-led-filamento-4w-e14-p45-factorled-1.jpg\" \/>\n\t<meta property=\"og:image:width\" content=\"1000\" \/>\n\t<meta property=\"og:image:height\" content=\"1000\" \/>\n\t<meta property=\"og:image:type\" content=\"image\/jpeg\" \/>\n<meta name=\"twitter:card\" content=\"summary_large_image\" \/>\n<meta name=\"twitter:label1\" content=\"Dur\u00e9e de lecture estim\u00e9e\" \/>\n\t<meta name=\"twitter:data1\" content=\"1 minute\" \/>\n<script type=\"application\/ld+json\" class=\"yoast-schema-graph\">{\"@context\":\"https:\\\/\\\/schema.org\",\"@graph\":[{\"@type\":\"WebPage\",\"@id\":\"https:\\\/\\\/starlediluminacion.com\\\/it\\\/product\\\/bombilla-led-de-filamento-4w-e14-p45\\\/\",\"url\":\"https:\\\/\\\/starlediluminacion.com\\\/it\\\/product\\\/bombilla-led-de-filamento-4w-e14-p45\\\/\",\"name\":\"Bombilla LED de Filamento 4W E14 P45 - STARLED Iluminacion\",\"isPartOf\":{\"@id\":\"https:\\\/\\\/starlediluminacion.com\\\/#website\"},\"primaryImageOfPage\":{\"@id\":\"https:\\\/\\\/starlediluminacion.com\\\/it\\\/product\\\/bombilla-led-de-filamento-4w-e14-p45\\\/#primaryimage\"},\"image\":{\"@id\":\"https:\\\/\\\/starlediluminacion.com\\\/it\\\/product\\\/bombilla-led-de-filamento-4w-e14-p45\\\/#primaryimage\"},\"thumbnailUrl\":\"https:\\\/\\\/starlediluminacion.com\\\/wp-content\\\/uploads\\\/2022\\\/08\\\/bombilla-led-filamento-4w-e14-p45-factorled-1.jpg\",\"datePublished\":\"2022-08-01T20:52:28+00:00\",\"dateModified\":\"2022-08-27T15:58:36+00:00\",\"breadcrumb\":{\"@id\":\"https:\\\/\\\/starlediluminacion.com\\\/it\\\/product\\\/bombilla-led-de-filamento-4w-e14-p45\\\/#breadcrumb\"},\"inLanguage\":\"fr-FR\",\"potentialAction\":[{\"@type\":\"ReadAction\",\"target\":[\"https:\\\/\\\/starlediluminacion.com\\\/it\\\/product\\\/bombilla-led-de-filamento-4w-e14-p45\\\/\"]}]},{\"@type\":\"ImageObject\",\"inLanguage\":\"fr-FR\",\"@id\":\"https:\\\/\\\/starlediluminacion.com\\\/it\\\/product\\\/bombilla-led-de-filamento-4w-e14-p45\\\/#primaryimage\",\"url\":\"https:\\\/\\\/starlediluminacion.com\\\/wp-content\\\/uploads\\\/2022\\\/08\\\/bombilla-led-filamento-4w-e14-p45-factorled-1.jpg\",\"contentUrl\":\"https:\\\/\\\/starlediluminacion.com\\\/wp-content\\\/uploads\\\/2022\\\/08\\\/bombilla-led-filamento-4w-e14-p45-factorled-1.jpg\",\"width\":1000,\"height\":1000},{\"@type\":\"BreadcrumbList\",\"@id\":\"https:\\\/\\\/starlediluminacion.com\\\/it\\\/product\\\/bombilla-led-de-filamento-4w-e14-p45\\\/#breadcrumb\",\"itemListElement\":[{\"@type\":\"ListItem\",\"position\":1,\"name\":\"Portada\",\"item\":\"https:\\\/\\\/starlediluminacion.com\\\/\"},{\"@type\":\"ListItem\",\"position\":2,\"name\":\"Shop\",\"item\":\"https:\\\/\\\/starlediluminacion.com\\\/shop-2\\\/\"},{\"@type\":\"ListItem\",\"position\":3,\"name\":\"Bombilla LED de Filamento 4W E14 P45\"}]},{\"@type\":\"WebSite\",\"@id\":\"https:\\\/\\\/starlediluminacion.com\\\/#website\",\"url\":\"https:\\\/\\\/starlediluminacion.com\\\/\",\"name\":\"STARLED Iluminacion\",\"description\":\"\",\"potentialAction\":[{\"@type\":\"SearchAction\",\"target\":{\"@type\":\"EntryPoint\",\"urlTemplate\":\"https:\\\/\\\/starlediluminacion.com\\\/?s={search_term_string}\"},\"query-input\":{\"@type\":\"PropertyValueSpecification\",\"valueRequired\":true,\"valueName\":\"search_term_string\"}}],\"inLanguage\":\"fr-FR\"}]}<\/script>\n<!-- \/ Yoast SEO plugin. -->","yoast_head_json":{"title":"Bombilla LED de Filamento 4W E14 P45 - STARLED Iluminacion","robots":{"index":"index","follow":"follow","max-snippet":"max-snippet:-1","max-image-preview":"max-image-preview:large","max-video-preview":"max-video-preview:-1"},"canonical":"https:\/\/starlediluminacion.com\/fr\/product\/bombilla-led-de-filamento-4w-e14-p45\/","og_locale":"fr_FR","og_type":"article","og_title":"Bombilla LED de Filamento 4W E14 P45 - STARLED Iluminacion","og_description":"\u00a0Entrega en 24\/48 horas \u00a0Garant\u00eda asegurada \u00a0200 unidad(es) por Masterbox TEMPERATURA DE COLOR: 2700K","og_url":"https:\/\/starlediluminacion.com\/fr\/product\/bombilla-led-de-filamento-4w-e14-p45\/","og_site_name":"STARLED Iluminacion","article_modified_time":"2022-08-27T15:58:36+00:00","og_image":[{"width":1000,"height":1000,"url":"https:\/\/starlediluminacion.com\/wp-content\/uploads\/2022\/08\/bombilla-led-filamento-4w-e14-p45-factorled-1.jpg","type":"image\/jpeg"}],"twitter_card":"summary_large_image","twitter_misc":{"Dur\u00e9e de lecture estim\u00e9e":"1 minute"},"schema":{"@context":"https:\/\/schema.org","@graph":[{"@type":"WebPage","@id":"https:\/\/starlediluminacion.com\/it\/product\/bombilla-led-de-filamento-4w-e14-p45\/","url":"https:\/\/starlediluminacion.com\/it\/product\/bombilla-led-de-filamento-4w-e14-p45\/","name":"Bombilla LED de Filamento 4W E14 P45 - STARLED Iluminacion","isPartOf":{"@id":"https:\/\/starlediluminacion.com\/#website"},"primaryImageOfPage":{"@id":"https:\/\/starlediluminacion.com\/it\/product\/bombilla-led-de-filamento-4w-e14-p45\/#primaryimage"},"image":{"@id":"https:\/\/starlediluminacion.com\/it\/product\/bombilla-led-de-filamento-4w-e14-p45\/#primaryimage"},"thumbnailUrl":"https:\/\/starlediluminacion.com\/wp-content\/uploads\/2022\/08\/bombilla-led-filamento-4w-e14-p45-factorled-1.jpg","datePublished":"2022-08-01T20:52:28+00:00","dateModified":"2022-08-27T15:58:36+00:00","breadcrumb":{"@id":"https:\/\/starlediluminacion.com\/it\/product\/bombilla-led-de-filamento-4w-e14-p45\/#breadcrumb"},"inLanguage":"fr-FR","potentialAction":[{"@type":"ReadAction","target":["https:\/\/starlediluminacion.com\/it\/product\/bombilla-led-de-filamento-4w-e14-p45\/"]}]},{"@type":"ImageObject","inLanguage":"fr-FR","@id":"https:\/\/starlediluminacion.com\/it\/product\/bombilla-led-de-filamento-4w-e14-p45\/#primaryimage","url":"https:\/\/starlediluminacion.com\/wp-content\/uploads\/2022\/08\/bombilla-led-filamento-4w-e14-p45-factorled-1.jpg","contentUrl":"https:\/\/starlediluminacion.com\/wp-content\/uploads\/2022\/08\/bombilla-led-filamento-4w-e14-p45-factorled-1.jpg","width":1000,"height":1000},{"@type":"BreadcrumbList","@id":"https:\/\/starlediluminacion.com\/it\/product\/bombilla-led-de-filamento-4w-e14-p45\/#breadcrumb","itemListElement":[{"@type":"ListItem","position":1,"name":"Portada","item":"https:\/\/starlediluminacion.com\/"},{"@type":"ListItem","position":2,"name":"Shop","item":"https:\/\/starlediluminacion.com\/shop-2\/"},{"@type":"ListItem","position":3,"name":"Bombilla LED de Filamento 4W E14 P45"}]},{"@type":"WebSite","@id":"https:\/\/starlediluminacion.com\/#website","url":"https:\/\/starlediluminacion.com\/","name":"STARLED Iluminacion","description":"","potentialAction":[{"@type":"SearchAction","target":{"@type":"EntryPoint","urlTemplate":"https:\/\/starlediluminacion.com\/?s={search_term_string}"},"query-input":{"@type":"PropertyValueSpecification","valueRequired":true,"valueName":"search_term_string"}}],"inLanguage":"fr-FR"}]}},"_links":{"self":[{"href":"https:\/\/starlediluminacion.com\/fr\/wp-json\/wp\/v3\/product\/1911","targetHints":{"allow":["GET"]}}],"collection":[{"href":"https:\/\/starlediluminacion.com\/fr\/wp-json\/wp\/v3\/product"}],"about":[{"href":"https:\/\/starlediluminacion.com\/fr\/wp-json\/wp\/v2\/types\/product"}],"wp:featuredmedia":[{"embeddable":true,"href":"https:\/\/starlediluminacion.com\/fr\/wp-json\/wp\/v2\/media\/1913"}],"wp:attachment":[{"href":"https:\/\/starlediluminacion.com\/fr\/wp-json\/wp\/v2\/media?parent=1911"}],"wp:term":[{"taxonomy":"product_cat","embeddable":true,"href":"https:\/\/starlediluminacion.com\/fr\/wp-json\/wp\/v2\/product_cat?post=1911"},{"taxonomy":"product_tag","embeddable":true,"href":"https:\/\/starlediluminacion.com\/fr\/wp-json\/wp\/v2\/product_tag?post=1911"}],"curies":[{"name":"wp","href":"https:\/\/api.w.org\/{rel}","templated":true}]}}