{"id":1882,"date":"2022-08-01T20:22:08","date_gmt":"2022-08-01T20:22:08","guid":{"rendered":"https:\/\/starlediluminacion.com\/?post_type=product&#038;p=1882"},"modified":"2022-08-27T15:48:25","modified_gmt":"2022-08-27T15:48:25","slug":"bombilla-led-filamento-4w-e27-a60","status":"publish","type":"product","link":"https:\/\/starlediluminacion.com\/fr\/product\/bombilla-led-filamento-4w-e27-a60\/","title":{"rendered":"<p>Ampoule LED \u00e0 filament 4W E27 A60<\/p>"},"content":{"rendered":"<p><label>R\u00c9F\u00c9RENCE : SL<span style=\"font-size: 16px;\">B8001<\/span><\/label><p>Le pr\u00e9sent&nbsp;<strong>bulbe<\/strong>&nbsp;A60 de&nbsp;<strong>Filament<\/strong>&nbsp;a une puissance de&nbsp;<strong>4W<\/strong>&nbsp;et un type de douille&nbsp;<strong>E27<\/strong>. Vous pouvez facilement remplacer vos ampoules conventionnelles, \u00e0 incandescence et au carbone, et gr\u00e2ce \u00e0 sa technologie&nbsp;<strong>LED<\/strong>&nbsp;r\u00e9duisent votre consommation d'\u00e9lectricit\u00e9 tout en conservant un design classique.<\/p><p>Le pr\u00e9sent&nbsp;<strong>Ampoule LED<\/strong>&nbsp;de&nbsp;<strong>Filament<\/strong>&nbsp;est du type \u00e0 bague&nbsp;<strong>E27<\/strong>&nbsp;et a&nbsp;<strong>4W&nbsp;<\/strong>puissance. Elle offre une atmosph\u00e8re chaleureuse gr\u00e2ce \u00e0 sa temp\u00e9rature de 2700K.<\/p><p>Elle vous permet d'\u00e9conomiser sur votre consommation d'\u00e9nergie gr\u00e2ce \u00e0 sa technologie LED, ainsi que sur les co\u00fbts d'entretien et de remplacement. Vous respecterez l'environnement sans renoncer au design classique des ampoules conventionnelles. Elle a \u00e9galement une efficacit\u00e9 lumineuse de&nbsp;<strong>100lm\/W<\/strong>.<\/p><p>Il s'agit d'une ampoule polyvalente qui peut \u00eatre utilis\u00e9e aussi bien \u00e0 la maison que sur le lieu de travail, cr\u00e9ant des ambiances originales avec une touche r\u00e9tro, sans oublier notre garantie de 2 ans.<\/p><p>Chez FactorLED nous assurons que nos produits ont une garantie de QUALIT\u00c9 et offrons tous les \u00e9l\u00e9ments n\u00e9cessaires pour la DISTRIBUTION, l'IMPORTATION ou la VENTE EN GROS, y compris la fiche technique de chaque produit.&nbsp;<strong>LED<\/strong>.<\/p><h3 class=\"page-product-heading\">DONN\u00c9ES TECHNIQUES<\/h3><div class=\"col-xs-12 col-md-6\">\n<table class=\"table table-data-sheet 1\">\n<tbody>\n<tr class=\"odd\">\n<td valign=\"middle\" width=\"32\"><\/td>\n<td valign=\"middle\"><\/td>\n<td valign=\"middle\">SLB8001<\/td>\n<\/tr>\n<tr class=\"even\">\n<td valign=\"middle\" width=\"32\"><\/td>\n<td valign=\"middle\">Puissance nominale :<\/td>\n<td valign=\"middle\">4W<\/td>\n<\/tr>\n<tr class=\"odd\">\n<td valign=\"middle\" width=\"32\"><\/td>\n<td valign=\"middle\">Tension nominale :<\/td>\n<td valign=\"middle\">220-240V<\/td>\n<\/tr>\n<tr class=\"even\">\n<td valign=\"middle\" width=\"32\"><\/td>\n<td valign=\"middle\">Temp\u00e9rature de la lumi\u00e8re :<\/td>\n<td valign=\"middle\">2700K<\/td>\n<\/tr>\n<tr class=\"odd\">\n<td valign=\"middle\" width=\"32\"><\/td>\n<td valign=\"middle\">CRI - Indice de rendu des couleurs :<\/td>\n<td valign=\"middle\">80<\/td>\n<\/tr>\n<tr class=\"even\">\n<td valign=\"middle\" width=\"32\"><\/td>\n<td valign=\"middle\">Mat\u00e9riaux de construction :<\/td>\n<td valign=\"middle\">Verre<\/td>\n<\/tr>\n<tr class=\"odd\">\n<td valign=\"middle\" width=\"32\"><\/td>\n<td valign=\"middle\">Luminosit\u00e9-Lm :<\/td>\n<td valign=\"middle\">480<\/td>\n<\/tr>\n<tr class=\"even\">\n<td valign=\"middle\" width=\"32\"><\/td>\n<td valign=\"middle\">Angle d'ouverture (\u00ba) :<\/td>\n<td valign=\"middle\">180\u00ba<\/td>\n<\/tr>\n<tr class=\"odd\">\n<td valign=\"middle\" width=\"32\"><\/td>\n<td valign=\"middle\">Efficacit\u00e9 de la diode LED (Lm\/W) :<\/td>\n<td valign=\"middle\">125 Lm\/W<\/td>\n<\/tr>\n<tr class=\"even\">\n<td valign=\"middle\" width=\"32\"><\/td>\n<td valign=\"middle\">Efficacit\u00e9 lumineuse (Lm\/W) :<\/td>\n<td valign=\"middle\">120 Lm\/W<\/td>\n<\/tr>\n<\/tbody>\n<\/table>\n<\/div><div class=\"col-xs-12 col-md-6 2\">\n<table class=\"table table-data-sheet 2\">\n<tbody>\n<tr class=\"odd\">\n<td valign=\"middle\" width=\"32\"><\/td>\n<td valign=\"middle\">Douille :<\/td>\n<td valign=\"middle\">E27<\/td>\n<\/tr>\n<tr class=\"even\">\n<td valign=\"middle\" width=\"32\"><\/td>\n<td valign=\"middle\">Certificats :<\/td>\n<td valign=\"middle\">CE - ROHS<\/td>\n<\/tr>\n<tr class=\"odd\">\n<td valign=\"middle\" width=\"32\"><\/td>\n<td valign=\"middle\">Dimensions (mm) :<\/td>\n<td valign=\"middle\">\u00f860\u00d7108<\/td>\n<\/tr>\n<tr class=\"even\">\n<td valign=\"middle\" width=\"32\"><\/td>\n<td valign=\"middle\">Fr\u00e9quence de travail (Hz) :<\/td>\n<td valign=\"middle\">50\/60Hz<\/td>\n<\/tr>\n<tr class=\"odd\">\n<td valign=\"middle\" width=\"32\"><\/td>\n<td valign=\"middle\">Plage de temp\u00e9rature (\u00baC) :<\/td>\n<td valign=\"middle\">-20\u00b0C ~ +55\u00b0C<\/td>\n<\/tr>\n<tr class=\"even\">\n<td valign=\"middle\" width=\"32\"><\/td>\n<td valign=\"middle\">Cycles d'allumage :<\/td>\n<td valign=\"middle\">100.000<\/td>\n<\/tr>\n<tr class=\"odd\">\n<td valign=\"middle\" width=\"32\"><\/td>\n<td valign=\"middle\">Temps de d\u00e9marrage (s) :<\/td>\n<td valign=\"middle\">0,2s<\/td>\n<\/tr>\n<tr class=\"even\">\n<td valign=\"middle\" width=\"32\"><\/td>\n<td valign=\"middle\">Classe \u00e9nerg\u00e9tique (2021-EU-2019\/2015) :<\/td>\n<td valign=\"middle\">A+<\/td>\n<\/tr>\n<tr class=\"odd\">\n<td valign=\"middle\" width=\"32\"><\/td>\n<td valign=\"middle\">Ann\u00e9es de garantie :<\/td>\n<td valign=\"middle\">2<\/td>\n<\/tr>\n<\/tbody>\n<\/table>\n<\/div><\/p>","protected":false},"excerpt":{"rendered":"<div class=\"col-md-12\"><i class=\"fa fa-truck\"><\/i>&nbsp;<span class=\"text-muted textprop\">Livraison dans les 24\/48 heures<\/span><div class=\"col-md-12\"><i class=\"fa fa-exchange\"><\/i>&nbsp;<span class=\"text-muted textprop\">Garantie assur\u00e9e<\/span><\/div><div class=\"col-md-12\"><i class=\"fa fa-box\"><\/i>&nbsp;<span class=\"text-muted textprop\">100 unit\u00e9(s) par bo\u00eete \u00e0 outils<\/span><\/div><div><strong>TEMP\u00c9RATURE DE COULEUR : 2700K<\/strong><\/div><\/div>","protected":false},"featured_media":1885,"template":"","meta":{"site-sidebar-layout":"default","site-content-layout":"default","ast-global-header-display":"","ast-main-header-display":"","ast-hfb-above-header-display":"","ast-hfb-below-header-display":"","ast-hfb-mobile-header-display":"","site-post-title":"","ast-breadcrumbs-content":"","ast-featured-img":"","footer-sml-layout":"","theme-transparent-header-meta":"default","adv-header-id-meta":"","stick-header-meta":"","header-above-stick-meta":"","header-main-stick-meta":"","header-below-stick-meta":""},"product_cat":[46,23],"product_tag":[],"class_list":["post-1882","product","type-product","status-publish","has-post-thumbnail","hentry","product_cat-bombillas-led-e27","product_cat-bombillas-y-lamparas-led"],"_links":{"self":[{"href":"https:\/\/starlediluminacion.com\/fr\/wp-json\/wp\/v3\/product\/1882","targetHints":{"allow":["GET"]}}],"collection":[{"href":"https:\/\/starlediluminacion.com\/fr\/wp-json\/wp\/v3\/product"}],"about":[{"href":"https:\/\/starlediluminacion.com\/fr\/wp-json\/wp\/v2\/types\/product"}],"wp:featuredmedia":[{"embeddable":true,"href":"https:\/\/starlediluminacion.com\/fr\/wp-json\/wp\/v2\/media\/1885"}],"wp:attachment":[{"href":"https:\/\/starlediluminacion.com\/fr\/wp-json\/wp\/v2\/media?parent=1882"}],"wp:term":[{"taxonomy":"product_cat","embeddable":true,"href":"https:\/\/starlediluminacion.com\/fr\/wp-json\/wp\/v2\/product_cat?post=1882"},{"taxonomy":"product_tag","embeddable":true,"href":"https:\/\/starlediluminacion.com\/fr\/wp-json\/wp\/v2\/product_tag?post=1882"}],"curies":[{"name":"wp","href":"https:\/\/api.w.org\/{rel}","templated":true}]}}