{"id":1796,"date":"2022-08-01T19:03:51","date_gmt":"2022-08-01T19:03:51","guid":{"rendered":"https:\/\/starlediluminacion.com\/?post_type=product&#038;p=1796"},"modified":"2022-09-03T12:40:52","modified_gmt":"2022-09-03T12:40:52","slug":"bombilla-led-12w-e27-r80-180o-osram-chip-duris-e-2835","status":"publish","type":"product","link":"https:\/\/starlediluminacion.com\/fr\/product\/bombilla-led-12w-e27-r80-180o-osram-chip-duris-e-2835\/","title":{"rendered":"<p>Ampoule LED 12W E27 R80 180\u00ba - OSRAM CHIP DURIS E 2835<\/p>"},"content":{"rendered":"<p><label>R\u00c9F\u00c9RENCE : SL<span style=\"font-size: 16px;\">PAR75156-OSR<\/span><\/label><p>Nouvelle g\u00e9n\u00e9ration de&nbsp;<strong>Ampoules LED 12W<\/strong>&nbsp;<strong>E27<\/strong>&nbsp;avec diode&nbsp;<strong>SMD 2835<\/strong>&nbsp;avec&nbsp;<strong>Puce<\/strong><strong>&nbsp;OSRAM<\/strong><strong>&nbsp;150Lm\/W&nbsp;<\/strong>de<strong>&nbsp;Haute luminosit\u00e9<\/strong>&nbsp;et avec&nbsp;<strong>Conducteur<\/strong><strong>&nbsp;sans Flick<\/strong>. L'ampoule a&nbsp;<strong>3 ans de garantie<\/strong>. \u00c9conomies jusqu'\u00e0 80% en remplacement des halog\u00e8nes traditionnels, offrant un large faisceau de lumi\u00e8re avec leur&nbsp;<strong>Ouverture \u00e0 180<\/strong>&nbsp;et de haute qualit\u00e9.<\/p><h1>Ampoule LED 12W E27 R80 180\u00ba - OSRAM CHIP DURIS E 2835<\/h1><p>Notre&nbsp;<strong>Ampoule<\/strong>&nbsp;<strong>12W E27 LED<\/strong>&nbsp;Les \u00e9conomies d'\u00e9nergie pouvant atteindre 80% en font un produit tr\u00e8s respectueux de l'environnement, offrant un d\u00e9marrage instantan\u00e9 et une longue dur\u00e9e de vie.<\/p><p>Vos diodes&nbsp;<strong>SMD 2835&nbsp;<\/strong>de<strong>&nbsp;Puce OSRAM \u00e0 haute luminosit\u00e9<\/strong>&nbsp;Les lampes sont \u00e9quivalentes \u00e0 la luminosit\u00e9 d'une ampoule conventionnelle d'environ 105W. Il en r\u00e9sulte une \u00e9conomie d'\u00e9nergie de 80%. La lumi\u00e8re expos\u00e9e est distribu\u00e9e dans une&nbsp;<strong>Angle de 180<\/strong>&nbsp;et a un indice de rendu des couleurs de +80, ce qui est r\u00e9v\u00e9lateur de la qualit\u00e9 de la lumi\u00e8re fournie par notre syst\u00e8me d'\u00e9clairage.&nbsp;<strong>Ampoule LED E27 R80<\/strong>&nbsp;12W.<\/p><p>Outre l'efficacit\u00e9 \u00e9nerg\u00e9tique, ce type d'\u00e9clairage se distingue par son&nbsp;<strong>longue dur\u00e9e de vie<\/strong>&nbsp;La dur\u00e9e de vie de la lampe est estim\u00e9e \u00e0 25 000 heures. Cela est d\u00fb \u00e0 la qualit\u00e9 des mat\u00e9riaux, tels que l'aluminium et le polycarbonate utilis\u00e9s.<\/p><p>Rafra\u00eechissez l'\u00e9clairage de n'importe quel espace avec le&nbsp;<strong>Lampe LED E27 R80<\/strong>&nbsp;<strong>12W<\/strong>&nbsp;de notre boutique d'\u00e9clairage en ligne.<\/p><p>&nbsp;<\/p><h2>Utilisations de l'ampoule LED 12W E27 R80 180\u00b0 - OSRAM CHIP DURIS E 2835<\/h2><ul>\n<li>Magasins de photographie<\/li>\n<li>Photomaton<\/li>\n<li>Maison<\/li>\n<li>Galeries de design<\/li>\n<li>Lampes de bureau, lampes de table, lampes suspendues ou lampadaires<\/li>\n<\/ul><h3 class=\"page-product-heading\">DONN\u00c9ES TECHNIQUES<\/h3><div class=\"col-xs-12 col-md-6\">\n<table class=\"table table-data-sheet 1\">\n<tbody>\n<tr class=\"odd\">\n<td valign=\"middle\" width=\"32\"><\/td>\n<td valign=\"middle\">REFERENCE :<\/td>\n<td valign=\"middle\"><label>SL<span style=\"font-size: 16px;\">PAR75156-OSR<\/span><\/label><\/td>\n<\/tr>\n<tr class=\"even\">\n<td valign=\"middle\" width=\"32\"><\/td>\n<td valign=\"middle\">Puissance nominale :<\/td>\n<td valign=\"middle\">12w<\/td>\n<\/tr>\n<tr class=\"odd\">\n<td valign=\"middle\" width=\"32\"><\/td>\n<td valign=\"middle\">Tension nominale :<\/td>\n<td valign=\"middle\">220-240V<\/td>\n<\/tr>\n<tr class=\"even\">\n<td valign=\"middle\" width=\"32\"><\/td>\n<td valign=\"middle\">Temp\u00e9rature de la lumi\u00e8re :<\/td>\n<td valign=\"middle\">3000K - 4000K - 6000K<\/td>\n<\/tr>\n<tr class=\"odd\">\n<td valign=\"middle\" width=\"32\"><\/td>\n<td valign=\"middle\">CRI - Indice de rendu des couleurs :<\/td>\n<td valign=\"middle\">80<\/td>\n<\/tr>\n<tr class=\"even\">\n<td valign=\"middle\" width=\"32\"><\/td>\n<td valign=\"middle\">Mat\u00e9riaux de construction :<\/td>\n<td valign=\"middle\">Aluminium +PC<\/td>\n<\/tr>\n<tr class=\"odd\">\n<td valign=\"middle\" width=\"32\"><\/td>\n<td valign=\"middle\">Luminosit\u00e9-Lm :<\/td>\n<td valign=\"middle\">500<\/td>\n<\/tr>\n<tr class=\"even\">\n<td valign=\"middle\" width=\"32\"><\/td>\n<td valign=\"middle\">Type de DEL :<\/td>\n<td valign=\"middle\">SMD 2835 OSRAM CHIP<\/td>\n<\/tr>\n<tr class=\"odd\">\n<td valign=\"middle\" width=\"32\"><\/td>\n<td valign=\"middle\">Angle d'ouverture (\u00ba) :<\/td>\n<td valign=\"middle\">180\u00ba<\/td>\n<\/tr>\n<tr class=\"even\">\n<td valign=\"middle\" width=\"32\"><\/td>\n<td valign=\"middle\">Efficacit\u00e9 de la diode LED (Lm\/W) :<\/td>\n<td valign=\"middle\">150Lm\/W<\/td>\n<\/tr>\n<tr class=\"odd\">\n<td valign=\"middle\" width=\"32\"><\/td>\n<td valign=\"middle\">Efficacit\u00e9 lumineuse (Lm\/W) :<\/td>\n<td valign=\"middle\">100 Lm\/W<\/td>\n<\/tr>\n<tr class=\"even\">\n<td valign=\"middle\" width=\"32\"><\/td>\n<td valign=\"middle\">Douille :<\/td>\n<td valign=\"middle\">R80<\/td>\n<\/tr>\n<\/tbody>\n<\/table>\n<\/div><div class=\"col-xs-12 col-md-6 2\">\n<table class=\"table table-data-sheet 2\">\n<tbody>\n<tr class=\"odd\">\n<td valign=\"middle\" width=\"32\"><\/td>\n<td valign=\"middle\">Certificats :<\/td>\n<td valign=\"middle\">CE - ROHS<\/td>\n<\/tr>\n<tr class=\"even\">\n<td valign=\"middle\" width=\"32\"><\/td>\n<td valign=\"middle\">Indice de protection IP :<\/td>\n<td valign=\"middle\">IP20<\/td>\n<\/tr>\n<tr class=\"odd\">\n<td valign=\"middle\" width=\"32\"><\/td>\n<td valign=\"middle\">Dur\u00e9e de vie estim\u00e9e de la diode LED (H) :<\/td>\n<td valign=\"middle\">25.000<\/td>\n<\/tr>\n<tr class=\"even\">\n<td valign=\"middle\" width=\"32\"><\/td>\n<td valign=\"middle\">Dimensions (mm) :<\/td>\n<td valign=\"middle\">?37*H110mm<\/td>\n<\/tr>\n<tr class=\"odd\">\n<td valign=\"middle\" width=\"32\"><\/td>\n<td valign=\"middle\">Fr\u00e9quence de travail (Hz) :<\/td>\n<td valign=\"middle\">50\/60Hz<\/td>\n<\/tr>\n<tr class=\"even\">\n<td valign=\"middle\" width=\"32\"><\/td>\n<td valign=\"middle\">Plage de temp\u00e9rature (\u00baC) :<\/td>\n<td valign=\"middle\">-10\u00ba + 45\u00ba -10\u00ba + 45\u00ba -10\u00ba + 45\u00ba -10\u00ba + 45\u00ba -10\u00ba + 45\u00ba -10\u00ba + 45\u00ba<\/td>\n<\/tr>\n<tr class=\"odd\">\n<td valign=\"middle\" width=\"32\"><\/td>\n<td valign=\"middle\">Cycles d'allumage :<\/td>\n<td valign=\"middle\">100.000<\/td>\n<\/tr>\n<tr class=\"even\">\n<td valign=\"middle\" width=\"32\"><\/td>\n<td valign=\"middle\">Temps de d\u00e9marrage (s) :<\/td>\n<td valign=\"middle\">0,2s<\/td>\n<\/tr>\n<tr class=\"odd\">\n<td valign=\"middle\" width=\"32\"><\/td>\n<td valign=\"middle\">Informations compl\u00e9mentaires :<\/td>\n<td valign=\"middle\">Pas de Flick<\/td>\n<\/tr>\n<tr class=\"even\">\n<td valign=\"middle\" width=\"32\"><\/td>\n<td valign=\"middle\">Classe \u00e9nerg\u00e9tique (2021-EU-2019\/2015) :<\/td>\n<td valign=\"middle\">A+<\/td>\n<\/tr>\n<tr class=\"odd\">\n<td valign=\"middle\" width=\"32\"><\/td>\n<td valign=\"middle\">Ann\u00e9es de garantie :<\/td>\n<td valign=\"middle\">3<\/td>\n<\/tr>\n<\/tbody>\n<\/table>\n<\/div><\/p>","protected":false},"excerpt":{"rendered":"<div class=\"col-md-12\"><i class=\"fa fa-truck\"><\/i>&nbsp;<span class=\"text-muted textprop\">Livraison dans les 24\/48 heures<\/span><div class=\"col-md-12\"><i class=\"fa fa-exchange\"><\/i>&nbsp;<span class=\"text-muted textprop\">Garantie assur\u00e9e<\/span><\/div><div class=\"col-md-12\"><i class=\"fa fa-box\"><\/i>&nbsp;<span class=\"text-muted textprop\">100 unit\u00e9(s) par bo\u00eete \u00e0 outils<\/span><\/div><p><strong>TEMP\u00c9RATURE DE COULEUR : 3000K\/4000K\/6000K<\/strong><\/p><\/div>","protected":false},"featured_media":1801,"template":"","meta":{"site-sidebar-layout":"default","site-content-layout":"default","ast-global-header-display":"","ast-main-header-display":"","ast-hfb-above-header-display":"","ast-hfb-below-header-display":"","ast-hfb-mobile-header-display":"","site-post-title":"","ast-breadcrumbs-content":"","ast-featured-img":"","footer-sml-layout":"","theme-transparent-header-meta":"default","adv-header-id-meta":"","stick-header-meta":"","header-above-stick-meta":"","header-main-stick-meta":"","header-below-stick-meta":""},"product_cat":[15,46,23],"product_tag":[],"class_list":["post-1796","product","type-product","status-publish","has-post-thumbnail","hentry","product_cat-bombillas-led-par","product_cat-bombillas-led-e27","product_cat-bombillas-y-lamparas-led"],"_links":{"self":[{"href":"https:\/\/starlediluminacion.com\/fr\/wp-json\/wp\/v3\/product\/1796","targetHints":{"allow":["GET"]}}],"collection":[{"href":"https:\/\/starlediluminacion.com\/fr\/wp-json\/wp\/v3\/product"}],"about":[{"href":"https:\/\/starlediluminacion.com\/fr\/wp-json\/wp\/v2\/types\/product"}],"wp:featuredmedia":[{"embeddable":true,"href":"https:\/\/starlediluminacion.com\/fr\/wp-json\/wp\/v2\/media\/1801"}],"wp:attachment":[{"href":"https:\/\/starlediluminacion.com\/fr\/wp-json\/wp\/v2\/media?parent=1796"}],"wp:term":[{"taxonomy":"product_cat","embeddable":true,"href":"https:\/\/starlediluminacion.com\/fr\/wp-json\/wp\/v2\/product_cat?post=1796"},{"taxonomy":"product_tag","embeddable":true,"href":"https:\/\/starlediluminacion.com\/fr\/wp-json\/wp\/v2\/product_tag?post=1796"}],"curies":[{"name":"wp","href":"https:\/\/api.w.org\/{rel}","templated":true}]}}