{"id":1587,"date":"2022-07-31T19:03:37","date_gmt":"2022-07-31T19:03:37","guid":{"rendered":"https:\/\/starlediluminacion.com\/?post_type=product&#038;p=1587"},"modified":"2022-08-23T15:31:55","modified_gmt":"2022-08-23T15:31:55","slug":"paneles-led","status":"publish","type":"product","link":"https:\/\/starlediluminacion.com\/fr\/product\/panneaux-led\/","title":{"rendered":"<p>Anneau rond r\u00e9glable pour LED GU10 MR16 - \u00d885mm - Aluminium<\/p>"},"content":{"rendered":"<div class=\"pb-left-column col-xs-12 col-md-5\">\n<div class=\"hidden-xs parrafo\">\n<p><strong>REFERENCIA: SL90720<\/strong><\/p>\n<p><strong>Cerceau<\/strong>&nbsp;<strong>circular&nbsp;&nbsp;&ndash; &Oslash;85mm&nbsp;<\/strong>en aluminium avec une finition&nbsp;<strong>blanc<\/strong>design \u00e9l\u00e9gant et exclusif. L'anneau est con\u00e7u pour \u00eatre utilis\u00e9 avec des lampes dichro\u00efques LED.&nbsp;<strong>GU10<\/strong>&nbsp;o&nbsp;<strong>MR16<\/strong>. Il est parfait pour un nouveau chantier ou pour changer les projecteurs. Il est fabriqu\u00e9 pour \u00eatre install\u00e9 dans des zones humides car il est r\u00e9sistant \u00e0 tout environnement ext\u00e9rieur.<\/p>\n<\/div>\n<div id=\"views_block-1\" class=\"clearfix\">\n<div id=\"thumbs_list\">\n<p>&nbsp;<\/p>\n<\/div>\n<\/div>\n<div class=\"pb-right-column col-xs-12 col-md-7\">\n<div class=\"product-info-line\">\n<h1>Aro Fijo para Dicroica circular Blanco GU10-MR16 &ndash; &Oslash;85mm- Aluminio<\/h1>\n<p><strong>Anneau encastr\u00e9&nbsp;<\/strong>color\u00e9<strong>&nbsp;blanc<\/strong>&nbsp;pour&nbsp;<strong>LED dichro\u00efque<\/strong>\u00e0 la fois&nbsp;<strong>MR16<\/strong>&nbsp;comme&nbsp;<strong>GU10<\/strong>est con\u00e7u pour obtenir une d\u00e9coration attrayante et raffin\u00e9e, gr\u00e2ce \u00e0 sa forme.&nbsp;<strong>circulaire<\/strong>&nbsp;des atmosph\u00e8res tr\u00e8s exclusives peuvent \u00eatre cr\u00e9\u00e9es.<\/p>\n<p>Tout son mat\u00e9riel est en aluminium avec une finition blanche, ce qui fait de ce cerceau un produit tr\u00e8s r\u00e9sistant et donc d'une grande durabilit\u00e9, ce qui en fait un produit tr\u00e8s durable.&nbsp;<strong>anneau en acier inoxydable<\/strong>.<\/p>\n<p>&nbsp;<\/p>\n<h2>Aplicaciones del&nbsp;Aro Fijo para Dicroica circular Blanco GU10-MR16 &ndash; &Oslash;85mm &ndash; Aluminio<\/h2>\n<ul>\n<li>Cuisine<\/li>\n<li>Bain<\/li>\n<li>Porches<\/li>\n<li>Bureaux<\/li>\n<li>Hypermarch\u00e9s<\/li>\n<\/ul>\n<p>Il est id\u00e9al pour tout espace \u00e9v\u00e9nementiel o\u00f9 il est n\u00e9cessaire de recr\u00e9er des ambiances particuli\u00e8res. Gr\u00e2ce \u00e0 son mat\u00e9riau, il est \u00e9galement capable de r\u00e9sister aux espaces ext\u00e9rieurs.<\/p>\n<p>Chez FactorLED nous assurons que nos produits ont une garantie de QUALIT\u00c9 et offrons tous les \u00e9l\u00e9ments n\u00e9cessaires pour la DISTRIBUTION, l'IMPORTATION ou la VENTE EN GROS, y compris la fiche technique de chaque produit LED.<\/p>\n<p><strong>DONN\u00c9ES TECHNIQUES<\/strong><\/p>\n<\/div>\n<div class=\"col-xs-12 col-md-6\">\n<table class=\"table table-data-sheet 1\">\n<tbody>\n<tr class=\"odd\">\n<td valign=\"middle\" width=\"32\"><\/td>\n<td valign=\"middle\">REFERENCE :<\/td>\n<td valign=\"middle\">SL90720<\/td>\n<\/tr>\n<tr class=\"even\">\n<td valign=\"middle\" width=\"32\"><\/td>\n<td valign=\"middle\">Mat\u00e9riaux de construction :<\/td>\n<td valign=\"middle\">Aluminium<\/td>\n<\/tr>\n<tr class=\"odd\">\n<td valign=\"middle\" width=\"32\"><\/td>\n<td valign=\"middle\">Certificats :<\/td>\n<td valign=\"middle\">CE<\/td>\n<\/tr>\n<\/tbody>\n<\/table>\n<\/div>\n<div class=\"col-xs-12 col-md-6 2\">\n<table class=\"table table-data-sheet 2\">\n<tbody>\n<tr class=\"odd\">\n<td valign=\"middle\" width=\"32\"><\/td>\n<td valign=\"middle\">Indice de protection IP :<\/td>\n<td valign=\"middle\">IP20<\/td>\n<\/tr>\n<tr class=\"even\">\n<td valign=\"middle\" width=\"32\"><\/td>\n<td valign=\"middle\">Dimensions (mm) :<\/td>\n<td valign=\"middle\">&Oslash;85mm x H40mm<\/td>\n<\/tr>\n<tr class=\"odd\">\n<td valign=\"middle\" width=\"32\"><\/td>\n<td valign=\"middle\">Coupe au plafond (mm) :<\/td>\n<td valign=\"middle\">&Oslash;77mm<\/td>\n<\/tr>\n<\/tbody>\n<\/table>\n<\/div>\n<div class=\"col-md-6\">\n<div class=\"extra-right\">\n<div class=\"product-oa-features oa-features clearfix\"><\/div>\n<\/div>\n<\/div>\n<\/div><\/div>","protected":false},"excerpt":{"rendered":"<div class=\"col-md-12\">\n<div class=\"col-md-12\"><i class=\"fa fa-truck\"><\/i>&nbsp;<span class=\"text-muted textprop\">Livraison dans les 24\/48 heures<\/span><\/div>\n<div class=\"col-md-12\"><i class=\"fa fa-exchange\"><\/i>&nbsp;<span class=\"text-muted textprop\">15 jours pour les retours<\/span><\/div>\n<div class=\"col-md-12\"><i class=\"fa fa-box\"><\/i>&nbsp;<span class=\"text-muted textprop\">100 unit\u00e9(s) par bo\u00eete \u00e0 outils<\/span><\/div>\n<\/div>","protected":false},"featured_media":1589,"template":"","meta":{"site-sidebar-layout":"default","site-content-layout":"default","ast-global-header-display":"","ast-main-header-display":"","ast-hfb-above-header-display":"","ast-hfb-below-header-display":"","ast-hfb-mobile-header-display":"","site-post-title":"","ast-breadcrumbs-content":"","ast-featured-img":"","footer-sml-layout":"","theme-transparent-header-meta":"default","adv-header-id-meta":"","stick-header-meta":"","header-above-stick-meta":"","header-main-stick-meta":"","header-below-stick-meta":""},"product_cat":[62,23],"product_tag":[],"class_list":["post-1587","product","type-product","status-publish","has-post-thumbnail","hentry","product_cat-accesorios-lamparas-led","product_cat-bombillas-y-lamparas-led"],"_links":{"self":[{"href":"https:\/\/starlediluminacion.com\/fr\/wp-json\/wp\/v3\/product\/1587","targetHints":{"allow":["GET"]}}],"collection":[{"href":"https:\/\/starlediluminacion.com\/fr\/wp-json\/wp\/v3\/product"}],"about":[{"href":"https:\/\/starlediluminacion.com\/fr\/wp-json\/wp\/v2\/types\/product"}],"wp:featuredmedia":[{"embeddable":true,"href":"https:\/\/starlediluminacion.com\/fr\/wp-json\/wp\/v2\/media\/1589"}],"wp:attachment":[{"href":"https:\/\/starlediluminacion.com\/fr\/wp-json\/wp\/v2\/media?parent=1587"}],"wp:term":[{"taxonomy":"product_cat","embeddable":true,"href":"https:\/\/starlediluminacion.com\/fr\/wp-json\/wp\/v2\/product_cat?post=1587"},{"taxonomy":"product_tag","embeddable":true,"href":"https:\/\/starlediluminacion.com\/fr\/wp-json\/wp\/v2\/product_tag?post=1587"}],"curies":[{"name":"wp","href":"https:\/\/api.w.org\/{rel}","templated":true}]}}