{"id":15850,"date":"2025-06-01T09:00:51","date_gmt":"2025-06-01T09:00:51","guid":{"rendered":"https:\/\/starlediluminacion.com\/?post_type=product&#038;p=15850"},"modified":"2025-08-24T16:38:55","modified_gmt":"2025-08-24T16:38:55","slug":"empotrable-led-6w-9w-12w-lumis-bridgelux-chip-ugr11-3cct-cri-92-front-intercambiable","status":"publish","type":"product","link":"https:\/\/starlediluminacion.com\/fr\/product\/encastre-led-6w-9w-12w-lumis-bridgelux-chip-ugr11-3cct-cri-92-front-interchangeable-2\/","title":{"rendered":"<p>LED encastr\u00e9e 6W - 9W - 12W - LUMIS - Bridgelux Chip - UGR11 - 3CCT - CRI +92 - Interchangeable en fa\u00e7ade<\/p>"},"content":{"rendered":"<h1>LED encastr\u00e9e 6W - 9W - 12W - LUMIS - Bridgelux Chip - UGR11 - 3CCT - CRI +92 - Interchangeable en fa\u00e7ade<p>&nbsp;<\/p><p>Les&nbsp;<strong>Downlight LED Lumis&nbsp;<\/strong>est une solution d'\u00e9clairage innovante et efficace, con\u00e7ue pour fournir un \u00e9clairage de qualit\u00e9.&nbsp;<strong>polyvalence, performance et \u00e9l\u00e9gance<\/strong>&nbsp;dans tout type d'espace. Son design moderne et fonctionnel en fait le choix id\u00e9al pour les applications r\u00e9sidentielles, commerciales et de bureau, offrant un \u00e9clairage de haute qualit\u00e9 avec une consommation d'\u00e9nergie r\u00e9duite.<\/p><p>Ce projecteur est dot\u00e9 d'une&nbsp;<strong>puissance s\u00e9lectionnable de 6W, 9W et 12W<\/strong>Il permet de r\u00e9gler le niveau d'\u00e9clairage en fonction des besoins sp\u00e9cifiques de l'espace. Il incorpore un&nbsp;<strong>Puce Bridgelux 130 Lm\/W<\/strong>qui garantit une efficacit\u00e9 lumineuse exceptionnelle, permettant d'obtenir un \u00e9clairage intense et uniforme avec une faible consommation d'\u00e9nergie. Gr\u00e2ce \u00e0 cette technologie, il offre des performances \u00e9quivalentes \u00e0 celles des luminaires traditionnels de puissance sup\u00e9rieure, ce qui se traduit par&nbsp;<strong>des \u00e9conomies significatives sur les factures d'\u00e9lectricit\u00e9 et une r\u00e9duction des \u00e9missions de chaleur<\/strong>.<\/p><p>Pour une adaptation parfaite aux diff\u00e9rents environnements, le&nbsp;<strong>Downlight LED Lumis<\/strong>&nbsp;int\u00e8gre la technologie&nbsp;<strong>3CCT<\/strong>Cela permet de choisir entre trois temp\u00e9ratures de couleur.<\/p><p>L'un des points forts de la&nbsp;<strong>Downlight LED Lumis<\/strong>&nbsp;est sa capacit\u00e9 \u00e0 offrir&nbsp;<strong>un \u00e9clairage confortable et non \u00e9blouissant<\/strong>. Gr\u00e2ce \u00e0 son&nbsp;<strong>faible indice d'\u00e9blouissement (UGR &lt; 11)<\/strong>Ce luminaire r\u00e9duit la fatigue visuelle et am\u00e9liore l'exp\u00e9rience lumineuse, ce qui le rend id\u00e9al pour les espaces o\u00f9 la concentration et le confort visuel sont essentiels.<\/p><p>En outre, son&nbsp;<strong>indice de rendu des couleurs \u00e9lev\u00e9 (IRC &gt; 92)<\/strong>&nbsp;garantit un rendu pr\u00e9cis et naturel des couleurs, ce qui en fait un excellent choix pour les magasins, les galeries d'art, les bureaux et tout autre environnement o\u00f9 la fid\u00e9lit\u00e9 des couleurs est essentielle.<\/p><h3><strong>Design \u00e9l\u00e9gant et personnalisable<\/strong><\/h3><p>Para una mayor integraci&oacute;n con cualquier tipo de decoraci&oacute;n, este modelo incorpora un&nbsp;<strong>anneau frontal interchangeable<\/strong>, permitiendo elegir entre las siguientes opciones:<\/p><ul>\n<li><strong>Front&nbsp;<\/strong><strong>Blanco B&aacute;sico (DIE-CAST RING):<\/strong>&nbsp;Fabricado en aluminio mediante un proceso de fundici&oacute;n. Para un acabado limpio y minimalista, ideal para ambientes modernos y sobrios.<\/li>\n<li><strong>Front&nbsp;<\/strong><strong>Blanco Rombus (RHOMBUS RING):<\/strong>&nbsp;Con un dise&ntilde;o en forma de rombos o con textura de patr&oacute;n romboidal que aporta un toque distintivo y sofisticado.<\/li>\n<li><strong>Front&nbsp;<\/strong>&nbsp;&nbsp;<strong>Negro Mate:<\/strong>&nbsp;Perfecto para decoraciones contempor&aacute;neas y elegantes, creando un contraste sutil y atractivo.<\/li>\n<li><strong>Front&nbsp;<\/strong><strong>Negro Mercurio:<\/strong>&nbsp;Con un acabado metalizado que a&ntilde;ade un aire de exclusividad y lujo a cualquier espacio.<\/li>\n<li>Incluye de serie el&nbsp;<strong>Front&nbsp;<\/strong><strong>Blanco B&aacute;sico&nbsp;<\/strong><strong>(DIE-CAST RING)<\/strong>.<\/li>\n<\/ul><p>Ce syst\u00e8me&nbsp;<strong>modulaire et personnalisable<\/strong>&nbsp;permet au downlight de s'adapter \u00e0 diff\u00e9rents styles d\u00e9coratifs sans qu'il soit n\u00e9cessaire de remplacer l'ensemble du luminaire.<\/p><h3><strong>Mat\u00e9riaux durables et de haute qualit\u00e9<\/strong><\/h3><p>Fabriqu\u00e9 en aluminium de haute qualit\u00e9, le&nbsp;<strong>Downlight LED Lumis Blanco<\/strong>&nbsp;garantit une excellente dissipation de la chaleur, ce qui prolonge sa dur\u00e9e de vie et maintient des performances optimales au fil du temps. Sa structure robuste et sa conception efficace garantissent une installation facile et une longue dur\u00e9e de vie, r\u00e9duisant ainsi les co\u00fbts de maintenance.<\/p><h3><strong>Applications et utilisations recommand\u00e9es<\/strong><\/h3><p>Gr\u00e2ce \u00e0 ses caract\u00e9ristiques avanc\u00e9es, le&nbsp;<strong>Downlight LED Lumis<\/strong>&nbsp;est id\u00e9al pour une grande vari\u00e9t\u00e9 d'espaces, y compris :<\/p><p>&nbsp;<\/p><ul>\n<li><strong>M\u00e9nages :<\/strong>&nbsp;Salons, chambres, cuisines et couloirs.<\/li>\n<li><strong>Bureaux et espaces de travail :<\/strong>&nbsp;Espaces d'accueil, salles de r\u00e9union et postes de travail.<\/li>\n<li><strong>Commerces et entreprises :<\/strong>&nbsp;Boutiques, supermarch\u00e9s et centres commerciaux.<\/li>\n<li><strong>H\u00f4pitaux et cliniques :<\/strong>&nbsp;Zones de consultation, couloirs et salles d'attente.<\/li>\n<li><strong>Restaurants et h\u00f4tels :<\/strong>&nbsp;Salles \u00e0 manger, bars et halls d'entr\u00e9e.<\/li>\n<li><strong>Galeries et mus\u00e9es :<\/strong>&nbsp;Expositions d'art et espaces culturels.<\/li>\n<\/ul><h3 class=\"h6\">Fiche technique du produit<\/h3><dl class=\"data-sheet\">\n<dt class=\"name\"><img loading=\"lazy\" decoding=\"async\" src=\"https:\/\/www.factorled.com\/modules\/oa_features\/img\/2-default.jpg\" width=\"32\" height=\"32\">&nbsp;R\u00c9F\u00c9RENCE<\/dt>\n<dd class=\"value\">SP12WLUM<\/dd>\n<dt class=\"name\"><img loading=\"lazy\" decoding=\"async\" src=\"https:\/\/www.factorled.com\/modules\/oa_features\/img\/3-default.jpg\" width=\"32\" height=\"32\">&nbsp;Puissance nominale<\/dt>\n<dd class=\"value\">12w<\/dd>\n<dt class=\"name\"><img loading=\"lazy\" decoding=\"async\" src=\"https:\/\/www.factorled.com\/modules\/oa_features\/img\/4-default.jpg\" width=\"32\" height=\"32\">&nbsp;Tension nominale<\/dt>\n<dd class=\"value\">85V-265V<\/dd>\n<dt class=\"name\"><img loading=\"lazy\" decoding=\"async\" src=\"https:\/\/www.factorled.com\/modules\/oa_features\/img\/5-default.jpg\" width=\"32\" height=\"32\">&nbsp;Temp\u00e9rature de la lumi\u00e8re<\/dt>\n<dd class=\"value\">3CCT SELECT 3000K-4000K-5700K<\/dd>\n<dt class=\"name\"><img loading=\"lazy\" decoding=\"async\" src=\"https:\/\/www.factorled.com\/modules\/oa_features\/img\/6-default.jpg\" width=\"32\" height=\"32\">&nbsp;CRI - Indice de rendu des couleurs<\/dt>\n<dd class=\"value\">92<\/dd>\n<dt class=\"name\"><img loading=\"lazy\" decoding=\"async\" src=\"https:\/\/www.factorled.com\/modules\/oa_features\/img\/25-default.jpg\" width=\"32\" height=\"32\">&nbsp;Mat\u00e9riaux de construction<\/dt>\n<dd class=\"value\">Aluminium<\/dd>\n<dt class=\"name\"><img loading=\"lazy\" decoding=\"async\" src=\"https:\/\/www.factorled.com\/modules\/oa_features\/img\/8-default.jpg\" width=\"32\" height=\"32\">&nbsp;Luminosit\u00e9-Lm<\/dt>\n<dd class=\"value\">1320 Lm<\/dd>\n<dt class=\"name\"><img loading=\"lazy\" decoding=\"async\" src=\"https:\/\/www.factorled.com\/modules\/oa_features\/img\/9-default.jpg\" width=\"32\" height=\"32\">&nbsp;Type de LED<\/dt>\n<dd class=\"value\">Puce Bridgelux \u00e0 l'int\u00e9rieur du 2235DS-C30<\/dd>\n<dt class=\"name\"><img loading=\"lazy\" decoding=\"async\" src=\"https:\/\/www.factorled.com\/modules\/oa_features\/img\/10-default.jpg\" width=\"32\" height=\"32\">&nbsp;Angle d'ouverture (\u00ba)<\/dt>\n<dd class=\"value\">24\u00ba<\/dd>\n<dt class=\"name\"><img loading=\"lazy\" decoding=\"async\" src=\"https:\/\/www.factorled.com\/modules\/oa_features\/img\/12-default.jpg\" width=\"32\" height=\"32\">&nbsp;Efficacit\u00e9 de la diode LED (Lm\/W)<\/dt>\n<dd class=\"value\">130Lm\/W<\/dd>\n<dt class=\"name\"><img loading=\"lazy\" decoding=\"async\" src=\"https:\/\/www.factorled.com\/modules\/oa_features\/img\/13-default.jpg\" width=\"32\" height=\"32\">&nbsp;Efficacit\u00e9 lumineuse (Lm\/W)<\/dt>\n<dd class=\"value\">110 Lm\/W<\/dd>\n<dt class=\"name\"><img loading=\"lazy\" decoding=\"async\" src=\"https:\/\/www.factorled.com\/modules\/oa_features\/img\/15-default.jpg\" width=\"32\" height=\"32\">&nbsp;Certificats<\/dt>\n<dd class=\"value\">CE, CMIM, RoHS<\/dd>\n<dt class=\"name\"><img loading=\"lazy\" decoding=\"async\" src=\"https:\/\/www.factorled.com\/modules\/oa_features\/img\/16-default.jpg\" width=\"32\" height=\"32\">&nbsp;Indice de protection IP<\/dt>\n<dd class=\"value\">IP20<\/dd>\n<dt class=\"name\"><img loading=\"lazy\" decoding=\"async\" src=\"https:\/\/www.factorled.com\/modules\/oa_features\/img\/17-default.jpg\" width=\"32\" height=\"32\">&nbsp;Dur\u00e9e de vie estim\u00e9e Diode LED (H)<\/dt>\n<dd class=\"value\">20.000<\/dd>\n<dt class=\"name\"><img loading=\"lazy\" decoding=\"async\" src=\"https:\/\/www.factorled.com\/modules\/oa_features\/img\/18-default.jpg\" width=\"32\" height=\"32\">&nbsp;Dimensions (mm)<\/dt>\n<dd class=\"value\">\u00d884x78mm<\/dd>\n<dt class=\"name\"><img loading=\"lazy\" decoding=\"async\" src=\"https:\/\/www.factorled.com\/modules\/oa_features\/img\/21-default.jpg\" width=\"32\" height=\"32\">&nbsp;Fr\u00e9quence de travail (Hz)<\/dt>\n<dd class=\"value\">50\/60Hz<\/dd>\n<dt class=\"name\"><img loading=\"lazy\" decoding=\"async\" src=\"https:\/\/www.factorled.com\/modules\/oa_features\/img\/22-default.jpg\" width=\"32\" height=\"32\">&nbsp;Plage de temp\u00e9rature (\u00baC)<\/dt>\n<dd class=\"value\">-20\u00b0C ~ +55\u00b0C<\/dd>\n<dt class=\"name\"><img loading=\"lazy\" decoding=\"async\" src=\"https:\/\/www.factorled.com\/modules\/oa_features\/img\/23-default.jpg\" width=\"32\" height=\"32\">&nbsp;Cycles d'allumage<\/dt>\n<dd class=\"value\">100.000<\/dd>\n<dt class=\"name\"><img loading=\"lazy\" decoding=\"async\" src=\"https:\/\/www.factorled.com\/modules\/oa_features\/img\/24-default.jpg\" width=\"32\" height=\"32\">&nbsp;Temps de d\u00e9marrage (s)<\/dt>\n<dd class=\"value\">0,2s<\/dd>\n<dt class=\"name\"><img loading=\"lazy\" decoding=\"async\" src=\"https:\/\/www.factorled.com\/modules\/oa_features\/img\/27-default.jpg\" width=\"32\" height=\"32\">&nbsp;Coupe au plafond (mm)<\/dt>\n<dd class=\"value\">\u00d8 75mm<\/dd>\n<dt class=\"name\"><img loading=\"lazy\" decoding=\"async\" src=\"https:\/\/www.factorled.com\/modules\/oa_features\/img\/72-default.jpg\" width=\"32\" height=\"32\">&nbsp;Indice d'\u00e9blouissement (UGR)<\/dt>\n<dd class=\"value\">11<\/dd>\n<dt class=\"name\"><img loading=\"lazy\" decoding=\"async\" src=\"https:\/\/www.factorled.com\/modules\/oa_features\/img\/74-default.jpg\" width=\"32\" height=\"32\">&nbsp;Conducteur inclus<\/dt>\n<dd class=\"value\">OUI<\/dd>\n<dt class=\"name\"><img loading=\"lazy\" decoding=\"async\" src=\"https:\/\/www.factorled.com\/modules\/oa_features\/img\/7-default.jpg\" width=\"32\" height=\"32\">&nbsp;Classe \u00e9nerg\u00e9tique (2021-UE-2019\/2015)<\/dt>\n<dd class=\"value\">A+<\/dd>\n<dt class=\"name\"><img loading=\"lazy\" decoding=\"async\" src=\"https:\/\/www.factorled.com\/modules\/oa_features\/img\/101-default.jpg\" width=\"32\" height=\"32\">&nbsp;Classe \u00e9nerg\u00e9tique (2023 - EU-2019\/2015)<\/dt>\n<dd class=\"value\">F<\/dd>\n<dt class=\"name\"><img loading=\"lazy\" decoding=\"async\" src=\"https:\/\/www.factorled.com\/modules\/oa_features\/img\/75-default.jpg\" width=\"32\" height=\"32\">&nbsp;Ann\u00e9es de garantie<\/dt>\n<dd class=\"value\">3<\/dd>\n<dt class=\"name\"><img loading=\"lazy\" decoding=\"async\" src=\"https:\/\/www.factorled.com\/modules\/oa_features\/img\/133-default.jpg\" width=\"32\" height=\"32\">&nbsp;Unit\u00e9s par bo\u00eete \u00e0 outils<\/dt>\n<dd class=\"value\">20<\/dd>\n<\/dl><\/h1>","protected":false},"excerpt":{"rendered":"<div class=\"product-reference\"><strong><label class=\"label\">R\u00e9f\u00e9rence :<\/label> SLSP12WLUM-CCT-91358<\/strong>\n<div><\/div>\n<div class=\"product-description-short\">\n<div id=\"product-description-short-3866\">\n<p><strong>Downlight LED Lumis&nbsp;<\/strong>offres&nbsp;<strong>puissance s\u00e9lectionnable de 6W, 9W et 12W<\/strong>avec&nbsp;<strong>Puce Bridgelux 130Lm\/W<\/strong>&nbsp;pour une efficacit\u00e9 exceptionnelle. Sa technologie&nbsp;<strong>3CCT (3000K - 4000K - 5700K)<\/strong>&nbsp;permet de r\u00e9gler la temp\u00e9rature de couleur en fonction de l'ambiance souhait\u00e9e. Avec UGR11 pour minimiser l'\u00e9blouissement et CRI+92 pour un rendu des couleurs impeccable, il assure un \u00e9clairage pr\u00e9cis et confortable. Son angle d'ouverture de 24\u00b0 oriente la lumi\u00e8re avec pr\u00e9cision, tandis que ses&nbsp;<strong>anillo frontal Seleccionable&nbsp;(Blanco, Blanco Rombus, Negro Mate, Negro Mercurio)<\/strong>&nbsp;Le choix id\u00e9al pour des espaces \u00e9l\u00e9gants et fonctionnels !<\/p>\n<\/div>\n<\/div><\/div>","protected":false},"featured_media":15852,"template":"","meta":{"site-sidebar-layout":"default","site-content-layout":"default","ast-global-header-display":"","ast-main-header-display":"","ast-hfb-above-header-display":"","ast-hfb-below-header-display":"","ast-hfb-mobile-header-display":"","site-post-title":"","ast-breadcrumbs-content":"","ast-featured-img":"","footer-sml-layout":"","theme-transparent-header-meta":"default","adv-header-id-meta":"","stick-header-meta":"","header-above-stick-meta":"","header-main-stick-meta":"","header-below-stick-meta":""},"product_cat":[27,70],"product_tag":[],"class_list":["post-15850","product","type-product","status-publish","has-post-thumbnail","hentry","product_cat-downlight-plafones-y-placas-led","product_cat-focos-downlight-led"],"yoast_head":"<!-- This site is optimized with the Yoast SEO plugin v27.4 - https:\/\/yoast.com\/product\/yoast-seo-wordpress\/ -->\n<title>Empotrable LED 6W - 9W - 12W - LUMIS - Bridgelux Chip - UGR11 - 3CCT - CRI +92 - Front Intercambiable - STARLED Iluminacion<\/title>\n<meta name=\"robots\" content=\"index, follow, max-snippet:-1, max-image-preview:large, max-video-preview:-1\" \/>\n<link rel=\"canonical\" href=\"https:\/\/starlediluminacion.com\/fr\/product\/encastre-led-6w-9w-12w-lumis-bridgelux-chip-ugr11-3cct-cri-92-front-interchangeable-2\/\" \/>\n<meta property=\"og:locale\" content=\"fr_FR\" \/>\n<meta property=\"og:type\" content=\"article\" \/>\n<meta property=\"og:title\" content=\"Empotrable LED 6W - 9W - 12W - LUMIS - Bridgelux Chip - UGR11 - 3CCT - CRI +92 - Front Intercambiable - STARLED Iluminacion\" \/>\n<meta property=\"og:description\" content=\"Referencia: SLSP12WLUM-CCT-91358      Downlight LED Lumis\u00a0ofrece\u00a0potencia seleccionable de 6W, 9W y 12W, con\u00a0Chip Bridgelux de 130Lm\/W\u00a0para una eficiencia excepcional. Su tecnolog\u00eda\u00a03CCT (3000K - 4000K - 5700K)\u00a0permite ajustar la temperatura de color seg\u00fan el ambiente deseado. Con UGR11 para minimizar el deslumbramiento y CRI+92 para una reproducci\u00f3n crom\u00e1tica impecable, garantiza una iluminaci\u00f3n precisa y c\u00f3moda. Su \u00e1ngulo de apertura de 24\u00ba dirige la luz con precisi\u00f3n, mientras que su\u00a0anillo frontal Seleccionable\u00a0(Blanco, Blanco Rombus, Negro Mate, Negro Mercurio)\u00a0se adapta a cualquier estilo decorativo. \u00a1La opci\u00f3n ideal para espacios elegantes y funcionales!\" \/>\n<meta property=\"og:url\" content=\"https:\/\/starlediluminacion.com\/fr\/product\/encastre-led-6w-9w-12w-lumis-bridgelux-chip-ugr11-3cct-cri-92-front-interchangeable-2\/\" \/>\n<meta property=\"og:site_name\" content=\"STARLED Iluminacion\" \/>\n<meta property=\"article:modified_time\" content=\"2025-08-24T16:38:55+00:00\" \/>\n<meta property=\"og:image\" content=\"https:\/\/starlediluminacion.com\/wp-content\/uploads\/2025\/06\/empotrable-led-6w-9w-12w-lumis-bridgelux-chip-ugr11-3cct-cri-92-front-intercambiable.jpg\" \/>\n\t<meta property=\"og:image:width\" content=\"744\" \/>\n\t<meta property=\"og:image:height\" content=\"800\" \/>\n\t<meta property=\"og:image:type\" content=\"image\/jpeg\" \/>\n<meta name=\"twitter:card\" content=\"summary_large_image\" \/>\n<meta name=\"twitter:label1\" content=\"Dur\u00e9e de lecture estim\u00e9e\" \/>\n\t<meta name=\"twitter:data1\" content=\"4 minutes\" \/>\n<script type=\"application\/ld+json\" class=\"yoast-schema-graph\">{\"@context\":\"https:\\\/\\\/schema.org\",\"@graph\":[{\"@type\":\"WebPage\",\"@id\":\"https:\\\/\\\/starlediluminacion.com\\\/producto\\\/empotrable-led-6w-9w-12w-lumis-bridgelux-chip-ugr11-3cct-cri-92-front-intercambiable\\\/\",\"url\":\"https:\\\/\\\/starlediluminacion.com\\\/producto\\\/empotrable-led-6w-9w-12w-lumis-bridgelux-chip-ugr11-3cct-cri-92-front-intercambiable\\\/\",\"name\":\"Empotrable LED 6W - 9W - 12W - LUMIS - Bridgelux Chip - UGR11 - 3CCT - CRI +92 - Front Intercambiable - STARLED Iluminacion\",\"isPartOf\":{\"@id\":\"https:\\\/\\\/starlediluminacion.com\\\/#website\"},\"primaryImageOfPage\":{\"@id\":\"https:\\\/\\\/starlediluminacion.com\\\/producto\\\/empotrable-led-6w-9w-12w-lumis-bridgelux-chip-ugr11-3cct-cri-92-front-intercambiable\\\/#primaryimage\"},\"image\":{\"@id\":\"https:\\\/\\\/starlediluminacion.com\\\/producto\\\/empotrable-led-6w-9w-12w-lumis-bridgelux-chip-ugr11-3cct-cri-92-front-intercambiable\\\/#primaryimage\"},\"thumbnailUrl\":\"https:\\\/\\\/starlediluminacion.com\\\/wp-content\\\/uploads\\\/2025\\\/06\\\/empotrable-led-6w-9w-12w-lumis-bridgelux-chip-ugr11-3cct-cri-92-front-intercambiable.jpg\",\"datePublished\":\"2025-06-01T09:00:51+00:00\",\"dateModified\":\"2025-08-24T16:38:55+00:00\",\"breadcrumb\":{\"@id\":\"https:\\\/\\\/starlediluminacion.com\\\/producto\\\/empotrable-led-6w-9w-12w-lumis-bridgelux-chip-ugr11-3cct-cri-92-front-intercambiable\\\/#breadcrumb\"},\"inLanguage\":\"fr-FR\",\"potentialAction\":[{\"@type\":\"ReadAction\",\"target\":[\"https:\\\/\\\/starlediluminacion.com\\\/producto\\\/empotrable-led-6w-9w-12w-lumis-bridgelux-chip-ugr11-3cct-cri-92-front-intercambiable\\\/\"]}]},{\"@type\":\"ImageObject\",\"inLanguage\":\"fr-FR\",\"@id\":\"https:\\\/\\\/starlediluminacion.com\\\/producto\\\/empotrable-led-6w-9w-12w-lumis-bridgelux-chip-ugr11-3cct-cri-92-front-intercambiable\\\/#primaryimage\",\"url\":\"https:\\\/\\\/starlediluminacion.com\\\/wp-content\\\/uploads\\\/2025\\\/06\\\/empotrable-led-6w-9w-12w-lumis-bridgelux-chip-ugr11-3cct-cri-92-front-intercambiable.jpg\",\"contentUrl\":\"https:\\\/\\\/starlediluminacion.com\\\/wp-content\\\/uploads\\\/2025\\\/06\\\/empotrable-led-6w-9w-12w-lumis-bridgelux-chip-ugr11-3cct-cri-92-front-intercambiable.jpg\",\"width\":744,\"height\":800},{\"@type\":\"BreadcrumbList\",\"@id\":\"https:\\\/\\\/starlediluminacion.com\\\/producto\\\/empotrable-led-6w-9w-12w-lumis-bridgelux-chip-ugr11-3cct-cri-92-front-intercambiable\\\/#breadcrumb\",\"itemListElement\":[{\"@type\":\"ListItem\",\"position\":1,\"name\":\"Portada\",\"item\":\"https:\\\/\\\/starlediluminacion.com\\\/\"},{\"@type\":\"ListItem\",\"position\":2,\"name\":\"Shop\",\"item\":\"https:\\\/\\\/starlediluminacion.com\\\/shop-2\\\/\"},{\"@type\":\"ListItem\",\"position\":3,\"name\":\"Empotrable LED 6W &#8211; 9W &#8211; 12W &#8211; LUMIS &#8211; Bridgelux Chip &#8211; UGR11 &#8211; 3CCT &#8211; CRI +92 &#8211; Front Intercambiable\"}]},{\"@type\":\"WebSite\",\"@id\":\"https:\\\/\\\/starlediluminacion.com\\\/#website\",\"url\":\"https:\\\/\\\/starlediluminacion.com\\\/\",\"name\":\"STARLED Iluminacion\",\"description\":\"\",\"potentialAction\":[{\"@type\":\"SearchAction\",\"target\":{\"@type\":\"EntryPoint\",\"urlTemplate\":\"https:\\\/\\\/starlediluminacion.com\\\/?s={search_term_string}\"},\"query-input\":{\"@type\":\"PropertyValueSpecification\",\"valueRequired\":true,\"valueName\":\"search_term_string\"}}],\"inLanguage\":\"fr-FR\"}]}<\/script>\n<!-- \/ Yoast SEO plugin. -->","yoast_head_json":{"title":"Empotrable LED 6W - 9W - 12W - LUMIS - Bridgelux Chip - UGR11 - 3CCT - CRI +92 - Front Intercambiable - STARLED Iluminacion","robots":{"index":"index","follow":"follow","max-snippet":"max-snippet:-1","max-image-preview":"max-image-preview:large","max-video-preview":"max-video-preview:-1"},"canonical":"https:\/\/starlediluminacion.com\/fr\/product\/encastre-led-6w-9w-12w-lumis-bridgelux-chip-ugr11-3cct-cri-92-front-interchangeable-2\/","og_locale":"fr_FR","og_type":"article","og_title":"Empotrable LED 6W - 9W - 12W - LUMIS - Bridgelux Chip - UGR11 - 3CCT - CRI +92 - Front Intercambiable - STARLED Iluminacion","og_description":"Referencia: SLSP12WLUM-CCT-91358      Downlight LED Lumis\u00a0ofrece\u00a0potencia seleccionable de 6W, 9W y 12W, con\u00a0Chip Bridgelux de 130Lm\/W\u00a0para una eficiencia excepcional. Su tecnolog\u00eda\u00a03CCT (3000K - 4000K - 5700K)\u00a0permite ajustar la temperatura de color seg\u00fan el ambiente deseado. Con UGR11 para minimizar el deslumbramiento y CRI+92 para una reproducci\u00f3n crom\u00e1tica impecable, garantiza una iluminaci\u00f3n precisa y c\u00f3moda. Su \u00e1ngulo de apertura de 24\u00ba dirige la luz con precisi\u00f3n, mientras que su\u00a0anillo frontal Seleccionable\u00a0(Blanco, Blanco Rombus, Negro Mate, Negro Mercurio)\u00a0se adapta a cualquier estilo decorativo. \u00a1La opci\u00f3n ideal para espacios elegantes y funcionales!","og_url":"https:\/\/starlediluminacion.com\/fr\/product\/encastre-led-6w-9w-12w-lumis-bridgelux-chip-ugr11-3cct-cri-92-front-interchangeable-2\/","og_site_name":"STARLED Iluminacion","article_modified_time":"2025-08-24T16:38:55+00:00","og_image":[{"width":744,"height":800,"url":"https:\/\/starlediluminacion.com\/wp-content\/uploads\/2025\/06\/empotrable-led-6w-9w-12w-lumis-bridgelux-chip-ugr11-3cct-cri-92-front-intercambiable.jpg","type":"image\/jpeg"}],"twitter_card":"summary_large_image","twitter_misc":{"Dur\u00e9e de lecture estim\u00e9e":"4 minutes"},"schema":{"@context":"https:\/\/schema.org","@graph":[{"@type":"WebPage","@id":"https:\/\/starlediluminacion.com\/producto\/empotrable-led-6w-9w-12w-lumis-bridgelux-chip-ugr11-3cct-cri-92-front-intercambiable\/","url":"https:\/\/starlediluminacion.com\/producto\/empotrable-led-6w-9w-12w-lumis-bridgelux-chip-ugr11-3cct-cri-92-front-intercambiable\/","name":"Empotrable LED 6W - 9W - 12W - LUMIS - Bridgelux Chip - UGR11 - 3CCT - CRI +92 - Front Intercambiable - STARLED Iluminacion","isPartOf":{"@id":"https:\/\/starlediluminacion.com\/#website"},"primaryImageOfPage":{"@id":"https:\/\/starlediluminacion.com\/producto\/empotrable-led-6w-9w-12w-lumis-bridgelux-chip-ugr11-3cct-cri-92-front-intercambiable\/#primaryimage"},"image":{"@id":"https:\/\/starlediluminacion.com\/producto\/empotrable-led-6w-9w-12w-lumis-bridgelux-chip-ugr11-3cct-cri-92-front-intercambiable\/#primaryimage"},"thumbnailUrl":"https:\/\/starlediluminacion.com\/wp-content\/uploads\/2025\/06\/empotrable-led-6w-9w-12w-lumis-bridgelux-chip-ugr11-3cct-cri-92-front-intercambiable.jpg","datePublished":"2025-06-01T09:00:51+00:00","dateModified":"2025-08-24T16:38:55+00:00","breadcrumb":{"@id":"https:\/\/starlediluminacion.com\/producto\/empotrable-led-6w-9w-12w-lumis-bridgelux-chip-ugr11-3cct-cri-92-front-intercambiable\/#breadcrumb"},"inLanguage":"fr-FR","potentialAction":[{"@type":"ReadAction","target":["https:\/\/starlediluminacion.com\/producto\/empotrable-led-6w-9w-12w-lumis-bridgelux-chip-ugr11-3cct-cri-92-front-intercambiable\/"]}]},{"@type":"ImageObject","inLanguage":"fr-FR","@id":"https:\/\/starlediluminacion.com\/producto\/empotrable-led-6w-9w-12w-lumis-bridgelux-chip-ugr11-3cct-cri-92-front-intercambiable\/#primaryimage","url":"https:\/\/starlediluminacion.com\/wp-content\/uploads\/2025\/06\/empotrable-led-6w-9w-12w-lumis-bridgelux-chip-ugr11-3cct-cri-92-front-intercambiable.jpg","contentUrl":"https:\/\/starlediluminacion.com\/wp-content\/uploads\/2025\/06\/empotrable-led-6w-9w-12w-lumis-bridgelux-chip-ugr11-3cct-cri-92-front-intercambiable.jpg","width":744,"height":800},{"@type":"BreadcrumbList","@id":"https:\/\/starlediluminacion.com\/producto\/empotrable-led-6w-9w-12w-lumis-bridgelux-chip-ugr11-3cct-cri-92-front-intercambiable\/#breadcrumb","itemListElement":[{"@type":"ListItem","position":1,"name":"Portada","item":"https:\/\/starlediluminacion.com\/"},{"@type":"ListItem","position":2,"name":"Shop","item":"https:\/\/starlediluminacion.com\/shop-2\/"},{"@type":"ListItem","position":3,"name":"Empotrable LED 6W &#8211; 9W &#8211; 12W &#8211; LUMIS &#8211; Bridgelux Chip &#8211; UGR11 &#8211; 3CCT &#8211; CRI +92 &#8211; Front Intercambiable"}]},{"@type":"WebSite","@id":"https:\/\/starlediluminacion.com\/#website","url":"https:\/\/starlediluminacion.com\/","name":"STARLED Iluminacion","description":"","potentialAction":[{"@type":"SearchAction","target":{"@type":"EntryPoint","urlTemplate":"https:\/\/starlediluminacion.com\/?s={search_term_string}"},"query-input":{"@type":"PropertyValueSpecification","valueRequired":true,"valueName":"search_term_string"}}],"inLanguage":"fr-FR"}]}},"_links":{"self":[{"href":"https:\/\/starlediluminacion.com\/fr\/wp-json\/wp\/v3\/product\/15850","targetHints":{"allow":["GET"]}}],"collection":[{"href":"https:\/\/starlediluminacion.com\/fr\/wp-json\/wp\/v3\/product"}],"about":[{"href":"https:\/\/starlediluminacion.com\/fr\/wp-json\/wp\/v2\/types\/product"}],"wp:featuredmedia":[{"embeddable":true,"href":"https:\/\/starlediluminacion.com\/fr\/wp-json\/wp\/v2\/media\/15852"}],"wp:attachment":[{"href":"https:\/\/starlediluminacion.com\/fr\/wp-json\/wp\/v2\/media?parent=15850"}],"wp:term":[{"taxonomy":"product_cat","embeddable":true,"href":"https:\/\/starlediluminacion.com\/fr\/wp-json\/wp\/v2\/product_cat?post=15850"},{"taxonomy":"product_tag","embeddable":true,"href":"https:\/\/starlediluminacion.com\/fr\/wp-json\/wp\/v2\/product_tag?post=15850"}],"curies":[{"name":"wp","href":"https:\/\/api.w.org\/{rel}","templated":true}]}}