{"id":15712,"date":"2025-03-16T21:33:18","date_gmt":"2025-03-16T21:33:18","guid":{"rendered":"https:\/\/starlediluminacion.com\/?post_type=product&#038;p=15712"},"modified":"2025-06-01T08:23:43","modified_gmt":"2025-06-01T08:23:43","slug":"foco-de-carril-led-10w-monofasico-emmen-blanco-osram-chip-duris-e-2835","status":"publish","type":"product","link":"https:\/\/starlediluminacion.com\/fr\/product\/led-track-lamp-10w-monophase-emmen-white-osram-chip-duris-e-2835-2\/","title":{"rendered":"<p>Projecteur LED 10W Monophas\u00e9 - EMMEN WHITE - OSRAM CHIP DURIS E 2835<\/p>"},"content":{"rendered":"<h1>Foco de Carril MONOF&Aacute;SICO EMMEN BLANCO 10W con BOMBILLA GU10<p>l&nbsp;<strong>Foco de Carril Monof&aacute;sico para Bombillas GU10<\/strong>&nbsp;es una soluci&oacute;n de iluminaci&oacute;n elegante y funcional dise&ntilde;ada para cubrir una amplia gama de necesidades en entornos comerciales, culturales y profesionales. Fabricado en hierro de alta calidad, este foco combina resistencia y ligereza con un dise&ntilde;o minimalista que se integra perfectamente en cualquier espacio.<\/p><p><strong>Principales caract\u00e9ristiques<\/strong><\/p><ul>\n<li><strong>Incluye bombilla GU10:<\/strong>&nbsp;Ofrece la flexibilidad de elegir la temperatura&nbsp;m&aacute;s adecuada seg&uacute;n las necesidades del usuario. Puedes optar por luz c&aacute;lida, neutra o fr&iacute;a para personalizar la atm&oacute;sfera.<\/li>\n<li><strong>Angle d'\u00e9clairage variable :<\/strong>&nbsp;Disponibles dans des mod\u00e8les avec diff\u00e9rents angles d'ouverture pour r\u00e9pondre \u00e0 diverses applications d'\u00e9clairage. Des angles \u00e9troits pour mettre en valeur des d\u00e9tails sp\u00e9cifiques aux angles plus larges pour un \u00e9clairage g\u00e9n\u00e9ral uniforme.<\/li>\n<li><strong>Orientation r\u00e9glable :<\/strong>&nbsp;Ce projecteur est enti\u00e8rement orientable, ce qui permet de diriger la lumi\u00e8re dans n'importe quelle direction. Ceci est particuli\u00e8rement utile pour modifier l'\u00e9clairage en fonction des besoins de l'espace ou des produits expos\u00e9s.<\/li>\n<li><strong>Installation facile :<\/strong>&nbsp;Sa conception monophas\u00e9e et sa structure l\u00e9g\u00e8re facilitent l'installation et la maintenance, ce qui le rend id\u00e9al pour les projets d'\u00e9clairage modernes et fonctionnels.<\/li>\n<\/ul><h2>Usos y Aplicaciones del Foco de Carril EMMEN NEGRO &ndash; Monof&aacute;sico | 10W<\/h2><p>Este foco de carril LED es la opci&oacute;n ideal para una gran variedad de espacios y usos:<\/p><ul>\n<li><strong>Tiendas y escaparates<\/strong>: Destaca productos y exhibiciones con una luz n&iacute;tida y bien distribuida.<\/li>\n<li><strong>Galer&iacute;as de arte y museos<\/strong>: Su alto CRI permite una reproducci&oacute;n fiel de los colores en pinturas y objetos de exhibici&oacute;n.<\/li>\n<li><strong>Restaurantes y cafeter&iacute;as<\/strong>: Crea ambientes acogedores y elegantes con una iluminaci&oacute;n bien dirigida.<\/li>\n<li><strong>Hogares y oficinas<\/strong>: Perfecto para salones, cocinas o &aacute;reas de trabajo donde se necesite una iluminaci&oacute;n eficiente y moderna.<\/li>\n<li><strong>Hoteles y espacios comerciales<\/strong>: Mejora la est&eacute;tica y funcionalidad en pasillos, recepciones y salas de reuniones.<\/li>\n<\/ul><h3><strong>Avantages suppl\u00e9mentaires<\/strong><\/h3><ul>\n<li><strong>Style moderne :<\/strong>&nbsp;Son design discret et \u00e9l\u00e9gant en fait un compl\u00e9ment id\u00e9al \u00e0 tout projet architectural.<\/li>\n<li><strong>Durabilit\u00e9 :<\/strong>&nbsp;Fabriqu\u00e9 en aluminium, il garantit une r\u00e9sistance \u00e0 l'usure et une longue dur\u00e9e de vie.<\/li>\n<li><strong>Flexibilit\u00e9 dans les projets d'\u00e9clairage :<\/strong>&nbsp;Il permet de cr\u00e9er aussi bien des ambiances chaleureuses que des \u00e9clairages techniques performants.<\/li>\n<\/ul><h3 class=\"h6\">Fiche technique du produit<\/h3><dl class=\"data-sheet\">\n<dt class=\"name\"><img loading=\"lazy\" decoding=\"async\" src=\"https:\/\/www.factorled.com\/modules\/oa_features\/img\/2-default.jpg\" width=\"32\" height=\"32\">&nbsp;R\u00c9F\u00c9RENCE<\/dt>\n<dd class=\"value\">TKMW10W<\/dd>\n<dt class=\"name\"><img loading=\"lazy\" decoding=\"async\" src=\"https:\/\/www.factorled.com\/modules\/oa_features\/img\/3-default.jpg\" width=\"32\" height=\"32\">&nbsp;Puissance nominale<\/dt>\n<dd class=\"value\">10W<\/dd>\n<dt class=\"name\"><img loading=\"lazy\" decoding=\"async\" src=\"https:\/\/www.factorled.com\/modules\/oa_features\/img\/4-default.jpg\" width=\"32\" height=\"32\">&nbsp;Tension nominale<\/dt>\n<dd class=\"value\">220-240V<\/dd>\n<dt class=\"name\"><img loading=\"lazy\" decoding=\"async\" src=\"https:\/\/www.factorled.com\/modules\/oa_features\/img\/5-default.jpg\" width=\"32\" height=\"32\">&nbsp;Temp\u00e9rature de la lumi\u00e8re<\/dt>\n<dd class=\"value\">2700K - 4000K - 5700K<\/dd>\n<dt class=\"name\"><img loading=\"lazy\" decoding=\"async\" src=\"https:\/\/www.factorled.com\/modules\/oa_features\/img\/6-default.jpg\" width=\"32\" height=\"32\">&nbsp;CRI - Indice de rendu des couleurs<\/dt>\n<dd class=\"value\">80<\/dd>\n<dt class=\"name\"><img loading=\"lazy\" decoding=\"async\" src=\"https:\/\/www.factorled.com\/modules\/oa_features\/img\/25-default.jpg\" width=\"32\" height=\"32\">&nbsp;Mat\u00e9riaux de construction<\/dt>\n<dd class=\"value\">Hieroo + PC + Cristal<\/dd>\n<dt class=\"name\"><img loading=\"lazy\" decoding=\"async\" src=\"https:\/\/www.factorled.com\/modules\/oa_features\/img\/8-default.jpg\" width=\"32\" height=\"32\">&nbsp;Luminosit\u00e9-Lm<\/dt>\n<dd class=\"value\">1100<\/dd>\n<dt class=\"name\"><img loading=\"lazy\" decoding=\"async\" src=\"https:\/\/www.factorled.com\/modules\/oa_features\/img\/9-default.jpg\" width=\"32\" height=\"32\">&nbsp;Type de LED<\/dt>\n<dd class=\"value\">SMD 2835 OSRAM CHIP<\/dd>\n<dt class=\"name\"><img loading=\"lazy\" decoding=\"async\" src=\"https:\/\/www.factorled.com\/modules\/oa_features\/img\/10-default.jpg\" width=\"32\" height=\"32\">&nbsp;Angle d'ouverture (\u00ba)<\/dt>\n<dd class=\"value\">24\u00ba<\/dd>\n<dt class=\"name\"><img loading=\"lazy\" decoding=\"async\" src=\"https:\/\/www.factorled.com\/modules\/oa_features\/img\/12-default.jpg\" width=\"32\" height=\"32\">&nbsp;Efficacit\u00e9 de la diode LED (Lm\/W)<\/dt>\n<dd class=\"value\">120Lm\/W<\/dd>\n<dt class=\"name\"><img loading=\"lazy\" decoding=\"async\" src=\"https:\/\/www.factorled.com\/modules\/oa_features\/img\/13-default.jpg\" width=\"32\" height=\"32\">&nbsp;Efficacit\u00e9 lumineuse (Lm\/W)<\/dt>\n<dd class=\"value\">110 Lm\/W<\/dd>\n<dt class=\"name\"><img loading=\"lazy\" decoding=\"async\" src=\"https:\/\/www.factorled.com\/modules\/oa_features\/img\/15-default.jpg\" width=\"32\" height=\"32\">&nbsp;Certificats<\/dt>\n<dd class=\"value\">CE, CMIM, RoHS<\/dd>\n<dt class=\"name\"><img loading=\"lazy\" decoding=\"async\" src=\"https:\/\/www.factorled.com\/modules\/oa_features\/img\/16-default.jpg\" width=\"32\" height=\"32\">&nbsp;Indice de protection IP<\/dt>\n<dd class=\"value\">IP20<\/dd>\n<dt class=\"name\"><img loading=\"lazy\" decoding=\"async\" src=\"https:\/\/www.factorled.com\/modules\/oa_features\/img\/17-default.jpg\" width=\"32\" height=\"32\">&nbsp;Dur\u00e9e de vie estim\u00e9e Diode LED (H)<\/dt>\n<dd class=\"value\">30.000<\/dd>\n<dt class=\"name\"><img loading=\"lazy\" decoding=\"async\" src=\"https:\/\/www.factorled.com\/modules\/oa_features\/img\/21-default.jpg\" width=\"32\" height=\"32\">&nbsp;Fr\u00e9quence de travail (Hz)<\/dt>\n<dd class=\"value\">50\/60Hz<\/dd>\n<dt class=\"name\"><img loading=\"lazy\" decoding=\"async\" src=\"https:\/\/www.factorled.com\/modules\/oa_features\/img\/22-default.jpg\" width=\"32\" height=\"32\">&nbsp;Plage de temp\u00e9rature (\u00baC)<\/dt>\n<dd class=\"value\">-20\u00ba ~ +40\u00ba.<\/dd>\n<dt class=\"name\"><img loading=\"lazy\" decoding=\"async\" src=\"https:\/\/www.factorled.com\/modules\/oa_features\/img\/23-default.jpg\" width=\"32\" height=\"32\">&nbsp;Cycles d'allumage<\/dt>\n<dd class=\"value\">12500<\/dd>\n<dt class=\"name\"><img loading=\"lazy\" decoding=\"async\" src=\"https:\/\/www.factorled.com\/modules\/oa_features\/img\/24-default.jpg\" width=\"32\" height=\"32\">&nbsp;Temps de d\u00e9marrage (s)<\/dt>\n<dd class=\"value\">0,2s<\/dd>\n<dt class=\"name\"><img loading=\"lazy\" decoding=\"async\" src=\"https:\/\/www.factorled.com\/modules\/oa_features\/img\/7-default.jpg\" width=\"32\" height=\"32\">&nbsp;Classe \u00e9nerg\u00e9tique (2021-UE-2019\/2015)<\/dt>\n<dd class=\"value\">A+<\/dd>\n<dt class=\"name\"><img loading=\"lazy\" decoding=\"async\" src=\"https:\/\/www.factorled.com\/modules\/oa_features\/img\/75-default.jpg\" width=\"32\" height=\"32\">&nbsp;Ann\u00e9es de garantie<\/dt>\n<dd class=\"value\">3<\/dd>\n<dt class=\"name\"><img loading=\"lazy\" decoding=\"async\" src=\"https:\/\/www.factorled.com\/modules\/oa_features\/img\/103-default.jpg\" width=\"32\" height=\"32\">&nbsp;Couleur de la carrosserie<\/dt>\n<dd class=\"value\">Blanc<\/dd>\n<dt class=\"name\"><img loading=\"lazy\" decoding=\"async\" src=\"https:\/\/www.factorled.com\/modules\/oa_features\/img\/104-default.jpg\" width=\"32\" height=\"32\">&nbsp;Finition<\/dt>\n<dd class=\"value\">Compagnon<\/dd>\n<\/dl><\/h1>","protected":false},"excerpt":{"rendered":"<div class=\"product-reference\"><strong><label class=\"label\">R\u00e9f\u00e9rence :<\/label> SLTKMW10W-91138<\/strong>\n<div><\/div>\n<div class=\"product-description-short\">\n<div id=\"product-description-short-3853\">\n<p><strong>Spot sur rail monophas\u00e9 avec ampoule GU10 incluse, en fer,<\/strong>&nbsp;allie polyvalence et design fonctionnel. Son installation facile et sa capacit\u00e9 r\u00e9glable permettent d'orienter la lumi\u00e8re dans n'importe quelle direction, ce qui est id\u00e9al pour adapter l'\u00e9clairage \u00e0 vos besoins. Id\u00e9al pour les coins lecture, les vitrines ou les pr\u00e9sentations de produits.<\/p>\n<p><strong>Une solution pratique et \u00e9l\u00e9gante pour mettre en valeur vos espaces !<\/strong><\/p>\n<p><strong>Temp\u00e9rature de couleur : 2700K\/4000K\/5700K<\/strong><\/p>\n<\/div>\n<\/div><\/div>","protected":false},"featured_media":15718,"template":"","meta":{"site-sidebar-layout":"default","site-content-layout":"default","ast-global-header-display":"","ast-main-header-display":"","ast-hfb-above-header-display":"","ast-hfb-below-header-display":"","ast-hfb-mobile-header-display":"","site-post-title":"","ast-breadcrumbs-content":"","ast-featured-img":"","footer-sml-layout":"","theme-transparent-header-meta":"default","adv-header-id-meta":"","stick-header-meta":"","header-above-stick-meta":"","header-main-stick-meta":"","header-below-stick-meta":""},"product_cat":[32,76],"product_tag":[],"class_list":["post-15712","product","type-product","status-publish","has-post-thumbnail","hentry","product_cat-iluminacion-comercial-para-tienda","product_cat-iluminacion-led-carril"],"_links":{"self":[{"href":"https:\/\/starlediluminacion.com\/fr\/wp-json\/wp\/v3\/product\/15712","targetHints":{"allow":["GET"]}}],"collection":[{"href":"https:\/\/starlediluminacion.com\/fr\/wp-json\/wp\/v3\/product"}],"about":[{"href":"https:\/\/starlediluminacion.com\/fr\/wp-json\/wp\/v2\/types\/product"}],"wp:featuredmedia":[{"embeddable":true,"href":"https:\/\/starlediluminacion.com\/fr\/wp-json\/wp\/v2\/media\/15718"}],"wp:attachment":[{"href":"https:\/\/starlediluminacion.com\/fr\/wp-json\/wp\/v2\/media?parent=15712"}],"wp:term":[{"taxonomy":"product_cat","embeddable":true,"href":"https:\/\/starlediluminacion.com\/fr\/wp-json\/wp\/v2\/product_cat?post=15712"},{"taxonomy":"product_tag","embeddable":true,"href":"https:\/\/starlediluminacion.com\/fr\/wp-json\/wp\/v2\/product_tag?post=15712"}],"curies":[{"name":"wp","href":"https:\/\/api.w.org\/{rel}","templated":true}]}}