{"id":15648,"date":"2025-03-16T20:39:56","date_gmt":"2025-03-16T20:39:56","guid":{"rendered":"https:\/\/starlediluminacion.com\/?post_type=product&#038;p=15648"},"modified":"2025-06-01T08:22:53","modified_gmt":"2025-06-01T08:22:53","slug":"farola-led-100w-halley-smd3030-high-lumen-160lm-w","status":"publish","type":"product","link":"https:\/\/starlediluminacion.com\/fr\/product\/farola-led-100w-halley-smd3030-high-lumen-160lm-w\/","title":{"rendered":"<p>Farola LED 100W HALLEY SMD3030 &ndash; HIGH LUMEN 160lm\/W<\/p>"},"content":{"rendered":"<h1>Farola LED 100W HALLEY SMD3030 &ndash; HIGH LUMEN 160lm\/W<p>Pour am\u00e9liorer l'\u00e9clairage des rues, la solution id\u00e9ale est le nouveau syst\u00e8me d'\u00e9clairage de la rue.&nbsp;<strong>Farola LED HALLEY<\/strong>&nbsp;qui se distingue des autres gr\u00e2ce \u00e0 son<strong>&nbsp;100W<\/strong>&nbsp;SMD3030, ce qui permet d'obtenir un luminaire de qualit\u00e9. Il est fabriqu\u00e9 en aluminium et en PMMA de haute qualit\u00e9 et transparence, ce qui lui assure une protection de haute r\u00e9sistance.<\/p><p>Gr\u00e2ce \u00e0 sa conception extra-plate, il emp\u00eache les feuilles d'arbre ou la salet\u00e9 de se d\u00e9poser sur lui, tout en minimisant son impact visuel.<\/p><p>&nbsp;<\/p><p>Le lampadaire&nbsp;<strong>LED&nbsp;HALLEY&nbsp;<\/strong>&nbsp;s'allume imm\u00e9diatement, \u00e9liminant ainsi les temps d'attente ennuyeux qui laissent des zones enti\u00e8res dans l'obscurit\u00e9 en cas de panne de courant, ce qui cr\u00e9e un sentiment d'ins\u00e9curit\u00e9 chez les passants.<\/p><p>Desataca su gran resistencia a los golpes teniendo un grado IK10.<\/p><p>De plus, gr\u00e2ce \u00e0 sa protection&nbsp;<strong>IP66&nbsp;<\/strong>est prot\u00e9g\u00e9 contre tout changement de temps, sans que sa fonction d'\u00e9clairage ne soit affect\u00e9e.<\/p><p>&nbsp;<\/p><p>Le luminaire<strong>&nbsp;HALLEE LED&nbsp;<\/strong>&nbsp;L'\u00e9clairage public de l'Union europ\u00e9enne vous permettra de maintenir un bon niveau d'\u00e9clairage avec une faible consommation. Le co\u00fbt d'exploitation est plus faible car il n'y a pas de d\u00e9marreur ou d'\u00e9lectronique \u00e0 remplacer.<\/p><p>Con\u00e7u pour une longue dur\u00e9e de vie de plus de 50 000 heures, le&nbsp;<strong>farola LED 100W HALLEY<\/strong>&nbsp;a&nbsp;<strong>5 ans de garantie<\/strong>&nbsp;pour la qualit\u00e9 de ses aliments, sa durabilit\u00e9 et sa conception.<\/p><p>Il est \u00e9quip\u00e9 d'un connecteur pivotant rond de 60 mm de diam\u00e8tre, de 2 vis de pression pour la fixation \u00e0 la colonne.<\/p><h2><\/h2><h2>Usos de la Farola LED 100W HALLEY SMD3030 &ndash; HIGH LUMEN 160lm\/W<\/h2><ul>\n<li>Eclairage public<\/li>\n<li>Jardins et sentiers<\/li>\n<li>Parcs et places<\/li>\n<li>Centre sportif<\/li>\n<li>Parkings<\/li>\n<\/ul><h3 class=\"h6\">Fiche technique du produit<\/h3><dl class=\"data-sheet\">\n<dt class=\"name\"><img loading=\"lazy\" decoding=\"async\" src=\"https:\/\/www.factorled.com\/modules\/oa_features\/img\/2-default.jpg\" width=\"32\" height=\"32\">&nbsp;R\u00c9F\u00c9RENCE<\/dt>\n<dd class=\"value\">SP3100W<\/dd>\n<dt class=\"name\"><img loading=\"lazy\" decoding=\"async\" src=\"https:\/\/www.factorled.com\/modules\/oa_features\/img\/3-default.jpg\" width=\"32\" height=\"32\">&nbsp;Puissance nominale<\/dt>\n<dd class=\"value\">100w<\/dd>\n<dt class=\"name\"><img loading=\"lazy\" decoding=\"async\" src=\"https:\/\/www.factorled.com\/modules\/oa_features\/img\/4-default.jpg\" width=\"32\" height=\"32\">&nbsp;Tension nominale<\/dt>\n<dd class=\"value\">85-265V<\/dd>\n<dt class=\"name\"><img loading=\"lazy\" decoding=\"async\" src=\"https:\/\/www.factorled.com\/modules\/oa_features\/img\/5-default.jpg\" width=\"32\" height=\"32\">&nbsp;Temp\u00e9rature de la lumi\u00e8re<\/dt>\n<dd class=\"value\">3000K<\/dd>\n<dt class=\"name\"><img loading=\"lazy\" decoding=\"async\" src=\"https:\/\/www.factorled.com\/modules\/oa_features\/img\/6-default.jpg\" width=\"32\" height=\"32\">&nbsp;CRI - Indice de rendu des couleurs<\/dt>\n<dd class=\"value\">70<\/dd>\n<dt class=\"name\"><img loading=\"lazy\" decoding=\"async\" src=\"https:\/\/www.factorled.com\/modules\/oa_features\/img\/25-default.jpg\" width=\"32\" height=\"32\">&nbsp;Mat\u00e9riaux de construction<\/dt>\n<dd class=\"value\">Aluminium<\/dd>\n<dt class=\"name\"><img loading=\"lazy\" decoding=\"async\" src=\"https:\/\/www.factorled.com\/modules\/oa_features\/img\/8-default.jpg\" width=\"32\" height=\"32\">&nbsp;Luminosit\u00e9-Lm<\/dt>\n<dd class=\"value\">15000Lm<\/dd>\n<dt class=\"name\"><img loading=\"lazy\" decoding=\"async\" src=\"https:\/\/www.factorled.com\/modules\/oa_features\/img\/9-default.jpg\" width=\"32\" height=\"32\">&nbsp;Type de LED<\/dt>\n<dd class=\"value\">SMD3030<\/dd>\n<dt class=\"name\"><img loading=\"lazy\" decoding=\"async\" src=\"https:\/\/www.factorled.com\/modules\/oa_features\/img\/10-default.jpg\" width=\"32\" height=\"32\">&nbsp;Angle d'ouverture (\u00ba)<\/dt>\n<dd class=\"value\">150\u00ba x 90\u00ba.<\/dd>\n<dt class=\"name\"><img loading=\"lazy\" decoding=\"async\" src=\"https:\/\/www.factorled.com\/modules\/oa_features\/img\/12-default.jpg\" width=\"32\" height=\"32\">&nbsp;Efficacit\u00e9 de la diode LED (Lm\/W)<\/dt>\n<dd class=\"value\">165Lm\/W<\/dd>\n<dt class=\"name\"><img loading=\"lazy\" decoding=\"async\" src=\"https:\/\/www.factorled.com\/modules\/oa_features\/img\/13-default.jpg\" width=\"32\" height=\"32\">&nbsp;Efficacit\u00e9 lumineuse (Lm\/W)<\/dt>\n<dd class=\"value\">150 Lm\/W<\/dd>\n<dt class=\"name\"><img loading=\"lazy\" decoding=\"async\" src=\"https:\/\/www.factorled.com\/modules\/oa_features\/img\/15-default.jpg\" width=\"32\" height=\"32\">&nbsp;Certificats<\/dt>\n<dd class=\"value\">CE-RoSH-T\u00dcV-ENEC<\/dd>\n<dt class=\"name\"><img loading=\"lazy\" decoding=\"async\" src=\"https:\/\/www.factorled.com\/modules\/oa_features\/img\/16-default.jpg\" width=\"32\" height=\"32\">&nbsp;Indice de protection IP<\/dt>\n<dd class=\"value\">IP66<\/dd>\n<dt class=\"name\"><img loading=\"lazy\" decoding=\"async\" src=\"https:\/\/www.factorled.com\/modules\/oa_features\/img\/17-default.jpg\" width=\"32\" height=\"32\">&nbsp;Dur\u00e9e de vie estim\u00e9e Diode LED (H)<\/dt>\n<dd class=\"value\">50.000<\/dd>\n<dt class=\"name\"><img loading=\"lazy\" decoding=\"async\" src=\"https:\/\/www.factorled.com\/modules\/oa_features\/img\/18-default.jpg\" width=\"32\" height=\"32\">&nbsp;Dimensions (mm)<\/dt>\n<dd class=\"value\">623mmx200mm - Trou de tube 63\u00d8mm<\/dd>\n<dt class=\"name\"><img loading=\"lazy\" decoding=\"async\" src=\"https:\/\/www.factorled.com\/modules\/oa_features\/img\/20-default.jpg\" width=\"32\" height=\"32\">&nbsp;Facteur de puissance (PF)<\/dt>\n<dd class=\"value\">0,95<\/dd>\n<dt class=\"name\"><img loading=\"lazy\" decoding=\"async\" src=\"https:\/\/www.factorled.com\/modules\/oa_features\/img\/21-default.jpg\" width=\"32\" height=\"32\">&nbsp;Fr\u00e9quence de travail (Hz)<\/dt>\n<dd class=\"value\">50\/60Hz<\/dd>\n<dt class=\"name\"><img loading=\"lazy\" decoding=\"async\" src=\"https:\/\/www.factorled.com\/modules\/oa_features\/img\/22-default.jpg\" width=\"32\" height=\"32\">&nbsp;Plage de temp\u00e9rature (\u00baC)<\/dt>\n<dd class=\"value\">-20\u00b0C ~ +55\u00b0C<\/dd>\n<dt class=\"name\"><img loading=\"lazy\" decoding=\"async\" src=\"https:\/\/www.factorled.com\/modules\/oa_features\/img\/24-default.jpg\" width=\"32\" height=\"32\">&nbsp;Temps de d\u00e9marrage (s)<\/dt>\n<dd class=\"value\">0,2s<\/dd>\n<dt class=\"name\"><img loading=\"lazy\" decoding=\"async\" src=\"https:\/\/www.factorled.com\/modules\/oa_features\/img\/73-default.jpg\" width=\"32\" height=\"32\">&nbsp;Protection contre les chocs (IK)<\/dt>\n<dd class=\"value\">IK10<\/dd>\n<dt class=\"name\"><img loading=\"lazy\" decoding=\"async\" src=\"https:\/\/www.factorled.com\/modules\/oa_features\/img\/74-default.jpg\" width=\"32\" height=\"32\">&nbsp;Conducteur inclus<\/dt>\n<dd class=\"value\">EDISON<\/dd>\n<dt class=\"name\"><img loading=\"lazy\" decoding=\"async\" src=\"https:\/\/www.factorled.com\/modules\/oa_features\/img\/7-default.jpg\" width=\"32\" height=\"32\">&nbsp;Classe \u00e9nerg\u00e9tique (2021-UE-2019\/2015)<\/dt>\n<dd class=\"value\">A++<\/dd>\n<dt class=\"name\"><img loading=\"lazy\" decoding=\"async\" src=\"https:\/\/www.factorled.com\/modules\/oa_features\/img\/101-default.jpg\" width=\"32\" height=\"32\">&nbsp;Classe \u00e9nerg\u00e9tique (2023 - EU-2019\/2015)<\/dt>\n<dd class=\"value\">C<\/dd>\n<dt class=\"name\"><img loading=\"lazy\" decoding=\"async\" src=\"https:\/\/www.factorled.com\/modules\/oa_features\/img\/75-default.jpg\" width=\"32\" height=\"32\">&nbsp;Ann\u00e9es de garantie<\/dt>\n<dd class=\"value\">5<\/dd>\n<\/dl><\/h1>","protected":false},"excerpt":{"rendered":"<div class=\"product-reference\"><strong><label class=\"label\">R\u00e9f\u00e9rence :<\/label> SLSP3100W<\/strong>\n<div><\/div>\n<div class=\"product-description-short\">\n<div id=\"product-description-short-1628\">\n<p>Les&nbsp;<strong>Farola LED 100W HALLEY&nbsp;<\/strong>est compos\u00e9 de diodes&nbsp;<strong>SMD 3030 Edison&nbsp;<\/strong>La technologie LED est capable de g\u00e9n\u00e9rer une grande luminosit\u00e9, ce qui permet d'\u00e9clairer n'importe quel espace ext\u00e9rieur d'\u00e9clairage public. Le moment est venu de remplacer les anciens lampadaires par de nouveaux et la technologie LED peut r\u00e9duire la consommation d'\u00e9nergie jusqu'\u00e0 80%.<strong>&nbsp;ENEC 05.<\/strong><\/p>\n<p><strong>Temp\u00e9rature de couleur : 3000K\/4000K<\/strong><\/p>\n<\/div>\n<\/div><\/div>","protected":false},"featured_media":15658,"template":"","meta":{"site-sidebar-layout":"default","site-content-layout":"default","ast-global-header-display":"","ast-main-header-display":"","ast-hfb-above-header-display":"","ast-hfb-below-header-display":"","ast-hfb-mobile-header-display":"","site-post-title":"","ast-breadcrumbs-content":"","ast-featured-img":"","footer-sml-layout":"","theme-transparent-header-meta":"default","adv-header-id-meta":"","stick-header-meta":"","header-above-stick-meta":"","header-main-stick-meta":"","header-below-stick-meta":""},"product_cat":[95,30],"product_tag":[],"class_list":["post-15648","product","type-product","status-publish","has-post-thumbnail","hentry","product_cat-farolas-led-urbanas","product_cat-iluminacion-publica-y-vial"],"_links":{"self":[{"href":"https:\/\/starlediluminacion.com\/fr\/wp-json\/wp\/v3\/product\/15648","targetHints":{"allow":["GET"]}}],"collection":[{"href":"https:\/\/starlediluminacion.com\/fr\/wp-json\/wp\/v3\/product"}],"about":[{"href":"https:\/\/starlediluminacion.com\/fr\/wp-json\/wp\/v2\/types\/product"}],"wp:featuredmedia":[{"embeddable":true,"href":"https:\/\/starlediluminacion.com\/fr\/wp-json\/wp\/v2\/media\/15658"}],"wp:attachment":[{"href":"https:\/\/starlediluminacion.com\/fr\/wp-json\/wp\/v2\/media?parent=15648"}],"wp:term":[{"taxonomy":"product_cat","embeddable":true,"href":"https:\/\/starlediluminacion.com\/fr\/wp-json\/wp\/v2\/product_cat?post=15648"},{"taxonomy":"product_tag","embeddable":true,"href":"https:\/\/starlediluminacion.com\/fr\/wp-json\/wp\/v2\/product_tag?post=15648"}],"curies":[{"name":"wp","href":"https:\/\/api.w.org\/{rel}","templated":true}]}}