{"id":1563,"date":"2022-07-31T18:31:49","date_gmt":"2022-07-31T18:31:49","guid":{"rendered":"https:\/\/starlediluminacion.com\/?post_type=product&#038;p=1563"},"modified":"2022-08-27T15:38:43","modified_gmt":"2022-08-27T15:38:43","slug":"tubos-led","status":"publish","type":"product","link":"https:\/\/starlediluminacion.com\/fr\/product\/tubos-led\/","title":{"rendered":"<p>Ampoule LED 10W SMART Wifi RGB+CCT + T\u00e9l\u00e9commande - A60 Dimmable - E27<\/p>"},"content":{"rendered":"<p><strong><label>REFERENCIA: SL-<span style=\"font-size: 16px;\">IWSMA60-REMOTE<\/span><\/label><\/strong><p>Les&nbsp;<strong>Ampoule LED SMART Wifi 10W&nbsp;<\/strong>+ Control Remoto&nbsp; A60 para casquillo&nbsp;<strong>E27<\/strong>La fonction de s\u00e9lection des couleurs est disponible&nbsp;<strong>RVB + blanc<\/strong>, controlable por aplicaci&oacute;n m&oacute;vil mediante conexi&oacute;n WIFI o a trav&eacute;s de Google Home y Alexa.<\/p><h1>Bombilla LED E27 10W SMART Wifi RGB+CCT + Control Remoto<\/h1><p>Les&nbsp;<strong>bombilla E27 10W LED SMART WIFI + Control Remoto<\/strong>Ce dispositif offre la possibilit\u00e9 de r\u00e9gler \u00e0 la fois la couleur de chaque diode (<strong>RVB<\/strong>) ainsi que sa luminosit\u00e9 et sa temp\u00e9rature de couleur, qu'il est possible de r\u00e9gler des couleurs chaudes (2700K) aux couleurs plus froides (6500K), en l'adaptant aux besoins de tous les utilisateurs. Associez-le \u00e0 d'autres appareils SMART et cr\u00e9ez des moments uniques dans votre maison.<\/p><p>&nbsp;<\/p><h2>Configuraci&oacute;n Bombilla LED E27 10W SMART Wifi RGB+CCT + Control Remoto:<\/h2><ul>\n<li>Branchez l'ampoule sur le secteur.<\/li>\n<li>Allumer et \u00e9teindre de mani\u00e8re r\u00e9p\u00e9t\u00e9e 3 fois<\/li>\n<li>L'ampoule doit commencer \u00e0 clignoter.<\/li>\n<li>Si l'ampoule ne clignote pas, attendez 10 secondes et recommencez la s\u00e9quence.<\/li>\n<li>D\u00e9sormais, vous pouvez le relier \u00e0 l'APP.<\/li>\n<\/ul><p>Il dispose d'un total de&nbsp;<strong>la compatibilit\u00e9<\/strong>&nbsp; avec&nbsp;<strong>Amazon Alexa, Google Home et la vie intelligente<\/strong>&nbsp;ainsi que les syst\u00e8mes d'exploitation IOs et Android. Sa mise en \u0153uvre est tr\u00e8s simple et intuitive gr\u00e2ce \u00e0 notre application gratuite IWIIK ou TUYA.<\/p><p>Transformez votre maison en une maison intelligente gr\u00e2ce aux produits Smart WIFI IWIIK que vous trouverez dans notre boutique en ligne.<\/p><p><strong>DONN\u00c9ES TECHNIQUES<\/strong><\/p><div class=\"col-xs-12 col-md-6\">\n<table class=\"table table-data-sheet 1\">\n<tbody>\n<tr class=\"odd\">\n<td valign=\"middle\" width=\"32\"><\/td>\n<td valign=\"middle\">REFERENCE :<\/td>\n<td valign=\"middle\">SL-IWSMA60-REMOTE<\/td>\n<\/tr>\n<tr class=\"even\">\n<td valign=\"middle\" width=\"32\"><\/td>\n<td valign=\"middle\">Puissance nominale :<\/td>\n<td valign=\"middle\">10W<\/td>\n<\/tr>\n<tr class=\"odd\">\n<td valign=\"middle\" width=\"32\"><\/td>\n<td valign=\"middle\">Tension nominale :<\/td>\n<td valign=\"middle\">220V-240V<\/td>\n<\/tr>\n<tr class=\"even\">\n<td valign=\"middle\" width=\"32\"><\/td>\n<td valign=\"middle\">Temp\u00e9rature de la lumi\u00e8re :<\/td>\n<td valign=\"middle\">RGB+CCT<\/td>\n<\/tr>\n<tr class=\"odd\">\n<td valign=\"middle\" width=\"32\"><\/td>\n<td valign=\"middle\">CRI - Indice de rendu des couleurs :<\/td>\n<td valign=\"middle\">85<\/td>\n<\/tr>\n<tr class=\"even\">\n<td valign=\"middle\" width=\"32\"><\/td>\n<td valign=\"middle\">Mat\u00e9riaux de construction :<\/td>\n<td valign=\"middle\">Aluminium +PC<\/td>\n<\/tr>\n<tr class=\"odd\">\n<td valign=\"middle\" width=\"32\"><\/td>\n<td valign=\"middle\">Luminosit\u00e9-Lm :<\/td>\n<td valign=\"middle\">806<\/td>\n<\/tr>\n<tr class=\"even\">\n<td valign=\"middle\" width=\"32\"><\/td>\n<td valign=\"middle\">Type de DEL :<\/td>\n<td valign=\"middle\">SMD<\/td>\n<\/tr>\n<tr class=\"odd\">\n<td valign=\"middle\" width=\"32\"><\/td>\n<td valign=\"middle\">Angle d'ouverture (\u00ba) :<\/td>\n<td valign=\"middle\">300\u00ba<\/td>\n<\/tr>\n<tr class=\"even\">\n<td valign=\"middle\" width=\"32\"><\/td>\n<td valign=\"middle\">Efficacit\u00e9 de la diode LED (Lm\/W) :<\/td>\n<td valign=\"middle\">120Lm\/W<\/td>\n<\/tr>\n<tr class=\"odd\">\n<td valign=\"middle\" width=\"32\"><\/td>\n<td valign=\"middle\">Efficacit\u00e9 lumineuse (Lm\/W) :<\/td>\n<td valign=\"middle\">80 Lm\/W<\/td>\n<\/tr>\n<tr class=\"even\">\n<td valign=\"middle\" width=\"32\"><\/td>\n<td valign=\"middle\">Dimmable :<\/td>\n<td valign=\"middle\">OUI<\/td>\n<\/tr>\n<\/tbody>\n<\/table>\n<\/div><div class=\"col-xs-12 col-md-6 2\">\n<table class=\"table table-data-sheet 2\">\n<tbody>\n<tr class=\"odd\">\n<td valign=\"middle\" width=\"32\"><\/td>\n<td valign=\"middle\">Douille :<\/td>\n<td valign=\"middle\">E27<\/td>\n<\/tr>\n<tr class=\"even\">\n<td valign=\"middle\" width=\"32\"><\/td>\n<td valign=\"middle\">Certificats :<\/td>\n<td valign=\"middle\">CE - ROHS<\/td>\n<\/tr>\n<tr class=\"odd\">\n<td valign=\"middle\" width=\"32\"><\/td>\n<td valign=\"middle\">Indice de protection IP :<\/td>\n<td valign=\"middle\">IP20<\/td>\n<\/tr>\n<tr class=\"even\">\n<td valign=\"middle\" width=\"32\"><\/td>\n<td valign=\"middle\">Dur\u00e9e de vie estim\u00e9e de la diode LED (H) :<\/td>\n<td valign=\"middle\">30.000<\/td>\n<\/tr>\n<tr class=\"odd\">\n<td valign=\"middle\" width=\"32\"><\/td>\n<td valign=\"middle\">Dimensions (mm) :<\/td>\n<td valign=\"middle\">\u00d860\u00d7120 mm<\/td>\n<\/tr>\n<tr class=\"even\">\n<td valign=\"middle\" width=\"32\"><\/td>\n<td valign=\"middle\">Fr\u00e9quence de travail (Hz) :<\/td>\n<td valign=\"middle\">50\/60Hz<\/td>\n<\/tr>\n<tr class=\"odd\">\n<td valign=\"middle\" width=\"32\"><\/td>\n<td valign=\"middle\">Plage de temp\u00e9rature (\u00baC) :<\/td>\n<td valign=\"middle\">-20\u00b0C ~ +55\u00b0C<\/td>\n<\/tr>\n<tr class=\"even\">\n<td valign=\"middle\" width=\"32\"><\/td>\n<td valign=\"middle\">Temps de d\u00e9marrage (s) :<\/td>\n<td valign=\"middle\">0,2s<\/td>\n<\/tr>\n<tr class=\"odd\">\n<td valign=\"middle\" width=\"32\"><\/td>\n<td valign=\"middle\">Modes de contr\u00f4le :<\/td>\n<td valign=\"middle\">Wifi + Remote Contro IR<\/td>\n<\/tr>\n<tr class=\"even\">\n<td valign=\"middle\" width=\"32\"><\/td>\n<td valign=\"middle\">Classe \u00e9nerg\u00e9tique (2021-EU-2019\/2015) :<\/td>\n<td valign=\"middle\">A+<\/td>\n<\/tr>\n<tr class=\"odd\">\n<td valign=\"middle\" width=\"32\"><\/td>\n<td valign=\"middle\">Classe \u00e9nerg\u00e9tique (2023 - EU-2019\/2015) :<\/td>\n<td valign=\"middle\">A<\/td>\n<\/tr>\n<tr class=\"even\">\n<td valign=\"middle\" width=\"32\"><\/td>\n<td valign=\"middle\">Ann\u00e9es de garantie :<\/td>\n<td valign=\"middle\">2<\/td>\n<\/tr>\n<\/tbody>\n<\/table>\n<\/div><\/p>","protected":false},"excerpt":{"rendered":"<div class=\"col-md-12\"><span class=\"text-muted textprop\">Livraison dans les 24\/48 heures<\/span><div class=\"col-md-12\"><i class=\"fa fa-exchange\"><\/i>&nbsp;<span class=\"text-muted textprop\">15 jours pour les retours<\/span><\/div><div class=\"col-md-12\"><i class=\"fa fa-box\"><\/i>&nbsp;<span class=\"text-muted textprop\">100 unit\u00e9(s) par bo\u00eete \u00e0 outils<\/span><\/div><div class=\"col-md-12 certificados\"><\/div><\/div>","protected":false},"featured_media":1651,"template":"","meta":{"site-sidebar-layout":"default","site-content-layout":"default","ast-global-header-display":"","ast-main-header-display":"","ast-hfb-above-header-display":"","ast-hfb-below-header-display":"","ast-hfb-mobile-header-display":"","site-post-title":"","ast-breadcrumbs-content":"","ast-featured-img":"","footer-sml-layout":"","theme-transparent-header-meta":"default","adv-header-id-meta":"","stick-header-meta":"","header-above-stick-meta":"","header-main-stick-meta":"","header-below-stick-meta":""},"product_cat":[46,23,39],"product_tag":[],"class_list":["post-1563","product","type-product","status-publish","has-post-thumbnail","hentry","product_cat-bombillas-led-e27","product_cat-bombillas-y-lamparas-led","product_cat-smart-led-domotica"],"_links":{"self":[{"href":"https:\/\/starlediluminacion.com\/fr\/wp-json\/wp\/v3\/product\/1563","targetHints":{"allow":["GET"]}}],"collection":[{"href":"https:\/\/starlediluminacion.com\/fr\/wp-json\/wp\/v3\/product"}],"about":[{"href":"https:\/\/starlediluminacion.com\/fr\/wp-json\/wp\/v2\/types\/product"}],"wp:featuredmedia":[{"embeddable":true,"href":"https:\/\/starlediluminacion.com\/fr\/wp-json\/wp\/v2\/media\/1651"}],"wp:attachment":[{"href":"https:\/\/starlediluminacion.com\/fr\/wp-json\/wp\/v2\/media?parent=1563"}],"wp:term":[{"taxonomy":"product_cat","embeddable":true,"href":"https:\/\/starlediluminacion.com\/fr\/wp-json\/wp\/v2\/product_cat?post=1563"},{"taxonomy":"product_tag","embeddable":true,"href":"https:\/\/starlediluminacion.com\/fr\/wp-json\/wp\/v2\/product_tag?post=1563"}],"curies":[{"name":"wp","href":"https:\/\/api.w.org\/{rel}","templated":true}]}}