{"id":15569,"date":"2025-03-16T18:55:33","date_gmt":"2025-03-16T18:55:33","guid":{"rendered":"https:\/\/starlediluminacion.com\/?post_type=product&#038;p=15569"},"modified":"2025-06-01T08:21:50","modified_gmt":"2025-06-01T08:21:50","slug":"aplique-led-interior-y-exterior-20w-3cct-con-sensor-movimiento-pir-ip65","status":"publish","type":"product","link":"https:\/\/starlediluminacion.com\/fr\/product\/led-appliance-indoor-and-outdoor-20w-3cct-with-motion-sensor-pir-ip65\/","title":{"rendered":"<p>Applique LED d'int\u00e9rieur et d'ext\u00e9rieur - 20W 3CCT - Avec d\u00e9tecteur de mouvement PIR - IP65<\/p>"},"content":{"rendered":"<h1>Applique LED d'int\u00e9rieur et d'ext\u00e9rieur - 20W 3CCT - Avec d\u00e9tecteur de mouvement PIR - IP65<p>Les&nbsp;<strong>Applique LED 20W avec capteur PIR<\/strong>&nbsp;est une solution d'\u00e9clairage moderne et fonctionnelle, con\u00e7ue pour l'int\u00e9rieur et l'ext\u00e9rieur. Sa technologie 3CCT permet de choisir entre trois temp\u00e9ratures de couleur (3000K, 4000K, 6000K), s'adaptant ainsi \u00e0 tous les besoins d\u00e9coratifs ou pratiques. \u00c9quip\u00e9 d'un capteur de mouvement PIR, il allume automatiquement la lumi\u00e8re lorsqu'il d\u00e9tecte une pr\u00e9sence, am\u00e9liorant ainsi la s\u00e9curit\u00e9 et l'efficacit\u00e9 \u00e9nerg\u00e9tique.<\/p><p>Avec un&nbsp;<strong>Indice de protection IP65,<\/strong>&nbsp;est r\u00e9sistante \u00e0 l'eau et \u00e0 la poussi\u00e8re, parfaite pour les climats extr\u00eames. Cette applique est id\u00e9ale pour \u00e9clairer les entr\u00e9es, les couloirs, les terrasses, les patios et tout espace n\u00e9cessitant un \u00e9clairage fiable et esth\u00e9tique. Son design \u00e9l\u00e9gant s'harmonise avec tous les styles architecturaux et offre durabilit\u00e9, \u00e9conomies d'\u00e9nergie et commodit\u00e9 en un seul produit.<\/p><p><strong>Principales caract\u00e9ristiques<\/strong><\/p><ol>\n<li><strong>20W Puissance des LED<\/strong>Fournit un \u00e9clairage efficace et \u00e9conome en \u00e9nergie.<\/li>\n<li><strong>3CCT<\/strong>Temp\u00e9rature de couleur r\u00e9glable (chaude, neutre, froide) pour personnaliser l'ambiance.<\/li>\n<li><strong>D\u00e9tecteur de mouvement PIR<\/strong>D\u00e9tecte la pr\u00e9sence et active la lumi\u00e8re automatiquement, am\u00e9liorant ainsi la s\u00e9curit\u00e9 et les \u00e9conomies d'\u00e9nergie.<\/li>\n<li><strong>IP65<\/strong>R\u00e9sistant \u00e0 l'eau et \u00e0 la poussi\u00e8re, il est id\u00e9al pour une utilisation int\u00e9rieure et ext\u00e9rieure, quel que soit le climat.<\/li>\n<li><strong>Design \u00e9l\u00e9gant<\/strong>Un style moderne et polyvalent qui s'adapte \u00e0 tous les environnements.<\/li>\n<\/ol><p><strong>MODE DE CONTR\u00d4LE<\/strong><\/p><ol>\n<li><strong>Interrupteur de fonction rotatif :<\/strong>&nbsp;Permet un contr\u00f4le pr\u00e9cis des modes et du temps de fonctionnement des capteurs.<\/li>\n<li><strong>Interrupteur gauche :&nbsp;<\/strong>De gauche \u00e0 droite : R\u00e9glage entre&nbsp;<strong>Mode jour<\/strong>&nbsp;(fonctionne dans des conditions l\u00e9g\u00e8res) et&nbsp;<strong>Mode nuit<\/strong>&nbsp;(activ\u00e9e uniquement dans l'obscurit\u00e9).<\/li>\n<li><strong>Interrupteur droit :&nbsp;<\/strong>De gauche \u00e0 droite : R\u00e9glage de la&nbsp;<strong>temps d'activation du capteur<\/strong>&nbsp;sur&nbsp;<strong>10 secondes et 3 minutes<\/strong>en fonction de vos besoins d'utilisation.<\/li>\n<\/ol><h4><\/h4><h2><strong>Utilisations et applications des&nbsp;<\/strong>Applique LED 20W 3CCT avec d\u00e9tecteur de mouvement PIR - IP65<\/h2><p>L'applique murale LED avec d\u00e9tecteur de mouvement PIR est une option polyvalente qui s'adapte \u00e0 de nombreux environnements :<\/p><ul>\n<li><strong>Int\u00e9rieur :<\/strong>\n<ul>\n<li><strong>Couloirs et escaliers :<\/strong>&nbsp;am\u00e9liore la s\u00e9curit\u00e9 et facilite la circulation dans les zones de passage.<\/li>\n<li><strong>Halls d'entr\u00e9e et foyers :<\/strong>&nbsp;offre un accueil fonctionnel et \u00e9l\u00e9gant.<\/li>\n<li><strong>Toilettes :<\/strong>&nbsp;s'allume automatiquement et commod\u00e9ment sans qu'il soit n\u00e9cessaire d'utiliser des interrupteurs.<\/li>\n<\/ul>\n<\/li>\n<li><strong>Ext\u00e9rieur :<\/strong>\n<ul>\n<li><strong>Entr\u00e9es et fa\u00e7ades :<\/strong>&nbsp;Fournit un \u00e9clairage automatique aux points d'acc\u00e8s, augmentant ainsi la s\u00e9curit\u00e9.<\/li>\n<li><strong>Jardins et cours :<\/strong>&nbsp;Il am\u00e9liore l'esth\u00e9tique et la fonctionnalit\u00e9 des espaces ext\u00e9rieurs.<\/li>\n<li><strong>Garages et garages :<\/strong>&nbsp;S'allume automatiquement lorsqu'il d\u00e9tecte l'arriv\u00e9e de v\u00e9hicules ou de personnes.<\/li>\n<\/ul>\n<\/li>\n<\/ul><p>Cette applique LED est le choix id\u00e9al pour ceux qui recherchent une solution d'\u00e9clairage fiable, efficace et esth\u00e9tique. Am\u00e9liorez vos espaces et d\u00e9couvrez le confort d'un \u00e9clairage intelligent et durable.<\/p><h3 class=\"h6\">Fiche technique du produit<\/h3><dl class=\"data-sheet\">\n<dt class=\"name\"><img loading=\"lazy\" decoding=\"async\" src=\"https:\/\/www.factorled.com\/modules\/oa_features\/img\/2-default.jpg\" width=\"32\" height=\"32\">&nbsp;R\u00c9F\u00c9RENCE<\/dt>\n<dd class=\"value\">WL20W-CCT-91298<\/dd>\n<dt class=\"name\"><img loading=\"lazy\" decoding=\"async\" src=\"https:\/\/www.factorled.com\/modules\/oa_features\/img\/3-default.jpg\" width=\"32\" height=\"32\">&nbsp;Puissance nominale<\/dt>\n<dd class=\"value\">20w<\/dd>\n<dt class=\"name\"><img loading=\"lazy\" decoding=\"async\" src=\"https:\/\/www.factorled.com\/modules\/oa_features\/img\/4-default.jpg\" width=\"32\" height=\"32\">&nbsp;Tension nominale<\/dt>\n<dd class=\"value\">220V-240V<\/dd>\n<dt class=\"name\"><img loading=\"lazy\" decoding=\"async\" src=\"https:\/\/www.factorled.com\/modules\/oa_features\/img\/5-default.jpg\" width=\"32\" height=\"32\">&nbsp;Temp\u00e9rature de la lumi\u00e8re<\/dt>\n<dd class=\"value\">COULEUR S\u00c9LECTIONNABLE : 3000K-4000K-6000K<\/dd>\n<dt class=\"name\"><img loading=\"lazy\" decoding=\"async\" src=\"https:\/\/www.factorled.com\/modules\/oa_features\/img\/25-default.jpg\" width=\"32\" height=\"32\">&nbsp;Mat\u00e9riaux de construction<\/dt>\n<dd class=\"value\">Polycarbonate<\/dd>\n<dt class=\"name\"><img loading=\"lazy\" decoding=\"async\" src=\"https:\/\/www.factorled.com\/modules\/oa_features\/img\/10-default.jpg\" width=\"32\" height=\"32\">&nbsp;Angle d'ouverture (\u00ba)<\/dt>\n<dd class=\"value\">120\u00ba<\/dd>\n<dt class=\"name\"><img loading=\"lazy\" decoding=\"async\" src=\"https:\/\/www.factorled.com\/modules\/oa_features\/img\/15-default.jpg\" width=\"32\" height=\"32\">&nbsp;Certificats<\/dt>\n<dd class=\"value\">CE, CMIM, RoHS<\/dd>\n<dt class=\"name\"><img loading=\"lazy\" decoding=\"async\" src=\"https:\/\/www.factorled.com\/modules\/oa_features\/img\/16-default.jpg\" width=\"32\" height=\"32\">&nbsp;Indice de protection IP<\/dt>\n<dd class=\"value\">IP65-Ext\u00e9rieur<\/dd>\n<dt class=\"name\"><img loading=\"lazy\" decoding=\"async\" src=\"https:\/\/www.factorled.com\/modules\/oa_features\/img\/17-default.jpg\" width=\"32\" height=\"32\">&nbsp;Dur\u00e9e de vie estim\u00e9e Diode LED (H)<\/dt>\n<dd class=\"value\">35.000<\/dd>\n<dt class=\"name\"><img loading=\"lazy\" decoding=\"async\" src=\"https:\/\/www.factorled.com\/modules\/oa_features\/img\/18-default.jpg\" width=\"32\" height=\"32\">&nbsp;Dimensions (mm)<\/dt>\n<dd class=\"value\">300x80x150 mm<\/dd>\n<dt class=\"name\"><img loading=\"lazy\" decoding=\"async\" src=\"https:\/\/www.factorled.com\/modules\/oa_features\/img\/21-default.jpg\" width=\"32\" height=\"32\">&nbsp;Fr\u00e9quence de travail (Hz)<\/dt>\n<dd class=\"value\">50\/60Hz<\/dd>\n<dt class=\"name\"><img loading=\"lazy\" decoding=\"async\" src=\"https:\/\/www.factorled.com\/modules\/oa_features\/img\/22-default.jpg\" width=\"32\" height=\"32\">&nbsp;Plage de temp\u00e9rature (\u00baC)<\/dt>\n<dd class=\"value\">+40\u00baC ~ -20\u00baC<\/dd>\n<dt class=\"name\"><img loading=\"lazy\" decoding=\"async\" src=\"https:\/\/www.factorled.com\/modules\/oa_features\/img\/23-default.jpg\" width=\"32\" height=\"32\">&nbsp;Cycles d'allumage<\/dt>\n<dd class=\"value\">100.000<\/dd>\n<dt class=\"name\"><img loading=\"lazy\" decoding=\"async\" src=\"https:\/\/www.factorled.com\/modules\/oa_features\/img\/75-default.jpg\" width=\"32\" height=\"32\">&nbsp;Ann\u00e9es de garantie<\/dt>\n<dd class=\"value\">3<\/dd>\n<dt class=\"name\"><img loading=\"lazy\" decoding=\"async\" src=\"https:\/\/www.factorled.com\/modules\/oa_features\/img\/77-default.jpg\" width=\"32\" height=\"32\">&nbsp;Port\u00e9e (m)<\/dt>\n<dd class=\"value\">8 m.<\/dd>\n<dt class=\"name\"><img loading=\"lazy\" decoding=\"async\" src=\"https:\/\/www.factorled.com\/modules\/oa_features\/img\/133-default.jpg\" width=\"32\" height=\"32\">&nbsp;Unit\u00e9s par bo\u00eete \u00e0 outils<\/dt>\n<dd class=\"value\">10<\/dd>\n<\/dl><\/h1>","protected":false},"excerpt":{"rendered":"<div class=\"product-reference\"><strong><label class=\"label\">R\u00e9f\u00e9rence :<\/label> SLWL20W-CCT-91298<\/strong>\n<div><\/div>\n<div class=\"product-description-short\">\n<div id=\"product-description-short-3785\">\n<p><strong>Applique LED 20W avec capteur PIR<\/strong>Cette applique combine design moderne et fonctionnalit\u00e9, id\u00e9ale pour l'int\u00e9rieur et l'ext\u00e9rieur. Avec&nbsp;<strong>Protection IP65,<\/strong>&nbsp;est r\u00e9sistant \u00e0 l'eau et \u00e0 la poussi\u00e8re, ce qui le rend parfait pour tous les climats. Sa technologie&nbsp;<strong>3CCT<\/strong>&nbsp;permet de choisir entre trois temp\u00e9ratures de couleur pour s'adapter \u00e0 l'ambiance souhait\u00e9e.<\/p>\n<p>Les&nbsp;<strong>Capteur PIR<\/strong>&nbsp;d\u00e9tecte les mouvements et active automatiquement la lumi\u00e8re, pour plus de s\u00e9curit\u00e9 et de confort. Une solution efficace, polyvalente et \u00e9l\u00e9gante pour \u00e9clairer les entr\u00e9es, les couloirs, les terrasses ou tout autre espace n\u00e9cessitant un \u00e9clairage fiable.<\/p>\n<\/div>\n<\/div><\/div>","protected":false},"featured_media":15577,"template":"","meta":{"site-sidebar-layout":"default","site-content-layout":"default","ast-global-header-display":"","ast-main-header-display":"","ast-hfb-above-header-display":"","ast-hfb-below-header-display":"","ast-hfb-mobile-header-display":"","site-post-title":"","ast-breadcrumbs-content":"","ast-featured-img":"","footer-sml-layout":"","theme-transparent-header-meta":"default","adv-header-id-meta":"","stick-header-meta":"","header-above-stick-meta":"","header-main-stick-meta":"","header-below-stick-meta":""},"product_cat":[36,65],"product_tag":[],"class_list":["post-15569","product","type-product","status-publish","has-post-thumbnail","hentry","product_cat-apliques-led-y-decoracion","product_cat-decoracion-led"],"yoast_head":"<!-- This site is optimized with the Yoast SEO plugin v27.4 - https:\/\/yoast.com\/product\/yoast-seo-wordpress\/ -->\n<title>Aplique LED Interior y Exterior - 20W 3CCT - Con Sensor movimiento PIR - IP65 - STARLED Iluminacion<\/title>\n<meta name=\"robots\" content=\"index, follow, max-snippet:-1, max-image-preview:large, max-video-preview:-1\" \/>\n<link rel=\"canonical\" href=\"https:\/\/starlediluminacion.com\/fr\/product\/led-appliance-indoor-and-outdoor-20w-3cct-with-motion-sensor-pir-ip65\/\" \/>\n<meta property=\"og:locale\" content=\"fr_FR\" \/>\n<meta property=\"og:type\" content=\"article\" \/>\n<meta property=\"og:title\" content=\"Aplique LED Interior y Exterior - 20W 3CCT - Con Sensor movimiento PIR - IP65 - STARLED Iluminacion\" \/>\n<meta property=\"og:description\" content=\"Referencia: SLWL20W-CCT-91298      Aplique de Pared LED 20W con Sensor PIR: Este aplique combina dise\u00f1o moderno y funcionalidad, ideal para interior y exterior. Con\u00a0protecci\u00f3n IP65,\u00a0resiste agua y polvo, siendo perfecto para cualquier clima. Su tecnolog\u00eda\u00a03CCT\u00a0permite seleccionar entre tres temperaturas de color, adapt\u00e1ndose al ambiente deseado.  El\u00a0sensor PIR\u00a0detecta movimiento y activa la luz autom\u00e1ticamente, proporcionando mayor seguridad y comodidad. Una soluci\u00f3n eficiente, vers\u00e1til y elegante para iluminar entradas, pasillos, terrazas o cualquier espacio que requiera iluminaci\u00f3n confiable.\" \/>\n<meta property=\"og:url\" content=\"https:\/\/starlediluminacion.com\/fr\/product\/led-appliance-indoor-and-outdoor-20w-3cct-with-motion-sensor-pir-ip65\/\" \/>\n<meta property=\"og:site_name\" content=\"STARLED Iluminacion\" \/>\n<meta property=\"article:modified_time\" content=\"2025-06-01T08:21:50+00:00\" \/>\n<meta property=\"og:image\" content=\"https:\/\/starlediluminacion.com\/wp-content\/uploads\/2025\/03\/aplique-led-interior-y-exterior-20w-3cct-con-sensor-movimiento-pir-ip65.jpg\" \/>\n\t<meta property=\"og:image:width\" content=\"744\" \/>\n\t<meta property=\"og:image:height\" content=\"800\" \/>\n\t<meta property=\"og:image:type\" content=\"image\/jpeg\" \/>\n<meta name=\"twitter:card\" content=\"summary_large_image\" \/>\n<meta name=\"twitter:label1\" content=\"Dur\u00e9e de lecture estim\u00e9e\" \/>\n\t<meta name=\"twitter:data1\" content=\"3 minutes\" \/>\n<script type=\"application\/ld+json\" class=\"yoast-schema-graph\">{\"@context\":\"https:\\\/\\\/schema.org\",\"@graph\":[{\"@type\":\"WebPage\",\"@id\":\"https:\\\/\\\/starlediluminacion.com\\\/producto\\\/aplique-led-interior-y-exterior-20w-3cct-con-sensor-movimiento-pir-ip65\\\/\",\"url\":\"https:\\\/\\\/starlediluminacion.com\\\/producto\\\/aplique-led-interior-y-exterior-20w-3cct-con-sensor-movimiento-pir-ip65\\\/\",\"name\":\"Aplique LED Interior y Exterior - 20W 3CCT - Con Sensor movimiento PIR - IP65 - STARLED Iluminacion\",\"isPartOf\":{\"@id\":\"https:\\\/\\\/starlediluminacion.com\\\/#website\"},\"primaryImageOfPage\":{\"@id\":\"https:\\\/\\\/starlediluminacion.com\\\/producto\\\/aplique-led-interior-y-exterior-20w-3cct-con-sensor-movimiento-pir-ip65\\\/#primaryimage\"},\"image\":{\"@id\":\"https:\\\/\\\/starlediluminacion.com\\\/producto\\\/aplique-led-interior-y-exterior-20w-3cct-con-sensor-movimiento-pir-ip65\\\/#primaryimage\"},\"thumbnailUrl\":\"https:\\\/\\\/starlediluminacion.com\\\/wp-content\\\/uploads\\\/2025\\\/03\\\/aplique-led-interior-y-exterior-20w-3cct-con-sensor-movimiento-pir-ip65.jpg\",\"datePublished\":\"2025-03-16T18:55:33+00:00\",\"dateModified\":\"2025-06-01T08:21:50+00:00\",\"breadcrumb\":{\"@id\":\"https:\\\/\\\/starlediluminacion.com\\\/producto\\\/aplique-led-interior-y-exterior-20w-3cct-con-sensor-movimiento-pir-ip65\\\/#breadcrumb\"},\"inLanguage\":\"fr-FR\",\"potentialAction\":[{\"@type\":\"ReadAction\",\"target\":[\"https:\\\/\\\/starlediluminacion.com\\\/producto\\\/aplique-led-interior-y-exterior-20w-3cct-con-sensor-movimiento-pir-ip65\\\/\"]}]},{\"@type\":\"ImageObject\",\"inLanguage\":\"fr-FR\",\"@id\":\"https:\\\/\\\/starlediluminacion.com\\\/producto\\\/aplique-led-interior-y-exterior-20w-3cct-con-sensor-movimiento-pir-ip65\\\/#primaryimage\",\"url\":\"https:\\\/\\\/starlediluminacion.com\\\/wp-content\\\/uploads\\\/2025\\\/03\\\/aplique-led-interior-y-exterior-20w-3cct-con-sensor-movimiento-pir-ip65.jpg\",\"contentUrl\":\"https:\\\/\\\/starlediluminacion.com\\\/wp-content\\\/uploads\\\/2025\\\/03\\\/aplique-led-interior-y-exterior-20w-3cct-con-sensor-movimiento-pir-ip65.jpg\",\"width\":744,\"height\":800},{\"@type\":\"BreadcrumbList\",\"@id\":\"https:\\\/\\\/starlediluminacion.com\\\/producto\\\/aplique-led-interior-y-exterior-20w-3cct-con-sensor-movimiento-pir-ip65\\\/#breadcrumb\",\"itemListElement\":[{\"@type\":\"ListItem\",\"position\":1,\"name\":\"Portada\",\"item\":\"https:\\\/\\\/starlediluminacion.com\\\/\"},{\"@type\":\"ListItem\",\"position\":2,\"name\":\"Shop\",\"item\":\"https:\\\/\\\/starlediluminacion.com\\\/shop-2\\\/\"},{\"@type\":\"ListItem\",\"position\":3,\"name\":\"Aplique LED Interior y Exterior &#8211; 20W 3CCT &#8211; Con Sensor movimiento PIR &#8211; IP65\"}]},{\"@type\":\"WebSite\",\"@id\":\"https:\\\/\\\/starlediluminacion.com\\\/#website\",\"url\":\"https:\\\/\\\/starlediluminacion.com\\\/\",\"name\":\"STARLED Iluminacion\",\"description\":\"\",\"potentialAction\":[{\"@type\":\"SearchAction\",\"target\":{\"@type\":\"EntryPoint\",\"urlTemplate\":\"https:\\\/\\\/starlediluminacion.com\\\/?s={search_term_string}\"},\"query-input\":{\"@type\":\"PropertyValueSpecification\",\"valueRequired\":true,\"valueName\":\"search_term_string\"}}],\"inLanguage\":\"fr-FR\"}]}<\/script>\n<!-- \/ Yoast SEO plugin. -->","yoast_head_json":{"title":"Aplique LED Interior y Exterior - 20W 3CCT - Con Sensor movimiento PIR - IP65 - STARLED Iluminacion","robots":{"index":"index","follow":"follow","max-snippet":"max-snippet:-1","max-image-preview":"max-image-preview:large","max-video-preview":"max-video-preview:-1"},"canonical":"https:\/\/starlediluminacion.com\/fr\/product\/led-appliance-indoor-and-outdoor-20w-3cct-with-motion-sensor-pir-ip65\/","og_locale":"fr_FR","og_type":"article","og_title":"Aplique LED Interior y Exterior - 20W 3CCT - Con Sensor movimiento PIR - IP65 - STARLED Iluminacion","og_description":"Referencia: SLWL20W-CCT-91298      Aplique de Pared LED 20W con Sensor PIR: Este aplique combina dise\u00f1o moderno y funcionalidad, ideal para interior y exterior. Con\u00a0protecci\u00f3n IP65,\u00a0resiste agua y polvo, siendo perfecto para cualquier clima. Su tecnolog\u00eda\u00a03CCT\u00a0permite seleccionar entre tres temperaturas de color, adapt\u00e1ndose al ambiente deseado.  El\u00a0sensor PIR\u00a0detecta movimiento y activa la luz autom\u00e1ticamente, proporcionando mayor seguridad y comodidad. Una soluci\u00f3n eficiente, vers\u00e1til y elegante para iluminar entradas, pasillos, terrazas o cualquier espacio que requiera iluminaci\u00f3n confiable.","og_url":"https:\/\/starlediluminacion.com\/fr\/product\/led-appliance-indoor-and-outdoor-20w-3cct-with-motion-sensor-pir-ip65\/","og_site_name":"STARLED Iluminacion","article_modified_time":"2025-06-01T08:21:50+00:00","og_image":[{"width":744,"height":800,"url":"https:\/\/starlediluminacion.com\/wp-content\/uploads\/2025\/03\/aplique-led-interior-y-exterior-20w-3cct-con-sensor-movimiento-pir-ip65.jpg","type":"image\/jpeg"}],"twitter_card":"summary_large_image","twitter_misc":{"Dur\u00e9e de lecture estim\u00e9e":"3 minutes"},"schema":{"@context":"https:\/\/schema.org","@graph":[{"@type":"WebPage","@id":"https:\/\/starlediluminacion.com\/producto\/aplique-led-interior-y-exterior-20w-3cct-con-sensor-movimiento-pir-ip65\/","url":"https:\/\/starlediluminacion.com\/producto\/aplique-led-interior-y-exterior-20w-3cct-con-sensor-movimiento-pir-ip65\/","name":"Aplique LED Interior y Exterior - 20W 3CCT - Con Sensor movimiento PIR - IP65 - STARLED Iluminacion","isPartOf":{"@id":"https:\/\/starlediluminacion.com\/#website"},"primaryImageOfPage":{"@id":"https:\/\/starlediluminacion.com\/producto\/aplique-led-interior-y-exterior-20w-3cct-con-sensor-movimiento-pir-ip65\/#primaryimage"},"image":{"@id":"https:\/\/starlediluminacion.com\/producto\/aplique-led-interior-y-exterior-20w-3cct-con-sensor-movimiento-pir-ip65\/#primaryimage"},"thumbnailUrl":"https:\/\/starlediluminacion.com\/wp-content\/uploads\/2025\/03\/aplique-led-interior-y-exterior-20w-3cct-con-sensor-movimiento-pir-ip65.jpg","datePublished":"2025-03-16T18:55:33+00:00","dateModified":"2025-06-01T08:21:50+00:00","breadcrumb":{"@id":"https:\/\/starlediluminacion.com\/producto\/aplique-led-interior-y-exterior-20w-3cct-con-sensor-movimiento-pir-ip65\/#breadcrumb"},"inLanguage":"fr-FR","potentialAction":[{"@type":"ReadAction","target":["https:\/\/starlediluminacion.com\/producto\/aplique-led-interior-y-exterior-20w-3cct-con-sensor-movimiento-pir-ip65\/"]}]},{"@type":"ImageObject","inLanguage":"fr-FR","@id":"https:\/\/starlediluminacion.com\/producto\/aplique-led-interior-y-exterior-20w-3cct-con-sensor-movimiento-pir-ip65\/#primaryimage","url":"https:\/\/starlediluminacion.com\/wp-content\/uploads\/2025\/03\/aplique-led-interior-y-exterior-20w-3cct-con-sensor-movimiento-pir-ip65.jpg","contentUrl":"https:\/\/starlediluminacion.com\/wp-content\/uploads\/2025\/03\/aplique-led-interior-y-exterior-20w-3cct-con-sensor-movimiento-pir-ip65.jpg","width":744,"height":800},{"@type":"BreadcrumbList","@id":"https:\/\/starlediluminacion.com\/producto\/aplique-led-interior-y-exterior-20w-3cct-con-sensor-movimiento-pir-ip65\/#breadcrumb","itemListElement":[{"@type":"ListItem","position":1,"name":"Portada","item":"https:\/\/starlediluminacion.com\/"},{"@type":"ListItem","position":2,"name":"Shop","item":"https:\/\/starlediluminacion.com\/shop-2\/"},{"@type":"ListItem","position":3,"name":"Aplique LED Interior y Exterior &#8211; 20W 3CCT &#8211; Con Sensor movimiento PIR &#8211; IP65"}]},{"@type":"WebSite","@id":"https:\/\/starlediluminacion.com\/#website","url":"https:\/\/starlediluminacion.com\/","name":"STARLED Iluminacion","description":"","potentialAction":[{"@type":"SearchAction","target":{"@type":"EntryPoint","urlTemplate":"https:\/\/starlediluminacion.com\/?s={search_term_string}"},"query-input":{"@type":"PropertyValueSpecification","valueRequired":true,"valueName":"search_term_string"}}],"inLanguage":"fr-FR"}]}},"_links":{"self":[{"href":"https:\/\/starlediluminacion.com\/fr\/wp-json\/wp\/v3\/product\/15569","targetHints":{"allow":["GET"]}}],"collection":[{"href":"https:\/\/starlediluminacion.com\/fr\/wp-json\/wp\/v3\/product"}],"about":[{"href":"https:\/\/starlediluminacion.com\/fr\/wp-json\/wp\/v2\/types\/product"}],"wp:featuredmedia":[{"embeddable":true,"href":"https:\/\/starlediluminacion.com\/fr\/wp-json\/wp\/v2\/media\/15577"}],"wp:attachment":[{"href":"https:\/\/starlediluminacion.com\/fr\/wp-json\/wp\/v2\/media?parent=15569"}],"wp:term":[{"taxonomy":"product_cat","embeddable":true,"href":"https:\/\/starlediluminacion.com\/fr\/wp-json\/wp\/v2\/product_cat?post=15569"},{"taxonomy":"product_tag","embeddable":true,"href":"https:\/\/starlediluminacion.com\/fr\/wp-json\/wp\/v2\/product_tag?post=15569"}],"curies":[{"name":"wp","href":"https:\/\/api.w.org\/{rel}","templated":true}]}}