{"id":15531,"date":"2025-03-16T18:34:12","date_gmt":"2025-03-16T18:34:12","guid":{"rendered":"https:\/\/starlediluminacion.com\/?post_type=product&#038;p=15531"},"modified":"2025-06-01T08:20:47","modified_gmt":"2025-06-01T08:20:47","slug":"aplique-de-techo-orientable-leiden-blanco-para-1-lampara-gu10","status":"publish","type":"product","link":"https:\/\/starlediluminacion.com\/fr\/product\/aplique-de-techo-orientable-leiden-blanco-para-1-lampara-gu10\/","title":{"rendered":"<p>Aplique de techo Orientable &ndash; LEIDEN BLANCO &ndash; para 1 L&aacute;mpara GU10<\/p>"},"content":{"rendered":"<h1>Aplique de techo Orientable &ndash; LEIDEN BLANCO &ndash; para 1 L&aacute;mpara GU10<h1><\/h1><p>Les&nbsp;<strong>Plafonnier r\u00e9glable pour 1 ampoule GU10,&nbsp;<\/strong>fabricado en hierro + ABS<strong>,<\/strong>&nbsp;es una soluci&oacute;n de iluminaci&oacute;n elegante y funcional dise&ntilde;ada para cubrir una amplia gama de necesidades en entornos comerciales, culturales y profesionales. fabricado en hierro + ABS&nbsp;de alta calidad, este foco combina resistencia y ligereza con un dise&ntilde;o minimalista que se integra perfectamente en cualquier espacio.<\/p><h3><strong>Principales caract\u00e9ristiques<\/strong><\/h3><ul>\n<li><strong>Compatible avec les ampoules GU10 :<\/strong>&nbsp;Il offre la flexibilit\u00e9 de choisir l'ampoule la plus appropri\u00e9e en fonction des besoins de l'utilisateur. Vous pouvez choisir une lumi\u00e8re chaude, neutre ou froide pour personnaliser l'atmosph\u00e8re (ampoule non incluse).<\/li>\n<li><strong>Angle d'\u00e9clairage variable :<\/strong>&nbsp;Disponibles dans des mod\u00e8les avec diff\u00e9rents angles d'ouverture pour r\u00e9pondre \u00e0 diverses applications d'\u00e9clairage. Des angles \u00e9troits pour mettre en valeur des d\u00e9tails sp\u00e9cifiques aux angles plus larges pour un \u00e9clairage g\u00e9n\u00e9ral uniforme.<\/li>\n<li><strong>Orientation r\u00e9glable :<\/strong>&nbsp;Ce projecteur est enti\u00e8rement orientable, ce qui permet de diriger la lumi\u00e8re dans n'importe quelle direction. Ceci est particuli\u00e8rement utile pour modifier l'\u00e9clairage en fonction des besoins de l'espace ou des produits expos\u00e9s.<\/li>\n<li><strong>Installation facile :<\/strong>&nbsp;Sa conception monophas\u00e9e et sa structure l\u00e9g\u00e8re facilitent l'installation et la maintenance, ce qui le rend id\u00e9al pour les projets d'\u00e9clairage modernes et fonctionnels.<\/li>\n<\/ul><h3><strong>Utilisations et applications<\/strong><\/h3><p>Gr\u00e2ce \u00e0 sa polyvalence et \u00e0 son design professionnel, ce projecteur est id\u00e9al pour une grande vari\u00e9t\u00e9 d'environnements :<\/p><ul>\n<li><strong>Magasins :<\/strong>&nbsp;Il fournit un \u00e9clairage de premier plan pour mettre en valeur les produits dans les vitrines, les \u00e9tag\u00e8res ou les zones d'exposition.<\/li>\n<li><strong>Supermarch\u00e9s :<\/strong>&nbsp;Il fournit un \u00e9clairage lumineux et pr\u00e9cis dans les zones de produits frais, les all\u00e9es ou les points de vente.<\/li>\n<li><strong>Centres commerciaux :<\/strong>&nbsp;Il est parfait pour \u00e9clairer les espaces communs et les vitrines, cr\u00e9ant ainsi une ambiance moderne et attrayante.<\/li>\n<li><strong>Bureaux :<\/strong>&nbsp;Elle fournit un \u00e9clairage fonctionnel et confortable, adapt\u00e9 aux espaces de travail ou aux salles de r\u00e9union.<\/li>\n<li><strong>Galeries d'art et mus\u00e9es :<\/strong>&nbsp;Id\u00e9al pour mettre en valeur des pi\u00e8ces artistiques, des sculptures ou des expositions avec une lumi\u00e8re pr\u00e9cise et de haute qualit\u00e9.<\/li>\n<\/ul><h3><strong>Avantages suppl\u00e9mentaires<\/strong><\/h3><ul>\n<li><strong>Style moderne :<\/strong>&nbsp;Son design discret et \u00e9l\u00e9gant en fait un compl\u00e9ment id\u00e9al \u00e0 tout projet architectural.<\/li>\n<li><strong>Durabilit\u00e9 :<\/strong>&nbsp;fabricado en hierro + ABS, asegura resistencia al desgaste y una larga vida &uacute;til.<\/li>\n<li><strong>Flexibilit\u00e9 dans les projets d'\u00e9clairage :<\/strong>&nbsp;Il permet de cr\u00e9er aussi bien des ambiances chaleureuses que des \u00e9clairages techniques performants.<\/li>\n<\/ul><h3><strong>Note importante<\/strong><\/h3><p>Ce produit&nbsp;<strong>ampoule non incluse<\/strong>L'utilisateur peut ainsi personnaliser l'\u00e9clairage en fonction de ses pr\u00e9f\u00e9rences et de ses besoins.<\/p><h3 class=\"h6\">Fiche technique du produit<\/h3><dl class=\"data-sheet\">\n<dt class=\"name\"><img loading=\"lazy\" decoding=\"async\" src=\"https:\/\/www.factorled.com\/modules\/oa_features\/img\/2-default.jpg\" width=\"32\" height=\"32\">&nbsp;R\u00c9F\u00c9RENCE<\/dt>\n<dd class=\"value\">SPB-91341<\/dd>\n<dt class=\"name\"><img loading=\"lazy\" decoding=\"async\" src=\"https:\/\/www.factorled.com\/modules\/oa_features\/img\/25-default.jpg\" width=\"32\" height=\"32\">&nbsp;Mat\u00e9riaux de construction<\/dt>\n<dd class=\"value\">Acier + ABS<\/dd>\n<dt class=\"name\"><img loading=\"lazy\" decoding=\"async\" src=\"https:\/\/www.factorled.com\/modules\/oa_features\/img\/14-default.jpg\" width=\"32\" height=\"32\">&nbsp;Capuchon<\/dt>\n<dd class=\"value\">GU10<\/dd>\n<dt class=\"name\"><img loading=\"lazy\" decoding=\"async\" src=\"https:\/\/www.factorled.com\/modules\/oa_features\/img\/15-default.jpg\" width=\"32\" height=\"32\">&nbsp;Certificats<\/dt>\n<dd class=\"value\">CE, CMIM, RoHS<\/dd>\n<dt class=\"name\"><img loading=\"lazy\" decoding=\"async\" src=\"https:\/\/www.factorled.com\/modules\/oa_features\/img\/16-default.jpg\" width=\"32\" height=\"32\">&nbsp;Indice de protection IP<\/dt>\n<dd class=\"value\">IP20<\/dd>\n<dt class=\"name\"><img loading=\"lazy\" decoding=\"async\" src=\"https:\/\/www.factorled.com\/modules\/oa_features\/img\/18-default.jpg\" width=\"32\" height=\"32\">&nbsp;Dimensions (mm)<\/dt>\n<dd class=\"value\">54mm x 181mm<\/dd>\n<dt class=\"name\"><img loading=\"lazy\" decoding=\"async\" src=\"https:\/\/www.factorled.com\/modules\/oa_features\/img\/75-default.jpg\" width=\"32\" height=\"32\">&nbsp;Ann\u00e9es de garantie<\/dt>\n<dd class=\"value\">3<\/dd>\n<dt class=\"name\"><img loading=\"lazy\" decoding=\"async\" src=\"https:\/\/www.factorled.com\/modules\/oa_features\/img\/103-default.jpg\" width=\"32\" height=\"32\">&nbsp;Couleur de la carrosserie<\/dt>\n<dd class=\"value\">Noir<\/dd>\n<dt class=\"name\"><img loading=\"lazy\" decoding=\"async\" src=\"https:\/\/www.factorled.com\/modules\/oa_features\/img\/133-default.jpg\" width=\"32\" height=\"32\">&nbsp;Unit\u00e9s par bo\u00eete \u00e0 outils<\/dt>\n<dd class=\"value\">50<\/dd>\n<\/dl><\/h1>","protected":false},"excerpt":{"rendered":"<div class=\"product-reference\"><strong><label class=\"label\">R\u00e9f\u00e9rence :<\/label> SLSPW-91342<\/strong>\n<div><\/div>\n<div class=\"product-description-short\">\n<div id=\"product-description-short-3813\">\n<p><b>Plafonnier r\u00e9glable pour 1 ampoule GU10,&nbsp;<\/b>allie polyvalence et design fonctionnel. Son installation facile et sa capacit\u00e9 r\u00e9glable permettent de diriger la lumi\u00e8re dans n'importe quelle direction, ce qui est id\u00e9al pour adapter l'\u00e9clairage \u00e0 vos besoins. Id\u00e9al pour les coins lecture, les vitrines ou les pr\u00e9sentations de produits, une solution pratique et \u00e9l\u00e9gante pour mettre en valeur vos espaces !<\/p>\n<\/div>\n<\/div><\/div>","protected":false},"featured_media":15539,"template":"","meta":{"site-sidebar-layout":"default","site-content-layout":"default","ast-global-header-display":"","ast-main-header-display":"","ast-hfb-above-header-display":"","ast-hfb-below-header-display":"","ast-hfb-mobile-header-display":"","site-post-title":"","ast-breadcrumbs-content":"","ast-featured-img":"","footer-sml-layout":"","theme-transparent-header-meta":"default","adv-header-id-meta":"","stick-header-meta":"","header-above-stick-meta":"","header-main-stick-meta":"","header-below-stick-meta":""},"product_cat":[36,65],"product_tag":[],"class_list":["post-15531","product","type-product","status-publish","has-post-thumbnail","hentry","product_cat-apliques-led-y-decoracion","product_cat-decoracion-led"],"yoast_head":"<!-- This site is optimized with the Yoast SEO plugin v27.4 - https:\/\/yoast.com\/product\/yoast-seo-wordpress\/ -->\n<title>Aplique de techo Orientable - LEIDEN BLANCO - para 1 L\u00e1mpara GU10 - STARLED Iluminacion<\/title>\n<meta name=\"robots\" content=\"index, follow, max-snippet:-1, max-image-preview:large, max-video-preview:-1\" \/>\n<link rel=\"canonical\" href=\"https:\/\/starlediluminacion.com\/fr\/product\/aplique-de-techo-orientable-leiden-blanco-para-1-lampara-gu10\/\" \/>\n<meta property=\"og:locale\" content=\"fr_FR\" \/>\n<meta property=\"og:type\" content=\"article\" \/>\n<meta property=\"og:title\" content=\"Aplique de techo Orientable - LEIDEN BLANCO - para 1 L\u00e1mpara GU10 - STARLED Iluminacion\" \/>\n<meta property=\"og:description\" content=\"Referencia: SLSPW-91342      Aplique de techo orientable para 1 Bombilla GU10,\u00a0combina versatilidad y dise\u00f1o funcional. Su f\u00e1cil instalaci\u00f3n y capacidad orientable permiten dirigir la luz en cualquier direcci\u00f3n, ideal para adaptar la iluminaci\u00f3n seg\u00fan tus necesidades. Ideal para rincones de lectura, escaparates o presentaciones de productos. \u00a1Una soluci\u00f3n pr\u00e1ctica y elegante para destacar tus espacios!\" \/>\n<meta property=\"og:url\" content=\"https:\/\/starlediluminacion.com\/fr\/product\/aplique-de-techo-orientable-leiden-blanco-para-1-lampara-gu10\/\" \/>\n<meta property=\"og:site_name\" content=\"STARLED Iluminacion\" \/>\n<meta property=\"article:modified_time\" content=\"2025-06-01T08:20:47+00:00\" \/>\n<meta property=\"og:image\" content=\"https:\/\/starlediluminacion.com\/wp-content\/uploads\/2025\/03\/aplique-de-techo-orientable-leiden-negro-para-1-lampara-gu10-10.jpg\" \/>\n\t<meta property=\"og:image:width\" content=\"744\" \/>\n\t<meta property=\"og:image:height\" content=\"800\" \/>\n\t<meta property=\"og:image:type\" content=\"image\/jpeg\" \/>\n<meta name=\"twitter:card\" content=\"summary_large_image\" \/>\n<meta name=\"twitter:label1\" content=\"Dur\u00e9e de lecture estim\u00e9e\" \/>\n\t<meta name=\"twitter:data1\" content=\"2 minutes\" \/>\n<script type=\"application\/ld+json\" class=\"yoast-schema-graph\">{\"@context\":\"https:\\\/\\\/schema.org\",\"@graph\":[{\"@type\":\"WebPage\",\"@id\":\"https:\\\/\\\/starlediluminacion.com\\\/producto\\\/aplique-de-techo-orientable-leiden-blanco-para-1-lampara-gu10\\\/\",\"url\":\"https:\\\/\\\/starlediluminacion.com\\\/producto\\\/aplique-de-techo-orientable-leiden-blanco-para-1-lampara-gu10\\\/\",\"name\":\"Aplique de techo Orientable - LEIDEN BLANCO - para 1 L\u00e1mpara GU10 - STARLED Iluminacion\",\"isPartOf\":{\"@id\":\"https:\\\/\\\/starlediluminacion.com\\\/#website\"},\"primaryImageOfPage\":{\"@id\":\"https:\\\/\\\/starlediluminacion.com\\\/producto\\\/aplique-de-techo-orientable-leiden-blanco-para-1-lampara-gu10\\\/#primaryimage\"},\"image\":{\"@id\":\"https:\\\/\\\/starlediluminacion.com\\\/producto\\\/aplique-de-techo-orientable-leiden-blanco-para-1-lampara-gu10\\\/#primaryimage\"},\"thumbnailUrl\":\"https:\\\/\\\/starlediluminacion.com\\\/wp-content\\\/uploads\\\/2025\\\/03\\\/aplique-de-techo-orientable-leiden-negro-para-1-lampara-gu10-10.jpg\",\"datePublished\":\"2025-03-16T18:34:12+00:00\",\"dateModified\":\"2025-06-01T08:20:47+00:00\",\"breadcrumb\":{\"@id\":\"https:\\\/\\\/starlediluminacion.com\\\/producto\\\/aplique-de-techo-orientable-leiden-blanco-para-1-lampara-gu10\\\/#breadcrumb\"},\"inLanguage\":\"fr-FR\",\"potentialAction\":[{\"@type\":\"ReadAction\",\"target\":[\"https:\\\/\\\/starlediluminacion.com\\\/producto\\\/aplique-de-techo-orientable-leiden-blanco-para-1-lampara-gu10\\\/\"]}]},{\"@type\":\"ImageObject\",\"inLanguage\":\"fr-FR\",\"@id\":\"https:\\\/\\\/starlediluminacion.com\\\/producto\\\/aplique-de-techo-orientable-leiden-blanco-para-1-lampara-gu10\\\/#primaryimage\",\"url\":\"https:\\\/\\\/starlediluminacion.com\\\/wp-content\\\/uploads\\\/2025\\\/03\\\/aplique-de-techo-orientable-leiden-negro-para-1-lampara-gu10-10.jpg\",\"contentUrl\":\"https:\\\/\\\/starlediluminacion.com\\\/wp-content\\\/uploads\\\/2025\\\/03\\\/aplique-de-techo-orientable-leiden-negro-para-1-lampara-gu10-10.jpg\",\"width\":744,\"height\":800},{\"@type\":\"BreadcrumbList\",\"@id\":\"https:\\\/\\\/starlediluminacion.com\\\/producto\\\/aplique-de-techo-orientable-leiden-blanco-para-1-lampara-gu10\\\/#breadcrumb\",\"itemListElement\":[{\"@type\":\"ListItem\",\"position\":1,\"name\":\"Portada\",\"item\":\"https:\\\/\\\/starlediluminacion.com\\\/\"},{\"@type\":\"ListItem\",\"position\":2,\"name\":\"Shop\",\"item\":\"https:\\\/\\\/starlediluminacion.com\\\/shop-2\\\/\"},{\"@type\":\"ListItem\",\"position\":3,\"name\":\"Aplique de techo Orientable &#8211; LEIDEN BLANCO &#8211; para 1 L\u00e1mpara GU10\"}]},{\"@type\":\"WebSite\",\"@id\":\"https:\\\/\\\/starlediluminacion.com\\\/#website\",\"url\":\"https:\\\/\\\/starlediluminacion.com\\\/\",\"name\":\"STARLED Iluminacion\",\"description\":\"\",\"potentialAction\":[{\"@type\":\"SearchAction\",\"target\":{\"@type\":\"EntryPoint\",\"urlTemplate\":\"https:\\\/\\\/starlediluminacion.com\\\/?s={search_term_string}\"},\"query-input\":{\"@type\":\"PropertyValueSpecification\",\"valueRequired\":true,\"valueName\":\"search_term_string\"}}],\"inLanguage\":\"fr-FR\"}]}<\/script>\n<!-- \/ Yoast SEO plugin. -->","yoast_head_json":{"title":"Aplique de techo Orientable - LEIDEN BLANCO - para 1 L\u00e1mpara GU10 - STARLED Iluminacion","robots":{"index":"index","follow":"follow","max-snippet":"max-snippet:-1","max-image-preview":"max-image-preview:large","max-video-preview":"max-video-preview:-1"},"canonical":"https:\/\/starlediluminacion.com\/fr\/product\/aplique-de-techo-orientable-leiden-blanco-para-1-lampara-gu10\/","og_locale":"fr_FR","og_type":"article","og_title":"Aplique de techo Orientable - LEIDEN BLANCO - para 1 L\u00e1mpara GU10 - STARLED Iluminacion","og_description":"Referencia: SLSPW-91342      Aplique de techo orientable para 1 Bombilla GU10,\u00a0combina versatilidad y dise\u00f1o funcional. Su f\u00e1cil instalaci\u00f3n y capacidad orientable permiten dirigir la luz en cualquier direcci\u00f3n, ideal para adaptar la iluminaci\u00f3n seg\u00fan tus necesidades. Ideal para rincones de lectura, escaparates o presentaciones de productos. \u00a1Una soluci\u00f3n pr\u00e1ctica y elegante para destacar tus espacios!","og_url":"https:\/\/starlediluminacion.com\/fr\/product\/aplique-de-techo-orientable-leiden-blanco-para-1-lampara-gu10\/","og_site_name":"STARLED Iluminacion","article_modified_time":"2025-06-01T08:20:47+00:00","og_image":[{"width":744,"height":800,"url":"https:\/\/starlediluminacion.com\/wp-content\/uploads\/2025\/03\/aplique-de-techo-orientable-leiden-negro-para-1-lampara-gu10-10.jpg","type":"image\/jpeg"}],"twitter_card":"summary_large_image","twitter_misc":{"Dur\u00e9e de lecture estim\u00e9e":"2 minutes"},"schema":{"@context":"https:\/\/schema.org","@graph":[{"@type":"WebPage","@id":"https:\/\/starlediluminacion.com\/producto\/aplique-de-techo-orientable-leiden-blanco-para-1-lampara-gu10\/","url":"https:\/\/starlediluminacion.com\/producto\/aplique-de-techo-orientable-leiden-blanco-para-1-lampara-gu10\/","name":"Aplique de techo Orientable - LEIDEN BLANCO - para 1 L\u00e1mpara GU10 - STARLED Iluminacion","isPartOf":{"@id":"https:\/\/starlediluminacion.com\/#website"},"primaryImageOfPage":{"@id":"https:\/\/starlediluminacion.com\/producto\/aplique-de-techo-orientable-leiden-blanco-para-1-lampara-gu10\/#primaryimage"},"image":{"@id":"https:\/\/starlediluminacion.com\/producto\/aplique-de-techo-orientable-leiden-blanco-para-1-lampara-gu10\/#primaryimage"},"thumbnailUrl":"https:\/\/starlediluminacion.com\/wp-content\/uploads\/2025\/03\/aplique-de-techo-orientable-leiden-negro-para-1-lampara-gu10-10.jpg","datePublished":"2025-03-16T18:34:12+00:00","dateModified":"2025-06-01T08:20:47+00:00","breadcrumb":{"@id":"https:\/\/starlediluminacion.com\/producto\/aplique-de-techo-orientable-leiden-blanco-para-1-lampara-gu10\/#breadcrumb"},"inLanguage":"fr-FR","potentialAction":[{"@type":"ReadAction","target":["https:\/\/starlediluminacion.com\/producto\/aplique-de-techo-orientable-leiden-blanco-para-1-lampara-gu10\/"]}]},{"@type":"ImageObject","inLanguage":"fr-FR","@id":"https:\/\/starlediluminacion.com\/producto\/aplique-de-techo-orientable-leiden-blanco-para-1-lampara-gu10\/#primaryimage","url":"https:\/\/starlediluminacion.com\/wp-content\/uploads\/2025\/03\/aplique-de-techo-orientable-leiden-negro-para-1-lampara-gu10-10.jpg","contentUrl":"https:\/\/starlediluminacion.com\/wp-content\/uploads\/2025\/03\/aplique-de-techo-orientable-leiden-negro-para-1-lampara-gu10-10.jpg","width":744,"height":800},{"@type":"BreadcrumbList","@id":"https:\/\/starlediluminacion.com\/producto\/aplique-de-techo-orientable-leiden-blanco-para-1-lampara-gu10\/#breadcrumb","itemListElement":[{"@type":"ListItem","position":1,"name":"Portada","item":"https:\/\/starlediluminacion.com\/"},{"@type":"ListItem","position":2,"name":"Shop","item":"https:\/\/starlediluminacion.com\/shop-2\/"},{"@type":"ListItem","position":3,"name":"Aplique de techo Orientable &#8211; LEIDEN BLANCO &#8211; para 1 L\u00e1mpara GU10"}]},{"@type":"WebSite","@id":"https:\/\/starlediluminacion.com\/#website","url":"https:\/\/starlediluminacion.com\/","name":"STARLED Iluminacion","description":"","potentialAction":[{"@type":"SearchAction","target":{"@type":"EntryPoint","urlTemplate":"https:\/\/starlediluminacion.com\/?s={search_term_string}"},"query-input":{"@type":"PropertyValueSpecification","valueRequired":true,"valueName":"search_term_string"}}],"inLanguage":"fr-FR"}]}},"_links":{"self":[{"href":"https:\/\/starlediluminacion.com\/fr\/wp-json\/wp\/v3\/product\/15531","targetHints":{"allow":["GET"]}}],"collection":[{"href":"https:\/\/starlediluminacion.com\/fr\/wp-json\/wp\/v3\/product"}],"about":[{"href":"https:\/\/starlediluminacion.com\/fr\/wp-json\/wp\/v2\/types\/product"}],"wp:featuredmedia":[{"embeddable":true,"href":"https:\/\/starlediluminacion.com\/fr\/wp-json\/wp\/v2\/media\/15539"}],"wp:attachment":[{"href":"https:\/\/starlediluminacion.com\/fr\/wp-json\/wp\/v2\/media?parent=15531"}],"wp:term":[{"taxonomy":"product_cat","embeddable":true,"href":"https:\/\/starlediluminacion.com\/fr\/wp-json\/wp\/v2\/product_cat?post=15531"},{"taxonomy":"product_tag","embeddable":true,"href":"https:\/\/starlediluminacion.com\/fr\/wp-json\/wp\/v2\/product_tag?post=15531"}],"curies":[{"name":"wp","href":"https:\/\/api.w.org\/{rel}","templated":true}]}}