{"id":15437,"date":"2025-03-16T17:36:01","date_gmt":"2025-03-16T17:36:01","guid":{"rendered":"https:\/\/starlediluminacion.com\/?post_type=product&#038;p=15437"},"modified":"2025-06-01T08:18:10","modified_gmt":"2025-06-01T08:18:10","slug":"foco-led-40w-28w-monofasico-roma-negro-driver-gxtronic-optica-regulable-24o-60o-ugr13-cct","status":"publish","type":"product","link":"https:\/\/starlediluminacion.com\/fr\/product\/spotlight-40w-28w-monophase-noir-rouge-noir-driver-gxtronic-optical-dimmable-24o-60o-ugr13-cct\/","title":{"rendered":"<p>Projecteur LED 40W-28W Monophas\u00e9 - ROMA Noir - Driver GxTronic - Optique Dimmable 24\u00ba-60\u00ba - UGR13 - CCT<\/p>"},"content":{"rendered":"<h1>Projecteur LED 40W-26W Monophas\u00e9 - ROMA Noir - Driver GxTronic - Optique dimmable 24\u00ba-60\u00ba - UGR13 - CCT<p>&nbsp;<\/p><p>Dans le monde passionnant de l'\u00e9clairage, le&nbsp;<strong>Projecteur LED monophas\u00e9 - Roma<\/strong>&nbsp;est un v\u00e9ritable bijou technologique. Con\u00e7u pour vous offrir une exp\u00e9rience d'\u00e9clairage in\u00e9gal\u00e9e, ce projecteur est le choix id\u00e9al pour ceux qui recherchent la qualit\u00e9, la polyvalence et l'efficacit\u00e9 dans l'\u00e9clairage de leurs espaces.<\/p><p>&nbsp;<\/p><p><strong>1. puissance r\u00e9glable en fonction de vos go\u00fbts<\/strong><\/p><p>L'une des caract\u00e9ristiques les plus remarquables de ce projecteur est son syst\u00e8me innovant d'alimentation en \u00e9nergie.&nbsp;<strong>Pilote GxTronic<\/strong>qui est livr\u00e9 en standard avec une puissance de 40W. Mais l\u00e0 est la magie : ce pilote vous permet de prendre le contr\u00f4le et de programmer manuellement la consommation d'\u00e9nergie du projecteur monophas\u00e9. Vous avez besoin d'une ambiance plus tamis\u00e9e ou vous pr\u00e9f\u00e9rez un \u00e9clairage vif pour mettre en valeur vos espaces ? Avec le projecteur LED Roma, vous pouvez choisir avec pr\u00e9cision entre&nbsp;<strong>28W<\/strong><strong>32W, 32W, 36W et 40W<\/strong>&nbsp;de puissance. Vous pouvez donc r\u00e9gler l'intensit\u00e9 lumineuse en fonction de vos besoins, ce qui vous permet d'\u00e9conomiser de l'\u00e9nergie et de l'argent.<\/p><p>&nbsp;<\/p><p><strong>2. Qualit\u00e9 d'\u00e9clairage in\u00e9gal\u00e9e : CRI+92<\/strong><\/p><p>En mati\u00e8re de qualit\u00e9 d'\u00e9clairage, le projecteur LED Roma ne l\u00e9sine pas. Son impressionnant indice de rendu des couleurs (IRC) de plus de 92 garantit un rendu fid\u00e8le et r\u00e9aliste des couleurs dans vos espaces. Qu'il s'agisse d'un salon, d'une galerie d'art ou d'un magasin de v\u00eatements, le projecteur LED Roma fait ressortir chaque d\u00e9tail et donne vie aux couleurs. C'est une v\u00e9ritable \u0153uvre d'art qui illumine d'autres \u0153uvres d'art.<\/p><p>&nbsp;<\/p><p><strong>3. Adaptable et personnalisable : Multi-angle<\/strong><\/p><p>Avec son&nbsp;<strong>optique r\u00e9glable de 24\u00ba \u00e0 60\u00ba.<\/strong>Ce projecteur LED est incroyablement polyvalent. Vous pouvez diriger la lumi\u00e8re l\u00e0 o\u00f9 vous en avez le plus besoin, en mettant en valeur des \u00e9l\u00e9ments architecturaux, des \u0153uvres d'art ou simplement en cr\u00e9ant l'ambiance parfaite pour n'importe quelle occasion. De plus, sa capacit\u00e9 de s\u00e9lection des couleurs (<strong>TDC<\/strong>) vous permet de r\u00e9gler la temp\u00e9rature de couleur selon vos pr\u00e9f\u00e9rences,&nbsp;<strong>de la lumi\u00e8re chaude et confortable \u00e0 la lumi\u00e8re froide<\/strong>&nbsp;et \u00e9nergisante.<\/p><p>&nbsp;<\/p><p><strong>4. Faible UGR&lt;13&nbsp;<\/strong><\/p><p>Notre luminaire \u00e0 LED a une&nbsp;&nbsp;<strong>UGR&lt;13<\/strong>&nbsp;UGR signifie \"Unified Glare Ratio\" (rapport d'\u00e9blouissement unifi\u00e9) et est utilis\u00e9 pour mesurer la quantit\u00e9 d'\u00e9blouissement qui peut \u00eatre per\u00e7ue par une personne dans un environnement \u00e9clair\u00e9. Un UGR faible indique que l'environnement a une faible luminosit\u00e9.&nbsp;<strong>un niveau d'\u00e9blouissement plus faible<\/strong>&nbsp;Un faible UGR peut offrir un certain nombre d'avantages, tels qu'un confort visuel accru, de meilleures performances, une s\u00e9curit\u00e9 renforc\u00e9e et une esth\u00e9tique attrayante, ce qui en fait un facteur important \u00e0 prendre en compte lors de la conception et de la planification de l'\u00e9clairage dans les espaces de travail, les studios et d'autres environnements.<\/p><p>&nbsp;<\/p><p>Les avantages d'un faible taux d'utilisation des ressources sont les suivants :<\/p><p>&nbsp;<\/p><ul>\n<li>Confort visuel accru : en r\u00e9duisant l'\u00e9blouissement, l'environnement devient plus confortable pour les yeux et r\u00e9duit la fatigue visuelle, ce qui peut am\u00e9liorer la productivit\u00e9 et la concentration.<\/li>\n<\/ul><ul>\n<li>Am\u00e9lioration des performances : un environnement \u00e0 faible UGR offre une meilleure qualit\u00e9 de lumi\u00e8re et peut am\u00e9liorer les performances visuelles, ce qui est particuli\u00e8rement important dans les environnements de travail et d'\u00e9tude.<\/li>\n<\/ul><ul>\n<li>S\u00e9curit\u00e9 accrue : un faible UGR peut \u00e9galement am\u00e9liorer la s\u00e9curit\u00e9 dans les espaces de travail en r\u00e9duisant le risque d'accidents caus\u00e9s par l'\u00e9blouissement.<\/li>\n<\/ul><ul>\n<li>Esth\u00e9tiquement attrayant : les environnements avec un faible UGR peuvent \u00eatre plus attrayants sur le plan esth\u00e9tique, car les objets et les surfaces semblent plus clairs et plus nets, ce qui cr\u00e9e un environnement plus agr\u00e9able.<\/li>\n<\/ul><p>&nbsp;<\/p><p><strong>5. Technologie de pointe<\/strong><\/p><p>Le projecteur LED Roma a re\u00e7u la prestigieuse distinction&nbsp;<strong>Puce Bridgelux<\/strong>Une garantie de durabilit\u00e9 et de performances exceptionnelles. Oubliez les soucis d'entretien, car ce projecteur est con\u00e7u pour durer et offrir des performances constantes pendant des ann\u00e9es.<\/p><p>&nbsp;<\/p><h2><strong>Applications de la&nbsp;<\/strong>Projecteur sur rail monophas\u00e9 40W ROMA Noir Optique graduable - CCT<\/h2><p>Ce projecteur LED Roma est une solution d'\u00e9clairage parfaite pour un large \u00e9ventail d'applications. De l'\u00e9clairage int\u00e9rieur des maisons, des restaurants et des magasins \u00e0 l'\u00e9clairage des espaces commerciaux, des mus\u00e9es et des galeries d'art, sa polyvalence et sa capacit\u00e9 de r\u00e9glage en font un choix id\u00e9al pour tous les environnements. Imaginez l'\u00e9l\u00e9gance qu'il apportera \u00e0 votre salon ou l'attrait qu'il suscitera dans votre entreprise - \u00e0 vous de choisir !<\/p><p>Nous vous invitons \u00e0 faire un pas vers un \u00e9clairage de qualit\u00e9 avec le projecteur sur rail \u00e0 LED monophas\u00e9 - Roma. Ne manquez pas l'occasion de transformer vos espaces et de cr\u00e9er des atmosph\u00e8res exceptionnelles - illuminez vos r\u00eaves d\u00e8s aujourd'hui !<\/p><h3 class=\"h6\">Fiche technique du produit<\/h3><dl class=\"data-sheet\">\n<dt class=\"name\"><img loading=\"lazy\" decoding=\"async\" src=\"https:\/\/www.factorled.com\/modules\/oa_features\/img\/2-default.jpg\" width=\"32\" height=\"32\">&nbsp;R\u00c9F\u00c9RENCE<\/dt>\n<dd class=\"value\">TLMB40W-CCT-92143<\/dd>\n<dt class=\"name\"><img loading=\"lazy\" decoding=\"async\" src=\"https:\/\/www.factorled.com\/modules\/oa_features\/img\/3-default.jpg\" width=\"32\" height=\"32\">&nbsp;Puissance nominale<\/dt>\n<dd class=\"value\">28W, 32W, 36W et 40W<\/dd>\n<dt class=\"name\"><img loading=\"lazy\" decoding=\"async\" src=\"https:\/\/www.factorled.com\/modules\/oa_features\/img\/5-default.jpg\" width=\"32\" height=\"32\">&nbsp;Temp\u00e9rature de la lumi\u00e8re<\/dt>\n<dd class=\"value\">2700K - 4000K - 5700K<\/dd>\n<dt class=\"name\"><img loading=\"lazy\" decoding=\"async\" src=\"https:\/\/www.factorled.com\/modules\/oa_features\/img\/6-default.jpg\" width=\"32\" height=\"32\">&nbsp;CRI - Indice de rendu des couleurs<\/dt>\n<dd class=\"value\">92<\/dd>\n<dt class=\"name\"><img loading=\"lazy\" decoding=\"async\" src=\"https:\/\/www.factorled.com\/modules\/oa_features\/img\/25-default.jpg\" width=\"32\" height=\"32\">&nbsp;Mat\u00e9riaux de construction<\/dt>\n<dd class=\"value\">Aluminium +PMMA<\/dd>\n<dt class=\"name\"><img loading=\"lazy\" decoding=\"async\" src=\"https:\/\/www.factorled.com\/modules\/oa_features\/img\/8-default.jpg\" width=\"32\" height=\"32\">&nbsp;Luminosit\u00e9-Lm<\/dt>\n<dd class=\"value\">4800<\/dd>\n<dt class=\"name\"><img loading=\"lazy\" decoding=\"async\" src=\"https:\/\/www.factorled.com\/modules\/oa_features\/img\/9-default.jpg\" width=\"32\" height=\"32\">&nbsp;Type de LED<\/dt>\n<dd class=\"value\">COB<\/dd>\n<dt class=\"name\"><img loading=\"lazy\" decoding=\"async\" src=\"https:\/\/www.factorled.com\/modules\/oa_features\/img\/10-default.jpg\" width=\"32\" height=\"32\">&nbsp;Angle d'ouverture (\u00ba)<\/dt>\n<dd class=\"value\">24\u00ba \u00e0 60\u00ba.<\/dd>\n<dt class=\"name\"><img loading=\"lazy\" decoding=\"async\" src=\"https:\/\/www.factorled.com\/modules\/oa_features\/img\/12-default.jpg\" width=\"32\" height=\"32\">&nbsp;Efficacit\u00e9 de la diode LED (Lm\/W)<\/dt>\n<dd class=\"value\">120Lm\/W<\/dd>\n<dt class=\"name\"><img loading=\"lazy\" decoding=\"async\" src=\"https:\/\/www.factorled.com\/modules\/oa_features\/img\/15-default.jpg\" width=\"32\" height=\"32\">&nbsp;Certificats<\/dt>\n<dd class=\"value\">CE - ROHS<\/dd>\n<dt class=\"name\"><img loading=\"lazy\" decoding=\"async\" src=\"https:\/\/www.factorled.com\/modules\/oa_features\/img\/16-default.jpg\" width=\"32\" height=\"32\">&nbsp;Indice de protection IP<\/dt>\n<dd class=\"value\">IP20<\/dd>\n<dt class=\"name\"><img loading=\"lazy\" decoding=\"async\" src=\"https:\/\/www.factorled.com\/modules\/oa_features\/img\/17-default.jpg\" width=\"32\" height=\"32\">&nbsp;Dur\u00e9e de vie estim\u00e9e Diode LED (H)<\/dt>\n<dd class=\"value\">50.000<\/dd>\n<dt class=\"name\"><img loading=\"lazy\" decoding=\"async\" src=\"https:\/\/www.factorled.com\/modules\/oa_features\/img\/18-default.jpg\" width=\"32\" height=\"32\">&nbsp;Dimensions (mm)<\/dt>\n<dd class=\"value\">\u00d8110 x 185 mm<\/dd>\n<dt class=\"name\"><img loading=\"lazy\" decoding=\"async\" src=\"https:\/\/www.factorled.com\/modules\/oa_features\/img\/20-default.jpg\" width=\"32\" height=\"32\">&nbsp;Facteur de puissance (PF)<\/dt>\n<dd class=\"value\">0.95<\/dd>\n<dt class=\"name\"><img loading=\"lazy\" decoding=\"async\" src=\"https:\/\/www.factorled.com\/modules\/oa_features\/img\/21-default.jpg\" width=\"32\" height=\"32\">&nbsp;Fr\u00e9quence de travail (Hz)<\/dt>\n<dd class=\"value\">50\/60Hz<\/dd>\n<dt class=\"name\"><img loading=\"lazy\" decoding=\"async\" src=\"https:\/\/www.factorled.com\/modules\/oa_features\/img\/23-default.jpg\" width=\"32\" height=\"32\">&nbsp;Cycles d'allumage<\/dt>\n<dd class=\"value\">100.000<\/dd>\n<dt class=\"name\"><img loading=\"lazy\" decoding=\"async\" src=\"https:\/\/www.factorled.com\/modules\/oa_features\/img\/24-default.jpg\" width=\"32\" height=\"32\">&nbsp;Temps de d\u00e9marrage (s)<\/dt>\n<dd class=\"value\">0,2s<\/dd>\n<dt class=\"name\"><img loading=\"lazy\" decoding=\"async\" src=\"https:\/\/www.factorled.com\/modules\/oa_features\/img\/72-default.jpg\" width=\"32\" height=\"32\">&nbsp;Indice d'\u00e9blouissement (UGR)<\/dt>\n<dd class=\"value\">13<\/dd>\n<dt class=\"name\"><img loading=\"lazy\" decoding=\"async\" src=\"https:\/\/www.factorled.com\/modules\/oa_features\/img\/7-default.jpg\" width=\"32\" height=\"32\">&nbsp;Classe \u00e9nerg\u00e9tique (2021-UE-2019\/2015)<\/dt>\n<dd class=\"value\">A+<\/dd>\n<dt class=\"name\"><img loading=\"lazy\" decoding=\"async\" src=\"https:\/\/www.factorled.com\/modules\/oa_features\/img\/101-default.jpg\" width=\"32\" height=\"32\">&nbsp;Classe \u00e9nerg\u00e9tique (2023 - EU-2019\/2015)<\/dt>\n<dd class=\"value\">D<\/dd>\n<dt class=\"name\"><img loading=\"lazy\" decoding=\"async\" src=\"https:\/\/www.factorled.com\/modules\/oa_features\/img\/75-default.jpg\" width=\"32\" height=\"32\">&nbsp;Ann\u00e9es de garantie<\/dt>\n<dd class=\"value\">5<\/dd>\n<dt class=\"name\"><img loading=\"lazy\" decoding=\"async\" src=\"https:\/\/www.factorled.com\/modules\/oa_features\/img\/133-default.jpg\" width=\"32\" height=\"32\">&nbsp;Unit\u00e9s par bo\u00eete \u00e0 outils<\/dt>\n<dd class=\"value\">20<\/dd>\n<\/dl><\/h1>","protected":false},"excerpt":{"rendered":"<div class=\"product-reference\"><strong><label class=\"label\">R\u00e9f\u00e9rence :<\/label> SLTLMB40W-CCT-92143<\/strong><div><\/div><div class=\"product-description-short\">\n<div id=\"product-description-short-3799\">\n<p><strong>Focus&nbsp;<\/strong>pour un usage professionnel et commercial,&nbsp;<strong>MULTIANGLE de 24\u00ba \u00e0 60\u00ba et Multipower 40W-<\/strong><b>28W&nbsp;<\/b><strong>.&nbsp;<\/strong>&nbsp;Conducteur&nbsp;<strong>Monophas\u00e9&nbsp;<\/strong>de la plus haute qualit\u00e9 de GxTronic<strong>.&nbsp;<\/strong>Source lumineuse&nbsp;<strong>COB<\/strong>&nbsp;La lentille \u00e0 haute luminosit\u00e9 et \u00e0 intensit\u00e9 variable fournit un flux lumineux total concentr\u00e9 dans une ouverture de faisceau de diff\u00e9rents degr\u00e9s, de 24\u00b0 \u00e0 60\u00b0.<\/p>\n<p>Haute qualit\u00e9 de rendu des couleurs +92 (CRI).  Couleur s\u00e9lectionnable -&nbsp;<strong>CCT : 2700K-4000K-5700K<\/strong>.&nbsp;<strong>- UGR13 -<\/strong>&nbsp;<strong>&nbsp;5 ans de garantie.&nbsp;<\/strong><\/p>\n<\/div>\n<\/div><\/div>","protected":false},"featured_media":15449,"template":"","meta":{"site-sidebar-layout":"default","site-content-layout":"default","ast-global-header-display":"","ast-main-header-display":"","ast-hfb-above-header-display":"","ast-hfb-below-header-display":"","ast-hfb-mobile-header-display":"","site-post-title":"","ast-breadcrumbs-content":"","ast-featured-img":"","footer-sml-layout":"","theme-transparent-header-meta":"default","adv-header-id-meta":"","stick-header-meta":"","header-above-stick-meta":"","header-main-stick-meta":"","header-below-stick-meta":""},"product_cat":[32,76],"product_tag":[],"class_list":["post-15437","product","type-product","status-publish","has-post-thumbnail","hentry","product_cat-iluminacion-comercial-para-tienda","product_cat-iluminacion-led-carril"],"yoast_head":"<!-- This site is optimized with the Yoast SEO plugin v27.4 - https:\/\/yoast.com\/product\/yoast-seo-wordpress\/ -->\n<title>Foco LED 40W-28W Monof\u00e1sico - ROMA Negro - Driver GxTronic - \u00d3ptica Regulable 24\u00ba-60\u00ba - UGR13 - CCT - STARLED Iluminacion<\/title>\n<meta name=\"robots\" content=\"index, follow, max-snippet:-1, max-image-preview:large, max-video-preview:-1\" \/>\n<link rel=\"canonical\" href=\"https:\/\/starlediluminacion.com\/fr\/product\/faretto-led-40w-28w-monophase-red-black-driver-gxtronic-optical-dimmable-24o-60o-ugr13-cct-2\/\" \/>\n<meta property=\"og:locale\" content=\"fr_FR\" \/>\n<meta property=\"og:type\" content=\"article\" \/>\n<meta property=\"og:title\" content=\"Foco LED 40W-28W Monof\u00e1sico - ROMA Negro - Driver GxTronic - \u00d3ptica Regulable 24\u00ba-60\u00ba - UGR13 - CCT - STARLED Iluminacion\" \/>\n<meta property=\"og:description\" content=\"Referencia: SLTLMB40W-CCT-92143     Foco\u00a0de uso profesional y comercial,\u00a0MULTI\u00c1NGULO de\u00a024\u00ba a 60\u00ba y Multipotencia 40W-28W\u00a0.\u00a0\u00a0Driver\u00a0Monof\u00e1sico\u00a0de m\u00e1xima calidad de GxTronic.\u00a0Fuente lum\u00ednica\u00a0COB\u00a0de alta luminosidad, la lente es regulable y proporciona una luminosidad total de l\u00famenes concentrada en un haz de apertura de diferentes grados de 24\u00ba a 60\u00ba.  Alta calidad de reproducci\u00f3n crom\u00e1tica +92 (IRC).\u00a0 Color Seleccionable -\u00a0CCT: 2700K-4000K-5700K.\u00a0- UGR13 -\u00a0\u00a05 a\u00f1os de garant\u00eda.\u00a0\" \/>\n<meta property=\"og:url\" content=\"https:\/\/starlediluminacion.com\/fr\/product\/faretto-led-40w-28w-monophase-red-black-driver-gxtronic-optical-dimmable-24o-60o-ugr13-cct-2\/\" \/>\n<meta property=\"og:site_name\" content=\"STARLED Iluminacion\" \/>\n<meta property=\"article:modified_time\" content=\"2025-06-01T08:18:10+00:00\" \/>\n<meta property=\"og:image\" content=\"https:\/\/starlediluminacion.com\/wp-content\/uploads\/2025\/03\/foco-led-40w-28w-monofasico-roma-negro-driver-gxtronic-optica-regulable-24o-60o-ugr13-cct.jpg\" \/>\n\t<meta property=\"og:image:width\" content=\"744\" \/>\n\t<meta property=\"og:image:height\" content=\"800\" \/>\n\t<meta property=\"og:image:type\" content=\"image\/jpeg\" \/>\n<meta name=\"twitter:card\" content=\"summary_large_image\" \/>\n<meta name=\"twitter:label1\" content=\"Dur\u00e9e de lecture estim\u00e9e\" \/>\n\t<meta name=\"twitter:data1\" content=\"5 minutes\" \/>\n<script type=\"application\/ld+json\" class=\"yoast-schema-graph\">{\"@context\":\"https:\\\/\\\/schema.org\",\"@graph\":[{\"@type\":\"WebPage\",\"@id\":\"https:\\\/\\\/starlediluminacion.com\\\/it\\\/product\\\/faretto-led-40w-28w-monophase-red-black-driver-gxtronic-optical-dimmable-24o-60o-ugr13-cct-2\\\/\",\"url\":\"https:\\\/\\\/starlediluminacion.com\\\/it\\\/product\\\/faretto-led-40w-28w-monophase-red-black-driver-gxtronic-optical-dimmable-24o-60o-ugr13-cct-2\\\/\",\"name\":\"Foco LED 40W-28W Monof\u00e1sico - ROMA Negro - Driver GxTronic - \u00d3ptica Regulable 24\u00ba-60\u00ba - UGR13 - CCT - STARLED Iluminacion\",\"isPartOf\":{\"@id\":\"https:\\\/\\\/starlediluminacion.com\\\/#website\"},\"primaryImageOfPage\":{\"@id\":\"https:\\\/\\\/starlediluminacion.com\\\/it\\\/product\\\/faretto-led-40w-28w-monophase-red-black-driver-gxtronic-optical-dimmable-24o-60o-ugr13-cct-2\\\/#primaryimage\"},\"image\":{\"@id\":\"https:\\\/\\\/starlediluminacion.com\\\/it\\\/product\\\/faretto-led-40w-28w-monophase-red-black-driver-gxtronic-optical-dimmable-24o-60o-ugr13-cct-2\\\/#primaryimage\"},\"thumbnailUrl\":\"https:\\\/\\\/starlediluminacion.com\\\/wp-content\\\/uploads\\\/2025\\\/03\\\/foco-led-40w-28w-monofasico-roma-negro-driver-gxtronic-optica-regulable-24o-60o-ugr13-cct.jpg\",\"datePublished\":\"2025-03-16T17:36:01+00:00\",\"dateModified\":\"2025-06-01T08:18:10+00:00\",\"breadcrumb\":{\"@id\":\"https:\\\/\\\/starlediluminacion.com\\\/it\\\/product\\\/faretto-led-40w-28w-monophase-red-black-driver-gxtronic-optical-dimmable-24o-60o-ugr13-cct-2\\\/#breadcrumb\"},\"inLanguage\":\"fr-FR\",\"potentialAction\":[{\"@type\":\"ReadAction\",\"target\":[\"https:\\\/\\\/starlediluminacion.com\\\/it\\\/product\\\/faretto-led-40w-28w-monophase-red-black-driver-gxtronic-optical-dimmable-24o-60o-ugr13-cct-2\\\/\"]}]},{\"@type\":\"ImageObject\",\"inLanguage\":\"fr-FR\",\"@id\":\"https:\\\/\\\/starlediluminacion.com\\\/it\\\/product\\\/faretto-led-40w-28w-monophase-red-black-driver-gxtronic-optical-dimmable-24o-60o-ugr13-cct-2\\\/#primaryimage\",\"url\":\"https:\\\/\\\/starlediluminacion.com\\\/wp-content\\\/uploads\\\/2025\\\/03\\\/foco-led-40w-28w-monofasico-roma-negro-driver-gxtronic-optica-regulable-24o-60o-ugr13-cct.jpg\",\"contentUrl\":\"https:\\\/\\\/starlediluminacion.com\\\/wp-content\\\/uploads\\\/2025\\\/03\\\/foco-led-40w-28w-monofasico-roma-negro-driver-gxtronic-optica-regulable-24o-60o-ugr13-cct.jpg\",\"width\":744,\"height\":800},{\"@type\":\"BreadcrumbList\",\"@id\":\"https:\\\/\\\/starlediluminacion.com\\\/it\\\/product\\\/faretto-led-40w-28w-monophase-red-black-driver-gxtronic-optical-dimmable-24o-60o-ugr13-cct-2\\\/#breadcrumb\",\"itemListElement\":[{\"@type\":\"ListItem\",\"position\":1,\"name\":\"Portada\",\"item\":\"https:\\\/\\\/starlediluminacion.com\\\/\"},{\"@type\":\"ListItem\",\"position\":2,\"name\":\"Shop\",\"item\":\"https:\\\/\\\/starlediluminacion.com\\\/shop-2\\\/\"},{\"@type\":\"ListItem\",\"position\":3,\"name\":\"Foco LED 40W-28W Monof\u00e1sico &#8211; ROMA Negro &#8211; Driver GxTronic &#8211; \u00d3ptica Regulable 24\u00ba-60\u00ba &#8211; UGR13 &#8211; CCT\"}]},{\"@type\":\"WebSite\",\"@id\":\"https:\\\/\\\/starlediluminacion.com\\\/#website\",\"url\":\"https:\\\/\\\/starlediluminacion.com\\\/\",\"name\":\"STARLED Iluminacion\",\"description\":\"\",\"potentialAction\":[{\"@type\":\"SearchAction\",\"target\":{\"@type\":\"EntryPoint\",\"urlTemplate\":\"https:\\\/\\\/starlediluminacion.com\\\/?s={search_term_string}\"},\"query-input\":{\"@type\":\"PropertyValueSpecification\",\"valueRequired\":true,\"valueName\":\"search_term_string\"}}],\"inLanguage\":\"fr-FR\"}]}<\/script>\n<!-- \/ Yoast SEO plugin. -->","yoast_head_json":{"title":"Foco LED 40W-28W Monof\u00e1sico - ROMA Negro - Driver GxTronic - \u00d3ptica Regulable 24\u00ba-60\u00ba - UGR13 - CCT - STARLED Iluminacion","robots":{"index":"index","follow":"follow","max-snippet":"max-snippet:-1","max-image-preview":"max-image-preview:large","max-video-preview":"max-video-preview:-1"},"canonical":"https:\/\/starlediluminacion.com\/fr\/product\/faretto-led-40w-28w-monophase-red-black-driver-gxtronic-optical-dimmable-24o-60o-ugr13-cct-2\/","og_locale":"fr_FR","og_type":"article","og_title":"Foco LED 40W-28W Monof\u00e1sico - ROMA Negro - Driver GxTronic - \u00d3ptica Regulable 24\u00ba-60\u00ba - UGR13 - CCT - STARLED Iluminacion","og_description":"Referencia: SLTLMB40W-CCT-92143     Foco\u00a0de uso profesional y comercial,\u00a0MULTI\u00c1NGULO de\u00a024\u00ba a 60\u00ba y Multipotencia 40W-28W\u00a0.\u00a0\u00a0Driver\u00a0Monof\u00e1sico\u00a0de m\u00e1xima calidad de GxTronic.\u00a0Fuente lum\u00ednica\u00a0COB\u00a0de alta luminosidad, la lente es regulable y proporciona una luminosidad total de l\u00famenes concentrada en un haz de apertura de diferentes grados de 24\u00ba a 60\u00ba.  Alta calidad de reproducci\u00f3n crom\u00e1tica +92 (IRC).\u00a0 Color Seleccionable -\u00a0CCT: 2700K-4000K-5700K.\u00a0- UGR13 -\u00a0\u00a05 a\u00f1os de garant\u00eda.\u00a0","og_url":"https:\/\/starlediluminacion.com\/fr\/product\/faretto-led-40w-28w-monophase-red-black-driver-gxtronic-optical-dimmable-24o-60o-ugr13-cct-2\/","og_site_name":"STARLED Iluminacion","article_modified_time":"2025-06-01T08:18:10+00:00","og_image":[{"width":744,"height":800,"url":"https:\/\/starlediluminacion.com\/wp-content\/uploads\/2025\/03\/foco-led-40w-28w-monofasico-roma-negro-driver-gxtronic-optica-regulable-24o-60o-ugr13-cct.jpg","type":"image\/jpeg"}],"twitter_card":"summary_large_image","twitter_misc":{"Dur\u00e9e de lecture estim\u00e9e":"5 minutes"},"schema":{"@context":"https:\/\/schema.org","@graph":[{"@type":"WebPage","@id":"https:\/\/starlediluminacion.com\/it\/product\/faretto-led-40w-28w-monophase-red-black-driver-gxtronic-optical-dimmable-24o-60o-ugr13-cct-2\/","url":"https:\/\/starlediluminacion.com\/it\/product\/faretto-led-40w-28w-monophase-red-black-driver-gxtronic-optical-dimmable-24o-60o-ugr13-cct-2\/","name":"Foco LED 40W-28W Monof\u00e1sico - ROMA Negro - Driver GxTronic - \u00d3ptica Regulable 24\u00ba-60\u00ba - UGR13 - CCT - STARLED Iluminacion","isPartOf":{"@id":"https:\/\/starlediluminacion.com\/#website"},"primaryImageOfPage":{"@id":"https:\/\/starlediluminacion.com\/it\/product\/faretto-led-40w-28w-monophase-red-black-driver-gxtronic-optical-dimmable-24o-60o-ugr13-cct-2\/#primaryimage"},"image":{"@id":"https:\/\/starlediluminacion.com\/it\/product\/faretto-led-40w-28w-monophase-red-black-driver-gxtronic-optical-dimmable-24o-60o-ugr13-cct-2\/#primaryimage"},"thumbnailUrl":"https:\/\/starlediluminacion.com\/wp-content\/uploads\/2025\/03\/foco-led-40w-28w-monofasico-roma-negro-driver-gxtronic-optica-regulable-24o-60o-ugr13-cct.jpg","datePublished":"2025-03-16T17:36:01+00:00","dateModified":"2025-06-01T08:18:10+00:00","breadcrumb":{"@id":"https:\/\/starlediluminacion.com\/it\/product\/faretto-led-40w-28w-monophase-red-black-driver-gxtronic-optical-dimmable-24o-60o-ugr13-cct-2\/#breadcrumb"},"inLanguage":"fr-FR","potentialAction":[{"@type":"ReadAction","target":["https:\/\/starlediluminacion.com\/it\/product\/faretto-led-40w-28w-monophase-red-black-driver-gxtronic-optical-dimmable-24o-60o-ugr13-cct-2\/"]}]},{"@type":"ImageObject","inLanguage":"fr-FR","@id":"https:\/\/starlediluminacion.com\/it\/product\/faretto-led-40w-28w-monophase-red-black-driver-gxtronic-optical-dimmable-24o-60o-ugr13-cct-2\/#primaryimage","url":"https:\/\/starlediluminacion.com\/wp-content\/uploads\/2025\/03\/foco-led-40w-28w-monofasico-roma-negro-driver-gxtronic-optica-regulable-24o-60o-ugr13-cct.jpg","contentUrl":"https:\/\/starlediluminacion.com\/wp-content\/uploads\/2025\/03\/foco-led-40w-28w-monofasico-roma-negro-driver-gxtronic-optica-regulable-24o-60o-ugr13-cct.jpg","width":744,"height":800},{"@type":"BreadcrumbList","@id":"https:\/\/starlediluminacion.com\/it\/product\/faretto-led-40w-28w-monophase-red-black-driver-gxtronic-optical-dimmable-24o-60o-ugr13-cct-2\/#breadcrumb","itemListElement":[{"@type":"ListItem","position":1,"name":"Portada","item":"https:\/\/starlediluminacion.com\/"},{"@type":"ListItem","position":2,"name":"Shop","item":"https:\/\/starlediluminacion.com\/shop-2\/"},{"@type":"ListItem","position":3,"name":"Foco LED 40W-28W Monof\u00e1sico &#8211; ROMA Negro &#8211; Driver GxTronic &#8211; \u00d3ptica Regulable 24\u00ba-60\u00ba &#8211; UGR13 &#8211; CCT"}]},{"@type":"WebSite","@id":"https:\/\/starlediluminacion.com\/#website","url":"https:\/\/starlediluminacion.com\/","name":"STARLED Iluminacion","description":"","potentialAction":[{"@type":"SearchAction","target":{"@type":"EntryPoint","urlTemplate":"https:\/\/starlediluminacion.com\/?s={search_term_string}"},"query-input":{"@type":"PropertyValueSpecification","valueRequired":true,"valueName":"search_term_string"}}],"inLanguage":"fr-FR"}]}},"_links":{"self":[{"href":"https:\/\/starlediluminacion.com\/fr\/wp-json\/wp\/v3\/product\/15437","targetHints":{"allow":["GET"]}}],"collection":[{"href":"https:\/\/starlediluminacion.com\/fr\/wp-json\/wp\/v3\/product"}],"about":[{"href":"https:\/\/starlediluminacion.com\/fr\/wp-json\/wp\/v2\/types\/product"}],"wp:featuredmedia":[{"embeddable":true,"href":"https:\/\/starlediluminacion.com\/fr\/wp-json\/wp\/v2\/media\/15449"}],"wp:attachment":[{"href":"https:\/\/starlediluminacion.com\/fr\/wp-json\/wp\/v2\/media?parent=15437"}],"wp:term":[{"taxonomy":"product_cat","embeddable":true,"href":"https:\/\/starlediluminacion.com\/fr\/wp-json\/wp\/v2\/product_cat?post=15437"},{"taxonomy":"product_tag","embeddable":true,"href":"https:\/\/starlediluminacion.com\/fr\/wp-json\/wp\/v2\/product_tag?post=15437"}],"curies":[{"name":"wp","href":"https:\/\/api.w.org\/{rel}","templated":true}]}}