{"id":15401,"date":"2025-03-16T17:12:18","date_gmt":"2025-03-16T17:12:18","guid":{"rendered":"https:\/\/starlediluminacion.com\/?post_type=product&#038;p=15401"},"modified":"2025-06-01T08:17:29","modified_gmt":"2025-06-01T08:17:29","slug":"foco-led-40w-uppsala-blanco-philips-certa-drive-3cct-carril-monofasico-cri98-5-anos-garantia","status":"publish","type":"product","link":"https:\/\/starlediluminacion.com\/fr\/product\/bulb-led-40w-uppsala-white-philips-certa-drive-3cct-rail-monophase-cri98-5-ans-de-garantie\/","title":{"rendered":"<p>spot led 40w uppsala white - certa drive - 3cct - single phase track - cri+98 - 5 ans de garantie<\/p>"},"content":{"rendered":"<h1 class=\"whitespace-pre-wrap\">spot led 40w uppsala white - certa drive - 3cct - single phase track - cri+98 - 5 ans de garantie<div class=\"absolute bottom-0 right-full top-0 -mr-3.5 hidden pr-5 pt-1 [.group\/conversation-turn:hover_&amp;]:block\">\n<p><strong>illuminez vos espaces avec pr\u00e9cision et polyvalence<\/strong>&nbsp;gr\u00e2ce \u00e0 l'\u00e9clairage LED&nbsp;<strong>uppsala<\/strong>&nbsp;40W, une solution d'\u00e9clairage professionnel sp\u00e9cialement con\u00e7ue pour les syst\u00e8mes de rails monophas\u00e9s. Ce projecteur combine une technologie de pointe, un design moderne et des mat\u00e9riaux de premi\u00e8re qualit\u00e9 pour offrir des performances optimales dans une large gamme d'applications.<\/p>\n<p><strong>caract\u00e9ristiques saillantes :<\/strong><\/p>\n<ul>\n<li><strong>Puce LED \u00e0 haute efficacit\u00e9 :<\/strong>&nbsp;\u00e9missions&nbsp;<strong>4000 lumens<\/strong>&nbsp;avec un&nbsp;<strong>cri +98<\/strong>Le nouveau syst\u00e8me offre une reproduction des couleurs ultra-pr\u00e9cise qui met en valeur les d\u00e9tails dans tous les environnements.<\/li>\n<li><strong>s\u00e9lecteur int\u00e9gr\u00e9 3cct :<\/strong>&nbsp;vous permet de choisir entre trois teintes de lumi\u00e8re (2700k, 4000k et 5700k), s'adaptant \u00e0 toutes les ambiances, qu'elles soient chaudes et douillettes ou froides et vibrantes.<\/li>\n<li><strong>conception optique avanc\u00e9e :<\/strong>&nbsp;offre deux angles d'ouverture :\n<ul>\n<li><strong>primaire de 24\u00ba :<\/strong>&nbsp;parfait pour \u00e9clairer et mettre en valeur des objets ou des zones sp\u00e9cifiques.<\/li>\n<\/ul>\n<\/li>\n<li><strong>l'efficacit\u00e9 \u00e9nerg\u00e9tique :<\/strong>&nbsp;r\u00e9duit la consommation d'\u00e9lectricit\u00e9 sans compromettre le rendement lumineux, un choix durable pour les projets commerciaux et r\u00e9sidentiels.<\/li>\n<\/ul>\n<p><strong>des mat\u00e9riaux de premi\u00e8re qualit\u00e9 :<\/strong><\/p>\n<p>fabriqu\u00e9s avec des composants de haute qualit\u00e9 :<\/p>\n<ul>\n<li><strong>bayer<\/strong>&nbsp;y&nbsp;<strong>evonik industries plexiglas :<\/strong>&nbsp;garantissent la solidit\u00e9 et la clart\u00e9 des parties optiques.<\/li>\n<li><strong>akzonobel interpo painting :<\/strong>&nbsp;offre une finition durable et esth\u00e9tique, id\u00e9ale pour les espaces contemporains.<\/li>\n<\/ul>\n<p><strong>avantages concurrentiels :<\/strong><\/p>\n<ul>\n<li><strong>la durabilit\u00e9 :<\/strong>&nbsp;con\u00e7us pour r\u00e9sister \u00e0 une utilisation intensive, avec des mat\u00e9riaux qui garantissent une longue dur\u00e9e de vie.<\/li>\n<li><strong>esth\u00e9tique minimaliste :<\/strong>&nbsp;son design moderne s'int\u00e8gre parfaitement \u00e0 tout espace, offrant style et fonctionnalit\u00e9.<\/li>\n<li><strong>Garantie de 5 ans :<\/strong>&nbsp;une tranquillit\u00e9 d'esprit totale gr\u00e2ce \u00e0 une garantie fiable.<\/li>\n<\/ul>\n<h2><strong>les applications de la&nbsp;<\/strong>spot monophas\u00e9 40w uppsala white certa drive - 3cct - cri+98<\/h2>\n<p>le projecteur \u00e0 led&nbsp;<strong>uppsala<\/strong>&nbsp;est le choix id\u00e9al pour :<\/p>\n<ul>\n<li>les magasins et les vitrines, o\u00f9 la fid\u00e9lit\u00e9 des couleurs est essentielle pour mettre en valeur les produits.<\/li>\n<li>galeries et mus\u00e9es, gr\u00e2ce \u00e0 sa pr\u00e9cision lumineuse.<\/li>\n<li>les bureaux, offrant une lumi\u00e8re vive et efficace pour un environnement de travail optimal.<\/li>\n<li>des maisons, cr\u00e9ant ainsi des atmosph\u00e8res personnalis\u00e9es et \u00e9l\u00e9gantes.<\/li>\n<\/ul>\n<h3 class=\"h6\">fiche technique du produit<\/h3>\n<dl class=\"data-sheet\">\n<dt class=\"name\"><img loading=\"lazy\" decoding=\"async\" src=\"https:\/\/www.factorled.com\/modules\/oa_features\/img\/2-default.jpg\" width=\"32\" height=\"32\">&nbsp;r\u00e9f\u00e9rence<\/dt>\n<dd class=\"value\">tlmphl40w-cct-90358<\/dd>\n<dt class=\"name\"><img loading=\"lazy\" decoding=\"async\" src=\"https:\/\/www.factorled.com\/modules\/oa_features\/img\/3-default.jpg\" width=\"32\" height=\"32\">&nbsp;puissance nominale<\/dt>\n<dd class=\"value\">40w<\/dd>\n<dt class=\"name\"><img loading=\"lazy\" decoding=\"async\" src=\"https:\/\/www.factorled.com\/modules\/oa_features\/img\/4-default.jpg\" width=\"32\" height=\"32\">&nbsp;tension nominale<\/dt>\n<dd class=\"value\">85-265v<\/dd>\n<dt class=\"name\"><img loading=\"lazy\" decoding=\"async\" src=\"https:\/\/www.factorled.com\/modules\/oa_features\/img\/5-default.jpg\" width=\"32\" height=\"32\">&nbsp;temp\u00e9rature de la lumi\u00e8re<\/dt>\n<dd class=\"value\">3cct select 2700k-4000k-5700k<\/dd>\n<dt class=\"name\"><img loading=\"lazy\" decoding=\"async\" src=\"https:\/\/www.factorled.com\/modules\/oa_features\/img\/6-default.jpg\" width=\"32\" height=\"32\">&nbsp;cri - indice de rendu des couleurs<\/dt>\n<dd class=\"value\">98<\/dd>\n<dt class=\"name\"><img loading=\"lazy\" decoding=\"async\" src=\"https:\/\/www.factorled.com\/modules\/oa_features\/img\/25-default.jpg\" width=\"32\" height=\"32\">&nbsp;mat\u00e9riaux de construction<\/dt>\n<dd class=\"value\">aluminium +pmma<\/dd>\n<dt class=\"name\"><img loading=\"lazy\" decoding=\"async\" src=\"https:\/\/www.factorled.com\/modules\/oa_features\/img\/8-default.jpg\" width=\"32\" height=\"32\">&nbsp;luminosit\u00e9-lm<\/dt>\n<dd class=\"value\">4000<\/dd>\n<dt class=\"name\"><img loading=\"lazy\" decoding=\"async\" src=\"https:\/\/www.factorled.com\/modules\/oa_features\/img\/9-default.jpg\" width=\"32\" height=\"32\">&nbsp;type de leds<\/dt>\n<dd class=\"value\">cob bridgelux chip 2630 ds-c30<\/dd>\n<dt class=\"name\"><img loading=\"lazy\" decoding=\"async\" src=\"https:\/\/www.factorled.com\/modules\/oa_features\/img\/10-default.jpg\" width=\"32\" height=\"32\">&nbsp;angle d'ouverture (\u00ba)<\/dt>\n<dd class=\"value\">48\u00ba<\/dd>\n<dt class=\"name\"><img loading=\"lazy\" decoding=\"async\" src=\"https:\/\/www.factorled.com\/modules\/oa_features\/img\/12-default.jpg\" width=\"32\" height=\"32\">&nbsp;efficacit\u00e9 des diodes LED (lm\/w)<\/dt>\n<dd class=\"value\">120 lm\/w<\/dd>\n<dt class=\"name\"><img loading=\"lazy\" decoding=\"async\" src=\"https:\/\/www.factorled.com\/modules\/oa_features\/img\/13-default.jpg\" width=\"32\" height=\"32\">&nbsp;efficacit\u00e9 lumineuse (lm\/w)<\/dt>\n<dd class=\"value\">100lm\/w<\/dd>\n<dt class=\"name\"><img loading=\"lazy\" decoding=\"async\" src=\"https:\/\/www.factorled.com\/modules\/oa_features\/img\/15-default.jpg\" width=\"32\" height=\"32\">&nbsp;certificats<\/dt>\n<dd class=\"value\">ce, cmim, rohs<\/dd>\n<dt class=\"name\"><img loading=\"lazy\" decoding=\"async\" src=\"https:\/\/www.factorled.com\/modules\/oa_features\/img\/16-default.jpg\" width=\"32\" height=\"32\">&nbsp;degr\u00e9 de l'ip<\/dt>\n<dd class=\"value\">ip20<\/dd>\n<dt class=\"name\"><img loading=\"lazy\" decoding=\"async\" src=\"https:\/\/www.factorled.com\/modules\/oa_features\/img\/17-default.jpg\" width=\"32\" height=\"32\">&nbsp;dur\u00e9e de vie estim\u00e9e de la diode LED (h)<\/dt>\n<dd class=\"value\">35.000<\/dd>\n<dt class=\"name\"><img loading=\"lazy\" decoding=\"async\" src=\"https:\/\/www.factorled.com\/modules\/oa_features\/img\/18-default.jpg\" width=\"32\" height=\"32\">&nbsp;dimensions (mm)<\/dt>\n<dd class=\"value\">conducteur : 52 x 140 x 85 mm<\/dd>\n<dt class=\"name\"><img loading=\"lazy\" decoding=\"async\" src=\"https:\/\/www.factorled.com\/modules\/oa_features\/img\/18-default.jpg\" width=\"32\" height=\"32\">&nbsp;dimensions (mm)<\/dt>\n<dd class=\"value\">projecteur : \u00f896 x 123 mm<\/dd>\n<dt class=\"name\"><img loading=\"lazy\" decoding=\"async\" src=\"https:\/\/www.factorled.com\/modules\/oa_features\/img\/20-default.jpg\" width=\"32\" height=\"32\">&nbsp;facteur de puissance (pf)<\/dt>\n<dd class=\"value\">0.95<\/dd>\n<dt class=\"name\"><img loading=\"lazy\" decoding=\"async\" src=\"https:\/\/www.factorled.com\/modules\/oa_features\/img\/21-default.jpg\" width=\"32\" height=\"32\">&nbsp;fr\u00e9quence de travail (hz)<\/dt>\n<dd class=\"value\">50\/60hz<\/dd>\n<dt class=\"name\"><img loading=\"lazy\" decoding=\"async\" src=\"https:\/\/www.factorled.com\/modules\/oa_features\/img\/22-default.jpg\" width=\"32\" height=\"32\">&nbsp;plage de temp\u00e9rature (\u00bac)<\/dt>\n<dd class=\"value\">-20\u00ba ~ +40\u00ba.<\/dd>\n<dt class=\"name\"><img loading=\"lazy\" decoding=\"async\" src=\"https:\/\/www.factorled.com\/modules\/oa_features\/img\/23-default.jpg\" width=\"32\" height=\"32\">&nbsp;cycles d'allumage<\/dt>\n<dd class=\"value\">100.000<\/dd>\n<dt class=\"name\"><img loading=\"lazy\" decoding=\"async\" src=\"https:\/\/www.factorled.com\/modules\/oa_features\/img\/24-default.jpg\" width=\"32\" height=\"32\">&nbsp;temps de d\u00e9marrage (s)<\/dt>\n<dd class=\"value\">0,2s<\/dd>\n<dt class=\"name\"><img loading=\"lazy\" decoding=\"async\" src=\"https:\/\/www.factorled.com\/modules\/oa_features\/img\/26-default.jpg\" width=\"32\" height=\"32\">&nbsp;informations compl\u00e9mentaires<\/dt>\n<dd class=\"value\">peinture : akzonobel interpon 600 c33883<\/dd>\n<dt class=\"name\"><img loading=\"lazy\" decoding=\"async\" src=\"https:\/\/www.factorled.com\/modules\/oa_features\/img\/74-default.jpg\" width=\"32\" height=\"32\">&nbsp;pilote inclus<\/dt>\n<dd class=\"value\"> certadrive<\/dd>\n<dt class=\"name\"><img loading=\"lazy\" decoding=\"async\" src=\"https:\/\/www.factorled.com\/modules\/oa_features\/img\/101-default.jpg\" width=\"32\" height=\"32\">&nbsp;classe \u00e9nerg\u00e9tique (2023 - eu-2019\/2015)<\/dt>\n<dd class=\"value\">f<\/dd>\n<dt class=\"name\"><img loading=\"lazy\" decoding=\"async\" src=\"https:\/\/www.factorled.com\/modules\/oa_features\/img\/75-default.jpg\" width=\"32\" height=\"32\">&nbsp;ann\u00e9es de garantie<\/dt>\n<dd class=\"value\">5<\/dd>\n<dt class=\"name\"><img loading=\"lazy\" decoding=\"async\" src=\"https:\/\/www.factorled.com\/modules\/oa_features\/img\/133-default.jpg\" width=\"32\" height=\"32\">&nbsp;unit\u00e9s par bo\u00eete \u00e0 outils<\/dt>\n<dd class=\"value\">10<\/dd>\n<\/dl>\n<\/div><\/h1>","protected":false},"excerpt":{"rendered":"<div class=\"product-reference\"><strong><label class=\"label\">R\u00e9f\u00e9rence :<\/label> SLTLMPHL40W-CCT-90358<\/strong>\n<div><\/div>\n<div class=\"product-description-short\">\n<div id=\"product-description-short-3811\">\n<p><strong>UPPSALA Projecteur de piste LED 40W<\/strong>&nbsp;avec&nbsp;<strong>Pilote Philips Certa Drive<\/strong>&nbsp;y&nbsp;<strong>S\u00e9lecteur 3CCT<\/strong>&nbsp;pour les voies monophas\u00e9es. Il offre une lumi\u00e8re de haute qualit\u00e9 avec&nbsp;<strong>IRC +98<\/strong>&nbsp;y&nbsp;<strong>4000 lumens<\/strong>id\u00e9al pour la mise en \u00e9vidence pr\u00e9cise des d\u00e9tails. Son angle d'ouverture&nbsp;<strong>24\u00ba primaire<\/strong>&nbsp;y&nbsp;<strong>100\u00ba secondaire<\/strong>&nbsp;assure un \u00e9clairage uniforme, parfait pour les applications commerciales et r\u00e9sidentielles.<\/p>\n<p>Il allie design fonctionnel, durabilit\u00e9 et efficacit\u00e9, ce qui en fait une solution id\u00e9ale pour les syst\u00e8mes d'\u00e9clairage sur rail.<\/p>\n<\/div>\n<\/div><\/div>","protected":false},"featured_media":15414,"template":"","meta":{"site-sidebar-layout":"default","site-content-layout":"default","ast-global-header-display":"","ast-main-header-display":"","ast-hfb-above-header-display":"","ast-hfb-below-header-display":"","ast-hfb-mobile-header-display":"","site-post-title":"","ast-breadcrumbs-content":"","ast-featured-img":"","footer-sml-layout":"","theme-transparent-header-meta":"default","adv-header-id-meta":"","stick-header-meta":"","header-above-stick-meta":"","header-main-stick-meta":"","header-below-stick-meta":""},"product_cat":[32,76],"product_tag":[],"class_list":["post-15401","product","type-product","status-publish","has-post-thumbnail","hentry","product_cat-iluminacion-comercial-para-tienda","product_cat-iluminacion-led-carril"],"yoast_head":"<!-- This site is optimized with the Yoast SEO plugin v27.4 - https:\/\/yoast.com\/product\/yoast-seo-wordpress\/ -->\n<title>foco led 40w uppsala blanco - certa drive - 3cct - carril monof\u00e1sico - cri+98 - 5 a\u00f1os garant\u00eda - STARLED Iluminacion<\/title>\n<meta name=\"robots\" content=\"index, follow, max-snippet:-1, max-image-preview:large, max-video-preview:-1\" \/>\n<link rel=\"canonical\" href=\"https:\/\/starlediluminacion.com\/fr\/product\/gluhbirne-led-40w-uppsala-weis-philips-certa-drive-3cct-rail-monophase-cri98-5-jahre-garantie-2\/\" \/>\n<meta property=\"og:locale\" content=\"fr_FR\" \/>\n<meta property=\"og:type\" content=\"article\" \/>\n<meta property=\"og:title\" content=\"foco led 40w uppsala blanco - certa drive - 3cct - carril monof\u00e1sico - cri+98 - 5 a\u00f1os garant\u00eda - STARLED Iluminacion\" \/>\n<meta property=\"og:description\" content=\"Referencia: SLTLMPHL40W-CCT-90358      Foco de carril LED UPPSALA de 40W\u00a0con\u00a0Driver Philips Certa Drive\u00a0y\u00a0selector 3CCT\u00a0para carril monof\u00e1sico. Ofrece una luz de alta calidad con\u00a0CRI +98\u00a0y\u00a04000 l\u00famenes, ideal para resaltar detalles con precisi\u00f3n. Su \u00e1ngulo de apertura\u00a0primario de 24\u00ba\u00a0y\u00a0secundario de 100\u00ba\u00a0asegura una iluminaci\u00f3n uniforme y envolvente, perfecta para aplicaciones comerciales y residenciales.  Combina dise\u00f1o funcional, durabilidad y eficiencia, siendo una soluci\u00f3n ideal para sistemas de iluminaci\u00f3n en carriles.\" \/>\n<meta property=\"og:url\" content=\"https:\/\/starlediluminacion.com\/fr\/product\/gluhbirne-led-40w-uppsala-weis-philips-certa-drive-3cct-rail-monophase-cri98-5-jahre-garantie-2\/\" \/>\n<meta property=\"og:site_name\" content=\"STARLED Iluminacion\" \/>\n<meta property=\"article:modified_time\" content=\"2025-06-01T08:17:29+00:00\" \/>\n<meta property=\"og:image\" content=\"https:\/\/starlediluminacion.com\/wp-content\/uploads\/2025\/03\/foco-led-40w-uppsala-blanco-philips-certa-drive-3cct-carril-monofasico-cri98-5-anos-garantia.jpg\" \/>\n\t<meta property=\"og:image:width\" content=\"744\" \/>\n\t<meta property=\"og:image:height\" content=\"800\" \/>\n\t<meta property=\"og:image:type\" content=\"image\/jpeg\" \/>\n<meta name=\"twitter:card\" content=\"summary_large_image\" \/>\n<meta name=\"twitter:label1\" content=\"Dur\u00e9e de lecture estim\u00e9e\" \/>\n\t<meta name=\"twitter:data1\" content=\"2 minutes\" \/>\n<script type=\"application\/ld+json\" class=\"yoast-schema-graph\">{\"@context\":\"https:\\\/\\\/schema.org\",\"@graph\":[{\"@type\":\"WebPage\",\"@id\":\"https:\\\/\\\/starlediluminacion.com\\\/de\\\/product\\\/gluhbirne-led-40w-uppsala-weis-philips-certa-drive-3cct-rail-monophase-cri98-5-jahre-garantie-2\\\/\",\"url\":\"https:\\\/\\\/starlediluminacion.com\\\/de\\\/product\\\/gluhbirne-led-40w-uppsala-weis-philips-certa-drive-3cct-rail-monophase-cri98-5-jahre-garantie-2\\\/\",\"name\":\"foco led 40w uppsala blanco - certa drive - 3cct - carril monof\u00e1sico - cri+98 - 5 a\u00f1os garant\u00eda - STARLED Iluminacion\",\"isPartOf\":{\"@id\":\"https:\\\/\\\/starlediluminacion.com\\\/#website\"},\"primaryImageOfPage\":{\"@id\":\"https:\\\/\\\/starlediluminacion.com\\\/de\\\/product\\\/gluhbirne-led-40w-uppsala-weis-philips-certa-drive-3cct-rail-monophase-cri98-5-jahre-garantie-2\\\/#primaryimage\"},\"image\":{\"@id\":\"https:\\\/\\\/starlediluminacion.com\\\/de\\\/product\\\/gluhbirne-led-40w-uppsala-weis-philips-certa-drive-3cct-rail-monophase-cri98-5-jahre-garantie-2\\\/#primaryimage\"},\"thumbnailUrl\":\"https:\\\/\\\/starlediluminacion.com\\\/wp-content\\\/uploads\\\/2025\\\/03\\\/foco-led-40w-uppsala-blanco-philips-certa-drive-3cct-carril-monofasico-cri98-5-anos-garantia.jpg\",\"datePublished\":\"2025-03-16T17:12:18+00:00\",\"dateModified\":\"2025-06-01T08:17:29+00:00\",\"breadcrumb\":{\"@id\":\"https:\\\/\\\/starlediluminacion.com\\\/de\\\/product\\\/gluhbirne-led-40w-uppsala-weis-philips-certa-drive-3cct-rail-monophase-cri98-5-jahre-garantie-2\\\/#breadcrumb\"},\"inLanguage\":\"fr-FR\",\"potentialAction\":[{\"@type\":\"ReadAction\",\"target\":[\"https:\\\/\\\/starlediluminacion.com\\\/de\\\/product\\\/gluhbirne-led-40w-uppsala-weis-philips-certa-drive-3cct-rail-monophase-cri98-5-jahre-garantie-2\\\/\"]}]},{\"@type\":\"ImageObject\",\"inLanguage\":\"fr-FR\",\"@id\":\"https:\\\/\\\/starlediluminacion.com\\\/de\\\/product\\\/gluhbirne-led-40w-uppsala-weis-philips-certa-drive-3cct-rail-monophase-cri98-5-jahre-garantie-2\\\/#primaryimage\",\"url\":\"https:\\\/\\\/starlediluminacion.com\\\/wp-content\\\/uploads\\\/2025\\\/03\\\/foco-led-40w-uppsala-blanco-philips-certa-drive-3cct-carril-monofasico-cri98-5-anos-garantia.jpg\",\"contentUrl\":\"https:\\\/\\\/starlediluminacion.com\\\/wp-content\\\/uploads\\\/2025\\\/03\\\/foco-led-40w-uppsala-blanco-philips-certa-drive-3cct-carril-monofasico-cri98-5-anos-garantia.jpg\",\"width\":744,\"height\":800},{\"@type\":\"BreadcrumbList\",\"@id\":\"https:\\\/\\\/starlediluminacion.com\\\/de\\\/product\\\/gluhbirne-led-40w-uppsala-weis-philips-certa-drive-3cct-rail-monophase-cri98-5-jahre-garantie-2\\\/#breadcrumb\",\"itemListElement\":[{\"@type\":\"ListItem\",\"position\":1,\"name\":\"Portada\",\"item\":\"https:\\\/\\\/starlediluminacion.com\\\/\"},{\"@type\":\"ListItem\",\"position\":2,\"name\":\"Shop\",\"item\":\"https:\\\/\\\/starlediluminacion.com\\\/shop-2\\\/\"},{\"@type\":\"ListItem\",\"position\":3,\"name\":\"foco led 40w uppsala blanco &#8211; certa drive &#8211; 3cct &#8211; carril monof\u00e1sico &#8211; cri+98 &#8211; 5 a\u00f1os garant\u00eda\"}]},{\"@type\":\"WebSite\",\"@id\":\"https:\\\/\\\/starlediluminacion.com\\\/#website\",\"url\":\"https:\\\/\\\/starlediluminacion.com\\\/\",\"name\":\"STARLED Iluminacion\",\"description\":\"\",\"potentialAction\":[{\"@type\":\"SearchAction\",\"target\":{\"@type\":\"EntryPoint\",\"urlTemplate\":\"https:\\\/\\\/starlediluminacion.com\\\/?s={search_term_string}\"},\"query-input\":{\"@type\":\"PropertyValueSpecification\",\"valueRequired\":true,\"valueName\":\"search_term_string\"}}],\"inLanguage\":\"fr-FR\"}]}<\/script>\n<!-- \/ Yoast SEO plugin. -->","yoast_head_json":{"title":"foco led 40w uppsala blanco - certa drive - 3cct - carril monof\u00e1sico - cri+98 - 5 a\u00f1os garant\u00eda - STARLED Iluminacion","robots":{"index":"index","follow":"follow","max-snippet":"max-snippet:-1","max-image-preview":"max-image-preview:large","max-video-preview":"max-video-preview:-1"},"canonical":"https:\/\/starlediluminacion.com\/fr\/product\/gluhbirne-led-40w-uppsala-weis-philips-certa-drive-3cct-rail-monophase-cri98-5-jahre-garantie-2\/","og_locale":"fr_FR","og_type":"article","og_title":"foco led 40w uppsala blanco - certa drive - 3cct - carril monof\u00e1sico - cri+98 - 5 a\u00f1os garant\u00eda - STARLED Iluminacion","og_description":"Referencia: SLTLMPHL40W-CCT-90358      Foco de carril LED UPPSALA de 40W\u00a0con\u00a0Driver Philips Certa Drive\u00a0y\u00a0selector 3CCT\u00a0para carril monof\u00e1sico. Ofrece una luz de alta calidad con\u00a0CRI +98\u00a0y\u00a04000 l\u00famenes, ideal para resaltar detalles con precisi\u00f3n. Su \u00e1ngulo de apertura\u00a0primario de 24\u00ba\u00a0y\u00a0secundario de 100\u00ba\u00a0asegura una iluminaci\u00f3n uniforme y envolvente, perfecta para aplicaciones comerciales y residenciales.  Combina dise\u00f1o funcional, durabilidad y eficiencia, siendo una soluci\u00f3n ideal para sistemas de iluminaci\u00f3n en carriles.","og_url":"https:\/\/starlediluminacion.com\/fr\/product\/gluhbirne-led-40w-uppsala-weis-philips-certa-drive-3cct-rail-monophase-cri98-5-jahre-garantie-2\/","og_site_name":"STARLED Iluminacion","article_modified_time":"2025-06-01T08:17:29+00:00","og_image":[{"width":744,"height":800,"url":"https:\/\/starlediluminacion.com\/wp-content\/uploads\/2025\/03\/foco-led-40w-uppsala-blanco-philips-certa-drive-3cct-carril-monofasico-cri98-5-anos-garantia.jpg","type":"image\/jpeg"}],"twitter_card":"summary_large_image","twitter_misc":{"Dur\u00e9e de lecture estim\u00e9e":"2 minutes"},"schema":{"@context":"https:\/\/schema.org","@graph":[{"@type":"WebPage","@id":"https:\/\/starlediluminacion.com\/de\/product\/gluhbirne-led-40w-uppsala-weis-philips-certa-drive-3cct-rail-monophase-cri98-5-jahre-garantie-2\/","url":"https:\/\/starlediluminacion.com\/de\/product\/gluhbirne-led-40w-uppsala-weis-philips-certa-drive-3cct-rail-monophase-cri98-5-jahre-garantie-2\/","name":"foco led 40w uppsala blanco - certa drive - 3cct - carril monof\u00e1sico - cri+98 - 5 a\u00f1os garant\u00eda - STARLED Iluminacion","isPartOf":{"@id":"https:\/\/starlediluminacion.com\/#website"},"primaryImageOfPage":{"@id":"https:\/\/starlediluminacion.com\/de\/product\/gluhbirne-led-40w-uppsala-weis-philips-certa-drive-3cct-rail-monophase-cri98-5-jahre-garantie-2\/#primaryimage"},"image":{"@id":"https:\/\/starlediluminacion.com\/de\/product\/gluhbirne-led-40w-uppsala-weis-philips-certa-drive-3cct-rail-monophase-cri98-5-jahre-garantie-2\/#primaryimage"},"thumbnailUrl":"https:\/\/starlediluminacion.com\/wp-content\/uploads\/2025\/03\/foco-led-40w-uppsala-blanco-philips-certa-drive-3cct-carril-monofasico-cri98-5-anos-garantia.jpg","datePublished":"2025-03-16T17:12:18+00:00","dateModified":"2025-06-01T08:17:29+00:00","breadcrumb":{"@id":"https:\/\/starlediluminacion.com\/de\/product\/gluhbirne-led-40w-uppsala-weis-philips-certa-drive-3cct-rail-monophase-cri98-5-jahre-garantie-2\/#breadcrumb"},"inLanguage":"fr-FR","potentialAction":[{"@type":"ReadAction","target":["https:\/\/starlediluminacion.com\/de\/product\/gluhbirne-led-40w-uppsala-weis-philips-certa-drive-3cct-rail-monophase-cri98-5-jahre-garantie-2\/"]}]},{"@type":"ImageObject","inLanguage":"fr-FR","@id":"https:\/\/starlediluminacion.com\/de\/product\/gluhbirne-led-40w-uppsala-weis-philips-certa-drive-3cct-rail-monophase-cri98-5-jahre-garantie-2\/#primaryimage","url":"https:\/\/starlediluminacion.com\/wp-content\/uploads\/2025\/03\/foco-led-40w-uppsala-blanco-philips-certa-drive-3cct-carril-monofasico-cri98-5-anos-garantia.jpg","contentUrl":"https:\/\/starlediluminacion.com\/wp-content\/uploads\/2025\/03\/foco-led-40w-uppsala-blanco-philips-certa-drive-3cct-carril-monofasico-cri98-5-anos-garantia.jpg","width":744,"height":800},{"@type":"BreadcrumbList","@id":"https:\/\/starlediluminacion.com\/de\/product\/gluhbirne-led-40w-uppsala-weis-philips-certa-drive-3cct-rail-monophase-cri98-5-jahre-garantie-2\/#breadcrumb","itemListElement":[{"@type":"ListItem","position":1,"name":"Portada","item":"https:\/\/starlediluminacion.com\/"},{"@type":"ListItem","position":2,"name":"Shop","item":"https:\/\/starlediluminacion.com\/shop-2\/"},{"@type":"ListItem","position":3,"name":"foco led 40w uppsala blanco &#8211; certa drive &#8211; 3cct &#8211; carril monof\u00e1sico &#8211; cri+98 &#8211; 5 a\u00f1os garant\u00eda"}]},{"@type":"WebSite","@id":"https:\/\/starlediluminacion.com\/#website","url":"https:\/\/starlediluminacion.com\/","name":"STARLED Iluminacion","description":"","potentialAction":[{"@type":"SearchAction","target":{"@type":"EntryPoint","urlTemplate":"https:\/\/starlediluminacion.com\/?s={search_term_string}"},"query-input":{"@type":"PropertyValueSpecification","valueRequired":true,"valueName":"search_term_string"}}],"inLanguage":"fr-FR"}]}},"_links":{"self":[{"href":"https:\/\/starlediluminacion.com\/fr\/wp-json\/wp\/v3\/product\/15401","targetHints":{"allow":["GET"]}}],"collection":[{"href":"https:\/\/starlediluminacion.com\/fr\/wp-json\/wp\/v3\/product"}],"about":[{"href":"https:\/\/starlediluminacion.com\/fr\/wp-json\/wp\/v2\/types\/product"}],"wp:featuredmedia":[{"embeddable":true,"href":"https:\/\/starlediluminacion.com\/fr\/wp-json\/wp\/v2\/media\/15414"}],"wp:attachment":[{"href":"https:\/\/starlediluminacion.com\/fr\/wp-json\/wp\/v2\/media?parent=15401"}],"wp:term":[{"taxonomy":"product_cat","embeddable":true,"href":"https:\/\/starlediluminacion.com\/fr\/wp-json\/wp\/v2\/product_cat?post=15401"},{"taxonomy":"product_tag","embeddable":true,"href":"https:\/\/starlediluminacion.com\/fr\/wp-json\/wp\/v2\/product_tag?post=15401"}],"curies":[{"name":"wp","href":"https:\/\/api.w.org\/{rel}","templated":true}]}}