{"id":14921,"date":"2025-01-05T15:22:55","date_gmt":"2025-01-05T15:22:55","guid":{"rendered":"https:\/\/starlediluminacion.com\/?post_type=product&#038;p=14921"},"modified":"2025-03-16T11:21:06","modified_gmt":"2025-03-16T11:21:06","slug":"aro-convertidor-placa-slim-led-circular-24w-ugr17-osram-chip-duris-e-2835","status":"publish","type":"product","link":"https:\/\/starlediluminacion.com\/fr\/product\/ring-converter-plate-slim-led-circular-converter-ring-24w-ugr17-osram-chip-duris-e-2835\/","title":{"rendered":"<p>Anneau convertisseur + anneau circulaire mince LED 24W - UGR17 - OSRAM CHIP DURIS E 2835<\/p>"},"content":{"rendered":"<h1>Anneau de conversion + plaque circulaire Slim LED 24W - UGR17 - OSRAM CHIP DURIS E 2835<p>La combinaison de la&nbsp;<strong>Anneau de conversion<\/strong>&nbsp;et le&nbsp;<strong>Panneau LED circulaire mince de 24W<\/strong>&nbsp;transforme le concept d'\u00e9clairage en une solution polyvalente, adaptable et de haute qualit\u00e9. Gr\u00e2ce \u00e0 la technologie de pointe&nbsp;<strong>puce OSRAM DURIS E 2835<\/strong>Ce produit garantit une performance d'\u00e9clairage sup\u00e9rieure, id\u00e9ale pour les espaces domestiques et commerciaux. Sa conception permet \u00e0 la Slim Plate d'\u00eatre facilement install\u00e9e comme un plafonnier de surface simple.<\/p><p><strong>Avantages du produit<\/strong><\/p><ol>\n<li><strong>Installation polyvalente et sans probl\u00e8me<\/strong>Gr\u00e2ce \u00e0 la bague de conversion, il est facile de transformer une Slim Plate en plafonnier apparent, ce qui permet de l'utiliser dans des plafonds o\u00f9 une installation encastr\u00e9e n'est pas possible. Cela ajoute de la flexibilit\u00e9 \u00e0 tout projet d'\u00e9clairage.<\/li>\n<li><strong>Qualit\u00e9 de lumi\u00e8re sup\u00e9rieure<\/strong>Le Slim Board dispose d'un&nbsp;<strong>IRC \u00e9lev\u00e9 et indice d'\u00e9blouissement UGR17<\/strong>La lumi\u00e8re est uniforme et non \u00e9blouissante, id\u00e9ale pour les environnements qui n\u00e9cessitent un \u00e9clairage confortable sans fatigue oculaire.<\/li>\n<li><strong>\u00c9conomie d'\u00e9nergie<\/strong>Avec une consommation \u00e9lectrique de 24 Watt et la technologie de&nbsp;<strong>Diodes OSRAM DURIS E 2835<\/strong>Ce produit garantit l'efficacit\u00e9 \u00e9nerg\u00e9tique sans compromettre l'intensit\u00e9 lumineuse, ce qui en fait un excellent choix pour r\u00e9duire les co\u00fbts d'\u00e9clairage \u00e0 long terme.<\/li>\n<li><strong>Temp\u00e9rature de couleur s\u00e9lectionnable<\/strong>Disponible en 3000K, 4000K et 6000K, il s'adapte \u00e0 diff\u00e9rents environnements et besoins d'\u00e9clairage, qu'il s'agisse d'environnements chaleureux ou d'espaces de travail n\u00e9cessitant une visibilit\u00e9 et une concentration maximales.<\/li>\n<li><strong>Longue dur\u00e9e de vie<\/strong>La technologie avanc\u00e9e des puces LED d'OSRAM garantit une longue dur\u00e9e de vie, ce qui minimise la maintenance et le remplacement des luminaires, ce qui en fait la solution id\u00e9ale pour les utilisateurs \u00e0 la recherche d'une solution durable et fiable.<\/li>\n<\/ol><p><strong>Applications<\/strong><br>\nCe produit est id\u00e9al pour un large \u00e9ventail d'applications, qu'il s'agisse d'habitations, de bureaux, de salles de conf\u00e9rence, de magasins de d\u00e9tail, d'h\u00f4pitaux ou d'h\u00f4tels. Gr\u00e2ce \u00e0 son design discret et minimaliste, il s'int\u00e8gre \u00e0 tous les styles de d\u00e9coration, offrant une lumi\u00e8re de haute qualit\u00e9 et un aspect moderne.<\/p><h3 class=\"h6\">Fiche technique du produit<\/h3><dl class=\"data-sheet\">\n<dt class=\"name\"><img loading=\"lazy\" decoding=\"async\" src=\"https:\/\/www.factorled.com\/modules\/oa_features\/img\/2-default.jpg\" width=\"32\" height=\"32\">&nbsp;R\u00c9F\u00c9RENCE<\/dt>\n<dd class=\"value\">IL005-PNOSR24W<\/dd>\n<dt class=\"name\"><img loading=\"lazy\" decoding=\"async\" src=\"https:\/\/www.factorled.com\/modules\/oa_features\/img\/3-default.jpg\" width=\"32\" height=\"32\">&nbsp;Puissance nominale<\/dt>\n<dd class=\"value\">24w<\/dd>\n<dt class=\"name\"><img loading=\"lazy\" decoding=\"async\" src=\"https:\/\/www.factorled.com\/modules\/oa_features\/img\/4-default.jpg\" width=\"32\" height=\"32\">&nbsp;Tension nominale<\/dt>\n<dd class=\"value\">85V-265V<\/dd>\n<dt class=\"name\"><img loading=\"lazy\" decoding=\"async\" src=\"https:\/\/www.factorled.com\/modules\/oa_features\/img\/5-default.jpg\" width=\"32\" height=\"32\">&nbsp;Temp\u00e9rature de la lumi\u00e8re<\/dt>\n<dd class=\"value\">3000K - 4000K - 5700K<\/dd>\n<dt class=\"name\"><img loading=\"lazy\" decoding=\"async\" src=\"https:\/\/www.factorled.com\/modules\/oa_features\/img\/6-default.jpg\" width=\"32\" height=\"32\">&nbsp;CRI - Indice de rendu des couleurs<\/dt>\n<dd class=\"value\">85<\/dd>\n<dt class=\"name\"><img loading=\"lazy\" decoding=\"async\" src=\"https:\/\/www.factorled.com\/modules\/oa_features\/img\/25-default.jpg\" width=\"32\" height=\"32\">&nbsp;Mat\u00e9riaux de construction<\/dt>\n<dd class=\"value\">PC<\/dd>\n<dt class=\"name\"><img loading=\"lazy\" decoding=\"async\" src=\"https:\/\/www.factorled.com\/modules\/oa_features\/img\/9-default.jpg\" width=\"32\" height=\"32\">&nbsp;Type de LED<\/dt>\n<dd class=\"value\">SMD 2835 OSRAM CHIP<\/dd>\n<dt class=\"name\"><img loading=\"lazy\" decoding=\"async\" src=\"https:\/\/www.factorled.com\/modules\/oa_features\/img\/10-default.jpg\" width=\"32\" height=\"32\">&nbsp;Angle d'ouverture (\u00ba)<\/dt>\n<dd class=\"value\">120\u00ba<\/dd>\n<dt class=\"name\"><img loading=\"lazy\" decoding=\"async\" src=\"https:\/\/www.factorled.com\/modules\/oa_features\/img\/12-default.jpg\" width=\"32\" height=\"32\">&nbsp;Efficacit\u00e9 de la diode LED (Lm\/W)<\/dt>\n<dd class=\"value\">160 Lm\/w<\/dd>\n<dt class=\"name\"><img loading=\"lazy\" decoding=\"async\" src=\"https:\/\/www.factorled.com\/modules\/oa_features\/img\/13-default.jpg\" width=\"32\" height=\"32\">&nbsp;Efficacit\u00e9 lumineuse (Lm\/W)<\/dt>\n<dd class=\"value\">140 Lm\/W<\/dd>\n<dt class=\"name\"><img loading=\"lazy\" decoding=\"async\" src=\"https:\/\/www.factorled.com\/modules\/oa_features\/img\/15-default.jpg\" width=\"32\" height=\"32\">&nbsp;Certificats<\/dt>\n<dd class=\"value\">CE - ROHS<\/dd>\n<dt class=\"name\"><img loading=\"lazy\" decoding=\"async\" src=\"https:\/\/www.factorled.com\/modules\/oa_features\/img\/16-default.jpg\" width=\"32\" height=\"32\">&nbsp;Indice IP<\/dt>\n<dd class=\"value\">IP40<\/dd>\n<dt class=\"name\"><img loading=\"lazy\" decoding=\"async\" src=\"https:\/\/www.factorled.com\/modules\/oa_features\/img\/17-default.jpg\" width=\"32\" height=\"32\">&nbsp;Dur\u00e9e de vie estim\u00e9e Diode LED (H)<\/dt>\n<dd class=\"value\">40.000<\/dd>\n<dt class=\"name\"><img loading=\"lazy\" decoding=\"async\" src=\"https:\/\/www.factorled.com\/modules\/oa_features\/img\/18-default.jpg\" width=\"32\" height=\"32\">&nbsp;Mesures (Mm)<\/dt>\n<dd class=\"value\">\u00d8270mm x H40mm<\/dd>\n<dt class=\"name\"><img loading=\"lazy\" decoding=\"async\" src=\"https:\/\/www.factorled.com\/modules\/oa_features\/img\/18-default.jpg\" width=\"32\" height=\"32\">&nbsp;Mesures (Mm)<\/dt>\n<dd class=\"value\">Int : \u00d8225mm<\/dd>\n<dt class=\"name\"><img loading=\"lazy\" decoding=\"async\" src=\"https:\/\/www.factorled.com\/modules\/oa_features\/img\/21-default.jpg\" width=\"32\" height=\"32\">&nbsp;Fr\u00e9quence de travail (Hz)<\/dt>\n<dd class=\"value\">50\/60Hz<\/dd>\n<dt class=\"name\"><img loading=\"lazy\" decoding=\"async\" src=\"https:\/\/www.factorled.com\/modules\/oa_features\/img\/72-default.jpg\" width=\"32\" height=\"32\">&nbsp;Indice d'\u00e9blouissement (UGR)<\/dt>\n<dd class=\"value\">17<\/dd>\n<dt class=\"name\"><img loading=\"lazy\" decoding=\"async\" src=\"https:\/\/www.factorled.com\/modules\/oa_features\/img\/74-default.jpg\" width=\"32\" height=\"32\">&nbsp;Conducteur inclus<\/dt>\n<dd class=\"value\">CONDUCTEUR SANS SCINTILLEMENT - SANS SCINTILLEMENT<\/dd>\n<dt class=\"name\"><img loading=\"lazy\" decoding=\"async\" src=\"https:\/\/www.factorled.com\/modules\/oa_features\/img\/7-default.jpg\" width=\"32\" height=\"32\">&nbsp;Classe \u00e9nerg\u00e9tique (2021-UE-2019\/2015)<\/dt>\n<dd class=\"value\">A+<\/dd>\n<dt class=\"name\"><img loading=\"lazy\" decoding=\"async\" src=\"https:\/\/www.factorled.com\/modules\/oa_features\/img\/101-default.jpg\" width=\"32\" height=\"32\">&nbsp;Classe \u00e9nerg\u00e9tique (2023 - EU-2019\/2015)<\/dt>\n<dd class=\"value\">F<\/dd>\n<dt class=\"name\"><img loading=\"lazy\" decoding=\"async\" src=\"https:\/\/www.factorled.com\/modules\/oa_features\/img\/75-default.jpg\" width=\"32\" height=\"32\">&nbsp;Ann\u00e9es de garantie<\/dt>\n<dd class=\"value\">3<\/dd>\n<\/dl><\/h1>","protected":false},"excerpt":{"rendered":"<div class=\"product-reference\"><strong><label class=\"label\">R\u00e9f\u00e9rence :<\/label> SLIL005-PNOSR24W<\/strong>\n<div><\/div>\n<div class=\"product-description-short\">\n<div id=\"product-description-short-3774\">\n<p>Transformez votre Slim Panel en un plafond apparent \u00e0 haut rendement gr\u00e2ce \u00e0 cet ensemble innovant d'accessoires.&nbsp;<strong>Panneau circulaire LED Slim 24W et anneau de conversion<\/strong>. \u00c9quip\u00e9 de la technologie de pointe&nbsp;<strong>puce OSRAM DURIS E 2835<\/strong>&nbsp;et un faible indice d'\u00e9blouissement&nbsp;<strong>UGR17<\/strong>offre un \u00e9clairage uniforme et de haute qualit\u00e9, id\u00e9al pour les environnements professionnels et domestiques. Cette combinaison permet une installation facile et adaptable, offrant une solution moderne et polyvalente pour optimiser n'importe quel espace.<\/p>\n<p><strong>Temp\u00e9rature de couleur : 3000K\/4000K\/5700K<\/strong><\/p>\n<\/div>\n<\/div><\/div>","protected":false},"featured_media":14926,"template":"","meta":{"site-sidebar-layout":"default","site-content-layout":"default","ast-global-header-display":"","ast-main-header-display":"","ast-hfb-above-header-display":"","ast-hfb-below-header-display":"","ast-hfb-mobile-header-display":"","site-post-title":"","ast-breadcrumbs-content":"","ast-featured-img":"","footer-sml-layout":"","theme-transparent-header-meta":"default","adv-header-id-meta":"","stick-header-meta":"","header-above-stick-meta":"","header-main-stick-meta":"","header-below-stick-meta":""},"product_cat":[27,69],"product_tag":[],"class_list":["post-14921","product","type-product","status-publish","has-post-thumbnail","hentry","product_cat-downlight-plafones-y-placas-led","product_cat-plafones-y-superficie-led"],"yoast_head":"<!-- This site is optimized with the Yoast SEO plugin v27.4 - https:\/\/yoast.com\/product\/yoast-seo-wordpress\/ -->\n<title>Aro Convertidor + Placa Slim LED Circular 24W - UGR17 - OSRAM CHIP DURIS E 2835 - STARLED Iluminacion<\/title>\n<meta name=\"robots\" content=\"index, follow, max-snippet:-1, max-image-preview:large, max-video-preview:-1\" \/>\n<link rel=\"canonical\" href=\"https:\/\/starlediluminacion.com\/fr\/product\/anello-convertitore-piastra-slim-led-piastra-circolare-24w-ugr17-osram-chip-duris-e-2835\/\" \/>\n<meta property=\"og:locale\" content=\"fr_FR\" \/>\n<meta property=\"og:type\" content=\"article\" \/>\n<meta property=\"og:title\" content=\"Aro Convertidor + Placa Slim LED Circular 24W - UGR17 - OSRAM CHIP DURIS E 2835 - STARLED Iluminacion\" \/>\n<meta property=\"og:description\" content=\"Referencia: SLIL005-PNOSR24W      Convierte tu Placa Slim en un plaf\u00f3n de superficie de alta eficiencia con este innovador conjunto de\u00a0Aro Convertidor y Placa Slim LED Circular de 24W. Equipado con el avanzado\u00a0chip OSRAM DURIS E 2835\u00a0y un bajo \u00edndice de deslumbramiento\u00a0UGR17, ofrece una iluminaci\u00f3n uniforme y de alta calidad, ideal para entornos profesionales y dom\u00e9sticos. Esta combinaci\u00f3n permite una instalaci\u00f3n f\u00e1cil y adaptable, proporcionando una soluci\u00f3n moderna y vers\u00e1til para optimizar cualquier espacio.  Temperatura de Color: 3000K\/4000K\/5700K\" \/>\n<meta property=\"og:url\" content=\"https:\/\/starlediluminacion.com\/fr\/product\/anello-convertitore-piastra-slim-led-piastra-circolare-24w-ugr17-osram-chip-duris-e-2835\/\" \/>\n<meta property=\"og:site_name\" content=\"STARLED Iluminacion\" \/>\n<meta property=\"article:modified_time\" content=\"2025-03-16T11:21:06+00:00\" \/>\n<meta property=\"og:image\" content=\"https:\/\/starlediluminacion.com\/wp-content\/uploads\/2025\/01\/aro-convertidor-de-placa-slim-a-plafon-de-superficie-8.jpg\" \/>\n\t<meta property=\"og:image:width\" content=\"744\" \/>\n\t<meta property=\"og:image:height\" content=\"800\" \/>\n\t<meta property=\"og:image:type\" content=\"image\/jpeg\" \/>\n<meta name=\"twitter:card\" content=\"summary_large_image\" \/>\n<meta name=\"twitter:label1\" content=\"Dur\u00e9e de lecture estim\u00e9e\" \/>\n\t<meta name=\"twitter:data1\" content=\"2 minutes\" \/>\n<script type=\"application\/ld+json\" class=\"yoast-schema-graph\">{\"@context\":\"https:\\\/\\\/schema.org\",\"@graph\":[{\"@type\":\"WebPage\",\"@id\":\"https:\\\/\\\/starlediluminacion.com\\\/it\\\/product\\\/anello-convertitore-piastra-slim-led-piastra-circolare-24w-ugr17-osram-chip-duris-e-2835\\\/\",\"url\":\"https:\\\/\\\/starlediluminacion.com\\\/it\\\/product\\\/anello-convertitore-piastra-slim-led-piastra-circolare-24w-ugr17-osram-chip-duris-e-2835\\\/\",\"name\":\"Aro Convertidor + Placa Slim LED Circular 24W - UGR17 - OSRAM CHIP DURIS E 2835 - STARLED Iluminacion\",\"isPartOf\":{\"@id\":\"https:\\\/\\\/starlediluminacion.com\\\/#website\"},\"primaryImageOfPage\":{\"@id\":\"https:\\\/\\\/starlediluminacion.com\\\/it\\\/product\\\/anello-convertitore-piastra-slim-led-piastra-circolare-24w-ugr17-osram-chip-duris-e-2835\\\/#primaryimage\"},\"image\":{\"@id\":\"https:\\\/\\\/starlediluminacion.com\\\/it\\\/product\\\/anello-convertitore-piastra-slim-led-piastra-circolare-24w-ugr17-osram-chip-duris-e-2835\\\/#primaryimage\"},\"thumbnailUrl\":\"https:\\\/\\\/starlediluminacion.com\\\/wp-content\\\/uploads\\\/2025\\\/01\\\/aro-convertidor-de-placa-slim-a-plafon-de-superficie-8.jpg\",\"datePublished\":\"2025-01-05T15:22:55+00:00\",\"dateModified\":\"2025-03-16T11:21:06+00:00\",\"breadcrumb\":{\"@id\":\"https:\\\/\\\/starlediluminacion.com\\\/it\\\/product\\\/anello-convertitore-piastra-slim-led-piastra-circolare-24w-ugr17-osram-chip-duris-e-2835\\\/#breadcrumb\"},\"inLanguage\":\"fr-FR\",\"potentialAction\":[{\"@type\":\"ReadAction\",\"target\":[\"https:\\\/\\\/starlediluminacion.com\\\/it\\\/product\\\/anello-convertitore-piastra-slim-led-piastra-circolare-24w-ugr17-osram-chip-duris-e-2835\\\/\"]}]},{\"@type\":\"ImageObject\",\"inLanguage\":\"fr-FR\",\"@id\":\"https:\\\/\\\/starlediluminacion.com\\\/it\\\/product\\\/anello-convertitore-piastra-slim-led-piastra-circolare-24w-ugr17-osram-chip-duris-e-2835\\\/#primaryimage\",\"url\":\"https:\\\/\\\/starlediluminacion.com\\\/wp-content\\\/uploads\\\/2025\\\/01\\\/aro-convertidor-de-placa-slim-a-plafon-de-superficie-8.jpg\",\"contentUrl\":\"https:\\\/\\\/starlediluminacion.com\\\/wp-content\\\/uploads\\\/2025\\\/01\\\/aro-convertidor-de-placa-slim-a-plafon-de-superficie-8.jpg\",\"width\":744,\"height\":800},{\"@type\":\"BreadcrumbList\",\"@id\":\"https:\\\/\\\/starlediluminacion.com\\\/it\\\/product\\\/anello-convertitore-piastra-slim-led-piastra-circolare-24w-ugr17-osram-chip-duris-e-2835\\\/#breadcrumb\",\"itemListElement\":[{\"@type\":\"ListItem\",\"position\":1,\"name\":\"Portada\",\"item\":\"https:\\\/\\\/starlediluminacion.com\\\/\"},{\"@type\":\"ListItem\",\"position\":2,\"name\":\"Shop\",\"item\":\"https:\\\/\\\/starlediluminacion.com\\\/shop-2\\\/\"},{\"@type\":\"ListItem\",\"position\":3,\"name\":\"Aro Convertidor + Placa Slim LED Circular 24W &#8211; UGR17 &#8211; OSRAM CHIP DURIS E 2835\"}]},{\"@type\":\"WebSite\",\"@id\":\"https:\\\/\\\/starlediluminacion.com\\\/#website\",\"url\":\"https:\\\/\\\/starlediluminacion.com\\\/\",\"name\":\"STARLED Iluminacion\",\"description\":\"\",\"potentialAction\":[{\"@type\":\"SearchAction\",\"target\":{\"@type\":\"EntryPoint\",\"urlTemplate\":\"https:\\\/\\\/starlediluminacion.com\\\/?s={search_term_string}\"},\"query-input\":{\"@type\":\"PropertyValueSpecification\",\"valueRequired\":true,\"valueName\":\"search_term_string\"}}],\"inLanguage\":\"fr-FR\"}]}<\/script>\n<!-- \/ Yoast SEO plugin. -->","yoast_head_json":{"title":"Aro Convertidor + Placa Slim LED Circular 24W - UGR17 - OSRAM CHIP DURIS E 2835 - STARLED Iluminacion","robots":{"index":"index","follow":"follow","max-snippet":"max-snippet:-1","max-image-preview":"max-image-preview:large","max-video-preview":"max-video-preview:-1"},"canonical":"https:\/\/starlediluminacion.com\/fr\/product\/anello-convertitore-piastra-slim-led-piastra-circolare-24w-ugr17-osram-chip-duris-e-2835\/","og_locale":"fr_FR","og_type":"article","og_title":"Aro Convertidor + Placa Slim LED Circular 24W - UGR17 - OSRAM CHIP DURIS E 2835 - STARLED Iluminacion","og_description":"Referencia: SLIL005-PNOSR24W      Convierte tu Placa Slim en un plaf\u00f3n de superficie de alta eficiencia con este innovador conjunto de\u00a0Aro Convertidor y Placa Slim LED Circular de 24W. Equipado con el avanzado\u00a0chip OSRAM DURIS E 2835\u00a0y un bajo \u00edndice de deslumbramiento\u00a0UGR17, ofrece una iluminaci\u00f3n uniforme y de alta calidad, ideal para entornos profesionales y dom\u00e9sticos. Esta combinaci\u00f3n permite una instalaci\u00f3n f\u00e1cil y adaptable, proporcionando una soluci\u00f3n moderna y vers\u00e1til para optimizar cualquier espacio.  Temperatura de Color: 3000K\/4000K\/5700K","og_url":"https:\/\/starlediluminacion.com\/fr\/product\/anello-convertitore-piastra-slim-led-piastra-circolare-24w-ugr17-osram-chip-duris-e-2835\/","og_site_name":"STARLED Iluminacion","article_modified_time":"2025-03-16T11:21:06+00:00","og_image":[{"width":744,"height":800,"url":"https:\/\/starlediluminacion.com\/wp-content\/uploads\/2025\/01\/aro-convertidor-de-placa-slim-a-plafon-de-superficie-8.jpg","type":"image\/jpeg"}],"twitter_card":"summary_large_image","twitter_misc":{"Dur\u00e9e de lecture estim\u00e9e":"2 minutes"},"schema":{"@context":"https:\/\/schema.org","@graph":[{"@type":"WebPage","@id":"https:\/\/starlediluminacion.com\/it\/product\/anello-convertitore-piastra-slim-led-piastra-circolare-24w-ugr17-osram-chip-duris-e-2835\/","url":"https:\/\/starlediluminacion.com\/it\/product\/anello-convertitore-piastra-slim-led-piastra-circolare-24w-ugr17-osram-chip-duris-e-2835\/","name":"Aro Convertidor + Placa Slim LED Circular 24W - UGR17 - OSRAM CHIP DURIS E 2835 - STARLED Iluminacion","isPartOf":{"@id":"https:\/\/starlediluminacion.com\/#website"},"primaryImageOfPage":{"@id":"https:\/\/starlediluminacion.com\/it\/product\/anello-convertitore-piastra-slim-led-piastra-circolare-24w-ugr17-osram-chip-duris-e-2835\/#primaryimage"},"image":{"@id":"https:\/\/starlediluminacion.com\/it\/product\/anello-convertitore-piastra-slim-led-piastra-circolare-24w-ugr17-osram-chip-duris-e-2835\/#primaryimage"},"thumbnailUrl":"https:\/\/starlediluminacion.com\/wp-content\/uploads\/2025\/01\/aro-convertidor-de-placa-slim-a-plafon-de-superficie-8.jpg","datePublished":"2025-01-05T15:22:55+00:00","dateModified":"2025-03-16T11:21:06+00:00","breadcrumb":{"@id":"https:\/\/starlediluminacion.com\/it\/product\/anello-convertitore-piastra-slim-led-piastra-circolare-24w-ugr17-osram-chip-duris-e-2835\/#breadcrumb"},"inLanguage":"fr-FR","potentialAction":[{"@type":"ReadAction","target":["https:\/\/starlediluminacion.com\/it\/product\/anello-convertitore-piastra-slim-led-piastra-circolare-24w-ugr17-osram-chip-duris-e-2835\/"]}]},{"@type":"ImageObject","inLanguage":"fr-FR","@id":"https:\/\/starlediluminacion.com\/it\/product\/anello-convertitore-piastra-slim-led-piastra-circolare-24w-ugr17-osram-chip-duris-e-2835\/#primaryimage","url":"https:\/\/starlediluminacion.com\/wp-content\/uploads\/2025\/01\/aro-convertidor-de-placa-slim-a-plafon-de-superficie-8.jpg","contentUrl":"https:\/\/starlediluminacion.com\/wp-content\/uploads\/2025\/01\/aro-convertidor-de-placa-slim-a-plafon-de-superficie-8.jpg","width":744,"height":800},{"@type":"BreadcrumbList","@id":"https:\/\/starlediluminacion.com\/it\/product\/anello-convertitore-piastra-slim-led-piastra-circolare-24w-ugr17-osram-chip-duris-e-2835\/#breadcrumb","itemListElement":[{"@type":"ListItem","position":1,"name":"Portada","item":"https:\/\/starlediluminacion.com\/"},{"@type":"ListItem","position":2,"name":"Shop","item":"https:\/\/starlediluminacion.com\/shop-2\/"},{"@type":"ListItem","position":3,"name":"Aro Convertidor + Placa Slim LED Circular 24W &#8211; UGR17 &#8211; OSRAM CHIP DURIS E 2835"}]},{"@type":"WebSite","@id":"https:\/\/starlediluminacion.com\/#website","url":"https:\/\/starlediluminacion.com\/","name":"STARLED Iluminacion","description":"","potentialAction":[{"@type":"SearchAction","target":{"@type":"EntryPoint","urlTemplate":"https:\/\/starlediluminacion.com\/?s={search_term_string}"},"query-input":{"@type":"PropertyValueSpecification","valueRequired":true,"valueName":"search_term_string"}}],"inLanguage":"fr-FR"}]}},"_links":{"self":[{"href":"https:\/\/starlediluminacion.com\/fr\/wp-json\/wp\/v3\/product\/14921","targetHints":{"allow":["GET"]}}],"collection":[{"href":"https:\/\/starlediluminacion.com\/fr\/wp-json\/wp\/v3\/product"}],"about":[{"href":"https:\/\/starlediluminacion.com\/fr\/wp-json\/wp\/v2\/types\/product"}],"wp:featuredmedia":[{"embeddable":true,"href":"https:\/\/starlediluminacion.com\/fr\/wp-json\/wp\/v2\/media\/14926"}],"wp:attachment":[{"href":"https:\/\/starlediluminacion.com\/fr\/wp-json\/wp\/v2\/media?parent=14921"}],"wp:term":[{"taxonomy":"product_cat","embeddable":true,"href":"https:\/\/starlediluminacion.com\/fr\/wp-json\/wp\/v2\/product_cat?post=14921"},{"taxonomy":"product_tag","embeddable":true,"href":"https:\/\/starlediluminacion.com\/fr\/wp-json\/wp\/v2\/product_tag?post=14921"}],"curies":[{"name":"wp","href":"https:\/\/api.w.org\/{rel}","templated":true}]}}