{"id":14727,"date":"2024-10-27T09:42:48","date_gmt":"2024-10-27T09:42:48","guid":{"rendered":"https:\/\/starlediluminacion.com\/?post_type=product&#038;p=14727"},"modified":"2025-03-16T11:18:27","modified_gmt":"2025-03-16T11:18:27","slug":"moldura-rodapie-de-poliestireno-frontal-para-tira-led-2-metros","status":"publish","type":"product","link":"https:\/\/starlediluminacion.com\/fr\/product\/moulage-polystyrene-front-polystyrene-base-moulage-pour-bande-guidee-2-metres\/","title":{"rendered":"<p>Plinthe en polystyr\u00e8ne - Avant - pour bande LED - 2 m\u00e8tres<\/p>"},"content":{"rendered":"<h1>Moulage en polystyr\u00e8ne - pour bande LED - 2 m\u00e8tres<p>Les&nbsp;<strong>Moulage du polystyr\u00e8ne<\/strong>&nbsp;est sp\u00e9cialement con\u00e7u pour int\u00e9grer des profils en aluminium avec des bandes LED, offrant une solution d\u00e9corative qui transforme n'importe quel espace au moyen d'un syst\u00e8me d'\u00e9clairage \u00e0 LED.&nbsp;<strong>l'\u00e9clairage indirect et d\u00e9coratif<\/strong>. Ce produit vous permet de cr\u00e9er&nbsp;<strong>des effets spectaculaires<\/strong>&nbsp;dans la d\u00e9coration int\u00e9rieure, en apportant non seulement de la lumi\u00e8re, mais aussi de l'\u00e9l\u00e9gance et du dynamisme. En int\u00e9grant des profils d'\u00e9clairage \u00e0 l'int\u00e9rieur, cette moulure transforme les plafonds et les murs en v\u00e9ritables \u0153uvres d'art, int\u00e9grant des formes lin\u00e9aires \u00e0 une douce lueur.<\/p><p>Le moulage offre des possibilit\u00e9s cr\u00e9atives infinies, permettant de cr\u00e9er des compositions qui ajoutent de la valeur \u00e0 l'image de l'artiste.&nbsp;<strong>une dimension suppl\u00e9mentaire<\/strong>&nbsp;\u00e0 la d\u00e9coration int\u00e9rieure. Que ce soit dans un salon, une chambre \u00e0 coucher, un restaurant ou un espace commercial, l'\u00e9clairage indirect fourni par cette moulure ajoute une touche moderne et sophistiqu\u00e9e \u00e0 tout environnement. Avec un peu de cr\u00e9ativit\u00e9, vous pouvez transformer les espaces les plus simples en environnements accueillants et visuellement \u00e9tonnants.<\/p><p>Afin d'assurer une&nbsp;<strong>dissipation de la chaleur<\/strong>Il est recommand\u00e9 de l'installer avec un profil\u00e9 en aluminium. Cela permet non seulement d'am\u00e9liorer la durabilit\u00e9 de l'installation, mais aussi de maximiser l'efficacit\u00e9 de la bande LED en maintenant une temp\u00e9rature ad\u00e9quate.<\/p><h3>Caract\u00e9ristiques :<\/h3><ul>\n<li><strong>Mat\u00e9riau<\/strong>Polystyr\u00e8ne extrud\u00e9 haute densit\u00e9 (XPS), connu pour sa structure rigide, thermoplastique et \u00e0 cellules ferm\u00e9es.<\/li>\n<li><strong>R\u00e9sistance m\u00e9canique \u00e9lev\u00e9e<\/strong>L'homog\u00e9n\u00e9it\u00e9 de ses cellules lui conf\u00e8re une remarquable rigidit\u00e9 structurelle, garantissant une grande r\u00e9sistance aux impacts et \u00e0 la pression.<\/li>\n<li><strong>Durabilit\u00e9 exceptionnelle<\/strong>La combinaison d'une r\u00e9sistance m\u00e9canique \u00e9lev\u00e9e et d'une faible absorption d'eau rend le XPS extr\u00eamement durable et fiable dans les environnements int\u00e9rieurs.<\/li>\n<li><strong>L\u00e9ger et robuste<\/strong>Malgr\u00e9 sa robustesse, le mat\u00e9riau est facile \u00e0 manipuler et \u00e0 installer.<\/li>\n<li><strong>Finition personnalisable<\/strong>Peut \u00eatre peint avec diff\u00e9rents types de peintures, telles que les peintures \u00e0 base de nitro, les peintures acryliques ou les peintures \u00e0 base d'eau, ce qui permet de personnaliser la moulure en fonction des besoins d\u00e9coratifs de l'espace.<\/li>\n<li><strong>\u00c9cologique<\/strong>Sans solvant ni CFC, ce qui en fait un produit respectueux de l'environnement.<\/li>\n<li><strong>Couleur originale<\/strong>La moulure est livr\u00e9e dans sa couleur d'origine, ce qui permet de la personnaliser compl\u00e8tement au go\u00fbt de l'utilisateur.<\/li>\n<\/ul><p><strong>Note<\/strong>: Le&nbsp;<strong>moulage<\/strong>&nbsp;est livr\u00e9 sans la bande LED et les accessoires, il comprend uniquement le produit principal pr\u00eat \u00e0 \u00eatre personnalis\u00e9 et install\u00e9.<\/p><p>Gr\u00e2ce \u00e0 ce moulage en polystyr\u00e8ne de haute qualit\u00e9, vous pouvez cr\u00e9er des environnements uniques et sur mesure qui apportent une touche de design moderne et \u00e9l\u00e9gant \u00e0 n'importe quel espace.<\/p><h3>Ce produit s'adapte \u00e0 une grande vari\u00e9t\u00e9 d'environnements, combinant design et fonctionnalit\u00e9 pour am\u00e9liorer l'exp\u00e9rience visuelle de tout espace int\u00e9rieur.<\/h3><div class=\"flex max-w-full flex-col flex-grow\">\n<div class=\"min-h-8 text-message flex w-full flex-col items-end gap-2 whitespace-normal break-words [.text-message+&amp;]:mt-5\">\n<div class=\"flex w-full flex-col gap-1 empty:hidden first:pt-[3px]\">\n<div class=\"markdown prose w-full break-words dark:prose-invert light\">\n<ul>\n<li><strong>H\u00f4tels<\/strong>Parfait pour cr\u00e9er des atmosph\u00e8res chaleureuses et \u00e9l\u00e9gantes dans les espaces communs, les couloirs, les r\u00e9ceptions ou les chambres, en apportant une touche moderne et sophistiqu\u00e9e gr\u00e2ce \u00e0 l'\u00e9clairage indirect.<\/li>\n<li><strong>Biblioth\u00e8ques<\/strong>Fournit un \u00e9clairage doux et d\u00e9coratif qui am\u00e9liore l'atmosph\u00e8re de lecture sans \u00eatre intrusif, id\u00e9al pour mettre en valeur des zones sp\u00e9cifiques telles que les \u00e9tag\u00e8res ou les coins de lecture.<\/li>\n<li><strong>Barres<\/strong>Les effets de lumi\u00e8re indirecte cr\u00e9ent une atmosph\u00e8re chaleureuse et dynamique, cr\u00e9ant des espaces intimes et attrayants pour les clients.<\/li>\n<li><strong>Accueil<\/strong>Id\u00e9al pour d\u00e9corer les plafonds, les murs ou n'importe quel espace de la maison, en transformant les salons, les chambres ou les salles \u00e0 manger en atmosph\u00e8res plus accueillantes et personnalis\u00e9es.<\/li>\n<li><strong>Magasins<\/strong>Excellent pour mettre en valeur les produits ou les zones cl\u00e9s dans les magasins et les vitrines, en fournissant un \u00e9clairage esth\u00e9tique qui am\u00e9liore la pr\u00e9sentation des produits.<\/li>\n<li><strong>Restaurants<\/strong>L'\u00e9clairage peut \u00eatre ajust\u00e9 en fonction de l'occasion, apportant \u00e9l\u00e9gance et chaleur \u00e0 la salle \u00e0 manger ou au salon gr\u00e2ce \u00e0 un \u00e9clairage d\u00e9coratif efficace.<\/li>\n<\/ul>\n<h3 class=\"h6\">Fiche technique du produit<\/h3>\n<dl class=\"data-sheet\">\n<dt class=\"name\"><img loading=\"lazy\" decoding=\"async\" src=\"https:\/\/www.factorled.com\/modules\/oa_features\/img\/2-default.jpg\" width=\"32\" height=\"32\">&nbsp;R\u00c9F\u00c9RENCE<\/dt>\n<dd class=\"value\">PM-10140<\/dd>\n<dt class=\"name\"><img loading=\"lazy\" decoding=\"async\" src=\"https:\/\/www.factorled.com\/modules\/oa_features\/img\/25-default.jpg\" width=\"32\" height=\"32\">&nbsp;Mat\u00e9riaux de construction<\/dt>\n<dd class=\"value\">Polystyr\u00e8ne extrud\u00e9<\/dd>\n<dt class=\"name\"><img loading=\"lazy\" decoding=\"async\" src=\"https:\/\/www.factorled.com\/modules\/oa_features\/img\/15-default.jpg\" width=\"32\" height=\"32\">&nbsp;Certificats<\/dt>\n<dd class=\"value\">CE - ROHS<\/dd>\n<dt class=\"name\"><img loading=\"lazy\" decoding=\"async\" src=\"https:\/\/www.factorled.com\/modules\/oa_features\/img\/18-default.jpg\" width=\"32\" height=\"32\">&nbsp;Dimensions (mm)<\/dt>\n<dd class=\"value\">2000x120x18mm<\/dd>\n<dt class=\"name\"><img loading=\"lazy\" decoding=\"async\" src=\"https:\/\/www.factorled.com\/modules\/oa_features\/img\/75-default.jpg\" width=\"32\" height=\"32\">&nbsp;Ann\u00e9es de garantie<\/dt>\n<dd class=\"value\">3<\/dd>\n<\/dl>\n<\/div>\n<\/div>\n<\/div>\n<\/div><\/h1>","protected":false},"excerpt":{"rendered":"<div class=\"product-reference\"><strong><label class=\"label\">R\u00e9f\u00e9rence :<\/label> SLLPM-10140<\/strong>\n<div><\/div>\n<div class=\"product-description-short\">\n<div id=\"product-description-short-3756\">\n<p>D\u00e9couvrez les&nbsp;<strong>Moulage en polystyr\u00e8ne pour bande LED 2m<\/strong>une solution d\u00e9corative de haute qualit\u00e9 qui transforme tout espace gr\u00e2ce \u00e0 un \u00e9clairage indirect et diffus. Fabriqu\u00e9 en polystyr\u00e8ne extrud\u00e9, il est r\u00e9sistant aux chocs et \u00e0 l'eau, ce qui le rend id\u00e9al pour les plinthes et les moulures de plafond. Sa conception permet une installation rapide et facile, tout en \u00e9tant l\u00e9ger et d\u00e9coup\u00e9 pour s'adapter \u00e0 n'importe quelle taille. Parfait pour cr\u00e9er des effets d\u00e9coratifs et lumineux spectaculaires, il est \u00e9galement facile \u00e0 peindre, ce qui garantit une finition personnalis\u00e9e et \u00e9l\u00e9gante.<\/p>\n<p><em>Bande LED et accessoires non inclus.<\/em><\/p>\n<\/div>\n<\/div><\/div>","protected":false},"featured_media":14730,"template":"","meta":{"site-sidebar-layout":"default","site-content-layout":"default","ast-global-header-display":"","ast-main-header-display":"","ast-hfb-above-header-display":"","ast-hfb-below-header-display":"","ast-hfb-mobile-header-display":"","site-post-title":"","ast-breadcrumbs-content":"","ast-featured-img":"","footer-sml-layout":"","theme-transparent-header-meta":"default","adv-header-id-meta":"","stick-header-meta":"","header-above-stick-meta":"","header-main-stick-meta":"","header-below-stick-meta":""},"product_cat":[92,45],"product_tag":[],"class_list":["post-14727","product","type-product","status-publish","has-post-thumbnail","hentry","product_cat-accesorios-tiras-led","product_cat-tiras-led-y-neon-flexible"],"_links":{"self":[{"href":"https:\/\/starlediluminacion.com\/fr\/wp-json\/wp\/v3\/product\/14727","targetHints":{"allow":["GET"]}}],"collection":[{"href":"https:\/\/starlediluminacion.com\/fr\/wp-json\/wp\/v3\/product"}],"about":[{"href":"https:\/\/starlediluminacion.com\/fr\/wp-json\/wp\/v2\/types\/product"}],"wp:featuredmedia":[{"embeddable":true,"href":"https:\/\/starlediluminacion.com\/fr\/wp-json\/wp\/v2\/media\/14730"}],"wp:attachment":[{"href":"https:\/\/starlediluminacion.com\/fr\/wp-json\/wp\/v2\/media?parent=14727"}],"wp:term":[{"taxonomy":"product_cat","embeddable":true,"href":"https:\/\/starlediluminacion.com\/fr\/wp-json\/wp\/v2\/product_cat?post=14727"},{"taxonomy":"product_tag","embeddable":true,"href":"https:\/\/starlediluminacion.com\/fr\/wp-json\/wp\/v2\/product_tag?post=14727"}],"curies":[{"name":"wp","href":"https:\/\/api.w.org\/{rel}","templated":true}]}}