{"id":14411,"date":"2024-10-20T15:15:00","date_gmt":"2024-10-20T15:15:00","guid":{"rendered":"https:\/\/starlediluminacion.com\/?post_type=product&#038;p=14411"},"modified":"2025-01-05T14:57:23","modified_gmt":"2025-01-05T14:57:23","slug":"marco-cuadruple-inclinable-serie-oculus-gu10-mr16-exterior-blanco","status":"publish","type":"product","link":"https:\/\/starlediluminacion.com\/fr\/product\/cadre-quadruple-tilt-cadre-oculus-series-gu10-mr16-outside-white\/","title":{"rendered":"<p>Cadre inclinable quadruple - S\u00e9rie Oculus - GU10-MR16 - Ext\u00e9rieur blanc<\/p>"},"content":{"rendered":"<h1><span>Cadre inclinable quadruple - S\u00e9rie Oculus - GU10-MR16 - Ext\u00e9rieur blanc<\/span><p><span>Le cadre inclinable Oculus pour lampes GU10-MR16 est le choix id\u00e9al pour ceux qui souhaitent combiner design, fonctionnalit\u00e9 et personnalisation de leur syst\u00e8me d'\u00e9clairage. Son design minimaliste et \u00e9l\u00e9gant le rend id\u00e9al pour cr\u00e9er des environnements sophistiqu\u00e9s et modernes dans n'importe quel espace.<\/span><\/p><p><strong><span>Caract\u00e9ristiques et personnalisation :<\/span><\/strong><span>&nbsp;Ce cadre inclinable GU10 vous permet de personnaliser la couleur des anneaux int\u00e9rieurs, disponibles en blanc, noir, argent, or ou noir mat, ce qui facilite l'adaptation de l'\u00e9clairage \u00e0 votre style et \u00e0 vos besoins. Cette flexibilit\u00e9 en fait un excellent choix pour les projets r\u00e9sidentiels et commerciaux, ajoutant une touche de luxe et d'exclusivit\u00e9. Son design raffin\u00e9 garantit une finition impeccable et professionnelle sans compromis sur l'esth\u00e9tique.<\/span><\/p><p><strong><span>Fonctionnalit\u00e9 et polyvalence :<\/span><\/strong><span>&nbsp;Au-del\u00e0 de son apparence, ce cadre se distingue par sa grande fonctionnalit\u00e9, qui permet d'ajuster l'angle du faisceau lumineux en fonction des besoins de l'espace. Cette fonction d'inclinaison est id\u00e9ale pour concentrer l'\u00e9clairage sur des zones sp\u00e9cifiques ou pour cr\u00e9er des effets de lumi\u00e8re plus doux et plus \u00e9quilibr\u00e9s.<\/span><\/p><p><strong><span>Installation rapide et facile :<\/span><\/strong><br>\n<span>Le cadre est con\u00e7u pour \u00eatre encastr\u00e9, ce qui lui conf\u00e8re un aspect discret au plafond. Il suffit de d\u00e9couper la surface pour mettre le cadre en place. Ce processus est rapide et facile, ce qui en fait un excellent choix pour les installateurs professionnels et les bricoleurs.<\/span><\/p><p><strong><span>Applications et utilisations :<\/span><\/strong><br>\n<span>Ce cadre est tr\u00e8s polyvalent et trouve des applications dans les environnements r\u00e9sidentiels et commerciaux. Parmi les principaux espaces o\u00f9 il est utilis\u00e9, on peut citer<\/span><\/p><ul>\n<li><span>Cuisines et plans de travail : Id\u00e9al pour \u00e9clairer les espaces de travail, en fournissant une lumi\u00e8re directe et brillante sur les surfaces.<\/span><\/li>\n<li><span>Comptoirs de bar ou de restaurant : parfaits pour cr\u00e9er un \u00e9clairage cibl\u00e9 afin de mettre en valeur la zone de service \u00e0 la client\u00e8le ou de cr\u00e9er une atmosph\u00e8re accueillante.<\/span><\/li>\n<li><span>Couloirs et passages : fournit un \u00e9clairage \u00e9l\u00e9gant et fonctionnel dans les passages, en aidant \u00e0 guider le flux de personnes.<\/span><\/li>\n<li><span>Salons et espaces communs : ajoute une touche de style \u00e0 l'\u00e9clairage g\u00e9n\u00e9ral, permettant de mettre en valeur des zones sp\u00e9cifiques telles que les tables ou les espaces de r\u00e9union.<\/span><\/li>\n<li><span>Bureaux et espaces commerciaux : utilis\u00e9s pour \u00e9clairer les espaces de travail ou mettre en valeur les produits dans les vitrines, en cr\u00e9ant un \u00e9clairage qui allie praticit\u00e9 et style.<\/span><\/li>\n<\/ul><p><span>Lampe GU10 non incluse.<\/span><\/p><h3 class=\"h6\"><span>Fiche technique<\/span><\/h3><dl class=\"data-sheet\">\n<dt class=\"name\"><img loading=\"lazy\" decoding=\"async\" src=\"https:\/\/www.factorled.com\/modules\/oa_features\/img\/2-default.jpg\" width=\"32\" height=\"32\"><span>R\u00c9F\u00c9RENCE<\/span><\/dt>\n<dd class=\"value\"><span>HSSW4<\/span><\/dd>\n<dt class=\"name\"><img loading=\"lazy\" decoding=\"async\" src=\"https:\/\/www.factorled.com\/modules\/oa_features\/img\/25-default.jpg\" width=\"32\" height=\"32\"><span>Mat\u00e9riaux de construction<\/span><\/dt>\n<dd class=\"value\"><span>Acier + PC<\/span><\/dd>\n<dt class=\"name\"><img loading=\"lazy\" decoding=\"async\" src=\"https:\/\/www.factorled.com\/modules\/oa_features\/img\/15-default.jpg\" width=\"32\" height=\"32\"><span>Certifications<\/span><\/dt>\n<dd class=\"value\"><span>Certification CE, CMIM, RoHS<\/span><\/dd>\n<dt class=\"name\"><img loading=\"lazy\" decoding=\"async\" src=\"https:\/\/www.factorled.com\/modules\/oa_features\/img\/16-default.jpg\" width=\"32\" height=\"32\"><span>Propri\u00e9t\u00e9 intellectuelle<\/span><\/dt>\n<dd class=\"value\"><span>IP20<\/span><\/dd>\n<dt class=\"name\"><img loading=\"lazy\" decoding=\"async\" src=\"https:\/\/www.factorled.com\/modules\/oa_features\/img\/18-default.jpg\" width=\"32\" height=\"32\"><span>Dimensions (mm)<\/span><\/dt>\n<dd class=\"value\"><span>168 x 168 x 50 millim\u00e8tres<\/span><\/dd>\n<dt class=\"name\"><img loading=\"lazy\" decoding=\"async\" src=\"https:\/\/www.factorled.com\/modules\/oa_features\/img\/27-default.jpg\" width=\"32\" height=\"32\"><span>Taille de la coupe (mm)<\/span><\/dt>\n<dd class=\"value\"><span>154 x 154 millim\u00e8tres<\/span><\/dd>\n<dt class=\"name\"><img loading=\"lazy\" decoding=\"async\" src=\"https:\/\/www.factorled.com\/modules\/oa_features\/img\/75-default.jpg\" width=\"32\" height=\"32\"><span>Ann\u00e9es de garantie<\/span><\/dt>\n<dd class=\"value\"><span>3<\/span><\/dd>\n<dt class=\"name\"><img loading=\"lazy\" decoding=\"async\" src=\"https:\/\/www.factorled.com\/modules\/oa_features\/img\/128-default.jpg\" width=\"32\" height=\"32\"><span>Ampoule incluse<\/span><\/dt>\n<dd class=\"value\"><span>Non<\/span><\/dd>\n<\/dl><\/h1>","protected":false},"excerpt":{"rendered":"<p><strong><label class=\"label\">R\u00e9f\u00e9rence :<\/label>&nbsp;HSSW4-92130<\/strong><div class=\"product-description-short\">\n<div id=\"product-description-short-3709\">\n<p><span>Transformez votre \u00e9clairage avec l'Oculus Tilt Frame pour GU10-MR16.&nbsp;<\/span><strong><span>Choisissez votre combinaison en s\u00e9lectionnant la couleur des anneaux int\u00e9rieurs : blanc, noir, argent, or ou noir mat.<\/span><\/strong><span>&nbsp;Son design minimaliste et \u00e9l\u00e9gant apporte une touche exclusive et innovante, parfaite pour tout environnement. Il allie style et fonctionnalit\u00e9 pour cr\u00e9er des sc\u00e8nes uniques dans votre maison ou votre entreprise.<\/span><\/p>\n<p><span>Ampoule GU10 NON INCLUSE.<\/span><\/p>\n<\/div>\n<\/div><\/p>","protected":false},"featured_media":14417,"template":"","meta":{"site-sidebar-layout":"default","site-content-layout":"default","ast-global-header-display":"","ast-main-header-display":"","ast-hfb-above-header-display":"","ast-hfb-below-header-display":"","ast-hfb-mobile-header-display":"","site-post-title":"","ast-breadcrumbs-content":"","ast-featured-img":"","footer-sml-layout":"","theme-transparent-header-meta":"default","adv-header-id-meta":"","stick-header-meta":"","header-above-stick-meta":"","header-main-stick-meta":"","header-below-stick-meta":""},"product_cat":[62,23],"product_tag":[],"class_list":["post-14411","product","type-product","status-publish","has-post-thumbnail","hentry","product_cat-accesorios-lamparas-led","product_cat-bombillas-y-lamparas-led"],"_links":{"self":[{"href":"https:\/\/starlediluminacion.com\/fr\/wp-json\/wp\/v3\/product\/14411","targetHints":{"allow":["GET"]}}],"collection":[{"href":"https:\/\/starlediluminacion.com\/fr\/wp-json\/wp\/v3\/product"}],"about":[{"href":"https:\/\/starlediluminacion.com\/fr\/wp-json\/wp\/v2\/types\/product"}],"wp:featuredmedia":[{"embeddable":true,"href":"https:\/\/starlediluminacion.com\/fr\/wp-json\/wp\/v2\/media\/14417"}],"wp:attachment":[{"href":"https:\/\/starlediluminacion.com\/fr\/wp-json\/wp\/v2\/media?parent=14411"}],"wp:term":[{"taxonomy":"product_cat","embeddable":true,"href":"https:\/\/starlediluminacion.com\/fr\/wp-json\/wp\/v2\/product_cat?post=14411"},{"taxonomy":"product_tag","embeddable":true,"href":"https:\/\/starlediluminacion.com\/fr\/wp-json\/wp\/v2\/product_tag?post=14411"}],"curies":[{"name":"wp","href":"https:\/\/api.w.org\/{rel}","templated":true}]}}