{"id":14403,"date":"2024-10-20T15:12:31","date_gmt":"2024-10-20T15:12:31","guid":{"rendered":"https:\/\/starlediluminacion.com\/?post_type=product&#038;p=14403"},"modified":"2025-01-05T14:57:13","modified_gmt":"2025-01-05T14:57:13","slug":"marco-triple-inclinable-serie-oculus-gu10-mr16-exterior-negro","status":"publish","type":"product","link":"https:\/\/starlediluminacion.com\/fr\/product\/marco-triple-inclinable-serie-oculus-gu10-mr16-exterior-negro\/","title":{"rendered":"<p>Marco triple inclinable &ndash; Serie Oculus &ndash; GU10-MR16 &ndash; Exterior negro<\/p>"},"content":{"rendered":"<h1><span>Marco triple inclinable &ndash; Serie Oculus &ndash; GU10-MR16 &ndash; Exterior negro<\/span><p><span>El Marco Inclinable de Lujo para l&aacute;mparas GU10-MR16 es la elecci&oacute;n perfecta para quienes desean fusionar dise&ntilde;o, funcionalidad y personalizaci&oacute;n en su sistema de iluminaci&oacute;n. Su dise&ntilde;o minimalista y elegante lo hace ideal para crear ambientes sofisticados y modernos en cualquier espacio.<\/span><\/p><p><strong><span>Caract\u00e9ristiques et personnalisation :<\/span><\/strong><span>&nbsp;Ce cadre inclinable GU10 vous permet de personnaliser la couleur des anneaux int\u00e9rieurs, disponibles en blanc, noir, argent, or ou noir mat, ce qui facilite l'adaptation de l'\u00e9clairage \u00e0 votre style et \u00e0 vos besoins. Cette flexibilit\u00e9 en fait un excellent choix pour les projets r\u00e9sidentiels et commerciaux, ajoutant une touche de luxe et d'exclusivit\u00e9. Son design raffin\u00e9 garantit une finition impeccable et professionnelle sans compromis sur l'esth\u00e9tique.<\/span><\/p><p><strong><span>Fonctionnalit\u00e9 et polyvalence :<\/span><\/strong><span>&nbsp;Au-del\u00e0 de son apparence, ce cadre se distingue par sa grande fonctionnalit\u00e9, qui permet d'ajuster l'angle du faisceau lumineux en fonction des besoins de l'espace. Cette fonction d'inclinaison est id\u00e9ale pour concentrer l'\u00e9clairage sur des zones sp\u00e9cifiques ou pour cr\u00e9er des effets de lumi\u00e8re plus doux et plus \u00e9quilibr\u00e9s.<\/span><\/p><p><strong><span>Installation rapide et facile :<\/span><\/strong><br>\n<span>Le cadre est con\u00e7u pour \u00eatre encastr\u00e9, ce qui lui conf\u00e8re un aspect discret au plafond. Il suffit de d\u00e9couper la surface pour mettre le cadre en place. Ce processus est rapide et facile, ce qui en fait un excellent choix pour les installateurs professionnels et les bricoleurs.<\/span><\/p><p><strong><span>Applications et utilisations :<\/span><\/strong><br>\n<span>Ce cadre est tr\u00e8s polyvalent et trouve des applications dans les environnements r\u00e9sidentiels et commerciaux. Parmi les principaux espaces o\u00f9 il est utilis\u00e9, on peut citer<\/span><\/p><ul>\n<li><span>Cuisines et plans de travail : Id\u00e9al pour \u00e9clairer les espaces de travail, en fournissant une lumi\u00e8re directe et brillante sur les surfaces.<\/span><\/li>\n<li><span>Comptoirs de bar ou de restaurant : parfaits pour cr\u00e9er un \u00e9clairage cibl\u00e9 afin de mettre en valeur la zone de service \u00e0 la client\u00e8le ou de cr\u00e9er une atmosph\u00e8re accueillante.<\/span><\/li>\n<li><span>Couloirs et passages : fournit un \u00e9clairage \u00e9l\u00e9gant et fonctionnel dans les passages, en aidant \u00e0 guider le flux de personnes.<\/span><\/li>\n<li><span>Salons et espaces communs : ajoute une touche de style \u00e0 l'\u00e9clairage g\u00e9n\u00e9ral, permettant de mettre en valeur des zones sp\u00e9cifiques telles que les tables ou les espaces de r\u00e9union.<\/span><\/li>\n<li><span>Bureaux et espaces commerciaux : utilis\u00e9s pour \u00e9clairer les espaces de travail ou mettre en valeur les produits dans les vitrines, en cr\u00e9ant un \u00e9clairage qui allie praticit\u00e9 et style.<\/span><\/li>\n<\/ul><p><span>Lampe GU10 non incluse.<\/span><\/p><h3 class=\"h6\"><span>Fiche technique<\/span><\/h3><dl class=\"data-sheet\">\n<dt class=\"name\"><img loading=\"lazy\" decoding=\"async\" src=\"https:\/\/www.factorled.com\/modules\/oa_features\/img\/2-default.jpg\" width=\"32\" height=\"32\"><span>R\u00c9F\u00c9RENCE<\/span><\/dt>\n<dd class=\"value\"><span>HSSB3<\/span><\/dd>\n<dt class=\"name\"><img loading=\"lazy\" decoding=\"async\" src=\"https:\/\/www.factorled.com\/modules\/oa_features\/img\/25-default.jpg\" width=\"32\" height=\"32\"><span>Mat\u00e9riaux de construction<\/span><\/dt>\n<dd class=\"value\"><span>Acier + PC<\/span><\/dd>\n<dt class=\"name\"><img loading=\"lazy\" decoding=\"async\" src=\"https:\/\/www.factorled.com\/modules\/oa_features\/img\/15-default.jpg\" width=\"32\" height=\"32\"><span>Certifications<\/span><\/dt>\n<dd class=\"value\"><span>Certification CE, CMIM, RoHS<\/span><\/dd>\n<dt class=\"name\"><img loading=\"lazy\" decoding=\"async\" src=\"https:\/\/www.factorled.com\/modules\/oa_features\/img\/16-default.jpg\" width=\"32\" height=\"32\"><span>Propri\u00e9t\u00e9 intellectuelle<\/span><\/dt>\n<dd class=\"value\"><span>IP20<\/span><\/dd>\n<dt class=\"name\"><img loading=\"lazy\" decoding=\"async\" src=\"https:\/\/www.factorled.com\/modules\/oa_features\/img\/18-default.jpg\" width=\"32\" height=\"32\"><span>Dimensions (mm)<\/span><\/dt>\n<dd class=\"value\"><span>245 x 87 x 50 mil&iacute;metros<\/span><\/dd>\n<dt class=\"name\"><img loading=\"lazy\" decoding=\"async\" src=\"https:\/\/www.factorled.com\/modules\/oa_features\/img\/27-default.jpg\" width=\"32\" height=\"32\"><span>Taille de la coupe (mm)<\/span><\/dt>\n<dd class=\"value\"><span>234 x 75 mil&iacute;metros<\/span><\/dd>\n<dt class=\"name\"><img loading=\"lazy\" decoding=\"async\" src=\"https:\/\/www.factorled.com\/modules\/oa_features\/img\/75-default.jpg\" width=\"32\" height=\"32\"><span>Ann\u00e9es de garantie<\/span><\/dt>\n<dd class=\"value\"><span>3<\/span><\/dd>\n<dt class=\"name\"><img loading=\"lazy\" decoding=\"async\" src=\"https:\/\/www.factorled.com\/modules\/oa_features\/img\/128-default.jpg\" width=\"32\" height=\"32\"><span>Ampoule incluse<\/span><\/dt>\n<dd class=\"value\"><span>Non<\/span><\/dd>\n<\/dl><\/h1>","protected":false},"excerpt":{"rendered":"<div class=\"product-reference\"><strong><label class=\"label\">R\u00e9f\u00e9rence :<\/label>&nbsp;HSSB3-92127<\/strong>\n<div><\/div>\n<div class=\"product-description-short\">\n<div id=\"product-description-short-3708\">\n<p><span>Transformez votre \u00e9clairage avec l'Oculus Tilt Frame pour GU10-MR16.&nbsp;<\/span><strong><span>Choisissez votre combinaison en s\u00e9lectionnant la couleur des anneaux int\u00e9rieurs : blanc, noir, argent, or ou noir mat.<\/span><\/strong><span>&nbsp;Son design minimaliste et \u00e9l\u00e9gant apporte une touche exclusive et innovante, parfaite pour tout environnement. Il allie style et fonctionnalit\u00e9 pour cr\u00e9er des sc\u00e8nes uniques dans votre maison ou votre entreprise.<\/span><\/p>\n<p><span>Ampoule GU10 NON INCLUSE.<\/span><\/p>\n<\/div>\n<\/div><\/div>","protected":false},"featured_media":14407,"template":"","meta":{"site-sidebar-layout":"default","site-content-layout":"default","ast-global-header-display":"","ast-main-header-display":"","ast-hfb-above-header-display":"","ast-hfb-below-header-display":"","ast-hfb-mobile-header-display":"","site-post-title":"","ast-breadcrumbs-content":"","ast-featured-img":"","footer-sml-layout":"","theme-transparent-header-meta":"default","adv-header-id-meta":"","stick-header-meta":"","header-above-stick-meta":"","header-main-stick-meta":"","header-below-stick-meta":""},"product_cat":[62,23],"product_tag":[],"class_list":["post-14403","product","type-product","status-publish","has-post-thumbnail","hentry","product_cat-accesorios-lamparas-led","product_cat-bombillas-y-lamparas-led"],"yoast_head":"<!-- This site is optimized with the Yoast SEO plugin v27.4 - https:\/\/yoast.com\/product\/yoast-seo-wordpress\/ -->\n<title>Marco triple inclinable - Serie Oculus - GU10-MR16 - Exterior negro - STARLED Iluminacion<\/title>\n<meta name=\"robots\" content=\"index, follow, max-snippet:-1, max-image-preview:large, max-video-preview:-1\" \/>\n<link rel=\"canonical\" href=\"https:\/\/starlediluminacion.com\/fr\/product\/marco-triple-inclinable-serie-oculus-gu10-mr16-exterior-negro\/\" \/>\n<meta property=\"og:locale\" content=\"fr_FR\" \/>\n<meta property=\"og:type\" content=\"article\" \/>\n<meta property=\"og:title\" content=\"Marco triple inclinable - Serie Oculus - GU10-MR16 - Exterior negro - STARLED Iluminacion\" \/>\n<meta property=\"og:description\" content=\"Referencia:\u00a0HSSB3-92127      Transforma tu iluminaci\u00f3n con el Marco Inclinable Oculus para GU10-MR16.\u00a0Elige tu combinaci\u00f3n seleccionando el color de los aros interiores: blanco, negro, plata, dorado o negro mate.\u00a0Su dise\u00f1o minimalista y elegante aporta un toque exclusivo y novedoso, perfecto para cualquier ambiente. Combina estilo y funcionalidad para crear escenas \u00fanicas en tu hogar o negocio.  Bombilla GU10 NO INCLUIDA.\" \/>\n<meta property=\"og:url\" content=\"https:\/\/starlediluminacion.com\/fr\/product\/marco-triple-inclinable-serie-oculus-gu10-mr16-exterior-negro\/\" \/>\n<meta property=\"og:site_name\" content=\"STARLED Iluminacion\" \/>\n<meta property=\"article:modified_time\" content=\"2025-01-05T14:57:13+00:00\" \/>\n<meta property=\"og:image\" content=\"https:\/\/starlediluminacion.com\/wp-content\/uploads\/2024\/10\/double-tiltable-frame-luxury-series-gu10-mr16-white-exterior.jpg\" \/>\n\t<meta property=\"og:image:width\" content=\"744\" \/>\n\t<meta property=\"og:image:height\" content=\"800\" \/>\n\t<meta property=\"og:image:type\" content=\"image\/jpeg\" \/>\n<meta name=\"twitter:card\" content=\"summary_large_image\" \/>\n<meta name=\"twitter:label1\" content=\"Dur\u00e9e de lecture estim\u00e9e\" \/>\n\t<meta name=\"twitter:data1\" content=\"2 minutes\" \/>\n<script type=\"application\/ld+json\" class=\"yoast-schema-graph\">{\"@context\":\"https:\\\/\\\/schema.org\",\"@graph\":[{\"@type\":\"WebPage\",\"@id\":\"https:\\\/\\\/starlediluminacion.com\\\/producto\\\/marco-triple-inclinable-serie-oculus-gu10-mr16-exterior-negro\\\/\",\"url\":\"https:\\\/\\\/starlediluminacion.com\\\/producto\\\/marco-triple-inclinable-serie-oculus-gu10-mr16-exterior-negro\\\/\",\"name\":\"Marco triple inclinable - Serie Oculus - GU10-MR16 - Exterior negro - STARLED Iluminacion\",\"isPartOf\":{\"@id\":\"https:\\\/\\\/starlediluminacion.com\\\/#website\"},\"primaryImageOfPage\":{\"@id\":\"https:\\\/\\\/starlediluminacion.com\\\/producto\\\/marco-triple-inclinable-serie-oculus-gu10-mr16-exterior-negro\\\/#primaryimage\"},\"image\":{\"@id\":\"https:\\\/\\\/starlediluminacion.com\\\/producto\\\/marco-triple-inclinable-serie-oculus-gu10-mr16-exterior-negro\\\/#primaryimage\"},\"thumbnailUrl\":\"https:\\\/\\\/starlediluminacion.com\\\/wp-content\\\/uploads\\\/2024\\\/10\\\/double-tiltable-frame-luxury-series-gu10-mr16-white-exterior.jpg\",\"datePublished\":\"2024-10-20T15:12:31+00:00\",\"dateModified\":\"2025-01-05T14:57:13+00:00\",\"breadcrumb\":{\"@id\":\"https:\\\/\\\/starlediluminacion.com\\\/producto\\\/marco-triple-inclinable-serie-oculus-gu10-mr16-exterior-negro\\\/#breadcrumb\"},\"inLanguage\":\"fr-FR\",\"potentialAction\":[{\"@type\":\"ReadAction\",\"target\":[\"https:\\\/\\\/starlediluminacion.com\\\/producto\\\/marco-triple-inclinable-serie-oculus-gu10-mr16-exterior-negro\\\/\"]}]},{\"@type\":\"ImageObject\",\"inLanguage\":\"fr-FR\",\"@id\":\"https:\\\/\\\/starlediluminacion.com\\\/producto\\\/marco-triple-inclinable-serie-oculus-gu10-mr16-exterior-negro\\\/#primaryimage\",\"url\":\"https:\\\/\\\/starlediluminacion.com\\\/wp-content\\\/uploads\\\/2024\\\/10\\\/double-tiltable-frame-luxury-series-gu10-mr16-white-exterior.jpg\",\"contentUrl\":\"https:\\\/\\\/starlediluminacion.com\\\/wp-content\\\/uploads\\\/2024\\\/10\\\/double-tiltable-frame-luxury-series-gu10-mr16-white-exterior.jpg\",\"width\":744,\"height\":800},{\"@type\":\"BreadcrumbList\",\"@id\":\"https:\\\/\\\/starlediluminacion.com\\\/producto\\\/marco-triple-inclinable-serie-oculus-gu10-mr16-exterior-negro\\\/#breadcrumb\",\"itemListElement\":[{\"@type\":\"ListItem\",\"position\":1,\"name\":\"Portada\",\"item\":\"https:\\\/\\\/starlediluminacion.com\\\/\"},{\"@type\":\"ListItem\",\"position\":2,\"name\":\"Shop\",\"item\":\"https:\\\/\\\/starlediluminacion.com\\\/shop-2\\\/\"},{\"@type\":\"ListItem\",\"position\":3,\"name\":\"Marco triple inclinable &#8211; Serie Oculus &#8211; GU10-MR16 &#8211; Exterior negro\"}]},{\"@type\":\"WebSite\",\"@id\":\"https:\\\/\\\/starlediluminacion.com\\\/#website\",\"url\":\"https:\\\/\\\/starlediluminacion.com\\\/\",\"name\":\"STARLED Iluminacion\",\"description\":\"\",\"potentialAction\":[{\"@type\":\"SearchAction\",\"target\":{\"@type\":\"EntryPoint\",\"urlTemplate\":\"https:\\\/\\\/starlediluminacion.com\\\/?s={search_term_string}\"},\"query-input\":{\"@type\":\"PropertyValueSpecification\",\"valueRequired\":true,\"valueName\":\"search_term_string\"}}],\"inLanguage\":\"fr-FR\"}]}<\/script>\n<!-- \/ Yoast SEO plugin. -->","yoast_head_json":{"title":"Marco triple inclinable - Serie Oculus - GU10-MR16 - Exterior negro - STARLED Iluminacion","robots":{"index":"index","follow":"follow","max-snippet":"max-snippet:-1","max-image-preview":"max-image-preview:large","max-video-preview":"max-video-preview:-1"},"canonical":"https:\/\/starlediluminacion.com\/fr\/product\/marco-triple-inclinable-serie-oculus-gu10-mr16-exterior-negro\/","og_locale":"fr_FR","og_type":"article","og_title":"Marco triple inclinable - Serie Oculus - GU10-MR16 - Exterior negro - STARLED Iluminacion","og_description":"Referencia:\u00a0HSSB3-92127      Transforma tu iluminaci\u00f3n con el Marco Inclinable Oculus para GU10-MR16.\u00a0Elige tu combinaci\u00f3n seleccionando el color de los aros interiores: blanco, negro, plata, dorado o negro mate.\u00a0Su dise\u00f1o minimalista y elegante aporta un toque exclusivo y novedoso, perfecto para cualquier ambiente. Combina estilo y funcionalidad para crear escenas \u00fanicas en tu hogar o negocio.  Bombilla GU10 NO INCLUIDA.","og_url":"https:\/\/starlediluminacion.com\/fr\/product\/marco-triple-inclinable-serie-oculus-gu10-mr16-exterior-negro\/","og_site_name":"STARLED Iluminacion","article_modified_time":"2025-01-05T14:57:13+00:00","og_image":[{"width":744,"height":800,"url":"https:\/\/starlediluminacion.com\/wp-content\/uploads\/2024\/10\/double-tiltable-frame-luxury-series-gu10-mr16-white-exterior.jpg","type":"image\/jpeg"}],"twitter_card":"summary_large_image","twitter_misc":{"Dur\u00e9e de lecture estim\u00e9e":"2 minutes"},"schema":{"@context":"https:\/\/schema.org","@graph":[{"@type":"WebPage","@id":"https:\/\/starlediluminacion.com\/producto\/marco-triple-inclinable-serie-oculus-gu10-mr16-exterior-negro\/","url":"https:\/\/starlediluminacion.com\/producto\/marco-triple-inclinable-serie-oculus-gu10-mr16-exterior-negro\/","name":"Marco triple inclinable - Serie Oculus - GU10-MR16 - Exterior negro - STARLED Iluminacion","isPartOf":{"@id":"https:\/\/starlediluminacion.com\/#website"},"primaryImageOfPage":{"@id":"https:\/\/starlediluminacion.com\/producto\/marco-triple-inclinable-serie-oculus-gu10-mr16-exterior-negro\/#primaryimage"},"image":{"@id":"https:\/\/starlediluminacion.com\/producto\/marco-triple-inclinable-serie-oculus-gu10-mr16-exterior-negro\/#primaryimage"},"thumbnailUrl":"https:\/\/starlediluminacion.com\/wp-content\/uploads\/2024\/10\/double-tiltable-frame-luxury-series-gu10-mr16-white-exterior.jpg","datePublished":"2024-10-20T15:12:31+00:00","dateModified":"2025-01-05T14:57:13+00:00","breadcrumb":{"@id":"https:\/\/starlediluminacion.com\/producto\/marco-triple-inclinable-serie-oculus-gu10-mr16-exterior-negro\/#breadcrumb"},"inLanguage":"fr-FR","potentialAction":[{"@type":"ReadAction","target":["https:\/\/starlediluminacion.com\/producto\/marco-triple-inclinable-serie-oculus-gu10-mr16-exterior-negro\/"]}]},{"@type":"ImageObject","inLanguage":"fr-FR","@id":"https:\/\/starlediluminacion.com\/producto\/marco-triple-inclinable-serie-oculus-gu10-mr16-exterior-negro\/#primaryimage","url":"https:\/\/starlediluminacion.com\/wp-content\/uploads\/2024\/10\/double-tiltable-frame-luxury-series-gu10-mr16-white-exterior.jpg","contentUrl":"https:\/\/starlediluminacion.com\/wp-content\/uploads\/2024\/10\/double-tiltable-frame-luxury-series-gu10-mr16-white-exterior.jpg","width":744,"height":800},{"@type":"BreadcrumbList","@id":"https:\/\/starlediluminacion.com\/producto\/marco-triple-inclinable-serie-oculus-gu10-mr16-exterior-negro\/#breadcrumb","itemListElement":[{"@type":"ListItem","position":1,"name":"Portada","item":"https:\/\/starlediluminacion.com\/"},{"@type":"ListItem","position":2,"name":"Shop","item":"https:\/\/starlediluminacion.com\/shop-2\/"},{"@type":"ListItem","position":3,"name":"Marco triple inclinable &#8211; Serie Oculus &#8211; GU10-MR16 &#8211; Exterior negro"}]},{"@type":"WebSite","@id":"https:\/\/starlediluminacion.com\/#website","url":"https:\/\/starlediluminacion.com\/","name":"STARLED Iluminacion","description":"","potentialAction":[{"@type":"SearchAction","target":{"@type":"EntryPoint","urlTemplate":"https:\/\/starlediluminacion.com\/?s={search_term_string}"},"query-input":{"@type":"PropertyValueSpecification","valueRequired":true,"valueName":"search_term_string"}}],"inLanguage":"fr-FR"}]}},"_links":{"self":[{"href":"https:\/\/starlediluminacion.com\/fr\/wp-json\/wp\/v3\/product\/14403","targetHints":{"allow":["GET"]}}],"collection":[{"href":"https:\/\/starlediluminacion.com\/fr\/wp-json\/wp\/v3\/product"}],"about":[{"href":"https:\/\/starlediluminacion.com\/fr\/wp-json\/wp\/v2\/types\/product"}],"wp:featuredmedia":[{"embeddable":true,"href":"https:\/\/starlediluminacion.com\/fr\/wp-json\/wp\/v2\/media\/14407"}],"wp:attachment":[{"href":"https:\/\/starlediluminacion.com\/fr\/wp-json\/wp\/v2\/media?parent=14403"}],"wp:term":[{"taxonomy":"product_cat","embeddable":true,"href":"https:\/\/starlediluminacion.com\/fr\/wp-json\/wp\/v2\/product_cat?post=14403"},{"taxonomy":"product_tag","embeddable":true,"href":"https:\/\/starlediluminacion.com\/fr\/wp-json\/wp\/v2\/product_tag?post=14403"}],"curies":[{"name":"wp","href":"https:\/\/api.w.org\/{rel}","templated":true}]}}