{"id":14373,"date":"2024-10-20T15:05:31","date_gmt":"2024-10-20T15:05:31","guid":{"rendered":"https:\/\/starlediluminacion.com\/?post_type=product&#038;p=14373"},"modified":"2025-01-05T14:54:55","modified_gmt":"2025-01-05T14:54:55","slug":"marco-cuadrado-orientable-serie-oculus-gu10-mr16-exterior-blanco","status":"publish","type":"product","link":"https:\/\/starlediluminacion.com\/fr\/product\/marco-cuadrado-orientable-serie-oculus-gu10-mr16-exterior-blanco\/","title":{"rendered":"<p>Marco cuadrado orientable &ndash; Serie oculus &ndash; GU10-MR16 &ndash; Exterior blanco<\/p>"},"content":{"rendered":"<h1><span>Marco cuadrado orientable &ndash; Serie Oculus &ndash; GU10-MR16 &ndash; Exterior blanco<\/span><p><span>Le cadre inclinable oculus square pour lampes GU10-MR16 est la solution parfaite pour ceux qui cherchent \u00e0 combiner design, fonctionnalit\u00e9 et personnalisation dans leur syst\u00e8me d'\u00e9clairage. Ce cadre se distingue par son design minimaliste et \u00e9l\u00e9gant, id\u00e9al pour cr\u00e9er des atmosph\u00e8res modernes et sophistiqu\u00e9es dans n'importe quel espace.<\/span><\/p><p><strong><span>Caract\u00e9ristiques et personnalisation :<\/span><\/strong><br>\n<span>Cet accessoire vous permet de choisir la couleur de l'anneau int\u00e9rieur parmi le blanc, le noir, l'argent, l'or ou le noir mat, vous offrant ainsi la possibilit\u00e9 d'adapter l'\u00e9clairage \u00e0 votre style et \u00e0 vos besoins sp\u00e9cifiques. Cette souplesse de personnalisation en fait un excellent choix pour les projets r\u00e9sidentiels et commerciaux, ajoutant une touche d'exclusivit\u00e9 et de luxe \u00e0 chaque installation. Son design raffin\u00e9 est parfait pour ceux qui souhaitent une finition propre et professionnelle sans compromis sur l'esth\u00e9tique.<\/span><\/p><p><strong><span>Fonctionnalit\u00e9 et polyvalence :<\/span><\/strong><br>\n<span>Outre l'esth\u00e9tique, le cadre carr\u00e9 basculant est tr\u00e8s fonctionnel, puisqu'il permet d'orienter le faisceau lumineux en fonction des besoins de l'espace. Ce basculement est id\u00e9al pour orienter l'\u00e9clairage vers des points pr\u00e9cis, soit pour mettre en valeur certaines zones, soit pour cr\u00e9er des effets de lumi\u00e8re plus doux et mieux r\u00e9partis. Des anneaux int\u00e9rieurs suppl\u00e9mentaires peuvent \u00eatre achet\u00e9s directement sur notre site Internet pour changer les couleurs selon vos pr\u00e9f\u00e9rences, ce qui vous permet de modifier l'aspect de votre \u00e9clairage quand vous le souhaitez, en cr\u00e9ant des combinaisons uniques qui s'adaptent \u00e0 tous les environnements.<\/span><\/p><p><strong><span>Installation rapide et facile :<\/span><\/strong><br>\n<span>Le cadre est con\u00e7u pour \u00eatre encastr\u00e9, ce qui lui conf\u00e8re un aspect discret au plafond. Il suffit de d\u00e9couper la surface pour mettre le cadre en place. Ce processus est rapide et facile, ce qui en fait un excellent choix pour les installateurs professionnels et les bricoleurs.<\/span><\/p><p><strong><span>Applications et utilisations :<\/span><\/strong><br>\n<span>Ce cadre est tr\u00e8s polyvalent et trouve des applications dans les environnements r\u00e9sidentiels et commerciaux. Parmi les principaux espaces o\u00f9 il est utilis\u00e9, on peut citer<\/span><\/p><ul>\n<li><span>Cuisines et plans de travail : Id\u00e9al pour \u00e9clairer les espaces de travail, en fournissant une lumi\u00e8re directe et brillante sur les surfaces.<\/span><\/li>\n<li><span>Comptoirs de bar ou de restaurant : parfaits pour cr\u00e9er un \u00e9clairage cibl\u00e9 afin de mettre en valeur la zone de service \u00e0 la client\u00e8le ou de cr\u00e9er une atmosph\u00e8re accueillante.<\/span><\/li>\n<li><span>Couloirs et passages : fournit un \u00e9clairage \u00e9l\u00e9gant et fonctionnel dans les passages, en aidant \u00e0 guider le flux de personnes.<\/span><\/li>\n<li><span>Salons et espaces communs : ajoute une touche de style \u00e0 l'\u00e9clairage g\u00e9n\u00e9ral, permettant de mettre en valeur des zones sp\u00e9cifiques telles que les tables ou les espaces de r\u00e9union.<\/span><\/li>\n<li><span>Bureaux et espaces commerciaux : utilis\u00e9s pour \u00e9clairer les espaces de travail ou mettre en valeur les produits dans les vitrines, en cr\u00e9ant un \u00e9clairage qui allie praticit\u00e9 et style.<\/span><\/li>\n<\/ul><p><span>Lampe GU10 non incluse.<\/span><\/p><h3 class=\"h6\"><span>Fiche technique<\/span><\/h3><dl class=\"data-sheet\">\n<dt class=\"name\"><img loading=\"lazy\" decoding=\"async\" src=\"https:\/\/www.factorled.com\/modules\/oa_features\/img\/2-default.jpg\" width=\"32\" height=\"32\"><span>R\u00c9F\u00c9RENCE<\/span><\/dt>\n<dd class=\"value\"><span>HSSW1<\/span><\/dd>\n<dt class=\"name\"><img loading=\"lazy\" decoding=\"async\" src=\"https:\/\/www.factorled.com\/modules\/oa_features\/img\/25-default.jpg\" width=\"32\" height=\"32\"><span>Mat\u00e9riaux de construction<\/span><\/dt>\n<dd class=\"value\"><span>Acier + PC<\/span><\/dd>\n<dt class=\"name\"><img loading=\"lazy\" decoding=\"async\" src=\"https:\/\/www.factorled.com\/modules\/oa_features\/img\/15-default.jpg\" width=\"32\" height=\"32\"><span>Certifications<\/span><\/dt>\n<dd class=\"value\"><span>Certification CE, CMIM, RoHS<\/span><\/dd>\n<dt class=\"name\"><img loading=\"lazy\" decoding=\"async\" src=\"https:\/\/www.factorled.com\/modules\/oa_features\/img\/16-default.jpg\" width=\"32\" height=\"32\"><span>Propri\u00e9t\u00e9 intellectuelle<\/span><\/dt>\n<dd class=\"value\"><span>IP20<\/span><\/dd>\n<dt class=\"name\"><img loading=\"lazy\" decoding=\"async\" src=\"https:\/\/www.factorled.com\/modules\/oa_features\/img\/18-default.jpg\" width=\"32\" height=\"32\"><span>Dimensions (mm)<\/span><\/dt>\n<dd class=\"value\"><span>100 mm x hauteur 50 mm<\/span><\/dd>\n<dt class=\"name\"><img loading=\"lazy\" decoding=\"async\" src=\"https:\/\/www.factorled.com\/modules\/oa_features\/img\/27-default.jpg\" width=\"32\" height=\"32\"><span>Taille de la coupe (mm)<\/span><\/dt>\n<dd class=\"value\"><span>\u00d875<\/span><\/dd>\n<dt class=\"name\"><img loading=\"lazy\" decoding=\"async\" src=\"https:\/\/www.factorled.com\/modules\/oa_features\/img\/75-default.jpg\" width=\"32\" height=\"32\"><span>Ann\u00e9es de garantie<\/span><\/dt>\n<dd class=\"value\"><span>3<\/span><\/dd>\n<dt class=\"name\"><img loading=\"lazy\" decoding=\"async\" src=\"https:\/\/www.factorled.com\/modules\/oa_features\/img\/128-default.jpg\" width=\"32\" height=\"32\"><span>Ampoule incluse<\/span><\/dt>\n<dd class=\"value\"><span>Non<\/span><\/dd>\n<\/dl><\/h1>","protected":false},"excerpt":{"rendered":"<div class=\"product-reference\"><strong><label class=\"label\">R\u00e9f\u00e9rence :<\/label>&nbsp;HSSW1-92130<\/strong>\n<div><\/div>\n<div class=\"product-description-short\">\n<div id=\"product-description-short-3703\">\n<p><span>Transformez votre \u00e9clairage avec le&nbsp;&nbsp;<\/span><b><span>S\u00e9rie oculus Cadre pivotant carr\u00e9<\/span><\/b><span>&nbsp;pour les ampoules GU10-MR16.&nbsp;<\/span><strong><span>Choisissez la couleur de l'anneau int\u00e9rieur parmi le blanc, le noir, l'argent, l'or ou le noir mat et personnalisez vos espaces.<\/span><\/strong><span>&nbsp;avec un design minimaliste, \u00e9l\u00e9gant et exclusif. Id\u00e9al pour cr\u00e9er des sc\u00e8nes uniques, cet accessoire ajoute une touche de nouveaut\u00e9 \u00e0 tout environnement, alliant style et fonctionnalit\u00e9.<\/span><\/p>\n<p><span>Ampoule GU10 NON INCLUSE.<\/span><\/p>\n<\/div>\n<\/div><\/div>","protected":false},"featured_media":14377,"template":"","meta":{"site-sidebar-layout":"default","site-content-layout":"default","ast-global-header-display":"","ast-main-header-display":"","ast-hfb-above-header-display":"","ast-hfb-below-header-display":"","ast-hfb-mobile-header-display":"","site-post-title":"","ast-breadcrumbs-content":"","ast-featured-img":"","footer-sml-layout":"","theme-transparent-header-meta":"default","adv-header-id-meta":"","stick-header-meta":"","header-above-stick-meta":"","header-main-stick-meta":"","header-below-stick-meta":""},"product_cat":[62,23],"product_tag":[],"class_list":["post-14373","product","type-product","status-publish","has-post-thumbnail","hentry","product_cat-accesorios-lamparas-led","product_cat-bombillas-y-lamparas-led"],"_links":{"self":[{"href":"https:\/\/starlediluminacion.com\/fr\/wp-json\/wp\/v3\/product\/14373","targetHints":{"allow":["GET"]}}],"collection":[{"href":"https:\/\/starlediluminacion.com\/fr\/wp-json\/wp\/v3\/product"}],"about":[{"href":"https:\/\/starlediluminacion.com\/fr\/wp-json\/wp\/v2\/types\/product"}],"wp:featuredmedia":[{"embeddable":true,"href":"https:\/\/starlediluminacion.com\/fr\/wp-json\/wp\/v2\/media\/14377"}],"wp:attachment":[{"href":"https:\/\/starlediluminacion.com\/fr\/wp-json\/wp\/v2\/media?parent=14373"}],"wp:term":[{"taxonomy":"product_cat","embeddable":true,"href":"https:\/\/starlediluminacion.com\/fr\/wp-json\/wp\/v2\/product_cat?post=14373"},{"taxonomy":"product_tag","embeddable":true,"href":"https:\/\/starlediluminacion.com\/fr\/wp-json\/wp\/v2\/product_tag?post=14373"}],"curies":[{"name":"wp","href":"https:\/\/api.w.org\/{rel}","templated":true}]}}