{"id":14334,"date":"2024-10-20T14:44:17","date_gmt":"2024-10-20T14:44:17","guid":{"rendered":"https:\/\/starlediluminacion.com\/?post_type=product&#038;p=14334"},"modified":"2025-01-05T14:54:12","modified_gmt":"2025-01-05T14:54:12","slug":"foco-led-rgb-3000k-8w-110o-gu10-con-mando-a-distancia","status":"publish","type":"product","link":"https:\/\/starlediluminacion.com\/fr\/product\/foco-led-rgb-3000k-8w-110o-gu10-con-mando-a-distancia\/","title":{"rendered":"<p>Foco LED RGB+ 3000K &ndash; 8W 110&ordm; GU10 con Mando a Distancia<\/p>"},"content":{"rendered":"<p><span>Les&nbsp;<\/span><strong><span>bombilla LED 8W RGB+ 3000K&nbsp;<\/span><\/strong><span>&nbsp;GU10 es la soluci&oacute;n ideal para quienes buscan flexibilidad y creatividad en la iluminaci&oacute;n de sus espacios interiores. Este producto combina lo mejor de ambos mundos: la posibilidad de elegir entre una amplia gama de colores RGB para crear el ambiente de cualquier espacio con el color exacto que desees, y la funcionalidad de una luz blanca c&aacute;lida de 3000K que ofrece un ambiente acogedor y relajante.<\/span><p><strong><span>Principales caract\u00e9ristiques<\/span><\/strong><\/p><ol>\n<li><strong><span>\u00c9clairage personnalisable<\/span><\/strong><span>&nbsp;&ndash; Con la bombilla LED 8W RGB+ 3000K GU10 podr&aacute;s seleccionar entre 16 millones de colores RGB. Desde tonos vibrantes y en&eacute;rgicos hasta tonalidades suaves y relajantes, esta bombilla te permite personalizar la iluminaci&oacute;n de cada espacio de tu hogar. Adem&aacute;s, su luz blanca c&aacute;lida 3000K es perfecta para crear un ambiente acogedor, ideal para momentos de relax.<\/span><\/li>\n<li><strong><span>T\u00e9l\u00e9commande<\/span><\/strong><span>&nbsp;L'ampoule est \u00e9quip\u00e9e d'une t\u00e9l\u00e9commande pour faciliter son utilisation. Gr\u00e2ce \u00e0 cette t\u00e9l\u00e9commande, vous pouvez r\u00e9gler la couleur, l'intensit\u00e9 lumineuse et passer d'un mode d'\u00e9clairage \u00e0 l'autre sans avoir \u00e0 quitter votre si\u00e8ge. Cela n'est pas seulement plus pratique, mais vous donne aussi plus de flexibilit\u00e9 pour cr\u00e9er l'ambiance parfaite en toute occasion.<\/span><\/li>\n<li><strong><span>Efficacit\u00e9 \u00e9nerg\u00e9tique et longue dur\u00e9e de vie<\/span><\/strong><span>&nbsp;: con una potencia de 8 W, esta bombilla LED ofrece una notable eficiencia energ&eacute;tica en comparaci&oacute;n con las bombillas incandescentes tradicionales. Adem&aacute;s, su larga vida &uacute;til garantiza que podr&aacute; disfrutar de una iluminaci&oacute;n vibrante y de alta calidad durante muchos a&ntilde;os sin preocuparse por los reemplazos frecuentes.<\/span><\/li>\n<li><strong><span>Polyvalence de la d\u00e9coration<\/span><\/strong><span>&nbsp;: Gracias a su capacidad de combinar luz RGB y luz blanca c&aacute;lida, esta bombilla es ideal para una gran variedad de aplicaciones. Desde crear ambientes festivos en el sal&oacute;n o el comedor hasta una iluminaci&oacute;n relajante en el dormitorio, esta bombilla es perfecta para cualquier ambiente. Su dise&ntilde;o est&aacute;ndar GU10 tambi&eacute;n garantiza una f&aacute;cil instalaci&oacute;n en la mayor&iacute;a de l&aacute;mparas y luminarias.<\/span><\/li>\n<li><strong><span>Modes d'\u00e9clairage avanc\u00e9s<\/span><\/strong><span>&nbsp;L'ampoule LED offre plusieurs modes pr\u00e9d\u00e9finis que vous pouvez s\u00e9lectionner via la t\u00e9l\u00e9commande. Ces modes comprennent des transitions de couleurs douces, des clignotements rythm\u00e9s et un mode d'\u00e9clairage fixe. En outre, vous pouvez r\u00e9gler la luminosit\u00e9 de la lampe en fonction des besoins et des situations, qu'il s'agisse d'une lumi\u00e8re tamis\u00e9e pour la nuit ou d'une lumi\u00e8re vive pour les activit\u00e9s n\u00e9cessitant de la concentration.<\/span><\/li>\n<\/ol><p><strong><span>Applications recommand\u00e9es<\/span><\/strong><\/p><ul>\n<li><strong><span>Maisons modernes :<\/span><\/strong><span>&nbsp;Parfait pour les salons, les chambres \u00e0 coucher et les salles \u00e0 manger, o\u00f9 vous pouvez ajuster l'\u00e9clairage pour cr\u00e9er l'ambiance id\u00e9ale pour l'occasion.<\/span><\/li>\n<li><strong><span>Bureaux de cr\u00e9ation :<\/span><\/strong><span>&nbsp;Id\u00e9al pour les espaces de travail o\u00f9 l'inspiration et la cr\u00e9ativit\u00e9 sont essentielles. Changez les couleurs pour maintenir la motivation et l'\u00e9nergie tout au long de la journ\u00e9e.<\/span><\/li>\n<li><strong><span>Espaces commerciaux et boutiques :<\/span><\/strong><span>&nbsp;Utilisez-le pour mettre en valeur des produits sp\u00e9cifiques ou cr\u00e9er des environnements uniques qui attirent les clients.<\/span><\/li>\n<li><strong><span>\u00c9v\u00e9nements sp\u00e9ciaux :<\/span><\/strong><span>&nbsp;Cette ampoule est parfaite pour cr\u00e9er l'atmosph\u00e8re ad\u00e9quate lors de f\u00eates, de r\u00e9unions de famille et d'autres \u00e9v\u00e9nements sociaux.<\/span><\/li>\n<\/ul><h3 class=\"h6\"><span>Fiche technique<\/span><\/h3><dl class=\"data-sheet\">\n<dt class=\"name\"><img loading=\"lazy\" decoding=\"async\" src=\"https:\/\/www.factorled.com\/modules\/oa_features\/img\/2-default.jpg\" width=\"32\" height=\"32\"><span>R\u00c9F\u00c9RENCE<\/span><\/dt>\n<dd class=\"value\"><span>GU10-RGB-92034<\/span><\/dd>\n<dt class=\"name\"><img loading=\"lazy\" decoding=\"async\" src=\"https:\/\/www.factorled.com\/modules\/oa_features\/img\/3-default.jpg\" width=\"32\" height=\"32\"><span>Puissance nominale<\/span><\/dt>\n<dd class=\"value\"><span>8 semanas<\/span><\/dd>\n<dt class=\"name\"><img loading=\"lazy\" decoding=\"async\" src=\"https:\/\/www.factorled.com\/modules\/oa_features\/img\/4-default.jpg\" width=\"32\" height=\"32\"><span>Tension nominale<\/span><\/dt>\n<dd class=\"value\"><span>220-265v<\/span><\/dd>\n<dt class=\"name\"><img loading=\"lazy\" decoding=\"async\" src=\"https:\/\/www.factorled.com\/modules\/oa_features\/img\/5-default.jpg\" width=\"32\" height=\"32\"><span>Couleur<\/span><\/dt>\n<dd class=\"value\"><span>RVB+3000K<\/span><\/dd>\n<dt class=\"name\"><img loading=\"lazy\" decoding=\"async\" src=\"https:\/\/www.factorled.com\/modules\/oa_features\/img\/6-default.jpg\" width=\"32\" height=\"32\"><span>CRI - Indice de rendu des couleurs<\/span><\/dt>\n<dd class=\"value\"><span>80<\/span><\/dd>\n<dt class=\"name\"><img loading=\"lazy\" decoding=\"async\" src=\"https:\/\/www.factorled.com\/modules\/oa_features\/img\/25-default.jpg\" width=\"32\" height=\"32\"><span>Mat\u00e9riaux de construction<\/span><\/dt>\n<dd class=\"value\"><span>Thermoplastique ignifuge<\/span><\/dd>\n<dt class=\"name\"><img loading=\"lazy\" decoding=\"async\" src=\"https:\/\/www.factorled.com\/modules\/oa_features\/img\/8-default.jpg\" width=\"32\" height=\"32\"><span>Luminosit\u00e9-Lm<\/span><\/dt>\n<dd class=\"value\"><span>700<\/span><\/dd>\n<dt class=\"name\"><img loading=\"lazy\" decoding=\"async\" src=\"https:\/\/www.factorled.com\/modules\/oa_features\/img\/9-default.jpg\" width=\"32\" height=\"32\"><span>Nombre et type de LED<\/span><\/dt>\n<dd class=\"value\"><span>SMD<\/span><\/dd>\n<dt class=\"name\"><img loading=\"lazy\" decoding=\"async\" src=\"https:\/\/www.factorled.com\/modules\/oa_features\/img\/10-default.jpg\" width=\"32\" height=\"32\"><span>Angle du faisceau (\u00b0)<\/span><\/dt>\n<dd class=\"value\"><span>110\u00ba<\/span><\/dd>\n<dt class=\"name\"><img loading=\"lazy\" decoding=\"async\" src=\"https:\/\/www.factorled.com\/modules\/oa_features\/img\/12-default.jpg\" width=\"32\" height=\"32\"><span>Diode \u00e9lectroluminescente (Lm\/W)<\/span><\/dt>\n<dd class=\"value\"><span>110 lumens\/W<\/span><\/dd>\n<dt class=\"name\"><img loading=\"lazy\" decoding=\"async\" src=\"https:\/\/www.factorled.com\/modules\/oa_features\/img\/13-default.jpg\" width=\"32\" height=\"32\"><span>Efficacit\u00e9 lumineuse (Lm\/W)<\/span><\/dt>\n<dd class=\"value\"><span>70 lm\/W<\/span><\/dd>\n<dt class=\"name\"><img loading=\"lazy\" decoding=\"async\" src=\"https:\/\/www.factorled.com\/modules\/oa_features\/img\/11-default.jpg\" width=\"32\" height=\"32\"><span>R\u00e9glable<\/span><\/dt>\n<dd class=\"value\"><span>OUI<\/span><\/dd>\n<dt class=\"name\"><img loading=\"lazy\" decoding=\"async\" src=\"https:\/\/www.factorled.com\/modules\/oa_features\/img\/14-default.jpg\" width=\"32\" height=\"32\"><span>Base<\/span><\/dt>\n<dd class=\"value\"><span>GU10<\/span><\/dd>\n<dt class=\"name\"><img loading=\"lazy\" decoding=\"async\" src=\"https:\/\/www.factorled.com\/modules\/oa_features\/img\/15-default.jpg\" width=\"32\" height=\"32\"><span>Certifications<\/span><\/dt>\n<dd class=\"value\"><span>CE-ROHS<\/span><\/dd>\n<dt class=\"name\"><img loading=\"lazy\" decoding=\"async\" src=\"https:\/\/www.factorled.com\/modules\/oa_features\/img\/16-default.jpg\" width=\"32\" height=\"32\"><span>Propri\u00e9t\u00e9 intellectuelle<\/span><\/dt>\n<dd class=\"value\"><span>IP20<\/span><\/dd>\n<dt class=\"name\"><img loading=\"lazy\" decoding=\"async\" src=\"https:\/\/www.factorled.com\/modules\/oa_features\/img\/18-default.jpg\" width=\"32\" height=\"32\"><span>Dimensions (mm)<\/span><\/dt>\n<dd class=\"value\"><span>\u00d860\u00d7110 mm<\/span><\/dd>\n<dt class=\"name\"><img loading=\"lazy\" decoding=\"async\" src=\"https:\/\/www.factorled.com\/modules\/oa_features\/img\/21-default.jpg\" width=\"32\" height=\"32\"><span>Fr\u00e9quence (Hz)<\/span><\/dt>\n<dd class=\"value\"><span>50\/60 Hz<\/span><\/dd>\n<dt class=\"name\"><img loading=\"lazy\" decoding=\"async\" src=\"https:\/\/www.factorled.com\/modules\/oa_features\/img\/22-default.jpg\" width=\"32\" height=\"32\"><span>Plage de temp\u00e9rature (\u00baC)<\/span><\/dt>\n<dd class=\"value\"><span>-20 \u00b0C ~ +55 \u00b0C<\/span><\/dd>\n<dt class=\"name\"><img loading=\"lazy\" decoding=\"async\" src=\"https:\/\/www.factorled.com\/modules\/oa_features\/img\/23-default.jpg\" width=\"32\" height=\"32\"><span>Cycle marche\/arr\u00eat<\/span><\/dt>\n<dd class=\"value\"><span>100.000<\/span><\/dd>\n<dt class=\"name\"><img loading=\"lazy\" decoding=\"async\" src=\"https:\/\/www.factorled.com\/modules\/oa_features\/img\/24-default.jpg\" width=\"32\" height=\"32\"><span>Heure de d\u00e9but (s)<\/span><\/dt>\n<dd class=\"value\"><span>0,2 s<\/span><\/dd>\n<dt class=\"name\"><img loading=\"lazy\" decoding=\"async\" src=\"https:\/\/www.factorled.com\/modules\/oa_features\/img\/26-default.jpg\" width=\"32\" height=\"32\"><span>Autres informations<\/span><\/dt>\n<dd class=\"value\"><span>Pile incluse<\/span><\/dd>\n<dt class=\"name\"><img loading=\"lazy\" decoding=\"async\" src=\"https:\/\/www.factorled.com\/modules\/oa_features\/img\/37-default.jpg\" width=\"32\" height=\"32\"><span>Modes de contr\u00f4le<\/span><\/dt>\n<dd class=\"value\"><span>Infrarouge<\/span><\/dd>\n<dt class=\"name\"><img loading=\"lazy\" decoding=\"async\" src=\"https:\/\/www.factorled.com\/modules\/oa_features\/img\/7-default.jpg\" width=\"32\" height=\"32\"><span>Cote \u00e9nerg\u00e9tique (2021-EU-2019\/2015)<\/span><\/dt>\n<dd class=\"value\"><span>A+<\/span><\/dd>\n<dt class=\"name\"><img loading=\"lazy\" decoding=\"async\" src=\"https:\/\/www.factorled.com\/modules\/oa_features\/img\/75-default.jpg\" width=\"32\" height=\"32\"><span>Ann\u00e9es de garantie<\/span><\/dt>\n<dd class=\"value\"><span>3<\/span><\/dd>\n<dt class=\"name\"><img loading=\"lazy\" decoding=\"async\" src=\"https:\/\/www.factorled.com\/modules\/oa_features\/img\/77-default.jpg\" width=\"32\" height=\"32\"><span>Port\u00e9e (m)<\/span><\/dt>\n<dd class=\"value\"><span>8 m\u00e8tres<\/span><\/dd>\n<\/dl><\/p>","protected":false},"excerpt":{"rendered":"<div class=\"product-reference\"><strong><label class=\"label\">R\u00e9f\u00e9rence :<\/label> SLGU10-RGB-92034<\/strong>\n<div><\/div>\n<div class=\"product-description-short\">\n<div id=\"product-description-short-3660\">\n<p><b><span>Spot LED&nbsp;<\/span><\/b><strong><span>&nbsp;8W RGB+3000K GU10.<\/span><\/strong><span>&nbsp;Este vers&aacute;til foco combina colores RGB con luz blanca c&aacute;lida para ofrecerte una iluminaci&oacute;n personalizada a tu gusto. Incluye un mando a distancia para un manejo f&aacute;cil y c&oacute;modo, permiti&eacute;ndote ajustar el ambiente de cualquier estancia seg&uacute;n tus necesidades. Perfecto para decorar y realzar interiores, este foco de 8W te permite crear la atm&oacute;sfera ideal con estilo y eficiencia. &iexcl;A&ntilde;ade un toque de color y calidez a tu hogar hoy mismo!<\/span><\/p>\n<\/div>\n<\/div><\/div>","protected":false},"featured_media":14338,"template":"","meta":{"site-sidebar-layout":"default","site-content-layout":"default","ast-global-header-display":"","ast-main-header-display":"","ast-hfb-above-header-display":"","ast-hfb-below-header-display":"","ast-hfb-mobile-header-display":"","site-post-title":"","ast-breadcrumbs-content":"","ast-featured-img":"","footer-sml-layout":"","theme-transparent-header-meta":"default","adv-header-id-meta":"","stick-header-meta":"","header-above-stick-meta":"","header-main-stick-meta":"","header-below-stick-meta":""},"product_cat":[23],"product_tag":[],"class_list":["post-14334","product","type-product","status-publish","has-post-thumbnail","hentry","product_cat-bombillas-y-lamparas-led"],"_links":{"self":[{"href":"https:\/\/starlediluminacion.com\/fr\/wp-json\/wp\/v3\/product\/14334","targetHints":{"allow":["GET"]}}],"collection":[{"href":"https:\/\/starlediluminacion.com\/fr\/wp-json\/wp\/v3\/product"}],"about":[{"href":"https:\/\/starlediluminacion.com\/fr\/wp-json\/wp\/v2\/types\/product"}],"wp:featuredmedia":[{"embeddable":true,"href":"https:\/\/starlediluminacion.com\/fr\/wp-json\/wp\/v2\/media\/14338"}],"wp:attachment":[{"href":"https:\/\/starlediluminacion.com\/fr\/wp-json\/wp\/v2\/media?parent=14334"}],"wp:term":[{"taxonomy":"product_cat","embeddable":true,"href":"https:\/\/starlediluminacion.com\/fr\/wp-json\/wp\/v2\/product_cat?post=14334"},{"taxonomy":"product_tag","embeddable":true,"href":"https:\/\/starlediluminacion.com\/fr\/wp-json\/wp\/v2\/product_tag?post=14334"}],"curies":[{"name":"wp","href":"https:\/\/api.w.org\/{rel}","templated":true}]}}