{"id":14326,"date":"2024-10-20T14:40:48","date_gmt":"2024-10-20T14:40:48","guid":{"rendered":"https:\/\/starlediluminacion.com\/?post_type=product&#038;p=14326"},"modified":"2025-01-05T14:54:01","modified_gmt":"2025-01-05T14:54:01","slug":"bombilla-led-rgb-3000k-10w-270o-e27-con-mando-a-distancia","status":"publish","type":"product","link":"https:\/\/starlediluminacion.com\/fr\/product\/bombilla-led-rgb-3000k-10w-270o-e27-con-mando-a-distancia\/","title":{"rendered":"<p>Ampoule LED RGB+ 3000K - 10W 270\u00ba E27 avec t\u00e9l\u00e9commande<\/p>"},"content":{"rendered":"<p><span>Les&nbsp;<\/span><strong><span>LED RGB+ 3000K ampoule E27 10W<\/span><\/strong><span>&nbsp;est la solution id\u00e9ale pour ceux qui recherchent la flexibilit\u00e9 et la cr\u00e9ativit\u00e9 dans l'\u00e9clairage de leurs espaces int\u00e9rieurs. Ce produit combine le meilleur des deux mondes : la possibilit\u00e9 de choisir parmi une large gamme de couleurs RVB pour cr\u00e9er l'ambiance de n'importe quel espace avec la couleur exacte que vous souhaitez, et la fonctionnalit\u00e9 d'une lumi\u00e8re blanche chaude de 3000K qui cr\u00e9e une ambiance accueillante et relaxante.<\/span><p><strong><span>Principales caract\u00e9ristiques<\/span><\/strong><\/p><ol>\n<li><strong><span>\u00c9clairage personnalisable<\/span><\/strong><span>&nbsp;- L'ampoule LED 10W RGB+ 3000K E27 vous permet de choisir parmi 16 millions de couleurs RGB. Des tons vibrants et \u00e9nergiques aux nuances douces et relaxantes, cette ampoule vous permet de personnaliser l'\u00e9clairage de chaque espace de votre maison. De plus, sa lumi\u00e8re blanc chaud 3000K est parfaite pour cr\u00e9er une atmosph\u00e8re chaleureuse, id\u00e9ale pour les moments de d\u00e9tente.<\/span><\/li>\n<li><strong><span>T\u00e9l\u00e9commande<\/span><\/strong><span>&nbsp;L'ampoule est \u00e9quip\u00e9e d'une t\u00e9l\u00e9commande pour faciliter son utilisation. Gr\u00e2ce \u00e0 cette t\u00e9l\u00e9commande, vous pouvez r\u00e9gler la couleur, l'intensit\u00e9 lumineuse et passer d'un mode d'\u00e9clairage \u00e0 l'autre sans avoir \u00e0 quitter votre si\u00e8ge. Cela n'est pas seulement plus pratique, mais vous donne aussi plus de flexibilit\u00e9 pour cr\u00e9er l'ambiance parfaite en toute occasion.<\/span><\/li>\n<li><strong><span>Efficacit\u00e9 \u00e9nerg\u00e9tique et longue dur\u00e9e de vie<\/span><\/strong><span>&nbsp;Avec une puissance de 10 W, cette ampoule LED offre une efficacit\u00e9 \u00e9nerg\u00e9tique remarquable par rapport aux ampoules \u00e0 incandescence traditionnelles. De plus, sa longue dur\u00e9e de vie vous permet de profiter d'un \u00e9clairage vibrant et de haute qualit\u00e9 pendant de nombreuses ann\u00e9es sans avoir \u00e0 vous soucier de remplacements fr\u00e9quents.<\/span><\/li>\n<li><strong><span>Polyvalence de la d\u00e9coration<\/span><\/strong><span>&nbsp;Gr\u00e2ce \u00e0 sa capacit\u00e9 \u00e0 combiner la lumi\u00e8re RVB et la lumi\u00e8re blanc chaud, cette ampoule est id\u00e9ale pour une grande vari\u00e9t\u00e9 d'applications. Qu'il s'agisse de cr\u00e9er des ambiances festives dans le salon ou la salle \u00e0 manger ou d'apporter un \u00e9clairage relaxant dans la chambre \u00e0 coucher, cette ampoule s'adapte parfaitement \u00e0 tous les environnements. Sa forme standard E27 permet une installation facile dans la plupart des lampes et des luminaires.<\/span><\/li>\n<li><strong><span>Modes d'\u00e9clairage avanc\u00e9s<\/span><\/strong><span>&nbsp;L'ampoule LED offre plusieurs modes pr\u00e9d\u00e9finis que vous pouvez s\u00e9lectionner via la t\u00e9l\u00e9commande. Ces modes comprennent des transitions de couleurs douces, des clignotements rythm\u00e9s et un mode d'\u00e9clairage fixe. En outre, vous pouvez r\u00e9gler la luminosit\u00e9 de la lampe en fonction des besoins et des situations, qu'il s'agisse d'une lumi\u00e8re tamis\u00e9e pour la nuit ou d'une lumi\u00e8re vive pour les activit\u00e9s n\u00e9cessitant de la concentration.<\/span><\/li>\n<\/ol><p><strong><span>Applications recommand\u00e9es<\/span><\/strong><\/p><ul>\n<li><strong><span>Maisons modernes :<\/span><\/strong><span>&nbsp;Parfait pour les salons, les chambres \u00e0 coucher et les salles \u00e0 manger, o\u00f9 vous pouvez ajuster l'\u00e9clairage pour cr\u00e9er l'ambiance id\u00e9ale pour l'occasion.<\/span><\/li>\n<li><strong><span>Bureaux de cr\u00e9ation :<\/span><\/strong><span>&nbsp;Id\u00e9al pour les espaces de travail o\u00f9 l'inspiration et la cr\u00e9ativit\u00e9 sont essentielles. Changez les couleurs pour maintenir la motivation et l'\u00e9nergie tout au long de la journ\u00e9e.<\/span><\/li>\n<li><strong><span>Espaces commerciaux et boutiques :<\/span><\/strong><span>&nbsp;Utilisez-le pour mettre en valeur des produits sp\u00e9cifiques ou cr\u00e9er des environnements uniques qui attirent les clients.<\/span><\/li>\n<li><strong><span>\u00c9v\u00e9nements sp\u00e9ciaux :<\/span><\/strong><span>&nbsp;Cette ampoule est parfaite pour cr\u00e9er l'atmosph\u00e8re ad\u00e9quate lors de f\u00eates, de r\u00e9unions de famille et d'autres \u00e9v\u00e9nements sociaux.<\/span><\/li>\n<\/ul><h3 class=\"h6\"><span>Fiche technique<\/span><\/h3><dl class=\"data-sheet\">\n<dt class=\"name\"><img loading=\"lazy\" decoding=\"async\" src=\"https:\/\/www.factorled.com\/modules\/oa_features\/img\/2-default.jpg\" width=\"32\" height=\"32\"><span>R\u00c9F\u00c9RENCE<\/span><\/dt>\n<dd class=\"value\"><span>A6010W-RGB-92035<\/span><\/dd>\n<dt class=\"name\"><img loading=\"lazy\" decoding=\"async\" src=\"https:\/\/www.factorled.com\/modules\/oa_features\/img\/3-default.jpg\" width=\"32\" height=\"32\"><span>Puissance nominale<\/span><\/dt>\n<dd class=\"value\"><span>10 W<\/span><\/dd>\n<dt class=\"name\"><img loading=\"lazy\" decoding=\"async\" src=\"https:\/\/www.factorled.com\/modules\/oa_features\/img\/4-default.jpg\" width=\"32\" height=\"32\"><span>Tension nominale<\/span><\/dt>\n<dd class=\"value\"><span>220-265v<\/span><\/dd>\n<dt class=\"name\"><img loading=\"lazy\" decoding=\"async\" src=\"https:\/\/www.factorled.com\/modules\/oa_features\/img\/5-default.jpg\" width=\"32\" height=\"32\"><span>Couleur<\/span><\/dt>\n<dd class=\"value\"><span>RVB+3000K<\/span><\/dd>\n<dt class=\"name\"><img loading=\"lazy\" decoding=\"async\" src=\"https:\/\/www.factorled.com\/modules\/oa_features\/img\/6-default.jpg\" width=\"32\" height=\"32\"><span>CRI - Indice de rendu des couleurs<\/span><\/dt>\n<dd class=\"value\"><span>80<\/span><\/dd>\n<dt class=\"name\"><img loading=\"lazy\" decoding=\"async\" src=\"https:\/\/www.factorled.com\/modules\/oa_features\/img\/25-default.jpg\" width=\"32\" height=\"32\"><span>Mat\u00e9riaux de construction<\/span><\/dt>\n<dd class=\"value\"><span>Thermoplastique ignifuge<\/span><\/dd>\n<dt class=\"name\"><img loading=\"lazy\" decoding=\"async\" src=\"https:\/\/www.factorled.com\/modules\/oa_features\/img\/8-default.jpg\" width=\"32\" height=\"32\"><span>Luminosit\u00e9-Lm<\/span><\/dt>\n<dd class=\"value\"><span>700<\/span><\/dd>\n<dt class=\"name\"><img loading=\"lazy\" decoding=\"async\" src=\"https:\/\/www.factorled.com\/modules\/oa_features\/img\/9-default.jpg\" width=\"32\" height=\"32\"><span>Nombre et type de LED<\/span><\/dt>\n<dd class=\"value\"><span>SMD<\/span><\/dd>\n<dt class=\"name\"><img loading=\"lazy\" decoding=\"async\" src=\"https:\/\/www.factorled.com\/modules\/oa_features\/img\/10-default.jpg\" width=\"32\" height=\"32\"><span>Angle du faisceau (\u00b0)<\/span><\/dt>\n<dd class=\"value\"><span>270\u00b0<\/span><\/dd>\n<dt class=\"name\"><img loading=\"lazy\" decoding=\"async\" src=\"https:\/\/www.factorled.com\/modules\/oa_features\/img\/12-default.jpg\" width=\"32\" height=\"32\"><span>Diode \u00e9lectroluminescente (Lm\/W)<\/span><\/dt>\n<dd class=\"value\"><span>110 lumens\/W<\/span><\/dd>\n<dt class=\"name\"><img loading=\"lazy\" decoding=\"async\" src=\"https:\/\/www.factorled.com\/modules\/oa_features\/img\/13-default.jpg\" width=\"32\" height=\"32\"><span>Efficacit\u00e9 lumineuse (Lm\/W)<\/span><\/dt>\n<dd class=\"value\"><span>70 lm\/W<\/span><\/dd>\n<dt class=\"name\"><img loading=\"lazy\" decoding=\"async\" src=\"https:\/\/www.factorled.com\/modules\/oa_features\/img\/11-default.jpg\" width=\"32\" height=\"32\"><span>R\u00e9glable<\/span><\/dt>\n<dd class=\"value\"><span>OUI<\/span><\/dd>\n<dt class=\"name\"><img loading=\"lazy\" decoding=\"async\" src=\"https:\/\/www.factorled.com\/modules\/oa_features\/img\/14-default.jpg\" width=\"32\" height=\"32\"><span>Base<\/span><\/dt>\n<dd class=\"value\"><span>E27<\/span><\/dd>\n<dt class=\"name\"><img loading=\"lazy\" decoding=\"async\" src=\"https:\/\/www.factorled.com\/modules\/oa_features\/img\/15-default.jpg\" width=\"32\" height=\"32\"><span>Certifications<\/span><\/dt>\n<dd class=\"value\"><span>CE-ROHS<\/span><\/dd>\n<dt class=\"name\"><img loading=\"lazy\" decoding=\"async\" src=\"https:\/\/www.factorled.com\/modules\/oa_features\/img\/16-default.jpg\" width=\"32\" height=\"32\"><span>Propri\u00e9t\u00e9 intellectuelle<\/span><\/dt>\n<dd class=\"value\"><span>IP20<\/span><\/dd>\n<dt class=\"name\"><img loading=\"lazy\" decoding=\"async\" src=\"https:\/\/www.factorled.com\/modules\/oa_features\/img\/18-default.jpg\" width=\"32\" height=\"32\"><span>Dimensions (mm)<\/span><\/dt>\n<dd class=\"value\"><span>\u00d860\u00d7110 mm<\/span><\/dd>\n<dt class=\"name\"><img loading=\"lazy\" decoding=\"async\" src=\"https:\/\/www.factorled.com\/modules\/oa_features\/img\/21-default.jpg\" width=\"32\" height=\"32\"><span>Fr\u00e9quence (Hz)<\/span><\/dt>\n<dd class=\"value\"><span>50\/60 Hz<\/span><\/dd>\n<dt class=\"name\"><img loading=\"lazy\" decoding=\"async\" src=\"https:\/\/www.factorled.com\/modules\/oa_features\/img\/22-default.jpg\" width=\"32\" height=\"32\"><span>Plage de temp\u00e9rature (\u00baC)<\/span><\/dt>\n<dd class=\"value\"><span>-20 \u00b0C ~ +55 \u00b0C<\/span><\/dd>\n<dt class=\"name\"><img loading=\"lazy\" decoding=\"async\" src=\"https:\/\/www.factorled.com\/modules\/oa_features\/img\/23-default.jpg\" width=\"32\" height=\"32\"><span>Cycle marche\/arr\u00eat<\/span><\/dt>\n<dd class=\"value\"><span>100.000<\/span><\/dd>\n<dt class=\"name\"><img loading=\"lazy\" decoding=\"async\" src=\"https:\/\/www.factorled.com\/modules\/oa_features\/img\/24-default.jpg\" width=\"32\" height=\"32\"><span>Heure de d\u00e9but (s)<\/span><\/dt>\n<dd class=\"value\"><span>0,2 s<\/span><\/dd>\n<dt class=\"name\"><img loading=\"lazy\" decoding=\"async\" src=\"https:\/\/www.factorled.com\/modules\/oa_features\/img\/26-default.jpg\" width=\"32\" height=\"32\"><span>Autres informations<\/span><\/dt>\n<dd class=\"value\"><span>Pile incluse<\/span><\/dd>\n<dt class=\"name\"><img loading=\"lazy\" decoding=\"async\" src=\"https:\/\/www.factorled.com\/modules\/oa_features\/img\/37-default.jpg\" width=\"32\" height=\"32\"><span>Modes de contr\u00f4le<\/span><\/dt>\n<dd class=\"value\"><span>Infrarouge<\/span><\/dd>\n<dt class=\"name\"><img loading=\"lazy\" decoding=\"async\" src=\"https:\/\/www.factorled.com\/modules\/oa_features\/img\/7-default.jpg\" width=\"32\" height=\"32\"><span>Cote \u00e9nerg\u00e9tique (2021-EU-2019\/2015)<\/span><\/dt>\n<dd class=\"value\"><span>A+<\/span><\/dd>\n<dt class=\"name\"><img loading=\"lazy\" decoding=\"async\" src=\"https:\/\/www.factorled.com\/modules\/oa_features\/img\/75-default.jpg\" width=\"32\" height=\"32\"><span>Ann\u00e9es de garantie<\/span><\/dt>\n<dd class=\"value\"><span>3<\/span><\/dd>\n<dt class=\"name\"><img loading=\"lazy\" decoding=\"async\" src=\"https:\/\/www.factorled.com\/modules\/oa_features\/img\/77-default.jpg\" width=\"32\" height=\"32\"><span>Port\u00e9e (m)<\/span><\/dt>\n<dd class=\"value\"><span>8 m\u00e8tres<\/span><\/dd>\n<\/dl><\/p>","protected":false},"excerpt":{"rendered":"<div class=\"product-reference\"><strong><label class=\"label\">R\u00e9f\u00e9rence :<\/label> SLA6010W-RGB-92035<\/strong>\n<div><\/div>\n<div class=\"product-description-short\">\n<div id=\"product-description-short-3657\">\n<p><strong><span>Ampoule LED 10W RGB+ 3000K E27.<\/span><\/strong><span>&nbsp;Cette ampoule polyvalente associe les couleurs RVB \u00e0 la lumi\u00e8re blanche chaude pour vous offrir un \u00e9clairage personnalis\u00e9 en fonction de vos go\u00fbts. Elle est livr\u00e9e avec une t\u00e9l\u00e9commande pour une utilisation facile et pratique, vous permettant de r\u00e9gler l'ambiance de n'importe quelle pi\u00e8ce en fonction de vos besoins. Parfaite pour d\u00e9corer et am\u00e9liorer les int\u00e9rieurs, cette ampoule de 10 W vous permet de cr\u00e9er l'atmosph\u00e8re id\u00e9ale avec style et efficacit\u00e9 - ajoutez une touche de couleur et de chaleur \u00e0 votre int\u00e9rieur d\u00e8s aujourd'hui !<\/span><\/p>\n<\/div>\n<\/div><\/div>","protected":false},"featured_media":14331,"template":"","meta":{"site-sidebar-layout":"default","site-content-layout":"default","ast-global-header-display":"","ast-main-header-display":"","ast-hfb-above-header-display":"","ast-hfb-below-header-display":"","ast-hfb-mobile-header-display":"","site-post-title":"","ast-breadcrumbs-content":"","ast-featured-img":"","footer-sml-layout":"","theme-transparent-header-meta":"default","adv-header-id-meta":"","stick-header-meta":"","header-above-stick-meta":"","header-main-stick-meta":"","header-below-stick-meta":""},"product_cat":[46,23],"product_tag":[],"class_list":["post-14326","product","type-product","status-publish","has-post-thumbnail","hentry","product_cat-bombillas-led-e27","product_cat-bombillas-y-lamparas-led"],"_links":{"self":[{"href":"https:\/\/starlediluminacion.com\/fr\/wp-json\/wp\/v3\/product\/14326","targetHints":{"allow":["GET"]}}],"collection":[{"href":"https:\/\/starlediluminacion.com\/fr\/wp-json\/wp\/v3\/product"}],"about":[{"href":"https:\/\/starlediluminacion.com\/fr\/wp-json\/wp\/v2\/types\/product"}],"wp:featuredmedia":[{"embeddable":true,"href":"https:\/\/starlediluminacion.com\/fr\/wp-json\/wp\/v2\/media\/14331"}],"wp:attachment":[{"href":"https:\/\/starlediluminacion.com\/fr\/wp-json\/wp\/v2\/media?parent=14326"}],"wp:term":[{"taxonomy":"product_cat","embeddable":true,"href":"https:\/\/starlediluminacion.com\/fr\/wp-json\/wp\/v2\/product_cat?post=14326"},{"taxonomy":"product_tag","embeddable":true,"href":"https:\/\/starlediluminacion.com\/fr\/wp-json\/wp\/v2\/product_tag?post=14326"}],"curies":[{"name":"wp","href":"https:\/\/api.w.org\/{rel}","templated":true}]}}