{"id":14249,"date":"2024-10-20T13:59:53","date_gmt":"2024-10-20T13:59:53","guid":{"rendered":"https:\/\/starlediluminacion.com\/?post_type=product&#038;p=14249"},"modified":"2025-01-05T14:52:51","modified_gmt":"2025-01-05T14:52:51","slug":"neon-led-flexible-24v-13w-m-bobina-50m-6x12mm-rosa","status":"publish","type":"product","link":"https:\/\/starlediluminacion.com\/fr\/product\/neon-led-flexible-24v-13w-m-bobina-50m-6x12mm-rosa\/","title":{"rendered":"<p>N\u00e9on LED flexible 24V - 13W\/m - Bobine 50m - 6x12mm - Rose<\/p>"},"content":{"rendered":"<h1><span>N\u00e9on LED flexible 24V - 13W\/m - Bobine 50m - 6x12mm - Rose<\/span><p>&nbsp;<\/p><p><span>Les&nbsp;&nbsp;<\/span><strong><span>N\u00e9on LED flexible 24V<\/span><\/strong><span>&nbsp;&nbsp;est une option moderne et efficace pour l'\u00e9clairage int\u00e9rieur et ext\u00e9rieur, offrant une qualit\u00e9 de lumi\u00e8re sup\u00e9rieure et un large \u00e9ventail de possibilit\u00e9s de conception. Ce produit est pr\u00e9sent\u00e9 sur une bobine de&nbsp;&nbsp;<\/span><strong><span>50 m\u00e8tres<\/span><\/strong><span>&nbsp;&nbsp;de longueur, avec un diam\u00e8tre de&nbsp;&nbsp;<\/span><strong><span>6x12mm<\/span><\/strong><span>&nbsp;&nbsp;et une densit\u00e9 de 120 diodes SMD2835 par m\u00e8tre.<\/span><\/p><p><span>L'une des caract\u00e9ristiques les plus remarquables du n\u00e9on LED flexible 24V est sa capacit\u00e9 de coupure, ce qui signifie qu'il peut \u00eatre utilis\u00e9 dans un large \u00e9ventail d'applications.&nbsp;&nbsp;<\/span><strong><span>couper tous les 1 cm<\/span><\/strong><span>&nbsp;&nbsp;sans endommager l'int\u00e9grit\u00e9 de la bobine. Cela permet de personnaliser compl\u00e8tement l'\u00e9clairage et de faciliter l'installation. En outre, la flexibilit\u00e9 de ce produit permet une grande vari\u00e9t\u00e9 de formes et de conceptions pour s'adapter \u00e0 n'importe quel projet.<\/span><\/p><p><strong><span>Eclairage<\/span><\/strong><span>&nbsp;La LED est tr\u00e8s&nbsp;&nbsp;<\/span><strong><span>efficace et durable<\/span><\/strong><span>&nbsp;et ce n\u00e9on LED flexible de 24 V. Avec une consommation \u00e9lectrique de seulement&nbsp;<\/span><strong><span>&nbsp;13 watts par m\u00e8tre,<\/span><\/strong><span>&nbsp;ce produit est une option \u00e9conomique et durable pour ceux qui recherchent une solution d'\u00e9clairage de haute qualit\u00e9 et \u00e9conome en \u00e9nergie. En outre, la dur\u00e9e de vie de ce produit est longue, ce qui signifie qu'il peut \u00eatre utilis\u00e9 pendant longtemps sans qu'il soit n\u00e9cessaire de le remplacer.<\/span><\/p><p><span>Un autre avantage du n\u00e9on LED flexible 24V est son&nbsp;&nbsp;<\/span><strong><span>r\u00e9sistance<\/span><\/strong><span>&nbsp;&nbsp;\u00e0 l'ext\u00e9rieur et&nbsp;&nbsp;<\/span><strong><span>l'eau<\/span><\/strong><span>&nbsp;ce qui le rend id\u00e9al pour&nbsp;&nbsp;<\/span><strong><span>son utilisation<\/span><\/strong><span>&nbsp;&nbsp;\u00e0 l'int\u00e9rieur et \u00e0 l'ext\u00e9rieur&nbsp;&nbsp;<\/span><strong><span>\u00e0 l'ext\u00e9rieur<\/span><\/strong><span>&nbsp;. Ce produit peut r\u00e9sister \u00e0 des conditions m\u00e9t\u00e9orologiques extr\u00eames, telles que la pluie, la neige et le soleil, ce qui en fait un excellent choix pour l'\u00e9clairage des fa\u00e7ades, des jardins, des patios et d'autres espaces ext\u00e9rieurs.&nbsp;<\/span><\/p><p><span>La flexibilit\u00e9 de ce produit lui permet d'\u00eatre install\u00e9 partout, des murs aux plafonds et aux colonnes.<\/span><\/p><p><span>Le silicone utilis\u00e9 dans nos bandes de LED n\u00e9on est un silicone d'enrobage. Le silicone d'enrobage utilis\u00e9 dans les bandes de LED est con\u00e7u pour r\u00e9sister aux rayons UV, aux temp\u00e9ratures \u00e9lev\u00e9es et aux changements climatiques soudains qui peuvent nuire \u00e0 la performance des bandes de LED.<\/span><\/p><p><span>Les&nbsp;&nbsp;<\/span><strong><span>Bandes de n\u00e9ons LED 24V<\/span><\/strong><span>&nbsp;&nbsp;Les bandes de LED sont aliment\u00e9es par une alimentation qui convertit le courant du secteur (85\/265V) en courant continu de 24V, qui est utilis\u00e9 pour alimenter les bandes de LED. Il est important de s'assurer que le transformateur ou l'alimentation a une capacit\u00e9 suffisante pour alimenter le nombre de m\u00e8tres de bandes de LED que vous souhaitez utiliser, car une puissance insuffisante du transformateur peut entra\u00eener des dysfonctionnements et une d\u00e9t\u00e9rioration de la dur\u00e9e de vie du n\u00e9on LED.<\/span><\/p><p><span>Par exemple, si vous avez un&nbsp;<strong>&nbsp;Bande LED n\u00e9on&nbsp;<\/strong><\/span><strong><span>24V<\/span><\/strong><span>&nbsp;et 13W\/m, qui consomme 13 watts par m\u00e8tre, vous pouvez calculer la charge totale de l'installation en multipliant les m\u00e8tres de bande LED que vous souhaitez installer par les watts par m\u00e8tre (13W\/m). Ainsi, si vous souhaitez installer 20 m\u00e8tres de bande LED, la charge totale sera de 160 watts. Vous devez donc choisir un bloc d'alimentation ou un transformateur capable de supporter une charge minimale de 160 watts. Il est important de s'assurer que l'alimentation ou le transformateur a une capacit\u00e9 suffisante pour supporter la charge de l'installation, sinon les bandes de LED risquent de tomber en panne ou m\u00eame de se casser.<\/span><\/p><p><span>En bref, le n\u00e9on LED flexible 24V est une solution d'\u00e9clairage moderne, efficace et durable qui offre un large \u00e9ventail de possibilit\u00e9s de conception et de personnalisation. Gr\u00e2ce \u00e0 sa faible longueur, sa flexibilit\u00e9, sa r\u00e9sistance aux intemp\u00e9ries et \u00e0 l'eau, et sa facilit\u00e9 d'installation, ce produit est id\u00e9al pour tout projet d'\u00e9clairage int\u00e9rieur ou ext\u00e9rieur. En outre, ses&nbsp;&nbsp;<\/span><strong><span>faible consommation d'\u00e9nergie<\/span><\/strong><span>&nbsp;&nbsp;et sa longue dur\u00e9e de vie en font un choix durable et \u00e9conomique pour ceux qui recherchent une solution d'\u00e9clairage de haute qualit\u00e9.<\/span><\/p><p>&nbsp;<\/p><h2><span>Les endroits les plus courants o\u00f9 nos n\u00e9ons LED 24V peuvent \u00eatre mont\u00e9s sont les suivants :<\/span><\/h2><p>&nbsp;<\/p><ul>\n<li><span>Signalisation ext\u00e9rieure pour les entreprises : le n\u00e9on LED est utilis\u00e9 pour cr\u00e9er des enseignes lumineuses personnalis\u00e9es pour la signalisation ext\u00e9rieure des entreprises telles que les magasins, les restaurants et les bars.<\/span><\/li>\n<li><span>D\u00e9coration int\u00e9rieure : les n\u00e9ons LED sont parfaits pour cr\u00e9er des effets d'\u00e9clairage d\u00e9coratifs \u00e0 l'int\u00e9rieur, notamment dans les bo\u00eetes de nuit, les bars et les maisons.<\/span><\/li>\n<li><span>\u00c9clairage architectural : les n\u00e9ons LED sont utilis\u00e9s dans l'\u00e9clairage architectural pour cr\u00e9er des effets de lumi\u00e8re uniques dans les b\u00e2timents et les structures.<\/span><\/li>\n<li><span>Publicit\u00e9 : le n\u00e9on LED est utilis\u00e9 dans la publicit\u00e9 pour cr\u00e9er des signes accrocheurs et attrayants dans les espaces publicitaires, tels que les panneaux d'affichage et les affiches.<\/span><\/li>\n<\/ul><h3 class=\"h6\"><span>Fiche technique<\/span><\/h3><dl class=\"data-sheet\">\n<dt class=\"name\"><img loading=\"lazy\" decoding=\"async\" src=\"https:\/\/www.factorled.com\/modules\/oa_features\/img\/2-default.jpg\" width=\"32\" height=\"32\"><span>R\u00c9F\u00c9RENCE<\/span><\/dt>\n<dd class=\"value\"><span>ROSA92013<\/span><\/dd>\n<dt class=\"name\"><img loading=\"lazy\" decoding=\"async\" src=\"https:\/\/www.factorled.com\/modules\/oa_features\/img\/3-default.jpg\" width=\"32\" height=\"32\"><span>Puissance nominale<\/span><\/dt>\n<dd class=\"value\"><span>13W<\/span><\/dd>\n<dt class=\"name\"><img loading=\"lazy\" decoding=\"async\" src=\"https:\/\/www.factorled.com\/modules\/oa_features\/img\/4-default.jpg\" width=\"32\" height=\"32\"><span>Tension nominale<\/span><\/dt>\n<dd class=\"value\"><span>24 V DC<\/span><\/dd>\n<dt class=\"name\"><img loading=\"lazy\" decoding=\"async\" src=\"https:\/\/www.factorled.com\/modules\/oa_features\/img\/6-default.jpg\" width=\"32\" height=\"32\"><span>CRI - Indice de rendu des couleurs<\/span><\/dt>\n<dd class=\"value\"><span>80<\/span><\/dd>\n<dt class=\"name\"><img loading=\"lazy\" decoding=\"async\" src=\"https:\/\/www.factorled.com\/modules\/oa_features\/img\/25-default.jpg\" width=\"32\" height=\"32\"><span>Mat\u00e9riaux de construction<\/span><\/dt>\n<dd class=\"value\"><span>Silicone<\/span><\/dd>\n<dt class=\"name\"><img loading=\"lazy\" decoding=\"async\" src=\"https:\/\/www.factorled.com\/modules\/oa_features\/img\/8-default.jpg\" width=\"32\" height=\"32\"><span>Luminosit\u00e9-Lm<\/span><\/dt>\n<dd class=\"value\"><span>900<\/span><\/dd>\n<dt class=\"name\"><img loading=\"lazy\" decoding=\"async\" src=\"https:\/\/www.factorled.com\/modules\/oa_features\/img\/9-default.jpg\" width=\"32\" height=\"32\"><span>Nombre et type de LED<\/span><\/dt>\n<dd class=\"value\"><span>SMD2835<\/span><\/dd>\n<dt class=\"name\"><img loading=\"lazy\" decoding=\"async\" src=\"https:\/\/www.factorled.com\/modules\/oa_features\/img\/10-default.jpg\" width=\"32\" height=\"32\"><span>Angle du faisceau (\u00b0)<\/span><\/dt>\n<dd class=\"value\"><span>150\u00ba<\/span><\/dd>\n<dt class=\"name\"><img loading=\"lazy\" decoding=\"async\" src=\"https:\/\/www.factorled.com\/modules\/oa_features\/img\/12-default.jpg\" width=\"32\" height=\"32\"><span>Diode \u00e9lectroluminescente (Lm\/W)<\/span><\/dt>\n<dd class=\"value\"><span>120 lm\/W<\/span><\/dd>\n<dt class=\"name\"><img loading=\"lazy\" decoding=\"async\" src=\"https:\/\/www.factorled.com\/modules\/oa_features\/img\/13-default.jpg\" width=\"32\" height=\"32\"><span>Efficacit\u00e9 lumineuse (Lm\/W)<\/span><\/dt>\n<dd class=\"value\"><span>90 lm\/W<\/span><\/dd>\n<dt class=\"name\"><img loading=\"lazy\" decoding=\"async\" src=\"https:\/\/www.factorled.com\/modules\/oa_features\/img\/11-default.jpg\" width=\"32\" height=\"32\"><span>R\u00e9glable<\/span><\/dt>\n<dd class=\"value\"><span>OUI<\/span><\/dd>\n<dt class=\"name\"><img loading=\"lazy\" decoding=\"async\" src=\"https:\/\/www.factorled.com\/modules\/oa_features\/img\/15-default.jpg\" width=\"32\" height=\"32\"><span>Certifications<\/span><\/dt>\n<dd class=\"value\"><span>CE-ROHS<\/span><\/dd>\n<dt class=\"name\"><img loading=\"lazy\" decoding=\"async\" src=\"https:\/\/www.factorled.com\/modules\/oa_features\/img\/16-default.jpg\" width=\"32\" height=\"32\"><span>Propri\u00e9t\u00e9 intellectuelle<\/span><\/dt>\n<dd class=\"value\"><span>IP65-Ext\u00e9rieur<\/span><\/dd>\n<dt class=\"name\"><img loading=\"lazy\" decoding=\"async\" src=\"https:\/\/www.factorled.com\/modules\/oa_features\/img\/17-default.jpg\" width=\"32\" height=\"32\"><span>Dur\u00e9e de vie de la diode (H)<\/span><\/dt>\n<dd class=\"value\"><span>30.000<\/span><\/dd>\n<dt class=\"name\"><img loading=\"lazy\" decoding=\"async\" src=\"https:\/\/www.factorled.com\/modules\/oa_features\/img\/22-default.jpg\" width=\"32\" height=\"32\"><span>Plage de temp\u00e9rature (\u00baC)<\/span><\/dt>\n<dd class=\"value\"><span>-20 \u00b0C ~ +55 \u00b0C<\/span><\/dd>\n<dt class=\"name\"><img loading=\"lazy\" decoding=\"async\" src=\"https:\/\/www.factorled.com\/modules\/oa_features\/img\/23-default.jpg\" width=\"32\" height=\"32\"><span>Cycle marche\/arr\u00eat<\/span><\/dt>\n<dd class=\"value\"><span>100.000<\/span><\/dd>\n<dt class=\"name\"><img loading=\"lazy\" decoding=\"async\" src=\"https:\/\/www.factorled.com\/modules\/oa_features\/img\/7-default.jpg\" width=\"32\" height=\"32\"><span>Cote \u00e9nerg\u00e9tique (2021-EU-2019\/2015)<\/span><\/dt>\n<dd class=\"value\"><span>A+<\/span><\/dd>\n<dt class=\"name\"><img loading=\"lazy\" decoding=\"async\" src=\"https:\/\/www.factorled.com\/modules\/oa_features\/img\/101-default.jpg\" width=\"32\" height=\"32\"><span>Cote \u00e9nerg\u00e9tique (2023 - EU-2019\/2015)<\/span><\/dt>\n<dd class=\"value\"><span>F<\/span><\/dd>\n<dt class=\"name\"><img loading=\"lazy\" decoding=\"async\" src=\"https:\/\/www.factorled.com\/modules\/oa_features\/img\/75-default.jpg\" width=\"32\" height=\"32\"><span>Ann\u00e9es de garantie<\/span><\/dt>\n<dd class=\"value\"><span>3<\/span><\/dd>\n<\/dl><\/h1>","protected":false},"excerpt":{"rendered":"<div class=\"product-reference\"><strong><label class=\"label\">R\u00e9f\u00e9rence :<\/label> SLROSA92013<\/strong>\n<div><\/div>\n<div class=\"product-description-short\">\n<div id=\"product-description-short-3680\">\n<p><strong><span>Le n\u00e9on LED flexible sur une bobine de 50m \u00e0 24V et 13W\/m est id\u00e9al pour la signalisation et la d\u00e9coration \u00e0 fort impact.<\/span><\/strong><span>&nbsp;&nbsp;Avec 120 diodes SMD 2835 par m\u00e8tre, il offre une luminosit\u00e9 exceptionnelle qui ne s'estompe pas gr\u00e2ce \u00e0 sa construction en silicone de haute qualit\u00e9 r\u00e9sistant au jaunissement. Il coupe tous les 1 cm et sa flexibilit\u00e9 unique lui permet d'\u00eatre pli\u00e9 dans n'importe quelle forme. Avec une protection IP65, il est parfait pour une utilisation en int\u00e9rieur comme en ext\u00e9rieur - donnez vie \u00e0 vos projets avec ce n\u00e9on LED haute performance !<\/span><\/p>\n<\/div>\n<\/div><\/div>","protected":false},"featured_media":14261,"template":"","meta":{"site-sidebar-layout":"default","site-content-layout":"default","ast-global-header-display":"","ast-main-header-display":"","ast-hfb-above-header-display":"","ast-hfb-below-header-display":"","ast-hfb-mobile-header-display":"","site-post-title":"","ast-breadcrumbs-content":"","ast-featured-img":"","footer-sml-layout":"","theme-transparent-header-meta":"default","adv-header-id-meta":"","stick-header-meta":"","header-above-stick-meta":"","header-main-stick-meta":"","header-below-stick-meta":""},"product_cat":[108,45],"product_tag":[],"class_list":["post-14249","product","type-product","status-publish","has-post-thumbnail","hentry","product_cat-neon-led-flexible-24v","product_cat-tiras-led-y-neon-flexible"],"yoast_head":"<!-- This site is optimized with the Yoast SEO plugin v27.4 - https:\/\/yoast.com\/product\/yoast-seo-wordpress\/ -->\n<title>Ne\u00f3n LED Flexible 24V - 13W\/m - Bobina 50m - 6x12mm - Rosa - STARLED Iluminacion<\/title>\n<meta name=\"robots\" content=\"index, follow, max-snippet:-1, max-image-preview:large, max-video-preview:-1\" \/>\n<link rel=\"canonical\" href=\"https:\/\/starlediluminacion.com\/fr\/product\/neon-led-flexible-24v-13w-m-bobina-50m-6x12mm-rosa\/\" \/>\n<meta property=\"og:locale\" content=\"fr_FR\" \/>\n<meta property=\"og:type\" content=\"article\" \/>\n<meta property=\"og:title\" content=\"Ne\u00f3n LED Flexible 24V - 13W\/m - Bobina 50m - 6x12mm - Rosa - STARLED Iluminacion\" \/>\n<meta property=\"og:description\" content=\"Referencia: SLROSA92013      El Ne\u00f3n LED flexible en bobina de 50m a 24V y 13W\/m es ideal para se\u00f1al\u00e9tica y decoraci\u00f3n impactantes.\u00a0\u00a0Con 120 diodos SMD 2835 por metro, ofrece una luminosidad excepcional que no se desvanece gracias a su construcci\u00f3n en silicona de alta calidad, resistente al amarilleo. Se corta cada 1cm y su flexibilidad \u00fanica permite doblarlo en cualquier forma que necesites. Con protecci\u00f3n IP65, es perfecto tanto para uso interior como exterior. \u00a1Da vida a tus proyectos con este Ne\u00f3n LED de alto rendimiento!\" \/>\n<meta property=\"og:url\" content=\"https:\/\/starlediluminacion.com\/fr\/product\/neon-led-flexible-24v-13w-m-bobina-50m-6x12mm-rosa\/\" \/>\n<meta property=\"og:site_name\" content=\"STARLED Iluminacion\" \/>\n<meta property=\"article:modified_time\" content=\"2025-01-05T14:52:51+00:00\" \/>\n<meta property=\"og:image\" content=\"https:\/\/starlediluminacion.com\/wp-content\/uploads\/2024\/10\/flexible-led-neon-24v-13wm-50m-reel-6x12mm-pink.jpg\" \/>\n\t<meta property=\"og:image:width\" content=\"744\" \/>\n\t<meta property=\"og:image:height\" content=\"800\" \/>\n\t<meta property=\"og:image:type\" content=\"image\/jpeg\" \/>\n<meta name=\"twitter:card\" content=\"summary_large_image\" \/>\n<meta name=\"twitter:label1\" content=\"Dur\u00e9e de lecture estim\u00e9e\" \/>\n\t<meta name=\"twitter:data1\" content=\"4 minutes\" \/>\n<script type=\"application\/ld+json\" class=\"yoast-schema-graph\">{\"@context\":\"https:\\\/\\\/schema.org\",\"@graph\":[{\"@type\":\"WebPage\",\"@id\":\"https:\\\/\\\/starlediluminacion.com\\\/it\\\/product\\\/neon-led-flexible-24v-13w-m-bobina-50m-6x12mm-rosa\\\/\",\"url\":\"https:\\\/\\\/starlediluminacion.com\\\/it\\\/product\\\/neon-led-flexible-24v-13w-m-bobina-50m-6x12mm-rosa\\\/\",\"name\":\"Ne\u00f3n LED Flexible 24V - 13W\\\/m - Bobina 50m - 6x12mm - Rosa - STARLED Iluminacion\",\"isPartOf\":{\"@id\":\"https:\\\/\\\/starlediluminacion.com\\\/#website\"},\"primaryImageOfPage\":{\"@id\":\"https:\\\/\\\/starlediluminacion.com\\\/it\\\/product\\\/neon-led-flexible-24v-13w-m-bobina-50m-6x12mm-rosa\\\/#primaryimage\"},\"image\":{\"@id\":\"https:\\\/\\\/starlediluminacion.com\\\/it\\\/product\\\/neon-led-flexible-24v-13w-m-bobina-50m-6x12mm-rosa\\\/#primaryimage\"},\"thumbnailUrl\":\"https:\\\/\\\/starlediluminacion.com\\\/wp-content\\\/uploads\\\/2024\\\/10\\\/flexible-led-neon-24v-13wm-50m-reel-6x12mm-pink.jpg\",\"datePublished\":\"2024-10-20T13:59:53+00:00\",\"dateModified\":\"2025-01-05T14:52:51+00:00\",\"breadcrumb\":{\"@id\":\"https:\\\/\\\/starlediluminacion.com\\\/it\\\/product\\\/neon-led-flexible-24v-13w-m-bobina-50m-6x12mm-rosa\\\/#breadcrumb\"},\"inLanguage\":\"fr-FR\",\"potentialAction\":[{\"@type\":\"ReadAction\",\"target\":[\"https:\\\/\\\/starlediluminacion.com\\\/it\\\/product\\\/neon-led-flexible-24v-13w-m-bobina-50m-6x12mm-rosa\\\/\"]}]},{\"@type\":\"ImageObject\",\"inLanguage\":\"fr-FR\",\"@id\":\"https:\\\/\\\/starlediluminacion.com\\\/it\\\/product\\\/neon-led-flexible-24v-13w-m-bobina-50m-6x12mm-rosa\\\/#primaryimage\",\"url\":\"https:\\\/\\\/starlediluminacion.com\\\/wp-content\\\/uploads\\\/2024\\\/10\\\/flexible-led-neon-24v-13wm-50m-reel-6x12mm-pink.jpg\",\"contentUrl\":\"https:\\\/\\\/starlediluminacion.com\\\/wp-content\\\/uploads\\\/2024\\\/10\\\/flexible-led-neon-24v-13wm-50m-reel-6x12mm-pink.jpg\",\"width\":744,\"height\":800},{\"@type\":\"BreadcrumbList\",\"@id\":\"https:\\\/\\\/starlediluminacion.com\\\/it\\\/product\\\/neon-led-flexible-24v-13w-m-bobina-50m-6x12mm-rosa\\\/#breadcrumb\",\"itemListElement\":[{\"@type\":\"ListItem\",\"position\":1,\"name\":\"Portada\",\"item\":\"https:\\\/\\\/starlediluminacion.com\\\/\"},{\"@type\":\"ListItem\",\"position\":2,\"name\":\"Shop\",\"item\":\"https:\\\/\\\/starlediluminacion.com\\\/shop-2\\\/\"},{\"@type\":\"ListItem\",\"position\":3,\"name\":\"Ne\u00f3n LED Flexible 24V &#8211; 13W\\\/m &#8211; Bobina 50m &#8211; 6x12mm &#8211; Rosa\"}]},{\"@type\":\"WebSite\",\"@id\":\"https:\\\/\\\/starlediluminacion.com\\\/#website\",\"url\":\"https:\\\/\\\/starlediluminacion.com\\\/\",\"name\":\"STARLED Iluminacion\",\"description\":\"\",\"potentialAction\":[{\"@type\":\"SearchAction\",\"target\":{\"@type\":\"EntryPoint\",\"urlTemplate\":\"https:\\\/\\\/starlediluminacion.com\\\/?s={search_term_string}\"},\"query-input\":{\"@type\":\"PropertyValueSpecification\",\"valueRequired\":true,\"valueName\":\"search_term_string\"}}],\"inLanguage\":\"fr-FR\"}]}<\/script>\n<!-- \/ Yoast SEO plugin. -->","yoast_head_json":{"title":"Ne\u00f3n LED Flexible 24V - 13W\/m - Bobina 50m - 6x12mm - Rosa - STARLED Iluminacion","robots":{"index":"index","follow":"follow","max-snippet":"max-snippet:-1","max-image-preview":"max-image-preview:large","max-video-preview":"max-video-preview:-1"},"canonical":"https:\/\/starlediluminacion.com\/fr\/product\/neon-led-flexible-24v-13w-m-bobina-50m-6x12mm-rosa\/","og_locale":"fr_FR","og_type":"article","og_title":"Ne\u00f3n LED Flexible 24V - 13W\/m - Bobina 50m - 6x12mm - Rosa - STARLED Iluminacion","og_description":"Referencia: SLROSA92013      El Ne\u00f3n LED flexible en bobina de 50m a 24V y 13W\/m es ideal para se\u00f1al\u00e9tica y decoraci\u00f3n impactantes.\u00a0\u00a0Con 120 diodos SMD 2835 por metro, ofrece una luminosidad excepcional que no se desvanece gracias a su construcci\u00f3n en silicona de alta calidad, resistente al amarilleo. Se corta cada 1cm y su flexibilidad \u00fanica permite doblarlo en cualquier forma que necesites. Con protecci\u00f3n IP65, es perfecto tanto para uso interior como exterior. \u00a1Da vida a tus proyectos con este Ne\u00f3n LED de alto rendimiento!","og_url":"https:\/\/starlediluminacion.com\/fr\/product\/neon-led-flexible-24v-13w-m-bobina-50m-6x12mm-rosa\/","og_site_name":"STARLED Iluminacion","article_modified_time":"2025-01-05T14:52:51+00:00","og_image":[{"width":744,"height":800,"url":"https:\/\/starlediluminacion.com\/wp-content\/uploads\/2024\/10\/flexible-led-neon-24v-13wm-50m-reel-6x12mm-pink.jpg","type":"image\/jpeg"}],"twitter_card":"summary_large_image","twitter_misc":{"Dur\u00e9e de lecture estim\u00e9e":"4 minutes"},"schema":{"@context":"https:\/\/schema.org","@graph":[{"@type":"WebPage","@id":"https:\/\/starlediluminacion.com\/it\/product\/neon-led-flexible-24v-13w-m-bobina-50m-6x12mm-rosa\/","url":"https:\/\/starlediluminacion.com\/it\/product\/neon-led-flexible-24v-13w-m-bobina-50m-6x12mm-rosa\/","name":"Ne\u00f3n LED Flexible 24V - 13W\/m - Bobina 50m - 6x12mm - Rosa - STARLED Iluminacion","isPartOf":{"@id":"https:\/\/starlediluminacion.com\/#website"},"primaryImageOfPage":{"@id":"https:\/\/starlediluminacion.com\/it\/product\/neon-led-flexible-24v-13w-m-bobina-50m-6x12mm-rosa\/#primaryimage"},"image":{"@id":"https:\/\/starlediluminacion.com\/it\/product\/neon-led-flexible-24v-13w-m-bobina-50m-6x12mm-rosa\/#primaryimage"},"thumbnailUrl":"https:\/\/starlediluminacion.com\/wp-content\/uploads\/2024\/10\/flexible-led-neon-24v-13wm-50m-reel-6x12mm-pink.jpg","datePublished":"2024-10-20T13:59:53+00:00","dateModified":"2025-01-05T14:52:51+00:00","breadcrumb":{"@id":"https:\/\/starlediluminacion.com\/it\/product\/neon-led-flexible-24v-13w-m-bobina-50m-6x12mm-rosa\/#breadcrumb"},"inLanguage":"fr-FR","potentialAction":[{"@type":"ReadAction","target":["https:\/\/starlediluminacion.com\/it\/product\/neon-led-flexible-24v-13w-m-bobina-50m-6x12mm-rosa\/"]}]},{"@type":"ImageObject","inLanguage":"fr-FR","@id":"https:\/\/starlediluminacion.com\/it\/product\/neon-led-flexible-24v-13w-m-bobina-50m-6x12mm-rosa\/#primaryimage","url":"https:\/\/starlediluminacion.com\/wp-content\/uploads\/2024\/10\/flexible-led-neon-24v-13wm-50m-reel-6x12mm-pink.jpg","contentUrl":"https:\/\/starlediluminacion.com\/wp-content\/uploads\/2024\/10\/flexible-led-neon-24v-13wm-50m-reel-6x12mm-pink.jpg","width":744,"height":800},{"@type":"BreadcrumbList","@id":"https:\/\/starlediluminacion.com\/it\/product\/neon-led-flexible-24v-13w-m-bobina-50m-6x12mm-rosa\/#breadcrumb","itemListElement":[{"@type":"ListItem","position":1,"name":"Portada","item":"https:\/\/starlediluminacion.com\/"},{"@type":"ListItem","position":2,"name":"Shop","item":"https:\/\/starlediluminacion.com\/shop-2\/"},{"@type":"ListItem","position":3,"name":"Ne\u00f3n LED Flexible 24V &#8211; 13W\/m &#8211; Bobina 50m &#8211; 6x12mm &#8211; Rosa"}]},{"@type":"WebSite","@id":"https:\/\/starlediluminacion.com\/#website","url":"https:\/\/starlediluminacion.com\/","name":"STARLED Iluminacion","description":"","potentialAction":[{"@type":"SearchAction","target":{"@type":"EntryPoint","urlTemplate":"https:\/\/starlediluminacion.com\/?s={search_term_string}"},"query-input":{"@type":"PropertyValueSpecification","valueRequired":true,"valueName":"search_term_string"}}],"inLanguage":"fr-FR"}]}},"_links":{"self":[{"href":"https:\/\/starlediluminacion.com\/fr\/wp-json\/wp\/v3\/product\/14249","targetHints":{"allow":["GET"]}}],"collection":[{"href":"https:\/\/starlediluminacion.com\/fr\/wp-json\/wp\/v3\/product"}],"about":[{"href":"https:\/\/starlediluminacion.com\/fr\/wp-json\/wp\/v2\/types\/product"}],"wp:featuredmedia":[{"embeddable":true,"href":"https:\/\/starlediluminacion.com\/fr\/wp-json\/wp\/v2\/media\/14261"}],"wp:attachment":[{"href":"https:\/\/starlediluminacion.com\/fr\/wp-json\/wp\/v2\/media?parent=14249"}],"wp:term":[{"taxonomy":"product_cat","embeddable":true,"href":"https:\/\/starlediluminacion.com\/fr\/wp-json\/wp\/v2\/product_cat?post=14249"},{"taxonomy":"product_tag","embeddable":true,"href":"https:\/\/starlediluminacion.com\/fr\/wp-json\/wp\/v2\/product_tag?post=14249"}],"curies":[{"name":"wp","href":"https:\/\/api.w.org\/{rel}","templated":true}]}}