{"id":13861,"date":"2024-09-15T08:23:36","date_gmt":"2024-09-15T08:23:36","guid":{"rendered":"https:\/\/starlediluminacion.com\/?post_type=product&#038;p=13861"},"modified":"2025-01-05T14:47:47","modified_gmt":"2025-01-05T14:47:47","slug":"placa-slim-led-circular-10w-acero-inox-cct-osram-chip-duris-e-2835","status":"publish","type":"product","link":"https:\/\/starlediluminacion.com\/fr\/product\/placa-slim-led-circular-10w-acero-inox-cct-osram-chip-duris-e-2835\/","title":{"rendered":"<p>Slim Round LED Panel 10W Acier inoxydable - CCT - OSRAM CHIP DURIS E 2835<\/p>"},"content":{"rendered":"<h1>Slim Round LED Panel 10W Acier inoxydable - CCT - OSRAM CHIP DURIS E 2835<p>D\u00e9couvrez notre gamme innovante de&nbsp;<strong>Panneaux encastr\u00e9s LED<\/strong>&nbsp;La technologie au service de la minceur&nbsp;<strong>TDC<\/strong>con\u00e7u pour offrir polyvalence et qualit\u00e9 dans l'\u00e9clairage de vos espaces.&nbsp;<strong>Avec des options de s\u00e9lection de couleurs entre 2700K, 4000K et 5700K,<\/strong>&nbsp;cette plaque est le choix id\u00e9al pour r\u00e9pondre \u00e0 vos besoins sp\u00e9cifiques en mati\u00e8re d'\u00e9clairage.<\/p><p>\u00c9quip\u00e9 de la c\u00e9l\u00e8bre&nbsp;<strong>Puces OSRAM DURIS E 2835,<\/strong>&nbsp;cette plaque garantit une luminosit\u00e9 exceptionnelle qui \u00e9clairera vos environnements de mani\u00e8re uniforme et efficace. Son grand angle d'ouverture de 120\u00ba permet une distribution uniforme de la lumi\u00e8re, parfaite pour tout type d'\u00e9tablissement commercial, qu'il s'agisse d'une maison, d'un bureau ou d'un magasin.<\/p><p>De plus, son design moderne et attrayant s'int\u00e8gre parfaitement \u00e0 tous les environnements. De plus, il est dot\u00e9 d'un pilote NO FLICK, ce qui signifie que vous ne subirez pas de scintillement g\u00eanant, et d'un indice de rendu des couleurs de&nbsp;<strong>(CRI) de +85,<\/strong>&nbsp;ce qui garantit des couleurs plus naturelles et un \u00e9clairage de qualit\u00e9.<\/p><p>Avec notre&nbsp;<strong>Downlight LED<\/strong>&nbsp;Slim CCT, vous b\u00e9n\u00e9ficiez d'un \u00e9clairage efficace, polyvalent et de haute qualit\u00e9 qui s'adapte \u00e0 vos besoins et ajoute une touche de style \u00e0 vos espaces.<\/p><h2 dir=\"ltr\">Usos de la Placa Empotrable Slim LED Circular 10W&nbsp;&ndash; OSRAM CHIP<\/h2><ul>\n<li>Centres de loisirs<\/li>\n<li>Magasins<\/li>\n<li>Centres commerciaux<\/li>\n<li>H\u00f4tels<\/li>\n<li>Restaurants<\/li>\n<li>Accueil<\/li>\n<\/ul><h3 class=\"h6\">Fiche technique du produit<\/h3><dl class=\"data-sheet\">\n<dt class=\"name\"><img loading=\"lazy\" decoding=\"async\" src=\"https:\/\/www.factorled.com\/modules\/oa_features\/img\/2-default.jpg\" width=\"32\" height=\"32\">&nbsp;R\u00c9F\u00c9RENCE<\/dt>\n<dd class=\"value\">PLRNP10WOSR-3CCT-91876<\/dd>\n<dt class=\"name\"><img loading=\"lazy\" decoding=\"async\" src=\"https:\/\/www.factorled.com\/modules\/oa_features\/img\/3-default.jpg\" width=\"32\" height=\"32\">&nbsp;Puissance nominale<\/dt>\n<dd class=\"value\">10W<\/dd>\n<dt class=\"name\"><img loading=\"lazy\" decoding=\"async\" src=\"https:\/\/www.factorled.com\/modules\/oa_features\/img\/4-default.jpg\" width=\"32\" height=\"32\">&nbsp;Tension nominale<\/dt>\n<dd class=\"value\">85V-265V<\/dd>\n<dt class=\"name\"><img loading=\"lazy\" decoding=\"async\" src=\"https:\/\/www.factorled.com\/modules\/oa_features\/img\/5-default.jpg\" width=\"32\" height=\"32\">&nbsp;Temp\u00e9rature de la lumi\u00e8re<\/dt>\n<dd class=\"value\">2700K - 4000K - 5700K<\/dd>\n<dt class=\"name\"><img loading=\"lazy\" decoding=\"async\" src=\"https:\/\/www.factorled.com\/modules\/oa_features\/img\/6-default.jpg\" width=\"32\" height=\"32\">&nbsp;CRI - Indice de rendu des couleurs<\/dt>\n<dd class=\"value\">85<\/dd>\n<dt class=\"name\"><img loading=\"lazy\" decoding=\"async\" src=\"https:\/\/www.factorled.com\/modules\/oa_features\/img\/25-default.jpg\" width=\"32\" height=\"32\">&nbsp;Mat\u00e9riaux de construction<\/dt>\n<dd class=\"value\">Acier + ABS<\/dd>\n<dt class=\"name\"><img loading=\"lazy\" decoding=\"async\" src=\"https:\/\/www.factorled.com\/modules\/oa_features\/img\/25-default.jpg\" width=\"32\" height=\"32\">&nbsp;Mat\u00e9riaux de construction<\/dt>\n<dd class=\"value\">Aluminium +PC<\/dd>\n<dt class=\"name\"><img loading=\"lazy\" decoding=\"async\" src=\"https:\/\/www.factorled.com\/modules\/oa_features\/img\/8-default.jpg\" width=\"32\" height=\"32\">&nbsp;Luminosit\u00e9-Lm<\/dt>\n<dd class=\"value\">1000<\/dd>\n<dt class=\"name\"><img loading=\"lazy\" decoding=\"async\" src=\"https:\/\/www.factorled.com\/modules\/oa_features\/img\/9-default.jpg\" width=\"32\" height=\"32\">&nbsp;Type de LED<\/dt>\n<dd class=\"value\">SMD 2835 OSRAM CHIP<\/dd>\n<dt class=\"name\"><img loading=\"lazy\" decoding=\"async\" src=\"https:\/\/www.factorled.com\/modules\/oa_features\/img\/10-default.jpg\" width=\"32\" height=\"32\">&nbsp;Angle d'ouverture (\u00ba)<\/dt>\n<dd class=\"value\">120\u00ba<\/dd>\n<dt class=\"name\"><img loading=\"lazy\" decoding=\"async\" src=\"https:\/\/www.factorled.com\/modules\/oa_features\/img\/12-default.jpg\" width=\"32\" height=\"32\">&nbsp;Efficacit\u00e9 de la diode LED (Lm\/W)<\/dt>\n<dd class=\"value\">140 Lm\/W<\/dd>\n<dt class=\"name\"><img loading=\"lazy\" decoding=\"async\" src=\"https:\/\/www.factorled.com\/modules\/oa_features\/img\/13-default.jpg\" width=\"32\" height=\"32\">&nbsp;Efficacit\u00e9 lumineuse (Lm\/W)<\/dt>\n<dd class=\"value\">100Lm\/W<\/dd>\n<dt class=\"name\"><img loading=\"lazy\" decoding=\"async\" src=\"https:\/\/www.factorled.com\/modules\/oa_features\/img\/11-default.jpg\" width=\"32\" height=\"32\">&nbsp;Dimable<\/dt>\n<dd class=\"value\">NON<\/dd>\n<dt class=\"name\"><img loading=\"lazy\" decoding=\"async\" src=\"https:\/\/www.factorled.com\/modules\/oa_features\/img\/15-default.jpg\" width=\"32\" height=\"32\">&nbsp;Certificats<\/dt>\n<dd class=\"value\">CE - ROHS<\/dd>\n<dt class=\"name\"><img loading=\"lazy\" decoding=\"async\" src=\"https:\/\/www.factorled.com\/modules\/oa_features\/img\/16-default.jpg\" width=\"32\" height=\"32\">&nbsp;Indice IP<\/dt>\n<dd class=\"value\">IP20<\/dd>\n<dt class=\"name\"><img loading=\"lazy\" decoding=\"async\" src=\"https:\/\/www.factorled.com\/modules\/oa_features\/img\/17-default.jpg\" width=\"32\" height=\"32\">&nbsp;Dur\u00e9e de vie estim\u00e9e Diode LED (H)<\/dt>\n<dd class=\"value\">40.000<\/dd>\n<dt class=\"name\"><img loading=\"lazy\" decoding=\"async\" src=\"https:\/\/www.factorled.com\/modules\/oa_features\/img\/18-default.jpg\" width=\"32\" height=\"32\">&nbsp;Mesures (Mm)<\/dt>\n<dd class=\"value\">\u00d8120x22mm<\/dd>\n<dt class=\"name\"><img loading=\"lazy\" decoding=\"async\" src=\"https:\/\/www.factorled.com\/modules\/oa_features\/img\/21-default.jpg\" width=\"32\" height=\"32\">&nbsp;Fr\u00e9quence de travail (Hz)<\/dt>\n<dd class=\"value\">50\/60Hz<\/dd>\n<dt class=\"name\"><img loading=\"lazy\" decoding=\"async\" src=\"https:\/\/www.factorled.com\/modules\/oa_features\/img\/22-default.jpg\" width=\"32\" height=\"32\">&nbsp;Plage de temp\u00e9rature (\u00baC)<\/dt>\n<dd class=\"value\">-20\u00b0C ~ +55\u00b0C<\/dd>\n<dt class=\"name\"><img loading=\"lazy\" decoding=\"async\" src=\"https:\/\/www.factorled.com\/modules\/oa_features\/img\/23-default.jpg\" width=\"32\" height=\"32\">&nbsp;Cycles d'allumage<\/dt>\n<dd class=\"value\">100.000<\/dd>\n<dt class=\"name\"><img loading=\"lazy\" decoding=\"async\" src=\"https:\/\/www.factorled.com\/modules\/oa_features\/img\/24-default.jpg\" width=\"32\" height=\"32\">&nbsp;Temps de d\u00e9marrage (S)<\/dt>\n<dd class=\"value\">0,2s<\/dd>\n<dt class=\"name\"><img loading=\"lazy\" decoding=\"async\" src=\"https:\/\/www.factorled.com\/modules\/oa_features\/img\/27-default.jpg\" width=\"32\" height=\"32\">&nbsp;Coupe au plafond (Mm)<\/dt>\n<dd class=\"value\">\u00d8110mm<\/dd>\n<dt class=\"name\"><img loading=\"lazy\" decoding=\"async\" src=\"https:\/\/www.factorled.com\/modules\/oa_features\/img\/74-default.jpg\" width=\"32\" height=\"32\">&nbsp;Conducteur inclus<\/dt>\n<dd class=\"value\">CONDUCTEUR SANS SCINTILLEMENT - SANS SCINTILLEMENT<\/dd>\n<dt class=\"name\"><img loading=\"lazy\" decoding=\"async\" src=\"https:\/\/www.factorled.com\/modules\/oa_features\/img\/7-default.jpg\" width=\"32\" height=\"32\">&nbsp;Classe \u00e9nerg\u00e9tique (2021-UE-2019\/2015)<\/dt>\n<dd class=\"value\">A+<\/dd>\n<dt class=\"name\"><img loading=\"lazy\" decoding=\"async\" src=\"https:\/\/www.factorled.com\/modules\/oa_features\/img\/101-default.jpg\" width=\"32\" height=\"32\">&nbsp;Classe \u00e9nerg\u00e9tique (2023 - EU-2019\/2015)<\/dt>\n<dd class=\"value\">F<\/dd>\n<dt class=\"name\"><img loading=\"lazy\" decoding=\"async\" src=\"https:\/\/www.factorled.com\/modules\/oa_features\/img\/75-default.jpg\" width=\"32\" height=\"32\">&nbsp;Ann\u00e9es de garantie<\/dt>\n<dd class=\"value\">3<\/dd>\n<\/dl><\/h1>","protected":false},"excerpt":{"rendered":"<div class=\"product-reference\"><strong><label class=\"label\">R\u00e9f\u00e9rence :<\/label> SLPLRNP10WOSR-3CCT-91876<\/strong>\n<div><\/div>\n<div class=\"product-description-short\">\n<div id=\"product-description-short-3630\">\n<p>D\u00e9couvrez notre nouvelle gamme de&nbsp;<strong>Panneaux LED encastr\u00e9s minces - acier inoxydable -&nbsp;<\/strong>avec la technologie<strong>&nbsp;CCT,<\/strong>&nbsp;la solution parfaite pour un \u00e9clairage polyvalent et de qualit\u00e9. Avec des options de couleur entre&nbsp;<strong>2700K, 4000K et 5700K<\/strong>cette&nbsp;<strong>downlight circulaire<\/strong>&nbsp;de&nbsp;<strong>10W&nbsp;<\/strong>\u00e9quip\u00e9 de&nbsp;<strong>OSRAM DURIS E 2835<\/strong>&nbsp;offre une luminosit\u00e9 exceptionnelle pour tout environnement commercial.<\/p>\n<p>Son design moderne, son angle d'ouverture de 120\u00ba et son&nbsp;<strong>conducteur NO FLICK<\/strong>&nbsp;garantit un \u00e9clairage uniforme, sans scintillement, avec des couleurs naturelles - faites ressortir vos espaces avec ce downlight LED de qualit\u00e9 !<\/p>\n<\/div>\n<\/div><\/div>","protected":false},"featured_media":13869,"template":"","meta":{"site-sidebar-layout":"default","site-content-layout":"default","ast-global-header-display":"","ast-main-header-display":"","ast-hfb-above-header-display":"","ast-hfb-below-header-display":"","ast-hfb-mobile-header-display":"","site-post-title":"","ast-breadcrumbs-content":"","ast-featured-img":"","footer-sml-layout":"","theme-transparent-header-meta":"default","adv-header-id-meta":"","stick-header-meta":"","header-above-stick-meta":"","header-main-stick-meta":"","header-below-stick-meta":""},"product_cat":[68,27],"product_tag":[],"class_list":["post-13861","product","type-product","status-publish","has-post-thumbnail","hentry","product_cat-downlight-extraplano-slim-led","product_cat-downlight-plafones-y-placas-led"],"yoast_head":"<!-- This site is optimized with the Yoast SEO plugin v27.4 - https:\/\/yoast.com\/product\/yoast-seo-wordpress\/ -->\n<title>Placa Slim LED Circular 10W Acero Inox - CCT - OSRAM CHIP DURIS E 2835 - STARLED Iluminacion<\/title>\n<meta name=\"robots\" content=\"index, follow, max-snippet:-1, max-image-preview:large, max-video-preview:-1\" \/>\n<link rel=\"canonical\" href=\"https:\/\/starlediluminacion.com\/fr\/product\/placa-circular-fina-com-leds-10w-acero-inox-cct-osram-chip-duris-e-2835-2\/\" \/>\n<meta property=\"og:locale\" content=\"fr_FR\" \/>\n<meta property=\"og:type\" content=\"article\" \/>\n<meta property=\"og:title\" content=\"Placa Slim LED Circular 10W Acero Inox - CCT - OSRAM CHIP DURIS E 2835 - STARLED Iluminacion\" \/>\n<meta property=\"og:description\" content=\"Referencia: SLPLRNP10WOSR-3CCT-91876      Descubre nuestra nueva gama de\u00a0Placas Empotrables LED Slim - Acero inox -\u00a0con tecnolog\u00eda\u00a0CCT,\u00a0la soluci\u00f3n perfecta para una iluminaci\u00f3n vers\u00e1til y de calidad. Con opciones de color entre\u00a02700K, 4000K y 5700K, este\u00a0downlight circular\u00a0de\u00a010W\u00a0equipada con\u00a0OSRAM DURIS E 2835\u00a0ofrece una luminosidad excepcional para cualquier entorno comercial.  Su dise\u00f1o moderno, \u00e1ngulo de apertura de 120\u00ba y\u00a0driver NO FLICK\u00a0garantizan una iluminaci\u00f3n uniforme, sin parpadeos y con colores naturales. \u00a1Haz que tus espacios destaquen con esta Placa Empotrable LED de calidad!\" \/>\n<meta property=\"og:url\" content=\"https:\/\/starlediluminacion.com\/fr\/product\/placa-circular-fina-com-leds-10w-acero-inox-cct-osram-chip-duris-e-2835-2\/\" \/>\n<meta property=\"og:site_name\" content=\"STARLED Iluminacion\" \/>\n<meta property=\"article:modified_time\" content=\"2025-01-05T14:47:47+00:00\" \/>\n<meta property=\"og:image\" content=\"https:\/\/starlediluminacion.com\/wp-content\/uploads\/2024\/09\/placa-slim-led-circular-10w-acero-inox-cct-osram-chip-duris-e-2835.jpg\" \/>\n\t<meta property=\"og:image:width\" content=\"744\" \/>\n\t<meta property=\"og:image:height\" content=\"800\" \/>\n\t<meta property=\"og:image:type\" content=\"image\/jpeg\" \/>\n<meta name=\"twitter:card\" content=\"summary_large_image\" \/>\n<meta name=\"twitter:label1\" content=\"Dur\u00e9e de lecture estim\u00e9e\" \/>\n\t<meta name=\"twitter:data1\" content=\"2 minutes\" \/>\n<script type=\"application\/ld+json\" class=\"yoast-schema-graph\">{\"@context\":\"https:\\\/\\\/schema.org\",\"@graph\":[{\"@type\":\"WebPage\",\"@id\":\"https:\\\/\\\/starlediluminacion.com\\\/pt\\\/product\\\/placa-circular-fina-com-leds-10w-acero-inox-cct-osram-chip-duris-e-2835-2\\\/\",\"url\":\"https:\\\/\\\/starlediluminacion.com\\\/pt\\\/product\\\/placa-circular-fina-com-leds-10w-acero-inox-cct-osram-chip-duris-e-2835-2\\\/\",\"name\":\"Placa Slim LED Circular 10W Acero Inox - CCT - OSRAM CHIP DURIS E 2835 - STARLED Iluminacion\",\"isPartOf\":{\"@id\":\"https:\\\/\\\/starlediluminacion.com\\\/#website\"},\"primaryImageOfPage\":{\"@id\":\"https:\\\/\\\/starlediluminacion.com\\\/pt\\\/product\\\/placa-circular-fina-com-leds-10w-acero-inox-cct-osram-chip-duris-e-2835-2\\\/#primaryimage\"},\"image\":{\"@id\":\"https:\\\/\\\/starlediluminacion.com\\\/pt\\\/product\\\/placa-circular-fina-com-leds-10w-acero-inox-cct-osram-chip-duris-e-2835-2\\\/#primaryimage\"},\"thumbnailUrl\":\"https:\\\/\\\/starlediluminacion.com\\\/wp-content\\\/uploads\\\/2024\\\/09\\\/placa-slim-led-circular-10w-acero-inox-cct-osram-chip-duris-e-2835.jpg\",\"datePublished\":\"2024-09-15T08:23:36+00:00\",\"dateModified\":\"2025-01-05T14:47:47+00:00\",\"breadcrumb\":{\"@id\":\"https:\\\/\\\/starlediluminacion.com\\\/pt\\\/product\\\/placa-circular-fina-com-leds-10w-acero-inox-cct-osram-chip-duris-e-2835-2\\\/#breadcrumb\"},\"inLanguage\":\"fr-FR\",\"potentialAction\":[{\"@type\":\"ReadAction\",\"target\":[\"https:\\\/\\\/starlediluminacion.com\\\/pt\\\/product\\\/placa-circular-fina-com-leds-10w-acero-inox-cct-osram-chip-duris-e-2835-2\\\/\"]}]},{\"@type\":\"ImageObject\",\"inLanguage\":\"fr-FR\",\"@id\":\"https:\\\/\\\/starlediluminacion.com\\\/pt\\\/product\\\/placa-circular-fina-com-leds-10w-acero-inox-cct-osram-chip-duris-e-2835-2\\\/#primaryimage\",\"url\":\"https:\\\/\\\/starlediluminacion.com\\\/wp-content\\\/uploads\\\/2024\\\/09\\\/placa-slim-led-circular-10w-acero-inox-cct-osram-chip-duris-e-2835.jpg\",\"contentUrl\":\"https:\\\/\\\/starlediluminacion.com\\\/wp-content\\\/uploads\\\/2024\\\/09\\\/placa-slim-led-circular-10w-acero-inox-cct-osram-chip-duris-e-2835.jpg\",\"width\":744,\"height\":800},{\"@type\":\"BreadcrumbList\",\"@id\":\"https:\\\/\\\/starlediluminacion.com\\\/pt\\\/product\\\/placa-circular-fina-com-leds-10w-acero-inox-cct-osram-chip-duris-e-2835-2\\\/#breadcrumb\",\"itemListElement\":[{\"@type\":\"ListItem\",\"position\":1,\"name\":\"Portada\",\"item\":\"https:\\\/\\\/starlediluminacion.com\\\/\"},{\"@type\":\"ListItem\",\"position\":2,\"name\":\"Shop\",\"item\":\"https:\\\/\\\/starlediluminacion.com\\\/shop-2\\\/\"},{\"@type\":\"ListItem\",\"position\":3,\"name\":\"Placa Slim LED Circular 10W Acero Inox &#8211; CCT &#8211; OSRAM CHIP DURIS E 2835\"}]},{\"@type\":\"WebSite\",\"@id\":\"https:\\\/\\\/starlediluminacion.com\\\/#website\",\"url\":\"https:\\\/\\\/starlediluminacion.com\\\/\",\"name\":\"STARLED Iluminacion\",\"description\":\"\",\"potentialAction\":[{\"@type\":\"SearchAction\",\"target\":{\"@type\":\"EntryPoint\",\"urlTemplate\":\"https:\\\/\\\/starlediluminacion.com\\\/?s={search_term_string}\"},\"query-input\":{\"@type\":\"PropertyValueSpecification\",\"valueRequired\":true,\"valueName\":\"search_term_string\"}}],\"inLanguage\":\"fr-FR\"}]}<\/script>\n<!-- \/ Yoast SEO plugin. -->","yoast_head_json":{"title":"Placa Slim LED Circular 10W Acero Inox - CCT - OSRAM CHIP DURIS E 2835 - STARLED Iluminacion","robots":{"index":"index","follow":"follow","max-snippet":"max-snippet:-1","max-image-preview":"max-image-preview:large","max-video-preview":"max-video-preview:-1"},"canonical":"https:\/\/starlediluminacion.com\/fr\/product\/placa-circular-fina-com-leds-10w-acero-inox-cct-osram-chip-duris-e-2835-2\/","og_locale":"fr_FR","og_type":"article","og_title":"Placa Slim LED Circular 10W Acero Inox - CCT - OSRAM CHIP DURIS E 2835 - STARLED Iluminacion","og_description":"Referencia: SLPLRNP10WOSR-3CCT-91876      Descubre nuestra nueva gama de\u00a0Placas Empotrables LED Slim - Acero inox -\u00a0con tecnolog\u00eda\u00a0CCT,\u00a0la soluci\u00f3n perfecta para una iluminaci\u00f3n vers\u00e1til y de calidad. Con opciones de color entre\u00a02700K, 4000K y 5700K, este\u00a0downlight circular\u00a0de\u00a010W\u00a0equipada con\u00a0OSRAM DURIS E 2835\u00a0ofrece una luminosidad excepcional para cualquier entorno comercial.  Su dise\u00f1o moderno, \u00e1ngulo de apertura de 120\u00ba y\u00a0driver NO FLICK\u00a0garantizan una iluminaci\u00f3n uniforme, sin parpadeos y con colores naturales. \u00a1Haz que tus espacios destaquen con esta Placa Empotrable LED de calidad!","og_url":"https:\/\/starlediluminacion.com\/fr\/product\/placa-circular-fina-com-leds-10w-acero-inox-cct-osram-chip-duris-e-2835-2\/","og_site_name":"STARLED Iluminacion","article_modified_time":"2025-01-05T14:47:47+00:00","og_image":[{"width":744,"height":800,"url":"https:\/\/starlediluminacion.com\/wp-content\/uploads\/2024\/09\/placa-slim-led-circular-10w-acero-inox-cct-osram-chip-duris-e-2835.jpg","type":"image\/jpeg"}],"twitter_card":"summary_large_image","twitter_misc":{"Dur\u00e9e de lecture estim\u00e9e":"2 minutes"},"schema":{"@context":"https:\/\/schema.org","@graph":[{"@type":"WebPage","@id":"https:\/\/starlediluminacion.com\/pt\/product\/placa-circular-fina-com-leds-10w-acero-inox-cct-osram-chip-duris-e-2835-2\/","url":"https:\/\/starlediluminacion.com\/pt\/product\/placa-circular-fina-com-leds-10w-acero-inox-cct-osram-chip-duris-e-2835-2\/","name":"Placa Slim LED Circular 10W Acero Inox - CCT - OSRAM CHIP DURIS E 2835 - STARLED Iluminacion","isPartOf":{"@id":"https:\/\/starlediluminacion.com\/#website"},"primaryImageOfPage":{"@id":"https:\/\/starlediluminacion.com\/pt\/product\/placa-circular-fina-com-leds-10w-acero-inox-cct-osram-chip-duris-e-2835-2\/#primaryimage"},"image":{"@id":"https:\/\/starlediluminacion.com\/pt\/product\/placa-circular-fina-com-leds-10w-acero-inox-cct-osram-chip-duris-e-2835-2\/#primaryimage"},"thumbnailUrl":"https:\/\/starlediluminacion.com\/wp-content\/uploads\/2024\/09\/placa-slim-led-circular-10w-acero-inox-cct-osram-chip-duris-e-2835.jpg","datePublished":"2024-09-15T08:23:36+00:00","dateModified":"2025-01-05T14:47:47+00:00","breadcrumb":{"@id":"https:\/\/starlediluminacion.com\/pt\/product\/placa-circular-fina-com-leds-10w-acero-inox-cct-osram-chip-duris-e-2835-2\/#breadcrumb"},"inLanguage":"fr-FR","potentialAction":[{"@type":"ReadAction","target":["https:\/\/starlediluminacion.com\/pt\/product\/placa-circular-fina-com-leds-10w-acero-inox-cct-osram-chip-duris-e-2835-2\/"]}]},{"@type":"ImageObject","inLanguage":"fr-FR","@id":"https:\/\/starlediluminacion.com\/pt\/product\/placa-circular-fina-com-leds-10w-acero-inox-cct-osram-chip-duris-e-2835-2\/#primaryimage","url":"https:\/\/starlediluminacion.com\/wp-content\/uploads\/2024\/09\/placa-slim-led-circular-10w-acero-inox-cct-osram-chip-duris-e-2835.jpg","contentUrl":"https:\/\/starlediluminacion.com\/wp-content\/uploads\/2024\/09\/placa-slim-led-circular-10w-acero-inox-cct-osram-chip-duris-e-2835.jpg","width":744,"height":800},{"@type":"BreadcrumbList","@id":"https:\/\/starlediluminacion.com\/pt\/product\/placa-circular-fina-com-leds-10w-acero-inox-cct-osram-chip-duris-e-2835-2\/#breadcrumb","itemListElement":[{"@type":"ListItem","position":1,"name":"Portada","item":"https:\/\/starlediluminacion.com\/"},{"@type":"ListItem","position":2,"name":"Shop","item":"https:\/\/starlediluminacion.com\/shop-2\/"},{"@type":"ListItem","position":3,"name":"Placa Slim LED Circular 10W Acero Inox &#8211; CCT &#8211; OSRAM CHIP DURIS E 2835"}]},{"@type":"WebSite","@id":"https:\/\/starlediluminacion.com\/#website","url":"https:\/\/starlediluminacion.com\/","name":"STARLED Iluminacion","description":"","potentialAction":[{"@type":"SearchAction","target":{"@type":"EntryPoint","urlTemplate":"https:\/\/starlediluminacion.com\/?s={search_term_string}"},"query-input":{"@type":"PropertyValueSpecification","valueRequired":true,"valueName":"search_term_string"}}],"inLanguage":"fr-FR"}]}},"_links":{"self":[{"href":"https:\/\/starlediluminacion.com\/fr\/wp-json\/wp\/v3\/product\/13861","targetHints":{"allow":["GET"]}}],"collection":[{"href":"https:\/\/starlediluminacion.com\/fr\/wp-json\/wp\/v3\/product"}],"about":[{"href":"https:\/\/starlediluminacion.com\/fr\/wp-json\/wp\/v2\/types\/product"}],"wp:featuredmedia":[{"embeddable":true,"href":"https:\/\/starlediluminacion.com\/fr\/wp-json\/wp\/v2\/media\/13869"}],"wp:attachment":[{"href":"https:\/\/starlediluminacion.com\/fr\/wp-json\/wp\/v2\/media?parent=13861"}],"wp:term":[{"taxonomy":"product_cat","embeddable":true,"href":"https:\/\/starlediluminacion.com\/fr\/wp-json\/wp\/v2\/product_cat?post=13861"},{"taxonomy":"product_tag","embeddable":true,"href":"https:\/\/starlediluminacion.com\/fr\/wp-json\/wp\/v2\/product_tag?post=13861"}],"curies":[{"name":"wp","href":"https:\/\/api.w.org\/{rel}","templated":true}]}}