{"id":13781,"date":"2024-08-04T10:52:02","date_gmt":"2024-08-04T10:52:02","guid":{"rendered":"https:\/\/starlediluminacion.com\/?post_type=product&#038;p=13781"},"modified":"2025-01-05T14:46:34","modified_gmt":"2025-01-05T14:46:34","slug":"pack-controladora-led-monocolor-12-24v-control-remoto-24ghz","status":"publish","type":"product","link":"https:\/\/starlediluminacion.com\/fr\/product\/pack-controller-led-monocolour-12-24v-control-remoto-24ghz\/","title":{"rendered":"<p>Pack Contr\u00f4leur LED mono-couleur 12-24V + T\u00e9l\u00e9commande - 2,4GHz<\/p>"},"content":{"rendered":"<h1>Pack contr\u00f4leur LED mono-couleur 12-24V + t\u00e9l\u00e9commande - 2,4GHz<p>&nbsp;<\/p><p>Les&nbsp;<strong>Pack Contr\u00f4leur couleur unique - 2.4GHz (12-24V) + T\u00e9l\u00e9commande RF (2.4GHz)<\/strong>&nbsp;est une solution avanc\u00e9e et adaptable con\u00e7ue pour r\u00e9pondre \u00e0 un large \u00e9ventail de besoins d'\u00e9clairage dans les environnements r\u00e9sidentiels et commerciaux. Ce pack comprend un contr\u00f4leur et une t\u00e9l\u00e9commande qui, ensemble, permettent un contr\u00f4le complet et facile \u00e0 utiliser de vos appareils d'\u00e9clairage.<\/p><h4>Principales caract\u00e9ristiques<\/h4><p><strong>Polyvalence d'utilisation :<\/strong>&nbsp;Le pack est con\u00e7u pour offrir une flexibilit\u00e9 maximale dans la gestion de vos \u00e9clairages unicolores. La possibilit\u00e9 de r\u00e9gler la luminosit\u00e9 et la brillance vous permet de cr\u00e9er l'ambiance parfaite \u00e0 tout moment et en tout lieu.<\/p><p><strong>2. T\u00e9l\u00e9commande RF :<\/strong>&nbsp;La t\u00e9l\u00e9commande B2 RF utilise la technologie de radiofr\u00e9quence (RF) de 2,4 GHz, ce qui permet un contr\u00f4le sans fil fiable et sans interf\u00e9rence. Cette technologie garantit une transmission efficace des signaux, m\u00eame \u00e0 travers les murs et autres obstacles.<\/p><p><strong>3. Gamme \u00e9tendue de contr\u00f4les :<\/strong>&nbsp;Avec une port\u00e9e allant jusqu'\u00e0 30 m\u00e8tres, la t\u00e9l\u00e9commande B2 RF vous donne la libert\u00e9 de r\u00e9gler l'\u00e9clairage depuis n'importe quel endroit de la pi\u00e8ce ou m\u00eame depuis des pi\u00e8ces diff\u00e9rentes. Cette fonction est particuli\u00e8rement utile dans les grands espaces ou les applications commerciales o\u00f9 l'acc\u00e8s direct aux luminaires peut \u00eatre limit\u00e9.<\/p><p><strong>4. Luminosit\u00e9 et r\u00e9glage de la luminosit\u00e9 :<\/strong>&nbsp;La t\u00e9l\u00e9commande vous permet d'allumer et d'\u00e9teindre les lumi\u00e8res, ainsi que de r\u00e9gler la luminosit\u00e9 et l'intensit\u00e9 selon vos pr\u00e9f\u00e9rences. Cette fonctionnalit\u00e9 est id\u00e9ale pour adapter l'\u00e9clairage aux diff\u00e9rentes activit\u00e9s et heures de la journ\u00e9e, de la lumi\u00e8re douce pour se d\u00e9tendre \u00e0 la lumi\u00e8re vive pour travailler ou \u00e9tudier.<\/p><p><strong>5. Technologie de transmission sans fil 2.4G :<\/strong>&nbsp;La technologie de transmission sans fil 2,4 GHz garantit une connexion stable et de longue port\u00e9e, offrant une r\u00e9ponse rapide et fiable en mati\u00e8re de contr\u00f4le de l'\u00e9clairage. Cette technologie minimise les interf\u00e9rences et garantit que le contr\u00f4le de l'\u00e9clairage est toujours pr\u00e9cis.<\/p><h4>Installation et configuration<\/h4><p><strong>1. facilit\u00e9 d'installation :<\/strong>&nbsp;Le pack est con\u00e7u pour une installation rapide et facile. Le contr\u00f4leur peut \u00eatre connect\u00e9 \u00e0 des lampes LED unicolores de 12 \u00e0 24 V, et la t\u00e9l\u00e9commande ne n\u00e9cessite aucune installation compliqu\u00e9e. Il suffit de connecter le contr\u00f4leur \u00e0 l'alimentation \u00e9lectrique et aux lampes, et la t\u00e9l\u00e9commande est pr\u00eate \u00e0 l'emploi.<\/p><p><strong>2. Compatibilit\u00e9 :<\/strong>&nbsp;Le syst\u00e8me est compatible avec une large gamme de lampes LED unicolores, ce qui le rend extr\u00eamement polyvalent et adapt\u00e9 \u00e0 de nombreuses applications. Qu'il s'agisse d'\u00e9clairer un salon, un bureau, un entrep\u00f4t ou un magasin, ce pack offre une solution pratique et efficace.<\/p><p><strong>Applications et utilisations :<\/strong><\/p><p>Ce pack est id\u00e9al pour une vari\u00e9t\u00e9 d'applications dans les environnements r\u00e9sidentiels et commerciaux. Il convient parfaitement \u00e0 ceux qui recherchent une solution d'\u00e9clairage polyvalente et efficace permettant un contr\u00f4le d\u00e9taill\u00e9 et une personnalisation compl\u00e8te. Qu'il s'agisse de cr\u00e9er une ambiance accueillante dans la maison, d'\u00e9clairer efficacement des zones de travail ou de g\u00e9rer l'\u00e9clairage de grands espaces tels que des salles d'\u00e9v\u00e9nements ou des points de vente.<\/p><p>Transformez votre espace avec ce syst\u00e8me de contr\u00f4le de l'\u00e9clairage avanc\u00e9 et profitez d'un \u00e9clairage adapt\u00e9 \u00e0 vos besoins et \u00e0 vos pr\u00e9f\u00e9rences.<\/p><h3 class=\"h6\">Fiche technique du produit<\/h3><dl class=\"data-sheet\">\n<dt class=\"name\"><img loading=\"lazy\" decoding=\"async\" src=\"https:\/\/www.factorled.com\/modules\/oa_features\/img\/2-default.jpg\" width=\"32\" height=\"32\">&nbsp;R\u00c9F\u00c9RENCE<\/dt>\n<dd class=\"value\">PACK-FUT036S-FUT007<\/dd>\n<dt class=\"name\"><img loading=\"lazy\" decoding=\"async\" src=\"https:\/\/www.factorled.com\/modules\/oa_features\/img\/4-default.jpg\" width=\"32\" height=\"32\">&nbsp;Tension nominale<\/dt>\n<dd class=\"value\">E3-RF : 12-24V - B2:3V<\/dd>\n<dt class=\"name\"><img loading=\"lazy\" decoding=\"async\" src=\"https:\/\/www.factorled.com\/modules\/oa_features\/img\/5-default.jpg\" width=\"32\" height=\"32\">&nbsp;Temp\u00e9rature de la lumi\u00e8re<\/dt>\n<dd class=\"value\">Monocolore<\/dd>\n<dt class=\"name\"><img loading=\"lazy\" decoding=\"async\" src=\"https:\/\/www.factorled.com\/modules\/oa_features\/img\/18-default.jpg\" width=\"32\" height=\"32\">&nbsp;Mesures (Mm)<\/dt>\n<dd class=\"value\">FUT036S : 74,5 x 36 x H17,6mm FUT007 : 110 x 53 x 22mm<\/dd>\n<dt class=\"name\"><img loading=\"lazy\" decoding=\"async\" src=\"https:\/\/www.factorled.com\/modules\/oa_features\/img\/21-default.jpg\" width=\"32\" height=\"32\">&nbsp;Fr\u00e9quence de travail (Hz)<\/dt>\n<dd class=\"value\">2.4GHz<\/dd>\n<dt class=\"name\"><img loading=\"lazy\" decoding=\"async\" src=\"https:\/\/www.factorled.com\/modules\/oa_features\/img\/22-default.jpg\" width=\"32\" height=\"32\">&nbsp;Plage de temp\u00e9rature (\u00baC)<\/dt>\n<dd class=\"value\">-10\u00baC - 40\u00baC<\/dd>\n<dt class=\"name\"><img loading=\"lazy\" decoding=\"async\" src=\"https:\/\/www.factorled.com\/modules\/oa_features\/img\/77-default.jpg\" width=\"32\" height=\"32\">&nbsp;Port\u00e9e (M)<\/dt>\n<dd class=\"value\">30m<\/dd>\n<\/dl><\/h1>","protected":false},"excerpt":{"rendered":"<div class=\"product-reference\"><strong><label class=\"label\">R\u00e9f\u00e9rence :<\/label> SLPACK-FUT036S-FUT007<\/strong><div><\/div><div class=\"product-description-short\">\n<div id=\"product-description-short-3614\">\n<p>Les&nbsp;<strong>Pack Contr\u00f4leur couleur unique - 2.4GHz (12-24V) + T\u00e9l\u00e9commande RF (2.4GHz)<\/strong>&nbsp;offre une solution polyvalente pour vos besoins d'\u00e9clairage. La t\u00e9l\u00e9commande RF vous permet d'allumer et d'\u00e9teindre les lumi\u00e8res, de r\u00e9gler la luminosit\u00e9 et de la contr\u00f4ler. Elle offre \u00e9galement une port\u00e9e de contr\u00f4le allant jusqu'\u00e0 30 m\u00e8tres, ce qui vous permet de g\u00e9rer vos appareils d'\u00e9clairage \u00e0 une distance consid\u00e9rable.<\/p>\n<\/div>\n<\/div><\/div>","protected":false},"featured_media":13787,"template":"","meta":{"site-sidebar-layout":"default","site-content-layout":"default","ast-global-header-display":"","ast-main-header-display":"","ast-hfb-above-header-display":"","ast-hfb-below-header-display":"","ast-hfb-mobile-header-display":"","site-post-title":"","ast-breadcrumbs-content":"","ast-featured-img":"","footer-sml-layout":"","theme-transparent-header-meta":"default","adv-header-id-meta":"","stick-header-meta":"","header-above-stick-meta":"","header-main-stick-meta":"","header-below-stick-meta":""},"product_cat":[93,45],"product_tag":[],"class_list":["post-13781","product","type-product","status-publish","has-post-thumbnail","hentry","product_cat-controladoras-tiras-led","product_cat-tiras-led-y-neon-flexible"],"yoast_head":"<!-- This site is optimized with the Yoast SEO plugin v27.4 - https:\/\/yoast.com\/product\/yoast-seo-wordpress\/ -->\n<title>Pack Controladora LED Monocolor 12-24V + Control Remoto - 2,4GHz - STARLED Iluminacion<\/title>\n<meta name=\"robots\" content=\"index, follow, max-snippet:-1, max-image-preview:large, max-video-preview:-1\" \/>\n<link rel=\"canonical\" href=\"https:\/\/starlediluminacion.com\/fr\/product\/pack-controller-led-monocolour-12-24v-control-remoto-24ghz\/\" \/>\n<meta property=\"og:locale\" content=\"fr_FR\" \/>\n<meta property=\"og:type\" content=\"article\" \/>\n<meta property=\"og:title\" content=\"Pack Controladora LED Monocolor 12-24V + Control Remoto - 2,4GHz - STARLED Iluminacion\" \/>\n<meta property=\"og:description\" content=\"Referencia: SLPACK-FUT036S-FUT007     El\u00a0Pack Controladora Monocolor - 2.4GHz (12-24V) + Control Remoto RF (2.4GHz)\u00a0ofrece una soluci\u00f3n vers\u00e1til para tus necesidades de iluminaci\u00f3n. El control remoto RF te permite encender y apagar las luces, ajustar la luminosidad y controlar el brillo. Adem\u00e1s, proporciona un rango de control de hasta 30 metros, lo que te permite gestionar tus dispositivos de iluminaci\u00f3n desde una distancia considerable.\" \/>\n<meta property=\"og:url\" content=\"https:\/\/starlediluminacion.com\/fr\/product\/pack-controller-led-monocolour-12-24v-control-remoto-24ghz\/\" \/>\n<meta property=\"og:site_name\" content=\"STARLED Iluminacion\" \/>\n<meta property=\"article:modified_time\" content=\"2025-01-05T14:46:34+00:00\" \/>\n<meta property=\"og:image\" content=\"https:\/\/starlediluminacion.com\/wp-content\/uploads\/2024\/08\/pack-controladora-led-monocolor-12-24v-control-remoto-24ghz.jpg\" \/>\n\t<meta property=\"og:image:width\" content=\"744\" \/>\n\t<meta property=\"og:image:height\" content=\"800\" \/>\n\t<meta property=\"og:image:type\" content=\"image\/jpeg\" \/>\n<meta name=\"twitter:card\" content=\"summary_large_image\" \/>\n<meta name=\"twitter:label1\" content=\"Dur\u00e9e de lecture estim\u00e9e\" \/>\n\t<meta name=\"twitter:data1\" content=\"3 minutes\" \/>\n<script type=\"application\/ld+json\" class=\"yoast-schema-graph\">{\"@context\":\"https:\\\/\\\/schema.org\",\"@graph\":[{\"@type\":\"WebPage\",\"@id\":\"https:\\\/\\\/starlediluminacion.com\\\/producto\\\/pack-controladora-led-monocolor-12-24v-control-remoto-24ghz\\\/\",\"url\":\"https:\\\/\\\/starlediluminacion.com\\\/producto\\\/pack-controladora-led-monocolor-12-24v-control-remoto-24ghz\\\/\",\"name\":\"Pack Controladora LED Monocolor 12-24V + Control Remoto - 2,4GHz - STARLED Iluminacion\",\"isPartOf\":{\"@id\":\"https:\\\/\\\/starlediluminacion.com\\\/#website\"},\"primaryImageOfPage\":{\"@id\":\"https:\\\/\\\/starlediluminacion.com\\\/producto\\\/pack-controladora-led-monocolor-12-24v-control-remoto-24ghz\\\/#primaryimage\"},\"image\":{\"@id\":\"https:\\\/\\\/starlediluminacion.com\\\/producto\\\/pack-controladora-led-monocolor-12-24v-control-remoto-24ghz\\\/#primaryimage\"},\"thumbnailUrl\":\"https:\\\/\\\/starlediluminacion.com\\\/wp-content\\\/uploads\\\/2024\\\/08\\\/pack-controladora-led-monocolor-12-24v-control-remoto-24ghz.jpg\",\"datePublished\":\"2024-08-04T10:52:02+00:00\",\"dateModified\":\"2025-01-05T14:46:34+00:00\",\"breadcrumb\":{\"@id\":\"https:\\\/\\\/starlediluminacion.com\\\/producto\\\/pack-controladora-led-monocolor-12-24v-control-remoto-24ghz\\\/#breadcrumb\"},\"inLanguage\":\"fr-FR\",\"potentialAction\":[{\"@type\":\"ReadAction\",\"target\":[\"https:\\\/\\\/starlediluminacion.com\\\/producto\\\/pack-controladora-led-monocolor-12-24v-control-remoto-24ghz\\\/\"]}]},{\"@type\":\"ImageObject\",\"inLanguage\":\"fr-FR\",\"@id\":\"https:\\\/\\\/starlediluminacion.com\\\/producto\\\/pack-controladora-led-monocolor-12-24v-control-remoto-24ghz\\\/#primaryimage\",\"url\":\"https:\\\/\\\/starlediluminacion.com\\\/wp-content\\\/uploads\\\/2024\\\/08\\\/pack-controladora-led-monocolor-12-24v-control-remoto-24ghz.jpg\",\"contentUrl\":\"https:\\\/\\\/starlediluminacion.com\\\/wp-content\\\/uploads\\\/2024\\\/08\\\/pack-controladora-led-monocolor-12-24v-control-remoto-24ghz.jpg\",\"width\":744,\"height\":800},{\"@type\":\"BreadcrumbList\",\"@id\":\"https:\\\/\\\/starlediluminacion.com\\\/producto\\\/pack-controladora-led-monocolor-12-24v-control-remoto-24ghz\\\/#breadcrumb\",\"itemListElement\":[{\"@type\":\"ListItem\",\"position\":1,\"name\":\"Portada\",\"item\":\"https:\\\/\\\/starlediluminacion.com\\\/\"},{\"@type\":\"ListItem\",\"position\":2,\"name\":\"Shop\",\"item\":\"https:\\\/\\\/starlediluminacion.com\\\/shop-2\\\/\"},{\"@type\":\"ListItem\",\"position\":3,\"name\":\"Pack Controladora LED Monocolor 12-24V + Control Remoto &#8211; 2,4GHz\"}]},{\"@type\":\"WebSite\",\"@id\":\"https:\\\/\\\/starlediluminacion.com\\\/#website\",\"url\":\"https:\\\/\\\/starlediluminacion.com\\\/\",\"name\":\"STARLED Iluminacion\",\"description\":\"\",\"potentialAction\":[{\"@type\":\"SearchAction\",\"target\":{\"@type\":\"EntryPoint\",\"urlTemplate\":\"https:\\\/\\\/starlediluminacion.com\\\/?s={search_term_string}\"},\"query-input\":{\"@type\":\"PropertyValueSpecification\",\"valueRequired\":true,\"valueName\":\"search_term_string\"}}],\"inLanguage\":\"fr-FR\"}]}<\/script>\n<!-- \/ Yoast SEO plugin. -->","yoast_head_json":{"title":"Pack Controladora LED Monocolor 12-24V + Control Remoto - 2,4GHz - STARLED Iluminacion","robots":{"index":"index","follow":"follow","max-snippet":"max-snippet:-1","max-image-preview":"max-image-preview:large","max-video-preview":"max-video-preview:-1"},"canonical":"https:\/\/starlediluminacion.com\/fr\/product\/pack-controller-led-monocolour-12-24v-control-remoto-24ghz\/","og_locale":"fr_FR","og_type":"article","og_title":"Pack Controladora LED Monocolor 12-24V + Control Remoto - 2,4GHz - STARLED Iluminacion","og_description":"Referencia: SLPACK-FUT036S-FUT007     El\u00a0Pack Controladora Monocolor - 2.4GHz (12-24V) + Control Remoto RF (2.4GHz)\u00a0ofrece una soluci\u00f3n vers\u00e1til para tus necesidades de iluminaci\u00f3n. El control remoto RF te permite encender y apagar las luces, ajustar la luminosidad y controlar el brillo. Adem\u00e1s, proporciona un rango de control de hasta 30 metros, lo que te permite gestionar tus dispositivos de iluminaci\u00f3n desde una distancia considerable.","og_url":"https:\/\/starlediluminacion.com\/fr\/product\/pack-controller-led-monocolour-12-24v-control-remoto-24ghz\/","og_site_name":"STARLED Iluminacion","article_modified_time":"2025-01-05T14:46:34+00:00","og_image":[{"width":744,"height":800,"url":"https:\/\/starlediluminacion.com\/wp-content\/uploads\/2024\/08\/pack-controladora-led-monocolor-12-24v-control-remoto-24ghz.jpg","type":"image\/jpeg"}],"twitter_card":"summary_large_image","twitter_misc":{"Dur\u00e9e de lecture estim\u00e9e":"3 minutes"},"schema":{"@context":"https:\/\/schema.org","@graph":[{"@type":"WebPage","@id":"https:\/\/starlediluminacion.com\/producto\/pack-controladora-led-monocolor-12-24v-control-remoto-24ghz\/","url":"https:\/\/starlediluminacion.com\/producto\/pack-controladora-led-monocolor-12-24v-control-remoto-24ghz\/","name":"Pack Controladora LED Monocolor 12-24V + Control Remoto - 2,4GHz - STARLED Iluminacion","isPartOf":{"@id":"https:\/\/starlediluminacion.com\/#website"},"primaryImageOfPage":{"@id":"https:\/\/starlediluminacion.com\/producto\/pack-controladora-led-monocolor-12-24v-control-remoto-24ghz\/#primaryimage"},"image":{"@id":"https:\/\/starlediluminacion.com\/producto\/pack-controladora-led-monocolor-12-24v-control-remoto-24ghz\/#primaryimage"},"thumbnailUrl":"https:\/\/starlediluminacion.com\/wp-content\/uploads\/2024\/08\/pack-controladora-led-monocolor-12-24v-control-remoto-24ghz.jpg","datePublished":"2024-08-04T10:52:02+00:00","dateModified":"2025-01-05T14:46:34+00:00","breadcrumb":{"@id":"https:\/\/starlediluminacion.com\/producto\/pack-controladora-led-monocolor-12-24v-control-remoto-24ghz\/#breadcrumb"},"inLanguage":"fr-FR","potentialAction":[{"@type":"ReadAction","target":["https:\/\/starlediluminacion.com\/producto\/pack-controladora-led-monocolor-12-24v-control-remoto-24ghz\/"]}]},{"@type":"ImageObject","inLanguage":"fr-FR","@id":"https:\/\/starlediluminacion.com\/producto\/pack-controladora-led-monocolor-12-24v-control-remoto-24ghz\/#primaryimage","url":"https:\/\/starlediluminacion.com\/wp-content\/uploads\/2024\/08\/pack-controladora-led-monocolor-12-24v-control-remoto-24ghz.jpg","contentUrl":"https:\/\/starlediluminacion.com\/wp-content\/uploads\/2024\/08\/pack-controladora-led-monocolor-12-24v-control-remoto-24ghz.jpg","width":744,"height":800},{"@type":"BreadcrumbList","@id":"https:\/\/starlediluminacion.com\/producto\/pack-controladora-led-monocolor-12-24v-control-remoto-24ghz\/#breadcrumb","itemListElement":[{"@type":"ListItem","position":1,"name":"Portada","item":"https:\/\/starlediluminacion.com\/"},{"@type":"ListItem","position":2,"name":"Shop","item":"https:\/\/starlediluminacion.com\/shop-2\/"},{"@type":"ListItem","position":3,"name":"Pack Controladora LED Monocolor 12-24V + Control Remoto &#8211; 2,4GHz"}]},{"@type":"WebSite","@id":"https:\/\/starlediluminacion.com\/#website","url":"https:\/\/starlediluminacion.com\/","name":"STARLED Iluminacion","description":"","potentialAction":[{"@type":"SearchAction","target":{"@type":"EntryPoint","urlTemplate":"https:\/\/starlediluminacion.com\/?s={search_term_string}"},"query-input":{"@type":"PropertyValueSpecification","valueRequired":true,"valueName":"search_term_string"}}],"inLanguage":"fr-FR"}]}},"_links":{"self":[{"href":"https:\/\/starlediluminacion.com\/fr\/wp-json\/wp\/v3\/product\/13781","targetHints":{"allow":["GET"]}}],"collection":[{"href":"https:\/\/starlediluminacion.com\/fr\/wp-json\/wp\/v3\/product"}],"about":[{"href":"https:\/\/starlediluminacion.com\/fr\/wp-json\/wp\/v2\/types\/product"}],"wp:featuredmedia":[{"embeddable":true,"href":"https:\/\/starlediluminacion.com\/fr\/wp-json\/wp\/v2\/media\/13787"}],"wp:attachment":[{"href":"https:\/\/starlediluminacion.com\/fr\/wp-json\/wp\/v2\/media?parent=13781"}],"wp:term":[{"taxonomy":"product_cat","embeddable":true,"href":"https:\/\/starlediluminacion.com\/fr\/wp-json\/wp\/v2\/product_cat?post=13781"},{"taxonomy":"product_tag","embeddable":true,"href":"https:\/\/starlediluminacion.com\/fr\/wp-json\/wp\/v2\/product_tag?post=13781"}],"curies":[{"name":"wp","href":"https:\/\/api.w.org\/{rel}","templated":true}]}}