{"id":13759,"date":"2024-08-04T10:43:00","date_gmt":"2024-08-04T10:43:00","guid":{"rendered":"https:\/\/starlediluminacion.com\/?post_type=product&#038;p=13759"},"modified":"2025-01-05T14:46:18","modified_gmt":"2025-01-05T14:46:18","slug":"pack-controladora-led-cct-rgb-12-24v-panel-control-remoto-24ghz","status":"publish","type":"product","link":"https:\/\/starlediluminacion.com\/fr\/product\/pack-controller-led-controller-cct-rgb-12-24v-panel-remote-control-24ghz\/","title":{"rendered":"<p>Pack Contr\u00f4leur LED CCT - RGB - 12-24V + Panneau de contr\u00f4le \u00e0 distance - 2,4GHz<\/p>"},"content":{"rendered":"<h1>Pack Contr\u00f4leur LED CCT - RGB - 12-24V + T\u00e9l\u00e9commande - 2,4GHz<p>&nbsp;<\/p><p>Le pack contr\u00f4leur 2.4GHz (12-24V) + t\u00e9l\u00e9commande 2.4GHz est une solution avanc\u00e9e et polyvalente con\u00e7ue pour maximiser le contr\u00f4le et la personnalisation de vos bandes LED. Ce pack comprend un contr\u00f4leur fonctionnant dans la gamme 12-24V et une t\u00e9l\u00e9commande fonctionnant \u00e0 2,4GHz, offrant une exp\u00e9rience utilisateur intuitive et efficace.<\/p><p>L'une des caract\u00e9ristiques exceptionnelles de ce pack est sa capacit\u00e9 \u00e0 basculer entre trois modes de sortie diff\u00e9rents : RVB, RVBW et RVB+CCT. Il suffit d'appuyer sur un bouton pour adapter l'\u00e9clairage \u00e0 diff\u00e9rents besoins et pr\u00e9f\u00e9rences. Que vous recherchiez l'\u00e9clat des couleurs RVB, l'ajout de blanc en RVBW ou la possibilit\u00e9 d'ajuster la temp\u00e9rature de couleur en RVB+CCT, ce contr\u00f4leur poss\u00e8de la flexibilit\u00e9 n\u00e9cessaire pour s'adapter \u00e0 toutes les situations.<\/p><p>&nbsp;<\/p><p><strong>Principales caract\u00e9ristiques<\/strong><\/p><p><strong>Modes de sortie variables :<\/strong>&nbsp;Basculez entre RVB, RVBW et RVB+CCT \u00e0 l'aide d'un seul bouton.<\/p><p><strong>2. Contr\u00f4le individuel des LED :<\/strong>&nbsp;Permet de r\u00e9gler la vitesse, la luminosit\u00e9, la direction, la longueur et les modes dynamiques.<\/p><p><strong>3. Animations intelligentes :<\/strong>&nbsp;Transitions douces et attrayantes lors de l'allumage et de l'extinction.<\/p><p><strong>4. Personnalisation d\u00e9taill\u00e9e :<\/strong>&nbsp;Couleurs et pixels r\u00e9glables pour des effets sp\u00e9cifiques.<\/p><p><strong>5. Installation facile :<\/strong>&nbsp;C\u00e2blage instantan\u00e9 sans outils.<\/p><p><strong>6. T\u00e9l\u00e9commande \u00e0 longue port\u00e9e :<\/strong>&nbsp;Distance de contr\u00f4le jusqu'\u00e0 30 m\u00e8tres.<\/p><p>&nbsp;<\/p><p><strong>7. R\u00e9glages de la luminosit\u00e9 et de la temp\u00e9rature de couleur :<\/strong>&nbsp;\u00c9clairage adaptable et personnalisable.<\/p><p>&nbsp;<\/p><p><strong>Animations intelligentes et personnalisation<\/strong><\/p><p>Profitez d'animations intelligentes lorsque vous allumez ou \u00e9teignez les lumi\u00e8res, apportant une touche professionnelle et sophistiqu\u00e9e \u00e0 votre espace. La possibilit\u00e9 de personnaliser les couleurs et les points de pixels vous permet d'obtenir des effets d'\u00e9clairage d\u00e9taill\u00e9s et complexes, parfaits pour les projets d'\u00e9clairage cr\u00e9atifs et professionnels.<\/p><p>Le c\u00e2blage de ce contr\u00f4leur est instantan\u00e9 et ne n\u00e9cessite aucun outil, ce qui facilite son installation et sa mise en place. En outre, la t\u00e9l\u00e9commande a une port\u00e9e de 30 m\u00e8tres, ce qui vous donne la libert\u00e9 de r\u00e9gler votre \u00e9clairage depuis n'importe quel endroit situ\u00e9 dans cette zone.<\/p><p>&nbsp;<\/p><p><strong>R\u00e9glages de la luminosit\u00e9 et de la temp\u00e9rature de couleur<\/strong><\/p><p>Le contr\u00f4leur offre des r\u00e9glages pr\u00e9cis de la luminosit\u00e9 et de la temp\u00e9rature de couleur, ce qui vous permet d'adapter l'\u00e9clairage \u00e0 chaque situation et \u00e0 chaque humeur. Qu'il s'agisse de cr\u00e9er une atmosph\u00e8re chaleureuse dans une maison ou d'\u00e9clairer efficacement un espace commercial, ce pack fournit les outils dont vous avez besoin pour y parvenir.<\/p><p>&nbsp;<\/p><p><strong>Applications et utilisations<\/strong><\/p><p>Ce pack est id\u00e9al pour un large \u00e9ventail d'applications, des projets d'\u00e9clairage cr\u00e9atifs \u00e0 la maison aux installations professionnelles dans les environnements commerciaux et de divertissement. Il est parfait pour ceux qui recherchent la qualit\u00e9, le contr\u00f4le et la cr\u00e9ativit\u00e9 dans leurs syst\u00e8mes d'\u00e9clairage LED. Qu'il s'agisse d'\u00e9v\u00e9nements sp\u00e9ciaux, d'installations artistiques ou de l'am\u00e9lioration de l'ambiance d'un espace, le pack contr\u00f4leur num\u00e9rique 2,4GHz (12-24V) + t\u00e9l\u00e9commande 2,4GHz garantit des r\u00e9sultats exceptionnels et polyvalents.<\/p><h3 class=\"h6\">Fiche technique du produit<\/h3><dl class=\"data-sheet\">\n<dt class=\"name\"><img loading=\"lazy\" decoding=\"async\" src=\"https:\/\/www.factorled.com\/modules\/oa_features\/img\/2-default.jpg\" width=\"32\" height=\"32\">&nbsp;R\u00c9F\u00c9RENCE<\/dt>\n<dd class=\"value\">PACK-E3-RF-B4<\/dd>\n<dt class=\"name\"><img loading=\"lazy\" decoding=\"async\" src=\"https:\/\/www.factorled.com\/modules\/oa_features\/img\/4-default.jpg\" width=\"32\" height=\"32\">&nbsp;Tension nominale<\/dt>\n<dd class=\"value\">E3-RF : 12-24V - B4:3V<\/dd>\n<dt class=\"name\"><img loading=\"lazy\" decoding=\"async\" src=\"https:\/\/www.factorled.com\/modules\/oa_features\/img\/5-default.jpg\" width=\"32\" height=\"32\">&nbsp;Temp\u00e9rature de la lumi\u00e8re<\/dt>\n<dd class=\"value\">RGB \/ RGBW \/ RGB+CCT<\/dd>\n<dt class=\"name\"><img loading=\"lazy\" decoding=\"async\" src=\"https:\/\/www.factorled.com\/modules\/oa_features\/img\/18-default.jpg\" width=\"32\" height=\"32\">&nbsp;Mesures (Mm)<\/dt>\n<dd class=\"value\">E3-RF : 100 x 40 x H17,6mm FUT092 : 138 x 56 x 20mm<\/dd>\n<dt class=\"name\"><img loading=\"lazy\" decoding=\"async\" src=\"https:\/\/www.factorled.com\/modules\/oa_features\/img\/21-default.jpg\" width=\"32\" height=\"32\">&nbsp;Fr\u00e9quence de travail (Hz)<\/dt>\n<dd class=\"value\">2.4GHz<\/dd>\n<dt class=\"name\"><img loading=\"lazy\" decoding=\"async\" src=\"https:\/\/www.factorled.com\/modules\/oa_features\/img\/22-default.jpg\" width=\"32\" height=\"32\">&nbsp;Plage de temp\u00e9rature (\u00baC)<\/dt>\n<dd class=\"value\">-10\u00baC - 40\u00baC<\/dd>\n<dt class=\"name\"><img loading=\"lazy\" decoding=\"async\" src=\"https:\/\/www.factorled.com\/modules\/oa_features\/img\/77-default.jpg\" width=\"32\" height=\"32\">&nbsp;Port\u00e9e (M)<\/dt>\n<dd class=\"value\">30m<\/dd>\n<\/dl><\/h1>","protected":false},"excerpt":{"rendered":"<div class=\"product-reference\"><strong><label class=\"label\">R\u00e9f\u00e9rence :<\/label> SLPACK-E3-RF-B4<\/strong>\n<div><\/div>\n<div class=\"product-description-short\">\n<div id=\"product-description-short-3610\">\n<p>Les&nbsp;<strong>Pack contr\u00f4leur 2.4GHz (12-24V) + t\u00e9l\u00e9commande 2.4GHz<\/strong>&nbsp;Permet de basculer entre 3 modes de sortie&nbsp;<strong>(RGB \/ RGBW \/ RGB+CCT)<\/strong>&nbsp;\u00e0 l'aide d'un bouton-poussoir. Contr\u00f4lez chaque LED individuellement, en r\u00e9glant la vitesse, la luminosit\u00e9, la direction, la longueur et les modes dynamiques. Profitez d'animations intelligentes et personnalisez les couleurs et les pixels pour obtenir des effets d\u00e9taill\u00e9s. Le c\u00e2blage est instantan\u00e9 et sans outil, avec une distance de contr\u00f4le pouvant aller jusqu'\u00e0 30 m\u00e8tres. La luminosit\u00e9 et la temp\u00e9rature de couleur sont r\u00e9glables.<\/p>\n<p>&nbsp;<\/p>\n<\/div>\n<\/div><\/div>","protected":false},"featured_media":13768,"template":"","meta":{"site-sidebar-layout":"default","site-content-layout":"default","ast-global-header-display":"","ast-main-header-display":"","ast-hfb-above-header-display":"","ast-hfb-below-header-display":"","ast-hfb-mobile-header-display":"","site-post-title":"","ast-breadcrumbs-content":"","ast-featured-img":"","footer-sml-layout":"","theme-transparent-header-meta":"default","adv-header-id-meta":"","stick-header-meta":"","header-above-stick-meta":"","header-main-stick-meta":"","header-below-stick-meta":""},"product_cat":[93,45],"product_tag":[],"class_list":["post-13759","product","type-product","status-publish","has-post-thumbnail","hentry","product_cat-controladoras-tiras-led","product_cat-tiras-led-y-neon-flexible"],"_links":{"self":[{"href":"https:\/\/starlediluminacion.com\/fr\/wp-json\/wp\/v3\/product\/13759","targetHints":{"allow":["GET"]}}],"collection":[{"href":"https:\/\/starlediluminacion.com\/fr\/wp-json\/wp\/v3\/product"}],"about":[{"href":"https:\/\/starlediluminacion.com\/fr\/wp-json\/wp\/v2\/types\/product"}],"wp:featuredmedia":[{"embeddable":true,"href":"https:\/\/starlediluminacion.com\/fr\/wp-json\/wp\/v2\/media\/13768"}],"wp:attachment":[{"href":"https:\/\/starlediluminacion.com\/fr\/wp-json\/wp\/v2\/media?parent=13759"}],"wp:term":[{"taxonomy":"product_cat","embeddable":true,"href":"https:\/\/starlediluminacion.com\/fr\/wp-json\/wp\/v2\/product_cat?post=13759"},{"taxonomy":"product_tag","embeddable":true,"href":"https:\/\/starlediluminacion.com\/fr\/wp-json\/wp\/v2\/product_tag?post=13759"}],"curies":[{"name":"wp","href":"https:\/\/api.w.org\/{rel}","templated":true}]}}