{"id":13424,"date":"2024-07-07T11:16:07","date_gmt":"2024-07-07T11:16:07","guid":{"rendered":"https:\/\/starlediluminacion.com\/?post_type=product&#038;p=13424"},"modified":"2024-10-27T10:22:17","modified_gmt":"2024-10-27T10:22:17","slug":"fuente-alimentacion-profesional-12v-36w-ecoled-ip67-tuv","status":"publish","type":"product","link":"https:\/\/starlediluminacion.com\/fr\/product\/alimentation-professionnelle-12v-36w-ecoled-ip67-tuv-2\/","title":{"rendered":"<p>Alimentation PROFESSIONNELLE 12V 36W - ECOLED - IP67 - T\u00dcV<\/p>"},"content":{"rendered":"<h1>Alimentation PROFESSIONNELLE 12V 36W - ECOLED - IP67 - T\u00dcV<p>&nbsp;<\/p><p>La fuente de alimentaci&oacute;n profesional 12V 36W de ECOLED es una soluci&oacute;n robusta dise&ntilde;ada para aplicaciones exigentes donde se requiere un suministro el&eacute;ctrico confiable y seguro. Sus caracter&iacute;sticas clave incluyen:<\/p><ul>\n<li><strong>Protections avanc\u00e9es :<\/strong>&nbsp;Il int\u00e8gre des protections contre les courts-circuits, les surcharges et les surtensions, garantissant la s\u00e9curit\u00e9 de l'\u00e9quipement et de l'environnement.<\/li>\n<li><strong>Refroidissement efficace :<\/strong>&nbsp;Il utilise un refroidissement par convection \u00e0 air libre, ce qui \u00e9limine le besoin de ventilateurs et garantit un fonctionnement silencieux et sans entretien.<\/li>\n<li><strong>Compatibilit\u00e9 universelle :<\/strong>&nbsp;Gr\u00e2ce \u00e0 sa gamme d'entr\u00e9e universelle en courant alternatif, il peut fonctionner efficacement dans diff\u00e9rents r\u00e9seaux \u00e9lectriques \u00e0 travers le monde.<\/li>\n<li><strong>R\u00e9sistant \u00e0 l'eau et \u00e0 la poussi\u00e8re :<\/strong>&nbsp;Avec un indice de protection IP67, il est enti\u00e8rement prot\u00e9g\u00e9 contre la poussi\u00e8re et peut \u00eatre temporairement immerg\u00e9 dans l'eau sans compromettre ses performances.<\/li>\n<li><strong>Protection de classe II :<\/strong>&nbsp;Conforme aux normes de s\u00e9curit\u00e9 de classe II, offrant une protection suppl\u00e9mentaire contre les chocs \u00e9lectriques.<\/li>\n<li><strong>Conception \u00e0 tension constante :<\/strong>&nbsp;Garantit une alimentation stable \u00e0 tension constante de 12V, id\u00e9ale pour les applications n\u00e9cessitant une alimentation de pr\u00e9cision<\/li>\n<\/ul><p>&nbsp;<\/p><p>Cette alimentation est con\u00e7ue pour r\u00e9pondre aux exigences des applications professionnelles o\u00f9 la fiabilit\u00e9, la s\u00e9curit\u00e9 et la constance des performances sont cruciales.<\/p><h3 class=\"h6\">Fiche technique du produit<\/h3><dl class=\"data-sheet\">\n<dt class=\"name\"><img loading=\"lazy\" decoding=\"async\" src=\"https:\/\/www.factorled.com\/modules\/oa_features\/img\/2-default.jpg\" width=\"32\" height=\"32\">&nbsp;R\u00c9F\u00c9RENCE<\/dt>\n<dd class=\"value\">FAECOLED36W12V-IP67<\/dd>\n<dt class=\"name\"><img loading=\"lazy\" decoding=\"async\" src=\"https:\/\/www.factorled.com\/modules\/oa_features\/img\/3-default.jpg\" width=\"32\" height=\"32\">&nbsp;Puissance nominale<\/dt>\n<dd class=\"value\">36w<\/dd>\n<dt class=\"name\"><img loading=\"lazy\" decoding=\"async\" src=\"https:\/\/www.factorled.com\/modules\/oa_features\/img\/4-default.jpg\" width=\"32\" height=\"32\">&nbsp;Tension nominale<\/dt>\n<dd class=\"value\">12V DC<\/dd>\n<dt class=\"name\"><img loading=\"lazy\" decoding=\"async\" src=\"https:\/\/www.factorled.com\/modules\/oa_features\/img\/15-default.jpg\" width=\"32\" height=\"32\">&nbsp;Certificats<\/dt>\n<dd class=\"value\">CE - ROHS-T\u00dcV<\/dd>\n<dt class=\"name\"><img loading=\"lazy\" decoding=\"async\" src=\"https:\/\/www.factorled.com\/modules\/oa_features\/img\/16-default.jpg\" width=\"32\" height=\"32\">&nbsp;Indice IP<\/dt>\n<dd class=\"value\">IP67-Ext\u00e9rieur<\/dd>\n<dt class=\"name\"><img loading=\"lazy\" decoding=\"async\" src=\"https:\/\/www.factorled.com\/modules\/oa_features\/img\/18-default.jpg\" width=\"32\" height=\"32\">&nbsp;Mesures (Mm)<\/dt>\n<dd class=\"value\">148x32x28mm<\/dd>\n<dt class=\"name\"><img loading=\"lazy\" decoding=\"async\" src=\"https:\/\/www.factorled.com\/modules\/oa_features\/img\/22-default.jpg\" width=\"32\" height=\"32\">&nbsp;Plage de temp\u00e9rature (\u00baC)<\/dt>\n<dd class=\"value\">-20\u00baC ~ 70\u00baC<\/dd>\n<dt class=\"name\"><img loading=\"lazy\" decoding=\"async\" src=\"https:\/\/www.factorled.com\/modules\/oa_features\/img\/31-default.jpg\" width=\"32\" height=\"32\">&nbsp;Protecteur de surtension<\/dt>\n<dd class=\"value\">10K<\/dd>\n<dt class=\"name\"><img loading=\"lazy\" decoding=\"async\" src=\"https:\/\/www.factorled.com\/modules\/oa_features\/img\/75-default.jpg\" width=\"32\" height=\"32\">&nbsp;Ann\u00e9es de garantie<\/dt>\n<dd class=\"value\">5<\/dd>\n<\/dl><\/h1>","protected":false},"excerpt":{"rendered":"<div class=\"product-reference\"><strong><label class=\"label\">R\u00e9f\u00e9rence :<\/label> SLFAECOLED36W12V-IP67<\/strong>\n<div><\/div>\n<div class=\"product-description-short\">\n<div id=\"product-description-short-3595\">\n<p>L'alimentation professionnelle&nbsp;<strong>12V 36W<\/strong>&nbsp;est une solution robuste et s\u00fbre pour les applications exigeantes. Il offre&nbsp;<strong>protection<\/strong>&nbsp;contre&nbsp;<strong>les courts-circuits, les surcharges et les surtensions<\/strong>La conception compacte et efficace garantit des performances stables et fiables dans n'importe quel environnement. Parfait pour les applications exigeant une fiabilit\u00e9 et une s\u00e9curit\u00e9 \u00e9lectrique \u00e9lev\u00e9es.<\/p>\n<\/div>\n<\/div><\/div>","protected":false},"featured_media":13429,"template":"","meta":{"site-sidebar-layout":"default","site-content-layout":"default","ast-global-header-display":"","ast-main-header-display":"","ast-hfb-above-header-display":"","ast-hfb-below-header-display":"","ast-hfb-mobile-header-display":"","site-post-title":"","ast-breadcrumbs-content":"","ast-featured-img":"","footer-sml-layout":"","theme-transparent-header-meta":"default","adv-header-id-meta":"","stick-header-meta":"","header-above-stick-meta":"","header-main-stick-meta":"","header-below-stick-meta":""},"product_cat":[73,35],"product_tag":[],"class_list":["post-13424","product","type-product","status-publish","has-post-thumbnail","hentry","product_cat-fuentes-12v","product_cat-fuentes-de-alimentacion-y-driver"],"yoast_head":"<!-- This site is optimized with the Yoast SEO plugin v27.4 - https:\/\/yoast.com\/product\/yoast-seo-wordpress\/ -->\n<title>Fuente Alimentaci\u00f3n PROFESIONAL 12V 36W - ECOLED - IP67 - T\u00dcV - STARLED Iluminacion<\/title>\n<meta name=\"robots\" content=\"index, follow, max-snippet:-1, max-image-preview:large, max-video-preview:-1\" \/>\n<link rel=\"canonical\" href=\"https:\/\/starlediluminacion.com\/fr\/product\/power-supply-professional-12v-36w-ecoled-ip67-tuv\/\" \/>\n<meta property=\"og:locale\" content=\"fr_FR\" \/>\n<meta property=\"og:type\" content=\"article\" \/>\n<meta property=\"og:title\" content=\"Fuente Alimentaci\u00f3n PROFESIONAL 12V 36W - ECOLED - IP67 - T\u00dcV - STARLED Iluminacion\" \/>\n<meta property=\"og:description\" content=\"Referencia: SLFAECOLED36W12V-IP67      La fuente de alimentaci\u00f3n profesional\u00a012V 36W\u00a0de ECOLED es una soluci\u00f3n robusta y segura para aplicaciones exigentes. Ofrece\u00a0protecci\u00f3n\u00a0avanzada contra\u00a0cortocircuitos, sobrecargas y sobretensiones, junto con un dise\u00f1o compacto y eficiente que garantiza un rendimiento estable y confiable en cualquier entorno. Perfecta para aplicaciones que requieren alta fiabilidad y seguridad el\u00e9ctrica.\" \/>\n<meta property=\"og:url\" content=\"https:\/\/starlediluminacion.com\/fr\/product\/power-supply-professional-12v-36w-ecoled-ip67-tuv\/\" \/>\n<meta property=\"og:site_name\" content=\"STARLED Iluminacion\" \/>\n<meta property=\"article:modified_time\" content=\"2024-10-27T10:22:17+00:00\" \/>\n<meta property=\"og:image\" content=\"https:\/\/starlediluminacion.com\/wp-content\/uploads\/2024\/07\/fuente-alimentacion-profesional-12v-36w-ecoled-ip67-tuv.jpg\" \/>\n\t<meta property=\"og:image:width\" content=\"744\" \/>\n\t<meta property=\"og:image:height\" content=\"800\" \/>\n\t<meta property=\"og:image:type\" content=\"image\/jpeg\" \/>\n<meta name=\"twitter:card\" content=\"summary_large_image\" \/>\n<meta name=\"twitter:label1\" content=\"Dur\u00e9e de lecture estim\u00e9e\" \/>\n\t<meta name=\"twitter:data1\" content=\"1 minute\" \/>\n<script type=\"application\/ld+json\" class=\"yoast-schema-graph\">{\"@context\":\"https:\\\/\\\/schema.org\",\"@graph\":[{\"@type\":\"WebPage\",\"@id\":\"https:\\\/\\\/starlediluminacion.com\\\/en\\\/product\\\/power-supply-professional-12v-36w-ecoled-ip67-tuv\\\/\",\"url\":\"https:\\\/\\\/starlediluminacion.com\\\/en\\\/product\\\/power-supply-professional-12v-36w-ecoled-ip67-tuv\\\/\",\"name\":\"Fuente Alimentaci\u00f3n PROFESIONAL 12V 36W - ECOLED - IP67 - T\u00dcV - STARLED Iluminacion\",\"isPartOf\":{\"@id\":\"https:\\\/\\\/starlediluminacion.com\\\/#website\"},\"primaryImageOfPage\":{\"@id\":\"https:\\\/\\\/starlediluminacion.com\\\/en\\\/product\\\/power-supply-professional-12v-36w-ecoled-ip67-tuv\\\/#primaryimage\"},\"image\":{\"@id\":\"https:\\\/\\\/starlediluminacion.com\\\/en\\\/product\\\/power-supply-professional-12v-36w-ecoled-ip67-tuv\\\/#primaryimage\"},\"thumbnailUrl\":\"https:\\\/\\\/starlediluminacion.com\\\/wp-content\\\/uploads\\\/2024\\\/07\\\/fuente-alimentacion-profesional-12v-36w-ecoled-ip67-tuv.jpg\",\"datePublished\":\"2024-07-07T11:16:07+00:00\",\"dateModified\":\"2024-10-27T10:22:17+00:00\",\"breadcrumb\":{\"@id\":\"https:\\\/\\\/starlediluminacion.com\\\/en\\\/product\\\/power-supply-professional-12v-36w-ecoled-ip67-tuv\\\/#breadcrumb\"},\"inLanguage\":\"fr-FR\",\"potentialAction\":[{\"@type\":\"ReadAction\",\"target\":[\"https:\\\/\\\/starlediluminacion.com\\\/en\\\/product\\\/power-supply-professional-12v-36w-ecoled-ip67-tuv\\\/\"]}]},{\"@type\":\"ImageObject\",\"inLanguage\":\"fr-FR\",\"@id\":\"https:\\\/\\\/starlediluminacion.com\\\/en\\\/product\\\/power-supply-professional-12v-36w-ecoled-ip67-tuv\\\/#primaryimage\",\"url\":\"https:\\\/\\\/starlediluminacion.com\\\/wp-content\\\/uploads\\\/2024\\\/07\\\/fuente-alimentacion-profesional-12v-36w-ecoled-ip67-tuv.jpg\",\"contentUrl\":\"https:\\\/\\\/starlediluminacion.com\\\/wp-content\\\/uploads\\\/2024\\\/07\\\/fuente-alimentacion-profesional-12v-36w-ecoled-ip67-tuv.jpg\",\"width\":744,\"height\":800},{\"@type\":\"BreadcrumbList\",\"@id\":\"https:\\\/\\\/starlediluminacion.com\\\/en\\\/product\\\/power-supply-professional-12v-36w-ecoled-ip67-tuv\\\/#breadcrumb\",\"itemListElement\":[{\"@type\":\"ListItem\",\"position\":1,\"name\":\"Portada\",\"item\":\"https:\\\/\\\/starlediluminacion.com\\\/\"},{\"@type\":\"ListItem\",\"position\":2,\"name\":\"Shop\",\"item\":\"https:\\\/\\\/starlediluminacion.com\\\/shop-2\\\/\"},{\"@type\":\"ListItem\",\"position\":3,\"name\":\"Fuente Alimentaci\u00f3n PROFESIONAL 12V 36W &#8211; ECOLED &#8211; IP67 &#8211; T\u00dcV\"}]},{\"@type\":\"WebSite\",\"@id\":\"https:\\\/\\\/starlediluminacion.com\\\/#website\",\"url\":\"https:\\\/\\\/starlediluminacion.com\\\/\",\"name\":\"STARLED Iluminacion\",\"description\":\"\",\"potentialAction\":[{\"@type\":\"SearchAction\",\"target\":{\"@type\":\"EntryPoint\",\"urlTemplate\":\"https:\\\/\\\/starlediluminacion.com\\\/?s={search_term_string}\"},\"query-input\":{\"@type\":\"PropertyValueSpecification\",\"valueRequired\":true,\"valueName\":\"search_term_string\"}}],\"inLanguage\":\"fr-FR\"}]}<\/script>\n<!-- \/ Yoast SEO plugin. -->","yoast_head_json":{"title":"Fuente Alimentaci\u00f3n PROFESIONAL 12V 36W - ECOLED - IP67 - T\u00dcV - STARLED Iluminacion","robots":{"index":"index","follow":"follow","max-snippet":"max-snippet:-1","max-image-preview":"max-image-preview:large","max-video-preview":"max-video-preview:-1"},"canonical":"https:\/\/starlediluminacion.com\/fr\/product\/power-supply-professional-12v-36w-ecoled-ip67-tuv\/","og_locale":"fr_FR","og_type":"article","og_title":"Fuente Alimentaci\u00f3n PROFESIONAL 12V 36W - ECOLED - IP67 - T\u00dcV - STARLED Iluminacion","og_description":"Referencia: SLFAECOLED36W12V-IP67      La fuente de alimentaci\u00f3n profesional\u00a012V 36W\u00a0de ECOLED es una soluci\u00f3n robusta y segura para aplicaciones exigentes. Ofrece\u00a0protecci\u00f3n\u00a0avanzada contra\u00a0cortocircuitos, sobrecargas y sobretensiones, junto con un dise\u00f1o compacto y eficiente que garantiza un rendimiento estable y confiable en cualquier entorno. Perfecta para aplicaciones que requieren alta fiabilidad y seguridad el\u00e9ctrica.","og_url":"https:\/\/starlediluminacion.com\/fr\/product\/power-supply-professional-12v-36w-ecoled-ip67-tuv\/","og_site_name":"STARLED Iluminacion","article_modified_time":"2024-10-27T10:22:17+00:00","og_image":[{"width":744,"height":800,"url":"https:\/\/starlediluminacion.com\/wp-content\/uploads\/2024\/07\/fuente-alimentacion-profesional-12v-36w-ecoled-ip67-tuv.jpg","type":"image\/jpeg"}],"twitter_card":"summary_large_image","twitter_misc":{"Dur\u00e9e de lecture estim\u00e9e":"1 minute"},"schema":{"@context":"https:\/\/schema.org","@graph":[{"@type":"WebPage","@id":"https:\/\/starlediluminacion.com\/en\/product\/power-supply-professional-12v-36w-ecoled-ip67-tuv\/","url":"https:\/\/starlediluminacion.com\/en\/product\/power-supply-professional-12v-36w-ecoled-ip67-tuv\/","name":"Fuente Alimentaci\u00f3n PROFESIONAL 12V 36W - ECOLED - IP67 - T\u00dcV - STARLED Iluminacion","isPartOf":{"@id":"https:\/\/starlediluminacion.com\/#website"},"primaryImageOfPage":{"@id":"https:\/\/starlediluminacion.com\/en\/product\/power-supply-professional-12v-36w-ecoled-ip67-tuv\/#primaryimage"},"image":{"@id":"https:\/\/starlediluminacion.com\/en\/product\/power-supply-professional-12v-36w-ecoled-ip67-tuv\/#primaryimage"},"thumbnailUrl":"https:\/\/starlediluminacion.com\/wp-content\/uploads\/2024\/07\/fuente-alimentacion-profesional-12v-36w-ecoled-ip67-tuv.jpg","datePublished":"2024-07-07T11:16:07+00:00","dateModified":"2024-10-27T10:22:17+00:00","breadcrumb":{"@id":"https:\/\/starlediluminacion.com\/en\/product\/power-supply-professional-12v-36w-ecoled-ip67-tuv\/#breadcrumb"},"inLanguage":"fr-FR","potentialAction":[{"@type":"ReadAction","target":["https:\/\/starlediluminacion.com\/en\/product\/power-supply-professional-12v-36w-ecoled-ip67-tuv\/"]}]},{"@type":"ImageObject","inLanguage":"fr-FR","@id":"https:\/\/starlediluminacion.com\/en\/product\/power-supply-professional-12v-36w-ecoled-ip67-tuv\/#primaryimage","url":"https:\/\/starlediluminacion.com\/wp-content\/uploads\/2024\/07\/fuente-alimentacion-profesional-12v-36w-ecoled-ip67-tuv.jpg","contentUrl":"https:\/\/starlediluminacion.com\/wp-content\/uploads\/2024\/07\/fuente-alimentacion-profesional-12v-36w-ecoled-ip67-tuv.jpg","width":744,"height":800},{"@type":"BreadcrumbList","@id":"https:\/\/starlediluminacion.com\/en\/product\/power-supply-professional-12v-36w-ecoled-ip67-tuv\/#breadcrumb","itemListElement":[{"@type":"ListItem","position":1,"name":"Portada","item":"https:\/\/starlediluminacion.com\/"},{"@type":"ListItem","position":2,"name":"Shop","item":"https:\/\/starlediluminacion.com\/shop-2\/"},{"@type":"ListItem","position":3,"name":"Fuente Alimentaci\u00f3n PROFESIONAL 12V 36W &#8211; ECOLED &#8211; IP67 &#8211; T\u00dcV"}]},{"@type":"WebSite","@id":"https:\/\/starlediluminacion.com\/#website","url":"https:\/\/starlediluminacion.com\/","name":"STARLED Iluminacion","description":"","potentialAction":[{"@type":"SearchAction","target":{"@type":"EntryPoint","urlTemplate":"https:\/\/starlediluminacion.com\/?s={search_term_string}"},"query-input":{"@type":"PropertyValueSpecification","valueRequired":true,"valueName":"search_term_string"}}],"inLanguage":"fr-FR"}]}},"_links":{"self":[{"href":"https:\/\/starlediluminacion.com\/fr\/wp-json\/wp\/v3\/product\/13424","targetHints":{"allow":["GET"]}}],"collection":[{"href":"https:\/\/starlediluminacion.com\/fr\/wp-json\/wp\/v3\/product"}],"about":[{"href":"https:\/\/starlediluminacion.com\/fr\/wp-json\/wp\/v2\/types\/product"}],"wp:featuredmedia":[{"embeddable":true,"href":"https:\/\/starlediluminacion.com\/fr\/wp-json\/wp\/v2\/media\/13429"}],"wp:attachment":[{"href":"https:\/\/starlediluminacion.com\/fr\/wp-json\/wp\/v2\/media?parent=13424"}],"wp:term":[{"taxonomy":"product_cat","embeddable":true,"href":"https:\/\/starlediluminacion.com\/fr\/wp-json\/wp\/v2\/product_cat?post=13424"},{"taxonomy":"product_tag","embeddable":true,"href":"https:\/\/starlediluminacion.com\/fr\/wp-json\/wp\/v2\/product_tag?post=13424"}],"curies":[{"name":"wp","href":"https:\/\/api.w.org\/{rel}","templated":true}]}}